{"id":108999,"date":"2025-09-10T14:04:04","date_gmt":"2025-09-10T12:04:04","guid":{"rendered":"https:\/\/letrame.com\/catalogo\/?post_type=product&#038;p=108999"},"modified":"2025-09-10T14:29:08","modified_gmt":"2025-09-10T12:29:08","slug":"no-hay-barreras","status":"publish","type":"product","link":"https:\/\/letrame.com\/catalogo\/producto\/no-hay-barreras\/","title":{"rendered":"No hay barreras"},"content":{"rendered":"<p class=\"p2\"><b>ISBN: <\/b>9791370127015<\/p>\n<p class=\"p2\"><b>T\u00edtulo: <\/b>No hay barreras: La historia de Cristina y Nacho con el TEA Mi experiencia como marido y padre<br \/>\n<b><br \/>\n<\/b><b>Fecha: <\/b>2025<b><\/b><\/p>\n<p><b>P\u00e1ginas: <\/b>98<\/p>\n<p class=\"p2\"><b>SINOPSIS<\/b><\/p>\n<p>Miguel \u00c1ngel Somoza Plaza no es psic\u00f3logo ni escritor. Es marido, padre y testigo de una historia que durante a\u00f1os no tuvo nombre.<br \/>\nEn No hay barreras, decide ponerle palabras a lo vivido junto a su esposa Cristina y su hijo Nacho, ambos con Trastorno del Espectro Autista.<br \/>\nEsta es la historia de una mujer brillante e incomprendida desde ni\u00f1a, marcada por la soledad, el abuso y el esfuerzo constante por parecer \u00abnormal\u00bb; y la de un ni\u00f1o diferente desde peque\u00f1o, que aprendi\u00f3 a hablar y a sentir a su manera, y al que muchos no supieron ver.<br \/>\nMiguel \u00c1ngel relata lo que signific\u00f3 convivir durante d\u00e9cadas con lo que no se entend\u00eda, y c\u00f3mo un diagn\u00f3stico tard\u00edo cambi\u00f3 la forma de mirar y la de querer. El libro recoge tambi\u00e9n informaci\u00f3n sobre el TEA, explicada con sencillez, desde la mirada de quien ha vivido cada l\u00ednea.<br \/>\nUn testimonio sincero, emotivo y necesario, para quienes alguna vez se han sentido fuera de lugar o han amado a alguien que el mundo no supo entender.<b><br \/>\n<\/b><\/p>\n","protected":false},"excerpt":{"rendered":"<p><b>ISBN: <\/b>9791370127015<b><\/b><\/p>\n<p><strong>SINOPSIS<\/strong><\/p>\n<p>Miguel \u00c1ngel Somoza Plaza no es psic\u00f3logo ni escritor. Es marido, padre y testigo de una historia que durante a\u00f1os no tuvo nombre.<br \/>\nEn No hay barreras, decide ponerle palabras a lo vivido junto a su esposa Cristina y su hijo Nacho, ambos con Trastorno del Espectro Autista.<br \/>\nEsta es la historia de una mujer brillante e incomprendida desde ni\u00f1a, marcada por la soledad, el abuso y el esfuerzo constante por parecer \u00abnormal\u00bb; y la de un ni\u00f1o diferente desde peque\u00f1o, que aprendi\u00f3 a hablar y a sentir a su manera, y al que muchos no supieron ver.<br \/>\nMiguel \u00c1ngel relata lo que signific\u00f3 convivir durante d\u00e9cadas con lo que no se entend\u00eda, y c\u00f3mo un diagn\u00f3stico tard\u00edo cambi\u00f3 la forma de mirar y la de querer. El libro recoge tambi\u00e9n informaci\u00f3n sobre el TEA, explicada con sencillez, desde la mirada de quien ha vivido cada l\u00ednea.<br \/>\nUn testimonio sincero, emotivo y necesario, para quienes alguna vez se han sentido fuera de lugar o han amado a alguien que el mundo no supo entender.<\/p>\n","protected":false},"featured_media":109001,"comment_status":"open","ping_status":"closed","template":"","meta":{"_acf_changed":false},"libro":[],"product_brand":[],"product_cat":[124],"product_tag":[],"class_list":{"0":"post-108999","1":"product","2":"type-product","3":"status-publish","4":"has-post-thumbnail","6":"product_cat-psicologia","8":"first","9":"instock","10":"shipping-taxable","11":"product-type-simple"},"acf":{"autor":[109000],"enlace_de_compra":"https:\/\/www.amazon.es\/dp\/B0FM7CW8PH"},"yoast_head":"<!-- This site is optimized with the Yoast SEO plugin v26.6 - https:\/\/yoast.com\/wordpress\/plugins\/seo\/ -->\n<title>No hay barreras - Catalogo | Letrame Grupo Editorial<\/title>\n<meta name=\"robots\" content=\"index, follow, max-snippet:-1, max-image-preview:large, max-video-preview:-1\" \/>\n<link rel=\"canonical\" href=\"https:\/\/letrame.com\/catalogo\/producto\/no-hay-barreras\/\" \/>\n<meta property=\"og:locale\" content=\"es_ES\" \/>\n<meta property=\"og:type\" content=\"article\" \/>\n<meta property=\"og:title\" content=\"No hay barreras - Catalogo | Letrame Grupo Editorial\" \/>\n<meta property=\"og:description\" content=\"ISBN: 9791370127015  SINOPSIS  Miguel \u00c1ngel Somoza Plaza no es psic\u00f3logo ni escritor. Es marido, padre y testigo de una historia que durante a\u00f1os no tuvo nombre. En No hay barreras, decide ponerle palabras a lo vivido junto a su esposa Cristina y su hijo Nacho, ambos con Trastorno del Espectro Autista. Esta es la historia de una mujer brillante e incomprendida desde ni\u00f1a, marcada por la soledad, el abuso y el esfuerzo constante por parecer \u00abnormal\u00bb; y la de un ni\u00f1o diferente desde peque\u00f1o, que aprendi\u00f3 a hablar y a sentir a su manera, y al que muchos no supieron ver. Miguel \u00c1ngel relata lo que signific\u00f3 convivir durante d\u00e9cadas con lo que no se entend\u00eda, y c\u00f3mo un diagn\u00f3stico tard\u00edo cambi\u00f3 la forma de mirar y la de querer. El libro recoge tambi\u00e9n informaci\u00f3n sobre el TEA, explicada con sencillez, desde la mirada de quien ha vivido cada l\u00ednea. Un testimonio sincero, emotivo y necesario, para quienes alguna vez se han sentido fuera de lugar o han amado a alguien que el mundo no supo entender.\" \/>\n<meta property=\"og:url\" content=\"https:\/\/letrame.com\/catalogo\/producto\/no-hay-barreras\/\" \/>\n<meta property=\"og:site_name\" content=\"Catalogo | Letrame Grupo Editorial\" \/>\n<meta property=\"article:modified_time\" content=\"2025-09-10T12:29:08+00:00\" \/>\n<meta property=\"og:image\" content=\"https:\/\/letrame.com\/catalogo\/wp-content\/uploads\/2025\/09\/nohaybarreras_56mm4.jpg\" \/>\n\t<meta property=\"og:image:width\" content=\"354\" \/>\n\t<meta property=\"og:image:height\" content=\"520\" \/>\n\t<meta property=\"og:image:type\" content=\"image\/jpeg\" \/>\n<meta name=\"twitter:card\" content=\"summary_large_image\" \/>\n<meta name=\"twitter:label1\" content=\"Tiempo de lectura\" \/>\n\t<meta name=\"twitter:data1\" content=\"2 minutos\" \/>\n<script type=\"application\/ld+json\" class=\"yoast-schema-graph\">{\"@context\":\"https:\/\/schema.org\",\"@graph\":[{\"@type\":\"WebPage\",\"@id\":\"https:\/\/letrame.com\/catalogo\/producto\/no-hay-barreras\/\",\"url\":\"https:\/\/letrame.com\/catalogo\/producto\/no-hay-barreras\/\",\"name\":\"No hay barreras - Catalogo | Letrame Grupo Editorial\",\"isPartOf\":{\"@id\":\"https:\/\/letrame.com\/catalogo\/#website\"},\"primaryImageOfPage\":{\"@id\":\"https:\/\/letrame.com\/catalogo\/producto\/no-hay-barreras\/#primaryimage\"},\"image\":{\"@id\":\"https:\/\/letrame.com\/catalogo\/producto\/no-hay-barreras\/#primaryimage\"},\"thumbnailUrl\":\"https:\/\/letrame.com\/catalogo\/wp-content\/uploads\/2025\/09\/nohaybarreras_56mm4.jpg\",\"datePublished\":\"2025-09-10T12:04:04+00:00\",\"dateModified\":\"2025-09-10T12:29:08+00:00\",\"breadcrumb\":{\"@id\":\"https:\/\/letrame.com\/catalogo\/producto\/no-hay-barreras\/#breadcrumb\"},\"inLanguage\":\"es\",\"potentialAction\":[{\"@type\":\"ReadAction\",\"target\":[\"https:\/\/letrame.com\/catalogo\/producto\/no-hay-barreras\/\"]}]},{\"@type\":\"ImageObject\",\"inLanguage\":\"es\",\"@id\":\"https:\/\/letrame.com\/catalogo\/producto\/no-hay-barreras\/#primaryimage\",\"url\":\"https:\/\/letrame.com\/catalogo\/wp-content\/uploads\/2025\/09\/nohaybarreras_56mm4.jpg\",\"contentUrl\":\"https:\/\/letrame.com\/catalogo\/wp-content\/uploads\/2025\/09\/nohaybarreras_56mm4.jpg\",\"width\":354,\"height\":520},{\"@type\":\"BreadcrumbList\",\"@id\":\"https:\/\/letrame.com\/catalogo\/producto\/no-hay-barreras\/#breadcrumb\",\"itemListElement\":[{\"@type\":\"ListItem\",\"position\":1,\"name\":\"Portada\",\"item\":\"https:\/\/letrame.com\/catalogo\/\"},{\"@type\":\"ListItem\",\"position\":2,\"name\":\"Cat\u00e1logo\",\"item\":\"https:\/\/letrame.com\/catalogo\/\"},{\"@type\":\"ListItem\",\"position\":3,\"name\":\"No hay barreras\"}]},{\"@type\":\"WebSite\",\"@id\":\"https:\/\/letrame.com\/catalogo\/#website\",\"url\":\"https:\/\/letrame.com\/catalogo\/\",\"name\":\"Catalogo | Letrame Grupo Editorial\",\"description\":\"\",\"publisher\":{\"@id\":\"https:\/\/letrame.com\/catalogo\/#organization\"},\"potentialAction\":[{\"@type\":\"SearchAction\",\"target\":{\"@type\":\"EntryPoint\",\"urlTemplate\":\"https:\/\/letrame.com\/catalogo\/?s={search_term_string}\"},\"query-input\":{\"@type\":\"PropertyValueSpecification\",\"valueRequired\":true,\"valueName\":\"search_term_string\"}}],\"inLanguage\":\"es\"},{\"@type\":\"Organization\",\"@id\":\"https:\/\/letrame.com\/catalogo\/#organization\",\"name\":\"Catalogo | Letrame Grupo Editorial\",\"url\":\"https:\/\/letrame.com\/catalogo\/\",\"logo\":{\"@type\":\"ImageObject\",\"inLanguage\":\"es\",\"@id\":\"https:\/\/letrame.com\/catalogo\/#\/schema\/logo\/image\/\",\"url\":\"https:\/\/letrame.com\/catalogo\/wp-content\/uploads\/2024\/03\/logo2.webp\",\"contentUrl\":\"https:\/\/letrame.com\/catalogo\/wp-content\/uploads\/2024\/03\/logo2.webp\",\"width\":394,\"height\":128,\"caption\":\"Catalogo | Letrame Grupo Editorial\"},\"image\":{\"@id\":\"https:\/\/letrame.com\/catalogo\/#\/schema\/logo\/image\/\"}}]}<\/script>\n<!-- \/ Yoast SEO plugin. -->","yoast_head_json":{"title":"No hay barreras - Catalogo | Letrame Grupo Editorial","robots":{"index":"index","follow":"follow","max-snippet":"max-snippet:-1","max-image-preview":"max-image-preview:large","max-video-preview":"max-video-preview:-1"},"canonical":"https:\/\/letrame.com\/catalogo\/producto\/no-hay-barreras\/","og_locale":"es_ES","og_type":"article","og_title":"No hay barreras - Catalogo | Letrame Grupo Editorial","og_description":"ISBN: 9791370127015  SINOPSIS  Miguel \u00c1ngel Somoza Plaza no es psic\u00f3logo ni escritor. Es marido, padre y testigo de una historia que durante a\u00f1os no tuvo nombre. En No hay barreras, decide ponerle palabras a lo vivido junto a su esposa Cristina y su hijo Nacho, ambos con Trastorno del Espectro Autista. Esta es la historia de una mujer brillante e incomprendida desde ni\u00f1a, marcada por la soledad, el abuso y el esfuerzo constante por parecer \u00abnormal\u00bb; y la de un ni\u00f1o diferente desde peque\u00f1o, que aprendi\u00f3 a hablar y a sentir a su manera, y al que muchos no supieron ver. Miguel \u00c1ngel relata lo que signific\u00f3 convivir durante d\u00e9cadas con lo que no se entend\u00eda, y c\u00f3mo un diagn\u00f3stico tard\u00edo cambi\u00f3 la forma de mirar y la de querer. El libro recoge tambi\u00e9n informaci\u00f3n sobre el TEA, explicada con sencillez, desde la mirada de quien ha vivido cada l\u00ednea. Un testimonio sincero, emotivo y necesario, para quienes alguna vez se han sentido fuera de lugar o han amado a alguien que el mundo no supo entender.","og_url":"https:\/\/letrame.com\/catalogo\/producto\/no-hay-barreras\/","og_site_name":"Catalogo | Letrame Grupo Editorial","article_modified_time":"2025-09-10T12:29:08+00:00","og_image":[{"width":354,"height":520,"url":"https:\/\/letrame.com\/catalogo\/wp-content\/uploads\/2025\/09\/nohaybarreras_56mm4.jpg","type":"image\/jpeg"}],"twitter_card":"summary_large_image","twitter_misc":{"Tiempo de lectura":"2 minutos"},"schema":{"@context":"https:\/\/schema.org","@graph":[{"@type":"WebPage","@id":"https:\/\/letrame.com\/catalogo\/producto\/no-hay-barreras\/","url":"https:\/\/letrame.com\/catalogo\/producto\/no-hay-barreras\/","name":"No hay barreras - Catalogo | Letrame Grupo Editorial","isPartOf":{"@id":"https:\/\/letrame.com\/catalogo\/#website"},"primaryImageOfPage":{"@id":"https:\/\/letrame.com\/catalogo\/producto\/no-hay-barreras\/#primaryimage"},"image":{"@id":"https:\/\/letrame.com\/catalogo\/producto\/no-hay-barreras\/#primaryimage"},"thumbnailUrl":"https:\/\/letrame.com\/catalogo\/wp-content\/uploads\/2025\/09\/nohaybarreras_56mm4.jpg","datePublished":"2025-09-10T12:04:04+00:00","dateModified":"2025-09-10T12:29:08+00:00","breadcrumb":{"@id":"https:\/\/letrame.com\/catalogo\/producto\/no-hay-barreras\/#breadcrumb"},"inLanguage":"es","potentialAction":[{"@type":"ReadAction","target":["https:\/\/letrame.com\/catalogo\/producto\/no-hay-barreras\/"]}]},{"@type":"ImageObject","inLanguage":"es","@id":"https:\/\/letrame.com\/catalogo\/producto\/no-hay-barreras\/#primaryimage","url":"https:\/\/letrame.com\/catalogo\/wp-content\/uploads\/2025\/09\/nohaybarreras_56mm4.jpg","contentUrl":"https:\/\/letrame.com\/catalogo\/wp-content\/uploads\/2025\/09\/nohaybarreras_56mm4.jpg","width":354,"height":520},{"@type":"BreadcrumbList","@id":"https:\/\/letrame.com\/catalogo\/producto\/no-hay-barreras\/#breadcrumb","itemListElement":[{"@type":"ListItem","position":1,"name":"Portada","item":"https:\/\/letrame.com\/catalogo\/"},{"@type":"ListItem","position":2,"name":"Cat\u00e1logo","item":"https:\/\/letrame.com\/catalogo\/"},{"@type":"ListItem","position":3,"name":"No hay barreras"}]},{"@type":"WebSite","@id":"https:\/\/letrame.com\/catalogo\/#website","url":"https:\/\/letrame.com\/catalogo\/","name":"Catalogo | Letrame Grupo Editorial","description":"","publisher":{"@id":"https:\/\/letrame.com\/catalogo\/#organization"},"potentialAction":[{"@type":"SearchAction","target":{"@type":"EntryPoint","urlTemplate":"https:\/\/letrame.com\/catalogo\/?s={search_term_string}"},"query-input":{"@type":"PropertyValueSpecification","valueRequired":true,"valueName":"search_term_string"}}],"inLanguage":"es"},{"@type":"Organization","@id":"https:\/\/letrame.com\/catalogo\/#organization","name":"Catalogo | Letrame Grupo Editorial","url":"https:\/\/letrame.com\/catalogo\/","logo":{"@type":"ImageObject","inLanguage":"es","@id":"https:\/\/letrame.com\/catalogo\/#\/schema\/logo\/image\/","url":"https:\/\/letrame.com\/catalogo\/wp-content\/uploads\/2024\/03\/logo2.webp","contentUrl":"https:\/\/letrame.com\/catalogo\/wp-content\/uploads\/2024\/03\/logo2.webp","width":394,"height":128,"caption":"Catalogo | Letrame Grupo Editorial"},"image":{"@id":"https:\/\/letrame.com\/catalogo\/#\/schema\/logo\/image\/"}}]}},"_links":{"self":[{"href":"https:\/\/letrame.com\/catalogo\/wp-json\/wp\/v2\/product\/108999","targetHints":{"allow":["GET"]}}],"collection":[{"href":"https:\/\/letrame.com\/catalogo\/wp-json\/wp\/v2\/product"}],"about":[{"href":"https:\/\/letrame.com\/catalogo\/wp-json\/wp\/v2\/types\/product"}],"replies":[{"embeddable":true,"href":"https:\/\/letrame.com\/catalogo\/wp-json\/wp\/v2\/comments?post=108999"}],"acf:post":[{"embeddable":true,"href":"https:\/\/letrame.com\/catalogo\/wp-json\/wp\/v2\/author_book\/109000"}],"wp:featuredmedia":[{"embeddable":true,"href":"https:\/\/letrame.com\/catalogo\/wp-json\/wp\/v2\/media\/109001"}],"wp:attachment":[{"href":"https:\/\/letrame.com\/catalogo\/wp-json\/wp\/v2\/media?parent=108999"}],"wp:term":[{"taxonomy":"libro","embeddable":true,"href":"https:\/\/letrame.com\/catalogo\/wp-json\/wp\/v2\/libro?post=108999"},{"taxonomy":"product_brand","embeddable":true,"href":"https:\/\/letrame.com\/catalogo\/wp-json\/wp\/v2\/product_brand?post=108999"},{"taxonomy":"product_cat","embeddable":true,"href":"https:\/\/letrame.com\/catalogo\/wp-json\/wp\/v2\/product_cat?post=108999"},{"taxonomy":"product_tag","embeddable":true,"href":"https:\/\/letrame.com\/catalogo\/wp-json\/wp\/v2\/product_tag?post=108999"}],"curies":[{"name":"wp","href":"https:\/\/api.w.org\/{rel}","templated":true}]}}