{"id":108983,"date":"2025-09-10T13:19:47","date_gmt":"2025-09-10T11:19:47","guid":{"rendered":"https:\/\/letrame.com\/catalogo\/?post_type=product&#038;p=108983"},"modified":"2025-09-10T13:21:25","modified_gmt":"2025-09-10T11:21:25","slug":"el-reino-del-sol-la-espada-del-espiritu","status":"publish","type":"product","link":"https:\/\/letrame.com\/catalogo\/producto\/el-reino-del-sol-la-espada-del-espiritu\/","title":{"rendered":"El reino del sol: La espada del esp\u00edritu"},"content":{"rendered":"<p class=\"p2\"><b>ISBN: <\/b>9791370126247<\/p>\n<p class=\"p2\"><b>T\u00edtulo: <\/b>El reino del sol: La espada del esp\u00edritu<b><\/b><\/p>\n<p><b>Fecha: <\/b>2025<b><\/b><\/p>\n<p><b>P\u00e1ginas: <\/b>176<\/p>\n<p class=\"p2\"><b>SINOPSIS<br \/>\n<\/b><br \/>\nTodas las tragedias implican dolor, p\u00e9rdida y soledad; sin embargo, los j\u00f3venes Hugo y Elena iban a descubrir que perder a sus padres se traducir\u00eda tambi\u00e9n en el mayor misterio jam\u00e1s imaginable.<br \/>\nAcogidos en la mansi\u00f3n de su abuelo Tom\u00e1s por obligaci\u00f3n, encuentran una realidad mucho m\u00e1s temible que el propio duelo: Un malet\u00edn, un mundo fant\u00e1stico por descifrar, un secreto escondido durante a\u00f1os, una misi\u00f3n y la milenaria lucha entre la luz y la oscuridad a punto de cambiar sus destinos para siempre.<b><br \/>\n<\/b><\/p>\n","protected":false},"excerpt":{"rendered":"<p><b>ISBN: <\/b>9791370126247<\/p>\n<p><b>SINOPSIS<br \/>\n<\/b><br \/>\nTodas las tragedias implican dolor, p\u00e9rdida y soledad; sin embargo, los j\u00f3venes Hugo y Elena iban a descubrir que perder a sus padres se traducir\u00eda tambi\u00e9n en el mayor misterio jam\u00e1s imaginable.<br \/>\nAcogidos en la mansi\u00f3n de su abuelo Tom\u00e1s por obligaci\u00f3n, encuentran una realidad mucho m\u00e1s temible que el propio duelo: Un malet\u00edn, un mundo fant\u00e1stico por descifrar, un secreto escondido durante a\u00f1os, una misi\u00f3n y la milenaria lucha entre la luz y la oscuridad a punto de cambiar sus destinos para siempre.<\/p>\n","protected":false},"featured_media":108984,"comment_status":"open","ping_status":"closed","template":"","meta":{"_acf_changed":false},"libro":[],"product_brand":[],"product_cat":[118],"product_tag":[],"class_list":{"0":"post-108983","1":"product","2":"type-product","3":"status-publish","4":"has-post-thumbnail","6":"product_cat-fantasia","8":"first","9":"instock","10":"shipping-taxable","11":"product-type-simple"},"acf":{"autor":[108985],"enlace_de_compra":"https:\/\/www.amazon.es\/dp\/B0FM71P9YS"},"yoast_head":"<!-- This site is optimized with the Yoast SEO plugin v27.4 - https:\/\/yoast.com\/product\/yoast-seo-wordpress\/ -->\n<title>El reino del sol: La espada del esp\u00edritu - Catalogo | Letrame Grupo Editorial<\/title>\n<meta name=\"robots\" content=\"index, follow, max-snippet:-1, max-image-preview:large, max-video-preview:-1\" \/>\n<link rel=\"canonical\" href=\"https:\/\/letrame.com\/catalogo\/producto\/el-reino-del-sol-la-espada-del-espiritu\/\" \/>\n<meta property=\"og:locale\" content=\"es_ES\" \/>\n<meta property=\"og:type\" content=\"article\" \/>\n<meta property=\"og:title\" content=\"El reino del sol: La espada del esp\u00edritu - Catalogo | Letrame Grupo Editorial\" \/>\n<meta property=\"og:description\" content=\"ISBN: 9791370126247  SINOPSIS  Todas las tragedias implican dolor, p\u00e9rdida y soledad; sin embargo, los j\u00f3venes Hugo y Elena iban a descubrir que perder a sus padres se traducir\u00eda tambi\u00e9n en el mayor misterio jam\u00e1s imaginable. Acogidos en la mansi\u00f3n de su abuelo Tom\u00e1s por obligaci\u00f3n, encuentran una realidad mucho m\u00e1s temible que el propio duelo: Un malet\u00edn, un mundo fant\u00e1stico por descifrar, un secreto escondido durante a\u00f1os, una misi\u00f3n y la milenaria lucha entre la luz y la oscuridad a punto de cambiar sus destinos para siempre.\" \/>\n<meta property=\"og:url\" content=\"https:\/\/letrame.com\/catalogo\/producto\/el-reino-del-sol-la-espada-del-espiritu\/\" \/>\n<meta property=\"og:site_name\" content=\"Catalogo | Letrame Grupo Editorial\" \/>\n<meta property=\"article:modified_time\" content=\"2025-09-10T11:21:25+00:00\" \/>\n<meta property=\"og:image\" content=\"https:\/\/letrame.com\/catalogo\/wp-content\/uploads\/2025\/09\/Elreinodelsol_9.19mm4.jpg\" \/>\n\t<meta property=\"og:image:width\" content=\"425\" \/>\n\t<meta property=\"og:image:height\" content=\"624\" \/>\n\t<meta property=\"og:image:type\" content=\"image\/jpeg\" \/>\n<meta name=\"twitter:card\" content=\"summary_large_image\" \/>\n<meta name=\"twitter:label1\" content=\"Tiempo de lectura\" \/>\n\t<meta name=\"twitter:data1\" content=\"1 minuto\" \/>\n<script type=\"application\/ld+json\" class=\"yoast-schema-graph\">{\"@context\":\"https:\\\/\\\/schema.org\",\"@graph\":[{\"@type\":\"WebPage\",\"@id\":\"https:\\\/\\\/letrame.com\\\/catalogo\\\/producto\\\/el-reino-del-sol-la-espada-del-espiritu\\\/\",\"url\":\"https:\\\/\\\/letrame.com\\\/catalogo\\\/producto\\\/el-reino-del-sol-la-espada-del-espiritu\\\/\",\"name\":\"El reino del sol: La espada del esp\u00edritu - Catalogo | Letrame Grupo Editorial\",\"isPartOf\":{\"@id\":\"https:\\\/\\\/letrame.com\\\/catalogo\\\/#website\"},\"primaryImageOfPage\":{\"@id\":\"https:\\\/\\\/letrame.com\\\/catalogo\\\/producto\\\/el-reino-del-sol-la-espada-del-espiritu\\\/#primaryimage\"},\"image\":{\"@id\":\"https:\\\/\\\/letrame.com\\\/catalogo\\\/producto\\\/el-reino-del-sol-la-espada-del-espiritu\\\/#primaryimage\"},\"thumbnailUrl\":\"https:\\\/\\\/letrame.com\\\/catalogo\\\/wp-content\\\/uploads\\\/2025\\\/09\\\/Elreinodelsol_9.19mm4.jpg\",\"datePublished\":\"2025-09-10T11:19:47+00:00\",\"dateModified\":\"2025-09-10T11:21:25+00:00\",\"breadcrumb\":{\"@id\":\"https:\\\/\\\/letrame.com\\\/catalogo\\\/producto\\\/el-reino-del-sol-la-espada-del-espiritu\\\/#breadcrumb\"},\"inLanguage\":\"es\",\"potentialAction\":[{\"@type\":\"ReadAction\",\"target\":[\"https:\\\/\\\/letrame.com\\\/catalogo\\\/producto\\\/el-reino-del-sol-la-espada-del-espiritu\\\/\"]}]},{\"@type\":\"ImageObject\",\"inLanguage\":\"es\",\"@id\":\"https:\\\/\\\/letrame.com\\\/catalogo\\\/producto\\\/el-reino-del-sol-la-espada-del-espiritu\\\/#primaryimage\",\"url\":\"https:\\\/\\\/letrame.com\\\/catalogo\\\/wp-content\\\/uploads\\\/2025\\\/09\\\/Elreinodelsol_9.19mm4.jpg\",\"contentUrl\":\"https:\\\/\\\/letrame.com\\\/catalogo\\\/wp-content\\\/uploads\\\/2025\\\/09\\\/Elreinodelsol_9.19mm4.jpg\",\"width\":425,\"height\":624},{\"@type\":\"BreadcrumbList\",\"@id\":\"https:\\\/\\\/letrame.com\\\/catalogo\\\/producto\\\/el-reino-del-sol-la-espada-del-espiritu\\\/#breadcrumb\",\"itemListElement\":[{\"@type\":\"ListItem\",\"position\":1,\"name\":\"Portada\",\"item\":\"https:\\\/\\\/letrame.com\\\/catalogo\\\/\"},{\"@type\":\"ListItem\",\"position\":2,\"name\":\"Cat\u00e1logo\",\"item\":\"https:\\\/\\\/letrame.com\\\/catalogo\\\/\"},{\"@type\":\"ListItem\",\"position\":3,\"name\":\"El reino del sol: La espada del esp\u00edritu\"}]},{\"@type\":\"WebSite\",\"@id\":\"https:\\\/\\\/letrame.com\\\/catalogo\\\/#website\",\"url\":\"https:\\\/\\\/letrame.com\\\/catalogo\\\/\",\"name\":\"Catalogo | Letrame Grupo Editorial\",\"description\":\"\",\"publisher\":{\"@id\":\"https:\\\/\\\/letrame.com\\\/catalogo\\\/#organization\"},\"potentialAction\":[{\"@type\":\"SearchAction\",\"target\":{\"@type\":\"EntryPoint\",\"urlTemplate\":\"https:\\\/\\\/letrame.com\\\/catalogo\\\/?s={search_term_string}\"},\"query-input\":{\"@type\":\"PropertyValueSpecification\",\"valueRequired\":true,\"valueName\":\"search_term_string\"}}],\"inLanguage\":\"es\"},{\"@type\":\"Organization\",\"@id\":\"https:\\\/\\\/letrame.com\\\/catalogo\\\/#organization\",\"name\":\"Catalogo | Letrame Grupo Editorial\",\"url\":\"https:\\\/\\\/letrame.com\\\/catalogo\\\/\",\"logo\":{\"@type\":\"ImageObject\",\"inLanguage\":\"es\",\"@id\":\"https:\\\/\\\/letrame.com\\\/catalogo\\\/#\\\/schema\\\/logo\\\/image\\\/\",\"url\":\"https:\\\/\\\/letrame.com\\\/catalogo\\\/wp-content\\\/uploads\\\/2024\\\/03\\\/logo2.webp\",\"contentUrl\":\"https:\\\/\\\/letrame.com\\\/catalogo\\\/wp-content\\\/uploads\\\/2024\\\/03\\\/logo2.webp\",\"width\":394,\"height\":128,\"caption\":\"Catalogo | Letrame Grupo Editorial\"},\"image\":{\"@id\":\"https:\\\/\\\/letrame.com\\\/catalogo\\\/#\\\/schema\\\/logo\\\/image\\\/\"}}]}<\/script>\n<!-- \/ Yoast SEO plugin. -->","yoast_head_json":{"title":"El reino del sol: La espada del esp\u00edritu - Catalogo | Letrame Grupo Editorial","robots":{"index":"index","follow":"follow","max-snippet":"max-snippet:-1","max-image-preview":"max-image-preview:large","max-video-preview":"max-video-preview:-1"},"canonical":"https:\/\/letrame.com\/catalogo\/producto\/el-reino-del-sol-la-espada-del-espiritu\/","og_locale":"es_ES","og_type":"article","og_title":"El reino del sol: La espada del esp\u00edritu - Catalogo | Letrame Grupo Editorial","og_description":"ISBN: 9791370126247  SINOPSIS  Todas las tragedias implican dolor, p\u00e9rdida y soledad; sin embargo, los j\u00f3venes Hugo y Elena iban a descubrir que perder a sus padres se traducir\u00eda tambi\u00e9n en el mayor misterio jam\u00e1s imaginable. Acogidos en la mansi\u00f3n de su abuelo Tom\u00e1s por obligaci\u00f3n, encuentran una realidad mucho m\u00e1s temible que el propio duelo: Un malet\u00edn, un mundo fant\u00e1stico por descifrar, un secreto escondido durante a\u00f1os, una misi\u00f3n y la milenaria lucha entre la luz y la oscuridad a punto de cambiar sus destinos para siempre.","og_url":"https:\/\/letrame.com\/catalogo\/producto\/el-reino-del-sol-la-espada-del-espiritu\/","og_site_name":"Catalogo | Letrame Grupo Editorial","article_modified_time":"2025-09-10T11:21:25+00:00","og_image":[{"width":425,"height":624,"url":"https:\/\/letrame.com\/catalogo\/wp-content\/uploads\/2025\/09\/Elreinodelsol_9.19mm4.jpg","type":"image\/jpeg"}],"twitter_card":"summary_large_image","twitter_misc":{"Tiempo de lectura":"1 minuto"},"schema":{"@context":"https:\/\/schema.org","@graph":[{"@type":"WebPage","@id":"https:\/\/letrame.com\/catalogo\/producto\/el-reino-del-sol-la-espada-del-espiritu\/","url":"https:\/\/letrame.com\/catalogo\/producto\/el-reino-del-sol-la-espada-del-espiritu\/","name":"El reino del sol: La espada del esp\u00edritu - Catalogo | Letrame Grupo Editorial","isPartOf":{"@id":"https:\/\/letrame.com\/catalogo\/#website"},"primaryImageOfPage":{"@id":"https:\/\/letrame.com\/catalogo\/producto\/el-reino-del-sol-la-espada-del-espiritu\/#primaryimage"},"image":{"@id":"https:\/\/letrame.com\/catalogo\/producto\/el-reino-del-sol-la-espada-del-espiritu\/#primaryimage"},"thumbnailUrl":"https:\/\/letrame.com\/catalogo\/wp-content\/uploads\/2025\/09\/Elreinodelsol_9.19mm4.jpg","datePublished":"2025-09-10T11:19:47+00:00","dateModified":"2025-09-10T11:21:25+00:00","breadcrumb":{"@id":"https:\/\/letrame.com\/catalogo\/producto\/el-reino-del-sol-la-espada-del-espiritu\/#breadcrumb"},"inLanguage":"es","potentialAction":[{"@type":"ReadAction","target":["https:\/\/letrame.com\/catalogo\/producto\/el-reino-del-sol-la-espada-del-espiritu\/"]}]},{"@type":"ImageObject","inLanguage":"es","@id":"https:\/\/letrame.com\/catalogo\/producto\/el-reino-del-sol-la-espada-del-espiritu\/#primaryimage","url":"https:\/\/letrame.com\/catalogo\/wp-content\/uploads\/2025\/09\/Elreinodelsol_9.19mm4.jpg","contentUrl":"https:\/\/letrame.com\/catalogo\/wp-content\/uploads\/2025\/09\/Elreinodelsol_9.19mm4.jpg","width":425,"height":624},{"@type":"BreadcrumbList","@id":"https:\/\/letrame.com\/catalogo\/producto\/el-reino-del-sol-la-espada-del-espiritu\/#breadcrumb","itemListElement":[{"@type":"ListItem","position":1,"name":"Portada","item":"https:\/\/letrame.com\/catalogo\/"},{"@type":"ListItem","position":2,"name":"Cat\u00e1logo","item":"https:\/\/letrame.com\/catalogo\/"},{"@type":"ListItem","position":3,"name":"El reino del sol: La espada del esp\u00edritu"}]},{"@type":"WebSite","@id":"https:\/\/letrame.com\/catalogo\/#website","url":"https:\/\/letrame.com\/catalogo\/","name":"Catalogo | Letrame Grupo Editorial","description":"","publisher":{"@id":"https:\/\/letrame.com\/catalogo\/#organization"},"potentialAction":[{"@type":"SearchAction","target":{"@type":"EntryPoint","urlTemplate":"https:\/\/letrame.com\/catalogo\/?s={search_term_string}"},"query-input":{"@type":"PropertyValueSpecification","valueRequired":true,"valueName":"search_term_string"}}],"inLanguage":"es"},{"@type":"Organization","@id":"https:\/\/letrame.com\/catalogo\/#organization","name":"Catalogo | Letrame Grupo Editorial","url":"https:\/\/letrame.com\/catalogo\/","logo":{"@type":"ImageObject","inLanguage":"es","@id":"https:\/\/letrame.com\/catalogo\/#\/schema\/logo\/image\/","url":"https:\/\/letrame.com\/catalogo\/wp-content\/uploads\/2024\/03\/logo2.webp","contentUrl":"https:\/\/letrame.com\/catalogo\/wp-content\/uploads\/2024\/03\/logo2.webp","width":394,"height":128,"caption":"Catalogo | Letrame Grupo Editorial"},"image":{"@id":"https:\/\/letrame.com\/catalogo\/#\/schema\/logo\/image\/"}}]}},"_links":{"self":[{"href":"https:\/\/letrame.com\/catalogo\/wp-json\/wp\/v2\/product\/108983","targetHints":{"allow":["GET"]}}],"collection":[{"href":"https:\/\/letrame.com\/catalogo\/wp-json\/wp\/v2\/product"}],"about":[{"href":"https:\/\/letrame.com\/catalogo\/wp-json\/wp\/v2\/types\/product"}],"replies":[{"embeddable":true,"href":"https:\/\/letrame.com\/catalogo\/wp-json\/wp\/v2\/comments?post=108983"}],"acf:post":[{"embeddable":true,"href":"https:\/\/letrame.com\/catalogo\/wp-json\/wp\/v2\/author_book\/108985"}],"wp:featuredmedia":[{"embeddable":true,"href":"https:\/\/letrame.com\/catalogo\/wp-json\/wp\/v2\/media\/108984"}],"wp:attachment":[{"href":"https:\/\/letrame.com\/catalogo\/wp-json\/wp\/v2\/media?parent=108983"}],"wp:term":[{"taxonomy":"libro","embeddable":true,"href":"https:\/\/letrame.com\/catalogo\/wp-json\/wp\/v2\/libro?post=108983"},{"taxonomy":"product_brand","embeddable":true,"href":"https:\/\/letrame.com\/catalogo\/wp-json\/wp\/v2\/product_brand?post=108983"},{"taxonomy":"product_cat","embeddable":true,"href":"https:\/\/letrame.com\/catalogo\/wp-json\/wp\/v2\/product_cat?post=108983"},{"taxonomy":"product_tag","embeddable":true,"href":"https:\/\/letrame.com\/catalogo\/wp-json\/wp\/v2\/product_tag?post=108983"}],"curies":[{"name":"wp","href":"https:\/\/api.w.org\/{rel}","templated":true}]}}