{"id":108976,"date":"2025-09-09T16:14:32","date_gmt":"2025-09-09T14:14:32","guid":{"rendered":"https:\/\/letrame.com\/catalogo\/?post_type=product&#038;p=108976"},"modified":"2025-09-09T16:17:24","modified_gmt":"2025-09-09T14:17:24","slug":"la-cancion-de-elowen-un-encuentro-con-la-verdadera-esencia","status":"publish","type":"product","link":"https:\/\/letrame.com\/catalogo\/producto\/la-cancion-de-elowen-un-encuentro-con-la-verdadera-esencia\/","title":{"rendered":"La canci\u00f3n de Elowen: Un encuentro con la verdadera esencia"},"content":{"rendered":"<p class=\"p1\"><b>ISBN: <\/b>9791370126827<\/p>\n<p class=\"p1\"><b>T\u00edtulo: <\/b>La canci\u00f3n de Elowen: Un encuentro con la verdadera esencia<b><\/b><\/p>\n<p><b>Fecha: <\/b>2025<b><\/b><\/p>\n<p><b>P\u00e1ginas: <\/b>92<\/p>\n<p class=\"p1\"><b>SINOPSIS<\/b><\/p>\n<p>Elowen es una elfa que ha vivido siempre en armon\u00eda con su aldea, pero en lo profundo de su coraz\u00f3n, algo la llama m\u00e1s all\u00e1 del bosque conocido. Un mapa misterioso, una canci\u00f3n olvidada y una voz interior que no deja de cantar, le marcar\u00e1n el inicio de un viaje \u00fanico.<br \/>\nEn su camino encontrar\u00e1 desaf\u00edos, criaturas m\u00e1gicas, enga\u00f1os, y tambi\u00e9n verdades que solo nacen cuando una se atreve a seguir su propia luz.<br \/>\nLa Canci\u00f3n de Elowen es un cuento para quienes sienten que pertenecen a otro lugar, para los que alguna vez se han sentido distintos, y para quienes no han dejado de creer que lo invisible puede guiar el camino.<br \/>\n\u00bfY t\u00fa, ya descubriste cu\u00e1l es tu canci\u00f3n?<b><br \/>\n<\/b><\/p>\n","protected":false},"excerpt":{"rendered":"<p><b>ISBN: <\/b>9791370126827<\/p>\n<p><b>SINOPSIS<\/b><\/p>\n<p>Elowen es una elfa que ha vivido siempre en armon\u00eda con su aldea, pero en lo profundo de su coraz\u00f3n, algo la llama m\u00e1s all\u00e1 del bosque conocido. Un mapa misterioso, una canci\u00f3n olvidada y una voz interior que no deja de cantar, le marcar\u00e1n el inicio de un viaje \u00fanico.<br \/>\nEn su camino encontrar\u00e1 desaf\u00edos, criaturas m\u00e1gicas, enga\u00f1os, y tambi\u00e9n verdades que solo nacen cuando una se atreve a seguir su propia luz.<br \/>\nLa Canci\u00f3n de Elowen es un cuento para quienes sienten que pertenecen a otro lugar, para los que alguna vez se han sentido distintos, y para quienes no han dejado de creer que lo invisible puede guiar el camino.<br \/>\n\u00bfY t\u00fa, ya descubriste cu\u00e1l es tu canci\u00f3n?<\/p>\n","protected":false},"featured_media":108977,"comment_status":"open","ping_status":"closed","template":"","meta":{"_acf_changed":false},"libro":[],"product_brand":[],"product_cat":[118],"product_tag":[],"class_list":{"0":"post-108976","1":"product","2":"type-product","3":"status-publish","4":"has-post-thumbnail","6":"product_cat-fantasia","8":"first","9":"instock","10":"shipping-taxable","11":"product-type-simple"},"acf":{"autor":[108978],"enlace_de_compra":""},"yoast_head":"<!-- This site is optimized with the Yoast SEO plugin v26.6 - https:\/\/yoast.com\/wordpress\/plugins\/seo\/ -->\n<title>La canci\u00f3n de Elowen: Un encuentro con la verdadera esencia - Catalogo | Letrame Grupo Editorial<\/title>\n<meta name=\"robots\" content=\"index, follow, max-snippet:-1, max-image-preview:large, max-video-preview:-1\" \/>\n<link rel=\"canonical\" href=\"https:\/\/letrame.com\/catalogo\/producto\/la-cancion-de-elowen-un-encuentro-con-la-verdadera-esencia\/\" \/>\n<meta property=\"og:locale\" content=\"es_ES\" \/>\n<meta property=\"og:type\" content=\"article\" \/>\n<meta property=\"og:title\" content=\"La canci\u00f3n de Elowen: Un encuentro con la verdadera esencia - Catalogo | Letrame Grupo Editorial\" \/>\n<meta property=\"og:description\" content=\"ISBN: 9791370126827  SINOPSIS  Elowen es una elfa que ha vivido siempre en armon\u00eda con su aldea, pero en lo profundo de su coraz\u00f3n, algo la llama m\u00e1s all\u00e1 del bosque conocido. Un mapa misterioso, una canci\u00f3n olvidada y una voz interior que no deja de cantar, le marcar\u00e1n el inicio de un viaje \u00fanico. En su camino encontrar\u00e1 desaf\u00edos, criaturas m\u00e1gicas, enga\u00f1os, y tambi\u00e9n verdades que solo nacen cuando una se atreve a seguir su propia luz. La Canci\u00f3n de Elowen es un cuento para quienes sienten que pertenecen a otro lugar, para los que alguna vez se han sentido distintos, y para quienes no han dejado de creer que lo invisible puede guiar el camino. \u00bfY t\u00fa, ya descubriste cu\u00e1l es tu canci\u00f3n?\" \/>\n<meta property=\"og:url\" content=\"https:\/\/letrame.com\/catalogo\/producto\/la-cancion-de-elowen-un-encuentro-con-la-verdadera-esencia\/\" \/>\n<meta property=\"og:site_name\" content=\"Catalogo | Letrame Grupo Editorial\" \/>\n<meta property=\"article:modified_time\" content=\"2025-09-09T14:17:24+00:00\" \/>\n<meta property=\"og:image\" content=\"https:\/\/letrame.com\/catalogo\/wp-content\/uploads\/2025\/09\/Lacanciondeelowen_532mm4.jpg\" \/>\n\t<meta property=\"og:image:width\" content=\"379\" \/>\n\t<meta property=\"og:image:height\" content=\"537\" \/>\n\t<meta property=\"og:image:type\" content=\"image\/jpeg\" \/>\n<meta name=\"twitter:card\" content=\"summary_large_image\" \/>\n<meta name=\"twitter:label1\" content=\"Tiempo de lectura\" \/>\n\t<meta name=\"twitter:data1\" content=\"1 minuto\" \/>\n<script type=\"application\/ld+json\" class=\"yoast-schema-graph\">{\"@context\":\"https:\/\/schema.org\",\"@graph\":[{\"@type\":\"WebPage\",\"@id\":\"https:\/\/letrame.com\/catalogo\/producto\/la-cancion-de-elowen-un-encuentro-con-la-verdadera-esencia\/\",\"url\":\"https:\/\/letrame.com\/catalogo\/producto\/la-cancion-de-elowen-un-encuentro-con-la-verdadera-esencia\/\",\"name\":\"La canci\u00f3n de Elowen: Un encuentro con la verdadera esencia - Catalogo | Letrame Grupo Editorial\",\"isPartOf\":{\"@id\":\"https:\/\/letrame.com\/catalogo\/#website\"},\"primaryImageOfPage\":{\"@id\":\"https:\/\/letrame.com\/catalogo\/producto\/la-cancion-de-elowen-un-encuentro-con-la-verdadera-esencia\/#primaryimage\"},\"image\":{\"@id\":\"https:\/\/letrame.com\/catalogo\/producto\/la-cancion-de-elowen-un-encuentro-con-la-verdadera-esencia\/#primaryimage\"},\"thumbnailUrl\":\"https:\/\/letrame.com\/catalogo\/wp-content\/uploads\/2025\/09\/Lacanciondeelowen_532mm4.jpg\",\"datePublished\":\"2025-09-09T14:14:32+00:00\",\"dateModified\":\"2025-09-09T14:17:24+00:00\",\"breadcrumb\":{\"@id\":\"https:\/\/letrame.com\/catalogo\/producto\/la-cancion-de-elowen-un-encuentro-con-la-verdadera-esencia\/#breadcrumb\"},\"inLanguage\":\"es\",\"potentialAction\":[{\"@type\":\"ReadAction\",\"target\":[\"https:\/\/letrame.com\/catalogo\/producto\/la-cancion-de-elowen-un-encuentro-con-la-verdadera-esencia\/\"]}]},{\"@type\":\"ImageObject\",\"inLanguage\":\"es\",\"@id\":\"https:\/\/letrame.com\/catalogo\/producto\/la-cancion-de-elowen-un-encuentro-con-la-verdadera-esencia\/#primaryimage\",\"url\":\"https:\/\/letrame.com\/catalogo\/wp-content\/uploads\/2025\/09\/Lacanciondeelowen_532mm4.jpg\",\"contentUrl\":\"https:\/\/letrame.com\/catalogo\/wp-content\/uploads\/2025\/09\/Lacanciondeelowen_532mm4.jpg\",\"width\":379,\"height\":537},{\"@type\":\"BreadcrumbList\",\"@id\":\"https:\/\/letrame.com\/catalogo\/producto\/la-cancion-de-elowen-un-encuentro-con-la-verdadera-esencia\/#breadcrumb\",\"itemListElement\":[{\"@type\":\"ListItem\",\"position\":1,\"name\":\"Portada\",\"item\":\"https:\/\/letrame.com\/catalogo\/\"},{\"@type\":\"ListItem\",\"position\":2,\"name\":\"Cat\u00e1logo\",\"item\":\"https:\/\/letrame.com\/catalogo\/\"},{\"@type\":\"ListItem\",\"position\":3,\"name\":\"La canci\u00f3n de Elowen: Un encuentro con la verdadera esencia\"}]},{\"@type\":\"WebSite\",\"@id\":\"https:\/\/letrame.com\/catalogo\/#website\",\"url\":\"https:\/\/letrame.com\/catalogo\/\",\"name\":\"Catalogo | Letrame Grupo Editorial\",\"description\":\"\",\"publisher\":{\"@id\":\"https:\/\/letrame.com\/catalogo\/#organization\"},\"potentialAction\":[{\"@type\":\"SearchAction\",\"target\":{\"@type\":\"EntryPoint\",\"urlTemplate\":\"https:\/\/letrame.com\/catalogo\/?s={search_term_string}\"},\"query-input\":{\"@type\":\"PropertyValueSpecification\",\"valueRequired\":true,\"valueName\":\"search_term_string\"}}],\"inLanguage\":\"es\"},{\"@type\":\"Organization\",\"@id\":\"https:\/\/letrame.com\/catalogo\/#organization\",\"name\":\"Catalogo | Letrame Grupo Editorial\",\"url\":\"https:\/\/letrame.com\/catalogo\/\",\"logo\":{\"@type\":\"ImageObject\",\"inLanguage\":\"es\",\"@id\":\"https:\/\/letrame.com\/catalogo\/#\/schema\/logo\/image\/\",\"url\":\"https:\/\/letrame.com\/catalogo\/wp-content\/uploads\/2024\/03\/logo2.webp\",\"contentUrl\":\"https:\/\/letrame.com\/catalogo\/wp-content\/uploads\/2024\/03\/logo2.webp\",\"width\":394,\"height\":128,\"caption\":\"Catalogo | Letrame Grupo Editorial\"},\"image\":{\"@id\":\"https:\/\/letrame.com\/catalogo\/#\/schema\/logo\/image\/\"}}]}<\/script>\n<!-- \/ Yoast SEO plugin. -->","yoast_head_json":{"title":"La canci\u00f3n de Elowen: Un encuentro con la verdadera esencia - Catalogo | Letrame Grupo Editorial","robots":{"index":"index","follow":"follow","max-snippet":"max-snippet:-1","max-image-preview":"max-image-preview:large","max-video-preview":"max-video-preview:-1"},"canonical":"https:\/\/letrame.com\/catalogo\/producto\/la-cancion-de-elowen-un-encuentro-con-la-verdadera-esencia\/","og_locale":"es_ES","og_type":"article","og_title":"La canci\u00f3n de Elowen: Un encuentro con la verdadera esencia - Catalogo | Letrame Grupo Editorial","og_description":"ISBN: 9791370126827  SINOPSIS  Elowen es una elfa que ha vivido siempre en armon\u00eda con su aldea, pero en lo profundo de su coraz\u00f3n, algo la llama m\u00e1s all\u00e1 del bosque conocido. Un mapa misterioso, una canci\u00f3n olvidada y una voz interior que no deja de cantar, le marcar\u00e1n el inicio de un viaje \u00fanico. En su camino encontrar\u00e1 desaf\u00edos, criaturas m\u00e1gicas, enga\u00f1os, y tambi\u00e9n verdades que solo nacen cuando una se atreve a seguir su propia luz. La Canci\u00f3n de Elowen es un cuento para quienes sienten que pertenecen a otro lugar, para los que alguna vez se han sentido distintos, y para quienes no han dejado de creer que lo invisible puede guiar el camino. \u00bfY t\u00fa, ya descubriste cu\u00e1l es tu canci\u00f3n?","og_url":"https:\/\/letrame.com\/catalogo\/producto\/la-cancion-de-elowen-un-encuentro-con-la-verdadera-esencia\/","og_site_name":"Catalogo | Letrame Grupo Editorial","article_modified_time":"2025-09-09T14:17:24+00:00","og_image":[{"width":379,"height":537,"url":"https:\/\/letrame.com\/catalogo\/wp-content\/uploads\/2025\/09\/Lacanciondeelowen_532mm4.jpg","type":"image\/jpeg"}],"twitter_card":"summary_large_image","twitter_misc":{"Tiempo de lectura":"1 minuto"},"schema":{"@context":"https:\/\/schema.org","@graph":[{"@type":"WebPage","@id":"https:\/\/letrame.com\/catalogo\/producto\/la-cancion-de-elowen-un-encuentro-con-la-verdadera-esencia\/","url":"https:\/\/letrame.com\/catalogo\/producto\/la-cancion-de-elowen-un-encuentro-con-la-verdadera-esencia\/","name":"La canci\u00f3n de Elowen: Un encuentro con la verdadera esencia - Catalogo | Letrame Grupo Editorial","isPartOf":{"@id":"https:\/\/letrame.com\/catalogo\/#website"},"primaryImageOfPage":{"@id":"https:\/\/letrame.com\/catalogo\/producto\/la-cancion-de-elowen-un-encuentro-con-la-verdadera-esencia\/#primaryimage"},"image":{"@id":"https:\/\/letrame.com\/catalogo\/producto\/la-cancion-de-elowen-un-encuentro-con-la-verdadera-esencia\/#primaryimage"},"thumbnailUrl":"https:\/\/letrame.com\/catalogo\/wp-content\/uploads\/2025\/09\/Lacanciondeelowen_532mm4.jpg","datePublished":"2025-09-09T14:14:32+00:00","dateModified":"2025-09-09T14:17:24+00:00","breadcrumb":{"@id":"https:\/\/letrame.com\/catalogo\/producto\/la-cancion-de-elowen-un-encuentro-con-la-verdadera-esencia\/#breadcrumb"},"inLanguage":"es","potentialAction":[{"@type":"ReadAction","target":["https:\/\/letrame.com\/catalogo\/producto\/la-cancion-de-elowen-un-encuentro-con-la-verdadera-esencia\/"]}]},{"@type":"ImageObject","inLanguage":"es","@id":"https:\/\/letrame.com\/catalogo\/producto\/la-cancion-de-elowen-un-encuentro-con-la-verdadera-esencia\/#primaryimage","url":"https:\/\/letrame.com\/catalogo\/wp-content\/uploads\/2025\/09\/Lacanciondeelowen_532mm4.jpg","contentUrl":"https:\/\/letrame.com\/catalogo\/wp-content\/uploads\/2025\/09\/Lacanciondeelowen_532mm4.jpg","width":379,"height":537},{"@type":"BreadcrumbList","@id":"https:\/\/letrame.com\/catalogo\/producto\/la-cancion-de-elowen-un-encuentro-con-la-verdadera-esencia\/#breadcrumb","itemListElement":[{"@type":"ListItem","position":1,"name":"Portada","item":"https:\/\/letrame.com\/catalogo\/"},{"@type":"ListItem","position":2,"name":"Cat\u00e1logo","item":"https:\/\/letrame.com\/catalogo\/"},{"@type":"ListItem","position":3,"name":"La canci\u00f3n de Elowen: Un encuentro con la verdadera esencia"}]},{"@type":"WebSite","@id":"https:\/\/letrame.com\/catalogo\/#website","url":"https:\/\/letrame.com\/catalogo\/","name":"Catalogo | Letrame Grupo Editorial","description":"","publisher":{"@id":"https:\/\/letrame.com\/catalogo\/#organization"},"potentialAction":[{"@type":"SearchAction","target":{"@type":"EntryPoint","urlTemplate":"https:\/\/letrame.com\/catalogo\/?s={search_term_string}"},"query-input":{"@type":"PropertyValueSpecification","valueRequired":true,"valueName":"search_term_string"}}],"inLanguage":"es"},{"@type":"Organization","@id":"https:\/\/letrame.com\/catalogo\/#organization","name":"Catalogo | Letrame Grupo Editorial","url":"https:\/\/letrame.com\/catalogo\/","logo":{"@type":"ImageObject","inLanguage":"es","@id":"https:\/\/letrame.com\/catalogo\/#\/schema\/logo\/image\/","url":"https:\/\/letrame.com\/catalogo\/wp-content\/uploads\/2024\/03\/logo2.webp","contentUrl":"https:\/\/letrame.com\/catalogo\/wp-content\/uploads\/2024\/03\/logo2.webp","width":394,"height":128,"caption":"Catalogo | Letrame Grupo Editorial"},"image":{"@id":"https:\/\/letrame.com\/catalogo\/#\/schema\/logo\/image\/"}}]}},"_links":{"self":[{"href":"https:\/\/letrame.com\/catalogo\/wp-json\/wp\/v2\/product\/108976","targetHints":{"allow":["GET"]}}],"collection":[{"href":"https:\/\/letrame.com\/catalogo\/wp-json\/wp\/v2\/product"}],"about":[{"href":"https:\/\/letrame.com\/catalogo\/wp-json\/wp\/v2\/types\/product"}],"replies":[{"embeddable":true,"href":"https:\/\/letrame.com\/catalogo\/wp-json\/wp\/v2\/comments?post=108976"}],"acf:post":[{"embeddable":true,"href":"https:\/\/letrame.com\/catalogo\/wp-json\/wp\/v2\/author_book\/108978"}],"wp:featuredmedia":[{"embeddable":true,"href":"https:\/\/letrame.com\/catalogo\/wp-json\/wp\/v2\/media\/108977"}],"wp:attachment":[{"href":"https:\/\/letrame.com\/catalogo\/wp-json\/wp\/v2\/media?parent=108976"}],"wp:term":[{"taxonomy":"libro","embeddable":true,"href":"https:\/\/letrame.com\/catalogo\/wp-json\/wp\/v2\/libro?post=108976"},{"taxonomy":"product_brand","embeddable":true,"href":"https:\/\/letrame.com\/catalogo\/wp-json\/wp\/v2\/product_brand?post=108976"},{"taxonomy":"product_cat","embeddable":true,"href":"https:\/\/letrame.com\/catalogo\/wp-json\/wp\/v2\/product_cat?post=108976"},{"taxonomy":"product_tag","embeddable":true,"href":"https:\/\/letrame.com\/catalogo\/wp-json\/wp\/v2\/product_tag?post=108976"}],"curies":[{"name":"wp","href":"https:\/\/api.w.org\/{rel}","templated":true}]}}