{"id":108934,"date":"2025-09-08T14:24:37","date_gmt":"2025-09-08T12:24:37","guid":{"rendered":"https:\/\/letrame.com\/catalogo\/?post_type=product&#038;p=108934"},"modified":"2025-09-08T14:25:41","modified_gmt":"2025-09-08T12:25:41","slug":"el-ser-mas-inteligente-del-mundo-el-ser-colmena","status":"publish","type":"product","link":"https:\/\/letrame.com\/catalogo\/producto\/el-ser-mas-inteligente-del-mundo-el-ser-colmena\/","title":{"rendered":"El ser m\u00e1s inteligente del mundo: El ser colmena"},"content":{"rendered":"<p class=\"p1\"><b>ISBN:\u00a0<\/b> 9791370126353<\/p>\n<p class=\"p1\"><b>T\u00edtulo: <\/b>El ser m\u00e1s inteligente del mundo: El ser colmena<b><\/b><\/p>\n<p><b>Fecha: <\/b>2025<b><\/b><\/p>\n<p><b>P\u00e1ginas: <\/b>132<\/p>\n<p class=\"p1\"><b>SINOPSIS<\/b><\/p>\n<p>Hay seres diminutos que guardan secretos gigantes. Y hay colmenas que, m\u00e1s que casas de abejas, son lecciones vivas de armon\u00eda, cooperaci\u00f3n y sabidur\u00eda ancestral.<br \/>\nEsteban Simonetta nos conduce a descubrir el animal colmena como el ser m\u00e1s inteligente del planeta. No por su fuerza ni por su tecnolog\u00eda, sino por su perfecta simbiosis con la vida. Por su forma impecable de existir en comunidad, de construir sin da\u00f1ar, de dar sin pedir y de confiar en el trabajo en equipo como \u00fanico camino posible.<br \/>\nDesde la historia de las abejas hasta los errores fatales de la apicultura moderna, pasando por las t\u00e9cnicas respetuosas de la pachapi-cultura, este libro es, ante todo, una defensa feroz de la naturaleza, de la observaci\u00f3n atenta, del sentido com\u00fan y de la humildad.<br \/>\nPorque, como bien nos recuerda el autor, las abejas llevan en la Tierra millones de a\u00f1os&#8230; nosotros apenas acabamos de llegar. Y si seguimos sin escuchar su zumbido paciente, puede que pronto ya no tengamos a qui\u00e9n escuchar.<b><br \/>\n<\/b><\/p>\n","protected":false},"excerpt":{"rendered":"<p><b>ISBN:\u00a0<\/b>9791370126353<b><\/b><\/p>\n<p>SINOPSIS<\/p>\n<p>Hay seres diminutos que guardan secretos gigantes. Y hay colmenas que, m\u00e1s que casas de abejas, son lecciones vivas de armon\u00eda, cooperaci\u00f3n y sabidur\u00eda ancestral.<br \/>\nEsteban Simonetta nos conduce a descubrir el animal colmena como el ser m\u00e1s inteligente del planeta. No por su fuerza ni por su tecnolog\u00eda, sino por su perfecta simbiosis con la vida. Por su forma impecable de existir en comunidad, de construir sin da\u00f1ar, de dar sin pedir y de confiar en el trabajo en equipo como \u00fanico camino posible.<br \/>\nDesde la historia de las abejas hasta los errores fatales de la apicultura moderna, pasando por las t\u00e9cnicas respetuosas de la pachapi-cultura, este libro es, ante todo, una defensa feroz de la naturaleza, de la observaci\u00f3n atenta, del sentido com\u00fan y de la humildad.<br \/>\nPorque, como bien nos recuerda el autor, las abejas llevan en la Tierra millones de a\u00f1os&#8230; nosotros apenas acabamos de llegar. Y si seguimos sin escuchar su zumbido paciente, puede que pronto ya no tengamos a qui\u00e9n escuchar.<\/p>\n","protected":false},"featured_media":108935,"comment_status":"open","ping_status":"closed","template":"","meta":{"_acf_changed":false},"libro":[],"product_brand":[],"product_cat":[15],"product_tag":[],"class_list":{"0":"post-108934","1":"product","2":"type-product","3":"status-publish","4":"has-post-thumbnail","6":"product_cat-sin-categorizar","8":"first","9":"instock","10":"shipping-taxable","11":"product-type-simple"},"acf":{"autor":[108936],"enlace_de_compra":"https:\/\/www.amazon.es\/dp\/B0FM35MTFD"},"yoast_head":"<!-- This site is optimized with the Yoast SEO plugin v27.4 - https:\/\/yoast.com\/product\/yoast-seo-wordpress\/ -->\n<title>El ser m\u00e1s inteligente del mundo: El ser colmena - Catalogo | Letrame Grupo Editorial<\/title>\n<meta name=\"robots\" content=\"index, follow, max-snippet:-1, max-image-preview:large, max-video-preview:-1\" \/>\n<link rel=\"canonical\" href=\"https:\/\/letrame.com\/catalogo\/producto\/el-ser-mas-inteligente-del-mundo-el-ser-colmena\/\" \/>\n<meta property=\"og:locale\" content=\"es_ES\" \/>\n<meta property=\"og:type\" content=\"article\" \/>\n<meta property=\"og:title\" content=\"El ser m\u00e1s inteligente del mundo: El ser colmena - Catalogo | Letrame Grupo Editorial\" \/>\n<meta property=\"og:description\" content=\"ISBN:\u00a09791370126353  SINOPSIS  Hay seres diminutos que guardan secretos gigantes. Y hay colmenas que, m\u00e1s que casas de abejas, son lecciones vivas de armon\u00eda, cooperaci\u00f3n y sabidur\u00eda ancestral. Esteban Simonetta nos conduce a descubrir el animal colmena como el ser m\u00e1s inteligente del planeta. No por su fuerza ni por su tecnolog\u00eda, sino por su perfecta simbiosis con la vida. Por su forma impecable de existir en comunidad, de construir sin da\u00f1ar, de dar sin pedir y de confiar en el trabajo en equipo como \u00fanico camino posible. Desde la historia de las abejas hasta los errores fatales de la apicultura moderna, pasando por las t\u00e9cnicas respetuosas de la pachapi-cultura, este libro es, ante todo, una defensa feroz de la naturaleza, de la observaci\u00f3n atenta, del sentido com\u00fan y de la humildad. Porque, como bien nos recuerda el autor, las abejas llevan en la Tierra millones de a\u00f1os... nosotros apenas acabamos de llegar. Y si seguimos sin escuchar su zumbido paciente, puede que pronto ya no tengamos a qui\u00e9n escuchar.\" \/>\n<meta property=\"og:url\" content=\"https:\/\/letrame.com\/catalogo\/producto\/el-ser-mas-inteligente-del-mundo-el-ser-colmena\/\" \/>\n<meta property=\"og:site_name\" content=\"Catalogo | Letrame Grupo Editorial\" \/>\n<meta property=\"article:modified_time\" content=\"2025-09-08T12:25:41+00:00\" \/>\n<meta property=\"og:image\" content=\"https:\/\/letrame.com\/catalogo\/wp-content\/uploads\/2025\/09\/Elsermasinteligentedelmundo_7.93mm4.jpg\" \/>\n\t<meta property=\"og:image:width\" content=\"384\" \/>\n\t<meta property=\"og:image:height\" content=\"537\" \/>\n\t<meta property=\"og:image:type\" content=\"image\/jpeg\" \/>\n<meta name=\"twitter:card\" content=\"summary_large_image\" \/>\n<meta name=\"twitter:label1\" content=\"Tiempo de lectura\" \/>\n\t<meta name=\"twitter:data1\" content=\"2 minutos\" \/>\n<script type=\"application\/ld+json\" class=\"yoast-schema-graph\">{\"@context\":\"https:\\\/\\\/schema.org\",\"@graph\":[{\"@type\":\"WebPage\",\"@id\":\"https:\\\/\\\/letrame.com\\\/catalogo\\\/producto\\\/el-ser-mas-inteligente-del-mundo-el-ser-colmena\\\/\",\"url\":\"https:\\\/\\\/letrame.com\\\/catalogo\\\/producto\\\/el-ser-mas-inteligente-del-mundo-el-ser-colmena\\\/\",\"name\":\"El ser m\u00e1s inteligente del mundo: El ser colmena - Catalogo | Letrame Grupo Editorial\",\"isPartOf\":{\"@id\":\"https:\\\/\\\/letrame.com\\\/catalogo\\\/#website\"},\"primaryImageOfPage\":{\"@id\":\"https:\\\/\\\/letrame.com\\\/catalogo\\\/producto\\\/el-ser-mas-inteligente-del-mundo-el-ser-colmena\\\/#primaryimage\"},\"image\":{\"@id\":\"https:\\\/\\\/letrame.com\\\/catalogo\\\/producto\\\/el-ser-mas-inteligente-del-mundo-el-ser-colmena\\\/#primaryimage\"},\"thumbnailUrl\":\"https:\\\/\\\/letrame.com\\\/catalogo\\\/wp-content\\\/uploads\\\/2025\\\/09\\\/Elsermasinteligentedelmundo_7.93mm4.jpg\",\"datePublished\":\"2025-09-08T12:24:37+00:00\",\"dateModified\":\"2025-09-08T12:25:41+00:00\",\"breadcrumb\":{\"@id\":\"https:\\\/\\\/letrame.com\\\/catalogo\\\/producto\\\/el-ser-mas-inteligente-del-mundo-el-ser-colmena\\\/#breadcrumb\"},\"inLanguage\":\"es\",\"potentialAction\":[{\"@type\":\"ReadAction\",\"target\":[\"https:\\\/\\\/letrame.com\\\/catalogo\\\/producto\\\/el-ser-mas-inteligente-del-mundo-el-ser-colmena\\\/\"]}]},{\"@type\":\"ImageObject\",\"inLanguage\":\"es\",\"@id\":\"https:\\\/\\\/letrame.com\\\/catalogo\\\/producto\\\/el-ser-mas-inteligente-del-mundo-el-ser-colmena\\\/#primaryimage\",\"url\":\"https:\\\/\\\/letrame.com\\\/catalogo\\\/wp-content\\\/uploads\\\/2025\\\/09\\\/Elsermasinteligentedelmundo_7.93mm4.jpg\",\"contentUrl\":\"https:\\\/\\\/letrame.com\\\/catalogo\\\/wp-content\\\/uploads\\\/2025\\\/09\\\/Elsermasinteligentedelmundo_7.93mm4.jpg\",\"width\":384,\"height\":537},{\"@type\":\"BreadcrumbList\",\"@id\":\"https:\\\/\\\/letrame.com\\\/catalogo\\\/producto\\\/el-ser-mas-inteligente-del-mundo-el-ser-colmena\\\/#breadcrumb\",\"itemListElement\":[{\"@type\":\"ListItem\",\"position\":1,\"name\":\"Portada\",\"item\":\"https:\\\/\\\/letrame.com\\\/catalogo\\\/\"},{\"@type\":\"ListItem\",\"position\":2,\"name\":\"Cat\u00e1logo\",\"item\":\"https:\\\/\\\/letrame.com\\\/catalogo\\\/\"},{\"@type\":\"ListItem\",\"position\":3,\"name\":\"El ser m\u00e1s inteligente del mundo: El ser colmena\"}]},{\"@type\":\"WebSite\",\"@id\":\"https:\\\/\\\/letrame.com\\\/catalogo\\\/#website\",\"url\":\"https:\\\/\\\/letrame.com\\\/catalogo\\\/\",\"name\":\"Catalogo | Letrame Grupo Editorial\",\"description\":\"\",\"publisher\":{\"@id\":\"https:\\\/\\\/letrame.com\\\/catalogo\\\/#organization\"},\"potentialAction\":[{\"@type\":\"SearchAction\",\"target\":{\"@type\":\"EntryPoint\",\"urlTemplate\":\"https:\\\/\\\/letrame.com\\\/catalogo\\\/?s={search_term_string}\"},\"query-input\":{\"@type\":\"PropertyValueSpecification\",\"valueRequired\":true,\"valueName\":\"search_term_string\"}}],\"inLanguage\":\"es\"},{\"@type\":\"Organization\",\"@id\":\"https:\\\/\\\/letrame.com\\\/catalogo\\\/#organization\",\"name\":\"Catalogo | Letrame Grupo Editorial\",\"url\":\"https:\\\/\\\/letrame.com\\\/catalogo\\\/\",\"logo\":{\"@type\":\"ImageObject\",\"inLanguage\":\"es\",\"@id\":\"https:\\\/\\\/letrame.com\\\/catalogo\\\/#\\\/schema\\\/logo\\\/image\\\/\",\"url\":\"https:\\\/\\\/letrame.com\\\/catalogo\\\/wp-content\\\/uploads\\\/2024\\\/03\\\/logo2.webp\",\"contentUrl\":\"https:\\\/\\\/letrame.com\\\/catalogo\\\/wp-content\\\/uploads\\\/2024\\\/03\\\/logo2.webp\",\"width\":394,\"height\":128,\"caption\":\"Catalogo | Letrame Grupo Editorial\"},\"image\":{\"@id\":\"https:\\\/\\\/letrame.com\\\/catalogo\\\/#\\\/schema\\\/logo\\\/image\\\/\"}}]}<\/script>\n<!-- \/ Yoast SEO plugin. -->","yoast_head_json":{"title":"El ser m\u00e1s inteligente del mundo: El ser colmena - Catalogo | Letrame Grupo Editorial","robots":{"index":"index","follow":"follow","max-snippet":"max-snippet:-1","max-image-preview":"max-image-preview:large","max-video-preview":"max-video-preview:-1"},"canonical":"https:\/\/letrame.com\/catalogo\/producto\/el-ser-mas-inteligente-del-mundo-el-ser-colmena\/","og_locale":"es_ES","og_type":"article","og_title":"El ser m\u00e1s inteligente del mundo: El ser colmena - Catalogo | Letrame Grupo Editorial","og_description":"ISBN:\u00a09791370126353  SINOPSIS  Hay seres diminutos que guardan secretos gigantes. Y hay colmenas que, m\u00e1s que casas de abejas, son lecciones vivas de armon\u00eda, cooperaci\u00f3n y sabidur\u00eda ancestral. Esteban Simonetta nos conduce a descubrir el animal colmena como el ser m\u00e1s inteligente del planeta. No por su fuerza ni por su tecnolog\u00eda, sino por su perfecta simbiosis con la vida. Por su forma impecable de existir en comunidad, de construir sin da\u00f1ar, de dar sin pedir y de confiar en el trabajo en equipo como \u00fanico camino posible. Desde la historia de las abejas hasta los errores fatales de la apicultura moderna, pasando por las t\u00e9cnicas respetuosas de la pachapi-cultura, este libro es, ante todo, una defensa feroz de la naturaleza, de la observaci\u00f3n atenta, del sentido com\u00fan y de la humildad. Porque, como bien nos recuerda el autor, las abejas llevan en la Tierra millones de a\u00f1os... nosotros apenas acabamos de llegar. Y si seguimos sin escuchar su zumbido paciente, puede que pronto ya no tengamos a qui\u00e9n escuchar.","og_url":"https:\/\/letrame.com\/catalogo\/producto\/el-ser-mas-inteligente-del-mundo-el-ser-colmena\/","og_site_name":"Catalogo | Letrame Grupo Editorial","article_modified_time":"2025-09-08T12:25:41+00:00","og_image":[{"width":384,"height":537,"url":"https:\/\/letrame.com\/catalogo\/wp-content\/uploads\/2025\/09\/Elsermasinteligentedelmundo_7.93mm4.jpg","type":"image\/jpeg"}],"twitter_card":"summary_large_image","twitter_misc":{"Tiempo de lectura":"2 minutos"},"schema":{"@context":"https:\/\/schema.org","@graph":[{"@type":"WebPage","@id":"https:\/\/letrame.com\/catalogo\/producto\/el-ser-mas-inteligente-del-mundo-el-ser-colmena\/","url":"https:\/\/letrame.com\/catalogo\/producto\/el-ser-mas-inteligente-del-mundo-el-ser-colmena\/","name":"El ser m\u00e1s inteligente del mundo: El ser colmena - Catalogo | Letrame Grupo Editorial","isPartOf":{"@id":"https:\/\/letrame.com\/catalogo\/#website"},"primaryImageOfPage":{"@id":"https:\/\/letrame.com\/catalogo\/producto\/el-ser-mas-inteligente-del-mundo-el-ser-colmena\/#primaryimage"},"image":{"@id":"https:\/\/letrame.com\/catalogo\/producto\/el-ser-mas-inteligente-del-mundo-el-ser-colmena\/#primaryimage"},"thumbnailUrl":"https:\/\/letrame.com\/catalogo\/wp-content\/uploads\/2025\/09\/Elsermasinteligentedelmundo_7.93mm4.jpg","datePublished":"2025-09-08T12:24:37+00:00","dateModified":"2025-09-08T12:25:41+00:00","breadcrumb":{"@id":"https:\/\/letrame.com\/catalogo\/producto\/el-ser-mas-inteligente-del-mundo-el-ser-colmena\/#breadcrumb"},"inLanguage":"es","potentialAction":[{"@type":"ReadAction","target":["https:\/\/letrame.com\/catalogo\/producto\/el-ser-mas-inteligente-del-mundo-el-ser-colmena\/"]}]},{"@type":"ImageObject","inLanguage":"es","@id":"https:\/\/letrame.com\/catalogo\/producto\/el-ser-mas-inteligente-del-mundo-el-ser-colmena\/#primaryimage","url":"https:\/\/letrame.com\/catalogo\/wp-content\/uploads\/2025\/09\/Elsermasinteligentedelmundo_7.93mm4.jpg","contentUrl":"https:\/\/letrame.com\/catalogo\/wp-content\/uploads\/2025\/09\/Elsermasinteligentedelmundo_7.93mm4.jpg","width":384,"height":537},{"@type":"BreadcrumbList","@id":"https:\/\/letrame.com\/catalogo\/producto\/el-ser-mas-inteligente-del-mundo-el-ser-colmena\/#breadcrumb","itemListElement":[{"@type":"ListItem","position":1,"name":"Portada","item":"https:\/\/letrame.com\/catalogo\/"},{"@type":"ListItem","position":2,"name":"Cat\u00e1logo","item":"https:\/\/letrame.com\/catalogo\/"},{"@type":"ListItem","position":3,"name":"El ser m\u00e1s inteligente del mundo: El ser colmena"}]},{"@type":"WebSite","@id":"https:\/\/letrame.com\/catalogo\/#website","url":"https:\/\/letrame.com\/catalogo\/","name":"Catalogo | Letrame Grupo Editorial","description":"","publisher":{"@id":"https:\/\/letrame.com\/catalogo\/#organization"},"potentialAction":[{"@type":"SearchAction","target":{"@type":"EntryPoint","urlTemplate":"https:\/\/letrame.com\/catalogo\/?s={search_term_string}"},"query-input":{"@type":"PropertyValueSpecification","valueRequired":true,"valueName":"search_term_string"}}],"inLanguage":"es"},{"@type":"Organization","@id":"https:\/\/letrame.com\/catalogo\/#organization","name":"Catalogo | Letrame Grupo Editorial","url":"https:\/\/letrame.com\/catalogo\/","logo":{"@type":"ImageObject","inLanguage":"es","@id":"https:\/\/letrame.com\/catalogo\/#\/schema\/logo\/image\/","url":"https:\/\/letrame.com\/catalogo\/wp-content\/uploads\/2024\/03\/logo2.webp","contentUrl":"https:\/\/letrame.com\/catalogo\/wp-content\/uploads\/2024\/03\/logo2.webp","width":394,"height":128,"caption":"Catalogo | Letrame Grupo Editorial"},"image":{"@id":"https:\/\/letrame.com\/catalogo\/#\/schema\/logo\/image\/"}}]}},"_links":{"self":[{"href":"https:\/\/letrame.com\/catalogo\/wp-json\/wp\/v2\/product\/108934","targetHints":{"allow":["GET"]}}],"collection":[{"href":"https:\/\/letrame.com\/catalogo\/wp-json\/wp\/v2\/product"}],"about":[{"href":"https:\/\/letrame.com\/catalogo\/wp-json\/wp\/v2\/types\/product"}],"replies":[{"embeddable":true,"href":"https:\/\/letrame.com\/catalogo\/wp-json\/wp\/v2\/comments?post=108934"}],"acf:post":[{"embeddable":true,"href":"https:\/\/letrame.com\/catalogo\/wp-json\/wp\/v2\/author_book\/108936"}],"wp:featuredmedia":[{"embeddable":true,"href":"https:\/\/letrame.com\/catalogo\/wp-json\/wp\/v2\/media\/108935"}],"wp:attachment":[{"href":"https:\/\/letrame.com\/catalogo\/wp-json\/wp\/v2\/media?parent=108934"}],"wp:term":[{"taxonomy":"libro","embeddable":true,"href":"https:\/\/letrame.com\/catalogo\/wp-json\/wp\/v2\/libro?post=108934"},{"taxonomy":"product_brand","embeddable":true,"href":"https:\/\/letrame.com\/catalogo\/wp-json\/wp\/v2\/product_brand?post=108934"},{"taxonomy":"product_cat","embeddable":true,"href":"https:\/\/letrame.com\/catalogo\/wp-json\/wp\/v2\/product_cat?post=108934"},{"taxonomy":"product_tag","embeddable":true,"href":"https:\/\/letrame.com\/catalogo\/wp-json\/wp\/v2\/product_tag?post=108934"}],"curies":[{"name":"wp","href":"https:\/\/api.w.org\/{rel}","templated":true}]}}