{"id":108920,"date":"2025-09-08T13:03:27","date_gmt":"2025-09-08T11:03:27","guid":{"rendered":"https:\/\/letrame.com\/catalogo\/?post_type=product&#038;p=108920"},"modified":"2025-09-08T13:04:37","modified_gmt":"2025-09-08T11:04:37","slug":"el-dia-que-murio-chespirito","status":"publish","type":"product","link":"https:\/\/letrame.com\/catalogo\/producto\/el-dia-que-murio-chespirito\/","title":{"rendered":"El d\u00eda que muri\u00f3 Chespirito"},"content":{"rendered":"<p class=\"p1\"><b>ISBN: <\/b>9791370127459<b><\/b><\/p>\n<p class=\"p1\"><b>T\u00edtulo: <\/b>El d\u00eda que muri\u00f3 Chespirito. (\u00a1Qu\u00e9 bonita vecindad!)<b><\/b><\/p>\n<p><b>Fecha: <\/b>2025<b><\/b><\/p>\n<p><strong>P\u00e1ginas<\/strong>: 276<b><\/b><\/p>\n<p class=\"p1\"><b>SINOPSIS<\/b><\/p>\n<p>Javier Tapia Rodr\u00edguez (14\/09\/1955, M\u00e9xico), doctor en Sociolog\u00eda seg\u00fan la Universidad de Barcelona, es un prol\u00edfico publicador de libros (casi seiscientos) de cuarta porque no hay de quinta, de todos los temas imaginables y habidos y por haber, con tres o cuatro best-seller (Chistes de Lepe, en Temas de Hoy; Gimnasia para perezosos, en Ediciones B; El recetario del lenguaje de las velas, en Obelisco; y El aire que respiramos, en Ibis y Oc\u00e9ano, por ejemplo). Con Plut\u00f3n Ediciones, la pen\u00faltima, destacan las m\u00e1s diversas mitolog\u00edas.<br \/>\nEl d\u00eda en que muri\u00f3 Chespirito, ahora con el Grupo Letrame, es un intento de sanar las propias heridas, y las ajenas, si fuera posible.<b><br \/>\n<\/b><\/p>\n","protected":false},"excerpt":{"rendered":"<p><b>ISBN: <\/b>9791370127459<\/p>\n<p><b>SINOPSIS<\/b><\/p>\n<p>Javier Tapia Rodr\u00edguez (14\/09\/1955, M\u00e9xico), doctor en Sociolog\u00eda seg\u00fan la Universidad de Barcelona, es un prol\u00edfico publicador de libros (casi seiscientos) de cuarta porque no hay de quinta, de todos los temas imaginables y habidos y por haber, con tres o cuatro best-seller (Chistes de Lepe, en Temas de Hoy; Gimnasia para perezosos, en Ediciones B; El recetario del lenguaje de las velas, en Obelisco; y El aire que respiramos, en Ibis y Oc\u00e9ano, por ejemplo). Con Plut\u00f3n Ediciones, la pen\u00faltima, destacan las m\u00e1s diversas mitolog\u00edas.<br \/>\nEl d\u00eda en que muri\u00f3 Chespirito, ahora con el Grupo Letrame, es un intento de sanar las propias heridas, y las ajenas, si fuera posible.<\/p>\n","protected":false},"featured_media":108921,"comment_status":"open","ping_status":"closed","template":"","meta":{"_acf_changed":false},"libro":[],"product_brand":[],"product_cat":[141],"product_tag":[],"class_list":{"0":"post-108920","1":"product","2":"type-product","3":"status-publish","4":"has-post-thumbnail","6":"product_cat-ficcion","8":"first","9":"instock","10":"shipping-taxable","11":"product-type-simple"},"acf":{"autor":[108922],"enlace_de_compra":"https:\/\/www.amazon.es\/dp\/B0FQ212ZGW"},"yoast_head":"<!-- This site is optimized with the Yoast SEO plugin v26.6 - https:\/\/yoast.com\/wordpress\/plugins\/seo\/ -->\n<title>El d\u00eda que muri\u00f3 Chespirito - Catalogo | Letrame Grupo Editorial<\/title>\n<meta name=\"robots\" content=\"index, follow, max-snippet:-1, max-image-preview:large, max-video-preview:-1\" \/>\n<link rel=\"canonical\" href=\"https:\/\/letrame.com\/catalogo\/producto\/el-dia-que-murio-chespirito\/\" \/>\n<meta property=\"og:locale\" content=\"es_ES\" \/>\n<meta property=\"og:type\" content=\"article\" \/>\n<meta property=\"og:title\" content=\"El d\u00eda que muri\u00f3 Chespirito - Catalogo | Letrame Grupo Editorial\" \/>\n<meta property=\"og:description\" content=\"ISBN: 9791370127459  SINOPSIS  Javier Tapia Rodr\u00edguez (14\/09\/1955, M\u00e9xico), doctor en Sociolog\u00eda seg\u00fan la Universidad de Barcelona, es un prol\u00edfico publicador de libros (casi seiscientos) de cuarta porque no hay de quinta, de todos los temas imaginables y habidos y por haber, con tres o cuatro best-seller (Chistes de Lepe, en Temas de Hoy; Gimnasia para perezosos, en Ediciones B; El recetario del lenguaje de las velas, en Obelisco; y El aire que respiramos, en Ibis y Oc\u00e9ano, por ejemplo). Con Plut\u00f3n Ediciones, la pen\u00faltima, destacan las m\u00e1s diversas mitolog\u00edas. El d\u00eda en que muri\u00f3 Chespirito, ahora con el Grupo Letrame, es un intento de sanar las propias heridas, y las ajenas, si fuera posible.\" \/>\n<meta property=\"og:url\" content=\"https:\/\/letrame.com\/catalogo\/producto\/el-dia-que-murio-chespirito\/\" \/>\n<meta property=\"og:site_name\" content=\"Catalogo | Letrame Grupo Editorial\" \/>\n<meta property=\"article:modified_time\" content=\"2025-09-08T11:04:37+00:00\" \/>\n<meta property=\"og:image\" content=\"https:\/\/letrame.com\/catalogo\/wp-content\/uploads\/2025\/09\/eldiaquemurio_138mm4.jpg\" \/>\n\t<meta property=\"og:image:width\" content=\"443\" \/>\n\t<meta property=\"og:image:height\" content=\"650\" \/>\n\t<meta property=\"og:image:type\" content=\"image\/jpeg\" \/>\n<meta name=\"twitter:card\" content=\"summary_large_image\" \/>\n<meta name=\"twitter:label1\" content=\"Tiempo de lectura\" \/>\n\t<meta name=\"twitter:data1\" content=\"1 minuto\" \/>\n<script type=\"application\/ld+json\" class=\"yoast-schema-graph\">{\"@context\":\"https:\/\/schema.org\",\"@graph\":[{\"@type\":\"WebPage\",\"@id\":\"https:\/\/letrame.com\/catalogo\/producto\/el-dia-que-murio-chespirito\/\",\"url\":\"https:\/\/letrame.com\/catalogo\/producto\/el-dia-que-murio-chespirito\/\",\"name\":\"El d\u00eda que muri\u00f3 Chespirito - Catalogo | Letrame Grupo Editorial\",\"isPartOf\":{\"@id\":\"https:\/\/letrame.com\/catalogo\/#website\"},\"primaryImageOfPage\":{\"@id\":\"https:\/\/letrame.com\/catalogo\/producto\/el-dia-que-murio-chespirito\/#primaryimage\"},\"image\":{\"@id\":\"https:\/\/letrame.com\/catalogo\/producto\/el-dia-que-murio-chespirito\/#primaryimage\"},\"thumbnailUrl\":\"https:\/\/letrame.com\/catalogo\/wp-content\/uploads\/2025\/09\/eldiaquemurio_138mm4.jpg\",\"datePublished\":\"2025-09-08T11:03:27+00:00\",\"dateModified\":\"2025-09-08T11:04:37+00:00\",\"breadcrumb\":{\"@id\":\"https:\/\/letrame.com\/catalogo\/producto\/el-dia-que-murio-chespirito\/#breadcrumb\"},\"inLanguage\":\"es\",\"potentialAction\":[{\"@type\":\"ReadAction\",\"target\":[\"https:\/\/letrame.com\/catalogo\/producto\/el-dia-que-murio-chespirito\/\"]}]},{\"@type\":\"ImageObject\",\"inLanguage\":\"es\",\"@id\":\"https:\/\/letrame.com\/catalogo\/producto\/el-dia-que-murio-chespirito\/#primaryimage\",\"url\":\"https:\/\/letrame.com\/catalogo\/wp-content\/uploads\/2025\/09\/eldiaquemurio_138mm4.jpg\",\"contentUrl\":\"https:\/\/letrame.com\/catalogo\/wp-content\/uploads\/2025\/09\/eldiaquemurio_138mm4.jpg\",\"width\":443,\"height\":650},{\"@type\":\"BreadcrumbList\",\"@id\":\"https:\/\/letrame.com\/catalogo\/producto\/el-dia-que-murio-chespirito\/#breadcrumb\",\"itemListElement\":[{\"@type\":\"ListItem\",\"position\":1,\"name\":\"Portada\",\"item\":\"https:\/\/letrame.com\/catalogo\/\"},{\"@type\":\"ListItem\",\"position\":2,\"name\":\"Cat\u00e1logo\",\"item\":\"https:\/\/letrame.com\/catalogo\/\"},{\"@type\":\"ListItem\",\"position\":3,\"name\":\"El d\u00eda que muri\u00f3 Chespirito\"}]},{\"@type\":\"WebSite\",\"@id\":\"https:\/\/letrame.com\/catalogo\/#website\",\"url\":\"https:\/\/letrame.com\/catalogo\/\",\"name\":\"Catalogo | Letrame Grupo Editorial\",\"description\":\"\",\"publisher\":{\"@id\":\"https:\/\/letrame.com\/catalogo\/#organization\"},\"potentialAction\":[{\"@type\":\"SearchAction\",\"target\":{\"@type\":\"EntryPoint\",\"urlTemplate\":\"https:\/\/letrame.com\/catalogo\/?s={search_term_string}\"},\"query-input\":{\"@type\":\"PropertyValueSpecification\",\"valueRequired\":true,\"valueName\":\"search_term_string\"}}],\"inLanguage\":\"es\"},{\"@type\":\"Organization\",\"@id\":\"https:\/\/letrame.com\/catalogo\/#organization\",\"name\":\"Catalogo | Letrame Grupo Editorial\",\"url\":\"https:\/\/letrame.com\/catalogo\/\",\"logo\":{\"@type\":\"ImageObject\",\"inLanguage\":\"es\",\"@id\":\"https:\/\/letrame.com\/catalogo\/#\/schema\/logo\/image\/\",\"url\":\"https:\/\/letrame.com\/catalogo\/wp-content\/uploads\/2024\/03\/logo2.webp\",\"contentUrl\":\"https:\/\/letrame.com\/catalogo\/wp-content\/uploads\/2024\/03\/logo2.webp\",\"width\":394,\"height\":128,\"caption\":\"Catalogo | Letrame Grupo Editorial\"},\"image\":{\"@id\":\"https:\/\/letrame.com\/catalogo\/#\/schema\/logo\/image\/\"}}]}<\/script>\n<!-- \/ Yoast SEO plugin. -->","yoast_head_json":{"title":"El d\u00eda que muri\u00f3 Chespirito - Catalogo | Letrame Grupo Editorial","robots":{"index":"index","follow":"follow","max-snippet":"max-snippet:-1","max-image-preview":"max-image-preview:large","max-video-preview":"max-video-preview:-1"},"canonical":"https:\/\/letrame.com\/catalogo\/producto\/el-dia-que-murio-chespirito\/","og_locale":"es_ES","og_type":"article","og_title":"El d\u00eda que muri\u00f3 Chespirito - Catalogo | Letrame Grupo Editorial","og_description":"ISBN: 9791370127459  SINOPSIS  Javier Tapia Rodr\u00edguez (14\/09\/1955, M\u00e9xico), doctor en Sociolog\u00eda seg\u00fan la Universidad de Barcelona, es un prol\u00edfico publicador de libros (casi seiscientos) de cuarta porque no hay de quinta, de todos los temas imaginables y habidos y por haber, con tres o cuatro best-seller (Chistes de Lepe, en Temas de Hoy; Gimnasia para perezosos, en Ediciones B; El recetario del lenguaje de las velas, en Obelisco; y El aire que respiramos, en Ibis y Oc\u00e9ano, por ejemplo). Con Plut\u00f3n Ediciones, la pen\u00faltima, destacan las m\u00e1s diversas mitolog\u00edas. El d\u00eda en que muri\u00f3 Chespirito, ahora con el Grupo Letrame, es un intento de sanar las propias heridas, y las ajenas, si fuera posible.","og_url":"https:\/\/letrame.com\/catalogo\/producto\/el-dia-que-murio-chespirito\/","og_site_name":"Catalogo | Letrame Grupo Editorial","article_modified_time":"2025-09-08T11:04:37+00:00","og_image":[{"width":443,"height":650,"url":"https:\/\/letrame.com\/catalogo\/wp-content\/uploads\/2025\/09\/eldiaquemurio_138mm4.jpg","type":"image\/jpeg"}],"twitter_card":"summary_large_image","twitter_misc":{"Tiempo de lectura":"1 minuto"},"schema":{"@context":"https:\/\/schema.org","@graph":[{"@type":"WebPage","@id":"https:\/\/letrame.com\/catalogo\/producto\/el-dia-que-murio-chespirito\/","url":"https:\/\/letrame.com\/catalogo\/producto\/el-dia-que-murio-chespirito\/","name":"El d\u00eda que muri\u00f3 Chespirito - Catalogo | Letrame Grupo Editorial","isPartOf":{"@id":"https:\/\/letrame.com\/catalogo\/#website"},"primaryImageOfPage":{"@id":"https:\/\/letrame.com\/catalogo\/producto\/el-dia-que-murio-chespirito\/#primaryimage"},"image":{"@id":"https:\/\/letrame.com\/catalogo\/producto\/el-dia-que-murio-chespirito\/#primaryimage"},"thumbnailUrl":"https:\/\/letrame.com\/catalogo\/wp-content\/uploads\/2025\/09\/eldiaquemurio_138mm4.jpg","datePublished":"2025-09-08T11:03:27+00:00","dateModified":"2025-09-08T11:04:37+00:00","breadcrumb":{"@id":"https:\/\/letrame.com\/catalogo\/producto\/el-dia-que-murio-chespirito\/#breadcrumb"},"inLanguage":"es","potentialAction":[{"@type":"ReadAction","target":["https:\/\/letrame.com\/catalogo\/producto\/el-dia-que-murio-chespirito\/"]}]},{"@type":"ImageObject","inLanguage":"es","@id":"https:\/\/letrame.com\/catalogo\/producto\/el-dia-que-murio-chespirito\/#primaryimage","url":"https:\/\/letrame.com\/catalogo\/wp-content\/uploads\/2025\/09\/eldiaquemurio_138mm4.jpg","contentUrl":"https:\/\/letrame.com\/catalogo\/wp-content\/uploads\/2025\/09\/eldiaquemurio_138mm4.jpg","width":443,"height":650},{"@type":"BreadcrumbList","@id":"https:\/\/letrame.com\/catalogo\/producto\/el-dia-que-murio-chespirito\/#breadcrumb","itemListElement":[{"@type":"ListItem","position":1,"name":"Portada","item":"https:\/\/letrame.com\/catalogo\/"},{"@type":"ListItem","position":2,"name":"Cat\u00e1logo","item":"https:\/\/letrame.com\/catalogo\/"},{"@type":"ListItem","position":3,"name":"El d\u00eda que muri\u00f3 Chespirito"}]},{"@type":"WebSite","@id":"https:\/\/letrame.com\/catalogo\/#website","url":"https:\/\/letrame.com\/catalogo\/","name":"Catalogo | Letrame Grupo Editorial","description":"","publisher":{"@id":"https:\/\/letrame.com\/catalogo\/#organization"},"potentialAction":[{"@type":"SearchAction","target":{"@type":"EntryPoint","urlTemplate":"https:\/\/letrame.com\/catalogo\/?s={search_term_string}"},"query-input":{"@type":"PropertyValueSpecification","valueRequired":true,"valueName":"search_term_string"}}],"inLanguage":"es"},{"@type":"Organization","@id":"https:\/\/letrame.com\/catalogo\/#organization","name":"Catalogo | Letrame Grupo Editorial","url":"https:\/\/letrame.com\/catalogo\/","logo":{"@type":"ImageObject","inLanguage":"es","@id":"https:\/\/letrame.com\/catalogo\/#\/schema\/logo\/image\/","url":"https:\/\/letrame.com\/catalogo\/wp-content\/uploads\/2024\/03\/logo2.webp","contentUrl":"https:\/\/letrame.com\/catalogo\/wp-content\/uploads\/2024\/03\/logo2.webp","width":394,"height":128,"caption":"Catalogo | Letrame Grupo Editorial"},"image":{"@id":"https:\/\/letrame.com\/catalogo\/#\/schema\/logo\/image\/"}}]}},"_links":{"self":[{"href":"https:\/\/letrame.com\/catalogo\/wp-json\/wp\/v2\/product\/108920","targetHints":{"allow":["GET"]}}],"collection":[{"href":"https:\/\/letrame.com\/catalogo\/wp-json\/wp\/v2\/product"}],"about":[{"href":"https:\/\/letrame.com\/catalogo\/wp-json\/wp\/v2\/types\/product"}],"replies":[{"embeddable":true,"href":"https:\/\/letrame.com\/catalogo\/wp-json\/wp\/v2\/comments?post=108920"}],"acf:post":[{"embeddable":true,"href":"https:\/\/letrame.com\/catalogo\/wp-json\/wp\/v2\/author_book\/108922"}],"wp:featuredmedia":[{"embeddable":true,"href":"https:\/\/letrame.com\/catalogo\/wp-json\/wp\/v2\/media\/108921"}],"wp:attachment":[{"href":"https:\/\/letrame.com\/catalogo\/wp-json\/wp\/v2\/media?parent=108920"}],"wp:term":[{"taxonomy":"libro","embeddable":true,"href":"https:\/\/letrame.com\/catalogo\/wp-json\/wp\/v2\/libro?post=108920"},{"taxonomy":"product_brand","embeddable":true,"href":"https:\/\/letrame.com\/catalogo\/wp-json\/wp\/v2\/product_brand?post=108920"},{"taxonomy":"product_cat","embeddable":true,"href":"https:\/\/letrame.com\/catalogo\/wp-json\/wp\/v2\/product_cat?post=108920"},{"taxonomy":"product_tag","embeddable":true,"href":"https:\/\/letrame.com\/catalogo\/wp-json\/wp\/v2\/product_tag?post=108920"}],"curies":[{"name":"wp","href":"https:\/\/api.w.org\/{rel}","templated":true}]}}