{"id":108914,"date":"2025-09-08T12:48:49","date_gmt":"2025-09-08T10:48:49","guid":{"rendered":"https:\/\/letrame.com\/catalogo\/?post_type=product&#038;p=108914"},"modified":"2025-09-08T12:52:14","modified_gmt":"2025-09-08T10:52:14","slug":"la-estrella-y-la-sombra-acto-i","status":"publish","type":"product","link":"https:\/\/letrame.com\/catalogo\/producto\/la-estrella-y-la-sombra-acto-i\/","title":{"rendered":"La estrella y la sombra. Acto I"},"content":{"rendered":"<p class=\"p1\"><b>ISBN: <\/b>9791370126780<b><\/b><\/p>\n<p class=\"p1\"><b>T\u00edtulo: <\/b>La estrella y la sombra. Acto I<b><\/b><\/p>\n<p><strong>Fecha<\/strong>: 2025<b><\/b><\/p>\n<p><strong>P\u00e1ginas<\/strong>: 116<b><\/b><\/p>\n<p class=\"p1\"><b>SINOPSIS<br \/>\n<\/b><\/p>\n<p>\u00bfAlguna vez te has sentido dividido entre lo que muestras y lo que realmente eres? \u00bfHas escuchado, en silencio, esas voces que te habitan y que no siempre dicen lo mismo?<\/p>\n<p>Si decides abrir este libro, no esperes una historia con principio y final. No. Aqu\u00ed vas a entrar en otro tipo de espacio. Uno donde los personajes no tienen nombre, porque podr\u00edan tener el tuyo. Uno donde lo que se dice no siempre se entiende con la mente, pero s\u00ed con algo m\u00e1s hondo.<\/p>\n<p>Yo, que te hablo, no soy m\u00e1s que una voz. Una narradora que no narra desde fuera, sino desde dentro. Desde el fondo de una mujer que se ha roto en partes: pensamiento, culpa, deseo, memoria, juicio, consuelo\u2026 voces que luchan entre s\u00ed por entender qu\u00e9 pas\u00f3, por saber qui\u00e9n es, o si a\u00fan est\u00e1 a tiempo de salvarse.<\/p>\n<p>La estrella y la sombra no te va a dar respuestas. Pero tal vez te haga las preguntas correctas. O te acompa\u00f1e en las tuyas. Porque todos, en alg\u00fan momento, nos enfrentamos a nuestra propia sombra. Y todos, tambi\u00e9n, hemos querido ser estrella.<\/p>\n<p>\u00bfTe atreves a mirar dentro?<\/p>\n<p>&nbsp;<\/p>\n<p class=\"p1\"><b>\u00a0<\/b><\/p>\n","protected":false},"excerpt":{"rendered":"<p><b>ISBN: <\/b>9791370126780<\/p>\n<p class=\"p1\"><b>SINOPSIS<br \/>\n<\/b><\/p>\n<p>\u00bfAlguna vez te has sentido dividido entre lo que muestras y lo que realmente eres? \u00bfHas escuchado, en silencio, esas voces que te habitan y que no siempre dicen lo mismo?<\/p>\n<p>Si decides abrir este libro, no esperes una historia con principio y final. No. Aqu\u00ed vas a entrar en otro tipo de espacio. Uno donde los personajes no tienen nombre, porque podr\u00edan tener el tuyo. Uno donde lo que se dice no siempre se entiende con la mente, pero s\u00ed con algo m\u00e1s hondo.<\/p>\n","protected":false},"featured_media":108916,"comment_status":"open","ping_status":"closed","template":"","meta":{"_acf_changed":false},"libro":[],"product_brand":[],"product_cat":[141],"product_tag":[],"class_list":{"0":"post-108914","1":"product","2":"type-product","3":"status-publish","4":"has-post-thumbnail","6":"product_cat-ficcion","8":"first","9":"instock","10":"shipping-taxable","11":"product-type-simple"},"acf":{"autor":[108915],"enlace_de_compra":"https:\/\/www.amazon.es\/dp\/B0FJ5HRR79"},"yoast_head":"<!-- This site is optimized with the Yoast SEO plugin v27.4 - https:\/\/yoast.com\/product\/yoast-seo-wordpress\/ -->\n<title>La estrella y la sombra. Acto I - Catalogo | Letrame Grupo Editorial<\/title>\n<meta name=\"robots\" content=\"index, follow, max-snippet:-1, max-image-preview:large, max-video-preview:-1\" \/>\n<link rel=\"canonical\" href=\"https:\/\/letrame.com\/catalogo\/producto\/la-estrella-y-la-sombra-acto-i\/\" \/>\n<meta property=\"og:locale\" content=\"es_ES\" \/>\n<meta property=\"og:type\" content=\"article\" \/>\n<meta property=\"og:title\" content=\"La estrella y la sombra. Acto I - Catalogo | Letrame Grupo Editorial\" \/>\n<meta property=\"og:description\" content=\"ISBN: 9791370126780 SINOPSIS  \u00bfAlguna vez te has sentido dividido entre lo que muestras y lo que realmente eres? \u00bfHas escuchado, en silencio, esas voces que te habitan y que no siempre dicen lo mismo?  Si decides abrir este libro, no esperes una historia con principio y final. No. Aqu\u00ed vas a entrar en otro tipo de espacio. Uno donde los personajes no tienen nombre, porque podr\u00edan tener el tuyo. Uno donde lo que se dice no siempre se entiende con la mente, pero s\u00ed con algo m\u00e1s hondo.\" \/>\n<meta property=\"og:url\" content=\"https:\/\/letrame.com\/catalogo\/producto\/la-estrella-y-la-sombra-acto-i\/\" \/>\n<meta property=\"og:site_name\" content=\"Catalogo | Letrame Grupo Editorial\" \/>\n<meta property=\"article:modified_time\" content=\"2025-09-08T10:52:14+00:00\" \/>\n<meta property=\"og:image\" content=\"https:\/\/letrame.com\/catalogo\/wp-content\/uploads\/2025\/09\/laestrellaylasombra_581mm4.jpg\" \/>\n\t<meta property=\"og:image:width\" content=\"413\" \/>\n\t<meta property=\"og:image:height\" content=\"579\" \/>\n\t<meta property=\"og:image:type\" content=\"image\/jpeg\" \/>\n<meta name=\"twitter:card\" content=\"summary_large_image\" \/>\n<meta name=\"twitter:label1\" content=\"Tiempo de lectura\" \/>\n\t<meta name=\"twitter:data1\" content=\"2 minutos\" \/>\n<script type=\"application\/ld+json\" class=\"yoast-schema-graph\">{\"@context\":\"https:\\\/\\\/schema.org\",\"@graph\":[{\"@type\":\"WebPage\",\"@id\":\"https:\\\/\\\/letrame.com\\\/catalogo\\\/producto\\\/la-estrella-y-la-sombra-acto-i\\\/\",\"url\":\"https:\\\/\\\/letrame.com\\\/catalogo\\\/producto\\\/la-estrella-y-la-sombra-acto-i\\\/\",\"name\":\"La estrella y la sombra. Acto I - Catalogo | Letrame Grupo Editorial\",\"isPartOf\":{\"@id\":\"https:\\\/\\\/letrame.com\\\/catalogo\\\/#website\"},\"primaryImageOfPage\":{\"@id\":\"https:\\\/\\\/letrame.com\\\/catalogo\\\/producto\\\/la-estrella-y-la-sombra-acto-i\\\/#primaryimage\"},\"image\":{\"@id\":\"https:\\\/\\\/letrame.com\\\/catalogo\\\/producto\\\/la-estrella-y-la-sombra-acto-i\\\/#primaryimage\"},\"thumbnailUrl\":\"https:\\\/\\\/letrame.com\\\/catalogo\\\/wp-content\\\/uploads\\\/2025\\\/09\\\/laestrellaylasombra_581mm4.jpg\",\"datePublished\":\"2025-09-08T10:48:49+00:00\",\"dateModified\":\"2025-09-08T10:52:14+00:00\",\"breadcrumb\":{\"@id\":\"https:\\\/\\\/letrame.com\\\/catalogo\\\/producto\\\/la-estrella-y-la-sombra-acto-i\\\/#breadcrumb\"},\"inLanguage\":\"es\",\"potentialAction\":[{\"@type\":\"ReadAction\",\"target\":[\"https:\\\/\\\/letrame.com\\\/catalogo\\\/producto\\\/la-estrella-y-la-sombra-acto-i\\\/\"]}]},{\"@type\":\"ImageObject\",\"inLanguage\":\"es\",\"@id\":\"https:\\\/\\\/letrame.com\\\/catalogo\\\/producto\\\/la-estrella-y-la-sombra-acto-i\\\/#primaryimage\",\"url\":\"https:\\\/\\\/letrame.com\\\/catalogo\\\/wp-content\\\/uploads\\\/2025\\\/09\\\/laestrellaylasombra_581mm4.jpg\",\"contentUrl\":\"https:\\\/\\\/letrame.com\\\/catalogo\\\/wp-content\\\/uploads\\\/2025\\\/09\\\/laestrellaylasombra_581mm4.jpg\",\"width\":413,\"height\":579},{\"@type\":\"BreadcrumbList\",\"@id\":\"https:\\\/\\\/letrame.com\\\/catalogo\\\/producto\\\/la-estrella-y-la-sombra-acto-i\\\/#breadcrumb\",\"itemListElement\":[{\"@type\":\"ListItem\",\"position\":1,\"name\":\"Portada\",\"item\":\"https:\\\/\\\/letrame.com\\\/catalogo\\\/\"},{\"@type\":\"ListItem\",\"position\":2,\"name\":\"Cat\u00e1logo\",\"item\":\"https:\\\/\\\/letrame.com\\\/catalogo\\\/\"},{\"@type\":\"ListItem\",\"position\":3,\"name\":\"La estrella y la sombra. Acto I\"}]},{\"@type\":\"WebSite\",\"@id\":\"https:\\\/\\\/letrame.com\\\/catalogo\\\/#website\",\"url\":\"https:\\\/\\\/letrame.com\\\/catalogo\\\/\",\"name\":\"Catalogo | Letrame Grupo Editorial\",\"description\":\"\",\"publisher\":{\"@id\":\"https:\\\/\\\/letrame.com\\\/catalogo\\\/#organization\"},\"potentialAction\":[{\"@type\":\"SearchAction\",\"target\":{\"@type\":\"EntryPoint\",\"urlTemplate\":\"https:\\\/\\\/letrame.com\\\/catalogo\\\/?s={search_term_string}\"},\"query-input\":{\"@type\":\"PropertyValueSpecification\",\"valueRequired\":true,\"valueName\":\"search_term_string\"}}],\"inLanguage\":\"es\"},{\"@type\":\"Organization\",\"@id\":\"https:\\\/\\\/letrame.com\\\/catalogo\\\/#organization\",\"name\":\"Catalogo | Letrame Grupo Editorial\",\"url\":\"https:\\\/\\\/letrame.com\\\/catalogo\\\/\",\"logo\":{\"@type\":\"ImageObject\",\"inLanguage\":\"es\",\"@id\":\"https:\\\/\\\/letrame.com\\\/catalogo\\\/#\\\/schema\\\/logo\\\/image\\\/\",\"url\":\"https:\\\/\\\/letrame.com\\\/catalogo\\\/wp-content\\\/uploads\\\/2024\\\/03\\\/logo2.webp\",\"contentUrl\":\"https:\\\/\\\/letrame.com\\\/catalogo\\\/wp-content\\\/uploads\\\/2024\\\/03\\\/logo2.webp\",\"width\":394,\"height\":128,\"caption\":\"Catalogo | Letrame Grupo Editorial\"},\"image\":{\"@id\":\"https:\\\/\\\/letrame.com\\\/catalogo\\\/#\\\/schema\\\/logo\\\/image\\\/\"}}]}<\/script>\n<!-- \/ Yoast SEO plugin. -->","yoast_head_json":{"title":"La estrella y la sombra. Acto I - Catalogo | Letrame Grupo Editorial","robots":{"index":"index","follow":"follow","max-snippet":"max-snippet:-1","max-image-preview":"max-image-preview:large","max-video-preview":"max-video-preview:-1"},"canonical":"https:\/\/letrame.com\/catalogo\/producto\/la-estrella-y-la-sombra-acto-i\/","og_locale":"es_ES","og_type":"article","og_title":"La estrella y la sombra. Acto I - Catalogo | Letrame Grupo Editorial","og_description":"ISBN: 9791370126780 SINOPSIS  \u00bfAlguna vez te has sentido dividido entre lo que muestras y lo que realmente eres? \u00bfHas escuchado, en silencio, esas voces que te habitan y que no siempre dicen lo mismo?  Si decides abrir este libro, no esperes una historia con principio y final. No. Aqu\u00ed vas a entrar en otro tipo de espacio. Uno donde los personajes no tienen nombre, porque podr\u00edan tener el tuyo. Uno donde lo que se dice no siempre se entiende con la mente, pero s\u00ed con algo m\u00e1s hondo.","og_url":"https:\/\/letrame.com\/catalogo\/producto\/la-estrella-y-la-sombra-acto-i\/","og_site_name":"Catalogo | Letrame Grupo Editorial","article_modified_time":"2025-09-08T10:52:14+00:00","og_image":[{"width":413,"height":579,"url":"https:\/\/letrame.com\/catalogo\/wp-content\/uploads\/2025\/09\/laestrellaylasombra_581mm4.jpg","type":"image\/jpeg"}],"twitter_card":"summary_large_image","twitter_misc":{"Tiempo de lectura":"2 minutos"},"schema":{"@context":"https:\/\/schema.org","@graph":[{"@type":"WebPage","@id":"https:\/\/letrame.com\/catalogo\/producto\/la-estrella-y-la-sombra-acto-i\/","url":"https:\/\/letrame.com\/catalogo\/producto\/la-estrella-y-la-sombra-acto-i\/","name":"La estrella y la sombra. Acto I - Catalogo | Letrame Grupo Editorial","isPartOf":{"@id":"https:\/\/letrame.com\/catalogo\/#website"},"primaryImageOfPage":{"@id":"https:\/\/letrame.com\/catalogo\/producto\/la-estrella-y-la-sombra-acto-i\/#primaryimage"},"image":{"@id":"https:\/\/letrame.com\/catalogo\/producto\/la-estrella-y-la-sombra-acto-i\/#primaryimage"},"thumbnailUrl":"https:\/\/letrame.com\/catalogo\/wp-content\/uploads\/2025\/09\/laestrellaylasombra_581mm4.jpg","datePublished":"2025-09-08T10:48:49+00:00","dateModified":"2025-09-08T10:52:14+00:00","breadcrumb":{"@id":"https:\/\/letrame.com\/catalogo\/producto\/la-estrella-y-la-sombra-acto-i\/#breadcrumb"},"inLanguage":"es","potentialAction":[{"@type":"ReadAction","target":["https:\/\/letrame.com\/catalogo\/producto\/la-estrella-y-la-sombra-acto-i\/"]}]},{"@type":"ImageObject","inLanguage":"es","@id":"https:\/\/letrame.com\/catalogo\/producto\/la-estrella-y-la-sombra-acto-i\/#primaryimage","url":"https:\/\/letrame.com\/catalogo\/wp-content\/uploads\/2025\/09\/laestrellaylasombra_581mm4.jpg","contentUrl":"https:\/\/letrame.com\/catalogo\/wp-content\/uploads\/2025\/09\/laestrellaylasombra_581mm4.jpg","width":413,"height":579},{"@type":"BreadcrumbList","@id":"https:\/\/letrame.com\/catalogo\/producto\/la-estrella-y-la-sombra-acto-i\/#breadcrumb","itemListElement":[{"@type":"ListItem","position":1,"name":"Portada","item":"https:\/\/letrame.com\/catalogo\/"},{"@type":"ListItem","position":2,"name":"Cat\u00e1logo","item":"https:\/\/letrame.com\/catalogo\/"},{"@type":"ListItem","position":3,"name":"La estrella y la sombra. Acto I"}]},{"@type":"WebSite","@id":"https:\/\/letrame.com\/catalogo\/#website","url":"https:\/\/letrame.com\/catalogo\/","name":"Catalogo | Letrame Grupo Editorial","description":"","publisher":{"@id":"https:\/\/letrame.com\/catalogo\/#organization"},"potentialAction":[{"@type":"SearchAction","target":{"@type":"EntryPoint","urlTemplate":"https:\/\/letrame.com\/catalogo\/?s={search_term_string}"},"query-input":{"@type":"PropertyValueSpecification","valueRequired":true,"valueName":"search_term_string"}}],"inLanguage":"es"},{"@type":"Organization","@id":"https:\/\/letrame.com\/catalogo\/#organization","name":"Catalogo | Letrame Grupo Editorial","url":"https:\/\/letrame.com\/catalogo\/","logo":{"@type":"ImageObject","inLanguage":"es","@id":"https:\/\/letrame.com\/catalogo\/#\/schema\/logo\/image\/","url":"https:\/\/letrame.com\/catalogo\/wp-content\/uploads\/2024\/03\/logo2.webp","contentUrl":"https:\/\/letrame.com\/catalogo\/wp-content\/uploads\/2024\/03\/logo2.webp","width":394,"height":128,"caption":"Catalogo | Letrame Grupo Editorial"},"image":{"@id":"https:\/\/letrame.com\/catalogo\/#\/schema\/logo\/image\/"}}]}},"_links":{"self":[{"href":"https:\/\/letrame.com\/catalogo\/wp-json\/wp\/v2\/product\/108914","targetHints":{"allow":["GET"]}}],"collection":[{"href":"https:\/\/letrame.com\/catalogo\/wp-json\/wp\/v2\/product"}],"about":[{"href":"https:\/\/letrame.com\/catalogo\/wp-json\/wp\/v2\/types\/product"}],"replies":[{"embeddable":true,"href":"https:\/\/letrame.com\/catalogo\/wp-json\/wp\/v2\/comments?post=108914"}],"acf:post":[{"embeddable":true,"href":"https:\/\/letrame.com\/catalogo\/wp-json\/wp\/v2\/author_book\/108915"}],"wp:featuredmedia":[{"embeddable":true,"href":"https:\/\/letrame.com\/catalogo\/wp-json\/wp\/v2\/media\/108916"}],"wp:attachment":[{"href":"https:\/\/letrame.com\/catalogo\/wp-json\/wp\/v2\/media?parent=108914"}],"wp:term":[{"taxonomy":"libro","embeddable":true,"href":"https:\/\/letrame.com\/catalogo\/wp-json\/wp\/v2\/libro?post=108914"},{"taxonomy":"product_brand","embeddable":true,"href":"https:\/\/letrame.com\/catalogo\/wp-json\/wp\/v2\/product_brand?post=108914"},{"taxonomy":"product_cat","embeddable":true,"href":"https:\/\/letrame.com\/catalogo\/wp-json\/wp\/v2\/product_cat?post=108914"},{"taxonomy":"product_tag","embeddable":true,"href":"https:\/\/letrame.com\/catalogo\/wp-json\/wp\/v2\/product_tag?post=108914"}],"curies":[{"name":"wp","href":"https:\/\/api.w.org\/{rel}","templated":true}]}}