{"id":108908,"date":"2025-09-08T12:19:21","date_gmt":"2025-09-08T10:19:21","guid":{"rendered":"https:\/\/letrame.com\/catalogo\/?post_type=product&#038;p=108908"},"modified":"2025-09-08T12:20:05","modified_gmt":"2025-09-08T10:20:05","slug":"perfiles-asesinos","status":"publish","type":"product","link":"https:\/\/letrame.com\/catalogo\/producto\/perfiles-asesinos\/","title":{"rendered":"Perfiles asesinos"},"content":{"rendered":"<p class=\"p1\"><b>ISBN: <\/b>9791370126339<b><\/b><\/p>\n<p class=\"p1\"><b>T\u00edtulo: <\/b>Perfiles asesinos<b><\/b><\/p>\n<p><strong>Fecha<\/strong>: 2025<\/p>\n<p class=\"p1\"><b>P\u00e1ginas: <\/b>472<b><\/b><\/p>\n<p class=\"p1\"><b>SINOPSIS<\/b><\/p>\n<p>En los \u00faltimos d\u00edas del pasado siglo, un peque\u00f1o municipio de la Sierra Norte madrile\u00f1a fue escenario de cuatro fallecimientos producidos en extra\u00f1as circunstancias. Dieciocho a\u00f1os despu\u00e9s, en el entorno de un club liberal cuyo poderoso due\u00f1o controla tambi\u00e9n una cadena de centros de salud sexual y reproductiva, se producen una serie de actos violentos y asesinatos. Lidia, una de las mujeres relacionadas con los miembros de ese club y quien sufri\u00f3 las primeras agresiones, acude a contratar la protecci\u00f3n de Nicol\u00e1s, un colombiano con pasado militar que hab\u00eda combatido en varios frentes inducido por el asesinato de sus padres.<\/p>\n<p>La narraci\u00f3n que Lidia le hace, sobre el origen de sus temores y las personas implicadas, presenta unas sorprendentes coincidencias con otro encargo que Nicol\u00e1s hab\u00eda cumplido unos d\u00edas antes. Convencido de que aquello no pod\u00eda ser una mera coincidencia, y asesorado por una brillante abogada criminalista que hab\u00eda colgado sus h\u00e1bitos de monja, Nicol\u00e1s emprende una desesperada carrera para descubrir la trama oculta tras la serie de asesinatos que comienzan a sucederse velozmente. Unos cr\u00edmenes que podr\u00edan ser imputados al mismo Nicol\u00e1s, por su propio perfil ideol\u00f3gico, y por la relaci\u00f3n con las v\u00edctimas derivada de aquel encargo anterior.<\/p>\n<p>Acci\u00f3n e intriga se entrelazan, en esta obra, con unos toques de humor y de un erotismo delicado, incluyendo aspectos relacionados con el motociclismo, el tiro deportivo o las estructuras universitarias, pero expuestos de forma que su lectura resulta igualmente atractiva para quienes no est\u00e9n familiarizados con esas actividades.<b><\/b><\/p>\n<p>&nbsp;<\/p>\n","protected":false},"excerpt":{"rendered":"<p><b>ISBN: <\/b>9791370126339<\/p>\n<p><b>SINOPSIS<\/b><\/p>\n<p>En los \u00faltimos d\u00edas del pasado siglo, un peque\u00f1o municipio de la Sierra Norte madrile\u00f1a fue escenario de cuatro fallecimientos producidos en extra\u00f1as circunstancias. Dieciocho a\u00f1os despu\u00e9s, en el entorno de un club liberal cuyo poderoso due\u00f1o controla tambi\u00e9n una cadena de centros de salud sexual y reproductiva, se producen una serie de actos violentos y asesinatos. Lidia, una de las mujeres relacionadas con los miembros de ese club y quien sufri\u00f3 las primeras agresiones, acude a contratar la protecci\u00f3n de Nicol\u00e1s, un colombiano con pasado militar que hab\u00eda combatido en varios frentes inducido por el asesinato de sus padres.<\/p>\n","protected":false},"featured_media":108909,"comment_status":"open","ping_status":"closed","template":"","meta":{"_acf_changed":false},"libro":[],"product_brand":[],"product_cat":[57],"product_tag":[],"class_list":{"0":"post-108908","1":"product","2":"type-product","3":"status-publish","4":"has-post-thumbnail","6":"product_cat-suspenso","8":"first","9":"instock","10":"shipping-taxable","11":"product-type-simple"},"acf":{"autor":[108910],"enlace_de_compra":"https:\/\/www.amazon.es\/dp\/B0FH66Z3BK"},"yoast_head":"<!-- This site is optimized with the Yoast SEO plugin v27.4 - https:\/\/yoast.com\/product\/yoast-seo-wordpress\/ -->\n<title>Perfiles asesinos - Catalogo | Letrame Grupo Editorial<\/title>\n<meta name=\"robots\" content=\"index, follow, max-snippet:-1, max-image-preview:large, max-video-preview:-1\" \/>\n<link rel=\"canonical\" href=\"https:\/\/letrame.com\/catalogo\/producto\/perfiles-asesinos\/\" \/>\n<meta property=\"og:locale\" content=\"es_ES\" \/>\n<meta property=\"og:type\" content=\"article\" \/>\n<meta property=\"og:title\" content=\"Perfiles asesinos - Catalogo | Letrame Grupo Editorial\" \/>\n<meta property=\"og:description\" content=\"ISBN: 9791370126339  SINOPSIS  En los \u00faltimos d\u00edas del pasado siglo, un peque\u00f1o municipio de la Sierra Norte madrile\u00f1a fue escenario de cuatro fallecimientos producidos en extra\u00f1as circunstancias. Dieciocho a\u00f1os despu\u00e9s, en el entorno de un club liberal cuyo poderoso due\u00f1o controla tambi\u00e9n una cadena de centros de salud sexual y reproductiva, se producen una serie de actos violentos y asesinatos. Lidia, una de las mujeres relacionadas con los miembros de ese club y quien sufri\u00f3 las primeras agresiones, acude a contratar la protecci\u00f3n de Nicol\u00e1s, un colombiano con pasado militar que hab\u00eda combatido en varios frentes inducido por el asesinato de sus padres.\" \/>\n<meta property=\"og:url\" content=\"https:\/\/letrame.com\/catalogo\/producto\/perfiles-asesinos\/\" \/>\n<meta property=\"og:site_name\" content=\"Catalogo | Letrame Grupo Editorial\" \/>\n<meta property=\"article:modified_time\" content=\"2025-09-08T10:20:05+00:00\" \/>\n<meta property=\"og:image\" content=\"https:\/\/letrame.com\/catalogo\/wp-content\/uploads\/2025\/09\/perfilesasesinos_2284mm4.jpg\" \/>\n\t<meta property=\"og:image:width\" content=\"425\" \/>\n\t<meta property=\"og:image:height\" content=\"624\" \/>\n\t<meta property=\"og:image:type\" content=\"image\/jpeg\" \/>\n<meta name=\"twitter:card\" content=\"summary_large_image\" \/>\n<meta name=\"twitter:label1\" content=\"Tiempo de lectura\" \/>\n\t<meta name=\"twitter:data1\" content=\"2 minutos\" \/>\n<script type=\"application\/ld+json\" class=\"yoast-schema-graph\">{\"@context\":\"https:\\\/\\\/schema.org\",\"@graph\":[{\"@type\":\"WebPage\",\"@id\":\"https:\\\/\\\/letrame.com\\\/catalogo\\\/producto\\\/perfiles-asesinos\\\/\",\"url\":\"https:\\\/\\\/letrame.com\\\/catalogo\\\/producto\\\/perfiles-asesinos\\\/\",\"name\":\"Perfiles asesinos - Catalogo | Letrame Grupo Editorial\",\"isPartOf\":{\"@id\":\"https:\\\/\\\/letrame.com\\\/catalogo\\\/#website\"},\"primaryImageOfPage\":{\"@id\":\"https:\\\/\\\/letrame.com\\\/catalogo\\\/producto\\\/perfiles-asesinos\\\/#primaryimage\"},\"image\":{\"@id\":\"https:\\\/\\\/letrame.com\\\/catalogo\\\/producto\\\/perfiles-asesinos\\\/#primaryimage\"},\"thumbnailUrl\":\"https:\\\/\\\/letrame.com\\\/catalogo\\\/wp-content\\\/uploads\\\/2025\\\/09\\\/perfilesasesinos_2284mm4.jpg\",\"datePublished\":\"2025-09-08T10:19:21+00:00\",\"dateModified\":\"2025-09-08T10:20:05+00:00\",\"breadcrumb\":{\"@id\":\"https:\\\/\\\/letrame.com\\\/catalogo\\\/producto\\\/perfiles-asesinos\\\/#breadcrumb\"},\"inLanguage\":\"es\",\"potentialAction\":[{\"@type\":\"ReadAction\",\"target\":[\"https:\\\/\\\/letrame.com\\\/catalogo\\\/producto\\\/perfiles-asesinos\\\/\"]}]},{\"@type\":\"ImageObject\",\"inLanguage\":\"es\",\"@id\":\"https:\\\/\\\/letrame.com\\\/catalogo\\\/producto\\\/perfiles-asesinos\\\/#primaryimage\",\"url\":\"https:\\\/\\\/letrame.com\\\/catalogo\\\/wp-content\\\/uploads\\\/2025\\\/09\\\/perfilesasesinos_2284mm4.jpg\",\"contentUrl\":\"https:\\\/\\\/letrame.com\\\/catalogo\\\/wp-content\\\/uploads\\\/2025\\\/09\\\/perfilesasesinos_2284mm4.jpg\",\"width\":425,\"height\":624},{\"@type\":\"BreadcrumbList\",\"@id\":\"https:\\\/\\\/letrame.com\\\/catalogo\\\/producto\\\/perfiles-asesinos\\\/#breadcrumb\",\"itemListElement\":[{\"@type\":\"ListItem\",\"position\":1,\"name\":\"Portada\",\"item\":\"https:\\\/\\\/letrame.com\\\/catalogo\\\/\"},{\"@type\":\"ListItem\",\"position\":2,\"name\":\"Cat\u00e1logo\",\"item\":\"https:\\\/\\\/letrame.com\\\/catalogo\\\/\"},{\"@type\":\"ListItem\",\"position\":3,\"name\":\"Perfiles asesinos\"}]},{\"@type\":\"WebSite\",\"@id\":\"https:\\\/\\\/letrame.com\\\/catalogo\\\/#website\",\"url\":\"https:\\\/\\\/letrame.com\\\/catalogo\\\/\",\"name\":\"Catalogo | Letrame Grupo Editorial\",\"description\":\"\",\"publisher\":{\"@id\":\"https:\\\/\\\/letrame.com\\\/catalogo\\\/#organization\"},\"potentialAction\":[{\"@type\":\"SearchAction\",\"target\":{\"@type\":\"EntryPoint\",\"urlTemplate\":\"https:\\\/\\\/letrame.com\\\/catalogo\\\/?s={search_term_string}\"},\"query-input\":{\"@type\":\"PropertyValueSpecification\",\"valueRequired\":true,\"valueName\":\"search_term_string\"}}],\"inLanguage\":\"es\"},{\"@type\":\"Organization\",\"@id\":\"https:\\\/\\\/letrame.com\\\/catalogo\\\/#organization\",\"name\":\"Catalogo | Letrame Grupo Editorial\",\"url\":\"https:\\\/\\\/letrame.com\\\/catalogo\\\/\",\"logo\":{\"@type\":\"ImageObject\",\"inLanguage\":\"es\",\"@id\":\"https:\\\/\\\/letrame.com\\\/catalogo\\\/#\\\/schema\\\/logo\\\/image\\\/\",\"url\":\"https:\\\/\\\/letrame.com\\\/catalogo\\\/wp-content\\\/uploads\\\/2024\\\/03\\\/logo2.webp\",\"contentUrl\":\"https:\\\/\\\/letrame.com\\\/catalogo\\\/wp-content\\\/uploads\\\/2024\\\/03\\\/logo2.webp\",\"width\":394,\"height\":128,\"caption\":\"Catalogo | Letrame Grupo Editorial\"},\"image\":{\"@id\":\"https:\\\/\\\/letrame.com\\\/catalogo\\\/#\\\/schema\\\/logo\\\/image\\\/\"}}]}<\/script>\n<!-- \/ Yoast SEO plugin. -->","yoast_head_json":{"title":"Perfiles asesinos - Catalogo | Letrame Grupo Editorial","robots":{"index":"index","follow":"follow","max-snippet":"max-snippet:-1","max-image-preview":"max-image-preview:large","max-video-preview":"max-video-preview:-1"},"canonical":"https:\/\/letrame.com\/catalogo\/producto\/perfiles-asesinos\/","og_locale":"es_ES","og_type":"article","og_title":"Perfiles asesinos - Catalogo | Letrame Grupo Editorial","og_description":"ISBN: 9791370126339  SINOPSIS  En los \u00faltimos d\u00edas del pasado siglo, un peque\u00f1o municipio de la Sierra Norte madrile\u00f1a fue escenario de cuatro fallecimientos producidos en extra\u00f1as circunstancias. Dieciocho a\u00f1os despu\u00e9s, en el entorno de un club liberal cuyo poderoso due\u00f1o controla tambi\u00e9n una cadena de centros de salud sexual y reproductiva, se producen una serie de actos violentos y asesinatos. Lidia, una de las mujeres relacionadas con los miembros de ese club y quien sufri\u00f3 las primeras agresiones, acude a contratar la protecci\u00f3n de Nicol\u00e1s, un colombiano con pasado militar que hab\u00eda combatido en varios frentes inducido por el asesinato de sus padres.","og_url":"https:\/\/letrame.com\/catalogo\/producto\/perfiles-asesinos\/","og_site_name":"Catalogo | Letrame Grupo Editorial","article_modified_time":"2025-09-08T10:20:05+00:00","og_image":[{"width":425,"height":624,"url":"https:\/\/letrame.com\/catalogo\/wp-content\/uploads\/2025\/09\/perfilesasesinos_2284mm4.jpg","type":"image\/jpeg"}],"twitter_card":"summary_large_image","twitter_misc":{"Tiempo de lectura":"2 minutos"},"schema":{"@context":"https:\/\/schema.org","@graph":[{"@type":"WebPage","@id":"https:\/\/letrame.com\/catalogo\/producto\/perfiles-asesinos\/","url":"https:\/\/letrame.com\/catalogo\/producto\/perfiles-asesinos\/","name":"Perfiles asesinos - Catalogo | Letrame Grupo Editorial","isPartOf":{"@id":"https:\/\/letrame.com\/catalogo\/#website"},"primaryImageOfPage":{"@id":"https:\/\/letrame.com\/catalogo\/producto\/perfiles-asesinos\/#primaryimage"},"image":{"@id":"https:\/\/letrame.com\/catalogo\/producto\/perfiles-asesinos\/#primaryimage"},"thumbnailUrl":"https:\/\/letrame.com\/catalogo\/wp-content\/uploads\/2025\/09\/perfilesasesinos_2284mm4.jpg","datePublished":"2025-09-08T10:19:21+00:00","dateModified":"2025-09-08T10:20:05+00:00","breadcrumb":{"@id":"https:\/\/letrame.com\/catalogo\/producto\/perfiles-asesinos\/#breadcrumb"},"inLanguage":"es","potentialAction":[{"@type":"ReadAction","target":["https:\/\/letrame.com\/catalogo\/producto\/perfiles-asesinos\/"]}]},{"@type":"ImageObject","inLanguage":"es","@id":"https:\/\/letrame.com\/catalogo\/producto\/perfiles-asesinos\/#primaryimage","url":"https:\/\/letrame.com\/catalogo\/wp-content\/uploads\/2025\/09\/perfilesasesinos_2284mm4.jpg","contentUrl":"https:\/\/letrame.com\/catalogo\/wp-content\/uploads\/2025\/09\/perfilesasesinos_2284mm4.jpg","width":425,"height":624},{"@type":"BreadcrumbList","@id":"https:\/\/letrame.com\/catalogo\/producto\/perfiles-asesinos\/#breadcrumb","itemListElement":[{"@type":"ListItem","position":1,"name":"Portada","item":"https:\/\/letrame.com\/catalogo\/"},{"@type":"ListItem","position":2,"name":"Cat\u00e1logo","item":"https:\/\/letrame.com\/catalogo\/"},{"@type":"ListItem","position":3,"name":"Perfiles asesinos"}]},{"@type":"WebSite","@id":"https:\/\/letrame.com\/catalogo\/#website","url":"https:\/\/letrame.com\/catalogo\/","name":"Catalogo | Letrame Grupo Editorial","description":"","publisher":{"@id":"https:\/\/letrame.com\/catalogo\/#organization"},"potentialAction":[{"@type":"SearchAction","target":{"@type":"EntryPoint","urlTemplate":"https:\/\/letrame.com\/catalogo\/?s={search_term_string}"},"query-input":{"@type":"PropertyValueSpecification","valueRequired":true,"valueName":"search_term_string"}}],"inLanguage":"es"},{"@type":"Organization","@id":"https:\/\/letrame.com\/catalogo\/#organization","name":"Catalogo | Letrame Grupo Editorial","url":"https:\/\/letrame.com\/catalogo\/","logo":{"@type":"ImageObject","inLanguage":"es","@id":"https:\/\/letrame.com\/catalogo\/#\/schema\/logo\/image\/","url":"https:\/\/letrame.com\/catalogo\/wp-content\/uploads\/2024\/03\/logo2.webp","contentUrl":"https:\/\/letrame.com\/catalogo\/wp-content\/uploads\/2024\/03\/logo2.webp","width":394,"height":128,"caption":"Catalogo | Letrame Grupo Editorial"},"image":{"@id":"https:\/\/letrame.com\/catalogo\/#\/schema\/logo\/image\/"}}]}},"_links":{"self":[{"href":"https:\/\/letrame.com\/catalogo\/wp-json\/wp\/v2\/product\/108908","targetHints":{"allow":["GET"]}}],"collection":[{"href":"https:\/\/letrame.com\/catalogo\/wp-json\/wp\/v2\/product"}],"about":[{"href":"https:\/\/letrame.com\/catalogo\/wp-json\/wp\/v2\/types\/product"}],"replies":[{"embeddable":true,"href":"https:\/\/letrame.com\/catalogo\/wp-json\/wp\/v2\/comments?post=108908"}],"acf:post":[{"embeddable":true,"href":"https:\/\/letrame.com\/catalogo\/wp-json\/wp\/v2\/author_book\/108910"}],"wp:featuredmedia":[{"embeddable":true,"href":"https:\/\/letrame.com\/catalogo\/wp-json\/wp\/v2\/media\/108909"}],"wp:attachment":[{"href":"https:\/\/letrame.com\/catalogo\/wp-json\/wp\/v2\/media?parent=108908"}],"wp:term":[{"taxonomy":"libro","embeddable":true,"href":"https:\/\/letrame.com\/catalogo\/wp-json\/wp\/v2\/libro?post=108908"},{"taxonomy":"product_brand","embeddable":true,"href":"https:\/\/letrame.com\/catalogo\/wp-json\/wp\/v2\/product_brand?post=108908"},{"taxonomy":"product_cat","embeddable":true,"href":"https:\/\/letrame.com\/catalogo\/wp-json\/wp\/v2\/product_cat?post=108908"},{"taxonomy":"product_tag","embeddable":true,"href":"https:\/\/letrame.com\/catalogo\/wp-json\/wp\/v2\/product_tag?post=108908"}],"curies":[{"name":"wp","href":"https:\/\/api.w.org\/{rel}","templated":true}]}}