{"id":108902,"date":"2025-09-08T11:57:08","date_gmt":"2025-09-08T09:57:08","guid":{"rendered":"https:\/\/letrame.com\/catalogo\/?post_type=product&#038;p=108902"},"modified":"2025-09-08T11:59:04","modified_gmt":"2025-09-08T09:59:04","slug":"dakota-diario-de-una-ninfomana","status":"publish","type":"product","link":"https:\/\/letrame.com\/catalogo\/producto\/dakota-diario-de-una-ninfomana\/","title":{"rendered":"DAKOTA. Diario de una ninf\u00f3mana"},"content":{"rendered":"<p class=\"p1\"><b>ISBN: <\/b>9791370125141<b><\/b><\/p>\n<p class=\"p1\"><b>T\u00edtulo: <\/b>DAKOTA. Diario de una ninf\u00f3mana<b><\/b><\/p>\n<p><strong>Fecha<\/strong>: 2025<b><\/b><\/p>\n<p><strong>P\u00e1ginas<\/strong>: 274<b><\/b><\/p>\n<p class=\"p1\"><b>SINOPSIS<\/b><\/p>\n<p>\u00bfQui\u00e9n dijo que el pasado se puede dejar atr\u00e1s?<br \/>\nY asimismo, cerrarle las puertas; puedes ignorarlo y tratar de vivir sin \u00e9l, pero si te detienes y giras la cabeza, ah\u00ed siempre estar\u00e1, no importa donde vayas, al final te alcanza. Desde temprana edad, mi cuerpo me obligaba a experimentar un sinf\u00edn de emociones que yo misma lograba causar, no necesitaba de otras manos, cuando las m\u00edas conoc\u00edan perfectamente cada punto d\u00e9bil, cada rinc\u00f3n oculto ante los dem\u00e1s. Con el tiempo, a medida que fui creciendo, me cre\u00ed adicta al placer, al deseo, la lujuria, y pens\u00e9 que con el tiempo podr\u00eda parar, o al menos cuando yo lo decidiera, mas ella me ha dicho que no, me ha dicho que no podr\u00e9 parar, no as\u00ed de f\u00e1cil. Mi nombre es Dakota Ramos, soy ninf\u00f3mana.<br \/>\nEse pasado que se viene presentando en mis sue\u00f1os, aquel secreto, aquel misterio, aquel monstruo, fue aquello que viv\u00ed lo que me hizo ser quien hoy en d\u00eda soy. Tengo un diario, mi terapeuta me ha dicho que escriba todo lo que siento, aquello que pienso, aquello que me atormenta, aquello que no me atrevo a confesar. Mi diario no me juzga, nunca lo har\u00eda, espero que t\u00fa tampoco.<br \/>\nSin embargo, para ello debes conocer primero mi historia.<b><br \/>\n<\/b><\/p>\n","protected":false},"excerpt":{"rendered":"<p><b>ISBN: <\/b>9791370125141<\/p>\n<p><b>SINOPSIS<\/b><\/p>\n<p>\u00bfQui\u00e9n dijo que el pasado se puede dejar atr\u00e1s?<br \/>\nY asimismo, cerrarle las puertas; puedes ignorarlo y tratar de vivir sin \u00e9l, pero si te detienes y giras la cabeza, ah\u00ed siempre estar\u00e1, no importa donde vayas, al final te alcanza. Desde temprana edad, mi cuerpo me obligaba a experimentar un sinf\u00edn de emociones que yo misma lograba causar, no necesitaba de otras manos, cuando las m\u00edas conoc\u00edan perfectamente cada punto d\u00e9bil, cada rinc\u00f3n oculto ante los dem\u00e1s. Con el tiempo, a medida que fui creciendo, me cre\u00ed adicta al placer, al deseo, la lujuria, y pens\u00e9 que con el tiempo podr\u00eda parar, o al menos cuando yo lo decidiera, mas ella me ha dicho que no, me ha dicho que no podr\u00e9 parar, no as\u00ed de f\u00e1cil. Mi nombre es Dakota Ramos, soy ninf\u00f3mana.<br \/>\nEse pasado que se viene presentando en mis sue\u00f1os, aquel secreto, aquel misterio, aquel monstruo, fue aquello que viv\u00ed lo que me hizo ser quien hoy en d\u00eda soy. Tengo un diario, mi terapeuta me ha dicho que escriba todo lo que siento, aquello que pienso, aquello que me atormenta, aquello que no me atrevo a confesar. Mi diario no me juzga, nunca lo har\u00eda, espero que t\u00fa tampoco.<br \/>\nSin embargo, para ello debes conocer primero mi historia.<\/p>\n","protected":false},"featured_media":108907,"comment_status":"open","ping_status":"closed","template":"","meta":{"_acf_changed":false},"libro":[],"product_brand":[],"product_cat":[50],"product_tag":[],"class_list":{"0":"post-108902","1":"product","2":"type-product","3":"status-publish","4":"has-post-thumbnail","6":"product_cat-novela-romantica","8":"first","9":"instock","10":"shipping-taxable","11":"product-type-simple"},"acf":{"autor":[108903],"enlace_de_compra":"https:\/\/www.amazon.es\/dp\/B0FJ5HVG6B"},"yoast_head":"<!-- This site is optimized with the Yoast SEO plugin v27.4 - https:\/\/yoast.com\/product\/yoast-seo-wordpress\/ -->\n<title>DAKOTA. Diario de una ninf\u00f3mana - Catalogo | Letrame Grupo Editorial<\/title>\n<meta name=\"robots\" content=\"index, follow, max-snippet:-1, max-image-preview:large, max-video-preview:-1\" \/>\n<link rel=\"canonical\" href=\"https:\/\/letrame.com\/catalogo\/producto\/dakota-diario-de-una-ninfomana\/\" \/>\n<meta property=\"og:locale\" content=\"es_ES\" \/>\n<meta property=\"og:type\" content=\"article\" \/>\n<meta property=\"og:title\" content=\"DAKOTA. Diario de una ninf\u00f3mana - Catalogo | Letrame Grupo Editorial\" \/>\n<meta property=\"og:description\" content=\"ISBN: 9791370125141  SINOPSIS  \u00bfQui\u00e9n dijo que el pasado se puede dejar atr\u00e1s? Y asimismo, cerrarle las puertas; puedes ignorarlo y tratar de vivir sin \u00e9l, pero si te detienes y giras la cabeza, ah\u00ed siempre estar\u00e1, no importa donde vayas, al final te alcanza. Desde temprana edad, mi cuerpo me obligaba a experimentar un sinf\u00edn de emociones que yo misma lograba causar, no necesitaba de otras manos, cuando las m\u00edas conoc\u00edan perfectamente cada punto d\u00e9bil, cada rinc\u00f3n oculto ante los dem\u00e1s. Con el tiempo, a medida que fui creciendo, me cre\u00ed adicta al placer, al deseo, la lujuria, y pens\u00e9 que con el tiempo podr\u00eda parar, o al menos cuando yo lo decidiera, mas ella me ha dicho que no, me ha dicho que no podr\u00e9 parar, no as\u00ed de f\u00e1cil. Mi nombre es Dakota Ramos, soy ninf\u00f3mana. Ese pasado que se viene presentando en mis sue\u00f1os, aquel secreto, aquel misterio, aquel monstruo, fue aquello que viv\u00ed lo que me hizo ser quien hoy en d\u00eda soy. Tengo un diario, mi terapeuta me ha dicho que escriba todo lo que siento, aquello que pienso, aquello que me atormenta, aquello que no me atrevo a confesar. Mi diario no me juzga, nunca lo har\u00eda, espero que t\u00fa tampoco. Sin embargo, para ello debes conocer primero mi historia.\" \/>\n<meta property=\"og:url\" content=\"https:\/\/letrame.com\/catalogo\/producto\/dakota-diario-de-una-ninfomana\/\" \/>\n<meta property=\"og:site_name\" content=\"Catalogo | Letrame Grupo Editorial\" \/>\n<meta property=\"article:modified_time\" content=\"2025-09-08T09:59:04+00:00\" \/>\n<meta property=\"og:image\" content=\"https:\/\/letrame.com\/catalogo\/wp-content\/uploads\/2025\/09\/dakota_1371mm4.jpg\" \/>\n\t<meta property=\"og:image:width\" content=\"384\" \/>\n\t<meta property=\"og:image:height\" content=\"563\" \/>\n\t<meta property=\"og:image:type\" content=\"image\/jpeg\" \/>\n<meta name=\"twitter:card\" content=\"summary_large_image\" \/>\n<meta name=\"twitter:label1\" content=\"Tiempo de lectura\" \/>\n\t<meta name=\"twitter:data1\" content=\"2 minutos\" \/>\n<script type=\"application\/ld+json\" class=\"yoast-schema-graph\">{\"@context\":\"https:\\\/\\\/schema.org\",\"@graph\":[{\"@type\":\"WebPage\",\"@id\":\"https:\\\/\\\/letrame.com\\\/catalogo\\\/producto\\\/dakota-diario-de-una-ninfomana\\\/\",\"url\":\"https:\\\/\\\/letrame.com\\\/catalogo\\\/producto\\\/dakota-diario-de-una-ninfomana\\\/\",\"name\":\"DAKOTA. Diario de una ninf\u00f3mana - Catalogo | Letrame Grupo Editorial\",\"isPartOf\":{\"@id\":\"https:\\\/\\\/letrame.com\\\/catalogo\\\/#website\"},\"primaryImageOfPage\":{\"@id\":\"https:\\\/\\\/letrame.com\\\/catalogo\\\/producto\\\/dakota-diario-de-una-ninfomana\\\/#primaryimage\"},\"image\":{\"@id\":\"https:\\\/\\\/letrame.com\\\/catalogo\\\/producto\\\/dakota-diario-de-una-ninfomana\\\/#primaryimage\"},\"thumbnailUrl\":\"https:\\\/\\\/letrame.com\\\/catalogo\\\/wp-content\\\/uploads\\\/2025\\\/09\\\/dakota_1371mm4.jpg\",\"datePublished\":\"2025-09-08T09:57:08+00:00\",\"dateModified\":\"2025-09-08T09:59:04+00:00\",\"breadcrumb\":{\"@id\":\"https:\\\/\\\/letrame.com\\\/catalogo\\\/producto\\\/dakota-diario-de-una-ninfomana\\\/#breadcrumb\"},\"inLanguage\":\"es\",\"potentialAction\":[{\"@type\":\"ReadAction\",\"target\":[\"https:\\\/\\\/letrame.com\\\/catalogo\\\/producto\\\/dakota-diario-de-una-ninfomana\\\/\"]}]},{\"@type\":\"ImageObject\",\"inLanguage\":\"es\",\"@id\":\"https:\\\/\\\/letrame.com\\\/catalogo\\\/producto\\\/dakota-diario-de-una-ninfomana\\\/#primaryimage\",\"url\":\"https:\\\/\\\/letrame.com\\\/catalogo\\\/wp-content\\\/uploads\\\/2025\\\/09\\\/dakota_1371mm4.jpg\",\"contentUrl\":\"https:\\\/\\\/letrame.com\\\/catalogo\\\/wp-content\\\/uploads\\\/2025\\\/09\\\/dakota_1371mm4.jpg\",\"width\":384,\"height\":563},{\"@type\":\"BreadcrumbList\",\"@id\":\"https:\\\/\\\/letrame.com\\\/catalogo\\\/producto\\\/dakota-diario-de-una-ninfomana\\\/#breadcrumb\",\"itemListElement\":[{\"@type\":\"ListItem\",\"position\":1,\"name\":\"Portada\",\"item\":\"https:\\\/\\\/letrame.com\\\/catalogo\\\/\"},{\"@type\":\"ListItem\",\"position\":2,\"name\":\"Cat\u00e1logo\",\"item\":\"https:\\\/\\\/letrame.com\\\/catalogo\\\/\"},{\"@type\":\"ListItem\",\"position\":3,\"name\":\"DAKOTA. Diario de una ninf\u00f3mana\"}]},{\"@type\":\"WebSite\",\"@id\":\"https:\\\/\\\/letrame.com\\\/catalogo\\\/#website\",\"url\":\"https:\\\/\\\/letrame.com\\\/catalogo\\\/\",\"name\":\"Catalogo | Letrame Grupo Editorial\",\"description\":\"\",\"publisher\":{\"@id\":\"https:\\\/\\\/letrame.com\\\/catalogo\\\/#organization\"},\"potentialAction\":[{\"@type\":\"SearchAction\",\"target\":{\"@type\":\"EntryPoint\",\"urlTemplate\":\"https:\\\/\\\/letrame.com\\\/catalogo\\\/?s={search_term_string}\"},\"query-input\":{\"@type\":\"PropertyValueSpecification\",\"valueRequired\":true,\"valueName\":\"search_term_string\"}}],\"inLanguage\":\"es\"},{\"@type\":\"Organization\",\"@id\":\"https:\\\/\\\/letrame.com\\\/catalogo\\\/#organization\",\"name\":\"Catalogo | Letrame Grupo Editorial\",\"url\":\"https:\\\/\\\/letrame.com\\\/catalogo\\\/\",\"logo\":{\"@type\":\"ImageObject\",\"inLanguage\":\"es\",\"@id\":\"https:\\\/\\\/letrame.com\\\/catalogo\\\/#\\\/schema\\\/logo\\\/image\\\/\",\"url\":\"https:\\\/\\\/letrame.com\\\/catalogo\\\/wp-content\\\/uploads\\\/2024\\\/03\\\/logo2.webp\",\"contentUrl\":\"https:\\\/\\\/letrame.com\\\/catalogo\\\/wp-content\\\/uploads\\\/2024\\\/03\\\/logo2.webp\",\"width\":394,\"height\":128,\"caption\":\"Catalogo | Letrame Grupo Editorial\"},\"image\":{\"@id\":\"https:\\\/\\\/letrame.com\\\/catalogo\\\/#\\\/schema\\\/logo\\\/image\\\/\"}}]}<\/script>\n<!-- \/ Yoast SEO plugin. -->","yoast_head_json":{"title":"DAKOTA. Diario de una ninf\u00f3mana - Catalogo | Letrame Grupo Editorial","robots":{"index":"index","follow":"follow","max-snippet":"max-snippet:-1","max-image-preview":"max-image-preview:large","max-video-preview":"max-video-preview:-1"},"canonical":"https:\/\/letrame.com\/catalogo\/producto\/dakota-diario-de-una-ninfomana\/","og_locale":"es_ES","og_type":"article","og_title":"DAKOTA. Diario de una ninf\u00f3mana - Catalogo | Letrame Grupo Editorial","og_description":"ISBN: 9791370125141  SINOPSIS  \u00bfQui\u00e9n dijo que el pasado se puede dejar atr\u00e1s? Y asimismo, cerrarle las puertas; puedes ignorarlo y tratar de vivir sin \u00e9l, pero si te detienes y giras la cabeza, ah\u00ed siempre estar\u00e1, no importa donde vayas, al final te alcanza. Desde temprana edad, mi cuerpo me obligaba a experimentar un sinf\u00edn de emociones que yo misma lograba causar, no necesitaba de otras manos, cuando las m\u00edas conoc\u00edan perfectamente cada punto d\u00e9bil, cada rinc\u00f3n oculto ante los dem\u00e1s. Con el tiempo, a medida que fui creciendo, me cre\u00ed adicta al placer, al deseo, la lujuria, y pens\u00e9 que con el tiempo podr\u00eda parar, o al menos cuando yo lo decidiera, mas ella me ha dicho que no, me ha dicho que no podr\u00e9 parar, no as\u00ed de f\u00e1cil. Mi nombre es Dakota Ramos, soy ninf\u00f3mana. Ese pasado que se viene presentando en mis sue\u00f1os, aquel secreto, aquel misterio, aquel monstruo, fue aquello que viv\u00ed lo que me hizo ser quien hoy en d\u00eda soy. Tengo un diario, mi terapeuta me ha dicho que escriba todo lo que siento, aquello que pienso, aquello que me atormenta, aquello que no me atrevo a confesar. Mi diario no me juzga, nunca lo har\u00eda, espero que t\u00fa tampoco. Sin embargo, para ello debes conocer primero mi historia.","og_url":"https:\/\/letrame.com\/catalogo\/producto\/dakota-diario-de-una-ninfomana\/","og_site_name":"Catalogo | Letrame Grupo Editorial","article_modified_time":"2025-09-08T09:59:04+00:00","og_image":[{"width":384,"height":563,"url":"https:\/\/letrame.com\/catalogo\/wp-content\/uploads\/2025\/09\/dakota_1371mm4.jpg","type":"image\/jpeg"}],"twitter_card":"summary_large_image","twitter_misc":{"Tiempo de lectura":"2 minutos"},"schema":{"@context":"https:\/\/schema.org","@graph":[{"@type":"WebPage","@id":"https:\/\/letrame.com\/catalogo\/producto\/dakota-diario-de-una-ninfomana\/","url":"https:\/\/letrame.com\/catalogo\/producto\/dakota-diario-de-una-ninfomana\/","name":"DAKOTA. Diario de una ninf\u00f3mana - Catalogo | Letrame Grupo Editorial","isPartOf":{"@id":"https:\/\/letrame.com\/catalogo\/#website"},"primaryImageOfPage":{"@id":"https:\/\/letrame.com\/catalogo\/producto\/dakota-diario-de-una-ninfomana\/#primaryimage"},"image":{"@id":"https:\/\/letrame.com\/catalogo\/producto\/dakota-diario-de-una-ninfomana\/#primaryimage"},"thumbnailUrl":"https:\/\/letrame.com\/catalogo\/wp-content\/uploads\/2025\/09\/dakota_1371mm4.jpg","datePublished":"2025-09-08T09:57:08+00:00","dateModified":"2025-09-08T09:59:04+00:00","breadcrumb":{"@id":"https:\/\/letrame.com\/catalogo\/producto\/dakota-diario-de-una-ninfomana\/#breadcrumb"},"inLanguage":"es","potentialAction":[{"@type":"ReadAction","target":["https:\/\/letrame.com\/catalogo\/producto\/dakota-diario-de-una-ninfomana\/"]}]},{"@type":"ImageObject","inLanguage":"es","@id":"https:\/\/letrame.com\/catalogo\/producto\/dakota-diario-de-una-ninfomana\/#primaryimage","url":"https:\/\/letrame.com\/catalogo\/wp-content\/uploads\/2025\/09\/dakota_1371mm4.jpg","contentUrl":"https:\/\/letrame.com\/catalogo\/wp-content\/uploads\/2025\/09\/dakota_1371mm4.jpg","width":384,"height":563},{"@type":"BreadcrumbList","@id":"https:\/\/letrame.com\/catalogo\/producto\/dakota-diario-de-una-ninfomana\/#breadcrumb","itemListElement":[{"@type":"ListItem","position":1,"name":"Portada","item":"https:\/\/letrame.com\/catalogo\/"},{"@type":"ListItem","position":2,"name":"Cat\u00e1logo","item":"https:\/\/letrame.com\/catalogo\/"},{"@type":"ListItem","position":3,"name":"DAKOTA. Diario de una ninf\u00f3mana"}]},{"@type":"WebSite","@id":"https:\/\/letrame.com\/catalogo\/#website","url":"https:\/\/letrame.com\/catalogo\/","name":"Catalogo | Letrame Grupo Editorial","description":"","publisher":{"@id":"https:\/\/letrame.com\/catalogo\/#organization"},"potentialAction":[{"@type":"SearchAction","target":{"@type":"EntryPoint","urlTemplate":"https:\/\/letrame.com\/catalogo\/?s={search_term_string}"},"query-input":{"@type":"PropertyValueSpecification","valueRequired":true,"valueName":"search_term_string"}}],"inLanguage":"es"},{"@type":"Organization","@id":"https:\/\/letrame.com\/catalogo\/#organization","name":"Catalogo | Letrame Grupo Editorial","url":"https:\/\/letrame.com\/catalogo\/","logo":{"@type":"ImageObject","inLanguage":"es","@id":"https:\/\/letrame.com\/catalogo\/#\/schema\/logo\/image\/","url":"https:\/\/letrame.com\/catalogo\/wp-content\/uploads\/2024\/03\/logo2.webp","contentUrl":"https:\/\/letrame.com\/catalogo\/wp-content\/uploads\/2024\/03\/logo2.webp","width":394,"height":128,"caption":"Catalogo | Letrame Grupo Editorial"},"image":{"@id":"https:\/\/letrame.com\/catalogo\/#\/schema\/logo\/image\/"}}]}},"_links":{"self":[{"href":"https:\/\/letrame.com\/catalogo\/wp-json\/wp\/v2\/product\/108902","targetHints":{"allow":["GET"]}}],"collection":[{"href":"https:\/\/letrame.com\/catalogo\/wp-json\/wp\/v2\/product"}],"about":[{"href":"https:\/\/letrame.com\/catalogo\/wp-json\/wp\/v2\/types\/product"}],"replies":[{"embeddable":true,"href":"https:\/\/letrame.com\/catalogo\/wp-json\/wp\/v2\/comments?post=108902"}],"acf:post":[{"embeddable":true,"href":"https:\/\/letrame.com\/catalogo\/wp-json\/wp\/v2\/author_book\/108903"}],"wp:featuredmedia":[{"embeddable":true,"href":"https:\/\/letrame.com\/catalogo\/wp-json\/wp\/v2\/media\/108907"}],"wp:attachment":[{"href":"https:\/\/letrame.com\/catalogo\/wp-json\/wp\/v2\/media?parent=108902"}],"wp:term":[{"taxonomy":"libro","embeddable":true,"href":"https:\/\/letrame.com\/catalogo\/wp-json\/wp\/v2\/libro?post=108902"},{"taxonomy":"product_brand","embeddable":true,"href":"https:\/\/letrame.com\/catalogo\/wp-json\/wp\/v2\/product_brand?post=108902"},{"taxonomy":"product_cat","embeddable":true,"href":"https:\/\/letrame.com\/catalogo\/wp-json\/wp\/v2\/product_cat?post=108902"},{"taxonomy":"product_tag","embeddable":true,"href":"https:\/\/letrame.com\/catalogo\/wp-json\/wp\/v2\/product_tag?post=108902"}],"curies":[{"name":"wp","href":"https:\/\/api.w.org\/{rel}","templated":true}]}}