{"id":108834,"date":"2025-09-04T10:07:25","date_gmt":"2025-09-04T08:07:25","guid":{"rendered":"https:\/\/letrame.com\/catalogo\/?post_type=product&#038;p=108834"},"modified":"2025-09-04T10:19:43","modified_gmt":"2025-09-04T08:19:43","slug":"asesinato-en-la-casa-del-pecado","status":"publish","type":"product","link":"https:\/\/letrame.com\/catalogo\/producto\/asesinato-en-la-casa-del-pecado\/","title":{"rendered":"Asesinato en la casa del pecado"},"content":{"rendered":"<p class=\"p1\"><b>ISBN: <\/b>9791370127671<b><\/b><\/p>\n<p class=\"p1\"><b>T\u00edtulo: <\/b>Asesinato en la casa del pecado<b><\/b><\/p>\n<p><strong>Fecha<\/strong>: 2025<b><\/b><\/p>\n<p><strong>P\u00e1ginas<\/strong>: 192<b><\/b><\/p>\n<p class=\"p1\"><b>SINOPSIS<\/b><\/p>\n<p>Kate Stone es una mujer de 38 a\u00f1os; fuerte, profesional y la mejor inspectora de homicidios de Chicago. Junto con John, su compa\u00f1ero, investigan un nuevo caso de asesinato: una escena del crimen de lo m\u00e1s escalofriante.<br \/>\nTodos los traumas y las emociones que Kate hab\u00eda reprimido durante los \u00faltimos veinte a\u00f1os emergen de nuevo al descubrir que el asesinato ocurri\u00f3 en la casa del pecado: el hogar de acogida donde vivi\u00f3 de ni\u00f1a. John se sumerge con ella en su traum\u00e1tica infancia de abusos y maltrato, ofreci\u00e9ndole apoyo en el peor caso de toda su carrera&#8230; y dejando entrever lo que realmente siente por ella.<br \/>\nJuntos se embarcan en una investigaci\u00f3n que cambiar\u00e1 sus vidas para siempre.<\/p>\n","protected":false},"excerpt":{"rendered":"<p><b>ISBN: <\/b>9791370127671<\/p>\n<p><b>SINOPSIS<\/b><\/p>\n<p>Kate Stone es una mujer de 38 a\u00f1os; fuerte, profesional y la mejor inspectora de homicidios de Chicago. Junto con John, su compa\u00f1ero, investigan un nuevo caso de asesinato: una escena del crimen de lo m\u00e1s escalofriante.<br \/>\nTodos los traumas y las emociones que Kate hab\u00eda reprimido durante los \u00faltimos veinte a\u00f1os emergen de nuevo al descubrir que el asesinato ocurri\u00f3 en la casa del pecado: el hogar de acogida donde vivi\u00f3 de ni\u00f1a. John se sumerge con ella en su traum\u00e1tica infancia de abusos y maltrato, ofreci\u00e9ndole apoyo en el peor caso de toda su carrera&#8230; y dejando entrever lo que realmente siente por ella.<br \/>\nJuntos se embarcan en una investigaci\u00f3n que cambiar\u00e1 sus vidas para siempre.<\/p>\n","protected":false},"featured_media":108836,"comment_status":"open","ping_status":"closed","template":"","meta":{"_acf_changed":false},"libro":[],"product_brand":[],"product_cat":[51],"product_tag":[],"class_list":{"0":"post-108834","1":"product","2":"type-product","3":"status-publish","4":"has-post-thumbnail","6":"product_cat-novela-negra","8":"first","9":"instock","10":"shipping-taxable","11":"product-type-simple"},"acf":{"autor":[108833],"enlace_de_compra":""},"yoast_head":"<!-- This site is optimized with the Yoast SEO plugin v26.6 - https:\/\/yoast.com\/wordpress\/plugins\/seo\/ -->\n<title>Asesinato en la casa del pecado - Catalogo | Letrame Grupo Editorial<\/title>\n<meta name=\"robots\" content=\"index, follow, max-snippet:-1, max-image-preview:large, max-video-preview:-1\" \/>\n<link rel=\"canonical\" href=\"https:\/\/letrame.com\/catalogo\/producto\/asesinato-en-la-casa-del-pecado\/\" \/>\n<meta property=\"og:locale\" content=\"es_ES\" \/>\n<meta property=\"og:type\" content=\"article\" \/>\n<meta property=\"og:title\" content=\"Asesinato en la casa del pecado - Catalogo | Letrame Grupo Editorial\" \/>\n<meta property=\"og:description\" content=\"ISBN: 9791370127671  SINOPSIS  Kate Stone es una mujer de 38 a\u00f1os; fuerte, profesional y la mejor inspectora de homicidios de Chicago. Junto con John, su compa\u00f1ero, investigan un nuevo caso de asesinato: una escena del crimen de lo m\u00e1s escalofriante. Todos los traumas y las emociones que Kate hab\u00eda reprimido durante los \u00faltimos veinte a\u00f1os emergen de nuevo al descubrir que el asesinato ocurri\u00f3 en la casa del pecado: el hogar de acogida donde vivi\u00f3 de ni\u00f1a. John se sumerge con ella en su traum\u00e1tica infancia de abusos y maltrato, ofreci\u00e9ndole apoyo en el peor caso de toda su carrera... y dejando entrever lo que realmente siente por ella. Juntos se embarcan en una investigaci\u00f3n que cambiar\u00e1 sus vidas para siempre.\" \/>\n<meta property=\"og:url\" content=\"https:\/\/letrame.com\/catalogo\/producto\/asesinato-en-la-casa-del-pecado\/\" \/>\n<meta property=\"og:site_name\" content=\"Catalogo | Letrame Grupo Editorial\" \/>\n<meta property=\"article:modified_time\" content=\"2025-09-04T08:19:43+00:00\" \/>\n<meta property=\"og:image\" content=\"https:\/\/letrame.com\/catalogo\/wp-content\/uploads\/2025\/09\/asesinatoenlacasa_993mm4.jpg\" \/>\n\t<meta property=\"og:image:width\" content=\"384\" \/>\n\t<meta property=\"og:image:height\" content=\"537\" \/>\n\t<meta property=\"og:image:type\" content=\"image\/jpeg\" \/>\n<meta name=\"twitter:card\" content=\"summary_large_image\" \/>\n<meta name=\"twitter:label1\" content=\"Tiempo de lectura\" \/>\n\t<meta name=\"twitter:data1\" content=\"1 minuto\" \/>\n<script type=\"application\/ld+json\" class=\"yoast-schema-graph\">{\"@context\":\"https:\/\/schema.org\",\"@graph\":[{\"@type\":\"WebPage\",\"@id\":\"https:\/\/letrame.com\/catalogo\/producto\/asesinato-en-la-casa-del-pecado\/\",\"url\":\"https:\/\/letrame.com\/catalogo\/producto\/asesinato-en-la-casa-del-pecado\/\",\"name\":\"Asesinato en la casa del pecado - Catalogo | Letrame Grupo Editorial\",\"isPartOf\":{\"@id\":\"https:\/\/letrame.com\/catalogo\/#website\"},\"primaryImageOfPage\":{\"@id\":\"https:\/\/letrame.com\/catalogo\/producto\/asesinato-en-la-casa-del-pecado\/#primaryimage\"},\"image\":{\"@id\":\"https:\/\/letrame.com\/catalogo\/producto\/asesinato-en-la-casa-del-pecado\/#primaryimage\"},\"thumbnailUrl\":\"https:\/\/letrame.com\/catalogo\/wp-content\/uploads\/2025\/09\/asesinatoenlacasa_993mm4.jpg\",\"datePublished\":\"2025-09-04T08:07:25+00:00\",\"dateModified\":\"2025-09-04T08:19:43+00:00\",\"breadcrumb\":{\"@id\":\"https:\/\/letrame.com\/catalogo\/producto\/asesinato-en-la-casa-del-pecado\/#breadcrumb\"},\"inLanguage\":\"es\",\"potentialAction\":[{\"@type\":\"ReadAction\",\"target\":[\"https:\/\/letrame.com\/catalogo\/producto\/asesinato-en-la-casa-del-pecado\/\"]}]},{\"@type\":\"ImageObject\",\"inLanguage\":\"es\",\"@id\":\"https:\/\/letrame.com\/catalogo\/producto\/asesinato-en-la-casa-del-pecado\/#primaryimage\",\"url\":\"https:\/\/letrame.com\/catalogo\/wp-content\/uploads\/2025\/09\/asesinatoenlacasa_993mm4.jpg\",\"contentUrl\":\"https:\/\/letrame.com\/catalogo\/wp-content\/uploads\/2025\/09\/asesinatoenlacasa_993mm4.jpg\",\"width\":384,\"height\":537},{\"@type\":\"BreadcrumbList\",\"@id\":\"https:\/\/letrame.com\/catalogo\/producto\/asesinato-en-la-casa-del-pecado\/#breadcrumb\",\"itemListElement\":[{\"@type\":\"ListItem\",\"position\":1,\"name\":\"Portada\",\"item\":\"https:\/\/letrame.com\/catalogo\/\"},{\"@type\":\"ListItem\",\"position\":2,\"name\":\"Cat\u00e1logo\",\"item\":\"https:\/\/letrame.com\/catalogo\/\"},{\"@type\":\"ListItem\",\"position\":3,\"name\":\"Asesinato en la casa del pecado\"}]},{\"@type\":\"WebSite\",\"@id\":\"https:\/\/letrame.com\/catalogo\/#website\",\"url\":\"https:\/\/letrame.com\/catalogo\/\",\"name\":\"Catalogo | Letrame Grupo Editorial\",\"description\":\"\",\"publisher\":{\"@id\":\"https:\/\/letrame.com\/catalogo\/#organization\"},\"potentialAction\":[{\"@type\":\"SearchAction\",\"target\":{\"@type\":\"EntryPoint\",\"urlTemplate\":\"https:\/\/letrame.com\/catalogo\/?s={search_term_string}\"},\"query-input\":{\"@type\":\"PropertyValueSpecification\",\"valueRequired\":true,\"valueName\":\"search_term_string\"}}],\"inLanguage\":\"es\"},{\"@type\":\"Organization\",\"@id\":\"https:\/\/letrame.com\/catalogo\/#organization\",\"name\":\"Catalogo | Letrame Grupo Editorial\",\"url\":\"https:\/\/letrame.com\/catalogo\/\",\"logo\":{\"@type\":\"ImageObject\",\"inLanguage\":\"es\",\"@id\":\"https:\/\/letrame.com\/catalogo\/#\/schema\/logo\/image\/\",\"url\":\"https:\/\/letrame.com\/catalogo\/wp-content\/uploads\/2024\/03\/logo2.webp\",\"contentUrl\":\"https:\/\/letrame.com\/catalogo\/wp-content\/uploads\/2024\/03\/logo2.webp\",\"width\":394,\"height\":128,\"caption\":\"Catalogo | Letrame Grupo Editorial\"},\"image\":{\"@id\":\"https:\/\/letrame.com\/catalogo\/#\/schema\/logo\/image\/\"}}]}<\/script>\n<!-- \/ Yoast SEO plugin. -->","yoast_head_json":{"title":"Asesinato en la casa del pecado - Catalogo | Letrame Grupo Editorial","robots":{"index":"index","follow":"follow","max-snippet":"max-snippet:-1","max-image-preview":"max-image-preview:large","max-video-preview":"max-video-preview:-1"},"canonical":"https:\/\/letrame.com\/catalogo\/producto\/asesinato-en-la-casa-del-pecado\/","og_locale":"es_ES","og_type":"article","og_title":"Asesinato en la casa del pecado - Catalogo | Letrame Grupo Editorial","og_description":"ISBN: 9791370127671  SINOPSIS  Kate Stone es una mujer de 38 a\u00f1os; fuerte, profesional y la mejor inspectora de homicidios de Chicago. Junto con John, su compa\u00f1ero, investigan un nuevo caso de asesinato: una escena del crimen de lo m\u00e1s escalofriante. Todos los traumas y las emociones que Kate hab\u00eda reprimido durante los \u00faltimos veinte a\u00f1os emergen de nuevo al descubrir que el asesinato ocurri\u00f3 en la casa del pecado: el hogar de acogida donde vivi\u00f3 de ni\u00f1a. John se sumerge con ella en su traum\u00e1tica infancia de abusos y maltrato, ofreci\u00e9ndole apoyo en el peor caso de toda su carrera... y dejando entrever lo que realmente siente por ella. Juntos se embarcan en una investigaci\u00f3n que cambiar\u00e1 sus vidas para siempre.","og_url":"https:\/\/letrame.com\/catalogo\/producto\/asesinato-en-la-casa-del-pecado\/","og_site_name":"Catalogo | Letrame Grupo Editorial","article_modified_time":"2025-09-04T08:19:43+00:00","og_image":[{"width":384,"height":537,"url":"https:\/\/letrame.com\/catalogo\/wp-content\/uploads\/2025\/09\/asesinatoenlacasa_993mm4.jpg","type":"image\/jpeg"}],"twitter_card":"summary_large_image","twitter_misc":{"Tiempo de lectura":"1 minuto"},"schema":{"@context":"https:\/\/schema.org","@graph":[{"@type":"WebPage","@id":"https:\/\/letrame.com\/catalogo\/producto\/asesinato-en-la-casa-del-pecado\/","url":"https:\/\/letrame.com\/catalogo\/producto\/asesinato-en-la-casa-del-pecado\/","name":"Asesinato en la casa del pecado - Catalogo | Letrame Grupo Editorial","isPartOf":{"@id":"https:\/\/letrame.com\/catalogo\/#website"},"primaryImageOfPage":{"@id":"https:\/\/letrame.com\/catalogo\/producto\/asesinato-en-la-casa-del-pecado\/#primaryimage"},"image":{"@id":"https:\/\/letrame.com\/catalogo\/producto\/asesinato-en-la-casa-del-pecado\/#primaryimage"},"thumbnailUrl":"https:\/\/letrame.com\/catalogo\/wp-content\/uploads\/2025\/09\/asesinatoenlacasa_993mm4.jpg","datePublished":"2025-09-04T08:07:25+00:00","dateModified":"2025-09-04T08:19:43+00:00","breadcrumb":{"@id":"https:\/\/letrame.com\/catalogo\/producto\/asesinato-en-la-casa-del-pecado\/#breadcrumb"},"inLanguage":"es","potentialAction":[{"@type":"ReadAction","target":["https:\/\/letrame.com\/catalogo\/producto\/asesinato-en-la-casa-del-pecado\/"]}]},{"@type":"ImageObject","inLanguage":"es","@id":"https:\/\/letrame.com\/catalogo\/producto\/asesinato-en-la-casa-del-pecado\/#primaryimage","url":"https:\/\/letrame.com\/catalogo\/wp-content\/uploads\/2025\/09\/asesinatoenlacasa_993mm4.jpg","contentUrl":"https:\/\/letrame.com\/catalogo\/wp-content\/uploads\/2025\/09\/asesinatoenlacasa_993mm4.jpg","width":384,"height":537},{"@type":"BreadcrumbList","@id":"https:\/\/letrame.com\/catalogo\/producto\/asesinato-en-la-casa-del-pecado\/#breadcrumb","itemListElement":[{"@type":"ListItem","position":1,"name":"Portada","item":"https:\/\/letrame.com\/catalogo\/"},{"@type":"ListItem","position":2,"name":"Cat\u00e1logo","item":"https:\/\/letrame.com\/catalogo\/"},{"@type":"ListItem","position":3,"name":"Asesinato en la casa del pecado"}]},{"@type":"WebSite","@id":"https:\/\/letrame.com\/catalogo\/#website","url":"https:\/\/letrame.com\/catalogo\/","name":"Catalogo | Letrame Grupo Editorial","description":"","publisher":{"@id":"https:\/\/letrame.com\/catalogo\/#organization"},"potentialAction":[{"@type":"SearchAction","target":{"@type":"EntryPoint","urlTemplate":"https:\/\/letrame.com\/catalogo\/?s={search_term_string}"},"query-input":{"@type":"PropertyValueSpecification","valueRequired":true,"valueName":"search_term_string"}}],"inLanguage":"es"},{"@type":"Organization","@id":"https:\/\/letrame.com\/catalogo\/#organization","name":"Catalogo | Letrame Grupo Editorial","url":"https:\/\/letrame.com\/catalogo\/","logo":{"@type":"ImageObject","inLanguage":"es","@id":"https:\/\/letrame.com\/catalogo\/#\/schema\/logo\/image\/","url":"https:\/\/letrame.com\/catalogo\/wp-content\/uploads\/2024\/03\/logo2.webp","contentUrl":"https:\/\/letrame.com\/catalogo\/wp-content\/uploads\/2024\/03\/logo2.webp","width":394,"height":128,"caption":"Catalogo | Letrame Grupo Editorial"},"image":{"@id":"https:\/\/letrame.com\/catalogo\/#\/schema\/logo\/image\/"}}]}},"_links":{"self":[{"href":"https:\/\/letrame.com\/catalogo\/wp-json\/wp\/v2\/product\/108834","targetHints":{"allow":["GET"]}}],"collection":[{"href":"https:\/\/letrame.com\/catalogo\/wp-json\/wp\/v2\/product"}],"about":[{"href":"https:\/\/letrame.com\/catalogo\/wp-json\/wp\/v2\/types\/product"}],"replies":[{"embeddable":true,"href":"https:\/\/letrame.com\/catalogo\/wp-json\/wp\/v2\/comments?post=108834"}],"acf:post":[{"embeddable":true,"href":"https:\/\/letrame.com\/catalogo\/wp-json\/wp\/v2\/author_book\/108833"}],"wp:featuredmedia":[{"embeddable":true,"href":"https:\/\/letrame.com\/catalogo\/wp-json\/wp\/v2\/media\/108836"}],"wp:attachment":[{"href":"https:\/\/letrame.com\/catalogo\/wp-json\/wp\/v2\/media?parent=108834"}],"wp:term":[{"taxonomy":"libro","embeddable":true,"href":"https:\/\/letrame.com\/catalogo\/wp-json\/wp\/v2\/libro?post=108834"},{"taxonomy":"product_brand","embeddable":true,"href":"https:\/\/letrame.com\/catalogo\/wp-json\/wp\/v2\/product_brand?post=108834"},{"taxonomy":"product_cat","embeddable":true,"href":"https:\/\/letrame.com\/catalogo\/wp-json\/wp\/v2\/product_cat?post=108834"},{"taxonomy":"product_tag","embeddable":true,"href":"https:\/\/letrame.com\/catalogo\/wp-json\/wp\/v2\/product_tag?post=108834"}],"curies":[{"name":"wp","href":"https:\/\/api.w.org\/{rel}","templated":true}]}}