{"id":108822,"date":"2025-09-03T10:16:03","date_gmt":"2025-09-03T08:16:03","guid":{"rendered":"https:\/\/letrame.com\/catalogo\/?post_type=product&#038;p=108822"},"modified":"2025-09-03T10:21:43","modified_gmt":"2025-09-03T08:21:43","slug":"banderazu","status":"publish","type":"product","link":"https:\/\/letrame.com\/catalogo\/producto\/banderazu\/","title":{"rendered":"Banderazu"},"content":{"rendered":"<p class=\"p1\"><b>ISBN:<\/b> 9791370127145<b><\/b><\/p>\n<p class=\"p1\"><b>T\u00edtulo:<\/b> Banderazu. Bioqu\u00edmica m\u00e9dica<b><\/b><\/p>\n<p><strong>Fecha<\/strong>: 2025<b><\/b><\/p>\n<p><strong>P\u00e1ginas<\/strong>: 370<b><\/b><\/p>\n<p class=\"p1\"><b>SINOPSIS<\/b><\/p>\n<p>Lo que comenz\u00f3 como un modesto compendio en el coraz\u00f3n de las aulas de la Universidad Libre &#8211; Seccional Barranquilla, se ha convertido en una herramienta indispensable para generaciones de estudiantes.<br \/>\nEs indudable el camino desde sus primeras versiones, viendo crecer esta obra con la dedicaci\u00f3n inquebrantable de Andr\u00e9s Juli\u00e1n Salcedo, quien no solo logr\u00f3 traducir el lenguaje bioqu\u00edmico a un formato accesible y did\u00e1ctico, sino que tambi\u00e9n supo imbuirlo de sensibilidad, respeto y prop\u00f3sito.<br \/>\nBanderazu no es solo un libro. Es un acto de resistencia frente a la desigualdad del acceso al conocimiento. Es una declaraci\u00f3n \u00e9tica sobre el rol social del saber cient\u00edfico. Es, sobre todo, un homenaje viviente a los maestros que nos marcaron, a los compa\u00f1eros que caminaron junto a nosotros, y a los estudiantes que vendr\u00e1n.<br \/>\nEsta es una construcci\u00f3n colectiva, donde ciencia, docencia y humanidad se entrelazan. La presente edici\u00f3n 4.0 no cierra una historia: apenas la proyecta hacia el porvenir. Porque mientras exista pasi\u00f3n por ense\u00f1ar, voluntad por aprender y compromiso con el otro, Banderazu seguir\u00e1 evolucionando, como lo hace la vida misma en sus m\u00e1s \u00edntimos procesos bioqu\u00edmicos.<b><br \/>\n<\/b><\/p>\n","protected":false},"excerpt":{"rendered":"<p><b>ISBN:<\/b> 9791370127145<\/p>\n<p><b>SINOPSIS<\/b><\/p>\n<p>Lo que comenz\u00f3 como un modesto compendio en el coraz\u00f3n de las aulas de la Universidad Libre &#8211; Seccional Barranquilla, se ha convertido en una herramienta indispensable para generaciones de estudiantes.<br \/>\nEs indudable el camino desde sus primeras versiones, viendo crecer esta obra con la dedicaci\u00f3n inquebrantable de Andr\u00e9s Juli\u00e1n Salcedo, quien no solo logr\u00f3 traducir el lenguaje bioqu\u00edmico a un formato accesible y did\u00e1ctico, sino que tambi\u00e9n supo imbuirlo de sensibilidad, respeto y prop\u00f3sito.<br \/>\nBanderazu no es solo un libro. Es un acto de resistencia frente a la desigualdad del acceso al conocimiento. Es una declaraci\u00f3n \u00e9tica sobre el rol social del saber cient\u00edfico. Es, sobre todo, un homenaje viviente a los maestros que nos marcaron, a los compa\u00f1eros que caminaron junto a nosotros, y a los estudiantes que vendr\u00e1n.<br \/>\nEsta es una construcci\u00f3n colectiva, donde ciencia, docencia y humanidad se entrelazan. La presente edici\u00f3n 4.0 no cierra una historia: apenas la proyecta hacia el porvenir. Porque mientras exista pasi\u00f3n por ense\u00f1ar, voluntad por aprender y compromiso con el otro, Banderazu seguir\u00e1 evolucionando, como lo hace la vida misma en sus m\u00e1s \u00edntimos procesos bioqu\u00edmicos.<\/p>\n","protected":false},"featured_media":108824,"comment_status":"open","ping_status":"closed","template":"","meta":{"_acf_changed":false},"libro":[],"product_brand":[],"product_cat":[126],"product_tag":[],"class_list":{"0":"post-108822","1":"product","2":"type-product","3":"status-publish","4":"has-post-thumbnail","6":"product_cat-medicina","8":"first","9":"instock","10":"shipping-taxable","11":"product-type-simple"},"acf":{"autor":[108823],"enlace_de_compra":""},"yoast_head":"<!-- This site is optimized with the Yoast SEO plugin v27.4 - https:\/\/yoast.com\/product\/yoast-seo-wordpress\/ -->\n<title>Banderazu - Catalogo | Letrame Grupo Editorial<\/title>\n<meta name=\"robots\" content=\"index, follow, max-snippet:-1, max-image-preview:large, max-video-preview:-1\" \/>\n<link rel=\"canonical\" href=\"https:\/\/letrame.com\/catalogo\/producto\/banderazu\/\" \/>\n<meta property=\"og:locale\" content=\"es_ES\" \/>\n<meta property=\"og:type\" content=\"article\" \/>\n<meta property=\"og:title\" content=\"Banderazu - Catalogo | Letrame Grupo Editorial\" \/>\n<meta property=\"og:description\" content=\"ISBN: 9791370127145  SINOPSIS  Lo que comenz\u00f3 como un modesto compendio en el coraz\u00f3n de las aulas de la Universidad Libre - Seccional Barranquilla, se ha convertido en una herramienta indispensable para generaciones de estudiantes. Es indudable el camino desde sus primeras versiones, viendo crecer esta obra con la dedicaci\u00f3n inquebrantable de Andr\u00e9s Juli\u00e1n Salcedo, quien no solo logr\u00f3 traducir el lenguaje bioqu\u00edmico a un formato accesible y did\u00e1ctico, sino que tambi\u00e9n supo imbuirlo de sensibilidad, respeto y prop\u00f3sito. Banderazu no es solo un libro. Es un acto de resistencia frente a la desigualdad del acceso al conocimiento. Es una declaraci\u00f3n \u00e9tica sobre el rol social del saber cient\u00edfico. Es, sobre todo, un homenaje viviente a los maestros que nos marcaron, a los compa\u00f1eros que caminaron junto a nosotros, y a los estudiantes que vendr\u00e1n. Esta es una construcci\u00f3n colectiva, donde ciencia, docencia y humanidad se entrelazan. La presente edici\u00f3n 4.0 no cierra una historia: apenas la proyecta hacia el porvenir. Porque mientras exista pasi\u00f3n por ense\u00f1ar, voluntad por aprender y compromiso con el otro, Banderazu seguir\u00e1 evolucionando, como lo hace la vida misma en sus m\u00e1s \u00edntimos procesos bioqu\u00edmicos.\" \/>\n<meta property=\"og:url\" content=\"https:\/\/letrame.com\/catalogo\/producto\/banderazu\/\" \/>\n<meta property=\"og:site_name\" content=\"Catalogo | Letrame Grupo Editorial\" \/>\n<meta property=\"article:modified_time\" content=\"2025-09-03T08:21:43+00:00\" \/>\n<meta property=\"og:image\" content=\"https:\/\/letrame.com\/catalogo\/wp-content\/uploads\/2025\/09\/banderazu_1485mm4.jpg\" \/>\n\t<meta property=\"og:image:width\" content=\"402\" \/>\n\t<meta property=\"og:image:height\" content=\"567\" \/>\n\t<meta property=\"og:image:type\" content=\"image\/jpeg\" \/>\n<meta name=\"twitter:card\" content=\"summary_large_image\" \/>\n<meta name=\"twitter:label1\" content=\"Tiempo de lectura\" \/>\n\t<meta name=\"twitter:data1\" content=\"2 minutos\" \/>\n<script type=\"application\/ld+json\" class=\"yoast-schema-graph\">{\"@context\":\"https:\\\/\\\/schema.org\",\"@graph\":[{\"@type\":\"WebPage\",\"@id\":\"https:\\\/\\\/letrame.com\\\/catalogo\\\/producto\\\/banderazu\\\/\",\"url\":\"https:\\\/\\\/letrame.com\\\/catalogo\\\/producto\\\/banderazu\\\/\",\"name\":\"Banderazu - Catalogo | Letrame Grupo Editorial\",\"isPartOf\":{\"@id\":\"https:\\\/\\\/letrame.com\\\/catalogo\\\/#website\"},\"primaryImageOfPage\":{\"@id\":\"https:\\\/\\\/letrame.com\\\/catalogo\\\/producto\\\/banderazu\\\/#primaryimage\"},\"image\":{\"@id\":\"https:\\\/\\\/letrame.com\\\/catalogo\\\/producto\\\/banderazu\\\/#primaryimage\"},\"thumbnailUrl\":\"https:\\\/\\\/letrame.com\\\/catalogo\\\/wp-content\\\/uploads\\\/2025\\\/09\\\/banderazu_1485mm4.jpg\",\"datePublished\":\"2025-09-03T08:16:03+00:00\",\"dateModified\":\"2025-09-03T08:21:43+00:00\",\"breadcrumb\":{\"@id\":\"https:\\\/\\\/letrame.com\\\/catalogo\\\/producto\\\/banderazu\\\/#breadcrumb\"},\"inLanguage\":\"es\",\"potentialAction\":[{\"@type\":\"ReadAction\",\"target\":[\"https:\\\/\\\/letrame.com\\\/catalogo\\\/producto\\\/banderazu\\\/\"]}]},{\"@type\":\"ImageObject\",\"inLanguage\":\"es\",\"@id\":\"https:\\\/\\\/letrame.com\\\/catalogo\\\/producto\\\/banderazu\\\/#primaryimage\",\"url\":\"https:\\\/\\\/letrame.com\\\/catalogo\\\/wp-content\\\/uploads\\\/2025\\\/09\\\/banderazu_1485mm4.jpg\",\"contentUrl\":\"https:\\\/\\\/letrame.com\\\/catalogo\\\/wp-content\\\/uploads\\\/2025\\\/09\\\/banderazu_1485mm4.jpg\",\"width\":402,\"height\":567},{\"@type\":\"BreadcrumbList\",\"@id\":\"https:\\\/\\\/letrame.com\\\/catalogo\\\/producto\\\/banderazu\\\/#breadcrumb\",\"itemListElement\":[{\"@type\":\"ListItem\",\"position\":1,\"name\":\"Portada\",\"item\":\"https:\\\/\\\/letrame.com\\\/catalogo\\\/\"},{\"@type\":\"ListItem\",\"position\":2,\"name\":\"Cat\u00e1logo\",\"item\":\"https:\\\/\\\/letrame.com\\\/catalogo\\\/\"},{\"@type\":\"ListItem\",\"position\":3,\"name\":\"Banderazu\"}]},{\"@type\":\"WebSite\",\"@id\":\"https:\\\/\\\/letrame.com\\\/catalogo\\\/#website\",\"url\":\"https:\\\/\\\/letrame.com\\\/catalogo\\\/\",\"name\":\"Catalogo | Letrame Grupo Editorial\",\"description\":\"\",\"publisher\":{\"@id\":\"https:\\\/\\\/letrame.com\\\/catalogo\\\/#organization\"},\"potentialAction\":[{\"@type\":\"SearchAction\",\"target\":{\"@type\":\"EntryPoint\",\"urlTemplate\":\"https:\\\/\\\/letrame.com\\\/catalogo\\\/?s={search_term_string}\"},\"query-input\":{\"@type\":\"PropertyValueSpecification\",\"valueRequired\":true,\"valueName\":\"search_term_string\"}}],\"inLanguage\":\"es\"},{\"@type\":\"Organization\",\"@id\":\"https:\\\/\\\/letrame.com\\\/catalogo\\\/#organization\",\"name\":\"Catalogo | Letrame Grupo Editorial\",\"url\":\"https:\\\/\\\/letrame.com\\\/catalogo\\\/\",\"logo\":{\"@type\":\"ImageObject\",\"inLanguage\":\"es\",\"@id\":\"https:\\\/\\\/letrame.com\\\/catalogo\\\/#\\\/schema\\\/logo\\\/image\\\/\",\"url\":\"https:\\\/\\\/letrame.com\\\/catalogo\\\/wp-content\\\/uploads\\\/2024\\\/03\\\/logo2.webp\",\"contentUrl\":\"https:\\\/\\\/letrame.com\\\/catalogo\\\/wp-content\\\/uploads\\\/2024\\\/03\\\/logo2.webp\",\"width\":394,\"height\":128,\"caption\":\"Catalogo | Letrame Grupo Editorial\"},\"image\":{\"@id\":\"https:\\\/\\\/letrame.com\\\/catalogo\\\/#\\\/schema\\\/logo\\\/image\\\/\"}}]}<\/script>\n<!-- \/ Yoast SEO plugin. -->","yoast_head_json":{"title":"Banderazu - Catalogo | Letrame Grupo Editorial","robots":{"index":"index","follow":"follow","max-snippet":"max-snippet:-1","max-image-preview":"max-image-preview:large","max-video-preview":"max-video-preview:-1"},"canonical":"https:\/\/letrame.com\/catalogo\/producto\/banderazu\/","og_locale":"es_ES","og_type":"article","og_title":"Banderazu - Catalogo | Letrame Grupo Editorial","og_description":"ISBN: 9791370127145  SINOPSIS  Lo que comenz\u00f3 como un modesto compendio en el coraz\u00f3n de las aulas de la Universidad Libre - Seccional Barranquilla, se ha convertido en una herramienta indispensable para generaciones de estudiantes. Es indudable el camino desde sus primeras versiones, viendo crecer esta obra con la dedicaci\u00f3n inquebrantable de Andr\u00e9s Juli\u00e1n Salcedo, quien no solo logr\u00f3 traducir el lenguaje bioqu\u00edmico a un formato accesible y did\u00e1ctico, sino que tambi\u00e9n supo imbuirlo de sensibilidad, respeto y prop\u00f3sito. Banderazu no es solo un libro. Es un acto de resistencia frente a la desigualdad del acceso al conocimiento. Es una declaraci\u00f3n \u00e9tica sobre el rol social del saber cient\u00edfico. Es, sobre todo, un homenaje viviente a los maestros que nos marcaron, a los compa\u00f1eros que caminaron junto a nosotros, y a los estudiantes que vendr\u00e1n. Esta es una construcci\u00f3n colectiva, donde ciencia, docencia y humanidad se entrelazan. La presente edici\u00f3n 4.0 no cierra una historia: apenas la proyecta hacia el porvenir. Porque mientras exista pasi\u00f3n por ense\u00f1ar, voluntad por aprender y compromiso con el otro, Banderazu seguir\u00e1 evolucionando, como lo hace la vida misma en sus m\u00e1s \u00edntimos procesos bioqu\u00edmicos.","og_url":"https:\/\/letrame.com\/catalogo\/producto\/banderazu\/","og_site_name":"Catalogo | Letrame Grupo Editorial","article_modified_time":"2025-09-03T08:21:43+00:00","og_image":[{"width":402,"height":567,"url":"https:\/\/letrame.com\/catalogo\/wp-content\/uploads\/2025\/09\/banderazu_1485mm4.jpg","type":"image\/jpeg"}],"twitter_card":"summary_large_image","twitter_misc":{"Tiempo de lectura":"2 minutos"},"schema":{"@context":"https:\/\/schema.org","@graph":[{"@type":"WebPage","@id":"https:\/\/letrame.com\/catalogo\/producto\/banderazu\/","url":"https:\/\/letrame.com\/catalogo\/producto\/banderazu\/","name":"Banderazu - Catalogo | Letrame Grupo Editorial","isPartOf":{"@id":"https:\/\/letrame.com\/catalogo\/#website"},"primaryImageOfPage":{"@id":"https:\/\/letrame.com\/catalogo\/producto\/banderazu\/#primaryimage"},"image":{"@id":"https:\/\/letrame.com\/catalogo\/producto\/banderazu\/#primaryimage"},"thumbnailUrl":"https:\/\/letrame.com\/catalogo\/wp-content\/uploads\/2025\/09\/banderazu_1485mm4.jpg","datePublished":"2025-09-03T08:16:03+00:00","dateModified":"2025-09-03T08:21:43+00:00","breadcrumb":{"@id":"https:\/\/letrame.com\/catalogo\/producto\/banderazu\/#breadcrumb"},"inLanguage":"es","potentialAction":[{"@type":"ReadAction","target":["https:\/\/letrame.com\/catalogo\/producto\/banderazu\/"]}]},{"@type":"ImageObject","inLanguage":"es","@id":"https:\/\/letrame.com\/catalogo\/producto\/banderazu\/#primaryimage","url":"https:\/\/letrame.com\/catalogo\/wp-content\/uploads\/2025\/09\/banderazu_1485mm4.jpg","contentUrl":"https:\/\/letrame.com\/catalogo\/wp-content\/uploads\/2025\/09\/banderazu_1485mm4.jpg","width":402,"height":567},{"@type":"BreadcrumbList","@id":"https:\/\/letrame.com\/catalogo\/producto\/banderazu\/#breadcrumb","itemListElement":[{"@type":"ListItem","position":1,"name":"Portada","item":"https:\/\/letrame.com\/catalogo\/"},{"@type":"ListItem","position":2,"name":"Cat\u00e1logo","item":"https:\/\/letrame.com\/catalogo\/"},{"@type":"ListItem","position":3,"name":"Banderazu"}]},{"@type":"WebSite","@id":"https:\/\/letrame.com\/catalogo\/#website","url":"https:\/\/letrame.com\/catalogo\/","name":"Catalogo | Letrame Grupo Editorial","description":"","publisher":{"@id":"https:\/\/letrame.com\/catalogo\/#organization"},"potentialAction":[{"@type":"SearchAction","target":{"@type":"EntryPoint","urlTemplate":"https:\/\/letrame.com\/catalogo\/?s={search_term_string}"},"query-input":{"@type":"PropertyValueSpecification","valueRequired":true,"valueName":"search_term_string"}}],"inLanguage":"es"},{"@type":"Organization","@id":"https:\/\/letrame.com\/catalogo\/#organization","name":"Catalogo | Letrame Grupo Editorial","url":"https:\/\/letrame.com\/catalogo\/","logo":{"@type":"ImageObject","inLanguage":"es","@id":"https:\/\/letrame.com\/catalogo\/#\/schema\/logo\/image\/","url":"https:\/\/letrame.com\/catalogo\/wp-content\/uploads\/2024\/03\/logo2.webp","contentUrl":"https:\/\/letrame.com\/catalogo\/wp-content\/uploads\/2024\/03\/logo2.webp","width":394,"height":128,"caption":"Catalogo | Letrame Grupo Editorial"},"image":{"@id":"https:\/\/letrame.com\/catalogo\/#\/schema\/logo\/image\/"}}]}},"_links":{"self":[{"href":"https:\/\/letrame.com\/catalogo\/wp-json\/wp\/v2\/product\/108822","targetHints":{"allow":["GET"]}}],"collection":[{"href":"https:\/\/letrame.com\/catalogo\/wp-json\/wp\/v2\/product"}],"about":[{"href":"https:\/\/letrame.com\/catalogo\/wp-json\/wp\/v2\/types\/product"}],"replies":[{"embeddable":true,"href":"https:\/\/letrame.com\/catalogo\/wp-json\/wp\/v2\/comments?post=108822"}],"acf:post":[{"embeddable":true,"href":"https:\/\/letrame.com\/catalogo\/wp-json\/wp\/v2\/author_book\/108823"}],"wp:featuredmedia":[{"embeddable":true,"href":"https:\/\/letrame.com\/catalogo\/wp-json\/wp\/v2\/media\/108824"}],"wp:attachment":[{"href":"https:\/\/letrame.com\/catalogo\/wp-json\/wp\/v2\/media?parent=108822"}],"wp:term":[{"taxonomy":"libro","embeddable":true,"href":"https:\/\/letrame.com\/catalogo\/wp-json\/wp\/v2\/libro?post=108822"},{"taxonomy":"product_brand","embeddable":true,"href":"https:\/\/letrame.com\/catalogo\/wp-json\/wp\/v2\/product_brand?post=108822"},{"taxonomy":"product_cat","embeddable":true,"href":"https:\/\/letrame.com\/catalogo\/wp-json\/wp\/v2\/product_cat?post=108822"},{"taxonomy":"product_tag","embeddable":true,"href":"https:\/\/letrame.com\/catalogo\/wp-json\/wp\/v2\/product_tag?post=108822"}],"curies":[{"name":"wp","href":"https:\/\/api.w.org\/{rel}","templated":true}]}}