{"id":108791,"date":"2025-09-02T10:13:49","date_gmt":"2025-09-02T08:13:49","guid":{"rendered":"https:\/\/letrame.com\/catalogo\/?post_type=product&#038;p=108791"},"modified":"2025-09-02T10:14:50","modified_gmt":"2025-09-02T08:14:50","slug":"el-espia-que-no-sabia-lo-que-era","status":"publish","type":"product","link":"https:\/\/letrame.com\/catalogo\/producto\/el-espia-que-no-sabia-lo-que-era\/","title":{"rendered":"El esp\u00eda que no sab\u00eda lo que era"},"content":{"rendered":"<p class=\"p1\"><b>ISBN: <\/b>9791370127749<b><\/b><\/p>\n<p class=\"p1\"><b>T\u00edtulo: <\/b>El esp\u00eda que no sab\u00eda lo que era<\/p>\n<p class=\"p1\"><b>Fecha: <\/b>2025<b><\/b><\/p>\n<p><strong>P\u00e1ginas<\/strong>: 354<b><\/b><\/p>\n<p class=\"p1\"><b>SINOPSIS<\/b><\/p>\n<p>\u00bfQu\u00e9 queda del esp\u00eda que fuiste cuando el psic\u00f3logo que eres se atreve a mirar atr\u00e1s!<br \/>\nDurante m\u00e1s de veinte a\u00f1os, el protagonista de este libro vivi\u00f3 en la sombra, trabajando como t\u00e9cnico de inteligencia especializado en la captaci\u00f3n de fuentes humanas. Pero esta no es una historia de operaciones encubiertas ni de haza\u00f1as espectaculares. Es el relato \u2014tan humano como inesperado\u2014 de lo que ocurre entre bambalinas: las relaciones que marcaron una vida doble y las emociones que nunca salieron en los informes.<br \/>\nA trav\u00e9s de diecis\u00e9is relatos basados en hechos reales, desfilan esp\u00edas, confidentes, jueces, traductores, delincuentes, vecinos, militares, familiares&#8230; y hasta organizaciones terroristas. Pero m\u00e1s all\u00e1 de la acci\u00f3n, lo que emerge es lo invisible: los mie-dos, las lealtades, las contradicciones, los afectos secretos, las heridas no resueltas.<br \/>\nTodo eso que un esp\u00eda no puede mostrar, pero que un psic\u00f3logo, con el tiempo, aprende a mirar de frente.<br \/>\nCon una narrativa cargada de humor, iron\u00eda, ternura y lucidez terap\u00e9utica, este libro es una invitaci\u00f3n a descubrir el alma de quienes viven \u2014o vivieron\u2014 para proteger a los dem\u00e1s, incluso a costa de s\u00ed mismos.<br \/>\nUna obra para lectores curiosos, amantes del mundo del espionaje desde una \u00f3ptica humana, exploradores de la psicolog\u00eda, y para todos los que alguna vez se han preguntado qu\u00e9 hay detr\u00e1s \u2014o dentro\u2014 de los que viven entre sombras.<\/p>\n","protected":false},"excerpt":{"rendered":"<p><b>ISBN: <\/b>9791370127749<\/p>\n<p class=\"p1\"><b>SINOPSIS<\/b><\/p>\n<p>\u00bfQu\u00e9 queda del esp\u00eda que fuiste cuando el psic\u00f3logo que eres se atreve a mirar atr\u00e1s!<br \/>\nDurante m\u00e1s de veinte a\u00f1os, el protagonista de este libro vivi\u00f3 en la sombra, trabajando como t\u00e9cnico de inteligencia especializado en la captaci\u00f3n de fuentes humanas. Pero esta no es una historia de operaciones encubiertas ni de haza\u00f1as espectaculares. Es el relato \u2014tan humano como inesperado\u2014 de lo que ocurre entre bambalinas: las relaciones que marcaron una vida doble y las emociones que nunca salieron en los informes.<br \/>\nA trav\u00e9s de diecis\u00e9is relatos basados en hechos reales, desfilan esp\u00edas, confidentes, jueces, traductores, delincuentes, vecinos, militares, familiares&#8230; y hasta organizaciones terroristas. Pero m\u00e1s all\u00e1 de la acci\u00f3n, lo que emerge es lo invisible: los mie-dos, las lealtades, las contradicciones, los afectos secretos, las heridas no resueltas.<\/p>\n","protected":false},"featured_media":108792,"comment_status":"open","ping_status":"closed","template":"","meta":{"_acf_changed":false},"libro":[],"product_brand":[],"product_cat":[124],"product_tag":[],"class_list":{"0":"post-108791","1":"product","2":"type-product","3":"status-publish","4":"has-post-thumbnail","6":"product_cat-psicologia","8":"first","9":"instock","10":"shipping-taxable","11":"product-type-simple"},"acf":{"autor":[108790],"enlace_de_compra":""},"yoast_head":"<!-- This site is optimized with the Yoast SEO plugin v27.4 - https:\/\/yoast.com\/product\/yoast-seo-wordpress\/ -->\n<title>El esp\u00eda que no sab\u00eda lo que era - Catalogo | Letrame Grupo Editorial<\/title>\n<meta name=\"robots\" content=\"index, follow, max-snippet:-1, max-image-preview:large, max-video-preview:-1\" \/>\n<link rel=\"canonical\" href=\"https:\/\/letrame.com\/catalogo\/producto\/el-espia-que-no-sabia-lo-que-era\/\" \/>\n<meta property=\"og:locale\" content=\"es_ES\" \/>\n<meta property=\"og:type\" content=\"article\" \/>\n<meta property=\"og:title\" content=\"El esp\u00eda que no sab\u00eda lo que era - Catalogo | Letrame Grupo Editorial\" \/>\n<meta property=\"og:description\" content=\"ISBN: 9791370127749 SINOPSIS \u00bfQu\u00e9 queda del esp\u00eda que fuiste cuando el psic\u00f3logo que eres se atreve a mirar atr\u00e1s! Durante m\u00e1s de veinte a\u00f1os, el protagonista de este libro vivi\u00f3 en la sombra, trabajando como t\u00e9cnico de inteligencia especializado en la captaci\u00f3n de fuentes humanas. Pero esta no es una historia de operaciones encubiertas ni de haza\u00f1as espectaculares. Es el relato \u2014tan humano como inesperado\u2014 de lo que ocurre entre bambalinas: las relaciones que marcaron una vida doble y las emociones que nunca salieron en los informes. A trav\u00e9s de diecis\u00e9is relatos basados en hechos reales, desfilan esp\u00edas, confidentes, jueces, traductores, delincuentes, vecinos, militares, familiares... y hasta organizaciones terroristas. Pero m\u00e1s all\u00e1 de la acci\u00f3n, lo que emerge es lo invisible: los mie-dos, las lealtades, las contradicciones, los afectos secretos, las heridas no resueltas.\" \/>\n<meta property=\"og:url\" content=\"https:\/\/letrame.com\/catalogo\/producto\/el-espia-que-no-sabia-lo-que-era\/\" \/>\n<meta property=\"og:site_name\" content=\"Catalogo | Letrame Grupo Editorial\" \/>\n<meta property=\"article:modified_time\" content=\"2025-09-02T08:14:50+00:00\" \/>\n<meta property=\"og:image\" content=\"https:\/\/letrame.com\/catalogo\/wp-content\/uploads\/2025\/09\/Elespiaquenosabiaqueloera_1952mm4.jpg\" \/>\n\t<meta property=\"og:image:width\" content=\"384\" \/>\n\t<meta property=\"og:image:height\" content=\"537\" \/>\n\t<meta property=\"og:image:type\" content=\"image\/jpeg\" \/>\n<meta name=\"twitter:card\" content=\"summary_large_image\" \/>\n<meta name=\"twitter:label1\" content=\"Tiempo de lectura\" \/>\n\t<meta name=\"twitter:data1\" content=\"2 minutos\" \/>\n<script type=\"application\/ld+json\" class=\"yoast-schema-graph\">{\"@context\":\"https:\\\/\\\/schema.org\",\"@graph\":[{\"@type\":\"WebPage\",\"@id\":\"https:\\\/\\\/letrame.com\\\/catalogo\\\/producto\\\/el-espia-que-no-sabia-lo-que-era\\\/\",\"url\":\"https:\\\/\\\/letrame.com\\\/catalogo\\\/producto\\\/el-espia-que-no-sabia-lo-que-era\\\/\",\"name\":\"El esp\u00eda que no sab\u00eda lo que era - Catalogo | Letrame Grupo Editorial\",\"isPartOf\":{\"@id\":\"https:\\\/\\\/letrame.com\\\/catalogo\\\/#website\"},\"primaryImageOfPage\":{\"@id\":\"https:\\\/\\\/letrame.com\\\/catalogo\\\/producto\\\/el-espia-que-no-sabia-lo-que-era\\\/#primaryimage\"},\"image\":{\"@id\":\"https:\\\/\\\/letrame.com\\\/catalogo\\\/producto\\\/el-espia-que-no-sabia-lo-que-era\\\/#primaryimage\"},\"thumbnailUrl\":\"https:\\\/\\\/letrame.com\\\/catalogo\\\/wp-content\\\/uploads\\\/2025\\\/09\\\/Elespiaquenosabiaqueloera_1952mm4.jpg\",\"datePublished\":\"2025-09-02T08:13:49+00:00\",\"dateModified\":\"2025-09-02T08:14:50+00:00\",\"breadcrumb\":{\"@id\":\"https:\\\/\\\/letrame.com\\\/catalogo\\\/producto\\\/el-espia-que-no-sabia-lo-que-era\\\/#breadcrumb\"},\"inLanguage\":\"es\",\"potentialAction\":[{\"@type\":\"ReadAction\",\"target\":[\"https:\\\/\\\/letrame.com\\\/catalogo\\\/producto\\\/el-espia-que-no-sabia-lo-que-era\\\/\"]}]},{\"@type\":\"ImageObject\",\"inLanguage\":\"es\",\"@id\":\"https:\\\/\\\/letrame.com\\\/catalogo\\\/producto\\\/el-espia-que-no-sabia-lo-que-era\\\/#primaryimage\",\"url\":\"https:\\\/\\\/letrame.com\\\/catalogo\\\/wp-content\\\/uploads\\\/2025\\\/09\\\/Elespiaquenosabiaqueloera_1952mm4.jpg\",\"contentUrl\":\"https:\\\/\\\/letrame.com\\\/catalogo\\\/wp-content\\\/uploads\\\/2025\\\/09\\\/Elespiaquenosabiaqueloera_1952mm4.jpg\",\"width\":384,\"height\":537},{\"@type\":\"BreadcrumbList\",\"@id\":\"https:\\\/\\\/letrame.com\\\/catalogo\\\/producto\\\/el-espia-que-no-sabia-lo-que-era\\\/#breadcrumb\",\"itemListElement\":[{\"@type\":\"ListItem\",\"position\":1,\"name\":\"Portada\",\"item\":\"https:\\\/\\\/letrame.com\\\/catalogo\\\/\"},{\"@type\":\"ListItem\",\"position\":2,\"name\":\"Cat\u00e1logo\",\"item\":\"https:\\\/\\\/letrame.com\\\/catalogo\\\/\"},{\"@type\":\"ListItem\",\"position\":3,\"name\":\"El esp\u00eda que no sab\u00eda lo que era\"}]},{\"@type\":\"WebSite\",\"@id\":\"https:\\\/\\\/letrame.com\\\/catalogo\\\/#website\",\"url\":\"https:\\\/\\\/letrame.com\\\/catalogo\\\/\",\"name\":\"Catalogo | Letrame Grupo Editorial\",\"description\":\"\",\"publisher\":{\"@id\":\"https:\\\/\\\/letrame.com\\\/catalogo\\\/#organization\"},\"potentialAction\":[{\"@type\":\"SearchAction\",\"target\":{\"@type\":\"EntryPoint\",\"urlTemplate\":\"https:\\\/\\\/letrame.com\\\/catalogo\\\/?s={search_term_string}\"},\"query-input\":{\"@type\":\"PropertyValueSpecification\",\"valueRequired\":true,\"valueName\":\"search_term_string\"}}],\"inLanguage\":\"es\"},{\"@type\":\"Organization\",\"@id\":\"https:\\\/\\\/letrame.com\\\/catalogo\\\/#organization\",\"name\":\"Catalogo | Letrame Grupo Editorial\",\"url\":\"https:\\\/\\\/letrame.com\\\/catalogo\\\/\",\"logo\":{\"@type\":\"ImageObject\",\"inLanguage\":\"es\",\"@id\":\"https:\\\/\\\/letrame.com\\\/catalogo\\\/#\\\/schema\\\/logo\\\/image\\\/\",\"url\":\"https:\\\/\\\/letrame.com\\\/catalogo\\\/wp-content\\\/uploads\\\/2024\\\/03\\\/logo2.webp\",\"contentUrl\":\"https:\\\/\\\/letrame.com\\\/catalogo\\\/wp-content\\\/uploads\\\/2024\\\/03\\\/logo2.webp\",\"width\":394,\"height\":128,\"caption\":\"Catalogo | Letrame Grupo Editorial\"},\"image\":{\"@id\":\"https:\\\/\\\/letrame.com\\\/catalogo\\\/#\\\/schema\\\/logo\\\/image\\\/\"}}]}<\/script>\n<!-- \/ Yoast SEO plugin. -->","yoast_head_json":{"title":"El esp\u00eda que no sab\u00eda lo que era - Catalogo | Letrame Grupo Editorial","robots":{"index":"index","follow":"follow","max-snippet":"max-snippet:-1","max-image-preview":"max-image-preview:large","max-video-preview":"max-video-preview:-1"},"canonical":"https:\/\/letrame.com\/catalogo\/producto\/el-espia-que-no-sabia-lo-que-era\/","og_locale":"es_ES","og_type":"article","og_title":"El esp\u00eda que no sab\u00eda lo que era - Catalogo | Letrame Grupo Editorial","og_description":"ISBN: 9791370127749 SINOPSIS \u00bfQu\u00e9 queda del esp\u00eda que fuiste cuando el psic\u00f3logo que eres se atreve a mirar atr\u00e1s! Durante m\u00e1s de veinte a\u00f1os, el protagonista de este libro vivi\u00f3 en la sombra, trabajando como t\u00e9cnico de inteligencia especializado en la captaci\u00f3n de fuentes humanas. Pero esta no es una historia de operaciones encubiertas ni de haza\u00f1as espectaculares. Es el relato \u2014tan humano como inesperado\u2014 de lo que ocurre entre bambalinas: las relaciones que marcaron una vida doble y las emociones que nunca salieron en los informes. A trav\u00e9s de diecis\u00e9is relatos basados en hechos reales, desfilan esp\u00edas, confidentes, jueces, traductores, delincuentes, vecinos, militares, familiares... y hasta organizaciones terroristas. Pero m\u00e1s all\u00e1 de la acci\u00f3n, lo que emerge es lo invisible: los mie-dos, las lealtades, las contradicciones, los afectos secretos, las heridas no resueltas.","og_url":"https:\/\/letrame.com\/catalogo\/producto\/el-espia-que-no-sabia-lo-que-era\/","og_site_name":"Catalogo | Letrame Grupo Editorial","article_modified_time":"2025-09-02T08:14:50+00:00","og_image":[{"width":384,"height":537,"url":"https:\/\/letrame.com\/catalogo\/wp-content\/uploads\/2025\/09\/Elespiaquenosabiaqueloera_1952mm4.jpg","type":"image\/jpeg"}],"twitter_card":"summary_large_image","twitter_misc":{"Tiempo de lectura":"2 minutos"},"schema":{"@context":"https:\/\/schema.org","@graph":[{"@type":"WebPage","@id":"https:\/\/letrame.com\/catalogo\/producto\/el-espia-que-no-sabia-lo-que-era\/","url":"https:\/\/letrame.com\/catalogo\/producto\/el-espia-que-no-sabia-lo-que-era\/","name":"El esp\u00eda que no sab\u00eda lo que era - Catalogo | Letrame Grupo Editorial","isPartOf":{"@id":"https:\/\/letrame.com\/catalogo\/#website"},"primaryImageOfPage":{"@id":"https:\/\/letrame.com\/catalogo\/producto\/el-espia-que-no-sabia-lo-que-era\/#primaryimage"},"image":{"@id":"https:\/\/letrame.com\/catalogo\/producto\/el-espia-que-no-sabia-lo-que-era\/#primaryimage"},"thumbnailUrl":"https:\/\/letrame.com\/catalogo\/wp-content\/uploads\/2025\/09\/Elespiaquenosabiaqueloera_1952mm4.jpg","datePublished":"2025-09-02T08:13:49+00:00","dateModified":"2025-09-02T08:14:50+00:00","breadcrumb":{"@id":"https:\/\/letrame.com\/catalogo\/producto\/el-espia-que-no-sabia-lo-que-era\/#breadcrumb"},"inLanguage":"es","potentialAction":[{"@type":"ReadAction","target":["https:\/\/letrame.com\/catalogo\/producto\/el-espia-que-no-sabia-lo-que-era\/"]}]},{"@type":"ImageObject","inLanguage":"es","@id":"https:\/\/letrame.com\/catalogo\/producto\/el-espia-que-no-sabia-lo-que-era\/#primaryimage","url":"https:\/\/letrame.com\/catalogo\/wp-content\/uploads\/2025\/09\/Elespiaquenosabiaqueloera_1952mm4.jpg","contentUrl":"https:\/\/letrame.com\/catalogo\/wp-content\/uploads\/2025\/09\/Elespiaquenosabiaqueloera_1952mm4.jpg","width":384,"height":537},{"@type":"BreadcrumbList","@id":"https:\/\/letrame.com\/catalogo\/producto\/el-espia-que-no-sabia-lo-que-era\/#breadcrumb","itemListElement":[{"@type":"ListItem","position":1,"name":"Portada","item":"https:\/\/letrame.com\/catalogo\/"},{"@type":"ListItem","position":2,"name":"Cat\u00e1logo","item":"https:\/\/letrame.com\/catalogo\/"},{"@type":"ListItem","position":3,"name":"El esp\u00eda que no sab\u00eda lo que era"}]},{"@type":"WebSite","@id":"https:\/\/letrame.com\/catalogo\/#website","url":"https:\/\/letrame.com\/catalogo\/","name":"Catalogo | Letrame Grupo Editorial","description":"","publisher":{"@id":"https:\/\/letrame.com\/catalogo\/#organization"},"potentialAction":[{"@type":"SearchAction","target":{"@type":"EntryPoint","urlTemplate":"https:\/\/letrame.com\/catalogo\/?s={search_term_string}"},"query-input":{"@type":"PropertyValueSpecification","valueRequired":true,"valueName":"search_term_string"}}],"inLanguage":"es"},{"@type":"Organization","@id":"https:\/\/letrame.com\/catalogo\/#organization","name":"Catalogo | Letrame Grupo Editorial","url":"https:\/\/letrame.com\/catalogo\/","logo":{"@type":"ImageObject","inLanguage":"es","@id":"https:\/\/letrame.com\/catalogo\/#\/schema\/logo\/image\/","url":"https:\/\/letrame.com\/catalogo\/wp-content\/uploads\/2024\/03\/logo2.webp","contentUrl":"https:\/\/letrame.com\/catalogo\/wp-content\/uploads\/2024\/03\/logo2.webp","width":394,"height":128,"caption":"Catalogo | Letrame Grupo Editorial"},"image":{"@id":"https:\/\/letrame.com\/catalogo\/#\/schema\/logo\/image\/"}}]}},"_links":{"self":[{"href":"https:\/\/letrame.com\/catalogo\/wp-json\/wp\/v2\/product\/108791","targetHints":{"allow":["GET"]}}],"collection":[{"href":"https:\/\/letrame.com\/catalogo\/wp-json\/wp\/v2\/product"}],"about":[{"href":"https:\/\/letrame.com\/catalogo\/wp-json\/wp\/v2\/types\/product"}],"replies":[{"embeddable":true,"href":"https:\/\/letrame.com\/catalogo\/wp-json\/wp\/v2\/comments?post=108791"}],"acf:post":[{"embeddable":true,"href":"https:\/\/letrame.com\/catalogo\/wp-json\/wp\/v2\/author_book\/108790"}],"wp:featuredmedia":[{"embeddable":true,"href":"https:\/\/letrame.com\/catalogo\/wp-json\/wp\/v2\/media\/108792"}],"wp:attachment":[{"href":"https:\/\/letrame.com\/catalogo\/wp-json\/wp\/v2\/media?parent=108791"}],"wp:term":[{"taxonomy":"libro","embeddable":true,"href":"https:\/\/letrame.com\/catalogo\/wp-json\/wp\/v2\/libro?post=108791"},{"taxonomy":"product_brand","embeddable":true,"href":"https:\/\/letrame.com\/catalogo\/wp-json\/wp\/v2\/product_brand?post=108791"},{"taxonomy":"product_cat","embeddable":true,"href":"https:\/\/letrame.com\/catalogo\/wp-json\/wp\/v2\/product_cat?post=108791"},{"taxonomy":"product_tag","embeddable":true,"href":"https:\/\/letrame.com\/catalogo\/wp-json\/wp\/v2\/product_tag?post=108791"}],"curies":[{"name":"wp","href":"https:\/\/api.w.org\/{rel}","templated":true}]}}