{"id":108785,"date":"2025-09-02T10:02:55","date_gmt":"2025-09-02T08:02:55","guid":{"rendered":"https:\/\/letrame.com\/catalogo\/?post_type=product&#038;p=108785"},"modified":"2025-09-12T12:28:11","modified_gmt":"2025-09-12T10:28:11","slug":"psicologia-del-bienestar","status":"publish","type":"product","link":"https:\/\/letrame.com\/catalogo\/producto\/psicologia-del-bienestar\/","title":{"rendered":"Psicolog\u00eda del bienestar"},"content":{"rendered":"<p class=\"p1\"><b>ISBN: <\/b>9791370127428<b><\/b><\/p>\n<p class=\"p1\"><b>T\u00edtulo: <\/b>Psicolog\u00eda del bienestar<b><\/b><\/p>\n<p><strong>Fecha<\/strong>: 2025<b><\/b><\/p>\n<p><strong>P\u00e1ginas<\/strong>: 284<b><\/b><\/p>\n<p class=\"p1\"><b>SINOPSIS<\/b><\/p>\n<p>Hay libros que se leen, y hay libros que te despiertan. Este es uno de esos pocos que no solo te habla, sino que te transforma. En estas p\u00e1ginas no hallar\u00e1s promesas vac\u00edas ni frases hechas, sino verdades que nacen del alma y se sostienen en la ciencia. Aqu\u00ed descubrir\u00e1s que la felicidad no es un espejismo ni una meta lejana, sino una br\u00fajula interna que siempre ha estado en ti, esperando ser descubierta. Cada ense\u00f1anza, cada concepto, cada palabra que narra esta historia, est\u00e1 respaldada por la psicolog\u00eda m\u00e1s rigurosa, pero escrita con el pulso c\u00e1lido de quien ha sentido en carne viva lo que ahora comparte.<br \/>\nEste libro no es solo un estudio del bienestar: es un mapa hacia la plenitud, una sinfon\u00eda entre mente y coraz\u00f3n, y quiz\u00e1s \u2014solo quiz\u00e1s\u2014 el mejor regalo que podr\u00edas darte. Porque no se trata solo de vivir&#8230; se trata de vivir con sentido, con prop\u00f3sito, con alegr\u00eda verdadera. Y ese camino empieza aqu\u00ed.<br \/>\nNacido del dolor y la esperanza, este libro es el reflejo de un alma que aprendi\u00f3 a sanar. En sus p\u00e1ginas, la felicidad deja de ser un misterio y se convierte en certeza.<\/p>\n","protected":false},"excerpt":{"rendered":"<p class=\"p1\"><b>ISBN: <\/b>9791370127428<b><\/b><\/p>\n<p><strong>SINOPSIS<\/strong><\/p>\n<p>Hay libros que se leen, y hay libros que te despiertan. Este es uno de esos pocos que no solo te habla, sino que te transforma. En estas p\u00e1ginas no hallar\u00e1s promesas vac\u00edas ni frases hechas, sino verdades que nacen del alma y se sostienen en la ciencia. Aqu\u00ed descubrir\u00e1s que la felicidad no es un espejismo ni una meta lejana, sino una br\u00fajula interna que siempre ha estado en ti, esperando ser descubierta. Cada ense\u00f1anza, cada concepto, cada palabra que narra esta historia, est\u00e1 respaldada por la psicolog\u00eda m\u00e1s rigurosa, pero escrita con el pulso c\u00e1lido de quien ha sentido en carne viva lo que ahora comparte.<br \/>\nEste libro no es solo un estudio del bienestar: es un mapa hacia la plenitud, una sinfon\u00eda entre mente y coraz\u00f3n, y quiz\u00e1s \u2014solo quiz\u00e1s\u2014 el mejor regalo que podr\u00edas darte. Porque no se trata solo de vivir&#8230; se trata de vivir con sentido, con prop\u00f3sito, con alegr\u00eda verdadera. Y ese camino empieza aqu\u00ed.<br \/>\nNacido del dolor y la esperanza, este libro es el reflejo de un alma que aprendi\u00f3 a sanar. En sus p\u00e1ginas, la felicidad deja de ser un misterio y se convierte en certeza.<\/p>\n","protected":false},"featured_media":108786,"comment_status":"open","ping_status":"closed","template":"","meta":{"_acf_changed":false},"libro":[],"product_brand":[],"product_cat":[124],"product_tag":[],"class_list":{"0":"post-108785","1":"product","2":"type-product","3":"status-publish","4":"has-post-thumbnail","6":"product_cat-psicologia","8":"first","9":"instock","10":"shipping-taxable","11":"product-type-simple"},"acf":{"autor":[108787],"enlace_de_compra":"https:\/\/www.amazon.es\/dp\/B0FQ49GKVM\/ref=sr_1_1?__mk_es_ES=%C3%85M%C3%85%C5%BD%C3%95%C3%91&crid=3EY68KCLK0JZP&dib=eyJ2IjoiMSJ9.rQvTSyFQDDBdeVoDq2NGtg.ZxT5BSbTnpl3_SzjLqo3CXEk17u6Q_Kd1D4_7q_RnRU&dib_tag=se&keywords=9791370127428&qid=1757342155&s=books&sprefix=9791370127428%2Cstripbooks%2C136&sr=1-1"},"yoast_head":"<!-- This site is optimized with the Yoast SEO plugin v27.4 - https:\/\/yoast.com\/product\/yoast-seo-wordpress\/ -->\n<title>Psicolog\u00eda del bienestar - Catalogo | Letrame Grupo Editorial<\/title>\n<meta name=\"robots\" content=\"index, follow, max-snippet:-1, max-image-preview:large, max-video-preview:-1\" \/>\n<link rel=\"canonical\" href=\"https:\/\/letrame.com\/catalogo\/producto\/psicologia-del-bienestar\/\" \/>\n<meta property=\"og:locale\" content=\"es_ES\" \/>\n<meta property=\"og:type\" content=\"article\" \/>\n<meta property=\"og:title\" content=\"Psicolog\u00eda del bienestar - Catalogo | Letrame Grupo Editorial\" \/>\n<meta property=\"og:description\" content=\"ISBN: 9791370127428 SINOPSIS  Hay libros que se leen, y hay libros que te despiertan. Este es uno de esos pocos que no solo te habla, sino que te transforma. En estas p\u00e1ginas no hallar\u00e1s promesas vac\u00edas ni frases hechas, sino verdades que nacen del alma y se sostienen en la ciencia. Aqu\u00ed descubrir\u00e1s que la felicidad no es un espejismo ni una meta lejana, sino una br\u00fajula interna que siempre ha estado en ti, esperando ser descubierta. Cada ense\u00f1anza, cada concepto, cada palabra que narra esta historia, est\u00e1 respaldada por la psicolog\u00eda m\u00e1s rigurosa, pero escrita con el pulso c\u00e1lido de quien ha sentido en carne viva lo que ahora comparte. Este libro no es solo un estudio del bienestar: es un mapa hacia la plenitud, una sinfon\u00eda entre mente y coraz\u00f3n, y quiz\u00e1s \u2014solo quiz\u00e1s\u2014 el mejor regalo que podr\u00edas darte. Porque no se trata solo de vivir... se trata de vivir con sentido, con prop\u00f3sito, con alegr\u00eda verdadera. Y ese camino empieza aqu\u00ed. Nacido del dolor y la esperanza, este libro es el reflejo de un alma que aprendi\u00f3 a sanar. En sus p\u00e1ginas, la felicidad deja de ser un misterio y se convierte en certeza.\" \/>\n<meta property=\"og:url\" content=\"https:\/\/letrame.com\/catalogo\/producto\/psicologia-del-bienestar\/\" \/>\n<meta property=\"og:site_name\" content=\"Catalogo | Letrame Grupo Editorial\" \/>\n<meta property=\"article:modified_time\" content=\"2025-09-12T10:28:11+00:00\" \/>\n<meta property=\"og:image\" content=\"https:\/\/letrame.com\/catalogo\/wp-content\/uploads\/2025\/09\/psicologiadelbienestar_1398mm4.jpg\" \/>\n\t<meta property=\"og:image:width\" content=\"425\" \/>\n\t<meta property=\"og:image:height\" content=\"595\" \/>\n\t<meta property=\"og:image:type\" content=\"image\/jpeg\" \/>\n<meta name=\"twitter:card\" content=\"summary_large_image\" \/>\n<meta name=\"twitter:label1\" content=\"Tiempo de lectura\" \/>\n\t<meta name=\"twitter:data1\" content=\"2 minutos\" \/>\n<script type=\"application\/ld+json\" class=\"yoast-schema-graph\">{\"@context\":\"https:\\\/\\\/schema.org\",\"@graph\":[{\"@type\":\"WebPage\",\"@id\":\"https:\\\/\\\/letrame.com\\\/catalogo\\\/producto\\\/psicologia-del-bienestar\\\/\",\"url\":\"https:\\\/\\\/letrame.com\\\/catalogo\\\/producto\\\/psicologia-del-bienestar\\\/\",\"name\":\"Psicolog\u00eda del bienestar - Catalogo | Letrame Grupo Editorial\",\"isPartOf\":{\"@id\":\"https:\\\/\\\/letrame.com\\\/catalogo\\\/#website\"},\"primaryImageOfPage\":{\"@id\":\"https:\\\/\\\/letrame.com\\\/catalogo\\\/producto\\\/psicologia-del-bienestar\\\/#primaryimage\"},\"image\":{\"@id\":\"https:\\\/\\\/letrame.com\\\/catalogo\\\/producto\\\/psicologia-del-bienestar\\\/#primaryimage\"},\"thumbnailUrl\":\"https:\\\/\\\/letrame.com\\\/catalogo\\\/wp-content\\\/uploads\\\/2025\\\/09\\\/psicologiadelbienestar_1398mm4.jpg\",\"datePublished\":\"2025-09-02T08:02:55+00:00\",\"dateModified\":\"2025-09-12T10:28:11+00:00\",\"breadcrumb\":{\"@id\":\"https:\\\/\\\/letrame.com\\\/catalogo\\\/producto\\\/psicologia-del-bienestar\\\/#breadcrumb\"},\"inLanguage\":\"es\",\"potentialAction\":[{\"@type\":\"ReadAction\",\"target\":[\"https:\\\/\\\/letrame.com\\\/catalogo\\\/producto\\\/psicologia-del-bienestar\\\/\"]}]},{\"@type\":\"ImageObject\",\"inLanguage\":\"es\",\"@id\":\"https:\\\/\\\/letrame.com\\\/catalogo\\\/producto\\\/psicologia-del-bienestar\\\/#primaryimage\",\"url\":\"https:\\\/\\\/letrame.com\\\/catalogo\\\/wp-content\\\/uploads\\\/2025\\\/09\\\/psicologiadelbienestar_1398mm4.jpg\",\"contentUrl\":\"https:\\\/\\\/letrame.com\\\/catalogo\\\/wp-content\\\/uploads\\\/2025\\\/09\\\/psicologiadelbienestar_1398mm4.jpg\",\"width\":425,\"height\":595},{\"@type\":\"BreadcrumbList\",\"@id\":\"https:\\\/\\\/letrame.com\\\/catalogo\\\/producto\\\/psicologia-del-bienestar\\\/#breadcrumb\",\"itemListElement\":[{\"@type\":\"ListItem\",\"position\":1,\"name\":\"Portada\",\"item\":\"https:\\\/\\\/letrame.com\\\/catalogo\\\/\"},{\"@type\":\"ListItem\",\"position\":2,\"name\":\"Cat\u00e1logo\",\"item\":\"https:\\\/\\\/letrame.com\\\/catalogo\\\/\"},{\"@type\":\"ListItem\",\"position\":3,\"name\":\"Psicolog\u00eda del bienestar\"}]},{\"@type\":\"WebSite\",\"@id\":\"https:\\\/\\\/letrame.com\\\/catalogo\\\/#website\",\"url\":\"https:\\\/\\\/letrame.com\\\/catalogo\\\/\",\"name\":\"Catalogo | Letrame Grupo Editorial\",\"description\":\"\",\"publisher\":{\"@id\":\"https:\\\/\\\/letrame.com\\\/catalogo\\\/#organization\"},\"potentialAction\":[{\"@type\":\"SearchAction\",\"target\":{\"@type\":\"EntryPoint\",\"urlTemplate\":\"https:\\\/\\\/letrame.com\\\/catalogo\\\/?s={search_term_string}\"},\"query-input\":{\"@type\":\"PropertyValueSpecification\",\"valueRequired\":true,\"valueName\":\"search_term_string\"}}],\"inLanguage\":\"es\"},{\"@type\":\"Organization\",\"@id\":\"https:\\\/\\\/letrame.com\\\/catalogo\\\/#organization\",\"name\":\"Catalogo | Letrame Grupo Editorial\",\"url\":\"https:\\\/\\\/letrame.com\\\/catalogo\\\/\",\"logo\":{\"@type\":\"ImageObject\",\"inLanguage\":\"es\",\"@id\":\"https:\\\/\\\/letrame.com\\\/catalogo\\\/#\\\/schema\\\/logo\\\/image\\\/\",\"url\":\"https:\\\/\\\/letrame.com\\\/catalogo\\\/wp-content\\\/uploads\\\/2024\\\/03\\\/logo2.webp\",\"contentUrl\":\"https:\\\/\\\/letrame.com\\\/catalogo\\\/wp-content\\\/uploads\\\/2024\\\/03\\\/logo2.webp\",\"width\":394,\"height\":128,\"caption\":\"Catalogo | Letrame Grupo Editorial\"},\"image\":{\"@id\":\"https:\\\/\\\/letrame.com\\\/catalogo\\\/#\\\/schema\\\/logo\\\/image\\\/\"}}]}<\/script>\n<!-- \/ Yoast SEO plugin. -->","yoast_head_json":{"title":"Psicolog\u00eda del bienestar - Catalogo | Letrame Grupo Editorial","robots":{"index":"index","follow":"follow","max-snippet":"max-snippet:-1","max-image-preview":"max-image-preview:large","max-video-preview":"max-video-preview:-1"},"canonical":"https:\/\/letrame.com\/catalogo\/producto\/psicologia-del-bienestar\/","og_locale":"es_ES","og_type":"article","og_title":"Psicolog\u00eda del bienestar - Catalogo | Letrame Grupo Editorial","og_description":"ISBN: 9791370127428 SINOPSIS  Hay libros que se leen, y hay libros que te despiertan. Este es uno de esos pocos que no solo te habla, sino que te transforma. En estas p\u00e1ginas no hallar\u00e1s promesas vac\u00edas ni frases hechas, sino verdades que nacen del alma y se sostienen en la ciencia. Aqu\u00ed descubrir\u00e1s que la felicidad no es un espejismo ni una meta lejana, sino una br\u00fajula interna que siempre ha estado en ti, esperando ser descubierta. Cada ense\u00f1anza, cada concepto, cada palabra que narra esta historia, est\u00e1 respaldada por la psicolog\u00eda m\u00e1s rigurosa, pero escrita con el pulso c\u00e1lido de quien ha sentido en carne viva lo que ahora comparte. Este libro no es solo un estudio del bienestar: es un mapa hacia la plenitud, una sinfon\u00eda entre mente y coraz\u00f3n, y quiz\u00e1s \u2014solo quiz\u00e1s\u2014 el mejor regalo que podr\u00edas darte. Porque no se trata solo de vivir... se trata de vivir con sentido, con prop\u00f3sito, con alegr\u00eda verdadera. Y ese camino empieza aqu\u00ed. Nacido del dolor y la esperanza, este libro es el reflejo de un alma que aprendi\u00f3 a sanar. En sus p\u00e1ginas, la felicidad deja de ser un misterio y se convierte en certeza.","og_url":"https:\/\/letrame.com\/catalogo\/producto\/psicologia-del-bienestar\/","og_site_name":"Catalogo | Letrame Grupo Editorial","article_modified_time":"2025-09-12T10:28:11+00:00","og_image":[{"width":425,"height":595,"url":"https:\/\/letrame.com\/catalogo\/wp-content\/uploads\/2025\/09\/psicologiadelbienestar_1398mm4.jpg","type":"image\/jpeg"}],"twitter_card":"summary_large_image","twitter_misc":{"Tiempo de lectura":"2 minutos"},"schema":{"@context":"https:\/\/schema.org","@graph":[{"@type":"WebPage","@id":"https:\/\/letrame.com\/catalogo\/producto\/psicologia-del-bienestar\/","url":"https:\/\/letrame.com\/catalogo\/producto\/psicologia-del-bienestar\/","name":"Psicolog\u00eda del bienestar - Catalogo | Letrame Grupo Editorial","isPartOf":{"@id":"https:\/\/letrame.com\/catalogo\/#website"},"primaryImageOfPage":{"@id":"https:\/\/letrame.com\/catalogo\/producto\/psicologia-del-bienestar\/#primaryimage"},"image":{"@id":"https:\/\/letrame.com\/catalogo\/producto\/psicologia-del-bienestar\/#primaryimage"},"thumbnailUrl":"https:\/\/letrame.com\/catalogo\/wp-content\/uploads\/2025\/09\/psicologiadelbienestar_1398mm4.jpg","datePublished":"2025-09-02T08:02:55+00:00","dateModified":"2025-09-12T10:28:11+00:00","breadcrumb":{"@id":"https:\/\/letrame.com\/catalogo\/producto\/psicologia-del-bienestar\/#breadcrumb"},"inLanguage":"es","potentialAction":[{"@type":"ReadAction","target":["https:\/\/letrame.com\/catalogo\/producto\/psicologia-del-bienestar\/"]}]},{"@type":"ImageObject","inLanguage":"es","@id":"https:\/\/letrame.com\/catalogo\/producto\/psicologia-del-bienestar\/#primaryimage","url":"https:\/\/letrame.com\/catalogo\/wp-content\/uploads\/2025\/09\/psicologiadelbienestar_1398mm4.jpg","contentUrl":"https:\/\/letrame.com\/catalogo\/wp-content\/uploads\/2025\/09\/psicologiadelbienestar_1398mm4.jpg","width":425,"height":595},{"@type":"BreadcrumbList","@id":"https:\/\/letrame.com\/catalogo\/producto\/psicologia-del-bienestar\/#breadcrumb","itemListElement":[{"@type":"ListItem","position":1,"name":"Portada","item":"https:\/\/letrame.com\/catalogo\/"},{"@type":"ListItem","position":2,"name":"Cat\u00e1logo","item":"https:\/\/letrame.com\/catalogo\/"},{"@type":"ListItem","position":3,"name":"Psicolog\u00eda del bienestar"}]},{"@type":"WebSite","@id":"https:\/\/letrame.com\/catalogo\/#website","url":"https:\/\/letrame.com\/catalogo\/","name":"Catalogo | Letrame Grupo Editorial","description":"","publisher":{"@id":"https:\/\/letrame.com\/catalogo\/#organization"},"potentialAction":[{"@type":"SearchAction","target":{"@type":"EntryPoint","urlTemplate":"https:\/\/letrame.com\/catalogo\/?s={search_term_string}"},"query-input":{"@type":"PropertyValueSpecification","valueRequired":true,"valueName":"search_term_string"}}],"inLanguage":"es"},{"@type":"Organization","@id":"https:\/\/letrame.com\/catalogo\/#organization","name":"Catalogo | Letrame Grupo Editorial","url":"https:\/\/letrame.com\/catalogo\/","logo":{"@type":"ImageObject","inLanguage":"es","@id":"https:\/\/letrame.com\/catalogo\/#\/schema\/logo\/image\/","url":"https:\/\/letrame.com\/catalogo\/wp-content\/uploads\/2024\/03\/logo2.webp","contentUrl":"https:\/\/letrame.com\/catalogo\/wp-content\/uploads\/2024\/03\/logo2.webp","width":394,"height":128,"caption":"Catalogo | Letrame Grupo Editorial"},"image":{"@id":"https:\/\/letrame.com\/catalogo\/#\/schema\/logo\/image\/"}}]}},"_links":{"self":[{"href":"https:\/\/letrame.com\/catalogo\/wp-json\/wp\/v2\/product\/108785","targetHints":{"allow":["GET"]}}],"collection":[{"href":"https:\/\/letrame.com\/catalogo\/wp-json\/wp\/v2\/product"}],"about":[{"href":"https:\/\/letrame.com\/catalogo\/wp-json\/wp\/v2\/types\/product"}],"replies":[{"embeddable":true,"href":"https:\/\/letrame.com\/catalogo\/wp-json\/wp\/v2\/comments?post=108785"}],"acf:post":[{"embeddable":true,"href":"https:\/\/letrame.com\/catalogo\/wp-json\/wp\/v2\/author_book\/108787"}],"wp:featuredmedia":[{"embeddable":true,"href":"https:\/\/letrame.com\/catalogo\/wp-json\/wp\/v2\/media\/108786"}],"wp:attachment":[{"href":"https:\/\/letrame.com\/catalogo\/wp-json\/wp\/v2\/media?parent=108785"}],"wp:term":[{"taxonomy":"libro","embeddable":true,"href":"https:\/\/letrame.com\/catalogo\/wp-json\/wp\/v2\/libro?post=108785"},{"taxonomy":"product_brand","embeddable":true,"href":"https:\/\/letrame.com\/catalogo\/wp-json\/wp\/v2\/product_brand?post=108785"},{"taxonomy":"product_cat","embeddable":true,"href":"https:\/\/letrame.com\/catalogo\/wp-json\/wp\/v2\/product_cat?post=108785"},{"taxonomy":"product_tag","embeddable":true,"href":"https:\/\/letrame.com\/catalogo\/wp-json\/wp\/v2\/product_tag?post=108785"}],"curies":[{"name":"wp","href":"https:\/\/api.w.org\/{rel}","templated":true}]}}