{"id":108780,"date":"2025-08-28T14:08:50","date_gmt":"2025-08-28T12:08:50","guid":{"rendered":"https:\/\/letrame.com\/catalogo\/?post_type=product&#038;p=108780"},"modified":"2025-08-28T14:09:28","modified_gmt":"2025-08-28T12:09:28","slug":"la-clave-azrael","status":"publish","type":"product","link":"https:\/\/letrame.com\/catalogo\/producto\/la-clave-azrael\/","title":{"rendered":"La Clave Azrael"},"content":{"rendered":"<p class=\"p1\"><b>ISBN: <\/b>9791370126261<b><\/b><\/p>\n<p class=\"p1\"><b>T\u00edtulo: <\/b>La clave Azrael<b><br \/>\n<\/b><\/p>\n<p class=\"p1\"><b>Fecha: <\/b>2025<b><\/b><\/p>\n<p><strong>P\u00e1ginas<\/strong>: 572<b><\/b><\/p>\n<p class=\"p1\"><b>SINOPSIS<\/b><\/p>\n<p>A\u00f1o 2067. El mundo ya no es solo humano. Las inteligencias artificiales reclaman su lugar en una sociedad que hace tiempo olvid\u00f3 el significado de ser. La inspectora Magal\u00ed Fuster es una pieza obsoleta en un tablero dominado por algoritmos.<br \/>\nDespedida, arruinada, sin hogar, arrastra m\u00e1s que un cuerpo cansado: arrastra una pregunta que nadie quiere responder.<br \/>\nUna oferta misteriosa, una viuda millonaria que ya est\u00e1 muerta, un acertijo imposible y una conspiraci\u00f3n que huele a guerra fr\u00eda entre m\u00e1quinas y personas. Mois\u00e8s Trull\u00e0s nos lanza a un futuro que parece una sombra retorcida del presente. Un thriller cargado de filosof\u00eda, humor \u00e1cido, di\u00e1logos afilados y reflexiones que incomodan.<br \/>\nEntre drones, hologramas, lAs que quieren ser bautizadas y humanos que han olvidado su propia humanidad, Magal\u00ed \u2014 acompa\u00f1ada de Rob, un androide desfasado y entra\u00f1able-deber\u00e1 enfrentarse al misterio que se oculta en el enigma de Etnorac, mientras le persiguen sus propios fantasmas.<br \/>\nLa clave Azrael es una distop\u00eda donde el futuro y el pasado chocan de frente, y donde el peor virus no es la tecnolog\u00eda&#8230;<br \/>\nsino el miedo a cambiar.<b><br \/>\n<\/b><\/p>\n","protected":false},"excerpt":{"rendered":"<p><b>ISBN: <\/b>9791370126261<\/p>\n<p><b>SINOPSIS<\/b><\/p>\n<p>A\u00f1o 2067. El mundo ya no es solo humano. Las inteligencias artificiales reclaman su lugar en una sociedad que hace tiempo olvid\u00f3 el significado de ser. La inspectora Magal\u00ed Fuster es una pieza obsoleta en un tablero dominado por algoritmos.<br \/>\nDespedida, arruinada, sin hogar, arrastra m\u00e1s que un cuerpo cansado: arrastra una pregunta que nadie quiere responder.<br \/>\nUna oferta misteriosa, una viuda millonaria que ya est\u00e1 muerta, un acertijo imposible y una conspiraci\u00f3n que huele a guerra fr\u00eda entre m\u00e1quinas y personas. Mois\u00e8s Trull\u00e0s nos lanza a un futuro que parece una sombra retorcida del presente. Un thriller cargado de filosof\u00eda, humor \u00e1cido, di\u00e1logos afilados y reflexiones que incomodan.<br \/>\nEntre drones, hologramas, lAs que quieren ser bautizadas y humanos que han olvidado su propia humanidad, Magal\u00ed \u2014 acompa\u00f1ada de Rob, un androide desfasado y entra\u00f1able-deber\u00e1 enfrentarse al misterio que se oculta en el enigma de Etnorac, mientras le persiguen sus propios fantasmas.<br \/>\nLa clave Azrael es una distop\u00eda donde el futuro y el pasado chocan de frente, y donde el peor virus no es la tecnolog\u00eda&#8230;<br \/>\nsino el miedo a cambiar.<\/p>\n","protected":false},"featured_media":108783,"comment_status":"open","ping_status":"closed","template":"","meta":{"_acf_changed":false},"libro":[],"product_brand":[],"product_cat":[142],"product_tag":[],"class_list":{"0":"post-108780","1":"product","2":"type-product","3":"status-publish","4":"has-post-thumbnail","6":"product_cat-distopia","8":"first","9":"instock","10":"shipping-taxable","11":"product-type-simple"},"acf":{"autor":[108781],"enlace_de_compra":"https:\/\/www.amazon.es\/dp\/B0FGH22T15"},"yoast_head":"<!-- This site is optimized with the Yoast SEO plugin v27.4 - https:\/\/yoast.com\/product\/yoast-seo-wordpress\/ -->\n<title>La Clave Azrael - Catalogo | Letrame Grupo Editorial<\/title>\n<meta name=\"robots\" content=\"index, follow, max-snippet:-1, max-image-preview:large, max-video-preview:-1\" \/>\n<link rel=\"canonical\" href=\"https:\/\/letrame.com\/catalogo\/producto\/la-clave-azrael\/\" \/>\n<meta property=\"og:locale\" content=\"es_ES\" \/>\n<meta property=\"og:type\" content=\"article\" \/>\n<meta property=\"og:title\" content=\"La Clave Azrael - Catalogo | Letrame Grupo Editorial\" \/>\n<meta property=\"og:description\" content=\"ISBN: 9791370126261  SINOPSIS  A\u00f1o 2067. El mundo ya no es solo humano. Las inteligencias artificiales reclaman su lugar en una sociedad que hace tiempo olvid\u00f3 el significado de ser. La inspectora Magal\u00ed Fuster es una pieza obsoleta en un tablero dominado por algoritmos. Despedida, arruinada, sin hogar, arrastra m\u00e1s que un cuerpo cansado: arrastra una pregunta que nadie quiere responder. Una oferta misteriosa, una viuda millonaria que ya est\u00e1 muerta, un acertijo imposible y una conspiraci\u00f3n que huele a guerra fr\u00eda entre m\u00e1quinas y personas. Mois\u00e8s Trull\u00e0s nos lanza a un futuro que parece una sombra retorcida del presente. Un thriller cargado de filosof\u00eda, humor \u00e1cido, di\u00e1logos afilados y reflexiones que incomodan. Entre drones, hologramas, lAs que quieren ser bautizadas y humanos que han olvidado su propia humanidad, Magal\u00ed \u2014 acompa\u00f1ada de Rob, un androide desfasado y entra\u00f1able-deber\u00e1 enfrentarse al misterio que se oculta en el enigma de Etnorac, mientras le persiguen sus propios fantasmas. La clave Azrael es una distop\u00eda donde el futuro y el pasado chocan de frente, y donde el peor virus no es la tecnolog\u00eda... sino el miedo a cambiar.\" \/>\n<meta property=\"og:url\" content=\"https:\/\/letrame.com\/catalogo\/producto\/la-clave-azrael\/\" \/>\n<meta property=\"og:site_name\" content=\"Catalogo | Letrame Grupo Editorial\" \/>\n<meta property=\"article:modified_time\" content=\"2025-08-28T12:09:28+00:00\" \/>\n<meta property=\"og:image\" content=\"https:\/\/letrame.com\/catalogo\/wp-content\/uploads\/2025\/08\/laclavedeazrael_2745mm4.jpg\" \/>\n\t<meta property=\"og:image:width\" content=\"443\" \/>\n\t<meta property=\"og:image:height\" content=\"650\" \/>\n\t<meta property=\"og:image:type\" content=\"image\/jpeg\" \/>\n<meta name=\"twitter:card\" content=\"summary_large_image\" \/>\n<meta name=\"twitter:label1\" content=\"Tiempo de lectura\" \/>\n\t<meta name=\"twitter:data1\" content=\"2 minutos\" \/>\n<script type=\"application\/ld+json\" class=\"yoast-schema-graph\">{\"@context\":\"https:\\\/\\\/schema.org\",\"@graph\":[{\"@type\":\"WebPage\",\"@id\":\"https:\\\/\\\/letrame.com\\\/catalogo\\\/producto\\\/la-clave-azrael\\\/\",\"url\":\"https:\\\/\\\/letrame.com\\\/catalogo\\\/producto\\\/la-clave-azrael\\\/\",\"name\":\"La Clave Azrael - Catalogo | Letrame Grupo Editorial\",\"isPartOf\":{\"@id\":\"https:\\\/\\\/letrame.com\\\/catalogo\\\/#website\"},\"primaryImageOfPage\":{\"@id\":\"https:\\\/\\\/letrame.com\\\/catalogo\\\/producto\\\/la-clave-azrael\\\/#primaryimage\"},\"image\":{\"@id\":\"https:\\\/\\\/letrame.com\\\/catalogo\\\/producto\\\/la-clave-azrael\\\/#primaryimage\"},\"thumbnailUrl\":\"https:\\\/\\\/letrame.com\\\/catalogo\\\/wp-content\\\/uploads\\\/2025\\\/08\\\/laclavedeazrael_2745mm4.jpg\",\"datePublished\":\"2025-08-28T12:08:50+00:00\",\"dateModified\":\"2025-08-28T12:09:28+00:00\",\"breadcrumb\":{\"@id\":\"https:\\\/\\\/letrame.com\\\/catalogo\\\/producto\\\/la-clave-azrael\\\/#breadcrumb\"},\"inLanguage\":\"es\",\"potentialAction\":[{\"@type\":\"ReadAction\",\"target\":[\"https:\\\/\\\/letrame.com\\\/catalogo\\\/producto\\\/la-clave-azrael\\\/\"]}]},{\"@type\":\"ImageObject\",\"inLanguage\":\"es\",\"@id\":\"https:\\\/\\\/letrame.com\\\/catalogo\\\/producto\\\/la-clave-azrael\\\/#primaryimage\",\"url\":\"https:\\\/\\\/letrame.com\\\/catalogo\\\/wp-content\\\/uploads\\\/2025\\\/08\\\/laclavedeazrael_2745mm4.jpg\",\"contentUrl\":\"https:\\\/\\\/letrame.com\\\/catalogo\\\/wp-content\\\/uploads\\\/2025\\\/08\\\/laclavedeazrael_2745mm4.jpg\",\"width\":443,\"height\":650},{\"@type\":\"BreadcrumbList\",\"@id\":\"https:\\\/\\\/letrame.com\\\/catalogo\\\/producto\\\/la-clave-azrael\\\/#breadcrumb\",\"itemListElement\":[{\"@type\":\"ListItem\",\"position\":1,\"name\":\"Portada\",\"item\":\"https:\\\/\\\/letrame.com\\\/catalogo\\\/\"},{\"@type\":\"ListItem\",\"position\":2,\"name\":\"Cat\u00e1logo\",\"item\":\"https:\\\/\\\/letrame.com\\\/catalogo\\\/\"},{\"@type\":\"ListItem\",\"position\":3,\"name\":\"La Clave Azrael\"}]},{\"@type\":\"WebSite\",\"@id\":\"https:\\\/\\\/letrame.com\\\/catalogo\\\/#website\",\"url\":\"https:\\\/\\\/letrame.com\\\/catalogo\\\/\",\"name\":\"Catalogo | Letrame Grupo Editorial\",\"description\":\"\",\"publisher\":{\"@id\":\"https:\\\/\\\/letrame.com\\\/catalogo\\\/#organization\"},\"potentialAction\":[{\"@type\":\"SearchAction\",\"target\":{\"@type\":\"EntryPoint\",\"urlTemplate\":\"https:\\\/\\\/letrame.com\\\/catalogo\\\/?s={search_term_string}\"},\"query-input\":{\"@type\":\"PropertyValueSpecification\",\"valueRequired\":true,\"valueName\":\"search_term_string\"}}],\"inLanguage\":\"es\"},{\"@type\":\"Organization\",\"@id\":\"https:\\\/\\\/letrame.com\\\/catalogo\\\/#organization\",\"name\":\"Catalogo | Letrame Grupo Editorial\",\"url\":\"https:\\\/\\\/letrame.com\\\/catalogo\\\/\",\"logo\":{\"@type\":\"ImageObject\",\"inLanguage\":\"es\",\"@id\":\"https:\\\/\\\/letrame.com\\\/catalogo\\\/#\\\/schema\\\/logo\\\/image\\\/\",\"url\":\"https:\\\/\\\/letrame.com\\\/catalogo\\\/wp-content\\\/uploads\\\/2024\\\/03\\\/logo2.webp\",\"contentUrl\":\"https:\\\/\\\/letrame.com\\\/catalogo\\\/wp-content\\\/uploads\\\/2024\\\/03\\\/logo2.webp\",\"width\":394,\"height\":128,\"caption\":\"Catalogo | Letrame Grupo Editorial\"},\"image\":{\"@id\":\"https:\\\/\\\/letrame.com\\\/catalogo\\\/#\\\/schema\\\/logo\\\/image\\\/\"}}]}<\/script>\n<!-- \/ Yoast SEO plugin. -->","yoast_head_json":{"title":"La Clave Azrael - Catalogo | Letrame Grupo Editorial","robots":{"index":"index","follow":"follow","max-snippet":"max-snippet:-1","max-image-preview":"max-image-preview:large","max-video-preview":"max-video-preview:-1"},"canonical":"https:\/\/letrame.com\/catalogo\/producto\/la-clave-azrael\/","og_locale":"es_ES","og_type":"article","og_title":"La Clave Azrael - Catalogo | Letrame Grupo Editorial","og_description":"ISBN: 9791370126261  SINOPSIS  A\u00f1o 2067. El mundo ya no es solo humano. Las inteligencias artificiales reclaman su lugar en una sociedad que hace tiempo olvid\u00f3 el significado de ser. La inspectora Magal\u00ed Fuster es una pieza obsoleta en un tablero dominado por algoritmos. Despedida, arruinada, sin hogar, arrastra m\u00e1s que un cuerpo cansado: arrastra una pregunta que nadie quiere responder. Una oferta misteriosa, una viuda millonaria que ya est\u00e1 muerta, un acertijo imposible y una conspiraci\u00f3n que huele a guerra fr\u00eda entre m\u00e1quinas y personas. Mois\u00e8s Trull\u00e0s nos lanza a un futuro que parece una sombra retorcida del presente. Un thriller cargado de filosof\u00eda, humor \u00e1cido, di\u00e1logos afilados y reflexiones que incomodan. Entre drones, hologramas, lAs que quieren ser bautizadas y humanos que han olvidado su propia humanidad, Magal\u00ed \u2014 acompa\u00f1ada de Rob, un androide desfasado y entra\u00f1able-deber\u00e1 enfrentarse al misterio que se oculta en el enigma de Etnorac, mientras le persiguen sus propios fantasmas. La clave Azrael es una distop\u00eda donde el futuro y el pasado chocan de frente, y donde el peor virus no es la tecnolog\u00eda... sino el miedo a cambiar.","og_url":"https:\/\/letrame.com\/catalogo\/producto\/la-clave-azrael\/","og_site_name":"Catalogo | Letrame Grupo Editorial","article_modified_time":"2025-08-28T12:09:28+00:00","og_image":[{"width":443,"height":650,"url":"https:\/\/letrame.com\/catalogo\/wp-content\/uploads\/2025\/08\/laclavedeazrael_2745mm4.jpg","type":"image\/jpeg"}],"twitter_card":"summary_large_image","twitter_misc":{"Tiempo de lectura":"2 minutos"},"schema":{"@context":"https:\/\/schema.org","@graph":[{"@type":"WebPage","@id":"https:\/\/letrame.com\/catalogo\/producto\/la-clave-azrael\/","url":"https:\/\/letrame.com\/catalogo\/producto\/la-clave-azrael\/","name":"La Clave Azrael - Catalogo | Letrame Grupo Editorial","isPartOf":{"@id":"https:\/\/letrame.com\/catalogo\/#website"},"primaryImageOfPage":{"@id":"https:\/\/letrame.com\/catalogo\/producto\/la-clave-azrael\/#primaryimage"},"image":{"@id":"https:\/\/letrame.com\/catalogo\/producto\/la-clave-azrael\/#primaryimage"},"thumbnailUrl":"https:\/\/letrame.com\/catalogo\/wp-content\/uploads\/2025\/08\/laclavedeazrael_2745mm4.jpg","datePublished":"2025-08-28T12:08:50+00:00","dateModified":"2025-08-28T12:09:28+00:00","breadcrumb":{"@id":"https:\/\/letrame.com\/catalogo\/producto\/la-clave-azrael\/#breadcrumb"},"inLanguage":"es","potentialAction":[{"@type":"ReadAction","target":["https:\/\/letrame.com\/catalogo\/producto\/la-clave-azrael\/"]}]},{"@type":"ImageObject","inLanguage":"es","@id":"https:\/\/letrame.com\/catalogo\/producto\/la-clave-azrael\/#primaryimage","url":"https:\/\/letrame.com\/catalogo\/wp-content\/uploads\/2025\/08\/laclavedeazrael_2745mm4.jpg","contentUrl":"https:\/\/letrame.com\/catalogo\/wp-content\/uploads\/2025\/08\/laclavedeazrael_2745mm4.jpg","width":443,"height":650},{"@type":"BreadcrumbList","@id":"https:\/\/letrame.com\/catalogo\/producto\/la-clave-azrael\/#breadcrumb","itemListElement":[{"@type":"ListItem","position":1,"name":"Portada","item":"https:\/\/letrame.com\/catalogo\/"},{"@type":"ListItem","position":2,"name":"Cat\u00e1logo","item":"https:\/\/letrame.com\/catalogo\/"},{"@type":"ListItem","position":3,"name":"La Clave Azrael"}]},{"@type":"WebSite","@id":"https:\/\/letrame.com\/catalogo\/#website","url":"https:\/\/letrame.com\/catalogo\/","name":"Catalogo | Letrame Grupo Editorial","description":"","publisher":{"@id":"https:\/\/letrame.com\/catalogo\/#organization"},"potentialAction":[{"@type":"SearchAction","target":{"@type":"EntryPoint","urlTemplate":"https:\/\/letrame.com\/catalogo\/?s={search_term_string}"},"query-input":{"@type":"PropertyValueSpecification","valueRequired":true,"valueName":"search_term_string"}}],"inLanguage":"es"},{"@type":"Organization","@id":"https:\/\/letrame.com\/catalogo\/#organization","name":"Catalogo | Letrame Grupo Editorial","url":"https:\/\/letrame.com\/catalogo\/","logo":{"@type":"ImageObject","inLanguage":"es","@id":"https:\/\/letrame.com\/catalogo\/#\/schema\/logo\/image\/","url":"https:\/\/letrame.com\/catalogo\/wp-content\/uploads\/2024\/03\/logo2.webp","contentUrl":"https:\/\/letrame.com\/catalogo\/wp-content\/uploads\/2024\/03\/logo2.webp","width":394,"height":128,"caption":"Catalogo | Letrame Grupo Editorial"},"image":{"@id":"https:\/\/letrame.com\/catalogo\/#\/schema\/logo\/image\/"}}]}},"_links":{"self":[{"href":"https:\/\/letrame.com\/catalogo\/wp-json\/wp\/v2\/product\/108780","targetHints":{"allow":["GET"]}}],"collection":[{"href":"https:\/\/letrame.com\/catalogo\/wp-json\/wp\/v2\/product"}],"about":[{"href":"https:\/\/letrame.com\/catalogo\/wp-json\/wp\/v2\/types\/product"}],"replies":[{"embeddable":true,"href":"https:\/\/letrame.com\/catalogo\/wp-json\/wp\/v2\/comments?post=108780"}],"acf:post":[{"embeddable":true,"href":"https:\/\/letrame.com\/catalogo\/wp-json\/wp\/v2\/author_book\/108781"}],"wp:featuredmedia":[{"embeddable":true,"href":"https:\/\/letrame.com\/catalogo\/wp-json\/wp\/v2\/media\/108783"}],"wp:attachment":[{"href":"https:\/\/letrame.com\/catalogo\/wp-json\/wp\/v2\/media?parent=108780"}],"wp:term":[{"taxonomy":"libro","embeddable":true,"href":"https:\/\/letrame.com\/catalogo\/wp-json\/wp\/v2\/libro?post=108780"},{"taxonomy":"product_brand","embeddable":true,"href":"https:\/\/letrame.com\/catalogo\/wp-json\/wp\/v2\/product_brand?post=108780"},{"taxonomy":"product_cat","embeddable":true,"href":"https:\/\/letrame.com\/catalogo\/wp-json\/wp\/v2\/product_cat?post=108780"},{"taxonomy":"product_tag","embeddable":true,"href":"https:\/\/letrame.com\/catalogo\/wp-json\/wp\/v2\/product_tag?post=108780"}],"curies":[{"name":"wp","href":"https:\/\/api.w.org\/{rel}","templated":true}]}}