{"id":108774,"date":"2025-08-27T13:46:13","date_gmt":"2025-08-27T11:46:13","guid":{"rendered":"https:\/\/letrame.com\/catalogo\/?post_type=product&#038;p=108774"},"modified":"2025-09-10T13:08:56","modified_gmt":"2025-09-10T11:08:56","slug":"de-que-va-esto-de-la-vida","status":"publish","type":"product","link":"https:\/\/letrame.com\/catalogo\/producto\/de-que-va-esto-de-la-vida\/","title":{"rendered":"\u00bfDe qu\u00e9 va esto de la vida?"},"content":{"rendered":"<p class=\"p1\"><b>ISBN: <\/b>9791370127572<b><\/b><\/p>\n<p class=\"p1\"><b>T\u00edtulo: <\/b>\u00bfDe qu\u00e9 va esto de la vida?<b><\/b><\/p>\n<p><strong>Fecha<\/strong>: 2025<b><\/b><\/p>\n<p><strong>P\u00e1ginas<\/strong>: 234<b><\/b><\/p>\n<p class=\"p1\"><b>SINOPSIS<\/b><\/p>\n<p>Todos nos lo hemos preguntado alguna vez. Y aunque no hay una sola respuesta, este libro te invita a buscarla desde el lugar m\u00e1s honesto: t\u00fa mismo. A lo largo de sus p\u00e1ginas encontrar\u00e1s una gu\u00eda cercana y pr\u00e1ctica para comprenderte mejor, gestionar tus emociones, cultivar relaciones sanas y tomar decisiones m\u00e1s conscientes.<\/p>\n<p class=\"p1\">Se identifica, con claridad y sencillez, los aspectos m\u00e1s importantes y necesarios para vivir con plenitud, ofreci\u00e9ndote una br\u00fajula interior para dejar de ir en piloto autom\u00e1tico y empezar a caminar hacia la vida que realmente deseas.<\/p>\n<p class=\"p1\">Con reflexiones profundas, historias reales, ejercicios y preguntas poderosas, este libro es una llamada a despertar: a dejar de sobrevivir y comenzar a vivir con intenci\u00f3n, con sentido&#8230; y con alma.<\/p>\n<p class=\"p1\">Porque al final, no se trata de tenerlo todo resuelto. Se trata de estar presente, de ser aut\u00e9ntico y de caminar cada d\u00eda un poco m\u00e1s cerca de quien realmente eres.<\/p>\n<p class=\"p1\"><b>\u00a0<\/b><\/p>\n","protected":false},"excerpt":{"rendered":"<p><b>ISBN: <\/b>9791370127572<\/p>\n<p class=\"p1\"><b>SINOPSIS<\/b><\/p>\n<p>Todos nos lo hemos preguntado alguna vez. Y aunque no hay una sola respuesta, este libro te invita a buscarla desde el lugar m\u00e1s honesto: t\u00fa mismo. A lo largo de sus p\u00e1ginas encontrar\u00e1s una gu\u00eda cercana y pr\u00e1ctica para comprenderte mejor, gestionar tus emociones, cultivar relaciones sanas y tomar decisiones m\u00e1s conscientes.<\/p>\n<p class=\"p1\">Se identifica, con claridad y sencillez, los aspectos m\u00e1s importantes y necesarios para vivir con plenitud, ofreci\u00e9ndote una br\u00fajula interior para dejar de ir en piloto autom\u00e1tico y empezar a caminar hacia la vida que realmente deseas.<\/p>\n<p class=\"p1\">Con reflexiones profundas, historias reales, ejercicios y preguntas poderosas, este libro es una llamada a despertar: a dejar de sobrevivir y comenzar a vivir con intenci\u00f3n, con sentido&#8230; y con alma.<\/p>\n<p class=\"p1\">Porque al final, no se trata de tenerlo todo resuelto. Se trata de estar presente, de ser aut\u00e9ntico y de caminar cada d\u00eda un poco m\u00e1s cerca de quien realmente eres.<\/p>\n","protected":false},"featured_media":108775,"comment_status":"open","ping_status":"closed","template":"","meta":{"_acf_changed":false},"libro":[],"product_brand":[],"product_cat":[18],"product_tag":[],"class_list":{"0":"post-108774","1":"product","2":"type-product","3":"status-publish","4":"has-post-thumbnail","6":"product_cat-autoayuda","8":"first","9":"instock","10":"shipping-taxable","11":"product-type-simple"},"acf":{"autor":[108776],"enlace_de_compra":"https:\/\/www.amazon.es\/dp\/B0FQ3H7HKH"},"yoast_head":"<!-- This site is optimized with the Yoast SEO plugin v26.6 - https:\/\/yoast.com\/wordpress\/plugins\/seo\/ -->\n<title>\u00bfDe qu\u00e9 va esto de la vida? - Catalogo | Letrame Grupo Editorial<\/title>\n<meta name=\"robots\" content=\"index, follow, max-snippet:-1, max-image-preview:large, max-video-preview:-1\" \/>\n<link rel=\"canonical\" href=\"https:\/\/letrame.com\/catalogo\/producto\/de-que-va-esto-de-la-vida\/\" \/>\n<meta property=\"og:locale\" content=\"es_ES\" \/>\n<meta property=\"og:type\" content=\"article\" \/>\n<meta property=\"og:title\" content=\"\u00bfDe qu\u00e9 va esto de la vida? - Catalogo | Letrame Grupo Editorial\" \/>\n<meta property=\"og:description\" content=\"ISBN: 9791370127572 SINOPSIS Todos nos lo hemos preguntado alguna vez. Y aunque no hay una sola respuesta, este libro te invita a buscarla desde el lugar m\u00e1s honesto: t\u00fa mismo. A lo largo de sus p\u00e1ginas encontrar\u00e1s una gu\u00eda cercana y pr\u00e1ctica para comprenderte mejor, gestionar tus emociones, cultivar relaciones sanas y tomar decisiones m\u00e1s conscientes. Se identifica, con claridad y sencillez, los aspectos m\u00e1s importantes y necesarios para vivir con plenitud, ofreci\u00e9ndote una br\u00fajula interior para dejar de ir en piloto autom\u00e1tico y empezar a caminar hacia la vida que realmente deseas. Con reflexiones profundas, historias reales, ejercicios y preguntas poderosas, este libro es una llamada a despertar: a dejar de sobrevivir y comenzar a vivir con intenci\u00f3n, con sentido... y con alma. Porque al final, no se trata de tenerlo todo resuelto. Se trata de estar presente, de ser aut\u00e9ntico y de caminar cada d\u00eda un poco m\u00e1s cerca de quien realmente eres.\" \/>\n<meta property=\"og:url\" content=\"https:\/\/letrame.com\/catalogo\/producto\/de-que-va-esto-de-la-vida\/\" \/>\n<meta property=\"og:site_name\" content=\"Catalogo | Letrame Grupo Editorial\" \/>\n<meta property=\"article:modified_time\" content=\"2025-09-10T11:08:56+00:00\" \/>\n<meta property=\"og:image\" content=\"https:\/\/letrame.com\/catalogo\/wp-content\/uploads\/2025\/08\/\u00bfdequevaesto._1186mm4.jpg\" \/>\n\t<meta property=\"og:image:width\" content=\"384\" \/>\n\t<meta property=\"og:image:height\" content=\"537\" \/>\n\t<meta property=\"og:image:type\" content=\"image\/jpeg\" \/>\n<meta name=\"twitter:card\" content=\"summary_large_image\" \/>\n<meta name=\"twitter:label1\" content=\"Tiempo de lectura\" \/>\n\t<meta name=\"twitter:data1\" content=\"1 minuto\" \/>\n<script type=\"application\/ld+json\" class=\"yoast-schema-graph\">{\"@context\":\"https:\/\/schema.org\",\"@graph\":[{\"@type\":\"WebPage\",\"@id\":\"https:\/\/letrame.com\/catalogo\/producto\/de-que-va-esto-de-la-vida\/\",\"url\":\"https:\/\/letrame.com\/catalogo\/producto\/de-que-va-esto-de-la-vida\/\",\"name\":\"\u00bfDe qu\u00e9 va esto de la vida? - Catalogo | Letrame Grupo Editorial\",\"isPartOf\":{\"@id\":\"https:\/\/letrame.com\/catalogo\/#website\"},\"primaryImageOfPage\":{\"@id\":\"https:\/\/letrame.com\/catalogo\/producto\/de-que-va-esto-de-la-vida\/#primaryimage\"},\"image\":{\"@id\":\"https:\/\/letrame.com\/catalogo\/producto\/de-que-va-esto-de-la-vida\/#primaryimage\"},\"thumbnailUrl\":\"https:\/\/letrame.com\/catalogo\/wp-content\/uploads\/2025\/08\/\u00bfdequevaesto._1186mm4.jpg\",\"datePublished\":\"2025-08-27T11:46:13+00:00\",\"dateModified\":\"2025-09-10T11:08:56+00:00\",\"breadcrumb\":{\"@id\":\"https:\/\/letrame.com\/catalogo\/producto\/de-que-va-esto-de-la-vida\/#breadcrumb\"},\"inLanguage\":\"es\",\"potentialAction\":[{\"@type\":\"ReadAction\",\"target\":[\"https:\/\/letrame.com\/catalogo\/producto\/de-que-va-esto-de-la-vida\/\"]}]},{\"@type\":\"ImageObject\",\"inLanguage\":\"es\",\"@id\":\"https:\/\/letrame.com\/catalogo\/producto\/de-que-va-esto-de-la-vida\/#primaryimage\",\"url\":\"https:\/\/letrame.com\/catalogo\/wp-content\/uploads\/2025\/08\/\u00bfdequevaesto._1186mm4.jpg\",\"contentUrl\":\"https:\/\/letrame.com\/catalogo\/wp-content\/uploads\/2025\/08\/\u00bfdequevaesto._1186mm4.jpg\",\"width\":384,\"height\":537},{\"@type\":\"BreadcrumbList\",\"@id\":\"https:\/\/letrame.com\/catalogo\/producto\/de-que-va-esto-de-la-vida\/#breadcrumb\",\"itemListElement\":[{\"@type\":\"ListItem\",\"position\":1,\"name\":\"Portada\",\"item\":\"https:\/\/letrame.com\/catalogo\/\"},{\"@type\":\"ListItem\",\"position\":2,\"name\":\"Cat\u00e1logo\",\"item\":\"https:\/\/letrame.com\/catalogo\/\"},{\"@type\":\"ListItem\",\"position\":3,\"name\":\"\u00bfDe qu\u00e9 va esto de la vida?\"}]},{\"@type\":\"WebSite\",\"@id\":\"https:\/\/letrame.com\/catalogo\/#website\",\"url\":\"https:\/\/letrame.com\/catalogo\/\",\"name\":\"Catalogo | Letrame Grupo Editorial\",\"description\":\"\",\"publisher\":{\"@id\":\"https:\/\/letrame.com\/catalogo\/#organization\"},\"potentialAction\":[{\"@type\":\"SearchAction\",\"target\":{\"@type\":\"EntryPoint\",\"urlTemplate\":\"https:\/\/letrame.com\/catalogo\/?s={search_term_string}\"},\"query-input\":{\"@type\":\"PropertyValueSpecification\",\"valueRequired\":true,\"valueName\":\"search_term_string\"}}],\"inLanguage\":\"es\"},{\"@type\":\"Organization\",\"@id\":\"https:\/\/letrame.com\/catalogo\/#organization\",\"name\":\"Catalogo | Letrame Grupo Editorial\",\"url\":\"https:\/\/letrame.com\/catalogo\/\",\"logo\":{\"@type\":\"ImageObject\",\"inLanguage\":\"es\",\"@id\":\"https:\/\/letrame.com\/catalogo\/#\/schema\/logo\/image\/\",\"url\":\"https:\/\/letrame.com\/catalogo\/wp-content\/uploads\/2024\/03\/logo2.webp\",\"contentUrl\":\"https:\/\/letrame.com\/catalogo\/wp-content\/uploads\/2024\/03\/logo2.webp\",\"width\":394,\"height\":128,\"caption\":\"Catalogo | Letrame Grupo Editorial\"},\"image\":{\"@id\":\"https:\/\/letrame.com\/catalogo\/#\/schema\/logo\/image\/\"}}]}<\/script>\n<!-- \/ Yoast SEO plugin. -->","yoast_head_json":{"title":"\u00bfDe qu\u00e9 va esto de la vida? - Catalogo | Letrame Grupo Editorial","robots":{"index":"index","follow":"follow","max-snippet":"max-snippet:-1","max-image-preview":"max-image-preview:large","max-video-preview":"max-video-preview:-1"},"canonical":"https:\/\/letrame.com\/catalogo\/producto\/de-que-va-esto-de-la-vida\/","og_locale":"es_ES","og_type":"article","og_title":"\u00bfDe qu\u00e9 va esto de la vida? - Catalogo | Letrame Grupo Editorial","og_description":"ISBN: 9791370127572 SINOPSIS Todos nos lo hemos preguntado alguna vez. Y aunque no hay una sola respuesta, este libro te invita a buscarla desde el lugar m\u00e1s honesto: t\u00fa mismo. A lo largo de sus p\u00e1ginas encontrar\u00e1s una gu\u00eda cercana y pr\u00e1ctica para comprenderte mejor, gestionar tus emociones, cultivar relaciones sanas y tomar decisiones m\u00e1s conscientes. Se identifica, con claridad y sencillez, los aspectos m\u00e1s importantes y necesarios para vivir con plenitud, ofreci\u00e9ndote una br\u00fajula interior para dejar de ir en piloto autom\u00e1tico y empezar a caminar hacia la vida que realmente deseas. Con reflexiones profundas, historias reales, ejercicios y preguntas poderosas, este libro es una llamada a despertar: a dejar de sobrevivir y comenzar a vivir con intenci\u00f3n, con sentido... y con alma. Porque al final, no se trata de tenerlo todo resuelto. Se trata de estar presente, de ser aut\u00e9ntico y de caminar cada d\u00eda un poco m\u00e1s cerca de quien realmente eres.","og_url":"https:\/\/letrame.com\/catalogo\/producto\/de-que-va-esto-de-la-vida\/","og_site_name":"Catalogo | Letrame Grupo Editorial","article_modified_time":"2025-09-10T11:08:56+00:00","og_image":[{"width":384,"height":537,"url":"https:\/\/letrame.com\/catalogo\/wp-content\/uploads\/2025\/08\/\u00bfdequevaesto._1186mm4.jpg","type":"image\/jpeg"}],"twitter_card":"summary_large_image","twitter_misc":{"Tiempo de lectura":"1 minuto"},"schema":{"@context":"https:\/\/schema.org","@graph":[{"@type":"WebPage","@id":"https:\/\/letrame.com\/catalogo\/producto\/de-que-va-esto-de-la-vida\/","url":"https:\/\/letrame.com\/catalogo\/producto\/de-que-va-esto-de-la-vida\/","name":"\u00bfDe qu\u00e9 va esto de la vida? - Catalogo | Letrame Grupo Editorial","isPartOf":{"@id":"https:\/\/letrame.com\/catalogo\/#website"},"primaryImageOfPage":{"@id":"https:\/\/letrame.com\/catalogo\/producto\/de-que-va-esto-de-la-vida\/#primaryimage"},"image":{"@id":"https:\/\/letrame.com\/catalogo\/producto\/de-que-va-esto-de-la-vida\/#primaryimage"},"thumbnailUrl":"https:\/\/letrame.com\/catalogo\/wp-content\/uploads\/2025\/08\/\u00bfdequevaesto._1186mm4.jpg","datePublished":"2025-08-27T11:46:13+00:00","dateModified":"2025-09-10T11:08:56+00:00","breadcrumb":{"@id":"https:\/\/letrame.com\/catalogo\/producto\/de-que-va-esto-de-la-vida\/#breadcrumb"},"inLanguage":"es","potentialAction":[{"@type":"ReadAction","target":["https:\/\/letrame.com\/catalogo\/producto\/de-que-va-esto-de-la-vida\/"]}]},{"@type":"ImageObject","inLanguage":"es","@id":"https:\/\/letrame.com\/catalogo\/producto\/de-que-va-esto-de-la-vida\/#primaryimage","url":"https:\/\/letrame.com\/catalogo\/wp-content\/uploads\/2025\/08\/\u00bfdequevaesto._1186mm4.jpg","contentUrl":"https:\/\/letrame.com\/catalogo\/wp-content\/uploads\/2025\/08\/\u00bfdequevaesto._1186mm4.jpg","width":384,"height":537},{"@type":"BreadcrumbList","@id":"https:\/\/letrame.com\/catalogo\/producto\/de-que-va-esto-de-la-vida\/#breadcrumb","itemListElement":[{"@type":"ListItem","position":1,"name":"Portada","item":"https:\/\/letrame.com\/catalogo\/"},{"@type":"ListItem","position":2,"name":"Cat\u00e1logo","item":"https:\/\/letrame.com\/catalogo\/"},{"@type":"ListItem","position":3,"name":"\u00bfDe qu\u00e9 va esto de la vida?"}]},{"@type":"WebSite","@id":"https:\/\/letrame.com\/catalogo\/#website","url":"https:\/\/letrame.com\/catalogo\/","name":"Catalogo | Letrame Grupo Editorial","description":"","publisher":{"@id":"https:\/\/letrame.com\/catalogo\/#organization"},"potentialAction":[{"@type":"SearchAction","target":{"@type":"EntryPoint","urlTemplate":"https:\/\/letrame.com\/catalogo\/?s={search_term_string}"},"query-input":{"@type":"PropertyValueSpecification","valueRequired":true,"valueName":"search_term_string"}}],"inLanguage":"es"},{"@type":"Organization","@id":"https:\/\/letrame.com\/catalogo\/#organization","name":"Catalogo | Letrame Grupo Editorial","url":"https:\/\/letrame.com\/catalogo\/","logo":{"@type":"ImageObject","inLanguage":"es","@id":"https:\/\/letrame.com\/catalogo\/#\/schema\/logo\/image\/","url":"https:\/\/letrame.com\/catalogo\/wp-content\/uploads\/2024\/03\/logo2.webp","contentUrl":"https:\/\/letrame.com\/catalogo\/wp-content\/uploads\/2024\/03\/logo2.webp","width":394,"height":128,"caption":"Catalogo | Letrame Grupo Editorial"},"image":{"@id":"https:\/\/letrame.com\/catalogo\/#\/schema\/logo\/image\/"}}]}},"_links":{"self":[{"href":"https:\/\/letrame.com\/catalogo\/wp-json\/wp\/v2\/product\/108774","targetHints":{"allow":["GET"]}}],"collection":[{"href":"https:\/\/letrame.com\/catalogo\/wp-json\/wp\/v2\/product"}],"about":[{"href":"https:\/\/letrame.com\/catalogo\/wp-json\/wp\/v2\/types\/product"}],"replies":[{"embeddable":true,"href":"https:\/\/letrame.com\/catalogo\/wp-json\/wp\/v2\/comments?post=108774"}],"acf:post":[{"embeddable":true,"href":"https:\/\/letrame.com\/catalogo\/wp-json\/wp\/v2\/author_book\/108776"}],"wp:featuredmedia":[{"embeddable":true,"href":"https:\/\/letrame.com\/catalogo\/wp-json\/wp\/v2\/media\/108775"}],"wp:attachment":[{"href":"https:\/\/letrame.com\/catalogo\/wp-json\/wp\/v2\/media?parent=108774"}],"wp:term":[{"taxonomy":"libro","embeddable":true,"href":"https:\/\/letrame.com\/catalogo\/wp-json\/wp\/v2\/libro?post=108774"},{"taxonomy":"product_brand","embeddable":true,"href":"https:\/\/letrame.com\/catalogo\/wp-json\/wp\/v2\/product_brand?post=108774"},{"taxonomy":"product_cat","embeddable":true,"href":"https:\/\/letrame.com\/catalogo\/wp-json\/wp\/v2\/product_cat?post=108774"},{"taxonomy":"product_tag","embeddable":true,"href":"https:\/\/letrame.com\/catalogo\/wp-json\/wp\/v2\/product_tag?post=108774"}],"curies":[{"name":"wp","href":"https:\/\/api.w.org\/{rel}","templated":true}]}}