{"id":108767,"date":"2025-08-27T13:35:58","date_gmt":"2025-08-27T11:35:58","guid":{"rendered":"https:\/\/letrame.com\/catalogo\/?post_type=product&#038;p=108767"},"modified":"2025-08-27T13:38:34","modified_gmt":"2025-08-27T11:38:34","slug":"el-secreto-de-mina-carmina","status":"publish","type":"product","link":"https:\/\/letrame.com\/catalogo\/producto\/el-secreto-de-mina-carmina\/","title":{"rendered":"El secreto de mina Carmina"},"content":{"rendered":"<p class=\"p1\"><b>ISBN: <\/b>9791370126230<b><\/b><\/p>\n<p class=\"p1\"><b>T\u00edtulo: <\/b>El secreto de mina Carmina<b><\/b><\/p>\n<p><strong>Fecha<\/strong>: 2025<b><\/b><\/p>\n<p><strong>P\u00e1ginas<\/strong>: 380<b><\/b><\/p>\n<p class=\"p1\"><b>SINOPSIS<\/b><\/p>\n<p>En los valles asturianos, bajo las cicatrices de minas olvidadas, laten secretos que nunca fueron enterrados del todo. Mina Carmina guarda m\u00e1s que carb\u00f3n en sus entra\u00f1as. Guarda silencios, mentiras, traiciones&#8230; y una sombra que, d\u00e9cadas despu\u00e9s, sigue reclamando su deuda.<br \/>\nCuando los restos de un pasado inc\u00f3modo emergen en medio de un verano sofocante, lo que parec\u00eda una muerte vieja se convierte en una amenaza muy viva.<br \/>\nUn crimen reciente se resiste a quedar sepultado y, con \u00e9l, se abrir\u00e1n viejas heridas en un pueblo que cre\u00eda haber enterrado la memoria.<br \/>\nJos\u00e9 Enrique Alvarez Villa firma una novela dura, envolvente, con sabor a tierra mojada, a r\u00edo sucio y a bocamina. Una historia donde la verdad no es limpia ni f\u00e1cil. Donde la justicia llega tarde&#8230;si es que llega.<b><\/b><\/p>\n<p>&nbsp;<\/p>\n","protected":false},"excerpt":{"rendered":"<p><b>ISBN: <\/b>9791370126230<\/p>\n<p><b>SINOPSIS<\/b><\/p>\n<p>En los valles asturianos, bajo las cicatrices de minas olvidadas, laten secretos que nunca fueron enterrados del todo. Mina Carmina guarda m\u00e1s que carb\u00f3n en sus entra\u00f1as. Guarda silencios, mentiras, traiciones&#8230; y una sombra que, d\u00e9cadas despu\u00e9s, sigue reclamando su deuda.<br \/>\nCuando los restos de un pasado inc\u00f3modo emergen en medio de un verano sofocante, lo que parec\u00eda una muerte vieja se convierte en una amenaza muy viva.<br \/>\nUn crimen reciente se resiste a quedar sepultado y, con \u00e9l, se abrir\u00e1n viejas heridas en un pueblo que cre\u00eda haber enterrado la memoria.<br \/>\nJos\u00e9 Enrique Alvarez Villa firma una novela dura, envolvente, con sabor a tierra mojada, a r\u00edo sucio y a bocamina. Una historia donde la verdad no es limpia ni f\u00e1cil. Donde la justicia llega tarde&#8230;si es que llega.<\/p>\n","protected":false},"featured_media":108769,"comment_status":"open","ping_status":"closed","template":"","meta":{"_acf_changed":false},"libro":[],"product_brand":[],"product_cat":[141],"product_tag":[],"class_list":{"0":"post-108767","1":"product","2":"type-product","3":"status-publish","4":"has-post-thumbnail","6":"product_cat-ficcion","8":"first","9":"instock","10":"shipping-taxable","11":"product-type-simple"},"acf":{"autor":[108771],"enlace_de_compra":"https:\/\/www.amazon.es\/dp\/B0FHDF5PY1"},"yoast_head":"<!-- This site is optimized with the Yoast SEO plugin v26.6 - https:\/\/yoast.com\/wordpress\/plugins\/seo\/ -->\n<title>El secreto de mina Carmina - Catalogo | Letrame Grupo Editorial<\/title>\n<meta name=\"robots\" content=\"index, follow, max-snippet:-1, max-image-preview:large, max-video-preview:-1\" \/>\n<link rel=\"canonical\" href=\"https:\/\/letrame.com\/catalogo\/producto\/el-secreto-de-mina-carmina\/\" \/>\n<meta property=\"og:locale\" content=\"es_ES\" \/>\n<meta property=\"og:type\" content=\"article\" \/>\n<meta property=\"og:title\" content=\"El secreto de mina Carmina - Catalogo | Letrame Grupo Editorial\" \/>\n<meta property=\"og:description\" content=\"ISBN: 9791370126230  SINOPSIS  En los valles asturianos, bajo las cicatrices de minas olvidadas, laten secretos que nunca fueron enterrados del todo. Mina Carmina guarda m\u00e1s que carb\u00f3n en sus entra\u00f1as. Guarda silencios, mentiras, traiciones... y una sombra que, d\u00e9cadas despu\u00e9s, sigue reclamando su deuda. Cuando los restos de un pasado inc\u00f3modo emergen en medio de un verano sofocante, lo que parec\u00eda una muerte vieja se convierte en una amenaza muy viva. Un crimen reciente se resiste a quedar sepultado y, con \u00e9l, se abrir\u00e1n viejas heridas en un pueblo que cre\u00eda haber enterrado la memoria. Jos\u00e9 Enrique Alvarez Villa firma una novela dura, envolvente, con sabor a tierra mojada, a r\u00edo sucio y a bocamina. Una historia donde la verdad no es limpia ni f\u00e1cil. Donde la justicia llega tarde...si es que llega.\" \/>\n<meta property=\"og:url\" content=\"https:\/\/letrame.com\/catalogo\/producto\/el-secreto-de-mina-carmina\/\" \/>\n<meta property=\"og:site_name\" content=\"Catalogo | Letrame Grupo Editorial\" \/>\n<meta property=\"article:modified_time\" content=\"2025-08-27T11:38:34+00:00\" \/>\n<meta property=\"og:image\" content=\"https:\/\/letrame.com\/catalogo\/wp-content\/uploads\/2025\/08\/Elsecretodemina_186mm4.jpg\" \/>\n\t<meta property=\"og:image:width\" content=\"384\" \/>\n\t<meta property=\"og:image:height\" content=\"537\" \/>\n\t<meta property=\"og:image:type\" content=\"image\/jpeg\" \/>\n<meta name=\"twitter:card\" content=\"summary_large_image\" \/>\n<meta name=\"twitter:label1\" content=\"Tiempo de lectura\" \/>\n\t<meta name=\"twitter:data1\" content=\"1 minuto\" \/>\n<script type=\"application\/ld+json\" class=\"yoast-schema-graph\">{\"@context\":\"https:\/\/schema.org\",\"@graph\":[{\"@type\":\"WebPage\",\"@id\":\"https:\/\/letrame.com\/catalogo\/producto\/el-secreto-de-mina-carmina\/\",\"url\":\"https:\/\/letrame.com\/catalogo\/producto\/el-secreto-de-mina-carmina\/\",\"name\":\"El secreto de mina Carmina - Catalogo | Letrame Grupo Editorial\",\"isPartOf\":{\"@id\":\"https:\/\/letrame.com\/catalogo\/#website\"},\"primaryImageOfPage\":{\"@id\":\"https:\/\/letrame.com\/catalogo\/producto\/el-secreto-de-mina-carmina\/#primaryimage\"},\"image\":{\"@id\":\"https:\/\/letrame.com\/catalogo\/producto\/el-secreto-de-mina-carmina\/#primaryimage\"},\"thumbnailUrl\":\"https:\/\/letrame.com\/catalogo\/wp-content\/uploads\/2025\/08\/Elsecretodemina_186mm4.jpg\",\"datePublished\":\"2025-08-27T11:35:58+00:00\",\"dateModified\":\"2025-08-27T11:38:34+00:00\",\"breadcrumb\":{\"@id\":\"https:\/\/letrame.com\/catalogo\/producto\/el-secreto-de-mina-carmina\/#breadcrumb\"},\"inLanguage\":\"es\",\"potentialAction\":[{\"@type\":\"ReadAction\",\"target\":[\"https:\/\/letrame.com\/catalogo\/producto\/el-secreto-de-mina-carmina\/\"]}]},{\"@type\":\"ImageObject\",\"inLanguage\":\"es\",\"@id\":\"https:\/\/letrame.com\/catalogo\/producto\/el-secreto-de-mina-carmina\/#primaryimage\",\"url\":\"https:\/\/letrame.com\/catalogo\/wp-content\/uploads\/2025\/08\/Elsecretodemina_186mm4.jpg\",\"contentUrl\":\"https:\/\/letrame.com\/catalogo\/wp-content\/uploads\/2025\/08\/Elsecretodemina_186mm4.jpg\",\"width\":384,\"height\":537},{\"@type\":\"BreadcrumbList\",\"@id\":\"https:\/\/letrame.com\/catalogo\/producto\/el-secreto-de-mina-carmina\/#breadcrumb\",\"itemListElement\":[{\"@type\":\"ListItem\",\"position\":1,\"name\":\"Portada\",\"item\":\"https:\/\/letrame.com\/catalogo\/\"},{\"@type\":\"ListItem\",\"position\":2,\"name\":\"Cat\u00e1logo\",\"item\":\"https:\/\/letrame.com\/catalogo\/\"},{\"@type\":\"ListItem\",\"position\":3,\"name\":\"El secreto de mina Carmina\"}]},{\"@type\":\"WebSite\",\"@id\":\"https:\/\/letrame.com\/catalogo\/#website\",\"url\":\"https:\/\/letrame.com\/catalogo\/\",\"name\":\"Catalogo | Letrame Grupo Editorial\",\"description\":\"\",\"publisher\":{\"@id\":\"https:\/\/letrame.com\/catalogo\/#organization\"},\"potentialAction\":[{\"@type\":\"SearchAction\",\"target\":{\"@type\":\"EntryPoint\",\"urlTemplate\":\"https:\/\/letrame.com\/catalogo\/?s={search_term_string}\"},\"query-input\":{\"@type\":\"PropertyValueSpecification\",\"valueRequired\":true,\"valueName\":\"search_term_string\"}}],\"inLanguage\":\"es\"},{\"@type\":\"Organization\",\"@id\":\"https:\/\/letrame.com\/catalogo\/#organization\",\"name\":\"Catalogo | Letrame Grupo Editorial\",\"url\":\"https:\/\/letrame.com\/catalogo\/\",\"logo\":{\"@type\":\"ImageObject\",\"inLanguage\":\"es\",\"@id\":\"https:\/\/letrame.com\/catalogo\/#\/schema\/logo\/image\/\",\"url\":\"https:\/\/letrame.com\/catalogo\/wp-content\/uploads\/2024\/03\/logo2.webp\",\"contentUrl\":\"https:\/\/letrame.com\/catalogo\/wp-content\/uploads\/2024\/03\/logo2.webp\",\"width\":394,\"height\":128,\"caption\":\"Catalogo | Letrame Grupo Editorial\"},\"image\":{\"@id\":\"https:\/\/letrame.com\/catalogo\/#\/schema\/logo\/image\/\"}}]}<\/script>\n<!-- \/ Yoast SEO plugin. -->","yoast_head_json":{"title":"El secreto de mina Carmina - Catalogo | Letrame Grupo Editorial","robots":{"index":"index","follow":"follow","max-snippet":"max-snippet:-1","max-image-preview":"max-image-preview:large","max-video-preview":"max-video-preview:-1"},"canonical":"https:\/\/letrame.com\/catalogo\/producto\/el-secreto-de-mina-carmina\/","og_locale":"es_ES","og_type":"article","og_title":"El secreto de mina Carmina - Catalogo | Letrame Grupo Editorial","og_description":"ISBN: 9791370126230  SINOPSIS  En los valles asturianos, bajo las cicatrices de minas olvidadas, laten secretos que nunca fueron enterrados del todo. Mina Carmina guarda m\u00e1s que carb\u00f3n en sus entra\u00f1as. Guarda silencios, mentiras, traiciones... y una sombra que, d\u00e9cadas despu\u00e9s, sigue reclamando su deuda. Cuando los restos de un pasado inc\u00f3modo emergen en medio de un verano sofocante, lo que parec\u00eda una muerte vieja se convierte en una amenaza muy viva. Un crimen reciente se resiste a quedar sepultado y, con \u00e9l, se abrir\u00e1n viejas heridas en un pueblo que cre\u00eda haber enterrado la memoria. Jos\u00e9 Enrique Alvarez Villa firma una novela dura, envolvente, con sabor a tierra mojada, a r\u00edo sucio y a bocamina. Una historia donde la verdad no es limpia ni f\u00e1cil. Donde la justicia llega tarde...si es que llega.","og_url":"https:\/\/letrame.com\/catalogo\/producto\/el-secreto-de-mina-carmina\/","og_site_name":"Catalogo | Letrame Grupo Editorial","article_modified_time":"2025-08-27T11:38:34+00:00","og_image":[{"width":384,"height":537,"url":"https:\/\/letrame.com\/catalogo\/wp-content\/uploads\/2025\/08\/Elsecretodemina_186mm4.jpg","type":"image\/jpeg"}],"twitter_card":"summary_large_image","twitter_misc":{"Tiempo de lectura":"1 minuto"},"schema":{"@context":"https:\/\/schema.org","@graph":[{"@type":"WebPage","@id":"https:\/\/letrame.com\/catalogo\/producto\/el-secreto-de-mina-carmina\/","url":"https:\/\/letrame.com\/catalogo\/producto\/el-secreto-de-mina-carmina\/","name":"El secreto de mina Carmina - Catalogo | Letrame Grupo Editorial","isPartOf":{"@id":"https:\/\/letrame.com\/catalogo\/#website"},"primaryImageOfPage":{"@id":"https:\/\/letrame.com\/catalogo\/producto\/el-secreto-de-mina-carmina\/#primaryimage"},"image":{"@id":"https:\/\/letrame.com\/catalogo\/producto\/el-secreto-de-mina-carmina\/#primaryimage"},"thumbnailUrl":"https:\/\/letrame.com\/catalogo\/wp-content\/uploads\/2025\/08\/Elsecretodemina_186mm4.jpg","datePublished":"2025-08-27T11:35:58+00:00","dateModified":"2025-08-27T11:38:34+00:00","breadcrumb":{"@id":"https:\/\/letrame.com\/catalogo\/producto\/el-secreto-de-mina-carmina\/#breadcrumb"},"inLanguage":"es","potentialAction":[{"@type":"ReadAction","target":["https:\/\/letrame.com\/catalogo\/producto\/el-secreto-de-mina-carmina\/"]}]},{"@type":"ImageObject","inLanguage":"es","@id":"https:\/\/letrame.com\/catalogo\/producto\/el-secreto-de-mina-carmina\/#primaryimage","url":"https:\/\/letrame.com\/catalogo\/wp-content\/uploads\/2025\/08\/Elsecretodemina_186mm4.jpg","contentUrl":"https:\/\/letrame.com\/catalogo\/wp-content\/uploads\/2025\/08\/Elsecretodemina_186mm4.jpg","width":384,"height":537},{"@type":"BreadcrumbList","@id":"https:\/\/letrame.com\/catalogo\/producto\/el-secreto-de-mina-carmina\/#breadcrumb","itemListElement":[{"@type":"ListItem","position":1,"name":"Portada","item":"https:\/\/letrame.com\/catalogo\/"},{"@type":"ListItem","position":2,"name":"Cat\u00e1logo","item":"https:\/\/letrame.com\/catalogo\/"},{"@type":"ListItem","position":3,"name":"El secreto de mina Carmina"}]},{"@type":"WebSite","@id":"https:\/\/letrame.com\/catalogo\/#website","url":"https:\/\/letrame.com\/catalogo\/","name":"Catalogo | Letrame Grupo Editorial","description":"","publisher":{"@id":"https:\/\/letrame.com\/catalogo\/#organization"},"potentialAction":[{"@type":"SearchAction","target":{"@type":"EntryPoint","urlTemplate":"https:\/\/letrame.com\/catalogo\/?s={search_term_string}"},"query-input":{"@type":"PropertyValueSpecification","valueRequired":true,"valueName":"search_term_string"}}],"inLanguage":"es"},{"@type":"Organization","@id":"https:\/\/letrame.com\/catalogo\/#organization","name":"Catalogo | Letrame Grupo Editorial","url":"https:\/\/letrame.com\/catalogo\/","logo":{"@type":"ImageObject","inLanguage":"es","@id":"https:\/\/letrame.com\/catalogo\/#\/schema\/logo\/image\/","url":"https:\/\/letrame.com\/catalogo\/wp-content\/uploads\/2024\/03\/logo2.webp","contentUrl":"https:\/\/letrame.com\/catalogo\/wp-content\/uploads\/2024\/03\/logo2.webp","width":394,"height":128,"caption":"Catalogo | Letrame Grupo Editorial"},"image":{"@id":"https:\/\/letrame.com\/catalogo\/#\/schema\/logo\/image\/"}}]}},"_links":{"self":[{"href":"https:\/\/letrame.com\/catalogo\/wp-json\/wp\/v2\/product\/108767","targetHints":{"allow":["GET"]}}],"collection":[{"href":"https:\/\/letrame.com\/catalogo\/wp-json\/wp\/v2\/product"}],"about":[{"href":"https:\/\/letrame.com\/catalogo\/wp-json\/wp\/v2\/types\/product"}],"replies":[{"embeddable":true,"href":"https:\/\/letrame.com\/catalogo\/wp-json\/wp\/v2\/comments?post=108767"}],"acf:post":[{"embeddable":true,"href":"https:\/\/letrame.com\/catalogo\/wp-json\/wp\/v2\/author_book\/108771"}],"wp:featuredmedia":[{"embeddable":true,"href":"https:\/\/letrame.com\/catalogo\/wp-json\/wp\/v2\/media\/108769"}],"wp:attachment":[{"href":"https:\/\/letrame.com\/catalogo\/wp-json\/wp\/v2\/media?parent=108767"}],"wp:term":[{"taxonomy":"libro","embeddable":true,"href":"https:\/\/letrame.com\/catalogo\/wp-json\/wp\/v2\/libro?post=108767"},{"taxonomy":"product_brand","embeddable":true,"href":"https:\/\/letrame.com\/catalogo\/wp-json\/wp\/v2\/product_brand?post=108767"},{"taxonomy":"product_cat","embeddable":true,"href":"https:\/\/letrame.com\/catalogo\/wp-json\/wp\/v2\/product_cat?post=108767"},{"taxonomy":"product_tag","embeddable":true,"href":"https:\/\/letrame.com\/catalogo\/wp-json\/wp\/v2\/product_tag?post=108767"}],"curies":[{"name":"wp","href":"https:\/\/api.w.org\/{rel}","templated":true}]}}