{"id":108763,"date":"2025-08-19T16:23:09","date_gmt":"2025-08-19T14:23:09","guid":{"rendered":"https:\/\/letrame.com\/catalogo\/?post_type=product&#038;p=108763"},"modified":"2025-08-19T16:26:31","modified_gmt":"2025-08-19T14:26:31","slug":"mas-alla-del-infinito","status":"publish","type":"product","link":"https:\/\/letrame.com\/catalogo\/producto\/mas-alla-del-infinito\/","title":{"rendered":"M\u00e1s all\u00e1 del infinito"},"content":{"rendered":"<p class=\"p1\"><b>ISBN:<\/b> 9791370126797<b><\/b><\/p>\n<p class=\"p1\"><b>T\u00edtulo: <\/b>M\u00e1s all\u00e1 del infinito<br \/>\n<b><br \/>\nFecha: <\/b>2025<br \/>\n<b><br \/>\nP\u00e1ginas: <\/b>102<b><\/b><\/p>\n<p class=\"p1\"><b>SINOPSIS<\/b><\/p>\n<p>M\u00e1s all\u00e1 del infinito es una novela profundamente humana que entrelaza el poder del recuerdo, la belleza de la naturaleza y el misterio de lo inexplicable. Leonardo, un padre marcado por las heridas de su pasado, busca refugio en la tranquilidad de la precordillera junto a su peque\u00f1o hijo Manuel. Lo que comienza como una nost\u00e1lgica aventura familiar se convierte en una odisea emocional cuando, una noche estrellada, Manuel desaparece sin dejar rastro. Acusado por la justicia y atormentado por la culpa, Leonardo cae en un abismo de incertidumbre, visiones y recuerdos que desaf\u00edan toda l\u00f3gica. A trav\u00e9s de saltos en el tiempo, reencuentros y p\u00e9rdidas, la novela nos sumerge en una b\u00fasqueda que trasciende lo racional, donde el amor de un padre intenta romper las barreras del tiempo, la muerte y la cordura. Enfermo, encerrado y aferrado a una esperanza casi imposible, Leonardo solo desea volver una vez m\u00e1s al lugar donde fue feliz.<\/p>\n<p>Una historia que emociona y cuestiona: \u00bfes posible tocar el infinito con el alma? Porque a veces, lo m\u00e1s real no es lo que vemos, sino lo que sentimos.<b><br \/>\n<\/b><\/p>\n","protected":false},"excerpt":{"rendered":"<p><b>ISBN: <\/b>9791370126797<b><\/b><\/p>\n<p><strong>SINOPSIS<\/strong><\/p>\n<p>M\u00e1s all\u00e1 del infinito es una novela profundamente humana que entrelaza el poder del recuerdo, la belleza de la naturaleza y el misterio de lo inexplicable. Leonardo, un padre marcado por las heridas de su pasado, busca refugio en la tranquilidad de la precordillera junto a su peque\u00f1o hijo Manuel. Lo que comienza como una nost\u00e1lgica aventura familiar se convierte en una odisea emocional cuando, una noche estrellada, Manuel desaparece sin dejar rastro. Acusado por la justicia y atormentado por la culpa, Leonardo cae en un abismo de incertidumbre, visiones y recuerdos que desaf\u00edan toda l\u00f3gica. A trav\u00e9s de saltos en el tiempo, reencuentros y p\u00e9rdidas, la novela nos sumerge en una b\u00fasqueda que trasciende lo racional, donde el amor de un padre intenta romper las barreras del tiempo, la muerte y la cordura. Enfermo, encerrado y aferrado a una esperanza casi imposible, Leonardo solo desea volver una vez m\u00e1s al lugar donde fue feliz.<\/p>\n<p>Una historia que emociona y cuestiona: \u00bfes posible tocar el infinito con el alma? Porque a veces, lo m\u00e1s real no es lo que vemos, sino lo que sentimos.<\/p>\n","protected":false},"featured_media":108764,"comment_status":"open","ping_status":"closed","template":"","meta":{"_acf_changed":false},"libro":[],"product_brand":[],"product_cat":[57,111],"product_tag":[],"class_list":{"0":"post-108763","1":"product","2":"type-product","3":"status-publish","4":"has-post-thumbnail","6":"product_cat-suspenso","7":"product_cat-thriller","9":"first","10":"instock","11":"shipping-taxable","12":"product-type-simple"},"acf":{"autor":[108765],"enlace_de_compra":"https:\/\/www.amazon.es\/dp\/B0FM7NTTFH"},"yoast_head":"<!-- This site is optimized with the Yoast SEO plugin v26.6 - https:\/\/yoast.com\/wordpress\/plugins\/seo\/ -->\n<title>M\u00e1s all\u00e1 del infinito - Catalogo | Letrame Grupo Editorial<\/title>\n<meta name=\"robots\" content=\"index, follow, max-snippet:-1, max-image-preview:large, max-video-preview:-1\" \/>\n<link rel=\"canonical\" href=\"https:\/\/letrame.com\/catalogo\/producto\/mas-alla-del-infinito\/\" \/>\n<meta property=\"og:locale\" content=\"es_ES\" \/>\n<meta property=\"og:type\" content=\"article\" \/>\n<meta property=\"og:title\" content=\"M\u00e1s all\u00e1 del infinito - Catalogo | Letrame Grupo Editorial\" \/>\n<meta property=\"og:description\" content=\"ISBN: 9791370126797  SINOPSIS  M\u00e1s all\u00e1 del infinito es una novela profundamente humana que entrelaza el poder del recuerdo, la belleza de la naturaleza y el misterio de lo inexplicable. Leonardo, un padre marcado por las heridas de su pasado, busca refugio en la tranquilidad de la precordillera junto a su peque\u00f1o hijo Manuel. Lo que comienza como una nost\u00e1lgica aventura familiar se convierte en una odisea emocional cuando, una noche estrellada, Manuel desaparece sin dejar rastro. Acusado por la justicia y atormentado por la culpa, Leonardo cae en un abismo de incertidumbre, visiones y recuerdos que desaf\u00edan toda l\u00f3gica. A trav\u00e9s de saltos en el tiempo, reencuentros y p\u00e9rdidas, la novela nos sumerge en una b\u00fasqueda que trasciende lo racional, donde el amor de un padre intenta romper las barreras del tiempo, la muerte y la cordura. Enfermo, encerrado y aferrado a una esperanza casi imposible, Leonardo solo desea volver una vez m\u00e1s al lugar donde fue feliz.  Una historia que emociona y cuestiona: \u00bfes posible tocar el infinito con el alma? Porque a veces, lo m\u00e1s real no es lo que vemos, sino lo que sentimos.\" \/>\n<meta property=\"og:url\" content=\"https:\/\/letrame.com\/catalogo\/producto\/mas-alla-del-infinito\/\" \/>\n<meta property=\"og:site_name\" content=\"Catalogo | Letrame Grupo Editorial\" \/>\n<meta property=\"article:modified_time\" content=\"2025-08-19T14:26:31+00:00\" \/>\n<meta property=\"og:image\" content=\"https:\/\/letrame.com\/catalogo\/wp-content\/uploads\/2025\/08\/masalldelinfinito_575mm4.jpg\" \/>\n\t<meta property=\"og:image:width\" content=\"384\" \/>\n\t<meta property=\"og:image:height\" content=\"563\" \/>\n\t<meta property=\"og:image:type\" content=\"image\/jpeg\" \/>\n<meta name=\"twitter:card\" content=\"summary_large_image\" \/>\n<meta name=\"twitter:label1\" content=\"Tiempo de lectura\" \/>\n\t<meta name=\"twitter:data1\" content=\"2 minutos\" \/>\n<script type=\"application\/ld+json\" class=\"yoast-schema-graph\">{\"@context\":\"https:\/\/schema.org\",\"@graph\":[{\"@type\":\"WebPage\",\"@id\":\"https:\/\/letrame.com\/catalogo\/producto\/mas-alla-del-infinito\/\",\"url\":\"https:\/\/letrame.com\/catalogo\/producto\/mas-alla-del-infinito\/\",\"name\":\"M\u00e1s all\u00e1 del infinito - Catalogo | Letrame Grupo Editorial\",\"isPartOf\":{\"@id\":\"https:\/\/letrame.com\/catalogo\/#website\"},\"primaryImageOfPage\":{\"@id\":\"https:\/\/letrame.com\/catalogo\/producto\/mas-alla-del-infinito\/#primaryimage\"},\"image\":{\"@id\":\"https:\/\/letrame.com\/catalogo\/producto\/mas-alla-del-infinito\/#primaryimage\"},\"thumbnailUrl\":\"https:\/\/letrame.com\/catalogo\/wp-content\/uploads\/2025\/08\/masalldelinfinito_575mm4.jpg\",\"datePublished\":\"2025-08-19T14:23:09+00:00\",\"dateModified\":\"2025-08-19T14:26:31+00:00\",\"breadcrumb\":{\"@id\":\"https:\/\/letrame.com\/catalogo\/producto\/mas-alla-del-infinito\/#breadcrumb\"},\"inLanguage\":\"es\",\"potentialAction\":[{\"@type\":\"ReadAction\",\"target\":[\"https:\/\/letrame.com\/catalogo\/producto\/mas-alla-del-infinito\/\"]}]},{\"@type\":\"ImageObject\",\"inLanguage\":\"es\",\"@id\":\"https:\/\/letrame.com\/catalogo\/producto\/mas-alla-del-infinito\/#primaryimage\",\"url\":\"https:\/\/letrame.com\/catalogo\/wp-content\/uploads\/2025\/08\/masalldelinfinito_575mm4.jpg\",\"contentUrl\":\"https:\/\/letrame.com\/catalogo\/wp-content\/uploads\/2025\/08\/masalldelinfinito_575mm4.jpg\",\"width\":384,\"height\":563},{\"@type\":\"BreadcrumbList\",\"@id\":\"https:\/\/letrame.com\/catalogo\/producto\/mas-alla-del-infinito\/#breadcrumb\",\"itemListElement\":[{\"@type\":\"ListItem\",\"position\":1,\"name\":\"Portada\",\"item\":\"https:\/\/letrame.com\/catalogo\/\"},{\"@type\":\"ListItem\",\"position\":2,\"name\":\"Cat\u00e1logo\",\"item\":\"https:\/\/letrame.com\/catalogo\/\"},{\"@type\":\"ListItem\",\"position\":3,\"name\":\"M\u00e1s all\u00e1 del infinito\"}]},{\"@type\":\"WebSite\",\"@id\":\"https:\/\/letrame.com\/catalogo\/#website\",\"url\":\"https:\/\/letrame.com\/catalogo\/\",\"name\":\"Catalogo | Letrame Grupo Editorial\",\"description\":\"\",\"publisher\":{\"@id\":\"https:\/\/letrame.com\/catalogo\/#organization\"},\"potentialAction\":[{\"@type\":\"SearchAction\",\"target\":{\"@type\":\"EntryPoint\",\"urlTemplate\":\"https:\/\/letrame.com\/catalogo\/?s={search_term_string}\"},\"query-input\":{\"@type\":\"PropertyValueSpecification\",\"valueRequired\":true,\"valueName\":\"search_term_string\"}}],\"inLanguage\":\"es\"},{\"@type\":\"Organization\",\"@id\":\"https:\/\/letrame.com\/catalogo\/#organization\",\"name\":\"Catalogo | Letrame Grupo Editorial\",\"url\":\"https:\/\/letrame.com\/catalogo\/\",\"logo\":{\"@type\":\"ImageObject\",\"inLanguage\":\"es\",\"@id\":\"https:\/\/letrame.com\/catalogo\/#\/schema\/logo\/image\/\",\"url\":\"https:\/\/letrame.com\/catalogo\/wp-content\/uploads\/2024\/03\/logo2.webp\",\"contentUrl\":\"https:\/\/letrame.com\/catalogo\/wp-content\/uploads\/2024\/03\/logo2.webp\",\"width\":394,\"height\":128,\"caption\":\"Catalogo | Letrame Grupo Editorial\"},\"image\":{\"@id\":\"https:\/\/letrame.com\/catalogo\/#\/schema\/logo\/image\/\"}}]}<\/script>\n<!-- \/ Yoast SEO plugin. -->","yoast_head_json":{"title":"M\u00e1s all\u00e1 del infinito - Catalogo | Letrame Grupo Editorial","robots":{"index":"index","follow":"follow","max-snippet":"max-snippet:-1","max-image-preview":"max-image-preview:large","max-video-preview":"max-video-preview:-1"},"canonical":"https:\/\/letrame.com\/catalogo\/producto\/mas-alla-del-infinito\/","og_locale":"es_ES","og_type":"article","og_title":"M\u00e1s all\u00e1 del infinito - Catalogo | Letrame Grupo Editorial","og_description":"ISBN: 9791370126797  SINOPSIS  M\u00e1s all\u00e1 del infinito es una novela profundamente humana que entrelaza el poder del recuerdo, la belleza de la naturaleza y el misterio de lo inexplicable. Leonardo, un padre marcado por las heridas de su pasado, busca refugio en la tranquilidad de la precordillera junto a su peque\u00f1o hijo Manuel. Lo que comienza como una nost\u00e1lgica aventura familiar se convierte en una odisea emocional cuando, una noche estrellada, Manuel desaparece sin dejar rastro. Acusado por la justicia y atormentado por la culpa, Leonardo cae en un abismo de incertidumbre, visiones y recuerdos que desaf\u00edan toda l\u00f3gica. A trav\u00e9s de saltos en el tiempo, reencuentros y p\u00e9rdidas, la novela nos sumerge en una b\u00fasqueda que trasciende lo racional, donde el amor de un padre intenta romper las barreras del tiempo, la muerte y la cordura. Enfermo, encerrado y aferrado a una esperanza casi imposible, Leonardo solo desea volver una vez m\u00e1s al lugar donde fue feliz.  Una historia que emociona y cuestiona: \u00bfes posible tocar el infinito con el alma? Porque a veces, lo m\u00e1s real no es lo que vemos, sino lo que sentimos.","og_url":"https:\/\/letrame.com\/catalogo\/producto\/mas-alla-del-infinito\/","og_site_name":"Catalogo | Letrame Grupo Editorial","article_modified_time":"2025-08-19T14:26:31+00:00","og_image":[{"width":384,"height":563,"url":"https:\/\/letrame.com\/catalogo\/wp-content\/uploads\/2025\/08\/masalldelinfinito_575mm4.jpg","type":"image\/jpeg"}],"twitter_card":"summary_large_image","twitter_misc":{"Tiempo de lectura":"2 minutos"},"schema":{"@context":"https:\/\/schema.org","@graph":[{"@type":"WebPage","@id":"https:\/\/letrame.com\/catalogo\/producto\/mas-alla-del-infinito\/","url":"https:\/\/letrame.com\/catalogo\/producto\/mas-alla-del-infinito\/","name":"M\u00e1s all\u00e1 del infinito - Catalogo | Letrame Grupo Editorial","isPartOf":{"@id":"https:\/\/letrame.com\/catalogo\/#website"},"primaryImageOfPage":{"@id":"https:\/\/letrame.com\/catalogo\/producto\/mas-alla-del-infinito\/#primaryimage"},"image":{"@id":"https:\/\/letrame.com\/catalogo\/producto\/mas-alla-del-infinito\/#primaryimage"},"thumbnailUrl":"https:\/\/letrame.com\/catalogo\/wp-content\/uploads\/2025\/08\/masalldelinfinito_575mm4.jpg","datePublished":"2025-08-19T14:23:09+00:00","dateModified":"2025-08-19T14:26:31+00:00","breadcrumb":{"@id":"https:\/\/letrame.com\/catalogo\/producto\/mas-alla-del-infinito\/#breadcrumb"},"inLanguage":"es","potentialAction":[{"@type":"ReadAction","target":["https:\/\/letrame.com\/catalogo\/producto\/mas-alla-del-infinito\/"]}]},{"@type":"ImageObject","inLanguage":"es","@id":"https:\/\/letrame.com\/catalogo\/producto\/mas-alla-del-infinito\/#primaryimage","url":"https:\/\/letrame.com\/catalogo\/wp-content\/uploads\/2025\/08\/masalldelinfinito_575mm4.jpg","contentUrl":"https:\/\/letrame.com\/catalogo\/wp-content\/uploads\/2025\/08\/masalldelinfinito_575mm4.jpg","width":384,"height":563},{"@type":"BreadcrumbList","@id":"https:\/\/letrame.com\/catalogo\/producto\/mas-alla-del-infinito\/#breadcrumb","itemListElement":[{"@type":"ListItem","position":1,"name":"Portada","item":"https:\/\/letrame.com\/catalogo\/"},{"@type":"ListItem","position":2,"name":"Cat\u00e1logo","item":"https:\/\/letrame.com\/catalogo\/"},{"@type":"ListItem","position":3,"name":"M\u00e1s all\u00e1 del infinito"}]},{"@type":"WebSite","@id":"https:\/\/letrame.com\/catalogo\/#website","url":"https:\/\/letrame.com\/catalogo\/","name":"Catalogo | Letrame Grupo Editorial","description":"","publisher":{"@id":"https:\/\/letrame.com\/catalogo\/#organization"},"potentialAction":[{"@type":"SearchAction","target":{"@type":"EntryPoint","urlTemplate":"https:\/\/letrame.com\/catalogo\/?s={search_term_string}"},"query-input":{"@type":"PropertyValueSpecification","valueRequired":true,"valueName":"search_term_string"}}],"inLanguage":"es"},{"@type":"Organization","@id":"https:\/\/letrame.com\/catalogo\/#organization","name":"Catalogo | Letrame Grupo Editorial","url":"https:\/\/letrame.com\/catalogo\/","logo":{"@type":"ImageObject","inLanguage":"es","@id":"https:\/\/letrame.com\/catalogo\/#\/schema\/logo\/image\/","url":"https:\/\/letrame.com\/catalogo\/wp-content\/uploads\/2024\/03\/logo2.webp","contentUrl":"https:\/\/letrame.com\/catalogo\/wp-content\/uploads\/2024\/03\/logo2.webp","width":394,"height":128,"caption":"Catalogo | Letrame Grupo Editorial"},"image":{"@id":"https:\/\/letrame.com\/catalogo\/#\/schema\/logo\/image\/"}}]}},"_links":{"self":[{"href":"https:\/\/letrame.com\/catalogo\/wp-json\/wp\/v2\/product\/108763","targetHints":{"allow":["GET"]}}],"collection":[{"href":"https:\/\/letrame.com\/catalogo\/wp-json\/wp\/v2\/product"}],"about":[{"href":"https:\/\/letrame.com\/catalogo\/wp-json\/wp\/v2\/types\/product"}],"replies":[{"embeddable":true,"href":"https:\/\/letrame.com\/catalogo\/wp-json\/wp\/v2\/comments?post=108763"}],"acf:post":[{"embeddable":true,"href":"https:\/\/letrame.com\/catalogo\/wp-json\/wp\/v2\/author_book\/108765"}],"wp:featuredmedia":[{"embeddable":true,"href":"https:\/\/letrame.com\/catalogo\/wp-json\/wp\/v2\/media\/108764"}],"wp:attachment":[{"href":"https:\/\/letrame.com\/catalogo\/wp-json\/wp\/v2\/media?parent=108763"}],"wp:term":[{"taxonomy":"libro","embeddable":true,"href":"https:\/\/letrame.com\/catalogo\/wp-json\/wp\/v2\/libro?post=108763"},{"taxonomy":"product_brand","embeddable":true,"href":"https:\/\/letrame.com\/catalogo\/wp-json\/wp\/v2\/product_brand?post=108763"},{"taxonomy":"product_cat","embeddable":true,"href":"https:\/\/letrame.com\/catalogo\/wp-json\/wp\/v2\/product_cat?post=108763"},{"taxonomy":"product_tag","embeddable":true,"href":"https:\/\/letrame.com\/catalogo\/wp-json\/wp\/v2\/product_tag?post=108763"}],"curies":[{"name":"wp","href":"https:\/\/api.w.org\/{rel}","templated":true}]}}