{"id":108755,"date":"2025-08-18T16:17:40","date_gmt":"2025-08-18T14:17:40","guid":{"rendered":"https:\/\/letrame.com\/catalogo\/?post_type=product&#038;p=108755"},"modified":"2025-08-18T16:21:45","modified_gmt":"2025-08-18T14:21:45","slug":"revolucion","status":"publish","type":"product","link":"https:\/\/letrame.com\/catalogo\/producto\/revolucion\/","title":{"rendered":"Revoluci\u00f3n"},"content":{"rendered":"<p class=\"p1\"><b>ISBN: <\/b>9791370124762<\/p>\n<p class=\"p1\"><b>T\u00edtulo:<\/b> Revoluci\u00f3n<b><\/b><\/p>\n<p><strong>Fecha<\/strong>: 2025<b><\/b><\/p>\n<p><strong>P\u00e1ginas<\/strong>: 185<b><\/b><\/p>\n<p class=\"p1\"><b>SINOPSIS<br \/>\n<\/b><br \/>\nEn el tumultuoso a\u00f1o de 1789, Francia se encuentra al borde de una revoluci\u00f3n, con un pueblo profundamente descontento, una nobleza abusiva y un rey negligente. Nathaniel, un hu\u00e9rfano criado en un burdel por una compasiva prostituta, se convierte en un ferviente defensor de la libertad y la justicia. Tras haber servido en la marina francesa y haber luchado en las guerras que llevaron a la independencia de Estados Unidos, Nathaniel regresa a su tierra natal con un ardiente deseo de cambio.<\/p>\n<p>Junto a sus leales amigos, se involucra en los movimientos que preceden a la emblem\u00e1tica toma de la Bastilla, para luego lograr su captura para el pueblo. Su camino se cruza con el de figuras clave como Robespierre, entre otros. A medida que las tensiones aumentan y la lucha por la libertad se intensifica, Nathaniel se convierte en un actor crucial en la historia de su pa\u00eds, enfrent\u00e1ndose a desaf\u00edos que pondr\u00e1n a prueba su valent\u00eda y determinaci\u00f3n. Muchos de los agentes que cambian la historia a veces pasan desapercibidos, no por eso dejan de ser componentes importantes de la misma.<b><\/b><\/p>\n<p>&nbsp;<\/p>\n","protected":false},"excerpt":{"rendered":"<p><b>ISBN: <\/b>9791370124762<br \/>\n<b><br \/>\nSINOPSIS<br \/>\n<\/b><br \/>\nEn el tumultuoso a\u00f1o de 1789, Francia se encuentra al borde de una revoluci\u00f3n, con un pueblo profundamente descontento, una nobleza abusiva y un rey negligente. Nathaniel, un hu\u00e9rfano criado en un burdel por una compasiva prostituta, se convierte en un ferviente defensor de la libertad y la justicia. Tras haber servido en la marina francesa y haber luchado en las guerras que llevaron a la independencia de Estados Unidos, Nathaniel regresa a su tierra natal con un ardiente deseo de cambio.<\/p>\n<p>Junto a sus leales amigos, se involucra en los movimientos que preceden a la emblem\u00e1tica toma de la Bastilla, para luego lograr su captura para el pueblo. Su camino se cruza con el de figuras clave como Robespierre, entre otros. A medida que las tensiones aumentan y la lucha por la libertad se intensifica, Nathaniel se convierte en un actor crucial en la historia de su pa\u00eds, enfrent\u00e1ndose a desaf\u00edos que pondr\u00e1n a prueba su valent\u00eda y determinaci\u00f3n. Muchos de los agentes que cambian la historia a veces pasan desapercibidos, no por eso dejan de ser componentes importantes de la misma.<\/p>\n","protected":false},"featured_media":108756,"comment_status":"open","ping_status":"closed","template":"","meta":{"_acf_changed":false},"libro":[],"product_brand":[],"product_cat":[62],"product_tag":[],"class_list":{"0":"post-108755","1":"product","2":"type-product","3":"status-publish","4":"has-post-thumbnail","6":"product_cat-historico","8":"first","9":"instock","10":"shipping-taxable","11":"product-type-simple"},"acf":{"autor":[108757],"enlace_de_compra":"https:\/\/www.amazon.es\/dp\/B0FH6JLFR8"},"yoast_head":"<!-- This site is optimized with the Yoast SEO plugin v26.6 - https:\/\/yoast.com\/wordpress\/plugins\/seo\/ -->\n<title>Revoluci\u00f3n - Catalogo | Letrame Grupo Editorial<\/title>\n<meta name=\"robots\" content=\"index, follow, max-snippet:-1, max-image-preview:large, max-video-preview:-1\" \/>\n<link rel=\"canonical\" href=\"https:\/\/letrame.com\/catalogo\/producto\/revolucion\/\" \/>\n<meta property=\"og:locale\" content=\"es_ES\" \/>\n<meta property=\"og:type\" content=\"article\" \/>\n<meta property=\"og:title\" content=\"Revoluci\u00f3n - Catalogo | Letrame Grupo Editorial\" \/>\n<meta property=\"og:description\" content=\"ISBN: 9791370124762  SINOPSIS  En el tumultuoso a\u00f1o de 1789, Francia se encuentra al borde de una revoluci\u00f3n, con un pueblo profundamente descontento, una nobleza abusiva y un rey negligente. Nathaniel, un hu\u00e9rfano criado en un burdel por una compasiva prostituta, se convierte en un ferviente defensor de la libertad y la justicia. Tras haber servido en la marina francesa y haber luchado en las guerras que llevaron a la independencia de Estados Unidos, Nathaniel regresa a su tierra natal con un ardiente deseo de cambio.  Junto a sus leales amigos, se involucra en los movimientos que preceden a la emblem\u00e1tica toma de la Bastilla, para luego lograr su captura para el pueblo. Su camino se cruza con el de figuras clave como Robespierre, entre otros. A medida que las tensiones aumentan y la lucha por la libertad se intensifica, Nathaniel se convierte en un actor crucial en la historia de su pa\u00eds, enfrent\u00e1ndose a desaf\u00edos que pondr\u00e1n a prueba su valent\u00eda y determinaci\u00f3n. Muchos de los agentes que cambian la historia a veces pasan desapercibidos, no por eso dejan de ser componentes importantes de la misma.\" \/>\n<meta property=\"og:url\" content=\"https:\/\/letrame.com\/catalogo\/producto\/revolucion\/\" \/>\n<meta property=\"og:site_name\" content=\"Catalogo | Letrame Grupo Editorial\" \/>\n<meta property=\"article:modified_time\" content=\"2025-08-18T14:21:45+00:00\" \/>\n<meta property=\"og:image\" content=\"https:\/\/letrame.com\/catalogo\/wp-content\/uploads\/2025\/08\/Revolucion_937mm4.jpg\" \/>\n\t<meta property=\"og:image:width\" content=\"425\" \/>\n\t<meta property=\"og:image:height\" content=\"624\" \/>\n\t<meta property=\"og:image:type\" content=\"image\/jpeg\" \/>\n<meta name=\"twitter:card\" content=\"summary_large_image\" \/>\n<meta name=\"twitter:label1\" content=\"Tiempo de lectura\" \/>\n\t<meta name=\"twitter:data1\" content=\"2 minutos\" \/>\n<script type=\"application\/ld+json\" class=\"yoast-schema-graph\">{\"@context\":\"https:\/\/schema.org\",\"@graph\":[{\"@type\":\"WebPage\",\"@id\":\"https:\/\/letrame.com\/catalogo\/producto\/revolucion\/\",\"url\":\"https:\/\/letrame.com\/catalogo\/producto\/revolucion\/\",\"name\":\"Revoluci\u00f3n - Catalogo | Letrame Grupo Editorial\",\"isPartOf\":{\"@id\":\"https:\/\/letrame.com\/catalogo\/#website\"},\"primaryImageOfPage\":{\"@id\":\"https:\/\/letrame.com\/catalogo\/producto\/revolucion\/#primaryimage\"},\"image\":{\"@id\":\"https:\/\/letrame.com\/catalogo\/producto\/revolucion\/#primaryimage\"},\"thumbnailUrl\":\"https:\/\/letrame.com\/catalogo\/wp-content\/uploads\/2025\/08\/Revolucion_937mm4.jpg\",\"datePublished\":\"2025-08-18T14:17:40+00:00\",\"dateModified\":\"2025-08-18T14:21:45+00:00\",\"breadcrumb\":{\"@id\":\"https:\/\/letrame.com\/catalogo\/producto\/revolucion\/#breadcrumb\"},\"inLanguage\":\"es\",\"potentialAction\":[{\"@type\":\"ReadAction\",\"target\":[\"https:\/\/letrame.com\/catalogo\/producto\/revolucion\/\"]}]},{\"@type\":\"ImageObject\",\"inLanguage\":\"es\",\"@id\":\"https:\/\/letrame.com\/catalogo\/producto\/revolucion\/#primaryimage\",\"url\":\"https:\/\/letrame.com\/catalogo\/wp-content\/uploads\/2025\/08\/Revolucion_937mm4.jpg\",\"contentUrl\":\"https:\/\/letrame.com\/catalogo\/wp-content\/uploads\/2025\/08\/Revolucion_937mm4.jpg\",\"width\":425,\"height\":624},{\"@type\":\"BreadcrumbList\",\"@id\":\"https:\/\/letrame.com\/catalogo\/producto\/revolucion\/#breadcrumb\",\"itemListElement\":[{\"@type\":\"ListItem\",\"position\":1,\"name\":\"Portada\",\"item\":\"https:\/\/letrame.com\/catalogo\/\"},{\"@type\":\"ListItem\",\"position\":2,\"name\":\"Cat\u00e1logo\",\"item\":\"https:\/\/letrame.com\/catalogo\/\"},{\"@type\":\"ListItem\",\"position\":3,\"name\":\"Revoluci\u00f3n\"}]},{\"@type\":\"WebSite\",\"@id\":\"https:\/\/letrame.com\/catalogo\/#website\",\"url\":\"https:\/\/letrame.com\/catalogo\/\",\"name\":\"Catalogo | Letrame Grupo Editorial\",\"description\":\"\",\"publisher\":{\"@id\":\"https:\/\/letrame.com\/catalogo\/#organization\"},\"potentialAction\":[{\"@type\":\"SearchAction\",\"target\":{\"@type\":\"EntryPoint\",\"urlTemplate\":\"https:\/\/letrame.com\/catalogo\/?s={search_term_string}\"},\"query-input\":{\"@type\":\"PropertyValueSpecification\",\"valueRequired\":true,\"valueName\":\"search_term_string\"}}],\"inLanguage\":\"es\"},{\"@type\":\"Organization\",\"@id\":\"https:\/\/letrame.com\/catalogo\/#organization\",\"name\":\"Catalogo | Letrame Grupo Editorial\",\"url\":\"https:\/\/letrame.com\/catalogo\/\",\"logo\":{\"@type\":\"ImageObject\",\"inLanguage\":\"es\",\"@id\":\"https:\/\/letrame.com\/catalogo\/#\/schema\/logo\/image\/\",\"url\":\"https:\/\/letrame.com\/catalogo\/wp-content\/uploads\/2024\/03\/logo2.webp\",\"contentUrl\":\"https:\/\/letrame.com\/catalogo\/wp-content\/uploads\/2024\/03\/logo2.webp\",\"width\":394,\"height\":128,\"caption\":\"Catalogo | Letrame Grupo Editorial\"},\"image\":{\"@id\":\"https:\/\/letrame.com\/catalogo\/#\/schema\/logo\/image\/\"}}]}<\/script>\n<!-- \/ Yoast SEO plugin. -->","yoast_head_json":{"title":"Revoluci\u00f3n - Catalogo | Letrame Grupo Editorial","robots":{"index":"index","follow":"follow","max-snippet":"max-snippet:-1","max-image-preview":"max-image-preview:large","max-video-preview":"max-video-preview:-1"},"canonical":"https:\/\/letrame.com\/catalogo\/producto\/revolucion\/","og_locale":"es_ES","og_type":"article","og_title":"Revoluci\u00f3n - Catalogo | Letrame Grupo Editorial","og_description":"ISBN: 9791370124762  SINOPSIS  En el tumultuoso a\u00f1o de 1789, Francia se encuentra al borde de una revoluci\u00f3n, con un pueblo profundamente descontento, una nobleza abusiva y un rey negligente. Nathaniel, un hu\u00e9rfano criado en un burdel por una compasiva prostituta, se convierte en un ferviente defensor de la libertad y la justicia. Tras haber servido en la marina francesa y haber luchado en las guerras que llevaron a la independencia de Estados Unidos, Nathaniel regresa a su tierra natal con un ardiente deseo de cambio.  Junto a sus leales amigos, se involucra en los movimientos que preceden a la emblem\u00e1tica toma de la Bastilla, para luego lograr su captura para el pueblo. Su camino se cruza con el de figuras clave como Robespierre, entre otros. A medida que las tensiones aumentan y la lucha por la libertad se intensifica, Nathaniel se convierte en un actor crucial en la historia de su pa\u00eds, enfrent\u00e1ndose a desaf\u00edos que pondr\u00e1n a prueba su valent\u00eda y determinaci\u00f3n. Muchos de los agentes que cambian la historia a veces pasan desapercibidos, no por eso dejan de ser componentes importantes de la misma.","og_url":"https:\/\/letrame.com\/catalogo\/producto\/revolucion\/","og_site_name":"Catalogo | Letrame Grupo Editorial","article_modified_time":"2025-08-18T14:21:45+00:00","og_image":[{"width":425,"height":624,"url":"https:\/\/letrame.com\/catalogo\/wp-content\/uploads\/2025\/08\/Revolucion_937mm4.jpg","type":"image\/jpeg"}],"twitter_card":"summary_large_image","twitter_misc":{"Tiempo de lectura":"2 minutos"},"schema":{"@context":"https:\/\/schema.org","@graph":[{"@type":"WebPage","@id":"https:\/\/letrame.com\/catalogo\/producto\/revolucion\/","url":"https:\/\/letrame.com\/catalogo\/producto\/revolucion\/","name":"Revoluci\u00f3n - Catalogo | Letrame Grupo Editorial","isPartOf":{"@id":"https:\/\/letrame.com\/catalogo\/#website"},"primaryImageOfPage":{"@id":"https:\/\/letrame.com\/catalogo\/producto\/revolucion\/#primaryimage"},"image":{"@id":"https:\/\/letrame.com\/catalogo\/producto\/revolucion\/#primaryimage"},"thumbnailUrl":"https:\/\/letrame.com\/catalogo\/wp-content\/uploads\/2025\/08\/Revolucion_937mm4.jpg","datePublished":"2025-08-18T14:17:40+00:00","dateModified":"2025-08-18T14:21:45+00:00","breadcrumb":{"@id":"https:\/\/letrame.com\/catalogo\/producto\/revolucion\/#breadcrumb"},"inLanguage":"es","potentialAction":[{"@type":"ReadAction","target":["https:\/\/letrame.com\/catalogo\/producto\/revolucion\/"]}]},{"@type":"ImageObject","inLanguage":"es","@id":"https:\/\/letrame.com\/catalogo\/producto\/revolucion\/#primaryimage","url":"https:\/\/letrame.com\/catalogo\/wp-content\/uploads\/2025\/08\/Revolucion_937mm4.jpg","contentUrl":"https:\/\/letrame.com\/catalogo\/wp-content\/uploads\/2025\/08\/Revolucion_937mm4.jpg","width":425,"height":624},{"@type":"BreadcrumbList","@id":"https:\/\/letrame.com\/catalogo\/producto\/revolucion\/#breadcrumb","itemListElement":[{"@type":"ListItem","position":1,"name":"Portada","item":"https:\/\/letrame.com\/catalogo\/"},{"@type":"ListItem","position":2,"name":"Cat\u00e1logo","item":"https:\/\/letrame.com\/catalogo\/"},{"@type":"ListItem","position":3,"name":"Revoluci\u00f3n"}]},{"@type":"WebSite","@id":"https:\/\/letrame.com\/catalogo\/#website","url":"https:\/\/letrame.com\/catalogo\/","name":"Catalogo | Letrame Grupo Editorial","description":"","publisher":{"@id":"https:\/\/letrame.com\/catalogo\/#organization"},"potentialAction":[{"@type":"SearchAction","target":{"@type":"EntryPoint","urlTemplate":"https:\/\/letrame.com\/catalogo\/?s={search_term_string}"},"query-input":{"@type":"PropertyValueSpecification","valueRequired":true,"valueName":"search_term_string"}}],"inLanguage":"es"},{"@type":"Organization","@id":"https:\/\/letrame.com\/catalogo\/#organization","name":"Catalogo | Letrame Grupo Editorial","url":"https:\/\/letrame.com\/catalogo\/","logo":{"@type":"ImageObject","inLanguage":"es","@id":"https:\/\/letrame.com\/catalogo\/#\/schema\/logo\/image\/","url":"https:\/\/letrame.com\/catalogo\/wp-content\/uploads\/2024\/03\/logo2.webp","contentUrl":"https:\/\/letrame.com\/catalogo\/wp-content\/uploads\/2024\/03\/logo2.webp","width":394,"height":128,"caption":"Catalogo | Letrame Grupo Editorial"},"image":{"@id":"https:\/\/letrame.com\/catalogo\/#\/schema\/logo\/image\/"}}]}},"_links":{"self":[{"href":"https:\/\/letrame.com\/catalogo\/wp-json\/wp\/v2\/product\/108755","targetHints":{"allow":["GET"]}}],"collection":[{"href":"https:\/\/letrame.com\/catalogo\/wp-json\/wp\/v2\/product"}],"about":[{"href":"https:\/\/letrame.com\/catalogo\/wp-json\/wp\/v2\/types\/product"}],"replies":[{"embeddable":true,"href":"https:\/\/letrame.com\/catalogo\/wp-json\/wp\/v2\/comments?post=108755"}],"acf:post":[{"embeddable":true,"href":"https:\/\/letrame.com\/catalogo\/wp-json\/wp\/v2\/author_book\/108757"}],"wp:featuredmedia":[{"embeddable":true,"href":"https:\/\/letrame.com\/catalogo\/wp-json\/wp\/v2\/media\/108756"}],"wp:attachment":[{"href":"https:\/\/letrame.com\/catalogo\/wp-json\/wp\/v2\/media?parent=108755"}],"wp:term":[{"taxonomy":"libro","embeddable":true,"href":"https:\/\/letrame.com\/catalogo\/wp-json\/wp\/v2\/libro?post=108755"},{"taxonomy":"product_brand","embeddable":true,"href":"https:\/\/letrame.com\/catalogo\/wp-json\/wp\/v2\/product_brand?post=108755"},{"taxonomy":"product_cat","embeddable":true,"href":"https:\/\/letrame.com\/catalogo\/wp-json\/wp\/v2\/product_cat?post=108755"},{"taxonomy":"product_tag","embeddable":true,"href":"https:\/\/letrame.com\/catalogo\/wp-json\/wp\/v2\/product_tag?post=108755"}],"curies":[{"name":"wp","href":"https:\/\/api.w.org\/{rel}","templated":true}]}}