{"id":108750,"date":"2025-08-18T16:00:50","date_gmt":"2025-08-18T14:00:50","guid":{"rendered":"https:\/\/letrame.com\/catalogo\/?post_type=product&#038;p=108750"},"modified":"2025-08-18T16:02:08","modified_gmt":"2025-08-18T14:02:08","slug":"cronicas-de-unas-amigas-confinadas-sin-bragas-y-a-lo-loco","status":"publish","type":"product","link":"https:\/\/letrame.com\/catalogo\/producto\/cronicas-de-unas-amigas-confinadas-sin-bragas-y-a-lo-loco\/","title":{"rendered":"Cr\u00f3nicas de unas amigas confinadas. Sin bragas y a lo loco"},"content":{"rendered":"<p class=\"p1\"><b>ISBN: <\/b>9791370126568\u00a0<b><\/b><\/p>\n<p class=\"p1\"><b>T\u00edtulo: <\/b>Cr\u00f3nicas de unas amigas confinadas. Sin bragas y a lo loco<br \/>\n<b><br \/>\nFecha: <\/b>2025<b><\/b><\/p>\n<p><strong>P\u00e1ginas<\/strong>: 360<b><\/b><\/p>\n<p class=\"p1\"><b>SINOPSIS<br \/>\n<\/b><br \/>\nSoy Sara Casas, una de las siete amigas de un grupo de WhatsApp llamado \u00abSin bragas y a lo loco\u00bb. Un encierro que promet\u00eda ser aburrido, pero termin\u00f3 desatando una tormenta.<br \/>\nCuando el mundo se detuvo tras las ventanas y el silencio se col\u00f3 en las calles, Lola, Violeta, Natacha, Aurora, Coral, Martina y Luna nos aferramos a lo \u00fanico que nos quedaba: nosotras mismas. Confinadas, aburridas, con las emociones a flor de piel y las hormonas descontroladas, convertimos nuestro grupo de WhatsApp en un refugio, un confesionario y, a veces, un campo de batalla.<\/p>\n<p>Entre carcajadas, descubrimos que el confinamiento no solo hac\u00eda extra\u00f1ar las costumbres, sino que tambi\u00e9n desataba lo m\u00e1s loco que llev\u00e1bamos dentro. Pero cuidado: \u00e9ramos y somos un grupo en el que las cosas se nos pueden salir de control en un abrir y cerrar de ojos. Cada d\u00eda era una mezcla de risas, juegos, videollamadas eternas, recetas fallidas\u2026 y, por supuesto, chicos: vecinos guapos, mensajes secretos, encuentros clandestinos y muchas decisiones impulsivas. Porque si el mundo se estaba volviendo loco, \u00bfpor qu\u00e9 no volverse locas con \u00e9l?<\/p>\n<p>\u00bfQui\u00e9n dijo que sobrevivir a un confinamiento era solo cuesti\u00f3n de tiempo? Para nosotras, fue cuesti\u00f3n de decidir hasta d\u00f3nde est\u00e1bamos dispuestas a llegar.<br \/>\nPero no todo fue divertido. Tambi\u00e9n hubo soledad, ansiedad, discusiones, secretos mal guardados y verdades que salieron a la luz en el peor (o mejor) momento. Este confinamiento no solo puso a prueba nuestra paciencia, sino tambi\u00e9n nuestra amistad, nuestros deseos y nuestra manera de enfrentarnos a la vida.<\/p>\n<p>Cr\u00f3nicas de unas amigas confinadas: sin bragas y a lo loco es una historia tan real como delirante, tan salvaje como emocional. Una mezcla explosiva de humor, deseo, caos, enredos, l\u00e1grimas y confesiones que te har\u00e1 re\u00edr, llorar y, tal vez\u2026 recordar con una sonrisa tus propios d\u00edas de encierro y, probablemente, decir: \u00abyo tambi\u00e9n tuve un grupo as\u00ed\u2026\u00bb.<br \/>\nUna lectura divertida, irreverente y entra\u00f1able sobre ese encierro que a todos nos toc\u00f3 vivir, pero que estas siete amigas nos empe\u00f1amos en sobrevivir a nuestra manera.<b><\/b><\/p>\n<p>&nbsp;<\/p>\n<p>&nbsp;<\/p>\n","protected":false},"excerpt":{"rendered":"<p><b>ISBN: <\/b>9791370126568\u00a0<b><\/b><\/p>\n<p><strong>SINOPSIS<\/strong><\/p>\n<p>Soy Sara Casas, una de las siete amigas de un grupo de WhatsApp llamado \u00abSin bragas y a lo loco\u00bb. Un encierro que promet\u00eda ser aburrido, pero termin\u00f3 desatando una tormenta.<br \/>\nCuando el mundo se detuvo tras las ventanas y el silencio se col\u00f3 en las calles, Lola, Violeta, Natacha, Aurora, Coral, Martina y Luna nos aferramos a lo \u00fanico que nos quedaba: nosotras mismas. Confinadas, aburridas, con las emociones a flor de piel y las hormonas descontroladas, convertimos nuestro grupo de WhatsApp en un refugio, un confesionario y, a veces, un campo de batalla.<\/p>\n","protected":false},"featured_media":108752,"comment_status":"open","ping_status":"closed","template":"","meta":{"_acf_changed":false},"libro":[],"product_brand":[],"product_cat":[139],"product_tag":[],"class_list":{"0":"post-108750","1":"product","2":"type-product","3":"status-publish","4":"has-post-thumbnail","6":"product_cat-humor","8":"first","9":"instock","10":"shipping-taxable","11":"product-type-simple"},"acf":{"autor":[108751],"enlace_de_compra":"https:\/\/www.amazon.es\/dp\/B0FJ5J4FQX"},"yoast_head":"<!-- This site is optimized with the Yoast SEO plugin v26.6 - https:\/\/yoast.com\/wordpress\/plugins\/seo\/ -->\n<title>Cr\u00f3nicas de unas amigas confinadas. Sin bragas y a lo loco - Catalogo | Letrame Grupo Editorial<\/title>\n<meta name=\"robots\" content=\"index, follow, max-snippet:-1, max-image-preview:large, max-video-preview:-1\" \/>\n<link rel=\"canonical\" href=\"https:\/\/letrame.com\/catalogo\/producto\/cronicas-de-unas-amigas-confinadas-sin-bragas-y-a-lo-loco\/\" \/>\n<meta property=\"og:locale\" content=\"es_ES\" \/>\n<meta property=\"og:type\" content=\"article\" \/>\n<meta property=\"og:title\" content=\"Cr\u00f3nicas de unas amigas confinadas. Sin bragas y a lo loco - Catalogo | Letrame Grupo Editorial\" \/>\n<meta property=\"og:description\" content=\"ISBN: 9791370126568\u00a0  SINOPSIS  Soy Sara Casas, una de las siete amigas de un grupo de WhatsApp llamado \u00abSin bragas y a lo loco\u00bb. Un encierro que promet\u00eda ser aburrido, pero termin\u00f3 desatando una tormenta. Cuando el mundo se detuvo tras las ventanas y el silencio se col\u00f3 en las calles, Lola, Violeta, Natacha, Aurora, Coral, Martina y Luna nos aferramos a lo \u00fanico que nos quedaba: nosotras mismas. Confinadas, aburridas, con las emociones a flor de piel y las hormonas descontroladas, convertimos nuestro grupo de WhatsApp en un refugio, un confesionario y, a veces, un campo de batalla.\" \/>\n<meta property=\"og:url\" content=\"https:\/\/letrame.com\/catalogo\/producto\/cronicas-de-unas-amigas-confinadas-sin-bragas-y-a-lo-loco\/\" \/>\n<meta property=\"og:site_name\" content=\"Catalogo | Letrame Grupo Editorial\" \/>\n<meta property=\"article:modified_time\" content=\"2025-08-18T14:02:08+00:00\" \/>\n<meta property=\"og:image\" content=\"https:\/\/letrame.com\/catalogo\/wp-content\/uploads\/2025\/08\/cronicasdeunasamigas_1767mm4.jpg\" \/>\n\t<meta property=\"og:image:width\" content=\"443\" \/>\n\t<meta property=\"og:image:height\" content=\"650\" \/>\n\t<meta property=\"og:image:type\" content=\"image\/jpeg\" \/>\n<meta name=\"twitter:card\" content=\"summary_large_image\" \/>\n<meta name=\"twitter:label1\" content=\"Tiempo de lectura\" \/>\n\t<meta name=\"twitter:data1\" content=\"2 minutos\" \/>\n<script type=\"application\/ld+json\" class=\"yoast-schema-graph\">{\"@context\":\"https:\/\/schema.org\",\"@graph\":[{\"@type\":\"WebPage\",\"@id\":\"https:\/\/letrame.com\/catalogo\/producto\/cronicas-de-unas-amigas-confinadas-sin-bragas-y-a-lo-loco\/\",\"url\":\"https:\/\/letrame.com\/catalogo\/producto\/cronicas-de-unas-amigas-confinadas-sin-bragas-y-a-lo-loco\/\",\"name\":\"Cr\u00f3nicas de unas amigas confinadas. Sin bragas y a lo loco - Catalogo | Letrame Grupo Editorial\",\"isPartOf\":{\"@id\":\"https:\/\/letrame.com\/catalogo\/#website\"},\"primaryImageOfPage\":{\"@id\":\"https:\/\/letrame.com\/catalogo\/producto\/cronicas-de-unas-amigas-confinadas-sin-bragas-y-a-lo-loco\/#primaryimage\"},\"image\":{\"@id\":\"https:\/\/letrame.com\/catalogo\/producto\/cronicas-de-unas-amigas-confinadas-sin-bragas-y-a-lo-loco\/#primaryimage\"},\"thumbnailUrl\":\"https:\/\/letrame.com\/catalogo\/wp-content\/uploads\/2025\/08\/cronicasdeunasamigas_1767mm4.jpg\",\"datePublished\":\"2025-08-18T14:00:50+00:00\",\"dateModified\":\"2025-08-18T14:02:08+00:00\",\"breadcrumb\":{\"@id\":\"https:\/\/letrame.com\/catalogo\/producto\/cronicas-de-unas-amigas-confinadas-sin-bragas-y-a-lo-loco\/#breadcrumb\"},\"inLanguage\":\"es\",\"potentialAction\":[{\"@type\":\"ReadAction\",\"target\":[\"https:\/\/letrame.com\/catalogo\/producto\/cronicas-de-unas-amigas-confinadas-sin-bragas-y-a-lo-loco\/\"]}]},{\"@type\":\"ImageObject\",\"inLanguage\":\"es\",\"@id\":\"https:\/\/letrame.com\/catalogo\/producto\/cronicas-de-unas-amigas-confinadas-sin-bragas-y-a-lo-loco\/#primaryimage\",\"url\":\"https:\/\/letrame.com\/catalogo\/wp-content\/uploads\/2025\/08\/cronicasdeunasamigas_1767mm4.jpg\",\"contentUrl\":\"https:\/\/letrame.com\/catalogo\/wp-content\/uploads\/2025\/08\/cronicasdeunasamigas_1767mm4.jpg\",\"width\":443,\"height\":650},{\"@type\":\"BreadcrumbList\",\"@id\":\"https:\/\/letrame.com\/catalogo\/producto\/cronicas-de-unas-amigas-confinadas-sin-bragas-y-a-lo-loco\/#breadcrumb\",\"itemListElement\":[{\"@type\":\"ListItem\",\"position\":1,\"name\":\"Portada\",\"item\":\"https:\/\/letrame.com\/catalogo\/\"},{\"@type\":\"ListItem\",\"position\":2,\"name\":\"Cat\u00e1logo\",\"item\":\"https:\/\/letrame.com\/catalogo\/\"},{\"@type\":\"ListItem\",\"position\":3,\"name\":\"Cr\u00f3nicas de unas amigas confinadas. Sin bragas y a lo loco\"}]},{\"@type\":\"WebSite\",\"@id\":\"https:\/\/letrame.com\/catalogo\/#website\",\"url\":\"https:\/\/letrame.com\/catalogo\/\",\"name\":\"Catalogo | Letrame Grupo Editorial\",\"description\":\"\",\"publisher\":{\"@id\":\"https:\/\/letrame.com\/catalogo\/#organization\"},\"potentialAction\":[{\"@type\":\"SearchAction\",\"target\":{\"@type\":\"EntryPoint\",\"urlTemplate\":\"https:\/\/letrame.com\/catalogo\/?s={search_term_string}\"},\"query-input\":{\"@type\":\"PropertyValueSpecification\",\"valueRequired\":true,\"valueName\":\"search_term_string\"}}],\"inLanguage\":\"es\"},{\"@type\":\"Organization\",\"@id\":\"https:\/\/letrame.com\/catalogo\/#organization\",\"name\":\"Catalogo | Letrame Grupo Editorial\",\"url\":\"https:\/\/letrame.com\/catalogo\/\",\"logo\":{\"@type\":\"ImageObject\",\"inLanguage\":\"es\",\"@id\":\"https:\/\/letrame.com\/catalogo\/#\/schema\/logo\/image\/\",\"url\":\"https:\/\/letrame.com\/catalogo\/wp-content\/uploads\/2024\/03\/logo2.webp\",\"contentUrl\":\"https:\/\/letrame.com\/catalogo\/wp-content\/uploads\/2024\/03\/logo2.webp\",\"width\":394,\"height\":128,\"caption\":\"Catalogo | Letrame Grupo Editorial\"},\"image\":{\"@id\":\"https:\/\/letrame.com\/catalogo\/#\/schema\/logo\/image\/\"}}]}<\/script>\n<!-- \/ Yoast SEO plugin. -->","yoast_head_json":{"title":"Cr\u00f3nicas de unas amigas confinadas. Sin bragas y a lo loco - Catalogo | Letrame Grupo Editorial","robots":{"index":"index","follow":"follow","max-snippet":"max-snippet:-1","max-image-preview":"max-image-preview:large","max-video-preview":"max-video-preview:-1"},"canonical":"https:\/\/letrame.com\/catalogo\/producto\/cronicas-de-unas-amigas-confinadas-sin-bragas-y-a-lo-loco\/","og_locale":"es_ES","og_type":"article","og_title":"Cr\u00f3nicas de unas amigas confinadas. Sin bragas y a lo loco - Catalogo | Letrame Grupo Editorial","og_description":"ISBN: 9791370126568\u00a0  SINOPSIS  Soy Sara Casas, una de las siete amigas de un grupo de WhatsApp llamado \u00abSin bragas y a lo loco\u00bb. Un encierro que promet\u00eda ser aburrido, pero termin\u00f3 desatando una tormenta. Cuando el mundo se detuvo tras las ventanas y el silencio se col\u00f3 en las calles, Lola, Violeta, Natacha, Aurora, Coral, Martina y Luna nos aferramos a lo \u00fanico que nos quedaba: nosotras mismas. Confinadas, aburridas, con las emociones a flor de piel y las hormonas descontroladas, convertimos nuestro grupo de WhatsApp en un refugio, un confesionario y, a veces, un campo de batalla.","og_url":"https:\/\/letrame.com\/catalogo\/producto\/cronicas-de-unas-amigas-confinadas-sin-bragas-y-a-lo-loco\/","og_site_name":"Catalogo | Letrame Grupo Editorial","article_modified_time":"2025-08-18T14:02:08+00:00","og_image":[{"width":443,"height":650,"url":"https:\/\/letrame.com\/catalogo\/wp-content\/uploads\/2025\/08\/cronicasdeunasamigas_1767mm4.jpg","type":"image\/jpeg"}],"twitter_card":"summary_large_image","twitter_misc":{"Tiempo de lectura":"2 minutos"},"schema":{"@context":"https:\/\/schema.org","@graph":[{"@type":"WebPage","@id":"https:\/\/letrame.com\/catalogo\/producto\/cronicas-de-unas-amigas-confinadas-sin-bragas-y-a-lo-loco\/","url":"https:\/\/letrame.com\/catalogo\/producto\/cronicas-de-unas-amigas-confinadas-sin-bragas-y-a-lo-loco\/","name":"Cr\u00f3nicas de unas amigas confinadas. Sin bragas y a lo loco - Catalogo | Letrame Grupo Editorial","isPartOf":{"@id":"https:\/\/letrame.com\/catalogo\/#website"},"primaryImageOfPage":{"@id":"https:\/\/letrame.com\/catalogo\/producto\/cronicas-de-unas-amigas-confinadas-sin-bragas-y-a-lo-loco\/#primaryimage"},"image":{"@id":"https:\/\/letrame.com\/catalogo\/producto\/cronicas-de-unas-amigas-confinadas-sin-bragas-y-a-lo-loco\/#primaryimage"},"thumbnailUrl":"https:\/\/letrame.com\/catalogo\/wp-content\/uploads\/2025\/08\/cronicasdeunasamigas_1767mm4.jpg","datePublished":"2025-08-18T14:00:50+00:00","dateModified":"2025-08-18T14:02:08+00:00","breadcrumb":{"@id":"https:\/\/letrame.com\/catalogo\/producto\/cronicas-de-unas-amigas-confinadas-sin-bragas-y-a-lo-loco\/#breadcrumb"},"inLanguage":"es","potentialAction":[{"@type":"ReadAction","target":["https:\/\/letrame.com\/catalogo\/producto\/cronicas-de-unas-amigas-confinadas-sin-bragas-y-a-lo-loco\/"]}]},{"@type":"ImageObject","inLanguage":"es","@id":"https:\/\/letrame.com\/catalogo\/producto\/cronicas-de-unas-amigas-confinadas-sin-bragas-y-a-lo-loco\/#primaryimage","url":"https:\/\/letrame.com\/catalogo\/wp-content\/uploads\/2025\/08\/cronicasdeunasamigas_1767mm4.jpg","contentUrl":"https:\/\/letrame.com\/catalogo\/wp-content\/uploads\/2025\/08\/cronicasdeunasamigas_1767mm4.jpg","width":443,"height":650},{"@type":"BreadcrumbList","@id":"https:\/\/letrame.com\/catalogo\/producto\/cronicas-de-unas-amigas-confinadas-sin-bragas-y-a-lo-loco\/#breadcrumb","itemListElement":[{"@type":"ListItem","position":1,"name":"Portada","item":"https:\/\/letrame.com\/catalogo\/"},{"@type":"ListItem","position":2,"name":"Cat\u00e1logo","item":"https:\/\/letrame.com\/catalogo\/"},{"@type":"ListItem","position":3,"name":"Cr\u00f3nicas de unas amigas confinadas. Sin bragas y a lo loco"}]},{"@type":"WebSite","@id":"https:\/\/letrame.com\/catalogo\/#website","url":"https:\/\/letrame.com\/catalogo\/","name":"Catalogo | Letrame Grupo Editorial","description":"","publisher":{"@id":"https:\/\/letrame.com\/catalogo\/#organization"},"potentialAction":[{"@type":"SearchAction","target":{"@type":"EntryPoint","urlTemplate":"https:\/\/letrame.com\/catalogo\/?s={search_term_string}"},"query-input":{"@type":"PropertyValueSpecification","valueRequired":true,"valueName":"search_term_string"}}],"inLanguage":"es"},{"@type":"Organization","@id":"https:\/\/letrame.com\/catalogo\/#organization","name":"Catalogo | Letrame Grupo Editorial","url":"https:\/\/letrame.com\/catalogo\/","logo":{"@type":"ImageObject","inLanguage":"es","@id":"https:\/\/letrame.com\/catalogo\/#\/schema\/logo\/image\/","url":"https:\/\/letrame.com\/catalogo\/wp-content\/uploads\/2024\/03\/logo2.webp","contentUrl":"https:\/\/letrame.com\/catalogo\/wp-content\/uploads\/2024\/03\/logo2.webp","width":394,"height":128,"caption":"Catalogo | Letrame Grupo Editorial"},"image":{"@id":"https:\/\/letrame.com\/catalogo\/#\/schema\/logo\/image\/"}}]}},"_links":{"self":[{"href":"https:\/\/letrame.com\/catalogo\/wp-json\/wp\/v2\/product\/108750","targetHints":{"allow":["GET"]}}],"collection":[{"href":"https:\/\/letrame.com\/catalogo\/wp-json\/wp\/v2\/product"}],"about":[{"href":"https:\/\/letrame.com\/catalogo\/wp-json\/wp\/v2\/types\/product"}],"replies":[{"embeddable":true,"href":"https:\/\/letrame.com\/catalogo\/wp-json\/wp\/v2\/comments?post=108750"}],"acf:post":[{"embeddable":true,"href":"https:\/\/letrame.com\/catalogo\/wp-json\/wp\/v2\/author_book\/108751"}],"wp:featuredmedia":[{"embeddable":true,"href":"https:\/\/letrame.com\/catalogo\/wp-json\/wp\/v2\/media\/108752"}],"wp:attachment":[{"href":"https:\/\/letrame.com\/catalogo\/wp-json\/wp\/v2\/media?parent=108750"}],"wp:term":[{"taxonomy":"libro","embeddable":true,"href":"https:\/\/letrame.com\/catalogo\/wp-json\/wp\/v2\/libro?post=108750"},{"taxonomy":"product_brand","embeddable":true,"href":"https:\/\/letrame.com\/catalogo\/wp-json\/wp\/v2\/product_brand?post=108750"},{"taxonomy":"product_cat","embeddable":true,"href":"https:\/\/letrame.com\/catalogo\/wp-json\/wp\/v2\/product_cat?post=108750"},{"taxonomy":"product_tag","embeddable":true,"href":"https:\/\/letrame.com\/catalogo\/wp-json\/wp\/v2\/product_tag?post=108750"}],"curies":[{"name":"wp","href":"https:\/\/api.w.org\/{rel}","templated":true}]}}