{"id":108744,"date":"2025-08-14T12:17:47","date_gmt":"2025-08-14T10:17:47","guid":{"rendered":"https:\/\/letrame.com\/catalogo\/?post_type=product&#038;p=108744"},"modified":"2025-08-14T12:22:08","modified_gmt":"2025-08-14T10:22:08","slug":"el-cancer-abrio-mis-ojos","status":"publish","type":"product","link":"https:\/\/letrame.com\/catalogo\/producto\/el-cancer-abrio-mis-ojos\/","title":{"rendered":"El c\u00e1ncer abri\u00f3 mis ojos"},"content":{"rendered":"<p class=\"p1\"><b>ISBN: <\/b>9791370126575<b><\/b><\/p>\n<p class=\"p1\"><b>T\u00edtulo: <\/b>El c\u00e1ncer abri\u00f3 mis ojos. Una historia de resiliencia y renacer<b><\/b><\/p>\n<p><strong>Fecha<\/strong>: 2025<b><\/b><\/p>\n<p><strong>P\u00e1ginas<\/strong>: 80<b><\/b><\/p>\n<p class=\"p1\"><b>SINOPSIS<\/b><\/p>\n<p>Hay ocasiones en las que la vida te empuja tan fuerte que no queda otra opci\u00f3n que despertar. Y, cuando eso ocurre, ya no ves igual.<br \/>\nVes m\u00e1s claro. M\u00e1s profundo. M\u00e1s de verdad.<br \/>\nMarcela N\u00fa\u00f1ez Castro cuenta una historia de transformaci\u00f3n. De c\u00f3mo el diagn\u00f3stico de c\u00e1ncer \u2014ese golpe seco e inesperado-fue, parad\u00f3jicamente, el comienzo de su renacer. Con una mezcla desarmante de humor, sinceridad y una fe que no cabe en ninguna etiqueta, esta obra es el testimonio de una mujer que aprendi\u00f3 a mirar el dolor con otros ojos&#8230; y a mirarse a s\u00ed misma por primera vez sin juicio.<br \/>\nEl c\u00e1ncer abri\u00f3 mis ojos es un libro vivo. Hay cicatrices, s\u00ed, pero tambi\u00e9n carcajadas, peque\u00f1as epifan\u00edas, desastres convertidos en regalos y una claridad que solo nace cuando se toca fondo y se decide volver a subir. Aqu\u00ed hay aprendizajes, preguntas inc\u00f3modas, espiritualidad sin dogmas y una voz que no se rinde.<br \/>\nY si alguna vez te has sentido perdida, rota o cansada, puede que encuentres en estas p\u00e1ginas justo eso que necesitas: un espejo sin filtros, una mano tendida, una historia real.<b><br \/>\n<\/b><\/p>\n","protected":false},"excerpt":{"rendered":"<p><b>ISBN: <\/b>9791370126575<\/p>\n<p><b>SINOPSIS<\/b><\/p>\n<p>Hay ocasiones en las que la vida te empuja tan fuerte que no queda otra opci\u00f3n que despertar. Y, cuando eso ocurre, ya no ves igual.<br \/>\nVes m\u00e1s claro. M\u00e1s profundo. M\u00e1s de verdad.<br \/>\nMarcela N\u00fa\u00f1ez Castro cuenta una historia de transformaci\u00f3n. De c\u00f3mo el diagn\u00f3stico de c\u00e1ncer \u2014ese golpe seco e inesperado-fue, parad\u00f3jicamente, el comienzo de su renacer. Con una mezcla desarmante de humor, sinceridad y una fe que no cabe en ninguna etiqueta, esta obra es el testimonio de una mujer que aprendi\u00f3 a mirar el dolor con otros ojos&#8230; y a mirarse a s\u00ed misma por primera vez sin juicio.<br \/>\nEl c\u00e1ncer abri\u00f3 mis ojos es un libro vivo. Hay cicatrices, s\u00ed, pero tambi\u00e9n carcajadas, peque\u00f1as epifan\u00edas, desastres convertidos en regalos y una claridad que solo nace cuando se toca fondo y se decide volver a subir. Aqu\u00ed hay aprendizajes, preguntas inc\u00f3modas, espiritualidad sin dogmas y una voz que no se rinde.<br \/>\nY si alguna vez te has sentido perdida, rota o cansada, puede que encuentres en estas p\u00e1ginas justo eso que necesitas: un espejo sin filtros, una mano tendida, una historia real.<\/p>\n","protected":false},"featured_media":108746,"comment_status":"open","ping_status":"closed","template":"","meta":{"_acf_changed":false},"libro":[],"product_brand":[],"product_cat":[18],"product_tag":[],"class_list":{"0":"post-108744","1":"product","2":"type-product","3":"status-publish","4":"has-post-thumbnail","6":"product_cat-autoayuda","8":"first","9":"instock","10":"shipping-taxable","11":"product-type-simple"},"acf":{"autor":[108747],"enlace_de_compra":""},"yoast_head":"<!-- This site is optimized with the Yoast SEO plugin v26.6 - https:\/\/yoast.com\/wordpress\/plugins\/seo\/ -->\n<title>El c\u00e1ncer abri\u00f3 mis ojos - Catalogo | Letrame Grupo Editorial<\/title>\n<meta name=\"robots\" content=\"index, follow, max-snippet:-1, max-image-preview:large, max-video-preview:-1\" \/>\n<link rel=\"canonical\" href=\"https:\/\/letrame.com\/catalogo\/producto\/el-cancer-abrio-mis-ojos\/\" \/>\n<meta property=\"og:locale\" content=\"es_ES\" \/>\n<meta property=\"og:type\" content=\"article\" \/>\n<meta property=\"og:title\" content=\"El c\u00e1ncer abri\u00f3 mis ojos - Catalogo | Letrame Grupo Editorial\" \/>\n<meta property=\"og:description\" content=\"ISBN: 9791370126575  SINOPSIS  Hay ocasiones en las que la vida te empuja tan fuerte que no queda otra opci\u00f3n que despertar. Y, cuando eso ocurre, ya no ves igual. Ves m\u00e1s claro. M\u00e1s profundo. M\u00e1s de verdad. Marcela N\u00fa\u00f1ez Castro cuenta una historia de transformaci\u00f3n. De c\u00f3mo el diagn\u00f3stico de c\u00e1ncer \u2014ese golpe seco e inesperado-fue, parad\u00f3jicamente, el comienzo de su renacer. Con una mezcla desarmante de humor, sinceridad y una fe que no cabe en ninguna etiqueta, esta obra es el testimonio de una mujer que aprendi\u00f3 a mirar el dolor con otros ojos... y a mirarse a s\u00ed misma por primera vez sin juicio. El c\u00e1ncer abri\u00f3 mis ojos es un libro vivo. Hay cicatrices, s\u00ed, pero tambi\u00e9n carcajadas, peque\u00f1as epifan\u00edas, desastres convertidos en regalos y una claridad que solo nace cuando se toca fondo y se decide volver a subir. Aqu\u00ed hay aprendizajes, preguntas inc\u00f3modas, espiritualidad sin dogmas y una voz que no se rinde. Y si alguna vez te has sentido perdida, rota o cansada, puede que encuentres en estas p\u00e1ginas justo eso que necesitas: un espejo sin filtros, una mano tendida, una historia real.\" \/>\n<meta property=\"og:url\" content=\"https:\/\/letrame.com\/catalogo\/producto\/el-cancer-abrio-mis-ojos\/\" \/>\n<meta property=\"og:site_name\" content=\"Catalogo | Letrame Grupo Editorial\" \/>\n<meta property=\"article:modified_time\" content=\"2025-08-14T10:22:08+00:00\" \/>\n<meta property=\"og:image\" content=\"https:\/\/letrame.com\/catalogo\/wp-content\/uploads\/2025\/08\/elcancerabrio_476mm4.jpg\" \/>\n\t<meta property=\"og:image:width\" content=\"413\" \/>\n\t<meta property=\"og:image:height\" content=\"620\" \/>\n\t<meta property=\"og:image:type\" content=\"image\/jpeg\" \/>\n<meta name=\"twitter:card\" content=\"summary_large_image\" \/>\n<meta name=\"twitter:label1\" content=\"Tiempo de lectura\" \/>\n\t<meta name=\"twitter:data1\" content=\"2 minutos\" \/>\n<script type=\"application\/ld+json\" class=\"yoast-schema-graph\">{\"@context\":\"https:\/\/schema.org\",\"@graph\":[{\"@type\":\"WebPage\",\"@id\":\"https:\/\/letrame.com\/catalogo\/producto\/el-cancer-abrio-mis-ojos\/\",\"url\":\"https:\/\/letrame.com\/catalogo\/producto\/el-cancer-abrio-mis-ojos\/\",\"name\":\"El c\u00e1ncer abri\u00f3 mis ojos - Catalogo | Letrame Grupo Editorial\",\"isPartOf\":{\"@id\":\"https:\/\/letrame.com\/catalogo\/#website\"},\"primaryImageOfPage\":{\"@id\":\"https:\/\/letrame.com\/catalogo\/producto\/el-cancer-abrio-mis-ojos\/#primaryimage\"},\"image\":{\"@id\":\"https:\/\/letrame.com\/catalogo\/producto\/el-cancer-abrio-mis-ojos\/#primaryimage\"},\"thumbnailUrl\":\"https:\/\/letrame.com\/catalogo\/wp-content\/uploads\/2025\/08\/elcancerabrio_476mm4.jpg\",\"datePublished\":\"2025-08-14T10:17:47+00:00\",\"dateModified\":\"2025-08-14T10:22:08+00:00\",\"breadcrumb\":{\"@id\":\"https:\/\/letrame.com\/catalogo\/producto\/el-cancer-abrio-mis-ojos\/#breadcrumb\"},\"inLanguage\":\"es\",\"potentialAction\":[{\"@type\":\"ReadAction\",\"target\":[\"https:\/\/letrame.com\/catalogo\/producto\/el-cancer-abrio-mis-ojos\/\"]}]},{\"@type\":\"ImageObject\",\"inLanguage\":\"es\",\"@id\":\"https:\/\/letrame.com\/catalogo\/producto\/el-cancer-abrio-mis-ojos\/#primaryimage\",\"url\":\"https:\/\/letrame.com\/catalogo\/wp-content\/uploads\/2025\/08\/elcancerabrio_476mm4.jpg\",\"contentUrl\":\"https:\/\/letrame.com\/catalogo\/wp-content\/uploads\/2025\/08\/elcancerabrio_476mm4.jpg\",\"width\":413,\"height\":620},{\"@type\":\"BreadcrumbList\",\"@id\":\"https:\/\/letrame.com\/catalogo\/producto\/el-cancer-abrio-mis-ojos\/#breadcrumb\",\"itemListElement\":[{\"@type\":\"ListItem\",\"position\":1,\"name\":\"Portada\",\"item\":\"https:\/\/letrame.com\/catalogo\/\"},{\"@type\":\"ListItem\",\"position\":2,\"name\":\"Cat\u00e1logo\",\"item\":\"https:\/\/letrame.com\/catalogo\/\"},{\"@type\":\"ListItem\",\"position\":3,\"name\":\"El c\u00e1ncer abri\u00f3 mis ojos\"}]},{\"@type\":\"WebSite\",\"@id\":\"https:\/\/letrame.com\/catalogo\/#website\",\"url\":\"https:\/\/letrame.com\/catalogo\/\",\"name\":\"Catalogo | Letrame Grupo Editorial\",\"description\":\"\",\"publisher\":{\"@id\":\"https:\/\/letrame.com\/catalogo\/#organization\"},\"potentialAction\":[{\"@type\":\"SearchAction\",\"target\":{\"@type\":\"EntryPoint\",\"urlTemplate\":\"https:\/\/letrame.com\/catalogo\/?s={search_term_string}\"},\"query-input\":{\"@type\":\"PropertyValueSpecification\",\"valueRequired\":true,\"valueName\":\"search_term_string\"}}],\"inLanguage\":\"es\"},{\"@type\":\"Organization\",\"@id\":\"https:\/\/letrame.com\/catalogo\/#organization\",\"name\":\"Catalogo | Letrame Grupo Editorial\",\"url\":\"https:\/\/letrame.com\/catalogo\/\",\"logo\":{\"@type\":\"ImageObject\",\"inLanguage\":\"es\",\"@id\":\"https:\/\/letrame.com\/catalogo\/#\/schema\/logo\/image\/\",\"url\":\"https:\/\/letrame.com\/catalogo\/wp-content\/uploads\/2024\/03\/logo2.webp\",\"contentUrl\":\"https:\/\/letrame.com\/catalogo\/wp-content\/uploads\/2024\/03\/logo2.webp\",\"width\":394,\"height\":128,\"caption\":\"Catalogo | Letrame Grupo Editorial\"},\"image\":{\"@id\":\"https:\/\/letrame.com\/catalogo\/#\/schema\/logo\/image\/\"}}]}<\/script>\n<!-- \/ Yoast SEO plugin. -->","yoast_head_json":{"title":"El c\u00e1ncer abri\u00f3 mis ojos - Catalogo | Letrame Grupo Editorial","robots":{"index":"index","follow":"follow","max-snippet":"max-snippet:-1","max-image-preview":"max-image-preview:large","max-video-preview":"max-video-preview:-1"},"canonical":"https:\/\/letrame.com\/catalogo\/producto\/el-cancer-abrio-mis-ojos\/","og_locale":"es_ES","og_type":"article","og_title":"El c\u00e1ncer abri\u00f3 mis ojos - Catalogo | Letrame Grupo Editorial","og_description":"ISBN: 9791370126575  SINOPSIS  Hay ocasiones en las que la vida te empuja tan fuerte que no queda otra opci\u00f3n que despertar. Y, cuando eso ocurre, ya no ves igual. Ves m\u00e1s claro. M\u00e1s profundo. M\u00e1s de verdad. Marcela N\u00fa\u00f1ez Castro cuenta una historia de transformaci\u00f3n. De c\u00f3mo el diagn\u00f3stico de c\u00e1ncer \u2014ese golpe seco e inesperado-fue, parad\u00f3jicamente, el comienzo de su renacer. Con una mezcla desarmante de humor, sinceridad y una fe que no cabe en ninguna etiqueta, esta obra es el testimonio de una mujer que aprendi\u00f3 a mirar el dolor con otros ojos... y a mirarse a s\u00ed misma por primera vez sin juicio. El c\u00e1ncer abri\u00f3 mis ojos es un libro vivo. Hay cicatrices, s\u00ed, pero tambi\u00e9n carcajadas, peque\u00f1as epifan\u00edas, desastres convertidos en regalos y una claridad que solo nace cuando se toca fondo y se decide volver a subir. Aqu\u00ed hay aprendizajes, preguntas inc\u00f3modas, espiritualidad sin dogmas y una voz que no se rinde. Y si alguna vez te has sentido perdida, rota o cansada, puede que encuentres en estas p\u00e1ginas justo eso que necesitas: un espejo sin filtros, una mano tendida, una historia real.","og_url":"https:\/\/letrame.com\/catalogo\/producto\/el-cancer-abrio-mis-ojos\/","og_site_name":"Catalogo | Letrame Grupo Editorial","article_modified_time":"2025-08-14T10:22:08+00:00","og_image":[{"width":413,"height":620,"url":"https:\/\/letrame.com\/catalogo\/wp-content\/uploads\/2025\/08\/elcancerabrio_476mm4.jpg","type":"image\/jpeg"}],"twitter_card":"summary_large_image","twitter_misc":{"Tiempo de lectura":"2 minutos"},"schema":{"@context":"https:\/\/schema.org","@graph":[{"@type":"WebPage","@id":"https:\/\/letrame.com\/catalogo\/producto\/el-cancer-abrio-mis-ojos\/","url":"https:\/\/letrame.com\/catalogo\/producto\/el-cancer-abrio-mis-ojos\/","name":"El c\u00e1ncer abri\u00f3 mis ojos - Catalogo | Letrame Grupo Editorial","isPartOf":{"@id":"https:\/\/letrame.com\/catalogo\/#website"},"primaryImageOfPage":{"@id":"https:\/\/letrame.com\/catalogo\/producto\/el-cancer-abrio-mis-ojos\/#primaryimage"},"image":{"@id":"https:\/\/letrame.com\/catalogo\/producto\/el-cancer-abrio-mis-ojos\/#primaryimage"},"thumbnailUrl":"https:\/\/letrame.com\/catalogo\/wp-content\/uploads\/2025\/08\/elcancerabrio_476mm4.jpg","datePublished":"2025-08-14T10:17:47+00:00","dateModified":"2025-08-14T10:22:08+00:00","breadcrumb":{"@id":"https:\/\/letrame.com\/catalogo\/producto\/el-cancer-abrio-mis-ojos\/#breadcrumb"},"inLanguage":"es","potentialAction":[{"@type":"ReadAction","target":["https:\/\/letrame.com\/catalogo\/producto\/el-cancer-abrio-mis-ojos\/"]}]},{"@type":"ImageObject","inLanguage":"es","@id":"https:\/\/letrame.com\/catalogo\/producto\/el-cancer-abrio-mis-ojos\/#primaryimage","url":"https:\/\/letrame.com\/catalogo\/wp-content\/uploads\/2025\/08\/elcancerabrio_476mm4.jpg","contentUrl":"https:\/\/letrame.com\/catalogo\/wp-content\/uploads\/2025\/08\/elcancerabrio_476mm4.jpg","width":413,"height":620},{"@type":"BreadcrumbList","@id":"https:\/\/letrame.com\/catalogo\/producto\/el-cancer-abrio-mis-ojos\/#breadcrumb","itemListElement":[{"@type":"ListItem","position":1,"name":"Portada","item":"https:\/\/letrame.com\/catalogo\/"},{"@type":"ListItem","position":2,"name":"Cat\u00e1logo","item":"https:\/\/letrame.com\/catalogo\/"},{"@type":"ListItem","position":3,"name":"El c\u00e1ncer abri\u00f3 mis ojos"}]},{"@type":"WebSite","@id":"https:\/\/letrame.com\/catalogo\/#website","url":"https:\/\/letrame.com\/catalogo\/","name":"Catalogo | Letrame Grupo Editorial","description":"","publisher":{"@id":"https:\/\/letrame.com\/catalogo\/#organization"},"potentialAction":[{"@type":"SearchAction","target":{"@type":"EntryPoint","urlTemplate":"https:\/\/letrame.com\/catalogo\/?s={search_term_string}"},"query-input":{"@type":"PropertyValueSpecification","valueRequired":true,"valueName":"search_term_string"}}],"inLanguage":"es"},{"@type":"Organization","@id":"https:\/\/letrame.com\/catalogo\/#organization","name":"Catalogo | Letrame Grupo Editorial","url":"https:\/\/letrame.com\/catalogo\/","logo":{"@type":"ImageObject","inLanguage":"es","@id":"https:\/\/letrame.com\/catalogo\/#\/schema\/logo\/image\/","url":"https:\/\/letrame.com\/catalogo\/wp-content\/uploads\/2024\/03\/logo2.webp","contentUrl":"https:\/\/letrame.com\/catalogo\/wp-content\/uploads\/2024\/03\/logo2.webp","width":394,"height":128,"caption":"Catalogo | Letrame Grupo Editorial"},"image":{"@id":"https:\/\/letrame.com\/catalogo\/#\/schema\/logo\/image\/"}}]}},"_links":{"self":[{"href":"https:\/\/letrame.com\/catalogo\/wp-json\/wp\/v2\/product\/108744","targetHints":{"allow":["GET"]}}],"collection":[{"href":"https:\/\/letrame.com\/catalogo\/wp-json\/wp\/v2\/product"}],"about":[{"href":"https:\/\/letrame.com\/catalogo\/wp-json\/wp\/v2\/types\/product"}],"replies":[{"embeddable":true,"href":"https:\/\/letrame.com\/catalogo\/wp-json\/wp\/v2\/comments?post=108744"}],"acf:post":[{"embeddable":true,"href":"https:\/\/letrame.com\/catalogo\/wp-json\/wp\/v2\/author_book\/108747"}],"wp:featuredmedia":[{"embeddable":true,"href":"https:\/\/letrame.com\/catalogo\/wp-json\/wp\/v2\/media\/108746"}],"wp:attachment":[{"href":"https:\/\/letrame.com\/catalogo\/wp-json\/wp\/v2\/media?parent=108744"}],"wp:term":[{"taxonomy":"libro","embeddable":true,"href":"https:\/\/letrame.com\/catalogo\/wp-json\/wp\/v2\/libro?post=108744"},{"taxonomy":"product_brand","embeddable":true,"href":"https:\/\/letrame.com\/catalogo\/wp-json\/wp\/v2\/product_brand?post=108744"},{"taxonomy":"product_cat","embeddable":true,"href":"https:\/\/letrame.com\/catalogo\/wp-json\/wp\/v2\/product_cat?post=108744"},{"taxonomy":"product_tag","embeddable":true,"href":"https:\/\/letrame.com\/catalogo\/wp-json\/wp\/v2\/product_tag?post=108744"}],"curies":[{"name":"wp","href":"https:\/\/api.w.org\/{rel}","templated":true}]}}