{"id":108732,"date":"2025-08-13T13:52:59","date_gmt":"2025-08-13T11:52:59","guid":{"rendered":"https:\/\/letrame.com\/catalogo\/?post_type=product&#038;p=108732"},"modified":"2025-08-13T13:52:59","modified_gmt":"2025-08-13T11:52:59","slug":"niamh-vinculos","status":"publish","type":"product","link":"https:\/\/letrame.com\/catalogo\/producto\/niamh-vinculos\/","title":{"rendered":"Niamh V\u00ednculos"},"content":{"rendered":"<p class=\"p2\"><b>ISBN: <\/b>9791370126322<b><\/b><\/p>\n<p class=\"p2\"><b>T\u00edtulo: <\/b>Niamh. V\u00ednculos<b><\/p>\n<p>Fecha: <\/b>2025<b><\/p>\n<p>P\u00e1ginas: <\/b>116<b><\/b><\/p>\n<p class=\"p2\"><b>SINOPSIS<br \/>\n<\/b><\/p>\n<p class=\"p1\">Lo que comenz\u00f3 como un simple viaje de ocio se convierte en una traves\u00eda marcada por la magia, el peligro y la fuerza de un lazo inesperado.<\/p>\n<p class=\"p1\">Niahm, Eileen y Anax no se conoc\u00edan antes de emprender el camino. Cada una arrastraba su propio dolor, sus heridas ocultas, su forma de estar rota. Pero el destino \u2014y un misterioso objeto hechizado que deben recuperar\u2014 las empuja a enfrentarse juntas a retos que jam\u00e1s imaginaron. En un mundo donde lo m\u00e1gico y lo real se entrelazan, y donde las decisiones pueden cambiar no solo el rumbo del viaje sino el de sus propias vidas, el v\u00ednculo que surge entre ellas ser\u00e1 la verdadera fuente de poder.<\/p>\n<p class=\"p1\">Niahm: V\u00ednculos es una historia de sororidad forjada en la adversidad y de cicatrices compartidas que se transforman en fuerza colectiva. Con gui\u00f1os al universo musical de Celtian y un homenaje vivo en el personaje de Anax a la cantante Xana Lavey, Javier Cuelar nos recuerda que los v\u00ednculos m\u00e1s fuertes son los que nacen de un dolor compartido.<\/p>\n<p class=\"p2\"><b>\u00a0<\/b><\/p>\n","protected":false},"excerpt":{"rendered":"<p class=\"p2\"><b>ISBN: <\/b>9791370126322<b><\/p>\n<p>SINOPSIS<br \/>\n<\/b><\/p>\n<p class=\"p1\">Lo que comenz\u00f3 como un simple viaje de ocio se convierte en una traves\u00eda marcada por la magia, el peligro y la fuerza de un lazo inesperado.<\/p>\n<p class=\"p1\">Niahm, Eileen y Anax no se conoc\u00edan antes de emprender el camino. Cada una arrastraba su propio dolor, sus heridas ocultas, su forma de estar rota. Pero el destino \u2014y un misterioso objeto hechizado que deben recuperar\u2014 las empuja a enfrentarse juntas a retos que jam\u00e1s imaginaron. En un mundo donde lo m\u00e1gico y lo real se entrelazan, y donde las decisiones pueden cambiar no solo el rumbo del viaje sino el de sus propias vidas, el v\u00ednculo que surge entre ellas ser\u00e1 la verdadera fuente de poder.<\/p>\n<p class=\"p1\">Niahm: V\u00ednculos es una historia de sororidad forjada en la adversidad y de cicatrices compartidas que se transforman en fuerza colectiva. Con gui\u00f1os al universo musical de Celtian y un homenaje vivo en el personaje de Anax a la cantante Xana Lavey, Javier Cuelar nos recuerda que los v\u00ednculos m\u00e1s fuertes son los que nacen de un dolor compartido.<\/p>\n","protected":false},"featured_media":108733,"comment_status":"open","ping_status":"closed","template":"","meta":{"_acf_changed":false},"libro":[],"product_brand":[],"product_cat":[118],"product_tag":[],"class_list":{"0":"post-108732","1":"product","2":"type-product","3":"status-publish","4":"has-post-thumbnail","6":"product_cat-fantasia","8":"first","9":"instock","10":"shipping-taxable","11":"product-type-simple"},"acf":{"autor":"","enlace_de_compra":"https:\/\/www.amazon.es\/dp\/B0FHD9W8Q9"},"yoast_head":"<!-- This site is optimized with the Yoast SEO plugin v27.4 - https:\/\/yoast.com\/product\/yoast-seo-wordpress\/ -->\n<title>Niamh V\u00ednculos - Catalogo | Letrame Grupo Editorial<\/title>\n<meta name=\"robots\" content=\"index, follow, max-snippet:-1, max-image-preview:large, max-video-preview:-1\" \/>\n<link rel=\"canonical\" href=\"https:\/\/letrame.com\/catalogo\/producto\/niamh-vinculos\/\" \/>\n<meta property=\"og:locale\" content=\"es_ES\" \/>\n<meta property=\"og:type\" content=\"article\" \/>\n<meta property=\"og:title\" content=\"Niamh V\u00ednculos - Catalogo | Letrame Grupo Editorial\" \/>\n<meta property=\"og:description\" content=\"ISBN: 9791370126322  SINOPSIS  Lo que comenz\u00f3 como un simple viaje de ocio se convierte en una traves\u00eda marcada por la magia, el peligro y la fuerza de un lazo inesperado. Niahm, Eileen y Anax no se conoc\u00edan antes de emprender el camino. Cada una arrastraba su propio dolor, sus heridas ocultas, su forma de estar rota. Pero el destino \u2014y un misterioso objeto hechizado que deben recuperar\u2014 las empuja a enfrentarse juntas a retos que jam\u00e1s imaginaron. En un mundo donde lo m\u00e1gico y lo real se entrelazan, y donde las decisiones pueden cambiar no solo el rumbo del viaje sino el de sus propias vidas, el v\u00ednculo que surge entre ellas ser\u00e1 la verdadera fuente de poder. Niahm: V\u00ednculos es una historia de sororidad forjada en la adversidad y de cicatrices compartidas que se transforman en fuerza colectiva. Con gui\u00f1os al universo musical de Celtian y un homenaje vivo en el personaje de Anax a la cantante Xana Lavey, Javier Cuelar nos recuerda que los v\u00ednculos m\u00e1s fuertes son los que nacen de un dolor compartido.\" \/>\n<meta property=\"og:url\" content=\"https:\/\/letrame.com\/catalogo\/producto\/niamh-vinculos\/\" \/>\n<meta property=\"og:site_name\" content=\"Catalogo | Letrame Grupo Editorial\" \/>\n<meta property=\"og:image\" content=\"https:\/\/letrame.com\/catalogo\/wp-content\/uploads\/2025\/08\/Niamh_6.42mm4.jpg\" \/>\n\t<meta property=\"og:image:width\" content=\"425\" \/>\n\t<meta property=\"og:image:height\" content=\"624\" \/>\n\t<meta property=\"og:image:type\" content=\"image\/jpeg\" \/>\n<meta name=\"twitter:card\" content=\"summary_large_image\" \/>\n<meta name=\"twitter:label1\" content=\"Tiempo de lectura\" \/>\n\t<meta name=\"twitter:data1\" content=\"2 minutos\" \/>\n<script type=\"application\/ld+json\" class=\"yoast-schema-graph\">{\"@context\":\"https:\\\/\\\/schema.org\",\"@graph\":[{\"@type\":\"WebPage\",\"@id\":\"https:\\\/\\\/letrame.com\\\/catalogo\\\/producto\\\/niamh-vinculos\\\/\",\"url\":\"https:\\\/\\\/letrame.com\\\/catalogo\\\/producto\\\/niamh-vinculos\\\/\",\"name\":\"Niamh V\u00ednculos - Catalogo | Letrame Grupo Editorial\",\"isPartOf\":{\"@id\":\"https:\\\/\\\/letrame.com\\\/catalogo\\\/#website\"},\"primaryImageOfPage\":{\"@id\":\"https:\\\/\\\/letrame.com\\\/catalogo\\\/producto\\\/niamh-vinculos\\\/#primaryimage\"},\"image\":{\"@id\":\"https:\\\/\\\/letrame.com\\\/catalogo\\\/producto\\\/niamh-vinculos\\\/#primaryimage\"},\"thumbnailUrl\":\"https:\\\/\\\/letrame.com\\\/catalogo\\\/wp-content\\\/uploads\\\/2025\\\/08\\\/Niamh_6.42mm4.jpg\",\"datePublished\":\"2025-08-13T11:52:59+00:00\",\"breadcrumb\":{\"@id\":\"https:\\\/\\\/letrame.com\\\/catalogo\\\/producto\\\/niamh-vinculos\\\/#breadcrumb\"},\"inLanguage\":\"es\",\"potentialAction\":[{\"@type\":\"ReadAction\",\"target\":[\"https:\\\/\\\/letrame.com\\\/catalogo\\\/producto\\\/niamh-vinculos\\\/\"]}]},{\"@type\":\"ImageObject\",\"inLanguage\":\"es\",\"@id\":\"https:\\\/\\\/letrame.com\\\/catalogo\\\/producto\\\/niamh-vinculos\\\/#primaryimage\",\"url\":\"https:\\\/\\\/letrame.com\\\/catalogo\\\/wp-content\\\/uploads\\\/2025\\\/08\\\/Niamh_6.42mm4.jpg\",\"contentUrl\":\"https:\\\/\\\/letrame.com\\\/catalogo\\\/wp-content\\\/uploads\\\/2025\\\/08\\\/Niamh_6.42mm4.jpg\",\"width\":425,\"height\":624},{\"@type\":\"BreadcrumbList\",\"@id\":\"https:\\\/\\\/letrame.com\\\/catalogo\\\/producto\\\/niamh-vinculos\\\/#breadcrumb\",\"itemListElement\":[{\"@type\":\"ListItem\",\"position\":1,\"name\":\"Portada\",\"item\":\"https:\\\/\\\/letrame.com\\\/catalogo\\\/\"},{\"@type\":\"ListItem\",\"position\":2,\"name\":\"Cat\u00e1logo\",\"item\":\"https:\\\/\\\/letrame.com\\\/catalogo\\\/\"},{\"@type\":\"ListItem\",\"position\":3,\"name\":\"Niamh V\u00ednculos\"}]},{\"@type\":\"WebSite\",\"@id\":\"https:\\\/\\\/letrame.com\\\/catalogo\\\/#website\",\"url\":\"https:\\\/\\\/letrame.com\\\/catalogo\\\/\",\"name\":\"Catalogo | Letrame Grupo Editorial\",\"description\":\"\",\"publisher\":{\"@id\":\"https:\\\/\\\/letrame.com\\\/catalogo\\\/#organization\"},\"potentialAction\":[{\"@type\":\"SearchAction\",\"target\":{\"@type\":\"EntryPoint\",\"urlTemplate\":\"https:\\\/\\\/letrame.com\\\/catalogo\\\/?s={search_term_string}\"},\"query-input\":{\"@type\":\"PropertyValueSpecification\",\"valueRequired\":true,\"valueName\":\"search_term_string\"}}],\"inLanguage\":\"es\"},{\"@type\":\"Organization\",\"@id\":\"https:\\\/\\\/letrame.com\\\/catalogo\\\/#organization\",\"name\":\"Catalogo | Letrame Grupo Editorial\",\"url\":\"https:\\\/\\\/letrame.com\\\/catalogo\\\/\",\"logo\":{\"@type\":\"ImageObject\",\"inLanguage\":\"es\",\"@id\":\"https:\\\/\\\/letrame.com\\\/catalogo\\\/#\\\/schema\\\/logo\\\/image\\\/\",\"url\":\"https:\\\/\\\/letrame.com\\\/catalogo\\\/wp-content\\\/uploads\\\/2024\\\/03\\\/logo2.webp\",\"contentUrl\":\"https:\\\/\\\/letrame.com\\\/catalogo\\\/wp-content\\\/uploads\\\/2024\\\/03\\\/logo2.webp\",\"width\":394,\"height\":128,\"caption\":\"Catalogo | Letrame Grupo Editorial\"},\"image\":{\"@id\":\"https:\\\/\\\/letrame.com\\\/catalogo\\\/#\\\/schema\\\/logo\\\/image\\\/\"}}]}<\/script>\n<!-- \/ Yoast SEO plugin. -->","yoast_head_json":{"title":"Niamh V\u00ednculos - Catalogo | Letrame Grupo Editorial","robots":{"index":"index","follow":"follow","max-snippet":"max-snippet:-1","max-image-preview":"max-image-preview:large","max-video-preview":"max-video-preview:-1"},"canonical":"https:\/\/letrame.com\/catalogo\/producto\/niamh-vinculos\/","og_locale":"es_ES","og_type":"article","og_title":"Niamh V\u00ednculos - Catalogo | Letrame Grupo Editorial","og_description":"ISBN: 9791370126322  SINOPSIS  Lo que comenz\u00f3 como un simple viaje de ocio se convierte en una traves\u00eda marcada por la magia, el peligro y la fuerza de un lazo inesperado. Niahm, Eileen y Anax no se conoc\u00edan antes de emprender el camino. Cada una arrastraba su propio dolor, sus heridas ocultas, su forma de estar rota. Pero el destino \u2014y un misterioso objeto hechizado que deben recuperar\u2014 las empuja a enfrentarse juntas a retos que jam\u00e1s imaginaron. En un mundo donde lo m\u00e1gico y lo real se entrelazan, y donde las decisiones pueden cambiar no solo el rumbo del viaje sino el de sus propias vidas, el v\u00ednculo que surge entre ellas ser\u00e1 la verdadera fuente de poder. Niahm: V\u00ednculos es una historia de sororidad forjada en la adversidad y de cicatrices compartidas que se transforman en fuerza colectiva. Con gui\u00f1os al universo musical de Celtian y un homenaje vivo en el personaje de Anax a la cantante Xana Lavey, Javier Cuelar nos recuerda que los v\u00ednculos m\u00e1s fuertes son los que nacen de un dolor compartido.","og_url":"https:\/\/letrame.com\/catalogo\/producto\/niamh-vinculos\/","og_site_name":"Catalogo | Letrame Grupo Editorial","og_image":[{"width":425,"height":624,"url":"https:\/\/letrame.com\/catalogo\/wp-content\/uploads\/2025\/08\/Niamh_6.42mm4.jpg","type":"image\/jpeg"}],"twitter_card":"summary_large_image","twitter_misc":{"Tiempo de lectura":"2 minutos"},"schema":{"@context":"https:\/\/schema.org","@graph":[{"@type":"WebPage","@id":"https:\/\/letrame.com\/catalogo\/producto\/niamh-vinculos\/","url":"https:\/\/letrame.com\/catalogo\/producto\/niamh-vinculos\/","name":"Niamh V\u00ednculos - Catalogo | Letrame Grupo Editorial","isPartOf":{"@id":"https:\/\/letrame.com\/catalogo\/#website"},"primaryImageOfPage":{"@id":"https:\/\/letrame.com\/catalogo\/producto\/niamh-vinculos\/#primaryimage"},"image":{"@id":"https:\/\/letrame.com\/catalogo\/producto\/niamh-vinculos\/#primaryimage"},"thumbnailUrl":"https:\/\/letrame.com\/catalogo\/wp-content\/uploads\/2025\/08\/Niamh_6.42mm4.jpg","datePublished":"2025-08-13T11:52:59+00:00","breadcrumb":{"@id":"https:\/\/letrame.com\/catalogo\/producto\/niamh-vinculos\/#breadcrumb"},"inLanguage":"es","potentialAction":[{"@type":"ReadAction","target":["https:\/\/letrame.com\/catalogo\/producto\/niamh-vinculos\/"]}]},{"@type":"ImageObject","inLanguage":"es","@id":"https:\/\/letrame.com\/catalogo\/producto\/niamh-vinculos\/#primaryimage","url":"https:\/\/letrame.com\/catalogo\/wp-content\/uploads\/2025\/08\/Niamh_6.42mm4.jpg","contentUrl":"https:\/\/letrame.com\/catalogo\/wp-content\/uploads\/2025\/08\/Niamh_6.42mm4.jpg","width":425,"height":624},{"@type":"BreadcrumbList","@id":"https:\/\/letrame.com\/catalogo\/producto\/niamh-vinculos\/#breadcrumb","itemListElement":[{"@type":"ListItem","position":1,"name":"Portada","item":"https:\/\/letrame.com\/catalogo\/"},{"@type":"ListItem","position":2,"name":"Cat\u00e1logo","item":"https:\/\/letrame.com\/catalogo\/"},{"@type":"ListItem","position":3,"name":"Niamh V\u00ednculos"}]},{"@type":"WebSite","@id":"https:\/\/letrame.com\/catalogo\/#website","url":"https:\/\/letrame.com\/catalogo\/","name":"Catalogo | Letrame Grupo Editorial","description":"","publisher":{"@id":"https:\/\/letrame.com\/catalogo\/#organization"},"potentialAction":[{"@type":"SearchAction","target":{"@type":"EntryPoint","urlTemplate":"https:\/\/letrame.com\/catalogo\/?s={search_term_string}"},"query-input":{"@type":"PropertyValueSpecification","valueRequired":true,"valueName":"search_term_string"}}],"inLanguage":"es"},{"@type":"Organization","@id":"https:\/\/letrame.com\/catalogo\/#organization","name":"Catalogo | Letrame Grupo Editorial","url":"https:\/\/letrame.com\/catalogo\/","logo":{"@type":"ImageObject","inLanguage":"es","@id":"https:\/\/letrame.com\/catalogo\/#\/schema\/logo\/image\/","url":"https:\/\/letrame.com\/catalogo\/wp-content\/uploads\/2024\/03\/logo2.webp","contentUrl":"https:\/\/letrame.com\/catalogo\/wp-content\/uploads\/2024\/03\/logo2.webp","width":394,"height":128,"caption":"Catalogo | Letrame Grupo Editorial"},"image":{"@id":"https:\/\/letrame.com\/catalogo\/#\/schema\/logo\/image\/"}}]}},"_links":{"self":[{"href":"https:\/\/letrame.com\/catalogo\/wp-json\/wp\/v2\/product\/108732","targetHints":{"allow":["GET"]}}],"collection":[{"href":"https:\/\/letrame.com\/catalogo\/wp-json\/wp\/v2\/product"}],"about":[{"href":"https:\/\/letrame.com\/catalogo\/wp-json\/wp\/v2\/types\/product"}],"replies":[{"embeddable":true,"href":"https:\/\/letrame.com\/catalogo\/wp-json\/wp\/v2\/comments?post=108732"}],"wp:featuredmedia":[{"embeddable":true,"href":"https:\/\/letrame.com\/catalogo\/wp-json\/wp\/v2\/media\/108733"}],"wp:attachment":[{"href":"https:\/\/letrame.com\/catalogo\/wp-json\/wp\/v2\/media?parent=108732"}],"wp:term":[{"taxonomy":"libro","embeddable":true,"href":"https:\/\/letrame.com\/catalogo\/wp-json\/wp\/v2\/libro?post=108732"},{"taxonomy":"product_brand","embeddable":true,"href":"https:\/\/letrame.com\/catalogo\/wp-json\/wp\/v2\/product_brand?post=108732"},{"taxonomy":"product_cat","embeddable":true,"href":"https:\/\/letrame.com\/catalogo\/wp-json\/wp\/v2\/product_cat?post=108732"},{"taxonomy":"product_tag","embeddable":true,"href":"https:\/\/letrame.com\/catalogo\/wp-json\/wp\/v2\/product_tag?post=108732"}],"curies":[{"name":"wp","href":"https:\/\/api.w.org\/{rel}","templated":true}]}}