{"id":108728,"date":"2025-08-13T13:34:38","date_gmt":"2025-08-13T11:34:38","guid":{"rendered":"https:\/\/letrame.com\/catalogo\/?post_type=product&#038;p=108728"},"modified":"2025-08-13T13:36:15","modified_gmt":"2025-08-13T11:36:15","slug":"corazones-en-busca-de-sus-suenos","status":"publish","type":"product","link":"https:\/\/letrame.com\/catalogo\/producto\/corazones-en-busca-de-sus-suenos\/","title":{"rendered":"Corazones en busca de sus sue\u00f1os"},"content":{"rendered":"<p class=\"p2\"><b>ISBN: <\/b>978-84-1089-355-9<\/p>\n<p class=\"p2\"><b>T\u00edtulo: <\/b>Corazones en busca de sus sue\u00f1os<b><\/b><\/p>\n<p>Fecha: 2025<b><\/b><\/p>\n<p>P\u00e1ginas: 206<b><\/b><\/p>\n<p class=\"p2\"><b>SINOPSIS<br \/>\n<\/b><\/p>\n<p class=\"p1\">En Corazones en busca de sus sue\u00f1os, Agust\u00edn Gil<\/p>\n<p class=\"p1\">Perales nos invita a un viaje lleno de emociones a trav\u00e9s de las ondas de la radio. Noche tras noche, un presentador an\u00f3nimo escucha atentamente las historias de quienes buscan alivio y, tras oir sus preocupaciones, narra un cuento que invita a la reflexi\u00f3n y aporta consuelo. Cada llamada explora fragmentos importantes de la vida: el desamor, la b\u00fasqueda de la felicidad, el deseo de transformaci\u00f3n y otros desaf\u00edos que todos enfrentamos.<\/p>\n<p class=\"p1\">Este libro, tejido de relatos llenos de esperanza, nos recuerda que, incluso en los momentos m\u00e1s oscuros, siempre hay una luz esperando ser hallada. Las palabras aqu\u00ed no solo cuentan historias: son capaces de tocar el alma y transformar vidas, iluminando los caminos m\u00e1s dif\u00edciles.<\/p>\n<p class=\"p2\"><b>\u00a0<\/b><\/p>\n","protected":false},"excerpt":{"rendered":"<p class=\"p2\"><b>ISBN: <\/b>978-84-1089-355-9<br \/>\n<b><br \/>\nSINOPSIS<br \/>\n<\/b><\/p>\n<p class=\"p1\">En Corazones en busca de sus sue\u00f1os, Agust\u00edn Gil<\/p>\n<p class=\"p1\">Perales nos invita a un viaje lleno de emociones a trav\u00e9s de las ondas de la radio. Noche tras noche, un presentador an\u00f3nimo escucha atentamente las historias de quienes buscan alivio y, tras oir sus preocupaciones, narra un cuento que invita a la reflexi\u00f3n y aporta consuelo. Cada llamada explora fragmentos importantes de la vida: el desamor, la b\u00fasqueda de la felicidad, el deseo de transformaci\u00f3n y otros desaf\u00edos que todos enfrentamos.<\/p>\n<p class=\"p1\">Este libro, tejido de relatos llenos de esperanza, nos recuerda que, incluso en los momentos m\u00e1s oscuros, siempre hay una luz esperando ser hallada. Las palabras aqu\u00ed no solo cuentan historias: son capaces de tocar el alma y transformar vidas, iluminando los caminos m\u00e1s dif\u00edciles.<\/p>\n","protected":false},"featured_media":108729,"comment_status":"open","ping_status":"closed","template":"","meta":{"_acf_changed":false},"libro":[],"product_brand":[],"product_cat":[18],"product_tag":[],"class_list":{"0":"post-108728","1":"product","2":"type-product","3":"status-publish","4":"has-post-thumbnail","6":"product_cat-autoayuda","8":"first","9":"instock","10":"shipping-taxable","11":"product-type-simple"},"acf":{"autor":[108730],"enlace_de_compra":"https:\/\/www.amazon.es\/dp\/841089355X"},"yoast_head":"<!-- This site is optimized with the Yoast SEO plugin v26.6 - https:\/\/yoast.com\/wordpress\/plugins\/seo\/ -->\n<title>Corazones en busca de sus sue\u00f1os - Catalogo | Letrame Grupo Editorial<\/title>\n<meta name=\"robots\" content=\"index, follow, max-snippet:-1, max-image-preview:large, max-video-preview:-1\" \/>\n<link rel=\"canonical\" href=\"https:\/\/letrame.com\/catalogo\/producto\/corazones-en-busca-de-sus-suenos\/\" \/>\n<meta property=\"og:locale\" content=\"es_ES\" \/>\n<meta property=\"og:type\" content=\"article\" \/>\n<meta property=\"og:title\" content=\"Corazones en busca de sus sue\u00f1os - Catalogo | Letrame Grupo Editorial\" \/>\n<meta property=\"og:description\" content=\"ISBN: 978-84-1089-355-9  SINOPSIS  En Corazones en busca de sus sue\u00f1os, Agust\u00edn Gil Perales nos invita a un viaje lleno de emociones a trav\u00e9s de las ondas de la radio. Noche tras noche, un presentador an\u00f3nimo escucha atentamente las historias de quienes buscan alivio y, tras oir sus preocupaciones, narra un cuento que invita a la reflexi\u00f3n y aporta consuelo. Cada llamada explora fragmentos importantes de la vida: el desamor, la b\u00fasqueda de la felicidad, el deseo de transformaci\u00f3n y otros desaf\u00edos que todos enfrentamos. Este libro, tejido de relatos llenos de esperanza, nos recuerda que, incluso en los momentos m\u00e1s oscuros, siempre hay una luz esperando ser hallada. Las palabras aqu\u00ed no solo cuentan historias: son capaces de tocar el alma y transformar vidas, iluminando los caminos m\u00e1s dif\u00edciles.\" \/>\n<meta property=\"og:url\" content=\"https:\/\/letrame.com\/catalogo\/producto\/corazones-en-busca-de-sus-suenos\/\" \/>\n<meta property=\"og:site_name\" content=\"Catalogo | Letrame Grupo Editorial\" \/>\n<meta property=\"article:modified_time\" content=\"2025-08-13T11:36:15+00:00\" \/>\n<meta property=\"og:image\" content=\"https:\/\/letrame.com\/catalogo\/wp-content\/uploads\/2025\/08\/corazonesenbusca_1057mmv34.jpg\" \/>\n\t<meta property=\"og:image:width\" content=\"384\" \/>\n\t<meta property=\"og:image:height\" content=\"537\" \/>\n\t<meta property=\"og:image:type\" content=\"image\/jpeg\" \/>\n<meta name=\"twitter:card\" content=\"summary_large_image\" \/>\n<meta name=\"twitter:label1\" content=\"Tiempo de lectura\" \/>\n\t<meta name=\"twitter:data1\" content=\"1 minuto\" \/>\n<script type=\"application\/ld+json\" class=\"yoast-schema-graph\">{\"@context\":\"https:\/\/schema.org\",\"@graph\":[{\"@type\":\"WebPage\",\"@id\":\"https:\/\/letrame.com\/catalogo\/producto\/corazones-en-busca-de-sus-suenos\/\",\"url\":\"https:\/\/letrame.com\/catalogo\/producto\/corazones-en-busca-de-sus-suenos\/\",\"name\":\"Corazones en busca de sus sue\u00f1os - Catalogo | Letrame Grupo Editorial\",\"isPartOf\":{\"@id\":\"https:\/\/letrame.com\/catalogo\/#website\"},\"primaryImageOfPage\":{\"@id\":\"https:\/\/letrame.com\/catalogo\/producto\/corazones-en-busca-de-sus-suenos\/#primaryimage\"},\"image\":{\"@id\":\"https:\/\/letrame.com\/catalogo\/producto\/corazones-en-busca-de-sus-suenos\/#primaryimage\"},\"thumbnailUrl\":\"https:\/\/letrame.com\/catalogo\/wp-content\/uploads\/2025\/08\/corazonesenbusca_1057mmv34.jpg\",\"datePublished\":\"2025-08-13T11:34:38+00:00\",\"dateModified\":\"2025-08-13T11:36:15+00:00\",\"breadcrumb\":{\"@id\":\"https:\/\/letrame.com\/catalogo\/producto\/corazones-en-busca-de-sus-suenos\/#breadcrumb\"},\"inLanguage\":\"es\",\"potentialAction\":[{\"@type\":\"ReadAction\",\"target\":[\"https:\/\/letrame.com\/catalogo\/producto\/corazones-en-busca-de-sus-suenos\/\"]}]},{\"@type\":\"ImageObject\",\"inLanguage\":\"es\",\"@id\":\"https:\/\/letrame.com\/catalogo\/producto\/corazones-en-busca-de-sus-suenos\/#primaryimage\",\"url\":\"https:\/\/letrame.com\/catalogo\/wp-content\/uploads\/2025\/08\/corazonesenbusca_1057mmv34.jpg\",\"contentUrl\":\"https:\/\/letrame.com\/catalogo\/wp-content\/uploads\/2025\/08\/corazonesenbusca_1057mmv34.jpg\",\"width\":384,\"height\":537},{\"@type\":\"BreadcrumbList\",\"@id\":\"https:\/\/letrame.com\/catalogo\/producto\/corazones-en-busca-de-sus-suenos\/#breadcrumb\",\"itemListElement\":[{\"@type\":\"ListItem\",\"position\":1,\"name\":\"Portada\",\"item\":\"https:\/\/letrame.com\/catalogo\/\"},{\"@type\":\"ListItem\",\"position\":2,\"name\":\"Cat\u00e1logo\",\"item\":\"https:\/\/letrame.com\/catalogo\/\"},{\"@type\":\"ListItem\",\"position\":3,\"name\":\"Corazones en busca de sus sue\u00f1os\"}]},{\"@type\":\"WebSite\",\"@id\":\"https:\/\/letrame.com\/catalogo\/#website\",\"url\":\"https:\/\/letrame.com\/catalogo\/\",\"name\":\"Catalogo | Letrame Grupo Editorial\",\"description\":\"\",\"publisher\":{\"@id\":\"https:\/\/letrame.com\/catalogo\/#organization\"},\"potentialAction\":[{\"@type\":\"SearchAction\",\"target\":{\"@type\":\"EntryPoint\",\"urlTemplate\":\"https:\/\/letrame.com\/catalogo\/?s={search_term_string}\"},\"query-input\":{\"@type\":\"PropertyValueSpecification\",\"valueRequired\":true,\"valueName\":\"search_term_string\"}}],\"inLanguage\":\"es\"},{\"@type\":\"Organization\",\"@id\":\"https:\/\/letrame.com\/catalogo\/#organization\",\"name\":\"Catalogo | Letrame Grupo Editorial\",\"url\":\"https:\/\/letrame.com\/catalogo\/\",\"logo\":{\"@type\":\"ImageObject\",\"inLanguage\":\"es\",\"@id\":\"https:\/\/letrame.com\/catalogo\/#\/schema\/logo\/image\/\",\"url\":\"https:\/\/letrame.com\/catalogo\/wp-content\/uploads\/2024\/03\/logo2.webp\",\"contentUrl\":\"https:\/\/letrame.com\/catalogo\/wp-content\/uploads\/2024\/03\/logo2.webp\",\"width\":394,\"height\":128,\"caption\":\"Catalogo | Letrame Grupo Editorial\"},\"image\":{\"@id\":\"https:\/\/letrame.com\/catalogo\/#\/schema\/logo\/image\/\"}}]}<\/script>\n<!-- \/ Yoast SEO plugin. -->","yoast_head_json":{"title":"Corazones en busca de sus sue\u00f1os - Catalogo | Letrame Grupo Editorial","robots":{"index":"index","follow":"follow","max-snippet":"max-snippet:-1","max-image-preview":"max-image-preview:large","max-video-preview":"max-video-preview:-1"},"canonical":"https:\/\/letrame.com\/catalogo\/producto\/corazones-en-busca-de-sus-suenos\/","og_locale":"es_ES","og_type":"article","og_title":"Corazones en busca de sus sue\u00f1os - Catalogo | Letrame Grupo Editorial","og_description":"ISBN: 978-84-1089-355-9  SINOPSIS  En Corazones en busca de sus sue\u00f1os, Agust\u00edn Gil Perales nos invita a un viaje lleno de emociones a trav\u00e9s de las ondas de la radio. Noche tras noche, un presentador an\u00f3nimo escucha atentamente las historias de quienes buscan alivio y, tras oir sus preocupaciones, narra un cuento que invita a la reflexi\u00f3n y aporta consuelo. Cada llamada explora fragmentos importantes de la vida: el desamor, la b\u00fasqueda de la felicidad, el deseo de transformaci\u00f3n y otros desaf\u00edos que todos enfrentamos. Este libro, tejido de relatos llenos de esperanza, nos recuerda que, incluso en los momentos m\u00e1s oscuros, siempre hay una luz esperando ser hallada. Las palabras aqu\u00ed no solo cuentan historias: son capaces de tocar el alma y transformar vidas, iluminando los caminos m\u00e1s dif\u00edciles.","og_url":"https:\/\/letrame.com\/catalogo\/producto\/corazones-en-busca-de-sus-suenos\/","og_site_name":"Catalogo | Letrame Grupo Editorial","article_modified_time":"2025-08-13T11:36:15+00:00","og_image":[{"width":384,"height":537,"url":"https:\/\/letrame.com\/catalogo\/wp-content\/uploads\/2025\/08\/corazonesenbusca_1057mmv34.jpg","type":"image\/jpeg"}],"twitter_card":"summary_large_image","twitter_misc":{"Tiempo de lectura":"1 minuto"},"schema":{"@context":"https:\/\/schema.org","@graph":[{"@type":"WebPage","@id":"https:\/\/letrame.com\/catalogo\/producto\/corazones-en-busca-de-sus-suenos\/","url":"https:\/\/letrame.com\/catalogo\/producto\/corazones-en-busca-de-sus-suenos\/","name":"Corazones en busca de sus sue\u00f1os - Catalogo | Letrame Grupo Editorial","isPartOf":{"@id":"https:\/\/letrame.com\/catalogo\/#website"},"primaryImageOfPage":{"@id":"https:\/\/letrame.com\/catalogo\/producto\/corazones-en-busca-de-sus-suenos\/#primaryimage"},"image":{"@id":"https:\/\/letrame.com\/catalogo\/producto\/corazones-en-busca-de-sus-suenos\/#primaryimage"},"thumbnailUrl":"https:\/\/letrame.com\/catalogo\/wp-content\/uploads\/2025\/08\/corazonesenbusca_1057mmv34.jpg","datePublished":"2025-08-13T11:34:38+00:00","dateModified":"2025-08-13T11:36:15+00:00","breadcrumb":{"@id":"https:\/\/letrame.com\/catalogo\/producto\/corazones-en-busca-de-sus-suenos\/#breadcrumb"},"inLanguage":"es","potentialAction":[{"@type":"ReadAction","target":["https:\/\/letrame.com\/catalogo\/producto\/corazones-en-busca-de-sus-suenos\/"]}]},{"@type":"ImageObject","inLanguage":"es","@id":"https:\/\/letrame.com\/catalogo\/producto\/corazones-en-busca-de-sus-suenos\/#primaryimage","url":"https:\/\/letrame.com\/catalogo\/wp-content\/uploads\/2025\/08\/corazonesenbusca_1057mmv34.jpg","contentUrl":"https:\/\/letrame.com\/catalogo\/wp-content\/uploads\/2025\/08\/corazonesenbusca_1057mmv34.jpg","width":384,"height":537},{"@type":"BreadcrumbList","@id":"https:\/\/letrame.com\/catalogo\/producto\/corazones-en-busca-de-sus-suenos\/#breadcrumb","itemListElement":[{"@type":"ListItem","position":1,"name":"Portada","item":"https:\/\/letrame.com\/catalogo\/"},{"@type":"ListItem","position":2,"name":"Cat\u00e1logo","item":"https:\/\/letrame.com\/catalogo\/"},{"@type":"ListItem","position":3,"name":"Corazones en busca de sus sue\u00f1os"}]},{"@type":"WebSite","@id":"https:\/\/letrame.com\/catalogo\/#website","url":"https:\/\/letrame.com\/catalogo\/","name":"Catalogo | Letrame Grupo Editorial","description":"","publisher":{"@id":"https:\/\/letrame.com\/catalogo\/#organization"},"potentialAction":[{"@type":"SearchAction","target":{"@type":"EntryPoint","urlTemplate":"https:\/\/letrame.com\/catalogo\/?s={search_term_string}"},"query-input":{"@type":"PropertyValueSpecification","valueRequired":true,"valueName":"search_term_string"}}],"inLanguage":"es"},{"@type":"Organization","@id":"https:\/\/letrame.com\/catalogo\/#organization","name":"Catalogo | Letrame Grupo Editorial","url":"https:\/\/letrame.com\/catalogo\/","logo":{"@type":"ImageObject","inLanguage":"es","@id":"https:\/\/letrame.com\/catalogo\/#\/schema\/logo\/image\/","url":"https:\/\/letrame.com\/catalogo\/wp-content\/uploads\/2024\/03\/logo2.webp","contentUrl":"https:\/\/letrame.com\/catalogo\/wp-content\/uploads\/2024\/03\/logo2.webp","width":394,"height":128,"caption":"Catalogo | Letrame Grupo Editorial"},"image":{"@id":"https:\/\/letrame.com\/catalogo\/#\/schema\/logo\/image\/"}}]}},"_links":{"self":[{"href":"https:\/\/letrame.com\/catalogo\/wp-json\/wp\/v2\/product\/108728","targetHints":{"allow":["GET"]}}],"collection":[{"href":"https:\/\/letrame.com\/catalogo\/wp-json\/wp\/v2\/product"}],"about":[{"href":"https:\/\/letrame.com\/catalogo\/wp-json\/wp\/v2\/types\/product"}],"replies":[{"embeddable":true,"href":"https:\/\/letrame.com\/catalogo\/wp-json\/wp\/v2\/comments?post=108728"}],"acf:post":[{"embeddable":true,"href":"https:\/\/letrame.com\/catalogo\/wp-json\/wp\/v2\/author_book\/108730"}],"wp:featuredmedia":[{"embeddable":true,"href":"https:\/\/letrame.com\/catalogo\/wp-json\/wp\/v2\/media\/108729"}],"wp:attachment":[{"href":"https:\/\/letrame.com\/catalogo\/wp-json\/wp\/v2\/media?parent=108728"}],"wp:term":[{"taxonomy":"libro","embeddable":true,"href":"https:\/\/letrame.com\/catalogo\/wp-json\/wp\/v2\/libro?post=108728"},{"taxonomy":"product_brand","embeddable":true,"href":"https:\/\/letrame.com\/catalogo\/wp-json\/wp\/v2\/product_brand?post=108728"},{"taxonomy":"product_cat","embeddable":true,"href":"https:\/\/letrame.com\/catalogo\/wp-json\/wp\/v2\/product_cat?post=108728"},{"taxonomy":"product_tag","embeddable":true,"href":"https:\/\/letrame.com\/catalogo\/wp-json\/wp\/v2\/product_tag?post=108728"}],"curies":[{"name":"wp","href":"https:\/\/api.w.org\/{rel}","templated":true}]}}