{"id":108703,"date":"2025-08-04T12:56:39","date_gmt":"2025-08-04T10:56:39","guid":{"rendered":"https:\/\/letrame.com\/catalogo\/?post_type=product&#038;p=108703"},"modified":"2025-08-04T15:35:14","modified_gmt":"2025-08-04T13:35:14","slug":"nada-es-para-siempre","status":"publish","type":"product","link":"https:\/\/letrame.com\/catalogo\/producto\/nada-es-para-siempre\/","title":{"rendered":"Nada es para siempre. Ejercicios para una vida en armon\u00eda y serenidad"},"content":{"rendered":"<p class=\"p1\"><b>ISBN: <\/b>9791370123390<b><\/b><\/p>\n<p class=\"p1\"><b>T\u00edtulo: <\/b>Nada es para siempre. Ejercicios para una vida en armon\u00eda y serenidad<\/p>\n<p><strong>Fecha<\/strong>: 2025<b><\/b><\/p>\n<p><strong>P\u00e1ginas<\/strong>: 120<b><\/b><\/p>\n<p class=\"p1\"><b>SINOPSIS<\/b><\/p>\n<p>Casi todos hemos experimentado, m\u00e1s de una vez en nuestra vida, estados mentales negativos como depresi\u00f3n, ansiedad, p\u00e1nico, angustia, desolaci\u00f3n y melancol\u00eda. Esto nos sucede por el p\u00e9simo manejo cognitivo que hacemos de nuestras emociones; lo cual nos induce a pensar, sentir y actuar de manera incorrecta y desfavorable. Los ejercicios publicados en este libro no pretenden sustituir el tratamiento de los especialistas en salud mental, aun cuando dichos ejercicios han funcionado en muchas personas, incluyendo al autor. Por eso, el libro est\u00e1 escrito de manera sencilla, con un sustento te\u00f3rico-metodol\u00f3gico y emp\u00edrico fundamentado en la psicolog\u00eda cognitivo-conductual, la cual no dejar\u00e1 duda de los efectos positivos que tendr\u00e1 en su salud, as\u00ed como en las relaciones asertivas con sus semejantes.<br \/>\nSin embargo, no quiere decir que los ejercicios puedan tener el mismo efecto en todas las personas. Solo si existe en usted inter\u00e9s, constancia y buena actitud al utilizarlos, con seguridad le ayudar\u00e1n a mejorar su manera de pensar, sentir y actuar en todos los \u00e1mbitos de su vida. El libro que tiene usted en sus manos tambi\u00e9n ayudar\u00e1 a diferentes causas sociales, ya que los recursos econ\u00f3micos que reciba el autor ser\u00e1n destinados para ayudar a personas que viven en situaciones desfavorables, debido a diversas enfermedades, abandono, soledad, depresi\u00f3n, adicciones y pobreza.<br \/>\nNo dude: nada es para siempre&#8230;y esto solo podr\u00e1 comprobarlo desde su propia experiencia personal. \u00a1An\u00edmese! Los cambios se ir\u00e1n sucediendo poco a poco; armon\u00eda y serenidad llegar\u00e1n a su vida y un horizonte de posibilidades se abrir\u00e1 a su creatividad, libertad y conciencia.<b><br \/>\n<\/b><\/p>\n<p>&nbsp;<\/p>\n","protected":false},"excerpt":{"rendered":"<p><b>ISBN: <\/b>9791370123390<\/p>\n<p><b>SINOPSIS<\/b><\/p>\n<p>Casi todos hemos experimentado, m\u00e1s de una vez en nuestra vida, estados mentales negativos como depresi\u00f3n, ansiedad, p\u00e1nico, angustia, desolaci\u00f3n y melancol\u00eda. Esto nos sucede por el p\u00e9simo manejo cognitivo que hacemos de nuestras emociones; lo cual nos induce a pensar, sentir y actuar de manera incorrecta y desfavorable. Los ejercicios publicados en este libro no pretenden sustituir el tratamiento de los especialistas en salud mental, aun cuando dichos ejercicios han funcionado en muchas personas, incluyendo al autor. Por eso, el libro est\u00e1 escrito de manera sencilla, con un sustento te\u00f3rico-metodol\u00f3gico y emp\u00edrico fundamentado en la psicolog\u00eda cognitivo-conductual, la cual no dejar\u00e1 duda de los efectos positivos que tendr\u00e1 en su salud, as\u00ed como en las relaciones asertivas con sus semejantes.<\/p>\n","protected":false},"featured_media":108705,"comment_status":"open","ping_status":"closed","template":"","meta":{"_acf_changed":false},"libro":[],"product_brand":[],"product_cat":[124],"product_tag":[],"class_list":{"0":"post-108703","1":"product","2":"type-product","3":"status-publish","4":"has-post-thumbnail","6":"product_cat-psicologia","8":"first","9":"instock","10":"shipping-taxable","11":"product-type-simple"},"acf":{"autor":[108704],"enlace_de_compra":"https:\/\/www.amazon.es\/dp\/B0FDKMCWQ7"},"yoast_head":"<!-- This site is optimized with the Yoast SEO plugin v27.4 - https:\/\/yoast.com\/product\/yoast-seo-wordpress\/ -->\n<title>Nada es para siempre. Ejercicios para una vida en armon\u00eda y serenidad - Catalogo | Letrame Grupo Editorial<\/title>\n<meta name=\"robots\" content=\"index, follow, max-snippet:-1, max-image-preview:large, max-video-preview:-1\" \/>\n<link rel=\"canonical\" href=\"https:\/\/letrame.com\/catalogo\/producto\/nada-es-para-siempre\/\" \/>\n<meta property=\"og:locale\" content=\"es_ES\" \/>\n<meta property=\"og:type\" content=\"article\" \/>\n<meta property=\"og:title\" content=\"Nada es para siempre. Ejercicios para una vida en armon\u00eda y serenidad - Catalogo | Letrame Grupo Editorial\" \/>\n<meta property=\"og:description\" content=\"ISBN: 9791370123390  SINOPSIS  Casi todos hemos experimentado, m\u00e1s de una vez en nuestra vida, estados mentales negativos como depresi\u00f3n, ansiedad, p\u00e1nico, angustia, desolaci\u00f3n y melancol\u00eda. Esto nos sucede por el p\u00e9simo manejo cognitivo que hacemos de nuestras emociones; lo cual nos induce a pensar, sentir y actuar de manera incorrecta y desfavorable. Los ejercicios publicados en este libro no pretenden sustituir el tratamiento de los especialistas en salud mental, aun cuando dichos ejercicios han funcionado en muchas personas, incluyendo al autor. Por eso, el libro est\u00e1 escrito de manera sencilla, con un sustento te\u00f3rico-metodol\u00f3gico y emp\u00edrico fundamentado en la psicolog\u00eda cognitivo-conductual, la cual no dejar\u00e1 duda de los efectos positivos que tendr\u00e1 en su salud, as\u00ed como en las relaciones asertivas con sus semejantes.\" \/>\n<meta property=\"og:url\" content=\"https:\/\/letrame.com\/catalogo\/producto\/nada-es-para-siempre\/\" \/>\n<meta property=\"og:site_name\" content=\"Catalogo | Letrame Grupo Editorial\" \/>\n<meta property=\"article:modified_time\" content=\"2025-08-04T13:35:14+00:00\" \/>\n<meta property=\"og:image\" content=\"https:\/\/letrame.com\/catalogo\/wp-content\/uploads\/2025\/08\/Nada-es-para-siempre.jpg\" \/>\n\t<meta property=\"og:image:width\" content=\"413\" \/>\n\t<meta property=\"og:image:height\" content=\"606\" \/>\n\t<meta property=\"og:image:type\" content=\"image\/jpeg\" \/>\n<meta name=\"twitter:card\" content=\"summary_large_image\" \/>\n<meta name=\"twitter:label1\" content=\"Tiempo de lectura\" \/>\n\t<meta name=\"twitter:data1\" content=\"2 minutos\" \/>\n<script type=\"application\/ld+json\" class=\"yoast-schema-graph\">{\"@context\":\"https:\\\/\\\/schema.org\",\"@graph\":[{\"@type\":\"WebPage\",\"@id\":\"https:\\\/\\\/letrame.com\\\/catalogo\\\/producto\\\/nada-es-para-siempre\\\/\",\"url\":\"https:\\\/\\\/letrame.com\\\/catalogo\\\/producto\\\/nada-es-para-siempre\\\/\",\"name\":\"Nada es para siempre. Ejercicios para una vida en armon\u00eda y serenidad - Catalogo | Letrame Grupo Editorial\",\"isPartOf\":{\"@id\":\"https:\\\/\\\/letrame.com\\\/catalogo\\\/#website\"},\"primaryImageOfPage\":{\"@id\":\"https:\\\/\\\/letrame.com\\\/catalogo\\\/producto\\\/nada-es-para-siempre\\\/#primaryimage\"},\"image\":{\"@id\":\"https:\\\/\\\/letrame.com\\\/catalogo\\\/producto\\\/nada-es-para-siempre\\\/#primaryimage\"},\"thumbnailUrl\":\"https:\\\/\\\/letrame.com\\\/catalogo\\\/wp-content\\\/uploads\\\/2025\\\/08\\\/Nada-es-para-siempre.jpg\",\"datePublished\":\"2025-08-04T10:56:39+00:00\",\"dateModified\":\"2025-08-04T13:35:14+00:00\",\"breadcrumb\":{\"@id\":\"https:\\\/\\\/letrame.com\\\/catalogo\\\/producto\\\/nada-es-para-siempre\\\/#breadcrumb\"},\"inLanguage\":\"es\",\"potentialAction\":[{\"@type\":\"ReadAction\",\"target\":[\"https:\\\/\\\/letrame.com\\\/catalogo\\\/producto\\\/nada-es-para-siempre\\\/\"]}]},{\"@type\":\"ImageObject\",\"inLanguage\":\"es\",\"@id\":\"https:\\\/\\\/letrame.com\\\/catalogo\\\/producto\\\/nada-es-para-siempre\\\/#primaryimage\",\"url\":\"https:\\\/\\\/letrame.com\\\/catalogo\\\/wp-content\\\/uploads\\\/2025\\\/08\\\/Nada-es-para-siempre.jpg\",\"contentUrl\":\"https:\\\/\\\/letrame.com\\\/catalogo\\\/wp-content\\\/uploads\\\/2025\\\/08\\\/Nada-es-para-siempre.jpg\",\"width\":413,\"height\":606},{\"@type\":\"BreadcrumbList\",\"@id\":\"https:\\\/\\\/letrame.com\\\/catalogo\\\/producto\\\/nada-es-para-siempre\\\/#breadcrumb\",\"itemListElement\":[{\"@type\":\"ListItem\",\"position\":1,\"name\":\"Portada\",\"item\":\"https:\\\/\\\/letrame.com\\\/catalogo\\\/\"},{\"@type\":\"ListItem\",\"position\":2,\"name\":\"Cat\u00e1logo\",\"item\":\"https:\\\/\\\/letrame.com\\\/catalogo\\\/\"},{\"@type\":\"ListItem\",\"position\":3,\"name\":\"Nada es para siempre. Ejercicios para una vida en armon\u00eda y serenidad\"}]},{\"@type\":\"WebSite\",\"@id\":\"https:\\\/\\\/letrame.com\\\/catalogo\\\/#website\",\"url\":\"https:\\\/\\\/letrame.com\\\/catalogo\\\/\",\"name\":\"Catalogo | Letrame Grupo Editorial\",\"description\":\"\",\"publisher\":{\"@id\":\"https:\\\/\\\/letrame.com\\\/catalogo\\\/#organization\"},\"potentialAction\":[{\"@type\":\"SearchAction\",\"target\":{\"@type\":\"EntryPoint\",\"urlTemplate\":\"https:\\\/\\\/letrame.com\\\/catalogo\\\/?s={search_term_string}\"},\"query-input\":{\"@type\":\"PropertyValueSpecification\",\"valueRequired\":true,\"valueName\":\"search_term_string\"}}],\"inLanguage\":\"es\"},{\"@type\":\"Organization\",\"@id\":\"https:\\\/\\\/letrame.com\\\/catalogo\\\/#organization\",\"name\":\"Catalogo | Letrame Grupo Editorial\",\"url\":\"https:\\\/\\\/letrame.com\\\/catalogo\\\/\",\"logo\":{\"@type\":\"ImageObject\",\"inLanguage\":\"es\",\"@id\":\"https:\\\/\\\/letrame.com\\\/catalogo\\\/#\\\/schema\\\/logo\\\/image\\\/\",\"url\":\"https:\\\/\\\/letrame.com\\\/catalogo\\\/wp-content\\\/uploads\\\/2024\\\/03\\\/logo2.webp\",\"contentUrl\":\"https:\\\/\\\/letrame.com\\\/catalogo\\\/wp-content\\\/uploads\\\/2024\\\/03\\\/logo2.webp\",\"width\":394,\"height\":128,\"caption\":\"Catalogo | Letrame Grupo Editorial\"},\"image\":{\"@id\":\"https:\\\/\\\/letrame.com\\\/catalogo\\\/#\\\/schema\\\/logo\\\/image\\\/\"}}]}<\/script>\n<!-- \/ Yoast SEO plugin. -->","yoast_head_json":{"title":"Nada es para siempre. Ejercicios para una vida en armon\u00eda y serenidad - Catalogo | Letrame Grupo Editorial","robots":{"index":"index","follow":"follow","max-snippet":"max-snippet:-1","max-image-preview":"max-image-preview:large","max-video-preview":"max-video-preview:-1"},"canonical":"https:\/\/letrame.com\/catalogo\/producto\/nada-es-para-siempre\/","og_locale":"es_ES","og_type":"article","og_title":"Nada es para siempre. Ejercicios para una vida en armon\u00eda y serenidad - Catalogo | Letrame Grupo Editorial","og_description":"ISBN: 9791370123390  SINOPSIS  Casi todos hemos experimentado, m\u00e1s de una vez en nuestra vida, estados mentales negativos como depresi\u00f3n, ansiedad, p\u00e1nico, angustia, desolaci\u00f3n y melancol\u00eda. Esto nos sucede por el p\u00e9simo manejo cognitivo que hacemos de nuestras emociones; lo cual nos induce a pensar, sentir y actuar de manera incorrecta y desfavorable. Los ejercicios publicados en este libro no pretenden sustituir el tratamiento de los especialistas en salud mental, aun cuando dichos ejercicios han funcionado en muchas personas, incluyendo al autor. Por eso, el libro est\u00e1 escrito de manera sencilla, con un sustento te\u00f3rico-metodol\u00f3gico y emp\u00edrico fundamentado en la psicolog\u00eda cognitivo-conductual, la cual no dejar\u00e1 duda de los efectos positivos que tendr\u00e1 en su salud, as\u00ed como en las relaciones asertivas con sus semejantes.","og_url":"https:\/\/letrame.com\/catalogo\/producto\/nada-es-para-siempre\/","og_site_name":"Catalogo | Letrame Grupo Editorial","article_modified_time":"2025-08-04T13:35:14+00:00","og_image":[{"width":413,"height":606,"url":"https:\/\/letrame.com\/catalogo\/wp-content\/uploads\/2025\/08\/Nada-es-para-siempre.jpg","type":"image\/jpeg"}],"twitter_card":"summary_large_image","twitter_misc":{"Tiempo de lectura":"2 minutos"},"schema":{"@context":"https:\/\/schema.org","@graph":[{"@type":"WebPage","@id":"https:\/\/letrame.com\/catalogo\/producto\/nada-es-para-siempre\/","url":"https:\/\/letrame.com\/catalogo\/producto\/nada-es-para-siempre\/","name":"Nada es para siempre. Ejercicios para una vida en armon\u00eda y serenidad - Catalogo | Letrame Grupo Editorial","isPartOf":{"@id":"https:\/\/letrame.com\/catalogo\/#website"},"primaryImageOfPage":{"@id":"https:\/\/letrame.com\/catalogo\/producto\/nada-es-para-siempre\/#primaryimage"},"image":{"@id":"https:\/\/letrame.com\/catalogo\/producto\/nada-es-para-siempre\/#primaryimage"},"thumbnailUrl":"https:\/\/letrame.com\/catalogo\/wp-content\/uploads\/2025\/08\/Nada-es-para-siempre.jpg","datePublished":"2025-08-04T10:56:39+00:00","dateModified":"2025-08-04T13:35:14+00:00","breadcrumb":{"@id":"https:\/\/letrame.com\/catalogo\/producto\/nada-es-para-siempre\/#breadcrumb"},"inLanguage":"es","potentialAction":[{"@type":"ReadAction","target":["https:\/\/letrame.com\/catalogo\/producto\/nada-es-para-siempre\/"]}]},{"@type":"ImageObject","inLanguage":"es","@id":"https:\/\/letrame.com\/catalogo\/producto\/nada-es-para-siempre\/#primaryimage","url":"https:\/\/letrame.com\/catalogo\/wp-content\/uploads\/2025\/08\/Nada-es-para-siempre.jpg","contentUrl":"https:\/\/letrame.com\/catalogo\/wp-content\/uploads\/2025\/08\/Nada-es-para-siempre.jpg","width":413,"height":606},{"@type":"BreadcrumbList","@id":"https:\/\/letrame.com\/catalogo\/producto\/nada-es-para-siempre\/#breadcrumb","itemListElement":[{"@type":"ListItem","position":1,"name":"Portada","item":"https:\/\/letrame.com\/catalogo\/"},{"@type":"ListItem","position":2,"name":"Cat\u00e1logo","item":"https:\/\/letrame.com\/catalogo\/"},{"@type":"ListItem","position":3,"name":"Nada es para siempre. Ejercicios para una vida en armon\u00eda y serenidad"}]},{"@type":"WebSite","@id":"https:\/\/letrame.com\/catalogo\/#website","url":"https:\/\/letrame.com\/catalogo\/","name":"Catalogo | Letrame Grupo Editorial","description":"","publisher":{"@id":"https:\/\/letrame.com\/catalogo\/#organization"},"potentialAction":[{"@type":"SearchAction","target":{"@type":"EntryPoint","urlTemplate":"https:\/\/letrame.com\/catalogo\/?s={search_term_string}"},"query-input":{"@type":"PropertyValueSpecification","valueRequired":true,"valueName":"search_term_string"}}],"inLanguage":"es"},{"@type":"Organization","@id":"https:\/\/letrame.com\/catalogo\/#organization","name":"Catalogo | Letrame Grupo Editorial","url":"https:\/\/letrame.com\/catalogo\/","logo":{"@type":"ImageObject","inLanguage":"es","@id":"https:\/\/letrame.com\/catalogo\/#\/schema\/logo\/image\/","url":"https:\/\/letrame.com\/catalogo\/wp-content\/uploads\/2024\/03\/logo2.webp","contentUrl":"https:\/\/letrame.com\/catalogo\/wp-content\/uploads\/2024\/03\/logo2.webp","width":394,"height":128,"caption":"Catalogo | Letrame Grupo Editorial"},"image":{"@id":"https:\/\/letrame.com\/catalogo\/#\/schema\/logo\/image\/"}}]}},"_links":{"self":[{"href":"https:\/\/letrame.com\/catalogo\/wp-json\/wp\/v2\/product\/108703","targetHints":{"allow":["GET"]}}],"collection":[{"href":"https:\/\/letrame.com\/catalogo\/wp-json\/wp\/v2\/product"}],"about":[{"href":"https:\/\/letrame.com\/catalogo\/wp-json\/wp\/v2\/types\/product"}],"replies":[{"embeddable":true,"href":"https:\/\/letrame.com\/catalogo\/wp-json\/wp\/v2\/comments?post=108703"}],"acf:post":[{"embeddable":true,"href":"https:\/\/letrame.com\/catalogo\/wp-json\/wp\/v2\/author_book\/108704"}],"wp:featuredmedia":[{"embeddable":true,"href":"https:\/\/letrame.com\/catalogo\/wp-json\/wp\/v2\/media\/108705"}],"wp:attachment":[{"href":"https:\/\/letrame.com\/catalogo\/wp-json\/wp\/v2\/media?parent=108703"}],"wp:term":[{"taxonomy":"libro","embeddable":true,"href":"https:\/\/letrame.com\/catalogo\/wp-json\/wp\/v2\/libro?post=108703"},{"taxonomy":"product_brand","embeddable":true,"href":"https:\/\/letrame.com\/catalogo\/wp-json\/wp\/v2\/product_brand?post=108703"},{"taxonomy":"product_cat","embeddable":true,"href":"https:\/\/letrame.com\/catalogo\/wp-json\/wp\/v2\/product_cat?post=108703"},{"taxonomy":"product_tag","embeddable":true,"href":"https:\/\/letrame.com\/catalogo\/wp-json\/wp\/v2\/product_tag?post=108703"}],"curies":[{"name":"wp","href":"https:\/\/api.w.org\/{rel}","templated":true}]}}