{"id":108678,"date":"2025-07-31T15:58:31","date_gmt":"2025-07-31T13:58:31","guid":{"rendered":"https:\/\/letrame.com\/catalogo\/?post_type=product&#038;p=108678"},"modified":"2025-07-31T16:18:01","modified_gmt":"2025-07-31T14:18:01","slug":"hablame","status":"publish","type":"product","link":"https:\/\/letrame.com\/catalogo\/producto\/hablame\/","title":{"rendered":"H\u00e1blame"},"content":{"rendered":"<p class=\"p1\"><b>ISBN: <\/b>979-13-7012-643-8<\/p>\n<p class=\"p1\"><b>T\u00edtulo: <\/b>H\u00e1blame<br \/>\n<b><br \/>\nFecha: <\/b>2025<b><\/b><\/p>\n<p><strong>P\u00e1ginas<\/strong>: 204<b><\/b><\/p>\n<p class=\"p1\"><b>SINOPSIS<br \/>\n<\/b><\/p>\n<p>Hay silencios que duelen m\u00e1s que los gritos. Y hay palabras que, cuando por fin se pronuncian, empiezan a sanar.<\/p>\n<p>H\u00e1blame es un acto de valent\u00eda. Un testimonio real, \u00edntimo y necesario sobre lo que significa vivir \u2014y sobrevivir\u2014 a la violencia de g\u00e9nero. Begonia Tejera Figueira pone en palabras lo que tantas veces se calla: el miedo, la duda, la culpa, la herida invisible\u2026 pero tambi\u00e9n la fuerza, la dignidad, el coraje de seguir caminando cuando todo parec\u00eda perdido.<\/p>\n<p>Escrito con honestidad desgarradora y una sensibilidad profunda, este libro no busca juzgar ni aleccionar. Solo tender una mano. Acompa\u00f1ar. Decir, con cada p\u00e1gina, yo estuve ah\u00ed\u2026 y sal\u00ed.<\/p>\n<p>H\u00e1blame es para quienes a\u00fan no encuentran las palabras. Para quienes sospechan que el amor no deber\u00eda doler as\u00ed. Para quienes necesitan leer que no est\u00e1n solos. Porque a veces, leer una historia parecida a la tuya, puede ser el primer paso para hablarte a ti misma.<\/p>\n<p class=\"p1\"><b>\u00a0<\/b><\/p>\n","protected":false},"excerpt":{"rendered":"<p class=\"p1\"><b>ISBN: <\/b>979-13-7012-643-8<b><\/b><\/p>\n<p><strong>SINOPSIS<\/strong><\/p>\n<p>Hay silencios que duelen m\u00e1s que los gritos. Y hay palabras que, cuando por fin se pronuncian, empiezan a sanar.<\/p>\n<p>H\u00e1blame es un acto de valent\u00eda. Un testimonio real, \u00edntimo y necesario sobre lo que significa vivir \u2014y sobrevivir\u2014 a la violencia de g\u00e9nero. Begonia Tejera Figueira pone en palabras lo que tantas veces se calla: el miedo, la duda, la culpa, la herida invisible\u2026 pero tambi\u00e9n la fuerza, la dignidad, el coraje de seguir caminando cuando todo parec\u00eda perdido.<\/p>\n<p>Escrito con honestidad desgarradora y una sensibilidad profunda, este libro no busca juzgar ni aleccionar. Solo tender una mano. Acompa\u00f1ar. Decir, con cada p\u00e1gina, yo estuve ah\u00ed\u2026 y sal\u00ed.<\/p>\n<p>H\u00e1blame es para quienes a\u00fan no encuentran las palabras. Para quienes sospechan que el amor no deber\u00eda doler as\u00ed. Para quienes necesitan leer que no est\u00e1n solos. Porque a veces, leer una historia parecida a la tuya, puede ser el primer paso para hablarte a ti misma.<\/p>\n<p class=\"p1\">\n","protected":false},"featured_media":108684,"comment_status":"open","ping_status":"closed","template":"","meta":{"_acf_changed":false},"libro":[],"product_brand":[],"product_cat":[120],"product_tag":[],"class_list":{"0":"post-108678","1":"product","2":"type-product","3":"status-publish","4":"has-post-thumbnail","6":"product_cat-autoayudacrecimiento-espiritual","8":"first","9":"instock","10":"shipping-taxable","11":"product-type-simple"},"acf":{"autor":[108680],"enlace_de_compra":"https:\/\/www.amazon.es\/dp\/B0FH66T3KD"},"yoast_head":"<!-- This site is optimized with the Yoast SEO plugin v27.4 - https:\/\/yoast.com\/product\/yoast-seo-wordpress\/ -->\n<title>H\u00e1blame - Catalogo | Letrame Grupo Editorial<\/title>\n<meta name=\"robots\" content=\"index, follow, max-snippet:-1, max-image-preview:large, max-video-preview:-1\" \/>\n<link rel=\"canonical\" href=\"https:\/\/letrame.com\/catalogo\/producto\/hablame\/\" \/>\n<meta property=\"og:locale\" content=\"es_ES\" \/>\n<meta property=\"og:type\" content=\"article\" \/>\n<meta property=\"og:title\" content=\"H\u00e1blame - Catalogo | Letrame Grupo Editorial\" \/>\n<meta property=\"og:description\" content=\"ISBN: 979-13-7012-643-8 SINOPSIS  Hay silencios que duelen m\u00e1s que los gritos. Y hay palabras que, cuando por fin se pronuncian, empiezan a sanar.  H\u00e1blame es un acto de valent\u00eda. Un testimonio real, \u00edntimo y necesario sobre lo que significa vivir \u2014y sobrevivir\u2014 a la violencia de g\u00e9nero. Begonia Tejera Figueira pone en palabras lo que tantas veces se calla: el miedo, la duda, la culpa, la herida invisible\u2026 pero tambi\u00e9n la fuerza, la dignidad, el coraje de seguir caminando cuando todo parec\u00eda perdido.  Escrito con honestidad desgarradora y una sensibilidad profunda, este libro no busca juzgar ni aleccionar. Solo tender una mano. Acompa\u00f1ar. Decir, con cada p\u00e1gina, yo estuve ah\u00ed\u2026 y sal\u00ed.  H\u00e1blame es para quienes a\u00fan no encuentran las palabras. Para quienes sospechan que el amor no deber\u00eda doler as\u00ed. Para quienes necesitan leer que no est\u00e1n solos. Porque a veces, leer una historia parecida a la tuya, puede ser el primer paso para hablarte a ti misma.\" \/>\n<meta property=\"og:url\" content=\"https:\/\/letrame.com\/catalogo\/producto\/hablame\/\" \/>\n<meta property=\"og:site_name\" content=\"Catalogo | Letrame Grupo Editorial\" \/>\n<meta property=\"article:modified_time\" content=\"2025-07-31T14:18:01+00:00\" \/>\n<meta property=\"og:image\" content=\"https:\/\/letrame.com\/catalogo\/wp-content\/uploads\/2025\/07\/Hablame_10.48mm4.jpg\" \/>\n\t<meta property=\"og:image:width\" content=\"372\" \/>\n\t<meta property=\"og:image:height\" content=\"537\" \/>\n\t<meta property=\"og:image:type\" content=\"image\/jpeg\" \/>\n<meta name=\"twitter:card\" content=\"summary_large_image\" \/>\n<meta name=\"twitter:label1\" content=\"Tiempo de lectura\" \/>\n\t<meta name=\"twitter:data1\" content=\"1 minuto\" \/>\n<script type=\"application\/ld+json\" class=\"yoast-schema-graph\">{\"@context\":\"https:\\\/\\\/schema.org\",\"@graph\":[{\"@type\":\"WebPage\",\"@id\":\"https:\\\/\\\/letrame.com\\\/catalogo\\\/producto\\\/hablame\\\/\",\"url\":\"https:\\\/\\\/letrame.com\\\/catalogo\\\/producto\\\/hablame\\\/\",\"name\":\"H\u00e1blame - Catalogo | Letrame Grupo Editorial\",\"isPartOf\":{\"@id\":\"https:\\\/\\\/letrame.com\\\/catalogo\\\/#website\"},\"primaryImageOfPage\":{\"@id\":\"https:\\\/\\\/letrame.com\\\/catalogo\\\/producto\\\/hablame\\\/#primaryimage\"},\"image\":{\"@id\":\"https:\\\/\\\/letrame.com\\\/catalogo\\\/producto\\\/hablame\\\/#primaryimage\"},\"thumbnailUrl\":\"https:\\\/\\\/letrame.com\\\/catalogo\\\/wp-content\\\/uploads\\\/2025\\\/07\\\/Hablame_10.48mm4.jpg\",\"datePublished\":\"2025-07-31T13:58:31+00:00\",\"dateModified\":\"2025-07-31T14:18:01+00:00\",\"breadcrumb\":{\"@id\":\"https:\\\/\\\/letrame.com\\\/catalogo\\\/producto\\\/hablame\\\/#breadcrumb\"},\"inLanguage\":\"es\",\"potentialAction\":[{\"@type\":\"ReadAction\",\"target\":[\"https:\\\/\\\/letrame.com\\\/catalogo\\\/producto\\\/hablame\\\/\"]}]},{\"@type\":\"ImageObject\",\"inLanguage\":\"es\",\"@id\":\"https:\\\/\\\/letrame.com\\\/catalogo\\\/producto\\\/hablame\\\/#primaryimage\",\"url\":\"https:\\\/\\\/letrame.com\\\/catalogo\\\/wp-content\\\/uploads\\\/2025\\\/07\\\/Hablame_10.48mm4.jpg\",\"contentUrl\":\"https:\\\/\\\/letrame.com\\\/catalogo\\\/wp-content\\\/uploads\\\/2025\\\/07\\\/Hablame_10.48mm4.jpg\",\"width\":372,\"height\":537},{\"@type\":\"BreadcrumbList\",\"@id\":\"https:\\\/\\\/letrame.com\\\/catalogo\\\/producto\\\/hablame\\\/#breadcrumb\",\"itemListElement\":[{\"@type\":\"ListItem\",\"position\":1,\"name\":\"Portada\",\"item\":\"https:\\\/\\\/letrame.com\\\/catalogo\\\/\"},{\"@type\":\"ListItem\",\"position\":2,\"name\":\"Cat\u00e1logo\",\"item\":\"https:\\\/\\\/letrame.com\\\/catalogo\\\/\"},{\"@type\":\"ListItem\",\"position\":3,\"name\":\"H\u00e1blame\"}]},{\"@type\":\"WebSite\",\"@id\":\"https:\\\/\\\/letrame.com\\\/catalogo\\\/#website\",\"url\":\"https:\\\/\\\/letrame.com\\\/catalogo\\\/\",\"name\":\"Catalogo | Letrame Grupo Editorial\",\"description\":\"\",\"publisher\":{\"@id\":\"https:\\\/\\\/letrame.com\\\/catalogo\\\/#organization\"},\"potentialAction\":[{\"@type\":\"SearchAction\",\"target\":{\"@type\":\"EntryPoint\",\"urlTemplate\":\"https:\\\/\\\/letrame.com\\\/catalogo\\\/?s={search_term_string}\"},\"query-input\":{\"@type\":\"PropertyValueSpecification\",\"valueRequired\":true,\"valueName\":\"search_term_string\"}}],\"inLanguage\":\"es\"},{\"@type\":\"Organization\",\"@id\":\"https:\\\/\\\/letrame.com\\\/catalogo\\\/#organization\",\"name\":\"Catalogo | Letrame Grupo Editorial\",\"url\":\"https:\\\/\\\/letrame.com\\\/catalogo\\\/\",\"logo\":{\"@type\":\"ImageObject\",\"inLanguage\":\"es\",\"@id\":\"https:\\\/\\\/letrame.com\\\/catalogo\\\/#\\\/schema\\\/logo\\\/image\\\/\",\"url\":\"https:\\\/\\\/letrame.com\\\/catalogo\\\/wp-content\\\/uploads\\\/2024\\\/03\\\/logo2.webp\",\"contentUrl\":\"https:\\\/\\\/letrame.com\\\/catalogo\\\/wp-content\\\/uploads\\\/2024\\\/03\\\/logo2.webp\",\"width\":394,\"height\":128,\"caption\":\"Catalogo | Letrame Grupo Editorial\"},\"image\":{\"@id\":\"https:\\\/\\\/letrame.com\\\/catalogo\\\/#\\\/schema\\\/logo\\\/image\\\/\"}}]}<\/script>\n<!-- \/ Yoast SEO plugin. -->","yoast_head_json":{"title":"H\u00e1blame - Catalogo | Letrame Grupo Editorial","robots":{"index":"index","follow":"follow","max-snippet":"max-snippet:-1","max-image-preview":"max-image-preview:large","max-video-preview":"max-video-preview:-1"},"canonical":"https:\/\/letrame.com\/catalogo\/producto\/hablame\/","og_locale":"es_ES","og_type":"article","og_title":"H\u00e1blame - Catalogo | Letrame Grupo Editorial","og_description":"ISBN: 979-13-7012-643-8 SINOPSIS  Hay silencios que duelen m\u00e1s que los gritos. Y hay palabras que, cuando por fin se pronuncian, empiezan a sanar.  H\u00e1blame es un acto de valent\u00eda. Un testimonio real, \u00edntimo y necesario sobre lo que significa vivir \u2014y sobrevivir\u2014 a la violencia de g\u00e9nero. Begonia Tejera Figueira pone en palabras lo que tantas veces se calla: el miedo, la duda, la culpa, la herida invisible\u2026 pero tambi\u00e9n la fuerza, la dignidad, el coraje de seguir caminando cuando todo parec\u00eda perdido.  Escrito con honestidad desgarradora y una sensibilidad profunda, este libro no busca juzgar ni aleccionar. Solo tender una mano. Acompa\u00f1ar. Decir, con cada p\u00e1gina, yo estuve ah\u00ed\u2026 y sal\u00ed.  H\u00e1blame es para quienes a\u00fan no encuentran las palabras. Para quienes sospechan que el amor no deber\u00eda doler as\u00ed. Para quienes necesitan leer que no est\u00e1n solos. Porque a veces, leer una historia parecida a la tuya, puede ser el primer paso para hablarte a ti misma.","og_url":"https:\/\/letrame.com\/catalogo\/producto\/hablame\/","og_site_name":"Catalogo | Letrame Grupo Editorial","article_modified_time":"2025-07-31T14:18:01+00:00","og_image":[{"width":372,"height":537,"url":"https:\/\/letrame.com\/catalogo\/wp-content\/uploads\/2025\/07\/Hablame_10.48mm4.jpg","type":"image\/jpeg"}],"twitter_card":"summary_large_image","twitter_misc":{"Tiempo de lectura":"1 minuto"},"schema":{"@context":"https:\/\/schema.org","@graph":[{"@type":"WebPage","@id":"https:\/\/letrame.com\/catalogo\/producto\/hablame\/","url":"https:\/\/letrame.com\/catalogo\/producto\/hablame\/","name":"H\u00e1blame - Catalogo | Letrame Grupo Editorial","isPartOf":{"@id":"https:\/\/letrame.com\/catalogo\/#website"},"primaryImageOfPage":{"@id":"https:\/\/letrame.com\/catalogo\/producto\/hablame\/#primaryimage"},"image":{"@id":"https:\/\/letrame.com\/catalogo\/producto\/hablame\/#primaryimage"},"thumbnailUrl":"https:\/\/letrame.com\/catalogo\/wp-content\/uploads\/2025\/07\/Hablame_10.48mm4.jpg","datePublished":"2025-07-31T13:58:31+00:00","dateModified":"2025-07-31T14:18:01+00:00","breadcrumb":{"@id":"https:\/\/letrame.com\/catalogo\/producto\/hablame\/#breadcrumb"},"inLanguage":"es","potentialAction":[{"@type":"ReadAction","target":["https:\/\/letrame.com\/catalogo\/producto\/hablame\/"]}]},{"@type":"ImageObject","inLanguage":"es","@id":"https:\/\/letrame.com\/catalogo\/producto\/hablame\/#primaryimage","url":"https:\/\/letrame.com\/catalogo\/wp-content\/uploads\/2025\/07\/Hablame_10.48mm4.jpg","contentUrl":"https:\/\/letrame.com\/catalogo\/wp-content\/uploads\/2025\/07\/Hablame_10.48mm4.jpg","width":372,"height":537},{"@type":"BreadcrumbList","@id":"https:\/\/letrame.com\/catalogo\/producto\/hablame\/#breadcrumb","itemListElement":[{"@type":"ListItem","position":1,"name":"Portada","item":"https:\/\/letrame.com\/catalogo\/"},{"@type":"ListItem","position":2,"name":"Cat\u00e1logo","item":"https:\/\/letrame.com\/catalogo\/"},{"@type":"ListItem","position":3,"name":"H\u00e1blame"}]},{"@type":"WebSite","@id":"https:\/\/letrame.com\/catalogo\/#website","url":"https:\/\/letrame.com\/catalogo\/","name":"Catalogo | Letrame Grupo Editorial","description":"","publisher":{"@id":"https:\/\/letrame.com\/catalogo\/#organization"},"potentialAction":[{"@type":"SearchAction","target":{"@type":"EntryPoint","urlTemplate":"https:\/\/letrame.com\/catalogo\/?s={search_term_string}"},"query-input":{"@type":"PropertyValueSpecification","valueRequired":true,"valueName":"search_term_string"}}],"inLanguage":"es"},{"@type":"Organization","@id":"https:\/\/letrame.com\/catalogo\/#organization","name":"Catalogo | Letrame Grupo Editorial","url":"https:\/\/letrame.com\/catalogo\/","logo":{"@type":"ImageObject","inLanguage":"es","@id":"https:\/\/letrame.com\/catalogo\/#\/schema\/logo\/image\/","url":"https:\/\/letrame.com\/catalogo\/wp-content\/uploads\/2024\/03\/logo2.webp","contentUrl":"https:\/\/letrame.com\/catalogo\/wp-content\/uploads\/2024\/03\/logo2.webp","width":394,"height":128,"caption":"Catalogo | Letrame Grupo Editorial"},"image":{"@id":"https:\/\/letrame.com\/catalogo\/#\/schema\/logo\/image\/"}}]}},"_links":{"self":[{"href":"https:\/\/letrame.com\/catalogo\/wp-json\/wp\/v2\/product\/108678","targetHints":{"allow":["GET"]}}],"collection":[{"href":"https:\/\/letrame.com\/catalogo\/wp-json\/wp\/v2\/product"}],"about":[{"href":"https:\/\/letrame.com\/catalogo\/wp-json\/wp\/v2\/types\/product"}],"replies":[{"embeddable":true,"href":"https:\/\/letrame.com\/catalogo\/wp-json\/wp\/v2\/comments?post=108678"}],"acf:post":[{"embeddable":true,"href":"https:\/\/letrame.com\/catalogo\/wp-json\/wp\/v2\/author_book\/108680"}],"wp:featuredmedia":[{"embeddable":true,"href":"https:\/\/letrame.com\/catalogo\/wp-json\/wp\/v2\/media\/108684"}],"wp:attachment":[{"href":"https:\/\/letrame.com\/catalogo\/wp-json\/wp\/v2\/media?parent=108678"}],"wp:term":[{"taxonomy":"libro","embeddable":true,"href":"https:\/\/letrame.com\/catalogo\/wp-json\/wp\/v2\/libro?post=108678"},{"taxonomy":"product_brand","embeddable":true,"href":"https:\/\/letrame.com\/catalogo\/wp-json\/wp\/v2\/product_brand?post=108678"},{"taxonomy":"product_cat","embeddable":true,"href":"https:\/\/letrame.com\/catalogo\/wp-json\/wp\/v2\/product_cat?post=108678"},{"taxonomy":"product_tag","embeddable":true,"href":"https:\/\/letrame.com\/catalogo\/wp-json\/wp\/v2\/product_tag?post=108678"}],"curies":[{"name":"wp","href":"https:\/\/api.w.org\/{rel}","templated":true}]}}