{"id":108667,"date":"2025-07-30T14:08:18","date_gmt":"2025-07-30T12:08:18","guid":{"rendered":"https:\/\/letrame.com\/catalogo\/?post_type=product&#038;p=108667"},"modified":"2025-07-30T14:09:41","modified_gmt":"2025-07-30T12:09:41","slug":"a-la-vuelta-de-la-vida","status":"publish","type":"product","link":"https:\/\/letrame.com\/catalogo\/producto\/a-la-vuelta-de-la-vida\/","title":{"rendered":"A la vuelta de la vida"},"content":{"rendered":"<p class=\"p1\"><b>ISBN: <\/b>9791370120825<b><\/b><\/p>\n<p class=\"p1\"><b>T\u00edtulo: <\/b>A la vuelta de la vida<b><\/b><\/p>\n<p><strong>Fecha<\/strong>: 2025<b><\/b><\/p>\n<p><strong>P\u00e1ginas<\/strong>: 110<b><\/b><\/p>\n<p class=\"p1\"><b>SINOPSIS<\/b><\/p>\n<p>La vida est\u00e1 llena de giros inesperados y transformaciones. Ya sea por eventos hist\u00f3ricos, como una guerra o un conflicto, desplazamientos forzosos, o por desaf\u00edos personales o guerras internas, todos enfrentamos, de una u otra manera, momentos en los que el mundo que conocemos puede cambiar de forma irreversible. Aunque esta historia, basada en hechos reales, comienza en momentos vividos durante la Segunda Guerra Mundial en Italia y la experiencia de una familia siciliana, A la Vuelta de la Vida trasciende ese contexto. Habla de la experiencia humana de enfrentar lo inesperado: la p\u00e9rdida, los desaf\u00edos, los cambios, la migraci\u00f3n, los momentos de incertidumbre y, finalmente, la esperanza de un nuevo comienzo. Frank, el protagonista, nos ense\u00f1a que la vida no es solo una l\u00ednea recta, sino una serie de vueltas inesperadas que nos obligan a adaptarnos, a reflexionar sobre los errores, a perdonar y a sanar. Aunque el tiempo avanza y los escenarios cambian, las emociones humanas permanecen inalterables. La angustia del destierro, el miedo a lo desconocido, la lucha por sobrevivir y la esperanza de volver a empezar, son sentimientos atemporales que han acompa\u00f1ado a generaciones en tiempos de guerra o crisis. La historia de Frank podr\u00eda ser la de cualquier persona que ha tenido que dejar atr\u00e1s su hogar, cargar con las cicatrices del pasado y, aun as\u00ed, encontrar la fuerza para seguir adelante. \u00bfQu\u00e9 hacer con las heridas del pasado? \u00bfC\u00f3mo encontrar paz cuando todo parece ca\u00f3tico? Este libro invita a reflexionar sobre los propios desaf\u00edos de la vida y a considerar c\u00f3mo esos momentos han moldeado quienes somos hoy y a permitir evolucionar como seres humanos trascendentes y resilientes por naturaleza, reconociendo que el poder del amor de Dios, el perd\u00f3n y la fe son la fuerza que permite transformar nuestras vidas.<b><br \/>\n<\/b><\/p>\n","protected":false},"excerpt":{"rendered":"<p><b>ISBN: <\/b>9791370120825<b><\/b><\/p>\n<p><strong>SINOPSIS<\/strong><\/p>\n<p>La vida est\u00e1 llena de giros inesperados y transformaciones. Ya sea por eventos hist\u00f3ricos, como una guerra o un conflicto, desplazamientos forzosos, o por desaf\u00edos personales o guerras internas, todos enfrentamos, de una u otra manera, momentos en los que el mundo que conocemos puede cambiar de forma irreversible. Aunque esta historia, basada en hechos reales, comienza en momentos vividos durante la Segunda Guerra Mundial en Italia y la experiencia de una familia siciliana, A la Vuelta de la Vida trasciende ese contexto. Habla de la experiencia humana de enfrentar lo inesperado: la p\u00e9rdida, los desaf\u00edos, los cambios, la migraci\u00f3n, los momentos de incertidumbre y, finalmente, la esperanza de un nuevo comienzo. Frank, el protagonista, nos ense\u00f1a que la vida no es solo una l\u00ednea recta, sino una serie de vueltas inesperadas que nos obligan a adaptarnos, a reflexionar sobre los errores, a perdonar y a sanar. Aunque el tiempo avanza y los escenarios cambian, las emociones humanas permanecen inalterables. La angustia del destierro, el miedo a lo desconocido, la lucha por sobrevivir y la esperanza de volver a empezar, son sentimientos atemporales que han acompa\u00f1ado a generaciones en tiempos de guerra o crisis. La historia de Frank podr\u00eda ser la de cualquier persona que ha tenido que dejar atr\u00e1s su hogar, cargar con las cicatrices del pasado y, aun as\u00ed, encontrar la fuerza para seguir adelante. \u00bfQu\u00e9 hacer con las heridas del pasado? \u00bfC\u00f3mo encontrar paz cuando todo parece ca\u00f3tico? Este libro invita a reflexionar sobre los propios desaf\u00edos de la vida y a considerar c\u00f3mo esos momentos han moldeado quienes somos hoy y a permitir evolucionar como seres humanos trascendentes y resilientes por naturaleza, reconociendo que el poder del amor de Dios, el perd\u00f3n y la fe son la fuerza que permite transformar nuestras vidas.<\/p>\n","protected":false},"featured_media":108668,"comment_status":"open","ping_status":"closed","template":"","meta":{"_acf_changed":false},"libro":[],"product_brand":[],"product_cat":[102],"product_tag":[],"class_list":{"0":"post-108667","1":"product","2":"type-product","3":"status-publish","4":"has-post-thumbnail","6":"product_cat-biografia","8":"first","9":"instock","10":"shipping-taxable","11":"product-type-simple"},"acf":{"autor":[108669],"enlace_de_compra":"https:\/\/www.amazon.es\/dp\/B0F7DQTGK3"},"yoast_head":"<!-- This site is optimized with the Yoast SEO plugin v26.6 - https:\/\/yoast.com\/wordpress\/plugins\/seo\/ -->\n<title>A la vuelta de la vida - Catalogo | Letrame Grupo Editorial<\/title>\n<meta name=\"robots\" content=\"index, follow, max-snippet:-1, max-image-preview:large, max-video-preview:-1\" \/>\n<link rel=\"canonical\" href=\"https:\/\/letrame.com\/catalogo\/producto\/a-la-vuelta-de-la-vida\/\" \/>\n<meta property=\"og:locale\" content=\"es_ES\" \/>\n<meta property=\"og:type\" content=\"article\" \/>\n<meta property=\"og:title\" content=\"A la vuelta de la vida - Catalogo | Letrame Grupo Editorial\" \/>\n<meta property=\"og:description\" content=\"ISBN: 9791370120825  SINOPSIS  La vida est\u00e1 llena de giros inesperados y transformaciones. Ya sea por eventos hist\u00f3ricos, como una guerra o un conflicto, desplazamientos forzosos, o por desaf\u00edos personales o guerras internas, todos enfrentamos, de una u otra manera, momentos en los que el mundo que conocemos puede cambiar de forma irreversible. Aunque esta historia, basada en hechos reales, comienza en momentos vividos durante la Segunda Guerra Mundial en Italia y la experiencia de una familia siciliana, A la Vuelta de la Vida trasciende ese contexto. Habla de la experiencia humana de enfrentar lo inesperado: la p\u00e9rdida, los desaf\u00edos, los cambios, la migraci\u00f3n, los momentos de incertidumbre y, finalmente, la esperanza de un nuevo comienzo. Frank, el protagonista, nos ense\u00f1a que la vida no es solo una l\u00ednea recta, sino una serie de vueltas inesperadas que nos obligan a adaptarnos, a reflexionar sobre los errores, a perdonar y a sanar. Aunque el tiempo avanza y los escenarios cambian, las emociones humanas permanecen inalterables. La angustia del destierro, el miedo a lo desconocido, la lucha por sobrevivir y la esperanza de volver a empezar, son sentimientos atemporales que han acompa\u00f1ado a generaciones en tiempos de guerra o crisis. La historia de Frank podr\u00eda ser la de cualquier persona que ha tenido que dejar atr\u00e1s su hogar, cargar con las cicatrices del pasado y, aun as\u00ed, encontrar la fuerza para seguir adelante. \u00bfQu\u00e9 hacer con las heridas del pasado? \u00bfC\u00f3mo encontrar paz cuando todo parece ca\u00f3tico? Este libro invita a reflexionar sobre los propios desaf\u00edos de la vida y a considerar c\u00f3mo esos momentos han moldeado quienes somos hoy y a permitir evolucionar como seres humanos trascendentes y resilientes por naturaleza, reconociendo que el poder del amor de Dios, el perd\u00f3n y la fe son la fuerza que permite transformar nuestras vidas.\" \/>\n<meta property=\"og:url\" content=\"https:\/\/letrame.com\/catalogo\/producto\/a-la-vuelta-de-la-vida\/\" \/>\n<meta property=\"og:site_name\" content=\"Catalogo | Letrame Grupo Editorial\" \/>\n<meta property=\"article:modified_time\" content=\"2025-07-30T12:09:41+00:00\" \/>\n<meta property=\"og:image\" content=\"https:\/\/letrame.com\/catalogo\/wp-content\/uploads\/2025\/07\/A-la-vuelta-de-la-vida.jpg\" \/>\n\t<meta property=\"og:image:width\" content=\"372\" \/>\n\t<meta property=\"og:image:height\" content=\"521\" \/>\n\t<meta property=\"og:image:type\" content=\"image\/jpeg\" \/>\n<meta name=\"twitter:card\" content=\"summary_large_image\" \/>\n<meta name=\"twitter:label1\" content=\"Tiempo de lectura\" \/>\n\t<meta name=\"twitter:data1\" content=\"2 minutos\" \/>\n<script type=\"application\/ld+json\" class=\"yoast-schema-graph\">{\"@context\":\"https:\/\/schema.org\",\"@graph\":[{\"@type\":\"WebPage\",\"@id\":\"https:\/\/letrame.com\/catalogo\/producto\/a-la-vuelta-de-la-vida\/\",\"url\":\"https:\/\/letrame.com\/catalogo\/producto\/a-la-vuelta-de-la-vida\/\",\"name\":\"A la vuelta de la vida - Catalogo | Letrame Grupo Editorial\",\"isPartOf\":{\"@id\":\"https:\/\/letrame.com\/catalogo\/#website\"},\"primaryImageOfPage\":{\"@id\":\"https:\/\/letrame.com\/catalogo\/producto\/a-la-vuelta-de-la-vida\/#primaryimage\"},\"image\":{\"@id\":\"https:\/\/letrame.com\/catalogo\/producto\/a-la-vuelta-de-la-vida\/#primaryimage\"},\"thumbnailUrl\":\"https:\/\/letrame.com\/catalogo\/wp-content\/uploads\/2025\/07\/A-la-vuelta-de-la-vida.jpg\",\"datePublished\":\"2025-07-30T12:08:18+00:00\",\"dateModified\":\"2025-07-30T12:09:41+00:00\",\"breadcrumb\":{\"@id\":\"https:\/\/letrame.com\/catalogo\/producto\/a-la-vuelta-de-la-vida\/#breadcrumb\"},\"inLanguage\":\"es\",\"potentialAction\":[{\"@type\":\"ReadAction\",\"target\":[\"https:\/\/letrame.com\/catalogo\/producto\/a-la-vuelta-de-la-vida\/\"]}]},{\"@type\":\"ImageObject\",\"inLanguage\":\"es\",\"@id\":\"https:\/\/letrame.com\/catalogo\/producto\/a-la-vuelta-de-la-vida\/#primaryimage\",\"url\":\"https:\/\/letrame.com\/catalogo\/wp-content\/uploads\/2025\/07\/A-la-vuelta-de-la-vida.jpg\",\"contentUrl\":\"https:\/\/letrame.com\/catalogo\/wp-content\/uploads\/2025\/07\/A-la-vuelta-de-la-vida.jpg\",\"width\":372,\"height\":521},{\"@type\":\"BreadcrumbList\",\"@id\":\"https:\/\/letrame.com\/catalogo\/producto\/a-la-vuelta-de-la-vida\/#breadcrumb\",\"itemListElement\":[{\"@type\":\"ListItem\",\"position\":1,\"name\":\"Portada\",\"item\":\"https:\/\/letrame.com\/catalogo\/\"},{\"@type\":\"ListItem\",\"position\":2,\"name\":\"Cat\u00e1logo\",\"item\":\"https:\/\/letrame.com\/catalogo\/\"},{\"@type\":\"ListItem\",\"position\":3,\"name\":\"A la vuelta de la vida\"}]},{\"@type\":\"WebSite\",\"@id\":\"https:\/\/letrame.com\/catalogo\/#website\",\"url\":\"https:\/\/letrame.com\/catalogo\/\",\"name\":\"Catalogo | Letrame Grupo Editorial\",\"description\":\"\",\"publisher\":{\"@id\":\"https:\/\/letrame.com\/catalogo\/#organization\"},\"potentialAction\":[{\"@type\":\"SearchAction\",\"target\":{\"@type\":\"EntryPoint\",\"urlTemplate\":\"https:\/\/letrame.com\/catalogo\/?s={search_term_string}\"},\"query-input\":{\"@type\":\"PropertyValueSpecification\",\"valueRequired\":true,\"valueName\":\"search_term_string\"}}],\"inLanguage\":\"es\"},{\"@type\":\"Organization\",\"@id\":\"https:\/\/letrame.com\/catalogo\/#organization\",\"name\":\"Catalogo | Letrame Grupo Editorial\",\"url\":\"https:\/\/letrame.com\/catalogo\/\",\"logo\":{\"@type\":\"ImageObject\",\"inLanguage\":\"es\",\"@id\":\"https:\/\/letrame.com\/catalogo\/#\/schema\/logo\/image\/\",\"url\":\"https:\/\/letrame.com\/catalogo\/wp-content\/uploads\/2024\/03\/logo2.webp\",\"contentUrl\":\"https:\/\/letrame.com\/catalogo\/wp-content\/uploads\/2024\/03\/logo2.webp\",\"width\":394,\"height\":128,\"caption\":\"Catalogo | Letrame Grupo Editorial\"},\"image\":{\"@id\":\"https:\/\/letrame.com\/catalogo\/#\/schema\/logo\/image\/\"}}]}<\/script>\n<!-- \/ Yoast SEO plugin. -->","yoast_head_json":{"title":"A la vuelta de la vida - Catalogo | Letrame Grupo Editorial","robots":{"index":"index","follow":"follow","max-snippet":"max-snippet:-1","max-image-preview":"max-image-preview:large","max-video-preview":"max-video-preview:-1"},"canonical":"https:\/\/letrame.com\/catalogo\/producto\/a-la-vuelta-de-la-vida\/","og_locale":"es_ES","og_type":"article","og_title":"A la vuelta de la vida - Catalogo | Letrame Grupo Editorial","og_description":"ISBN: 9791370120825  SINOPSIS  La vida est\u00e1 llena de giros inesperados y transformaciones. Ya sea por eventos hist\u00f3ricos, como una guerra o un conflicto, desplazamientos forzosos, o por desaf\u00edos personales o guerras internas, todos enfrentamos, de una u otra manera, momentos en los que el mundo que conocemos puede cambiar de forma irreversible. Aunque esta historia, basada en hechos reales, comienza en momentos vividos durante la Segunda Guerra Mundial en Italia y la experiencia de una familia siciliana, A la Vuelta de la Vida trasciende ese contexto. Habla de la experiencia humana de enfrentar lo inesperado: la p\u00e9rdida, los desaf\u00edos, los cambios, la migraci\u00f3n, los momentos de incertidumbre y, finalmente, la esperanza de un nuevo comienzo. Frank, el protagonista, nos ense\u00f1a que la vida no es solo una l\u00ednea recta, sino una serie de vueltas inesperadas que nos obligan a adaptarnos, a reflexionar sobre los errores, a perdonar y a sanar. Aunque el tiempo avanza y los escenarios cambian, las emociones humanas permanecen inalterables. La angustia del destierro, el miedo a lo desconocido, la lucha por sobrevivir y la esperanza de volver a empezar, son sentimientos atemporales que han acompa\u00f1ado a generaciones en tiempos de guerra o crisis. La historia de Frank podr\u00eda ser la de cualquier persona que ha tenido que dejar atr\u00e1s su hogar, cargar con las cicatrices del pasado y, aun as\u00ed, encontrar la fuerza para seguir adelante. \u00bfQu\u00e9 hacer con las heridas del pasado? \u00bfC\u00f3mo encontrar paz cuando todo parece ca\u00f3tico? Este libro invita a reflexionar sobre los propios desaf\u00edos de la vida y a considerar c\u00f3mo esos momentos han moldeado quienes somos hoy y a permitir evolucionar como seres humanos trascendentes y resilientes por naturaleza, reconociendo que el poder del amor de Dios, el perd\u00f3n y la fe son la fuerza que permite transformar nuestras vidas.","og_url":"https:\/\/letrame.com\/catalogo\/producto\/a-la-vuelta-de-la-vida\/","og_site_name":"Catalogo | Letrame Grupo Editorial","article_modified_time":"2025-07-30T12:09:41+00:00","og_image":[{"width":372,"height":521,"url":"https:\/\/letrame.com\/catalogo\/wp-content\/uploads\/2025\/07\/A-la-vuelta-de-la-vida.jpg","type":"image\/jpeg"}],"twitter_card":"summary_large_image","twitter_misc":{"Tiempo de lectura":"2 minutos"},"schema":{"@context":"https:\/\/schema.org","@graph":[{"@type":"WebPage","@id":"https:\/\/letrame.com\/catalogo\/producto\/a-la-vuelta-de-la-vida\/","url":"https:\/\/letrame.com\/catalogo\/producto\/a-la-vuelta-de-la-vida\/","name":"A la vuelta de la vida - Catalogo | Letrame Grupo Editorial","isPartOf":{"@id":"https:\/\/letrame.com\/catalogo\/#website"},"primaryImageOfPage":{"@id":"https:\/\/letrame.com\/catalogo\/producto\/a-la-vuelta-de-la-vida\/#primaryimage"},"image":{"@id":"https:\/\/letrame.com\/catalogo\/producto\/a-la-vuelta-de-la-vida\/#primaryimage"},"thumbnailUrl":"https:\/\/letrame.com\/catalogo\/wp-content\/uploads\/2025\/07\/A-la-vuelta-de-la-vida.jpg","datePublished":"2025-07-30T12:08:18+00:00","dateModified":"2025-07-30T12:09:41+00:00","breadcrumb":{"@id":"https:\/\/letrame.com\/catalogo\/producto\/a-la-vuelta-de-la-vida\/#breadcrumb"},"inLanguage":"es","potentialAction":[{"@type":"ReadAction","target":["https:\/\/letrame.com\/catalogo\/producto\/a-la-vuelta-de-la-vida\/"]}]},{"@type":"ImageObject","inLanguage":"es","@id":"https:\/\/letrame.com\/catalogo\/producto\/a-la-vuelta-de-la-vida\/#primaryimage","url":"https:\/\/letrame.com\/catalogo\/wp-content\/uploads\/2025\/07\/A-la-vuelta-de-la-vida.jpg","contentUrl":"https:\/\/letrame.com\/catalogo\/wp-content\/uploads\/2025\/07\/A-la-vuelta-de-la-vida.jpg","width":372,"height":521},{"@type":"BreadcrumbList","@id":"https:\/\/letrame.com\/catalogo\/producto\/a-la-vuelta-de-la-vida\/#breadcrumb","itemListElement":[{"@type":"ListItem","position":1,"name":"Portada","item":"https:\/\/letrame.com\/catalogo\/"},{"@type":"ListItem","position":2,"name":"Cat\u00e1logo","item":"https:\/\/letrame.com\/catalogo\/"},{"@type":"ListItem","position":3,"name":"A la vuelta de la vida"}]},{"@type":"WebSite","@id":"https:\/\/letrame.com\/catalogo\/#website","url":"https:\/\/letrame.com\/catalogo\/","name":"Catalogo | Letrame Grupo Editorial","description":"","publisher":{"@id":"https:\/\/letrame.com\/catalogo\/#organization"},"potentialAction":[{"@type":"SearchAction","target":{"@type":"EntryPoint","urlTemplate":"https:\/\/letrame.com\/catalogo\/?s={search_term_string}"},"query-input":{"@type":"PropertyValueSpecification","valueRequired":true,"valueName":"search_term_string"}}],"inLanguage":"es"},{"@type":"Organization","@id":"https:\/\/letrame.com\/catalogo\/#organization","name":"Catalogo | Letrame Grupo Editorial","url":"https:\/\/letrame.com\/catalogo\/","logo":{"@type":"ImageObject","inLanguage":"es","@id":"https:\/\/letrame.com\/catalogo\/#\/schema\/logo\/image\/","url":"https:\/\/letrame.com\/catalogo\/wp-content\/uploads\/2024\/03\/logo2.webp","contentUrl":"https:\/\/letrame.com\/catalogo\/wp-content\/uploads\/2024\/03\/logo2.webp","width":394,"height":128,"caption":"Catalogo | Letrame Grupo Editorial"},"image":{"@id":"https:\/\/letrame.com\/catalogo\/#\/schema\/logo\/image\/"}}]}},"_links":{"self":[{"href":"https:\/\/letrame.com\/catalogo\/wp-json\/wp\/v2\/product\/108667","targetHints":{"allow":["GET"]}}],"collection":[{"href":"https:\/\/letrame.com\/catalogo\/wp-json\/wp\/v2\/product"}],"about":[{"href":"https:\/\/letrame.com\/catalogo\/wp-json\/wp\/v2\/types\/product"}],"replies":[{"embeddable":true,"href":"https:\/\/letrame.com\/catalogo\/wp-json\/wp\/v2\/comments?post=108667"}],"acf:post":[{"embeddable":true,"href":"https:\/\/letrame.com\/catalogo\/wp-json\/wp\/v2\/author_book\/108669"}],"wp:featuredmedia":[{"embeddable":true,"href":"https:\/\/letrame.com\/catalogo\/wp-json\/wp\/v2\/media\/108668"}],"wp:attachment":[{"href":"https:\/\/letrame.com\/catalogo\/wp-json\/wp\/v2\/media?parent=108667"}],"wp:term":[{"taxonomy":"libro","embeddable":true,"href":"https:\/\/letrame.com\/catalogo\/wp-json\/wp\/v2\/libro?post=108667"},{"taxonomy":"product_brand","embeddable":true,"href":"https:\/\/letrame.com\/catalogo\/wp-json\/wp\/v2\/product_brand?post=108667"},{"taxonomy":"product_cat","embeddable":true,"href":"https:\/\/letrame.com\/catalogo\/wp-json\/wp\/v2\/product_cat?post=108667"},{"taxonomy":"product_tag","embeddable":true,"href":"https:\/\/letrame.com\/catalogo\/wp-json\/wp\/v2\/product_tag?post=108667"}],"curies":[{"name":"wp","href":"https:\/\/api.w.org\/{rel}","templated":true}]}}