{"id":108633,"date":"2025-07-14T14:34:57","date_gmt":"2025-07-14T12:34:57","guid":{"rendered":"https:\/\/letrame.com\/catalogo\/?post_type=product&#038;p=108633"},"modified":"2025-07-14T14:37:31","modified_gmt":"2025-07-14T12:37:31","slug":"amenaza-o-riesgo-que-gestionar-en-cualquier-modelo-de-negocio","status":"publish","type":"product","link":"https:\/\/letrame.com\/catalogo\/producto\/amenaza-o-riesgo-que-gestionar-en-cualquier-modelo-de-negocio\/","title":{"rendered":"Amenaza o riesgo que gestionar en cualquier modelo de negocio"},"content":{"rendered":"<p class=\"p1\"><b>ISBN: <\/b>9791370121679<b><\/b><\/p>\n<p class=\"p1\"><b>T\u00edtulo: <\/b>Amenaza o riesgo que gestionar en cualquier modelo de negocio<br \/>\n<b><br \/>\nFecha: <\/b>2025<b><\/b><\/p>\n<p><strong>P\u00e1ginas<\/strong>: 188<b><\/b><\/p>\n<p class=\"p1\"><b>SINOPSIS<br \/>\n<\/b><\/p>\n<p>En un mundo donde los riesgos y amenazas acechan constantemente a las empresas, este libro ofrece un enfoque innovador para la gesti\u00f3n de la seguridad. A trav\u00e9s de casos reales, John Alejandro Rodr\u00edguez Quintero presenta el Programa de Seguridad Responsable (RSP), un modelo estrat\u00e9gico que combina informaci\u00f3n procesable y percepci\u00f3n de seguridad para blindar negocios frente a la delincuencia y las vulnerabilidades operativas.<br \/>\nM\u00e1s all\u00e1 de los modelos tradicionales de gesti\u00f3n de riesgos, esta metodolog\u00eda permite anticiparse a las amenazas y transformar la seguridad en un factor clave de estabilidad y crecimiento empresarial.<br \/>\nEsta obra es una gu\u00eda esencial para empresarios y l\u00edderes que buscan fortalecer la continuidad y competitividad de sus organizaciones en un entorno cada vez m\u00e1s incierto.<br \/>\n\u00bfEstamos preparados para gestionar los riesgos o solo reaccionamos ante las amenazas? Desc\u00fabrelo en este libro que transformar\u00e1 tu visi\u00f3n de la seguridad empresarial.<\/p>\n","protected":false},"excerpt":{"rendered":"<p><b>ISBN: <\/b>9791370121679<\/p>\n<p class=\"p1\"><b>SINOPSIS<br \/>\n<\/b><\/p>\n<p>En un mundo donde los riesgos y amenazas acechan constantemente a las empresas, este libro ofrece un enfoque innovador para la gesti\u00f3n de la seguridad. A trav\u00e9s de casos reales, John Alejandro Rodr\u00edguez Quintero presenta el Programa de Seguridad Responsable (RSP), un modelo estrat\u00e9gico que combina informaci\u00f3n procesable y percepci\u00f3n de seguridad para blindar negocios frente a la delincuencia y las vulnerabilidades operativas.<\/p>\n","protected":false},"featured_media":108634,"comment_status":"open","ping_status":"closed","template":"","meta":{"_acf_changed":false},"libro":[],"product_brand":[],"product_cat":[42],"product_tag":[],"class_list":{"0":"post-108633","1":"product","2":"type-product","3":"status-publish","4":"has-post-thumbnail","6":"product_cat-administracion-y-negocios","8":"first","9":"instock","10":"shipping-taxable","11":"product-type-simple"},"acf":{"autor":[108635],"enlace_de_compra":"https:\/\/www.amazon.es\/dp\/B0F8PWLGYD"},"yoast_head":"<!-- This site is optimized with the Yoast SEO plugin v26.6 - https:\/\/yoast.com\/wordpress\/plugins\/seo\/ -->\n<title>Amenaza o riesgo que gestionar en cualquier modelo de negocio - Catalogo | Letrame Grupo Editorial<\/title>\n<meta name=\"robots\" content=\"index, follow, max-snippet:-1, max-image-preview:large, max-video-preview:-1\" \/>\n<link rel=\"canonical\" href=\"https:\/\/letrame.com\/catalogo\/producto\/amenaza-o-riesgo-que-gestionar-en-cualquier-modelo-de-negocio\/\" \/>\n<meta property=\"og:locale\" content=\"es_ES\" \/>\n<meta property=\"og:type\" content=\"article\" \/>\n<meta property=\"og:title\" content=\"Amenaza o riesgo que gestionar en cualquier modelo de negocio - Catalogo | Letrame Grupo Editorial\" \/>\n<meta property=\"og:description\" content=\"ISBN: 9791370121679 SINOPSIS  En un mundo donde los riesgos y amenazas acechan constantemente a las empresas, este libro ofrece un enfoque innovador para la gesti\u00f3n de la seguridad. A trav\u00e9s de casos reales, John Alejandro Rodr\u00edguez Quintero presenta el Programa de Seguridad Responsable (RSP), un modelo estrat\u00e9gico que combina informaci\u00f3n procesable y percepci\u00f3n de seguridad para blindar negocios frente a la delincuencia y las vulnerabilidades operativas.\" \/>\n<meta property=\"og:url\" content=\"https:\/\/letrame.com\/catalogo\/producto\/amenaza-o-riesgo-que-gestionar-en-cualquier-modelo-de-negocio\/\" \/>\n<meta property=\"og:site_name\" content=\"Catalogo | Letrame Grupo Editorial\" \/>\n<meta property=\"article:modified_time\" content=\"2025-07-14T12:37:31+00:00\" \/>\n<meta property=\"og:image\" content=\"https:\/\/letrame.com\/catalogo\/wp-content\/uploads\/2025\/07\/Amenaza-o-riesgo.jpg\" \/>\n\t<meta property=\"og:image:width\" content=\"335\" \/>\n\t<meta property=\"og:image:height\" content=\"472\" \/>\n\t<meta property=\"og:image:type\" content=\"image\/jpeg\" \/>\n<meta name=\"twitter:card\" content=\"summary_large_image\" \/>\n<meta name=\"twitter:label1\" content=\"Tiempo de lectura\" \/>\n\t<meta name=\"twitter:data1\" content=\"1 minuto\" \/>\n<script type=\"application\/ld+json\" class=\"yoast-schema-graph\">{\"@context\":\"https:\/\/schema.org\",\"@graph\":[{\"@type\":\"WebPage\",\"@id\":\"https:\/\/letrame.com\/catalogo\/producto\/amenaza-o-riesgo-que-gestionar-en-cualquier-modelo-de-negocio\/\",\"url\":\"https:\/\/letrame.com\/catalogo\/producto\/amenaza-o-riesgo-que-gestionar-en-cualquier-modelo-de-negocio\/\",\"name\":\"Amenaza o riesgo que gestionar en cualquier modelo de negocio - Catalogo | Letrame Grupo Editorial\",\"isPartOf\":{\"@id\":\"https:\/\/letrame.com\/catalogo\/#website\"},\"primaryImageOfPage\":{\"@id\":\"https:\/\/letrame.com\/catalogo\/producto\/amenaza-o-riesgo-que-gestionar-en-cualquier-modelo-de-negocio\/#primaryimage\"},\"image\":{\"@id\":\"https:\/\/letrame.com\/catalogo\/producto\/amenaza-o-riesgo-que-gestionar-en-cualquier-modelo-de-negocio\/#primaryimage\"},\"thumbnailUrl\":\"https:\/\/letrame.com\/catalogo\/wp-content\/uploads\/2025\/07\/Amenaza-o-riesgo.jpg\",\"datePublished\":\"2025-07-14T12:34:57+00:00\",\"dateModified\":\"2025-07-14T12:37:31+00:00\",\"breadcrumb\":{\"@id\":\"https:\/\/letrame.com\/catalogo\/producto\/amenaza-o-riesgo-que-gestionar-en-cualquier-modelo-de-negocio\/#breadcrumb\"},\"inLanguage\":\"es\",\"potentialAction\":[{\"@type\":\"ReadAction\",\"target\":[\"https:\/\/letrame.com\/catalogo\/producto\/amenaza-o-riesgo-que-gestionar-en-cualquier-modelo-de-negocio\/\"]}]},{\"@type\":\"ImageObject\",\"inLanguage\":\"es\",\"@id\":\"https:\/\/letrame.com\/catalogo\/producto\/amenaza-o-riesgo-que-gestionar-en-cualquier-modelo-de-negocio\/#primaryimage\",\"url\":\"https:\/\/letrame.com\/catalogo\/wp-content\/uploads\/2025\/07\/Amenaza-o-riesgo.jpg\",\"contentUrl\":\"https:\/\/letrame.com\/catalogo\/wp-content\/uploads\/2025\/07\/Amenaza-o-riesgo.jpg\",\"width\":335,\"height\":472},{\"@type\":\"BreadcrumbList\",\"@id\":\"https:\/\/letrame.com\/catalogo\/producto\/amenaza-o-riesgo-que-gestionar-en-cualquier-modelo-de-negocio\/#breadcrumb\",\"itemListElement\":[{\"@type\":\"ListItem\",\"position\":1,\"name\":\"Portada\",\"item\":\"https:\/\/letrame.com\/catalogo\/\"},{\"@type\":\"ListItem\",\"position\":2,\"name\":\"Cat\u00e1logo\",\"item\":\"https:\/\/letrame.com\/catalogo\/\"},{\"@type\":\"ListItem\",\"position\":3,\"name\":\"Amenaza o riesgo que gestionar en cualquier modelo de negocio\"}]},{\"@type\":\"WebSite\",\"@id\":\"https:\/\/letrame.com\/catalogo\/#website\",\"url\":\"https:\/\/letrame.com\/catalogo\/\",\"name\":\"Catalogo | Letrame Grupo Editorial\",\"description\":\"\",\"publisher\":{\"@id\":\"https:\/\/letrame.com\/catalogo\/#organization\"},\"potentialAction\":[{\"@type\":\"SearchAction\",\"target\":{\"@type\":\"EntryPoint\",\"urlTemplate\":\"https:\/\/letrame.com\/catalogo\/?s={search_term_string}\"},\"query-input\":{\"@type\":\"PropertyValueSpecification\",\"valueRequired\":true,\"valueName\":\"search_term_string\"}}],\"inLanguage\":\"es\"},{\"@type\":\"Organization\",\"@id\":\"https:\/\/letrame.com\/catalogo\/#organization\",\"name\":\"Catalogo | Letrame Grupo Editorial\",\"url\":\"https:\/\/letrame.com\/catalogo\/\",\"logo\":{\"@type\":\"ImageObject\",\"inLanguage\":\"es\",\"@id\":\"https:\/\/letrame.com\/catalogo\/#\/schema\/logo\/image\/\",\"url\":\"https:\/\/letrame.com\/catalogo\/wp-content\/uploads\/2024\/03\/logo2.webp\",\"contentUrl\":\"https:\/\/letrame.com\/catalogo\/wp-content\/uploads\/2024\/03\/logo2.webp\",\"width\":394,\"height\":128,\"caption\":\"Catalogo | Letrame Grupo Editorial\"},\"image\":{\"@id\":\"https:\/\/letrame.com\/catalogo\/#\/schema\/logo\/image\/\"}}]}<\/script>\n<!-- \/ Yoast SEO plugin. -->","yoast_head_json":{"title":"Amenaza o riesgo que gestionar en cualquier modelo de negocio - Catalogo | Letrame Grupo Editorial","robots":{"index":"index","follow":"follow","max-snippet":"max-snippet:-1","max-image-preview":"max-image-preview:large","max-video-preview":"max-video-preview:-1"},"canonical":"https:\/\/letrame.com\/catalogo\/producto\/amenaza-o-riesgo-que-gestionar-en-cualquier-modelo-de-negocio\/","og_locale":"es_ES","og_type":"article","og_title":"Amenaza o riesgo que gestionar en cualquier modelo de negocio - Catalogo | Letrame Grupo Editorial","og_description":"ISBN: 9791370121679 SINOPSIS  En un mundo donde los riesgos y amenazas acechan constantemente a las empresas, este libro ofrece un enfoque innovador para la gesti\u00f3n de la seguridad. A trav\u00e9s de casos reales, John Alejandro Rodr\u00edguez Quintero presenta el Programa de Seguridad Responsable (RSP), un modelo estrat\u00e9gico que combina informaci\u00f3n procesable y percepci\u00f3n de seguridad para blindar negocios frente a la delincuencia y las vulnerabilidades operativas.","og_url":"https:\/\/letrame.com\/catalogo\/producto\/amenaza-o-riesgo-que-gestionar-en-cualquier-modelo-de-negocio\/","og_site_name":"Catalogo | Letrame Grupo Editorial","article_modified_time":"2025-07-14T12:37:31+00:00","og_image":[{"width":335,"height":472,"url":"https:\/\/letrame.com\/catalogo\/wp-content\/uploads\/2025\/07\/Amenaza-o-riesgo.jpg","type":"image\/jpeg"}],"twitter_card":"summary_large_image","twitter_misc":{"Tiempo de lectura":"1 minuto"},"schema":{"@context":"https:\/\/schema.org","@graph":[{"@type":"WebPage","@id":"https:\/\/letrame.com\/catalogo\/producto\/amenaza-o-riesgo-que-gestionar-en-cualquier-modelo-de-negocio\/","url":"https:\/\/letrame.com\/catalogo\/producto\/amenaza-o-riesgo-que-gestionar-en-cualquier-modelo-de-negocio\/","name":"Amenaza o riesgo que gestionar en cualquier modelo de negocio - Catalogo | Letrame Grupo Editorial","isPartOf":{"@id":"https:\/\/letrame.com\/catalogo\/#website"},"primaryImageOfPage":{"@id":"https:\/\/letrame.com\/catalogo\/producto\/amenaza-o-riesgo-que-gestionar-en-cualquier-modelo-de-negocio\/#primaryimage"},"image":{"@id":"https:\/\/letrame.com\/catalogo\/producto\/amenaza-o-riesgo-que-gestionar-en-cualquier-modelo-de-negocio\/#primaryimage"},"thumbnailUrl":"https:\/\/letrame.com\/catalogo\/wp-content\/uploads\/2025\/07\/Amenaza-o-riesgo.jpg","datePublished":"2025-07-14T12:34:57+00:00","dateModified":"2025-07-14T12:37:31+00:00","breadcrumb":{"@id":"https:\/\/letrame.com\/catalogo\/producto\/amenaza-o-riesgo-que-gestionar-en-cualquier-modelo-de-negocio\/#breadcrumb"},"inLanguage":"es","potentialAction":[{"@type":"ReadAction","target":["https:\/\/letrame.com\/catalogo\/producto\/amenaza-o-riesgo-que-gestionar-en-cualquier-modelo-de-negocio\/"]}]},{"@type":"ImageObject","inLanguage":"es","@id":"https:\/\/letrame.com\/catalogo\/producto\/amenaza-o-riesgo-que-gestionar-en-cualquier-modelo-de-negocio\/#primaryimage","url":"https:\/\/letrame.com\/catalogo\/wp-content\/uploads\/2025\/07\/Amenaza-o-riesgo.jpg","contentUrl":"https:\/\/letrame.com\/catalogo\/wp-content\/uploads\/2025\/07\/Amenaza-o-riesgo.jpg","width":335,"height":472},{"@type":"BreadcrumbList","@id":"https:\/\/letrame.com\/catalogo\/producto\/amenaza-o-riesgo-que-gestionar-en-cualquier-modelo-de-negocio\/#breadcrumb","itemListElement":[{"@type":"ListItem","position":1,"name":"Portada","item":"https:\/\/letrame.com\/catalogo\/"},{"@type":"ListItem","position":2,"name":"Cat\u00e1logo","item":"https:\/\/letrame.com\/catalogo\/"},{"@type":"ListItem","position":3,"name":"Amenaza o riesgo que gestionar en cualquier modelo de negocio"}]},{"@type":"WebSite","@id":"https:\/\/letrame.com\/catalogo\/#website","url":"https:\/\/letrame.com\/catalogo\/","name":"Catalogo | Letrame Grupo Editorial","description":"","publisher":{"@id":"https:\/\/letrame.com\/catalogo\/#organization"},"potentialAction":[{"@type":"SearchAction","target":{"@type":"EntryPoint","urlTemplate":"https:\/\/letrame.com\/catalogo\/?s={search_term_string}"},"query-input":{"@type":"PropertyValueSpecification","valueRequired":true,"valueName":"search_term_string"}}],"inLanguage":"es"},{"@type":"Organization","@id":"https:\/\/letrame.com\/catalogo\/#organization","name":"Catalogo | Letrame Grupo Editorial","url":"https:\/\/letrame.com\/catalogo\/","logo":{"@type":"ImageObject","inLanguage":"es","@id":"https:\/\/letrame.com\/catalogo\/#\/schema\/logo\/image\/","url":"https:\/\/letrame.com\/catalogo\/wp-content\/uploads\/2024\/03\/logo2.webp","contentUrl":"https:\/\/letrame.com\/catalogo\/wp-content\/uploads\/2024\/03\/logo2.webp","width":394,"height":128,"caption":"Catalogo | Letrame Grupo Editorial"},"image":{"@id":"https:\/\/letrame.com\/catalogo\/#\/schema\/logo\/image\/"}}]}},"_links":{"self":[{"href":"https:\/\/letrame.com\/catalogo\/wp-json\/wp\/v2\/product\/108633","targetHints":{"allow":["GET"]}}],"collection":[{"href":"https:\/\/letrame.com\/catalogo\/wp-json\/wp\/v2\/product"}],"about":[{"href":"https:\/\/letrame.com\/catalogo\/wp-json\/wp\/v2\/types\/product"}],"replies":[{"embeddable":true,"href":"https:\/\/letrame.com\/catalogo\/wp-json\/wp\/v2\/comments?post=108633"}],"acf:post":[{"embeddable":true,"href":"https:\/\/letrame.com\/catalogo\/wp-json\/wp\/v2\/author_book\/108635"}],"wp:featuredmedia":[{"embeddable":true,"href":"https:\/\/letrame.com\/catalogo\/wp-json\/wp\/v2\/media\/108634"}],"wp:attachment":[{"href":"https:\/\/letrame.com\/catalogo\/wp-json\/wp\/v2\/media?parent=108633"}],"wp:term":[{"taxonomy":"libro","embeddable":true,"href":"https:\/\/letrame.com\/catalogo\/wp-json\/wp\/v2\/libro?post=108633"},{"taxonomy":"product_brand","embeddable":true,"href":"https:\/\/letrame.com\/catalogo\/wp-json\/wp\/v2\/product_brand?post=108633"},{"taxonomy":"product_cat","embeddable":true,"href":"https:\/\/letrame.com\/catalogo\/wp-json\/wp\/v2\/product_cat?post=108633"},{"taxonomy":"product_tag","embeddable":true,"href":"https:\/\/letrame.com\/catalogo\/wp-json\/wp\/v2\/product_tag?post=108633"}],"curies":[{"name":"wp","href":"https:\/\/api.w.org\/{rel}","templated":true}]}}