{"id":108594,"date":"2025-06-20T13:14:45","date_gmt":"2025-06-20T11:14:45","guid":{"rendered":"https:\/\/letrame.com\/catalogo\/?post_type=product&#038;p=108594"},"modified":"2025-06-20T13:16:24","modified_gmt":"2025-06-20T11:16:24","slug":"el-capo-de-calabria","status":"publish","type":"product","link":"https:\/\/letrame.com\/catalogo\/producto\/el-capo-de-calabria\/","title":{"rendered":"El capo de Calabria"},"content":{"rendered":"<p class=\"p2\"><b>ISBN: <\/b>9791370122935<b><\/b><\/p>\n<p class=\"p2\"><b>T\u00edtulo: <\/b>El capo de Calabria<b><\/b><\/p>\n<p>Fecha: 2025<b><\/b><\/p>\n<p>P\u00e1ginas: 112<b><\/b><\/p>\n<p class=\"p2\"><b>SINOPSIS<\/b><\/p>\n<p>Esta es la historia de un hijo marcado por su padre, de un amor imposible, de una traici\u00f3n&#8230;de las entra\u00f1as de la mafia.<br \/>\n\u00abQuiero contaros desde el principio mi historia. No lo hago para tu agrado \u2014eso debes saberlo\u2014, sino para que entend\u00e1is el porqu\u00e9&#8230;<br \/>\nPor qu\u00e9 he llegado hasta donde lo he hecho.<br \/>\nPues todo tiene una explicaci\u00f3n, y para contar la m\u00eda hay que ir al principio\u00bb.<br \/>\nEl autor nos traslada a Calabria en el a\u00f1o 1823, donde la mafia comenzaba a gestarse. Una novela en la que el amor, la lealtad y la traici\u00f3n caminan de la mano.<br \/>\nEl capo de Calabria fue el primer y m\u00e1s grande padrino de toda la mafia italiana. Esta es su historia.<b><br \/>\n<\/b><\/p>\n","protected":false},"excerpt":{"rendered":"<p class=\"p2\"><b>ISBN: <\/b>9791370122935<\/p>\n<p><b><\/b><b>SINOPSIS<\/b><\/p>\n<p>Esta es la historia de un hijo marcado por su padre, de un amor imposible, de una traici\u00f3n&#8230;de las entra\u00f1as de la mafia.<br \/>\n\u00abQuiero contaros desde el principio mi historia. No lo hago para tu agrado \u2014eso debes saberlo\u2014, sino para que entend\u00e1is el porqu\u00e9&#8230;<br \/>\nPor qu\u00e9 he llegado hasta donde lo he hecho.<br \/>\nPues todo tiene una explicaci\u00f3n, y para contar la m\u00eda hay que ir al principio\u00bb.<br \/>\nEl autor nos traslada a Calabria en el a\u00f1o 1823, donde la mafia comenzaba a gestarse. Una novela en la que el amor, la lealtad y la traici\u00f3n caminan de la mano.<br \/>\nEl capo de Calabria fue el primer y m\u00e1s grande padrino de toda la mafia italiana. Esta es su historia.<\/p>\n","protected":false},"featured_media":108595,"comment_status":"open","ping_status":"closed","template":"","meta":{"_acf_changed":false},"libro":[],"product_brand":[],"product_cat":[43],"product_tag":[],"class_list":{"0":"post-108594","1":"product","2":"type-product","3":"status-publish","4":"has-post-thumbnail","6":"product_cat-aventura","8":"first","9":"instock","10":"shipping-taxable","11":"product-type-simple"},"acf":{"autor":[108597],"enlace_de_compra":"https:\/\/www.amazon.es\/dp\/B0FBSBZL8X"},"yoast_head":"<!-- This site is optimized with the Yoast SEO plugin v26.6 - https:\/\/yoast.com\/wordpress\/plugins\/seo\/ -->\n<title>El capo de Calabria - Catalogo | Letrame Grupo Editorial<\/title>\n<meta name=\"robots\" content=\"index, follow, max-snippet:-1, max-image-preview:large, max-video-preview:-1\" \/>\n<link rel=\"canonical\" href=\"https:\/\/letrame.com\/catalogo\/producto\/el-capo-de-calabria\/\" \/>\n<meta property=\"og:locale\" content=\"es_ES\" \/>\n<meta property=\"og:type\" content=\"article\" \/>\n<meta property=\"og:title\" content=\"El capo de Calabria - Catalogo | Letrame Grupo Editorial\" \/>\n<meta property=\"og:description\" content=\"ISBN: 9791370122935 SINOPSIS  Esta es la historia de un hijo marcado por su padre, de un amor imposible, de una traici\u00f3n...de las entra\u00f1as de la mafia. \u00abQuiero contaros desde el principio mi historia. No lo hago para tu agrado \u2014eso debes saberlo\u2014, sino para que entend\u00e1is el porqu\u00e9... Por qu\u00e9 he llegado hasta donde lo he hecho. Pues todo tiene una explicaci\u00f3n, y para contar la m\u00eda hay que ir al principio\u00bb. El autor nos traslada a Calabria en el a\u00f1o 1823, donde la mafia comenzaba a gestarse. Una novela en la que el amor, la lealtad y la traici\u00f3n caminan de la mano. El capo de Calabria fue el primer y m\u00e1s grande padrino de toda la mafia italiana. Esta es su historia.\" \/>\n<meta property=\"og:url\" content=\"https:\/\/letrame.com\/catalogo\/producto\/el-capo-de-calabria\/\" \/>\n<meta property=\"og:site_name\" content=\"Catalogo | Letrame Grupo Editorial\" \/>\n<meta property=\"article:modified_time\" content=\"2025-06-20T11:16:24+00:00\" \/>\n<meta property=\"og:image\" content=\"https:\/\/letrame.com\/catalogo\/wp-content\/uploads\/2025\/06\/El-capo-de-Calabria.jpg\" \/>\n\t<meta property=\"og:image:width\" content=\"425\" \/>\n\t<meta property=\"og:image:height\" content=\"624\" \/>\n\t<meta property=\"og:image:type\" content=\"image\/jpeg\" \/>\n<meta name=\"twitter:card\" content=\"summary_large_image\" \/>\n<meta name=\"twitter:label1\" content=\"Tiempo de lectura\" \/>\n\t<meta name=\"twitter:data1\" content=\"1 minuto\" \/>\n<script type=\"application\/ld+json\" class=\"yoast-schema-graph\">{\"@context\":\"https:\/\/schema.org\",\"@graph\":[{\"@type\":\"WebPage\",\"@id\":\"https:\/\/letrame.com\/catalogo\/producto\/el-capo-de-calabria\/\",\"url\":\"https:\/\/letrame.com\/catalogo\/producto\/el-capo-de-calabria\/\",\"name\":\"El capo de Calabria - Catalogo | Letrame Grupo Editorial\",\"isPartOf\":{\"@id\":\"https:\/\/letrame.com\/catalogo\/#website\"},\"primaryImageOfPage\":{\"@id\":\"https:\/\/letrame.com\/catalogo\/producto\/el-capo-de-calabria\/#primaryimage\"},\"image\":{\"@id\":\"https:\/\/letrame.com\/catalogo\/producto\/el-capo-de-calabria\/#primaryimage\"},\"thumbnailUrl\":\"https:\/\/letrame.com\/catalogo\/wp-content\/uploads\/2025\/06\/El-capo-de-Calabria.jpg\",\"datePublished\":\"2025-06-20T11:14:45+00:00\",\"dateModified\":\"2025-06-20T11:16:24+00:00\",\"breadcrumb\":{\"@id\":\"https:\/\/letrame.com\/catalogo\/producto\/el-capo-de-calabria\/#breadcrumb\"},\"inLanguage\":\"es\",\"potentialAction\":[{\"@type\":\"ReadAction\",\"target\":[\"https:\/\/letrame.com\/catalogo\/producto\/el-capo-de-calabria\/\"]}]},{\"@type\":\"ImageObject\",\"inLanguage\":\"es\",\"@id\":\"https:\/\/letrame.com\/catalogo\/producto\/el-capo-de-calabria\/#primaryimage\",\"url\":\"https:\/\/letrame.com\/catalogo\/wp-content\/uploads\/2025\/06\/El-capo-de-Calabria.jpg\",\"contentUrl\":\"https:\/\/letrame.com\/catalogo\/wp-content\/uploads\/2025\/06\/El-capo-de-Calabria.jpg\",\"width\":425,\"height\":624},{\"@type\":\"BreadcrumbList\",\"@id\":\"https:\/\/letrame.com\/catalogo\/producto\/el-capo-de-calabria\/#breadcrumb\",\"itemListElement\":[{\"@type\":\"ListItem\",\"position\":1,\"name\":\"Portada\",\"item\":\"https:\/\/letrame.com\/catalogo\/\"},{\"@type\":\"ListItem\",\"position\":2,\"name\":\"Cat\u00e1logo\",\"item\":\"https:\/\/letrame.com\/catalogo\/\"},{\"@type\":\"ListItem\",\"position\":3,\"name\":\"El capo de Calabria\"}]},{\"@type\":\"WebSite\",\"@id\":\"https:\/\/letrame.com\/catalogo\/#website\",\"url\":\"https:\/\/letrame.com\/catalogo\/\",\"name\":\"Catalogo | Letrame Grupo Editorial\",\"description\":\"\",\"publisher\":{\"@id\":\"https:\/\/letrame.com\/catalogo\/#organization\"},\"potentialAction\":[{\"@type\":\"SearchAction\",\"target\":{\"@type\":\"EntryPoint\",\"urlTemplate\":\"https:\/\/letrame.com\/catalogo\/?s={search_term_string}\"},\"query-input\":{\"@type\":\"PropertyValueSpecification\",\"valueRequired\":true,\"valueName\":\"search_term_string\"}}],\"inLanguage\":\"es\"},{\"@type\":\"Organization\",\"@id\":\"https:\/\/letrame.com\/catalogo\/#organization\",\"name\":\"Catalogo | Letrame Grupo Editorial\",\"url\":\"https:\/\/letrame.com\/catalogo\/\",\"logo\":{\"@type\":\"ImageObject\",\"inLanguage\":\"es\",\"@id\":\"https:\/\/letrame.com\/catalogo\/#\/schema\/logo\/image\/\",\"url\":\"https:\/\/letrame.com\/catalogo\/wp-content\/uploads\/2024\/03\/logo2.webp\",\"contentUrl\":\"https:\/\/letrame.com\/catalogo\/wp-content\/uploads\/2024\/03\/logo2.webp\",\"width\":394,\"height\":128,\"caption\":\"Catalogo | Letrame Grupo Editorial\"},\"image\":{\"@id\":\"https:\/\/letrame.com\/catalogo\/#\/schema\/logo\/image\/\"}}]}<\/script>\n<!-- \/ Yoast SEO plugin. -->","yoast_head_json":{"title":"El capo de Calabria - Catalogo | Letrame Grupo Editorial","robots":{"index":"index","follow":"follow","max-snippet":"max-snippet:-1","max-image-preview":"max-image-preview:large","max-video-preview":"max-video-preview:-1"},"canonical":"https:\/\/letrame.com\/catalogo\/producto\/el-capo-de-calabria\/","og_locale":"es_ES","og_type":"article","og_title":"El capo de Calabria - Catalogo | Letrame Grupo Editorial","og_description":"ISBN: 9791370122935 SINOPSIS  Esta es la historia de un hijo marcado por su padre, de un amor imposible, de una traici\u00f3n...de las entra\u00f1as de la mafia. \u00abQuiero contaros desde el principio mi historia. No lo hago para tu agrado \u2014eso debes saberlo\u2014, sino para que entend\u00e1is el porqu\u00e9... Por qu\u00e9 he llegado hasta donde lo he hecho. Pues todo tiene una explicaci\u00f3n, y para contar la m\u00eda hay que ir al principio\u00bb. El autor nos traslada a Calabria en el a\u00f1o 1823, donde la mafia comenzaba a gestarse. Una novela en la que el amor, la lealtad y la traici\u00f3n caminan de la mano. El capo de Calabria fue el primer y m\u00e1s grande padrino de toda la mafia italiana. Esta es su historia.","og_url":"https:\/\/letrame.com\/catalogo\/producto\/el-capo-de-calabria\/","og_site_name":"Catalogo | Letrame Grupo Editorial","article_modified_time":"2025-06-20T11:16:24+00:00","og_image":[{"width":425,"height":624,"url":"https:\/\/letrame.com\/catalogo\/wp-content\/uploads\/2025\/06\/El-capo-de-Calabria.jpg","type":"image\/jpeg"}],"twitter_card":"summary_large_image","twitter_misc":{"Tiempo de lectura":"1 minuto"},"schema":{"@context":"https:\/\/schema.org","@graph":[{"@type":"WebPage","@id":"https:\/\/letrame.com\/catalogo\/producto\/el-capo-de-calabria\/","url":"https:\/\/letrame.com\/catalogo\/producto\/el-capo-de-calabria\/","name":"El capo de Calabria - Catalogo | Letrame Grupo Editorial","isPartOf":{"@id":"https:\/\/letrame.com\/catalogo\/#website"},"primaryImageOfPage":{"@id":"https:\/\/letrame.com\/catalogo\/producto\/el-capo-de-calabria\/#primaryimage"},"image":{"@id":"https:\/\/letrame.com\/catalogo\/producto\/el-capo-de-calabria\/#primaryimage"},"thumbnailUrl":"https:\/\/letrame.com\/catalogo\/wp-content\/uploads\/2025\/06\/El-capo-de-Calabria.jpg","datePublished":"2025-06-20T11:14:45+00:00","dateModified":"2025-06-20T11:16:24+00:00","breadcrumb":{"@id":"https:\/\/letrame.com\/catalogo\/producto\/el-capo-de-calabria\/#breadcrumb"},"inLanguage":"es","potentialAction":[{"@type":"ReadAction","target":["https:\/\/letrame.com\/catalogo\/producto\/el-capo-de-calabria\/"]}]},{"@type":"ImageObject","inLanguage":"es","@id":"https:\/\/letrame.com\/catalogo\/producto\/el-capo-de-calabria\/#primaryimage","url":"https:\/\/letrame.com\/catalogo\/wp-content\/uploads\/2025\/06\/El-capo-de-Calabria.jpg","contentUrl":"https:\/\/letrame.com\/catalogo\/wp-content\/uploads\/2025\/06\/El-capo-de-Calabria.jpg","width":425,"height":624},{"@type":"BreadcrumbList","@id":"https:\/\/letrame.com\/catalogo\/producto\/el-capo-de-calabria\/#breadcrumb","itemListElement":[{"@type":"ListItem","position":1,"name":"Portada","item":"https:\/\/letrame.com\/catalogo\/"},{"@type":"ListItem","position":2,"name":"Cat\u00e1logo","item":"https:\/\/letrame.com\/catalogo\/"},{"@type":"ListItem","position":3,"name":"El capo de Calabria"}]},{"@type":"WebSite","@id":"https:\/\/letrame.com\/catalogo\/#website","url":"https:\/\/letrame.com\/catalogo\/","name":"Catalogo | Letrame Grupo Editorial","description":"","publisher":{"@id":"https:\/\/letrame.com\/catalogo\/#organization"},"potentialAction":[{"@type":"SearchAction","target":{"@type":"EntryPoint","urlTemplate":"https:\/\/letrame.com\/catalogo\/?s={search_term_string}"},"query-input":{"@type":"PropertyValueSpecification","valueRequired":true,"valueName":"search_term_string"}}],"inLanguage":"es"},{"@type":"Organization","@id":"https:\/\/letrame.com\/catalogo\/#organization","name":"Catalogo | Letrame Grupo Editorial","url":"https:\/\/letrame.com\/catalogo\/","logo":{"@type":"ImageObject","inLanguage":"es","@id":"https:\/\/letrame.com\/catalogo\/#\/schema\/logo\/image\/","url":"https:\/\/letrame.com\/catalogo\/wp-content\/uploads\/2024\/03\/logo2.webp","contentUrl":"https:\/\/letrame.com\/catalogo\/wp-content\/uploads\/2024\/03\/logo2.webp","width":394,"height":128,"caption":"Catalogo | Letrame Grupo Editorial"},"image":{"@id":"https:\/\/letrame.com\/catalogo\/#\/schema\/logo\/image\/"}}]}},"_links":{"self":[{"href":"https:\/\/letrame.com\/catalogo\/wp-json\/wp\/v2\/product\/108594","targetHints":{"allow":["GET"]}}],"collection":[{"href":"https:\/\/letrame.com\/catalogo\/wp-json\/wp\/v2\/product"}],"about":[{"href":"https:\/\/letrame.com\/catalogo\/wp-json\/wp\/v2\/types\/product"}],"replies":[{"embeddable":true,"href":"https:\/\/letrame.com\/catalogo\/wp-json\/wp\/v2\/comments?post=108594"}],"acf:post":[{"embeddable":true,"href":"https:\/\/letrame.com\/catalogo\/wp-json\/wp\/v2\/author_book\/108597"}],"wp:featuredmedia":[{"embeddable":true,"href":"https:\/\/letrame.com\/catalogo\/wp-json\/wp\/v2\/media\/108595"}],"wp:attachment":[{"href":"https:\/\/letrame.com\/catalogo\/wp-json\/wp\/v2\/media?parent=108594"}],"wp:term":[{"taxonomy":"libro","embeddable":true,"href":"https:\/\/letrame.com\/catalogo\/wp-json\/wp\/v2\/libro?post=108594"},{"taxonomy":"product_brand","embeddable":true,"href":"https:\/\/letrame.com\/catalogo\/wp-json\/wp\/v2\/product_brand?post=108594"},{"taxonomy":"product_cat","embeddable":true,"href":"https:\/\/letrame.com\/catalogo\/wp-json\/wp\/v2\/product_cat?post=108594"},{"taxonomy":"product_tag","embeddable":true,"href":"https:\/\/letrame.com\/catalogo\/wp-json\/wp\/v2\/product_tag?post=108594"}],"curies":[{"name":"wp","href":"https:\/\/api.w.org\/{rel}","templated":true}]}}