{"id":108584,"date":"2025-06-10T09:47:35","date_gmt":"2025-06-10T07:47:35","guid":{"rendered":"https:\/\/letrame.com\/catalogo\/?post_type=product&#038;p=108584"},"modified":"2025-06-10T09:49:08","modified_gmt":"2025-06-10T07:49:08","slug":"historia-de-un-sueno","status":"publish","type":"product","link":"https:\/\/letrame.com\/catalogo\/producto\/historia-de-un-sueno\/","title":{"rendered":"Historia de un sue\u00f1o"},"content":{"rendered":"<p class=\"p1\"><b>ISBN: <\/b>9791370123406<b><\/b><\/p>\n<p class=\"p1\"><b>T\u00edtulo: <\/b>Historia de un sue\u00f1o<b><\/b><\/p>\n<p><b>Fecha: <\/b>2025<b><\/b><\/p>\n<p><strong>P\u00e1ginas<\/strong>: 246<b><\/b><\/p>\n<p class=\"p1\"><b>SINOPSIS<\/b><\/p>\n<p><b><\/b>En Historia de un sue\u00f1o, John Streaker nos sumerge en la introspecci\u00f3n de un protagonista atrapado entre dos mundos: el de la imagen perfecta que proyecta y el de su verdadera esencia, oculta bajo capas de poder, deseo y contradicciones. Desde su juventud, el personaje principal aprende a manipular su entorno con inteligencia y estrategia, convirti\u00e9ndose en un maestro del control. Sin embargo, la b\u00fasqueda incesante de poder lo arrastra a una organizaci\u00f3n secreta, La Orden, donde experimenta los l\u00edmites del poder, tanto sobre los dem\u00e1s como sobre s\u00ed mismo.<br \/>\nA trav\u00e9s de una narrativa envolvente y psicol\u00f3gicamente profunda, la novela explora temas como la identidad, la lucha interna entre la ambici\u00f3n y la necesidad de amor, y el precio de las decisiones tomadas en nombre del \u00e9xito. La dualidad entre el hombre y la m\u00e1scara que ha construido se desmorona cuando enfrenta la posibilidad de perderse a s\u00ed mismo por completo.<br \/>\nCon un trasfondo de lujo, secretos y una atm\u00f3sfera densa de tensi\u00f3n emocional, Historia de un sue\u00f1o es un viaje introspectivo que desaf\u00eda al lector a cuestionar hasta qu\u00e9 punto estamos dispuestos a sacrificar nuestra humanidad por una ilusi\u00f3n de poder y reconocimiento.<b><br \/>\n<\/b><\/p>\n","protected":false},"excerpt":{"rendered":"<p><b>ISBN: <\/b>9791370123406<b><\/b><\/p>\n<p><strong>SINOPSIS<\/strong><\/p>\n<p><b><\/b>En Historia de un sue\u00f1o, John Streaker nos sumerge en la introspecci\u00f3n de un protagonista atrapado entre dos mundos: el de la imagen perfecta que proyecta y el de su verdadera esencia, oculta bajo capas de poder, deseo y contradicciones. Desde su juventud, el personaje principal aprende a manipular su entorno con inteligencia y estrategia, convirti\u00e9ndose en un maestro del control. Sin embargo, la b\u00fasqueda incesante de poder lo arrastra a una organizaci\u00f3n secreta, La Orden, donde experimenta los l\u00edmites del poder, tanto sobre los dem\u00e1s como sobre s\u00ed mismo.<\/p>\n","protected":false},"featured_media":108587,"comment_status":"open","ping_status":"closed","template":"","meta":{"_acf_changed":false},"libro":[],"product_brand":[],"product_cat":[57,111],"product_tag":[],"class_list":{"0":"post-108584","1":"product","2":"type-product","3":"status-publish","4":"has-post-thumbnail","6":"product_cat-suspenso","7":"product_cat-thriller","9":"first","10":"instock","11":"shipping-taxable","12":"product-type-simple"},"acf":{"autor":[108585],"enlace_de_compra":"https:\/\/www.amazon.es\/dp\/B0F9KZQXL4"},"yoast_head":"<!-- This site is optimized with the Yoast SEO plugin v26.6 - https:\/\/yoast.com\/wordpress\/plugins\/seo\/ -->\n<title>Historia de un sue\u00f1o - Catalogo | Letrame Grupo Editorial<\/title>\n<meta name=\"robots\" content=\"index, follow, max-snippet:-1, max-image-preview:large, max-video-preview:-1\" \/>\n<link rel=\"canonical\" href=\"https:\/\/letrame.com\/catalogo\/producto\/historia-de-un-sueno\/\" \/>\n<meta property=\"og:locale\" content=\"es_ES\" \/>\n<meta property=\"og:type\" content=\"article\" \/>\n<meta property=\"og:title\" content=\"Historia de un sue\u00f1o - Catalogo | Letrame Grupo Editorial\" \/>\n<meta property=\"og:description\" content=\"ISBN: 9791370123406  SINOPSIS  En Historia de un sue\u00f1o, John Streaker nos sumerge en la introspecci\u00f3n de un protagonista atrapado entre dos mundos: el de la imagen perfecta que proyecta y el de su verdadera esencia, oculta bajo capas de poder, deseo y contradicciones. Desde su juventud, el personaje principal aprende a manipular su entorno con inteligencia y estrategia, convirti\u00e9ndose en un maestro del control. Sin embargo, la b\u00fasqueda incesante de poder lo arrastra a una organizaci\u00f3n secreta, La Orden, donde experimenta los l\u00edmites del poder, tanto sobre los dem\u00e1s como sobre s\u00ed mismo.\" \/>\n<meta property=\"og:url\" content=\"https:\/\/letrame.com\/catalogo\/producto\/historia-de-un-sueno\/\" \/>\n<meta property=\"og:site_name\" content=\"Catalogo | Letrame Grupo Editorial\" \/>\n<meta property=\"article:modified_time\" content=\"2025-06-10T07:49:08+00:00\" \/>\n<meta property=\"og:image\" content=\"https:\/\/letrame.com\/catalogo\/wp-content\/uploads\/2025\/06\/Historia-de-un-sueno.jpg\" \/>\n\t<meta property=\"og:image:width\" content=\"425\" \/>\n\t<meta property=\"og:image:height\" content=\"624\" \/>\n\t<meta property=\"og:image:type\" content=\"image\/jpeg\" \/>\n<meta name=\"twitter:card\" content=\"summary_large_image\" \/>\n<meta name=\"twitter:label1\" content=\"Tiempo de lectura\" \/>\n\t<meta name=\"twitter:data1\" content=\"2 minutos\" \/>\n<script type=\"application\/ld+json\" class=\"yoast-schema-graph\">{\"@context\":\"https:\/\/schema.org\",\"@graph\":[{\"@type\":\"WebPage\",\"@id\":\"https:\/\/letrame.com\/catalogo\/producto\/historia-de-un-sueno\/\",\"url\":\"https:\/\/letrame.com\/catalogo\/producto\/historia-de-un-sueno\/\",\"name\":\"Historia de un sue\u00f1o - Catalogo | Letrame Grupo Editorial\",\"isPartOf\":{\"@id\":\"https:\/\/letrame.com\/catalogo\/#website\"},\"primaryImageOfPage\":{\"@id\":\"https:\/\/letrame.com\/catalogo\/producto\/historia-de-un-sueno\/#primaryimage\"},\"image\":{\"@id\":\"https:\/\/letrame.com\/catalogo\/producto\/historia-de-un-sueno\/#primaryimage\"},\"thumbnailUrl\":\"https:\/\/letrame.com\/catalogo\/wp-content\/uploads\/2025\/06\/Historia-de-un-sueno.jpg\",\"datePublished\":\"2025-06-10T07:47:35+00:00\",\"dateModified\":\"2025-06-10T07:49:08+00:00\",\"breadcrumb\":{\"@id\":\"https:\/\/letrame.com\/catalogo\/producto\/historia-de-un-sueno\/#breadcrumb\"},\"inLanguage\":\"es\",\"potentialAction\":[{\"@type\":\"ReadAction\",\"target\":[\"https:\/\/letrame.com\/catalogo\/producto\/historia-de-un-sueno\/\"]}]},{\"@type\":\"ImageObject\",\"inLanguage\":\"es\",\"@id\":\"https:\/\/letrame.com\/catalogo\/producto\/historia-de-un-sueno\/#primaryimage\",\"url\":\"https:\/\/letrame.com\/catalogo\/wp-content\/uploads\/2025\/06\/Historia-de-un-sueno.jpg\",\"contentUrl\":\"https:\/\/letrame.com\/catalogo\/wp-content\/uploads\/2025\/06\/Historia-de-un-sueno.jpg\",\"width\":425,\"height\":624},{\"@type\":\"BreadcrumbList\",\"@id\":\"https:\/\/letrame.com\/catalogo\/producto\/historia-de-un-sueno\/#breadcrumb\",\"itemListElement\":[{\"@type\":\"ListItem\",\"position\":1,\"name\":\"Portada\",\"item\":\"https:\/\/letrame.com\/catalogo\/\"},{\"@type\":\"ListItem\",\"position\":2,\"name\":\"Cat\u00e1logo\",\"item\":\"https:\/\/letrame.com\/catalogo\/\"},{\"@type\":\"ListItem\",\"position\":3,\"name\":\"Historia de un sue\u00f1o\"}]},{\"@type\":\"WebSite\",\"@id\":\"https:\/\/letrame.com\/catalogo\/#website\",\"url\":\"https:\/\/letrame.com\/catalogo\/\",\"name\":\"Catalogo | Letrame Grupo Editorial\",\"description\":\"\",\"publisher\":{\"@id\":\"https:\/\/letrame.com\/catalogo\/#organization\"},\"potentialAction\":[{\"@type\":\"SearchAction\",\"target\":{\"@type\":\"EntryPoint\",\"urlTemplate\":\"https:\/\/letrame.com\/catalogo\/?s={search_term_string}\"},\"query-input\":{\"@type\":\"PropertyValueSpecification\",\"valueRequired\":true,\"valueName\":\"search_term_string\"}}],\"inLanguage\":\"es\"},{\"@type\":\"Organization\",\"@id\":\"https:\/\/letrame.com\/catalogo\/#organization\",\"name\":\"Catalogo | Letrame Grupo Editorial\",\"url\":\"https:\/\/letrame.com\/catalogo\/\",\"logo\":{\"@type\":\"ImageObject\",\"inLanguage\":\"es\",\"@id\":\"https:\/\/letrame.com\/catalogo\/#\/schema\/logo\/image\/\",\"url\":\"https:\/\/letrame.com\/catalogo\/wp-content\/uploads\/2024\/03\/logo2.webp\",\"contentUrl\":\"https:\/\/letrame.com\/catalogo\/wp-content\/uploads\/2024\/03\/logo2.webp\",\"width\":394,\"height\":128,\"caption\":\"Catalogo | Letrame Grupo Editorial\"},\"image\":{\"@id\":\"https:\/\/letrame.com\/catalogo\/#\/schema\/logo\/image\/\"}}]}<\/script>\n<!-- \/ Yoast SEO plugin. -->","yoast_head_json":{"title":"Historia de un sue\u00f1o - Catalogo | Letrame Grupo Editorial","robots":{"index":"index","follow":"follow","max-snippet":"max-snippet:-1","max-image-preview":"max-image-preview:large","max-video-preview":"max-video-preview:-1"},"canonical":"https:\/\/letrame.com\/catalogo\/producto\/historia-de-un-sueno\/","og_locale":"es_ES","og_type":"article","og_title":"Historia de un sue\u00f1o - Catalogo | Letrame Grupo Editorial","og_description":"ISBN: 9791370123406  SINOPSIS  En Historia de un sue\u00f1o, John Streaker nos sumerge en la introspecci\u00f3n de un protagonista atrapado entre dos mundos: el de la imagen perfecta que proyecta y el de su verdadera esencia, oculta bajo capas de poder, deseo y contradicciones. Desde su juventud, el personaje principal aprende a manipular su entorno con inteligencia y estrategia, convirti\u00e9ndose en un maestro del control. Sin embargo, la b\u00fasqueda incesante de poder lo arrastra a una organizaci\u00f3n secreta, La Orden, donde experimenta los l\u00edmites del poder, tanto sobre los dem\u00e1s como sobre s\u00ed mismo.","og_url":"https:\/\/letrame.com\/catalogo\/producto\/historia-de-un-sueno\/","og_site_name":"Catalogo | Letrame Grupo Editorial","article_modified_time":"2025-06-10T07:49:08+00:00","og_image":[{"width":425,"height":624,"url":"https:\/\/letrame.com\/catalogo\/wp-content\/uploads\/2025\/06\/Historia-de-un-sueno.jpg","type":"image\/jpeg"}],"twitter_card":"summary_large_image","twitter_misc":{"Tiempo de lectura":"2 minutos"},"schema":{"@context":"https:\/\/schema.org","@graph":[{"@type":"WebPage","@id":"https:\/\/letrame.com\/catalogo\/producto\/historia-de-un-sueno\/","url":"https:\/\/letrame.com\/catalogo\/producto\/historia-de-un-sueno\/","name":"Historia de un sue\u00f1o - Catalogo | Letrame Grupo Editorial","isPartOf":{"@id":"https:\/\/letrame.com\/catalogo\/#website"},"primaryImageOfPage":{"@id":"https:\/\/letrame.com\/catalogo\/producto\/historia-de-un-sueno\/#primaryimage"},"image":{"@id":"https:\/\/letrame.com\/catalogo\/producto\/historia-de-un-sueno\/#primaryimage"},"thumbnailUrl":"https:\/\/letrame.com\/catalogo\/wp-content\/uploads\/2025\/06\/Historia-de-un-sueno.jpg","datePublished":"2025-06-10T07:47:35+00:00","dateModified":"2025-06-10T07:49:08+00:00","breadcrumb":{"@id":"https:\/\/letrame.com\/catalogo\/producto\/historia-de-un-sueno\/#breadcrumb"},"inLanguage":"es","potentialAction":[{"@type":"ReadAction","target":["https:\/\/letrame.com\/catalogo\/producto\/historia-de-un-sueno\/"]}]},{"@type":"ImageObject","inLanguage":"es","@id":"https:\/\/letrame.com\/catalogo\/producto\/historia-de-un-sueno\/#primaryimage","url":"https:\/\/letrame.com\/catalogo\/wp-content\/uploads\/2025\/06\/Historia-de-un-sueno.jpg","contentUrl":"https:\/\/letrame.com\/catalogo\/wp-content\/uploads\/2025\/06\/Historia-de-un-sueno.jpg","width":425,"height":624},{"@type":"BreadcrumbList","@id":"https:\/\/letrame.com\/catalogo\/producto\/historia-de-un-sueno\/#breadcrumb","itemListElement":[{"@type":"ListItem","position":1,"name":"Portada","item":"https:\/\/letrame.com\/catalogo\/"},{"@type":"ListItem","position":2,"name":"Cat\u00e1logo","item":"https:\/\/letrame.com\/catalogo\/"},{"@type":"ListItem","position":3,"name":"Historia de un sue\u00f1o"}]},{"@type":"WebSite","@id":"https:\/\/letrame.com\/catalogo\/#website","url":"https:\/\/letrame.com\/catalogo\/","name":"Catalogo | Letrame Grupo Editorial","description":"","publisher":{"@id":"https:\/\/letrame.com\/catalogo\/#organization"},"potentialAction":[{"@type":"SearchAction","target":{"@type":"EntryPoint","urlTemplate":"https:\/\/letrame.com\/catalogo\/?s={search_term_string}"},"query-input":{"@type":"PropertyValueSpecification","valueRequired":true,"valueName":"search_term_string"}}],"inLanguage":"es"},{"@type":"Organization","@id":"https:\/\/letrame.com\/catalogo\/#organization","name":"Catalogo | Letrame Grupo Editorial","url":"https:\/\/letrame.com\/catalogo\/","logo":{"@type":"ImageObject","inLanguage":"es","@id":"https:\/\/letrame.com\/catalogo\/#\/schema\/logo\/image\/","url":"https:\/\/letrame.com\/catalogo\/wp-content\/uploads\/2024\/03\/logo2.webp","contentUrl":"https:\/\/letrame.com\/catalogo\/wp-content\/uploads\/2024\/03\/logo2.webp","width":394,"height":128,"caption":"Catalogo | Letrame Grupo Editorial"},"image":{"@id":"https:\/\/letrame.com\/catalogo\/#\/schema\/logo\/image\/"}}]}},"_links":{"self":[{"href":"https:\/\/letrame.com\/catalogo\/wp-json\/wp\/v2\/product\/108584","targetHints":{"allow":["GET"]}}],"collection":[{"href":"https:\/\/letrame.com\/catalogo\/wp-json\/wp\/v2\/product"}],"about":[{"href":"https:\/\/letrame.com\/catalogo\/wp-json\/wp\/v2\/types\/product"}],"replies":[{"embeddable":true,"href":"https:\/\/letrame.com\/catalogo\/wp-json\/wp\/v2\/comments?post=108584"}],"acf:post":[{"embeddable":true,"href":"https:\/\/letrame.com\/catalogo\/wp-json\/wp\/v2\/author_book\/108585"}],"wp:featuredmedia":[{"embeddable":true,"href":"https:\/\/letrame.com\/catalogo\/wp-json\/wp\/v2\/media\/108587"}],"wp:attachment":[{"href":"https:\/\/letrame.com\/catalogo\/wp-json\/wp\/v2\/media?parent=108584"}],"wp:term":[{"taxonomy":"libro","embeddable":true,"href":"https:\/\/letrame.com\/catalogo\/wp-json\/wp\/v2\/libro?post=108584"},{"taxonomy":"product_brand","embeddable":true,"href":"https:\/\/letrame.com\/catalogo\/wp-json\/wp\/v2\/product_brand?post=108584"},{"taxonomy":"product_cat","embeddable":true,"href":"https:\/\/letrame.com\/catalogo\/wp-json\/wp\/v2\/product_cat?post=108584"},{"taxonomy":"product_tag","embeddable":true,"href":"https:\/\/letrame.com\/catalogo\/wp-json\/wp\/v2\/product_tag?post=108584"}],"curies":[{"name":"wp","href":"https:\/\/api.w.org\/{rel}","templated":true}]}}