{"id":108560,"date":"2025-05-22T15:16:50","date_gmt":"2025-05-22T13:16:50","guid":{"rendered":"https:\/\/letrame.com\/catalogo\/?post_type=product&#038;p=108560"},"modified":"2025-05-22T15:17:14","modified_gmt":"2025-05-22T13:17:14","slug":"amor-imposible","status":"publish","type":"product","link":"https:\/\/letrame.com\/catalogo\/producto\/amor-imposible\/","title":{"rendered":"Amor imposible."},"content":{"rendered":"<p class=\"p1\"><b>ISBN: <\/b>979-13-7012-107-5<\/p>\n<p class=\"p1\"><b>T\u00edtulo: <\/b>Amor imposible. Poemas para ellas<b><\/b><\/p>\n<p><strong>Fecha<\/strong>: 2025<b><\/b><\/p>\n<p><strong>P\u00e1ginas<\/strong>: 56<b><\/b><\/p>\n<p class=\"p1\"><b>SINOPSIS<br \/>\n<\/b><\/p>\n<p class=\"p1\">El amor puede ser un refugio o una condena, un sue\u00f1o que acaricia o un abismo que devora. Hay pasiones que incendian el alma y ausencias que dejan fr\u00edo el cuerpo. Amor imposible es la historia de lo que nunca fue, de lo que pudo ser y de lo que, pese a todo, sigue latiendo en la sombra de cada verso.<\/p>\n<p class=\"p1\">Gabriel Robert Casasayas escribe con la piel abierta, con la nostalgia de lo inalcanzable y la certeza de que hay amores que, aunque duelan, nunca mueren. Habla del deseo que con-sume, de la esperanza que se resiste a desaparecer y de la batalla contra uno mismo cuando el coraz\u00f3n se niega a olvidar.<\/p>\n<p class=\"p1\">El amor imposible no se apaga, se transforma en ausencia, en susurro, en cicatriz. Se convierte en preguntas sin respuesta, en noches donde la memoria arde y en d\u00edas donde la raz\u00f3n intenta domesticar al coraz\u00f3n sin \u00e9xito. Es un hilo invisible que une lo que fue con lo que nunca ser\u00e1, un eco persistente en el tiempo. Porque hay sentimientos que no necesitan cumplirse para ser verdad, ni cerrarse para dejar de doler.<\/p>\n<p class=\"p1\"><b>\u00a0<\/b><\/p>\n","protected":false},"excerpt":{"rendered":"<p class=\"p1\"><b>ISBN: <\/b>979-13-7012-107-5<b><\/b><\/p>\n<p><strong>SINOPSIS<\/strong><\/p>\n<p class=\"p1\">El amor puede ser un refugio o una condena, un sue\u00f1o que acaricia o un abismo que devora. Hay pasiones que incendian el alma y ausencias que dejan fr\u00edo el cuerpo. Amor imposible es la historia de lo que nunca fue, de lo que pudo ser y de lo que, pese a todo, sigue latiendo en la sombra de cada verso.<\/p>\n<p class=\"p1\">Gabriel Robert Casasayas escribe con la piel abierta, con la nostalgia de lo inalcanzable y la certeza de que hay amores que, aunque duelan, nunca mueren. Habla del deseo que con-sume, de la esperanza que se resiste a desaparecer y de la batalla contra uno mismo cuando el coraz\u00f3n se niega a olvidar.<\/p>\n<p class=\"p1\">El amor imposible no se apaga, se transforma en ausencia, en susurro, en cicatriz. Se convierte en preguntas sin respuesta, en noches donde la memoria arde y en d\u00edas donde la raz\u00f3n intenta domesticar al coraz\u00f3n sin \u00e9xito. Es un hilo invisible que une lo que fue con lo que nunca ser\u00e1, un eco persistente en el tiempo. Porque hay sentimientos que no necesitan cumplirse para ser verdad, ni cerrarse para dejar de doler.<\/p>\n","protected":false},"featured_media":108561,"comment_status":"open","ping_status":"closed","template":"","meta":{"_acf_changed":false},"libro":[],"product_brand":[],"product_cat":[20],"product_tag":[],"class_list":{"0":"post-108560","1":"product","2":"type-product","3":"status-publish","4":"has-post-thumbnail","6":"product_cat-poesia","8":"first","9":"instock","10":"shipping-taxable","11":"product-type-simple"},"acf":{"autor":[108504],"enlace_de_compra":"https:\/\/www.amazon.es\/dp\/B0F8Q2RMKB"},"yoast_head":"<!-- This site is optimized with the Yoast SEO plugin v26.6 - https:\/\/yoast.com\/wordpress\/plugins\/seo\/ -->\n<title>Amor imposible. - Catalogo | Letrame Grupo Editorial<\/title>\n<meta name=\"robots\" content=\"index, follow, max-snippet:-1, max-image-preview:large, max-video-preview:-1\" \/>\n<link rel=\"canonical\" href=\"https:\/\/letrame.com\/catalogo\/producto\/amor-imposible\/\" \/>\n<meta property=\"og:locale\" content=\"es_ES\" \/>\n<meta property=\"og:type\" content=\"article\" \/>\n<meta property=\"og:title\" content=\"Amor imposible. - Catalogo | Letrame Grupo Editorial\" \/>\n<meta property=\"og:description\" content=\"ISBN: 979-13-7012-107-5 SINOPSIS El amor puede ser un refugio o una condena, un sue\u00f1o que acaricia o un abismo que devora. Hay pasiones que incendian el alma y ausencias que dejan fr\u00edo el cuerpo. Amor imposible es la historia de lo que nunca fue, de lo que pudo ser y de lo que, pese a todo, sigue latiendo en la sombra de cada verso. Gabriel Robert Casasayas escribe con la piel abierta, con la nostalgia de lo inalcanzable y la certeza de que hay amores que, aunque duelan, nunca mueren. Habla del deseo que con-sume, de la esperanza que se resiste a desaparecer y de la batalla contra uno mismo cuando el coraz\u00f3n se niega a olvidar. El amor imposible no se apaga, se transforma en ausencia, en susurro, en cicatriz. Se convierte en preguntas sin respuesta, en noches donde la memoria arde y en d\u00edas donde la raz\u00f3n intenta domesticar al coraz\u00f3n sin \u00e9xito. Es un hilo invisible que une lo que fue con lo que nunca ser\u00e1, un eco persistente en el tiempo. Porque hay sentimientos que no necesitan cumplirse para ser verdad, ni cerrarse para dejar de doler.\" \/>\n<meta property=\"og:url\" content=\"https:\/\/letrame.com\/catalogo\/producto\/amor-imposible\/\" \/>\n<meta property=\"og:site_name\" content=\"Catalogo | Letrame Grupo Editorial\" \/>\n<meta property=\"article:modified_time\" content=\"2025-05-22T13:17:14+00:00\" \/>\n<meta property=\"og:image\" content=\"https:\/\/letrame.com\/catalogo\/wp-content\/uploads\/2025\/05\/Amor-imposible.jpg\" \/>\n\t<meta property=\"og:image:width\" content=\"384\" \/>\n\t<meta property=\"og:image:height\" content=\"537\" \/>\n\t<meta property=\"og:image:type\" content=\"image\/jpeg\" \/>\n<meta name=\"twitter:card\" content=\"summary_large_image\" \/>\n<meta name=\"twitter:label1\" content=\"Tiempo de lectura\" \/>\n\t<meta name=\"twitter:data1\" content=\"2 minutos\" \/>\n<script type=\"application\/ld+json\" class=\"yoast-schema-graph\">{\"@context\":\"https:\/\/schema.org\",\"@graph\":[{\"@type\":\"WebPage\",\"@id\":\"https:\/\/letrame.com\/catalogo\/producto\/amor-imposible\/\",\"url\":\"https:\/\/letrame.com\/catalogo\/producto\/amor-imposible\/\",\"name\":\"Amor imposible. - Catalogo | Letrame Grupo Editorial\",\"isPartOf\":{\"@id\":\"https:\/\/letrame.com\/catalogo\/#website\"},\"primaryImageOfPage\":{\"@id\":\"https:\/\/letrame.com\/catalogo\/producto\/amor-imposible\/#primaryimage\"},\"image\":{\"@id\":\"https:\/\/letrame.com\/catalogo\/producto\/amor-imposible\/#primaryimage\"},\"thumbnailUrl\":\"https:\/\/letrame.com\/catalogo\/wp-content\/uploads\/2025\/05\/Amor-imposible.jpg\",\"datePublished\":\"2025-05-22T13:16:50+00:00\",\"dateModified\":\"2025-05-22T13:17:14+00:00\",\"breadcrumb\":{\"@id\":\"https:\/\/letrame.com\/catalogo\/producto\/amor-imposible\/#breadcrumb\"},\"inLanguage\":\"es\",\"potentialAction\":[{\"@type\":\"ReadAction\",\"target\":[\"https:\/\/letrame.com\/catalogo\/producto\/amor-imposible\/\"]}]},{\"@type\":\"ImageObject\",\"inLanguage\":\"es\",\"@id\":\"https:\/\/letrame.com\/catalogo\/producto\/amor-imposible\/#primaryimage\",\"url\":\"https:\/\/letrame.com\/catalogo\/wp-content\/uploads\/2025\/05\/Amor-imposible.jpg\",\"contentUrl\":\"https:\/\/letrame.com\/catalogo\/wp-content\/uploads\/2025\/05\/Amor-imposible.jpg\",\"width\":384,\"height\":537},{\"@type\":\"BreadcrumbList\",\"@id\":\"https:\/\/letrame.com\/catalogo\/producto\/amor-imposible\/#breadcrumb\",\"itemListElement\":[{\"@type\":\"ListItem\",\"position\":1,\"name\":\"Portada\",\"item\":\"https:\/\/letrame.com\/catalogo\/\"},{\"@type\":\"ListItem\",\"position\":2,\"name\":\"Cat\u00e1logo\",\"item\":\"https:\/\/letrame.com\/catalogo\/\"},{\"@type\":\"ListItem\",\"position\":3,\"name\":\"Amor imposible.\"}]},{\"@type\":\"WebSite\",\"@id\":\"https:\/\/letrame.com\/catalogo\/#website\",\"url\":\"https:\/\/letrame.com\/catalogo\/\",\"name\":\"Catalogo | Letrame Grupo Editorial\",\"description\":\"\",\"publisher\":{\"@id\":\"https:\/\/letrame.com\/catalogo\/#organization\"},\"potentialAction\":[{\"@type\":\"SearchAction\",\"target\":{\"@type\":\"EntryPoint\",\"urlTemplate\":\"https:\/\/letrame.com\/catalogo\/?s={search_term_string}\"},\"query-input\":{\"@type\":\"PropertyValueSpecification\",\"valueRequired\":true,\"valueName\":\"search_term_string\"}}],\"inLanguage\":\"es\"},{\"@type\":\"Organization\",\"@id\":\"https:\/\/letrame.com\/catalogo\/#organization\",\"name\":\"Catalogo | Letrame Grupo Editorial\",\"url\":\"https:\/\/letrame.com\/catalogo\/\",\"logo\":{\"@type\":\"ImageObject\",\"inLanguage\":\"es\",\"@id\":\"https:\/\/letrame.com\/catalogo\/#\/schema\/logo\/image\/\",\"url\":\"https:\/\/letrame.com\/catalogo\/wp-content\/uploads\/2024\/03\/logo2.webp\",\"contentUrl\":\"https:\/\/letrame.com\/catalogo\/wp-content\/uploads\/2024\/03\/logo2.webp\",\"width\":394,\"height\":128,\"caption\":\"Catalogo | Letrame Grupo Editorial\"},\"image\":{\"@id\":\"https:\/\/letrame.com\/catalogo\/#\/schema\/logo\/image\/\"}}]}<\/script>\n<!-- \/ Yoast SEO plugin. -->","yoast_head_json":{"title":"Amor imposible. - Catalogo | Letrame Grupo Editorial","robots":{"index":"index","follow":"follow","max-snippet":"max-snippet:-1","max-image-preview":"max-image-preview:large","max-video-preview":"max-video-preview:-1"},"canonical":"https:\/\/letrame.com\/catalogo\/producto\/amor-imposible\/","og_locale":"es_ES","og_type":"article","og_title":"Amor imposible. - Catalogo | Letrame Grupo Editorial","og_description":"ISBN: 979-13-7012-107-5 SINOPSIS El amor puede ser un refugio o una condena, un sue\u00f1o que acaricia o un abismo que devora. Hay pasiones que incendian el alma y ausencias que dejan fr\u00edo el cuerpo. Amor imposible es la historia de lo que nunca fue, de lo que pudo ser y de lo que, pese a todo, sigue latiendo en la sombra de cada verso. Gabriel Robert Casasayas escribe con la piel abierta, con la nostalgia de lo inalcanzable y la certeza de que hay amores que, aunque duelan, nunca mueren. Habla del deseo que con-sume, de la esperanza que se resiste a desaparecer y de la batalla contra uno mismo cuando el coraz\u00f3n se niega a olvidar. El amor imposible no se apaga, se transforma en ausencia, en susurro, en cicatriz. Se convierte en preguntas sin respuesta, en noches donde la memoria arde y en d\u00edas donde la raz\u00f3n intenta domesticar al coraz\u00f3n sin \u00e9xito. Es un hilo invisible que une lo que fue con lo que nunca ser\u00e1, un eco persistente en el tiempo. Porque hay sentimientos que no necesitan cumplirse para ser verdad, ni cerrarse para dejar de doler.","og_url":"https:\/\/letrame.com\/catalogo\/producto\/amor-imposible\/","og_site_name":"Catalogo | Letrame Grupo Editorial","article_modified_time":"2025-05-22T13:17:14+00:00","og_image":[{"width":384,"height":537,"url":"https:\/\/letrame.com\/catalogo\/wp-content\/uploads\/2025\/05\/Amor-imposible.jpg","type":"image\/jpeg"}],"twitter_card":"summary_large_image","twitter_misc":{"Tiempo de lectura":"2 minutos"},"schema":{"@context":"https:\/\/schema.org","@graph":[{"@type":"WebPage","@id":"https:\/\/letrame.com\/catalogo\/producto\/amor-imposible\/","url":"https:\/\/letrame.com\/catalogo\/producto\/amor-imposible\/","name":"Amor imposible. - Catalogo | Letrame Grupo Editorial","isPartOf":{"@id":"https:\/\/letrame.com\/catalogo\/#website"},"primaryImageOfPage":{"@id":"https:\/\/letrame.com\/catalogo\/producto\/amor-imposible\/#primaryimage"},"image":{"@id":"https:\/\/letrame.com\/catalogo\/producto\/amor-imposible\/#primaryimage"},"thumbnailUrl":"https:\/\/letrame.com\/catalogo\/wp-content\/uploads\/2025\/05\/Amor-imposible.jpg","datePublished":"2025-05-22T13:16:50+00:00","dateModified":"2025-05-22T13:17:14+00:00","breadcrumb":{"@id":"https:\/\/letrame.com\/catalogo\/producto\/amor-imposible\/#breadcrumb"},"inLanguage":"es","potentialAction":[{"@type":"ReadAction","target":["https:\/\/letrame.com\/catalogo\/producto\/amor-imposible\/"]}]},{"@type":"ImageObject","inLanguage":"es","@id":"https:\/\/letrame.com\/catalogo\/producto\/amor-imposible\/#primaryimage","url":"https:\/\/letrame.com\/catalogo\/wp-content\/uploads\/2025\/05\/Amor-imposible.jpg","contentUrl":"https:\/\/letrame.com\/catalogo\/wp-content\/uploads\/2025\/05\/Amor-imposible.jpg","width":384,"height":537},{"@type":"BreadcrumbList","@id":"https:\/\/letrame.com\/catalogo\/producto\/amor-imposible\/#breadcrumb","itemListElement":[{"@type":"ListItem","position":1,"name":"Portada","item":"https:\/\/letrame.com\/catalogo\/"},{"@type":"ListItem","position":2,"name":"Cat\u00e1logo","item":"https:\/\/letrame.com\/catalogo\/"},{"@type":"ListItem","position":3,"name":"Amor imposible."}]},{"@type":"WebSite","@id":"https:\/\/letrame.com\/catalogo\/#website","url":"https:\/\/letrame.com\/catalogo\/","name":"Catalogo | Letrame Grupo Editorial","description":"","publisher":{"@id":"https:\/\/letrame.com\/catalogo\/#organization"},"potentialAction":[{"@type":"SearchAction","target":{"@type":"EntryPoint","urlTemplate":"https:\/\/letrame.com\/catalogo\/?s={search_term_string}"},"query-input":{"@type":"PropertyValueSpecification","valueRequired":true,"valueName":"search_term_string"}}],"inLanguage":"es"},{"@type":"Organization","@id":"https:\/\/letrame.com\/catalogo\/#organization","name":"Catalogo | Letrame Grupo Editorial","url":"https:\/\/letrame.com\/catalogo\/","logo":{"@type":"ImageObject","inLanguage":"es","@id":"https:\/\/letrame.com\/catalogo\/#\/schema\/logo\/image\/","url":"https:\/\/letrame.com\/catalogo\/wp-content\/uploads\/2024\/03\/logo2.webp","contentUrl":"https:\/\/letrame.com\/catalogo\/wp-content\/uploads\/2024\/03\/logo2.webp","width":394,"height":128,"caption":"Catalogo | Letrame Grupo Editorial"},"image":{"@id":"https:\/\/letrame.com\/catalogo\/#\/schema\/logo\/image\/"}}]}},"_links":{"self":[{"href":"https:\/\/letrame.com\/catalogo\/wp-json\/wp\/v2\/product\/108560","targetHints":{"allow":["GET"]}}],"collection":[{"href":"https:\/\/letrame.com\/catalogo\/wp-json\/wp\/v2\/product"}],"about":[{"href":"https:\/\/letrame.com\/catalogo\/wp-json\/wp\/v2\/types\/product"}],"replies":[{"embeddable":true,"href":"https:\/\/letrame.com\/catalogo\/wp-json\/wp\/v2\/comments?post=108560"}],"acf:post":[{"embeddable":true,"href":"https:\/\/letrame.com\/catalogo\/wp-json\/wp\/v2\/author_book\/108504"}],"wp:featuredmedia":[{"embeddable":true,"href":"https:\/\/letrame.com\/catalogo\/wp-json\/wp\/v2\/media\/108561"}],"wp:attachment":[{"href":"https:\/\/letrame.com\/catalogo\/wp-json\/wp\/v2\/media?parent=108560"}],"wp:term":[{"taxonomy":"libro","embeddable":true,"href":"https:\/\/letrame.com\/catalogo\/wp-json\/wp\/v2\/libro?post=108560"},{"taxonomy":"product_brand","embeddable":true,"href":"https:\/\/letrame.com\/catalogo\/wp-json\/wp\/v2\/product_brand?post=108560"},{"taxonomy":"product_cat","embeddable":true,"href":"https:\/\/letrame.com\/catalogo\/wp-json\/wp\/v2\/product_cat?post=108560"},{"taxonomy":"product_tag","embeddable":true,"href":"https:\/\/letrame.com\/catalogo\/wp-json\/wp\/v2\/product_tag?post=108560"}],"curies":[{"name":"wp","href":"https:\/\/api.w.org\/{rel}","templated":true}]}}