{"id":108546,"date":"2025-05-21T08:54:07","date_gmt":"2025-05-21T06:54:07","guid":{"rendered":"https:\/\/letrame.com\/catalogo\/?post_type=product&#038;p=108546"},"modified":"2025-05-21T08:59:44","modified_gmt":"2025-05-21T06:59:44","slug":"las-mujeres-que-me-habitan","status":"publish","type":"product","link":"https:\/\/letrame.com\/catalogo\/producto\/las-mujeres-que-me-habitan\/","title":{"rendered":"Las mujeres que me habitan"},"content":{"rendered":"<p class=\"p2\"><b>ISBN: <\/b>979-13-7012-375-8<\/p>\n<p class=\"p2\"><b>T\u00edtulo: <\/b>Las mujeres que me habitan<br \/>\n<b><br \/>\nFecha: <\/b>2025<b><\/b><\/p>\n<p><strong>P\u00e1ginas<\/strong>: 100<b><\/b><\/p>\n<p class=\"p2\"><b>SINOPSIS<\/b><\/p>\n<p>Cuando casi hab\u00eda alcanzado todos los objetivos que esta cultura me hab\u00eda mostrado como meta de la felicidad, comenc\u00e9 a sentir el mayor vac\u00edo que jam\u00e1s hab\u00eda experimentado. Un vac\u00edo que me dej\u00f3 paralizada de miedo, hel\u00f3 mi sangre, petrific\u00f3 mis huesos y me dej\u00f3 postrada. Lo que parec\u00eda el fin se convirti\u00f3 en el principio, el principio de un camino con una direcci\u00f3n que jam\u00e1s hab\u00eda visto se\u00f1alizada en ning\u00fan cruce, del que ninguna \u00abautoridad\u00bb me hab\u00eda hablado jam\u00e1s como opci\u00f3n, del que ninguna agencia de viajes hab\u00eda hecho folletos. Un viaje hacia m\u00ed.<br \/>\nMi cuerpo dolorido se convirti\u00f3 en una puerta para adentrarme en m\u00ed misma sin rodeos, en un ejercicio de honestidad brutal para con todas mis partes vulneradas, dejando que se hiciera voz todo aquello que, al parecer, no solo yo hab\u00eda callado entre los pliegues de mi carne.<br \/>\nA lo largo de este libro me acompa\u00f1o a m\u00ed misma a nombrarme y nombrar lo que no ha sido nombrado no solo por m\u00ed sino por tantas otras que son otras yoes, acompa\u00f1ando por tanto a las mujeres que lo leen a adentrarse no solo en mi experiencia sino en la suya propia, pues los barrotes de la c\u00e1rcel en la que gran parte de mi alma estaba encerrada est\u00e1n hechos del mismo acero que los de las mujeres que me preceden y coexisten conmigo ahora.<br \/>\nEste libro se convierte para m\u00ed en un viaje sin precedentes a mis paisajes interiores m\u00e1s profundos, realizando una reflexi\u00f3n incisiva, voraz y po\u00e9tica en la que revisar, cuestionar y transformar los mitos culturales construidos durante milenios y que a d\u00eda de hoy siguen limitando mi expresi\u00f3n m\u00e1s aut\u00e9ntica y con ella, la de mis semejantes.<br \/>\nCom\u00fanmente y desde hace demasiado tiempo, la habilidad de las mujeres que me habitan ha residido en asumir las cualidades del camale\u00f3n casi extinto, consistente en adaptarse a su entorno para que este no pudiera ver las maravillas y matices de su aut\u00e9ntica piel. Pero ese largo tiempo, termina hoy.<b><br \/>\n<\/b><\/p>\n","protected":false},"excerpt":{"rendered":"<p><b>ISBN: <\/b>979-13-7012-375-8<b><\/b><\/p>\n<p><strong>SINOPSIS<\/strong><\/p>\n<p>Cuando casi hab\u00eda alcanzado todos los objetivos que esta cultura me hab\u00eda mostrado como meta de la felicidad, comenc\u00e9 a sentir el mayor vac\u00edo que jam\u00e1s hab\u00eda experimentado. Un vac\u00edo que me dej\u00f3 paralizada de miedo, hel\u00f3 mi sangre, petrific\u00f3 mis huesos y me dej\u00f3 postrada. Lo que parec\u00eda el fin se convirti\u00f3 en el principio, el principio de un camino con una direcci\u00f3n que jam\u00e1s hab\u00eda visto se\u00f1alizada en ning\u00fan cruce, del que ninguna \u00abautoridad\u00bb me hab\u00eda hablado jam\u00e1s como opci\u00f3n, del que ninguna agencia de viajes hab\u00eda hecho folletos. Un viaje hacia m\u00ed.<\/p>\n","protected":false},"featured_media":108547,"comment_status":"open","ping_status":"closed","template":"","meta":{"_acf_changed":false},"libro":[],"product_brand":[],"product_cat":[108],"product_tag":[],"class_list":{"0":"post-108546","1":"product","2":"type-product","3":"status-publish","4":"has-post-thumbnail","6":"product_cat-desarrollo-personal-y-autoconocimientonovela-ilustrada","8":"first","9":"instock","10":"shipping-taxable","11":"product-type-simple"},"acf":{"autor":[108549],"enlace_de_compra":"https:\/\/www.amazon.es\/dp\/B0F98Z6GW5"},"yoast_head":"<!-- This site is optimized with the Yoast SEO plugin v27.4 - https:\/\/yoast.com\/product\/yoast-seo-wordpress\/ -->\n<title>Las mujeres que me habitan - Catalogo | Letrame Grupo Editorial<\/title>\n<meta name=\"robots\" content=\"index, follow, max-snippet:-1, max-image-preview:large, max-video-preview:-1\" \/>\n<link rel=\"canonical\" href=\"https:\/\/letrame.com\/catalogo\/producto\/las-mujeres-que-me-habitan\/\" \/>\n<meta property=\"og:locale\" content=\"es_ES\" \/>\n<meta property=\"og:type\" content=\"article\" \/>\n<meta property=\"og:title\" content=\"Las mujeres que me habitan - Catalogo | Letrame Grupo Editorial\" \/>\n<meta property=\"og:description\" content=\"ISBN: 979-13-7012-375-8  SINOPSIS  Cuando casi hab\u00eda alcanzado todos los objetivos que esta cultura me hab\u00eda mostrado como meta de la felicidad, comenc\u00e9 a sentir el mayor vac\u00edo que jam\u00e1s hab\u00eda experimentado. Un vac\u00edo que me dej\u00f3 paralizada de miedo, hel\u00f3 mi sangre, petrific\u00f3 mis huesos y me dej\u00f3 postrada. Lo que parec\u00eda el fin se convirti\u00f3 en el principio, el principio de un camino con una direcci\u00f3n que jam\u00e1s hab\u00eda visto se\u00f1alizada en ning\u00fan cruce, del que ninguna \u00abautoridad\u00bb me hab\u00eda hablado jam\u00e1s como opci\u00f3n, del que ninguna agencia de viajes hab\u00eda hecho folletos. Un viaje hacia m\u00ed.\" \/>\n<meta property=\"og:url\" content=\"https:\/\/letrame.com\/catalogo\/producto\/las-mujeres-que-me-habitan\/\" \/>\n<meta property=\"og:site_name\" content=\"Catalogo | Letrame Grupo Editorial\" \/>\n<meta property=\"article:modified_time\" content=\"2025-05-21T06:59:44+00:00\" \/>\n<meta property=\"og:image\" content=\"https:\/\/letrame.com\/catalogo\/wp-content\/uploads\/2025\/05\/Las-mujeres-que-me-habitan.jpg\" \/>\n\t<meta property=\"og:image:width\" content=\"384\" \/>\n\t<meta property=\"og:image:height\" content=\"537\" \/>\n\t<meta property=\"og:image:type\" content=\"image\/jpeg\" \/>\n<meta name=\"twitter:card\" content=\"summary_large_image\" \/>\n<meta name=\"twitter:label1\" content=\"Tiempo de lectura\" \/>\n\t<meta name=\"twitter:data1\" content=\"2 minutos\" \/>\n<script type=\"application\/ld+json\" class=\"yoast-schema-graph\">{\"@context\":\"https:\\\/\\\/schema.org\",\"@graph\":[{\"@type\":\"WebPage\",\"@id\":\"https:\\\/\\\/letrame.com\\\/catalogo\\\/producto\\\/las-mujeres-que-me-habitan\\\/\",\"url\":\"https:\\\/\\\/letrame.com\\\/catalogo\\\/producto\\\/las-mujeres-que-me-habitan\\\/\",\"name\":\"Las mujeres que me habitan - Catalogo | Letrame Grupo Editorial\",\"isPartOf\":{\"@id\":\"https:\\\/\\\/letrame.com\\\/catalogo\\\/#website\"},\"primaryImageOfPage\":{\"@id\":\"https:\\\/\\\/letrame.com\\\/catalogo\\\/producto\\\/las-mujeres-que-me-habitan\\\/#primaryimage\"},\"image\":{\"@id\":\"https:\\\/\\\/letrame.com\\\/catalogo\\\/producto\\\/las-mujeres-que-me-habitan\\\/#primaryimage\"},\"thumbnailUrl\":\"https:\\\/\\\/letrame.com\\\/catalogo\\\/wp-content\\\/uploads\\\/2025\\\/05\\\/Las-mujeres-que-me-habitan.jpg\",\"datePublished\":\"2025-05-21T06:54:07+00:00\",\"dateModified\":\"2025-05-21T06:59:44+00:00\",\"breadcrumb\":{\"@id\":\"https:\\\/\\\/letrame.com\\\/catalogo\\\/producto\\\/las-mujeres-que-me-habitan\\\/#breadcrumb\"},\"inLanguage\":\"es\",\"potentialAction\":[{\"@type\":\"ReadAction\",\"target\":[\"https:\\\/\\\/letrame.com\\\/catalogo\\\/producto\\\/las-mujeres-que-me-habitan\\\/\"]}]},{\"@type\":\"ImageObject\",\"inLanguage\":\"es\",\"@id\":\"https:\\\/\\\/letrame.com\\\/catalogo\\\/producto\\\/las-mujeres-que-me-habitan\\\/#primaryimage\",\"url\":\"https:\\\/\\\/letrame.com\\\/catalogo\\\/wp-content\\\/uploads\\\/2025\\\/05\\\/Las-mujeres-que-me-habitan.jpg\",\"contentUrl\":\"https:\\\/\\\/letrame.com\\\/catalogo\\\/wp-content\\\/uploads\\\/2025\\\/05\\\/Las-mujeres-que-me-habitan.jpg\",\"width\":384,\"height\":537},{\"@type\":\"BreadcrumbList\",\"@id\":\"https:\\\/\\\/letrame.com\\\/catalogo\\\/producto\\\/las-mujeres-que-me-habitan\\\/#breadcrumb\",\"itemListElement\":[{\"@type\":\"ListItem\",\"position\":1,\"name\":\"Portada\",\"item\":\"https:\\\/\\\/letrame.com\\\/catalogo\\\/\"},{\"@type\":\"ListItem\",\"position\":2,\"name\":\"Cat\u00e1logo\",\"item\":\"https:\\\/\\\/letrame.com\\\/catalogo\\\/\"},{\"@type\":\"ListItem\",\"position\":3,\"name\":\"Las mujeres que me habitan\"}]},{\"@type\":\"WebSite\",\"@id\":\"https:\\\/\\\/letrame.com\\\/catalogo\\\/#website\",\"url\":\"https:\\\/\\\/letrame.com\\\/catalogo\\\/\",\"name\":\"Catalogo | Letrame Grupo Editorial\",\"description\":\"\",\"publisher\":{\"@id\":\"https:\\\/\\\/letrame.com\\\/catalogo\\\/#organization\"},\"potentialAction\":[{\"@type\":\"SearchAction\",\"target\":{\"@type\":\"EntryPoint\",\"urlTemplate\":\"https:\\\/\\\/letrame.com\\\/catalogo\\\/?s={search_term_string}\"},\"query-input\":{\"@type\":\"PropertyValueSpecification\",\"valueRequired\":true,\"valueName\":\"search_term_string\"}}],\"inLanguage\":\"es\"},{\"@type\":\"Organization\",\"@id\":\"https:\\\/\\\/letrame.com\\\/catalogo\\\/#organization\",\"name\":\"Catalogo | Letrame Grupo Editorial\",\"url\":\"https:\\\/\\\/letrame.com\\\/catalogo\\\/\",\"logo\":{\"@type\":\"ImageObject\",\"inLanguage\":\"es\",\"@id\":\"https:\\\/\\\/letrame.com\\\/catalogo\\\/#\\\/schema\\\/logo\\\/image\\\/\",\"url\":\"https:\\\/\\\/letrame.com\\\/catalogo\\\/wp-content\\\/uploads\\\/2024\\\/03\\\/logo2.webp\",\"contentUrl\":\"https:\\\/\\\/letrame.com\\\/catalogo\\\/wp-content\\\/uploads\\\/2024\\\/03\\\/logo2.webp\",\"width\":394,\"height\":128,\"caption\":\"Catalogo | Letrame Grupo Editorial\"},\"image\":{\"@id\":\"https:\\\/\\\/letrame.com\\\/catalogo\\\/#\\\/schema\\\/logo\\\/image\\\/\"}}]}<\/script>\n<!-- \/ Yoast SEO plugin. -->","yoast_head_json":{"title":"Las mujeres que me habitan - Catalogo | Letrame Grupo Editorial","robots":{"index":"index","follow":"follow","max-snippet":"max-snippet:-1","max-image-preview":"max-image-preview:large","max-video-preview":"max-video-preview:-1"},"canonical":"https:\/\/letrame.com\/catalogo\/producto\/las-mujeres-que-me-habitan\/","og_locale":"es_ES","og_type":"article","og_title":"Las mujeres que me habitan - Catalogo | Letrame Grupo Editorial","og_description":"ISBN: 979-13-7012-375-8  SINOPSIS  Cuando casi hab\u00eda alcanzado todos los objetivos que esta cultura me hab\u00eda mostrado como meta de la felicidad, comenc\u00e9 a sentir el mayor vac\u00edo que jam\u00e1s hab\u00eda experimentado. Un vac\u00edo que me dej\u00f3 paralizada de miedo, hel\u00f3 mi sangre, petrific\u00f3 mis huesos y me dej\u00f3 postrada. Lo que parec\u00eda el fin se convirti\u00f3 en el principio, el principio de un camino con una direcci\u00f3n que jam\u00e1s hab\u00eda visto se\u00f1alizada en ning\u00fan cruce, del que ninguna \u00abautoridad\u00bb me hab\u00eda hablado jam\u00e1s como opci\u00f3n, del que ninguna agencia de viajes hab\u00eda hecho folletos. Un viaje hacia m\u00ed.","og_url":"https:\/\/letrame.com\/catalogo\/producto\/las-mujeres-que-me-habitan\/","og_site_name":"Catalogo | Letrame Grupo Editorial","article_modified_time":"2025-05-21T06:59:44+00:00","og_image":[{"width":384,"height":537,"url":"https:\/\/letrame.com\/catalogo\/wp-content\/uploads\/2025\/05\/Las-mujeres-que-me-habitan.jpg","type":"image\/jpeg"}],"twitter_card":"summary_large_image","twitter_misc":{"Tiempo de lectura":"2 minutos"},"schema":{"@context":"https:\/\/schema.org","@graph":[{"@type":"WebPage","@id":"https:\/\/letrame.com\/catalogo\/producto\/las-mujeres-que-me-habitan\/","url":"https:\/\/letrame.com\/catalogo\/producto\/las-mujeres-que-me-habitan\/","name":"Las mujeres que me habitan - Catalogo | Letrame Grupo Editorial","isPartOf":{"@id":"https:\/\/letrame.com\/catalogo\/#website"},"primaryImageOfPage":{"@id":"https:\/\/letrame.com\/catalogo\/producto\/las-mujeres-que-me-habitan\/#primaryimage"},"image":{"@id":"https:\/\/letrame.com\/catalogo\/producto\/las-mujeres-que-me-habitan\/#primaryimage"},"thumbnailUrl":"https:\/\/letrame.com\/catalogo\/wp-content\/uploads\/2025\/05\/Las-mujeres-que-me-habitan.jpg","datePublished":"2025-05-21T06:54:07+00:00","dateModified":"2025-05-21T06:59:44+00:00","breadcrumb":{"@id":"https:\/\/letrame.com\/catalogo\/producto\/las-mujeres-que-me-habitan\/#breadcrumb"},"inLanguage":"es","potentialAction":[{"@type":"ReadAction","target":["https:\/\/letrame.com\/catalogo\/producto\/las-mujeres-que-me-habitan\/"]}]},{"@type":"ImageObject","inLanguage":"es","@id":"https:\/\/letrame.com\/catalogo\/producto\/las-mujeres-que-me-habitan\/#primaryimage","url":"https:\/\/letrame.com\/catalogo\/wp-content\/uploads\/2025\/05\/Las-mujeres-que-me-habitan.jpg","contentUrl":"https:\/\/letrame.com\/catalogo\/wp-content\/uploads\/2025\/05\/Las-mujeres-que-me-habitan.jpg","width":384,"height":537},{"@type":"BreadcrumbList","@id":"https:\/\/letrame.com\/catalogo\/producto\/las-mujeres-que-me-habitan\/#breadcrumb","itemListElement":[{"@type":"ListItem","position":1,"name":"Portada","item":"https:\/\/letrame.com\/catalogo\/"},{"@type":"ListItem","position":2,"name":"Cat\u00e1logo","item":"https:\/\/letrame.com\/catalogo\/"},{"@type":"ListItem","position":3,"name":"Las mujeres que me habitan"}]},{"@type":"WebSite","@id":"https:\/\/letrame.com\/catalogo\/#website","url":"https:\/\/letrame.com\/catalogo\/","name":"Catalogo | Letrame Grupo Editorial","description":"","publisher":{"@id":"https:\/\/letrame.com\/catalogo\/#organization"},"potentialAction":[{"@type":"SearchAction","target":{"@type":"EntryPoint","urlTemplate":"https:\/\/letrame.com\/catalogo\/?s={search_term_string}"},"query-input":{"@type":"PropertyValueSpecification","valueRequired":true,"valueName":"search_term_string"}}],"inLanguage":"es"},{"@type":"Organization","@id":"https:\/\/letrame.com\/catalogo\/#organization","name":"Catalogo | Letrame Grupo Editorial","url":"https:\/\/letrame.com\/catalogo\/","logo":{"@type":"ImageObject","inLanguage":"es","@id":"https:\/\/letrame.com\/catalogo\/#\/schema\/logo\/image\/","url":"https:\/\/letrame.com\/catalogo\/wp-content\/uploads\/2024\/03\/logo2.webp","contentUrl":"https:\/\/letrame.com\/catalogo\/wp-content\/uploads\/2024\/03\/logo2.webp","width":394,"height":128,"caption":"Catalogo | Letrame Grupo Editorial"},"image":{"@id":"https:\/\/letrame.com\/catalogo\/#\/schema\/logo\/image\/"}}]}},"_links":{"self":[{"href":"https:\/\/letrame.com\/catalogo\/wp-json\/wp\/v2\/product\/108546","targetHints":{"allow":["GET"]}}],"collection":[{"href":"https:\/\/letrame.com\/catalogo\/wp-json\/wp\/v2\/product"}],"about":[{"href":"https:\/\/letrame.com\/catalogo\/wp-json\/wp\/v2\/types\/product"}],"replies":[{"embeddable":true,"href":"https:\/\/letrame.com\/catalogo\/wp-json\/wp\/v2\/comments?post=108546"}],"acf:post":[{"embeddable":true,"href":"https:\/\/letrame.com\/catalogo\/wp-json\/wp\/v2\/author_book\/108549"}],"wp:featuredmedia":[{"embeddable":true,"href":"https:\/\/letrame.com\/catalogo\/wp-json\/wp\/v2\/media\/108547"}],"wp:attachment":[{"href":"https:\/\/letrame.com\/catalogo\/wp-json\/wp\/v2\/media?parent=108546"}],"wp:term":[{"taxonomy":"libro","embeddable":true,"href":"https:\/\/letrame.com\/catalogo\/wp-json\/wp\/v2\/libro?post=108546"},{"taxonomy":"product_brand","embeddable":true,"href":"https:\/\/letrame.com\/catalogo\/wp-json\/wp\/v2\/product_brand?post=108546"},{"taxonomy":"product_cat","embeddable":true,"href":"https:\/\/letrame.com\/catalogo\/wp-json\/wp\/v2\/product_cat?post=108546"},{"taxonomy":"product_tag","embeddable":true,"href":"https:\/\/letrame.com\/catalogo\/wp-json\/wp\/v2\/product_tag?post=108546"}],"curies":[{"name":"wp","href":"https:\/\/api.w.org\/{rel}","templated":true}]}}