{"id":108528,"date":"2025-05-20T09:09:19","date_gmt":"2025-05-20T07:09:19","guid":{"rendered":"https:\/\/letrame.com\/catalogo\/?post_type=product&#038;p=108528"},"modified":"2025-05-23T12:42:19","modified_gmt":"2025-05-23T10:42:19","slug":"puto-algoritmo","status":"publish","type":"product","link":"https:\/\/letrame.com\/catalogo\/producto\/puto-algoritmo\/","title":{"rendered":"\u00a1Puto algoritmo!"},"content":{"rendered":"<p class=\"p1\"><b>ISBN: <\/b>9791370122713<\/p>\n<p class=\"p1\"><b>T\u00edtulo: <\/b>\u00a1Puto algoritmo!<b><\/b><\/p>\n<p><strong>Fecha<\/strong>: 2025<b><\/b><\/p>\n<p><b>P\u00e1ginas: <\/b>322<b><\/b><\/p>\n<p class=\"p1\"><b>SINOPSIS<\/b><\/p>\n<p>\u00bfTe atrever\u00edas a saber c\u00f3mo y cu\u00e1ndo vas a morir?<br \/>\n\u00bfEse conocimiento te har\u00eda libre&#8230; o ser\u00eda tu condena?<br \/>\nLa creaci\u00f3n de Ada Casals parec\u00eda un descubrimiento extraordinario, pero se ha convertido en una maldici\u00f3n. Su avance revolucionario ha despertado el inter\u00e9s de quienes desean controlarlo o destruirlo.<br \/>\nAlguien est\u00e1 dispuesto a todo para poseer lo que ella ha creado.<br \/>\nAlguien que no acepta un \u00abno\u00bb por respuesta.<br \/>\nADA HA DESCUBIERTO ALGO M\u00c1S ATERRADOR QUE LA PROPIA MUERTE.<br \/>\nY ahora, debe luchar para evitar que caiga en las manos equivocadas.<br \/>\nLA VERDAD NO SIEMPRE LIBERA.<br \/>\nA VECES, ATRAPA.<b><br \/>\n<\/b><\/p>\n","protected":false},"excerpt":{"rendered":"<p><b>ISBN: <\/b>9791370122713<b><\/b><\/p>\n<p><strong>SINOPSIS<\/strong><\/p>\n<p>\u00bfTe atrever\u00edas a saber c\u00f3mo y cu\u00e1ndo vas a morir?<br \/>\n\u00bfEse conocimiento te har\u00eda libre&#8230; o ser\u00eda tu condena?<br \/>\nLa creaci\u00f3n de Ada Casals parec\u00eda un descubrimiento extraordinario, pero se ha convertido en una maldici\u00f3n. Su avance revolucionario ha despertado el inter\u00e9s de quienes desean controlarlo o destruirlo.<br \/>\nAlguien est\u00e1 dispuesto a todo para poseer lo que ella ha creado.<br \/>\nAlguien que no acepta un \u00abno\u00bb por respuesta.<br \/>\nADA HA DESCUBIERTO ALGO M\u00c1S ATERRADOR QUE LA PROPIA MUERTE.<br \/>\nY ahora, debe luchar para evitar que caiga en las manos equivocadas.<br \/>\nLA VERDAD NO SIEMPRE LIBERA.<br \/>\nA VECES, ATRAPA.<\/p>\n","protected":false},"featured_media":108529,"comment_status":"open","ping_status":"closed","template":"","meta":{"_acf_changed":false},"libro":[],"product_brand":[],"product_cat":[47],"product_tag":[],"class_list":{"0":"post-108528","1":"product","2":"type-product","3":"status-publish","4":"has-post-thumbnail","6":"product_cat-ciencia-ficcion-misterio","8":"first","9":"instock","10":"shipping-taxable","11":"product-type-simple"},"acf":{"autor":[108530],"enlace_de_compra":"https:\/\/www.amazon.es\/dp\/B0F9DBG6XG"},"yoast_head":"<!-- This site is optimized with the Yoast SEO plugin v26.6 - https:\/\/yoast.com\/wordpress\/plugins\/seo\/ -->\n<title>\u00a1Puto algoritmo! - Catalogo | Letrame Grupo Editorial<\/title>\n<meta name=\"robots\" content=\"index, follow, max-snippet:-1, max-image-preview:large, max-video-preview:-1\" \/>\n<link rel=\"canonical\" href=\"https:\/\/letrame.com\/catalogo\/producto\/puto-algoritmo\/\" \/>\n<meta property=\"og:locale\" content=\"es_ES\" \/>\n<meta property=\"og:type\" content=\"article\" \/>\n<meta property=\"og:title\" content=\"\u00a1Puto algoritmo! - Catalogo | Letrame Grupo Editorial\" \/>\n<meta property=\"og:description\" content=\"ISBN: 9791370122713  SINOPSIS  \u00bfTe atrever\u00edas a saber c\u00f3mo y cu\u00e1ndo vas a morir? \u00bfEse conocimiento te har\u00eda libre... o ser\u00eda tu condena? La creaci\u00f3n de Ada Casals parec\u00eda un descubrimiento extraordinario, pero se ha convertido en una maldici\u00f3n. Su avance revolucionario ha despertado el inter\u00e9s de quienes desean controlarlo o destruirlo. Alguien est\u00e1 dispuesto a todo para poseer lo que ella ha creado. Alguien que no acepta un \u00abno\u00bb por respuesta. ADA HA DESCUBIERTO ALGO M\u00c1S ATERRADOR QUE LA PROPIA MUERTE. Y ahora, debe luchar para evitar que caiga en las manos equivocadas. LA VERDAD NO SIEMPRE LIBERA. A VECES, ATRAPA.\" \/>\n<meta property=\"og:url\" content=\"https:\/\/letrame.com\/catalogo\/producto\/puto-algoritmo\/\" \/>\n<meta property=\"og:site_name\" content=\"Catalogo | Letrame Grupo Editorial\" \/>\n<meta property=\"article:modified_time\" content=\"2025-05-23T10:42:19+00:00\" \/>\n<meta property=\"og:image\" content=\"https:\/\/letrame.com\/catalogo\/wp-content\/uploads\/2025\/05\/\u00a1puto-algoritmo.jpg\" \/>\n\t<meta property=\"og:image:width\" content=\"354\" \/>\n\t<meta property=\"og:image:height\" content=\"520\" \/>\n\t<meta property=\"og:image:type\" content=\"image\/jpeg\" \/>\n<meta name=\"twitter:card\" content=\"summary_large_image\" \/>\n<meta name=\"twitter:label1\" content=\"Tiempo de lectura\" \/>\n\t<meta name=\"twitter:data1\" content=\"1 minuto\" \/>\n<script type=\"application\/ld+json\" class=\"yoast-schema-graph\">{\"@context\":\"https:\/\/schema.org\",\"@graph\":[{\"@type\":\"WebPage\",\"@id\":\"https:\/\/letrame.com\/catalogo\/producto\/puto-algoritmo\/\",\"url\":\"https:\/\/letrame.com\/catalogo\/producto\/puto-algoritmo\/\",\"name\":\"\u00a1Puto algoritmo! - Catalogo | Letrame Grupo Editorial\",\"isPartOf\":{\"@id\":\"https:\/\/letrame.com\/catalogo\/#website\"},\"primaryImageOfPage\":{\"@id\":\"https:\/\/letrame.com\/catalogo\/producto\/puto-algoritmo\/#primaryimage\"},\"image\":{\"@id\":\"https:\/\/letrame.com\/catalogo\/producto\/puto-algoritmo\/#primaryimage\"},\"thumbnailUrl\":\"https:\/\/letrame.com\/catalogo\/wp-content\/uploads\/2025\/05\/\u00a1puto-algoritmo.jpg\",\"datePublished\":\"2025-05-20T07:09:19+00:00\",\"dateModified\":\"2025-05-23T10:42:19+00:00\",\"breadcrumb\":{\"@id\":\"https:\/\/letrame.com\/catalogo\/producto\/puto-algoritmo\/#breadcrumb\"},\"inLanguage\":\"es\",\"potentialAction\":[{\"@type\":\"ReadAction\",\"target\":[\"https:\/\/letrame.com\/catalogo\/producto\/puto-algoritmo\/\"]}]},{\"@type\":\"ImageObject\",\"inLanguage\":\"es\",\"@id\":\"https:\/\/letrame.com\/catalogo\/producto\/puto-algoritmo\/#primaryimage\",\"url\":\"https:\/\/letrame.com\/catalogo\/wp-content\/uploads\/2025\/05\/\u00a1puto-algoritmo.jpg\",\"contentUrl\":\"https:\/\/letrame.com\/catalogo\/wp-content\/uploads\/2025\/05\/\u00a1puto-algoritmo.jpg\",\"width\":354,\"height\":520},{\"@type\":\"BreadcrumbList\",\"@id\":\"https:\/\/letrame.com\/catalogo\/producto\/puto-algoritmo\/#breadcrumb\",\"itemListElement\":[{\"@type\":\"ListItem\",\"position\":1,\"name\":\"Portada\",\"item\":\"https:\/\/letrame.com\/catalogo\/\"},{\"@type\":\"ListItem\",\"position\":2,\"name\":\"Cat\u00e1logo\",\"item\":\"https:\/\/letrame.com\/catalogo\/\"},{\"@type\":\"ListItem\",\"position\":3,\"name\":\"\u00a1Puto algoritmo!\"}]},{\"@type\":\"WebSite\",\"@id\":\"https:\/\/letrame.com\/catalogo\/#website\",\"url\":\"https:\/\/letrame.com\/catalogo\/\",\"name\":\"Catalogo | Letrame Grupo Editorial\",\"description\":\"\",\"publisher\":{\"@id\":\"https:\/\/letrame.com\/catalogo\/#organization\"},\"potentialAction\":[{\"@type\":\"SearchAction\",\"target\":{\"@type\":\"EntryPoint\",\"urlTemplate\":\"https:\/\/letrame.com\/catalogo\/?s={search_term_string}\"},\"query-input\":{\"@type\":\"PropertyValueSpecification\",\"valueRequired\":true,\"valueName\":\"search_term_string\"}}],\"inLanguage\":\"es\"},{\"@type\":\"Organization\",\"@id\":\"https:\/\/letrame.com\/catalogo\/#organization\",\"name\":\"Catalogo | Letrame Grupo Editorial\",\"url\":\"https:\/\/letrame.com\/catalogo\/\",\"logo\":{\"@type\":\"ImageObject\",\"inLanguage\":\"es\",\"@id\":\"https:\/\/letrame.com\/catalogo\/#\/schema\/logo\/image\/\",\"url\":\"https:\/\/letrame.com\/catalogo\/wp-content\/uploads\/2024\/03\/logo2.webp\",\"contentUrl\":\"https:\/\/letrame.com\/catalogo\/wp-content\/uploads\/2024\/03\/logo2.webp\",\"width\":394,\"height\":128,\"caption\":\"Catalogo | Letrame Grupo Editorial\"},\"image\":{\"@id\":\"https:\/\/letrame.com\/catalogo\/#\/schema\/logo\/image\/\"}}]}<\/script>\n<!-- \/ Yoast SEO plugin. -->","yoast_head_json":{"title":"\u00a1Puto algoritmo! - Catalogo | Letrame Grupo Editorial","robots":{"index":"index","follow":"follow","max-snippet":"max-snippet:-1","max-image-preview":"max-image-preview:large","max-video-preview":"max-video-preview:-1"},"canonical":"https:\/\/letrame.com\/catalogo\/producto\/puto-algoritmo\/","og_locale":"es_ES","og_type":"article","og_title":"\u00a1Puto algoritmo! - Catalogo | Letrame Grupo Editorial","og_description":"ISBN: 9791370122713  SINOPSIS  \u00bfTe atrever\u00edas a saber c\u00f3mo y cu\u00e1ndo vas a morir? \u00bfEse conocimiento te har\u00eda libre... o ser\u00eda tu condena? La creaci\u00f3n de Ada Casals parec\u00eda un descubrimiento extraordinario, pero se ha convertido en una maldici\u00f3n. Su avance revolucionario ha despertado el inter\u00e9s de quienes desean controlarlo o destruirlo. Alguien est\u00e1 dispuesto a todo para poseer lo que ella ha creado. Alguien que no acepta un \u00abno\u00bb por respuesta. ADA HA DESCUBIERTO ALGO M\u00c1S ATERRADOR QUE LA PROPIA MUERTE. Y ahora, debe luchar para evitar que caiga en las manos equivocadas. LA VERDAD NO SIEMPRE LIBERA. A VECES, ATRAPA.","og_url":"https:\/\/letrame.com\/catalogo\/producto\/puto-algoritmo\/","og_site_name":"Catalogo | Letrame Grupo Editorial","article_modified_time":"2025-05-23T10:42:19+00:00","og_image":[{"width":354,"height":520,"url":"https:\/\/letrame.com\/catalogo\/wp-content\/uploads\/2025\/05\/\u00a1puto-algoritmo.jpg","type":"image\/jpeg"}],"twitter_card":"summary_large_image","twitter_misc":{"Tiempo de lectura":"1 minuto"},"schema":{"@context":"https:\/\/schema.org","@graph":[{"@type":"WebPage","@id":"https:\/\/letrame.com\/catalogo\/producto\/puto-algoritmo\/","url":"https:\/\/letrame.com\/catalogo\/producto\/puto-algoritmo\/","name":"\u00a1Puto algoritmo! - Catalogo | Letrame Grupo Editorial","isPartOf":{"@id":"https:\/\/letrame.com\/catalogo\/#website"},"primaryImageOfPage":{"@id":"https:\/\/letrame.com\/catalogo\/producto\/puto-algoritmo\/#primaryimage"},"image":{"@id":"https:\/\/letrame.com\/catalogo\/producto\/puto-algoritmo\/#primaryimage"},"thumbnailUrl":"https:\/\/letrame.com\/catalogo\/wp-content\/uploads\/2025\/05\/\u00a1puto-algoritmo.jpg","datePublished":"2025-05-20T07:09:19+00:00","dateModified":"2025-05-23T10:42:19+00:00","breadcrumb":{"@id":"https:\/\/letrame.com\/catalogo\/producto\/puto-algoritmo\/#breadcrumb"},"inLanguage":"es","potentialAction":[{"@type":"ReadAction","target":["https:\/\/letrame.com\/catalogo\/producto\/puto-algoritmo\/"]}]},{"@type":"ImageObject","inLanguage":"es","@id":"https:\/\/letrame.com\/catalogo\/producto\/puto-algoritmo\/#primaryimage","url":"https:\/\/letrame.com\/catalogo\/wp-content\/uploads\/2025\/05\/\u00a1puto-algoritmo.jpg","contentUrl":"https:\/\/letrame.com\/catalogo\/wp-content\/uploads\/2025\/05\/\u00a1puto-algoritmo.jpg","width":354,"height":520},{"@type":"BreadcrumbList","@id":"https:\/\/letrame.com\/catalogo\/producto\/puto-algoritmo\/#breadcrumb","itemListElement":[{"@type":"ListItem","position":1,"name":"Portada","item":"https:\/\/letrame.com\/catalogo\/"},{"@type":"ListItem","position":2,"name":"Cat\u00e1logo","item":"https:\/\/letrame.com\/catalogo\/"},{"@type":"ListItem","position":3,"name":"\u00a1Puto algoritmo!"}]},{"@type":"WebSite","@id":"https:\/\/letrame.com\/catalogo\/#website","url":"https:\/\/letrame.com\/catalogo\/","name":"Catalogo | Letrame Grupo Editorial","description":"","publisher":{"@id":"https:\/\/letrame.com\/catalogo\/#organization"},"potentialAction":[{"@type":"SearchAction","target":{"@type":"EntryPoint","urlTemplate":"https:\/\/letrame.com\/catalogo\/?s={search_term_string}"},"query-input":{"@type":"PropertyValueSpecification","valueRequired":true,"valueName":"search_term_string"}}],"inLanguage":"es"},{"@type":"Organization","@id":"https:\/\/letrame.com\/catalogo\/#organization","name":"Catalogo | Letrame Grupo Editorial","url":"https:\/\/letrame.com\/catalogo\/","logo":{"@type":"ImageObject","inLanguage":"es","@id":"https:\/\/letrame.com\/catalogo\/#\/schema\/logo\/image\/","url":"https:\/\/letrame.com\/catalogo\/wp-content\/uploads\/2024\/03\/logo2.webp","contentUrl":"https:\/\/letrame.com\/catalogo\/wp-content\/uploads\/2024\/03\/logo2.webp","width":394,"height":128,"caption":"Catalogo | Letrame Grupo Editorial"},"image":{"@id":"https:\/\/letrame.com\/catalogo\/#\/schema\/logo\/image\/"}}]}},"_links":{"self":[{"href":"https:\/\/letrame.com\/catalogo\/wp-json\/wp\/v2\/product\/108528","targetHints":{"allow":["GET"]}}],"collection":[{"href":"https:\/\/letrame.com\/catalogo\/wp-json\/wp\/v2\/product"}],"about":[{"href":"https:\/\/letrame.com\/catalogo\/wp-json\/wp\/v2\/types\/product"}],"replies":[{"embeddable":true,"href":"https:\/\/letrame.com\/catalogo\/wp-json\/wp\/v2\/comments?post=108528"}],"acf:post":[{"embeddable":true,"href":"https:\/\/letrame.com\/catalogo\/wp-json\/wp\/v2\/author_book\/108530"}],"wp:featuredmedia":[{"embeddable":true,"href":"https:\/\/letrame.com\/catalogo\/wp-json\/wp\/v2\/media\/108529"}],"wp:attachment":[{"href":"https:\/\/letrame.com\/catalogo\/wp-json\/wp\/v2\/media?parent=108528"}],"wp:term":[{"taxonomy":"libro","embeddable":true,"href":"https:\/\/letrame.com\/catalogo\/wp-json\/wp\/v2\/libro?post=108528"},{"taxonomy":"product_brand","embeddable":true,"href":"https:\/\/letrame.com\/catalogo\/wp-json\/wp\/v2\/product_brand?post=108528"},{"taxonomy":"product_cat","embeddable":true,"href":"https:\/\/letrame.com\/catalogo\/wp-json\/wp\/v2\/product_cat?post=108528"},{"taxonomy":"product_tag","embeddable":true,"href":"https:\/\/letrame.com\/catalogo\/wp-json\/wp\/v2\/product_tag?post=108528"}],"curies":[{"name":"wp","href":"https:\/\/api.w.org\/{rel}","templated":true}]}}