{"id":108517,"date":"2025-05-14T11:07:51","date_gmt":"2025-05-14T09:07:51","guid":{"rendered":"https:\/\/letrame.com\/catalogo\/?post_type=product&#038;p=108517"},"modified":"2025-05-14T11:17:14","modified_gmt":"2025-05-14T09:17:14","slug":"fin-del-juego","status":"publish","type":"product","link":"https:\/\/letrame.com\/catalogo\/producto\/fin-del-juego\/","title":{"rendered":"\u00bfFin del juego?"},"content":{"rendered":"<p class=\"p1\"><b>ISBN: <\/b>9788410899971<b><\/b><\/p>\n<p class=\"p1\"><b>T\u00edtulo: <\/b>\u00bfFin del juego?<b><\/b><\/p>\n<p><strong>Fecha<\/strong>: 2025<b><\/b><\/p>\n<p><strong>P\u00e1ginas<\/strong>: 222<b><\/b><\/p>\n<p class=\"p1\"><b>SINOPSIS<\/b><\/p>\n<p>Charlie vive felizmente en su moderno apartamento junto a Rebeca. Rebeca prepara entusiasmada su participaci\u00f3n en un famoso concurso de cocina con el objetivo de ganar una atractiva suma de dinero junto con una beca en uno de los mejores restaurantes de Londres. Cuando ella destapa su plato ante la atenta mirada del p\u00fablico, descubre algo que le dejar\u00e1 sin aliento.<br \/>\nA partir de ah\u00ed, una serie de extra\u00f1as circunstancias les perseguir\u00e1n a Charlie y a Rebeca haciendo que la situaci\u00f3n solo siga empeorando cada vez m\u00e1s. Un repentino viaje a Par\u00eds hace que nuestros protagonistas tengan que separarse y tratar de resolver el misterio cada uno por su lado&#8230; \u00bfSer\u00e1n capaces de conseguir sus objetivos y salir ilesos? Traiciones, un oscuro pasado, miedos y unos cuantos kil\u00f3metros de distancia har\u00e1n que finalmente acaben viviendo un amargo desamor y un giro en su vida. Ahora, solo ellos tienen el destino en sus manos.<br \/>\nLa combinaci\u00f3n de g\u00e9neros entre misterio, romance y superaci\u00f3n personal hacen de \u00e9sta una emocionante obra que no te dejar\u00e1 indiferente. Sus giros inesperados no dejar\u00e1n de sorprenderte a lo largo de toda la historia.<b><br \/>\n<\/b><\/p>\n","protected":false},"excerpt":{"rendered":"<p><b>ISBN: <\/b>9788410899971<b><\/b><\/p>\n<p><strong>SINOPSIS<\/strong><\/p>\n<p>Charlie vive felizmente en su moderno apartamento junto a Rebeca. Rebeca prepara entusiasmada su participaci\u00f3n en un famoso concurso de cocina con el objetivo de ganar una atractiva suma de dinero junto con una beca en uno de los mejores restaurantes de Londres. Cuando ella destapa su plato ante la atenta mirada del p\u00fablico, descubre algo que le dejar\u00e1 sin aliento.<\/p>\n","protected":false},"featured_media":108518,"comment_status":"open","ping_status":"closed","template":"","meta":{"_acf_changed":false},"libro":[],"product_brand":[],"product_cat":[57],"product_tag":[],"class_list":{"0":"post-108517","1":"product","2":"type-product","3":"status-publish","4":"has-post-thumbnail","6":"product_cat-suspenso","8":"first","9":"instock","10":"shipping-taxable","11":"product-type-simple"},"acf":{"autor":[75650],"enlace_de_compra":"https:\/\/www.amazon.es\/dp\/8410899973"},"yoast_head":"<!-- This site is optimized with the Yoast SEO plugin v26.6 - https:\/\/yoast.com\/wordpress\/plugins\/seo\/ -->\n<title>\u00bfFin del juego? - Catalogo | Letrame Grupo Editorial<\/title>\n<meta name=\"robots\" content=\"index, follow, max-snippet:-1, max-image-preview:large, max-video-preview:-1\" \/>\n<link rel=\"canonical\" href=\"https:\/\/letrame.com\/catalogo\/producto\/fin-del-juego\/\" \/>\n<meta property=\"og:locale\" content=\"es_ES\" \/>\n<meta property=\"og:type\" content=\"article\" \/>\n<meta property=\"og:title\" content=\"\u00bfFin del juego? - Catalogo | Letrame Grupo Editorial\" \/>\n<meta property=\"og:description\" content=\"ISBN: 9788410899971  SINOPSIS  Charlie vive felizmente en su moderno apartamento junto a Rebeca. Rebeca prepara entusiasmada su participaci\u00f3n en un famoso concurso de cocina con el objetivo de ganar una atractiva suma de dinero junto con una beca en uno de los mejores restaurantes de Londres. Cuando ella destapa su plato ante la atenta mirada del p\u00fablico, descubre algo que le dejar\u00e1 sin aliento.\" \/>\n<meta property=\"og:url\" content=\"https:\/\/letrame.com\/catalogo\/producto\/fin-del-juego\/\" \/>\n<meta property=\"og:site_name\" content=\"Catalogo | Letrame Grupo Editorial\" \/>\n<meta property=\"article:modified_time\" content=\"2025-05-14T09:17:14+00:00\" \/>\n<meta property=\"og:image\" content=\"https:\/\/letrame.com\/catalogo\/wp-content\/uploads\/2025\/05\/\u00bfFin-del-juego-.jpg\" \/>\n\t<meta property=\"og:image:width\" content=\"354\" \/>\n\t<meta property=\"og:image:height\" content=\"520\" \/>\n\t<meta property=\"og:image:type\" content=\"image\/jpeg\" \/>\n<meta name=\"twitter:card\" content=\"summary_large_image\" \/>\n<meta name=\"twitter:label1\" content=\"Tiempo de lectura\" \/>\n\t<meta name=\"twitter:data1\" content=\"2 minutos\" \/>\n<script type=\"application\/ld+json\" class=\"yoast-schema-graph\">{\"@context\":\"https:\/\/schema.org\",\"@graph\":[{\"@type\":\"WebPage\",\"@id\":\"https:\/\/letrame.com\/catalogo\/producto\/fin-del-juego\/\",\"url\":\"https:\/\/letrame.com\/catalogo\/producto\/fin-del-juego\/\",\"name\":\"\u00bfFin del juego? - Catalogo | Letrame Grupo Editorial\",\"isPartOf\":{\"@id\":\"https:\/\/letrame.com\/catalogo\/#website\"},\"primaryImageOfPage\":{\"@id\":\"https:\/\/letrame.com\/catalogo\/producto\/fin-del-juego\/#primaryimage\"},\"image\":{\"@id\":\"https:\/\/letrame.com\/catalogo\/producto\/fin-del-juego\/#primaryimage\"},\"thumbnailUrl\":\"https:\/\/letrame.com\/catalogo\/wp-content\/uploads\/2025\/05\/\u00bfFin-del-juego-.jpg\",\"datePublished\":\"2025-05-14T09:07:51+00:00\",\"dateModified\":\"2025-05-14T09:17:14+00:00\",\"breadcrumb\":{\"@id\":\"https:\/\/letrame.com\/catalogo\/producto\/fin-del-juego\/#breadcrumb\"},\"inLanguage\":\"es\",\"potentialAction\":[{\"@type\":\"ReadAction\",\"target\":[\"https:\/\/letrame.com\/catalogo\/producto\/fin-del-juego\/\"]}]},{\"@type\":\"ImageObject\",\"inLanguage\":\"es\",\"@id\":\"https:\/\/letrame.com\/catalogo\/producto\/fin-del-juego\/#primaryimage\",\"url\":\"https:\/\/letrame.com\/catalogo\/wp-content\/uploads\/2025\/05\/\u00bfFin-del-juego-.jpg\",\"contentUrl\":\"https:\/\/letrame.com\/catalogo\/wp-content\/uploads\/2025\/05\/\u00bfFin-del-juego-.jpg\",\"width\":354,\"height\":520},{\"@type\":\"BreadcrumbList\",\"@id\":\"https:\/\/letrame.com\/catalogo\/producto\/fin-del-juego\/#breadcrumb\",\"itemListElement\":[{\"@type\":\"ListItem\",\"position\":1,\"name\":\"Portada\",\"item\":\"https:\/\/letrame.com\/catalogo\/\"},{\"@type\":\"ListItem\",\"position\":2,\"name\":\"Cat\u00e1logo\",\"item\":\"https:\/\/letrame.com\/catalogo\/\"},{\"@type\":\"ListItem\",\"position\":3,\"name\":\"\u00bfFin del juego?\"}]},{\"@type\":\"WebSite\",\"@id\":\"https:\/\/letrame.com\/catalogo\/#website\",\"url\":\"https:\/\/letrame.com\/catalogo\/\",\"name\":\"Catalogo | Letrame Grupo Editorial\",\"description\":\"\",\"publisher\":{\"@id\":\"https:\/\/letrame.com\/catalogo\/#organization\"},\"potentialAction\":[{\"@type\":\"SearchAction\",\"target\":{\"@type\":\"EntryPoint\",\"urlTemplate\":\"https:\/\/letrame.com\/catalogo\/?s={search_term_string}\"},\"query-input\":{\"@type\":\"PropertyValueSpecification\",\"valueRequired\":true,\"valueName\":\"search_term_string\"}}],\"inLanguage\":\"es\"},{\"@type\":\"Organization\",\"@id\":\"https:\/\/letrame.com\/catalogo\/#organization\",\"name\":\"Catalogo | Letrame Grupo Editorial\",\"url\":\"https:\/\/letrame.com\/catalogo\/\",\"logo\":{\"@type\":\"ImageObject\",\"inLanguage\":\"es\",\"@id\":\"https:\/\/letrame.com\/catalogo\/#\/schema\/logo\/image\/\",\"url\":\"https:\/\/letrame.com\/catalogo\/wp-content\/uploads\/2024\/03\/logo2.webp\",\"contentUrl\":\"https:\/\/letrame.com\/catalogo\/wp-content\/uploads\/2024\/03\/logo2.webp\",\"width\":394,\"height\":128,\"caption\":\"Catalogo | Letrame Grupo Editorial\"},\"image\":{\"@id\":\"https:\/\/letrame.com\/catalogo\/#\/schema\/logo\/image\/\"}}]}<\/script>\n<!-- \/ Yoast SEO plugin. -->","yoast_head_json":{"title":"\u00bfFin del juego? - Catalogo | Letrame Grupo Editorial","robots":{"index":"index","follow":"follow","max-snippet":"max-snippet:-1","max-image-preview":"max-image-preview:large","max-video-preview":"max-video-preview:-1"},"canonical":"https:\/\/letrame.com\/catalogo\/producto\/fin-del-juego\/","og_locale":"es_ES","og_type":"article","og_title":"\u00bfFin del juego? - Catalogo | Letrame Grupo Editorial","og_description":"ISBN: 9788410899971  SINOPSIS  Charlie vive felizmente en su moderno apartamento junto a Rebeca. Rebeca prepara entusiasmada su participaci\u00f3n en un famoso concurso de cocina con el objetivo de ganar una atractiva suma de dinero junto con una beca en uno de los mejores restaurantes de Londres. Cuando ella destapa su plato ante la atenta mirada del p\u00fablico, descubre algo que le dejar\u00e1 sin aliento.","og_url":"https:\/\/letrame.com\/catalogo\/producto\/fin-del-juego\/","og_site_name":"Catalogo | Letrame Grupo Editorial","article_modified_time":"2025-05-14T09:17:14+00:00","og_image":[{"width":354,"height":520,"url":"https:\/\/letrame.com\/catalogo\/wp-content\/uploads\/2025\/05\/\u00bfFin-del-juego-.jpg","type":"image\/jpeg"}],"twitter_card":"summary_large_image","twitter_misc":{"Tiempo de lectura":"2 minutos"},"schema":{"@context":"https:\/\/schema.org","@graph":[{"@type":"WebPage","@id":"https:\/\/letrame.com\/catalogo\/producto\/fin-del-juego\/","url":"https:\/\/letrame.com\/catalogo\/producto\/fin-del-juego\/","name":"\u00bfFin del juego? - Catalogo | Letrame Grupo Editorial","isPartOf":{"@id":"https:\/\/letrame.com\/catalogo\/#website"},"primaryImageOfPage":{"@id":"https:\/\/letrame.com\/catalogo\/producto\/fin-del-juego\/#primaryimage"},"image":{"@id":"https:\/\/letrame.com\/catalogo\/producto\/fin-del-juego\/#primaryimage"},"thumbnailUrl":"https:\/\/letrame.com\/catalogo\/wp-content\/uploads\/2025\/05\/\u00bfFin-del-juego-.jpg","datePublished":"2025-05-14T09:07:51+00:00","dateModified":"2025-05-14T09:17:14+00:00","breadcrumb":{"@id":"https:\/\/letrame.com\/catalogo\/producto\/fin-del-juego\/#breadcrumb"},"inLanguage":"es","potentialAction":[{"@type":"ReadAction","target":["https:\/\/letrame.com\/catalogo\/producto\/fin-del-juego\/"]}]},{"@type":"ImageObject","inLanguage":"es","@id":"https:\/\/letrame.com\/catalogo\/producto\/fin-del-juego\/#primaryimage","url":"https:\/\/letrame.com\/catalogo\/wp-content\/uploads\/2025\/05\/\u00bfFin-del-juego-.jpg","contentUrl":"https:\/\/letrame.com\/catalogo\/wp-content\/uploads\/2025\/05\/\u00bfFin-del-juego-.jpg","width":354,"height":520},{"@type":"BreadcrumbList","@id":"https:\/\/letrame.com\/catalogo\/producto\/fin-del-juego\/#breadcrumb","itemListElement":[{"@type":"ListItem","position":1,"name":"Portada","item":"https:\/\/letrame.com\/catalogo\/"},{"@type":"ListItem","position":2,"name":"Cat\u00e1logo","item":"https:\/\/letrame.com\/catalogo\/"},{"@type":"ListItem","position":3,"name":"\u00bfFin del juego?"}]},{"@type":"WebSite","@id":"https:\/\/letrame.com\/catalogo\/#website","url":"https:\/\/letrame.com\/catalogo\/","name":"Catalogo | Letrame Grupo Editorial","description":"","publisher":{"@id":"https:\/\/letrame.com\/catalogo\/#organization"},"potentialAction":[{"@type":"SearchAction","target":{"@type":"EntryPoint","urlTemplate":"https:\/\/letrame.com\/catalogo\/?s={search_term_string}"},"query-input":{"@type":"PropertyValueSpecification","valueRequired":true,"valueName":"search_term_string"}}],"inLanguage":"es"},{"@type":"Organization","@id":"https:\/\/letrame.com\/catalogo\/#organization","name":"Catalogo | Letrame Grupo Editorial","url":"https:\/\/letrame.com\/catalogo\/","logo":{"@type":"ImageObject","inLanguage":"es","@id":"https:\/\/letrame.com\/catalogo\/#\/schema\/logo\/image\/","url":"https:\/\/letrame.com\/catalogo\/wp-content\/uploads\/2024\/03\/logo2.webp","contentUrl":"https:\/\/letrame.com\/catalogo\/wp-content\/uploads\/2024\/03\/logo2.webp","width":394,"height":128,"caption":"Catalogo | Letrame Grupo Editorial"},"image":{"@id":"https:\/\/letrame.com\/catalogo\/#\/schema\/logo\/image\/"}}]}},"_links":{"self":[{"href":"https:\/\/letrame.com\/catalogo\/wp-json\/wp\/v2\/product\/108517","targetHints":{"allow":["GET"]}}],"collection":[{"href":"https:\/\/letrame.com\/catalogo\/wp-json\/wp\/v2\/product"}],"about":[{"href":"https:\/\/letrame.com\/catalogo\/wp-json\/wp\/v2\/types\/product"}],"replies":[{"embeddable":true,"href":"https:\/\/letrame.com\/catalogo\/wp-json\/wp\/v2\/comments?post=108517"}],"acf:post":[{"embeddable":true,"href":"https:\/\/letrame.com\/catalogo\/wp-json\/wp\/v2\/author_book\/75650"}],"wp:featuredmedia":[{"embeddable":true,"href":"https:\/\/letrame.com\/catalogo\/wp-json\/wp\/v2\/media\/108518"}],"wp:attachment":[{"href":"https:\/\/letrame.com\/catalogo\/wp-json\/wp\/v2\/media?parent=108517"}],"wp:term":[{"taxonomy":"libro","embeddable":true,"href":"https:\/\/letrame.com\/catalogo\/wp-json\/wp\/v2\/libro?post=108517"},{"taxonomy":"product_brand","embeddable":true,"href":"https:\/\/letrame.com\/catalogo\/wp-json\/wp\/v2\/product_brand?post=108517"},{"taxonomy":"product_cat","embeddable":true,"href":"https:\/\/letrame.com\/catalogo\/wp-json\/wp\/v2\/product_cat?post=108517"},{"taxonomy":"product_tag","embeddable":true,"href":"https:\/\/letrame.com\/catalogo\/wp-json\/wp\/v2\/product_tag?post=108517"}],"curies":[{"name":"wp","href":"https:\/\/api.w.org\/{rel}","templated":true}]}}