{"id":108491,"date":"2025-05-06T09:58:01","date_gmt":"2025-05-06T07:58:01","guid":{"rendered":"https:\/\/letrame.com\/catalogo\/?post_type=product&#038;p=108491"},"modified":"2025-05-06T10:04:02","modified_gmt":"2025-05-06T08:04:02","slug":"etica-del-reconocimiento-emocional-en-psicoterapia","status":"publish","type":"product","link":"https:\/\/letrame.com\/catalogo\/producto\/etica-del-reconocimiento-emocional-en-psicoterapia\/","title":{"rendered":"\u00c9tica del reconocimiento emocional en psicoterapia."},"content":{"rendered":"<p class=\"p1\"><b>ISBN: <\/b>9791370120191<b><\/b><\/p>\n<p class=\"p1\"><b>T\u00edtulo:\u00a0 <\/b>\u00c9tica del reconocimiento emocional en psicoterapia. Reflexi\u00f3n, desobediencia y transgresi\u00f3n<b><\/b><\/p>\n<p><strong>Fecha<\/strong>: 2025<b><\/b><\/p>\n<p><strong>P\u00e1ginas<\/strong>: 296<b><\/b><\/p>\n<p class=\"p1\"><b>SINOPSIS<\/b><\/p>\n<p>Reflexionar sobre c\u00f3mo los modelos sociales, a trav\u00e9s de lo ideol\u00f3-<br \/>\ngico y lo moral, establecen imposiciones a los individuos y familias,<br \/>\ny c\u00f3mo, en muchos casos, esos mandatos fuerzan la invisibilizaci\u00f3n<br \/>\nde las propias necesidades, deseos y capacidades es la interesante<br \/>\nincursi\u00f3n que nos propone el autor. Para ello, realiza un an\u00e1lisis de<br \/>\nla influencia de lo social y lo cultural en los individuos, subrayando<br \/>\nlos efectos de la gram\u00e1tica de obediencia derivada de este proceso.<br \/>\nLa matriz social en la que habitamos presenta anomal\u00edas importan-<br \/>\ntes que terminan conformando lo que llamamos patolog\u00edas de la<br \/>\nnormalidad o de lo normativo.<br \/>\nInsiste en una psicoterapia de la emancipaci\u00f3n, subrayando la<br \/>\nnecesidad de asumir una exigencia \u00e9tica que valore al otro, su cui-<br \/>\ndado y la necesidad del reconocimiento emocional como f\u00f3rmula<br \/>\npreferente para la reparaci\u00f3n de las heridas producidas por las injus-<br \/>\nticias relacionales que se hayan experimentado. El reconocimiento<br \/>\nemocional se propone como intervenci\u00f3n medular en los procesos<br \/>\npsicoterap\u00e9uticos para facilitar la capacidad reflexiva y cr\u00edtica, la<br \/>\ndesobediencia ante las reglas de decencia establecidas que censuran<br \/>\nla propia voz y remarcar la importancia de la transgresi\u00f3n de estos<br \/>\nmandatos para una salud mental y un desarrollo socioemocional<br \/>\nadecuados.<b><br \/>\n<\/b><\/p>\n","protected":false},"excerpt":{"rendered":"<p class=\"p1\"><b>ISBN: <\/b>9791370120191<br \/>\n<b><br \/>\nSINOPSIS<\/b><\/p>\n<p>Reflexionar sobre c\u00f3mo los modelos sociales, a trav\u00e9s de lo ideol\u00f3-<br \/>\ngico y lo moral, establecen imposiciones a los individuos y familias,<br \/>\ny c\u00f3mo, en muchos casos, esos mandatos fuerzan la invisibilizaci\u00f3n<br \/>\nde las propias necesidades, deseos y capacidades es la interesante<br \/>\nincursi\u00f3n que nos propone el autor. Para ello, realiza un an\u00e1lisis de<br \/>\nla influencia de lo social y lo cultural en los individuos, subrayando<br \/>\nlos efectos de la gram\u00e1tica de obediencia derivada de este proceso.<\/p>\n","protected":false},"featured_media":108492,"comment_status":"open","ping_status":"closed","template":"","meta":{"_acf_changed":false},"libro":[],"product_brand":[],"product_cat":[124],"product_tag":[],"class_list":{"0":"post-108491","1":"product","2":"type-product","3":"status-publish","4":"has-post-thumbnail","6":"product_cat-psicologia","8":"first","9":"instock","10":"shipping-taxable","11":"product-type-simple"},"acf":{"autor":[72855],"enlace_de_compra":"https:\/\/www.amazon.es\/dp\/B0F4K3R8MW"},"yoast_head":"<!-- This site is optimized with the Yoast SEO plugin v27.4 - https:\/\/yoast.com\/product\/yoast-seo-wordpress\/ -->\n<title>\u00c9tica del reconocimiento emocional en psicoterapia. - Catalogo | Letrame Grupo Editorial<\/title>\n<meta name=\"robots\" content=\"index, follow, max-snippet:-1, max-image-preview:large, max-video-preview:-1\" \/>\n<link rel=\"canonical\" href=\"https:\/\/letrame.com\/catalogo\/producto\/etica-del-reconocimiento-emocional-en-psicoterapia\/\" \/>\n<meta property=\"og:locale\" content=\"es_ES\" \/>\n<meta property=\"og:type\" content=\"article\" \/>\n<meta property=\"og:title\" content=\"\u00c9tica del reconocimiento emocional en psicoterapia. - Catalogo | Letrame Grupo Editorial\" \/>\n<meta property=\"og:description\" content=\"ISBN: 9791370120191  SINOPSIS Reflexionar sobre c\u00f3mo los modelos sociales, a trav\u00e9s de lo ideol\u00f3- gico y lo moral, establecen imposiciones a los individuos y familias, y c\u00f3mo, en muchos casos, esos mandatos fuerzan la invisibilizaci\u00f3n de las propias necesidades, deseos y capacidades es la interesante incursi\u00f3n que nos propone el autor. Para ello, realiza un an\u00e1lisis de la influencia de lo social y lo cultural en los individuos, subrayando los efectos de la gram\u00e1tica de obediencia derivada de este proceso.\" \/>\n<meta property=\"og:url\" content=\"https:\/\/letrame.com\/catalogo\/producto\/etica-del-reconocimiento-emocional-en-psicoterapia\/\" \/>\n<meta property=\"og:site_name\" content=\"Catalogo | Letrame Grupo Editorial\" \/>\n<meta property=\"article:modified_time\" content=\"2025-05-06T08:04:02+00:00\" \/>\n<meta property=\"og:image\" content=\"https:\/\/letrame.com\/catalogo\/wp-content\/uploads\/2025\/05\/etica-del-reconocimiento.jpg\" \/>\n\t<meta property=\"og:image:width\" content=\"384\" \/>\n\t<meta property=\"og:image:height\" content=\"563\" \/>\n\t<meta property=\"og:image:type\" content=\"image\/jpeg\" \/>\n<meta name=\"twitter:card\" content=\"summary_large_image\" \/>\n<meta name=\"twitter:label1\" content=\"Tiempo de lectura\" \/>\n\t<meta name=\"twitter:data1\" content=\"2 minutos\" \/>\n<script type=\"application\/ld+json\" class=\"yoast-schema-graph\">{\"@context\":\"https:\\\/\\\/schema.org\",\"@graph\":[{\"@type\":\"WebPage\",\"@id\":\"https:\\\/\\\/letrame.com\\\/catalogo\\\/producto\\\/etica-del-reconocimiento-emocional-en-psicoterapia\\\/\",\"url\":\"https:\\\/\\\/letrame.com\\\/catalogo\\\/producto\\\/etica-del-reconocimiento-emocional-en-psicoterapia\\\/\",\"name\":\"\u00c9tica del reconocimiento emocional en psicoterapia. - Catalogo | Letrame Grupo Editorial\",\"isPartOf\":{\"@id\":\"https:\\\/\\\/letrame.com\\\/catalogo\\\/#website\"},\"primaryImageOfPage\":{\"@id\":\"https:\\\/\\\/letrame.com\\\/catalogo\\\/producto\\\/etica-del-reconocimiento-emocional-en-psicoterapia\\\/#primaryimage\"},\"image\":{\"@id\":\"https:\\\/\\\/letrame.com\\\/catalogo\\\/producto\\\/etica-del-reconocimiento-emocional-en-psicoterapia\\\/#primaryimage\"},\"thumbnailUrl\":\"https:\\\/\\\/letrame.com\\\/catalogo\\\/wp-content\\\/uploads\\\/2025\\\/05\\\/etica-del-reconocimiento.jpg\",\"datePublished\":\"2025-05-06T07:58:01+00:00\",\"dateModified\":\"2025-05-06T08:04:02+00:00\",\"breadcrumb\":{\"@id\":\"https:\\\/\\\/letrame.com\\\/catalogo\\\/producto\\\/etica-del-reconocimiento-emocional-en-psicoterapia\\\/#breadcrumb\"},\"inLanguage\":\"es\",\"potentialAction\":[{\"@type\":\"ReadAction\",\"target\":[\"https:\\\/\\\/letrame.com\\\/catalogo\\\/producto\\\/etica-del-reconocimiento-emocional-en-psicoterapia\\\/\"]}]},{\"@type\":\"ImageObject\",\"inLanguage\":\"es\",\"@id\":\"https:\\\/\\\/letrame.com\\\/catalogo\\\/producto\\\/etica-del-reconocimiento-emocional-en-psicoterapia\\\/#primaryimage\",\"url\":\"https:\\\/\\\/letrame.com\\\/catalogo\\\/wp-content\\\/uploads\\\/2025\\\/05\\\/etica-del-reconocimiento.jpg\",\"contentUrl\":\"https:\\\/\\\/letrame.com\\\/catalogo\\\/wp-content\\\/uploads\\\/2025\\\/05\\\/etica-del-reconocimiento.jpg\",\"width\":384,\"height\":563},{\"@type\":\"BreadcrumbList\",\"@id\":\"https:\\\/\\\/letrame.com\\\/catalogo\\\/producto\\\/etica-del-reconocimiento-emocional-en-psicoterapia\\\/#breadcrumb\",\"itemListElement\":[{\"@type\":\"ListItem\",\"position\":1,\"name\":\"Portada\",\"item\":\"https:\\\/\\\/letrame.com\\\/catalogo\\\/\"},{\"@type\":\"ListItem\",\"position\":2,\"name\":\"Cat\u00e1logo\",\"item\":\"https:\\\/\\\/letrame.com\\\/catalogo\\\/\"},{\"@type\":\"ListItem\",\"position\":3,\"name\":\"\u00c9tica del reconocimiento emocional en psicoterapia.\"}]},{\"@type\":\"WebSite\",\"@id\":\"https:\\\/\\\/letrame.com\\\/catalogo\\\/#website\",\"url\":\"https:\\\/\\\/letrame.com\\\/catalogo\\\/\",\"name\":\"Catalogo | Letrame Grupo Editorial\",\"description\":\"\",\"publisher\":{\"@id\":\"https:\\\/\\\/letrame.com\\\/catalogo\\\/#organization\"},\"potentialAction\":[{\"@type\":\"SearchAction\",\"target\":{\"@type\":\"EntryPoint\",\"urlTemplate\":\"https:\\\/\\\/letrame.com\\\/catalogo\\\/?s={search_term_string}\"},\"query-input\":{\"@type\":\"PropertyValueSpecification\",\"valueRequired\":true,\"valueName\":\"search_term_string\"}}],\"inLanguage\":\"es\"},{\"@type\":\"Organization\",\"@id\":\"https:\\\/\\\/letrame.com\\\/catalogo\\\/#organization\",\"name\":\"Catalogo | Letrame Grupo Editorial\",\"url\":\"https:\\\/\\\/letrame.com\\\/catalogo\\\/\",\"logo\":{\"@type\":\"ImageObject\",\"inLanguage\":\"es\",\"@id\":\"https:\\\/\\\/letrame.com\\\/catalogo\\\/#\\\/schema\\\/logo\\\/image\\\/\",\"url\":\"https:\\\/\\\/letrame.com\\\/catalogo\\\/wp-content\\\/uploads\\\/2024\\\/03\\\/logo2.webp\",\"contentUrl\":\"https:\\\/\\\/letrame.com\\\/catalogo\\\/wp-content\\\/uploads\\\/2024\\\/03\\\/logo2.webp\",\"width\":394,\"height\":128,\"caption\":\"Catalogo | Letrame Grupo Editorial\"},\"image\":{\"@id\":\"https:\\\/\\\/letrame.com\\\/catalogo\\\/#\\\/schema\\\/logo\\\/image\\\/\"}}]}<\/script>\n<!-- \/ Yoast SEO plugin. -->","yoast_head_json":{"title":"\u00c9tica del reconocimiento emocional en psicoterapia. - Catalogo | Letrame Grupo Editorial","robots":{"index":"index","follow":"follow","max-snippet":"max-snippet:-1","max-image-preview":"max-image-preview:large","max-video-preview":"max-video-preview:-1"},"canonical":"https:\/\/letrame.com\/catalogo\/producto\/etica-del-reconocimiento-emocional-en-psicoterapia\/","og_locale":"es_ES","og_type":"article","og_title":"\u00c9tica del reconocimiento emocional en psicoterapia. - Catalogo | Letrame Grupo Editorial","og_description":"ISBN: 9791370120191  SINOPSIS Reflexionar sobre c\u00f3mo los modelos sociales, a trav\u00e9s de lo ideol\u00f3- gico y lo moral, establecen imposiciones a los individuos y familias, y c\u00f3mo, en muchos casos, esos mandatos fuerzan la invisibilizaci\u00f3n de las propias necesidades, deseos y capacidades es la interesante incursi\u00f3n que nos propone el autor. Para ello, realiza un an\u00e1lisis de la influencia de lo social y lo cultural en los individuos, subrayando los efectos de la gram\u00e1tica de obediencia derivada de este proceso.","og_url":"https:\/\/letrame.com\/catalogo\/producto\/etica-del-reconocimiento-emocional-en-psicoterapia\/","og_site_name":"Catalogo | Letrame Grupo Editorial","article_modified_time":"2025-05-06T08:04:02+00:00","og_image":[{"width":384,"height":563,"url":"https:\/\/letrame.com\/catalogo\/wp-content\/uploads\/2025\/05\/etica-del-reconocimiento.jpg","type":"image\/jpeg"}],"twitter_card":"summary_large_image","twitter_misc":{"Tiempo de lectura":"2 minutos"},"schema":{"@context":"https:\/\/schema.org","@graph":[{"@type":"WebPage","@id":"https:\/\/letrame.com\/catalogo\/producto\/etica-del-reconocimiento-emocional-en-psicoterapia\/","url":"https:\/\/letrame.com\/catalogo\/producto\/etica-del-reconocimiento-emocional-en-psicoterapia\/","name":"\u00c9tica del reconocimiento emocional en psicoterapia. - Catalogo | Letrame Grupo Editorial","isPartOf":{"@id":"https:\/\/letrame.com\/catalogo\/#website"},"primaryImageOfPage":{"@id":"https:\/\/letrame.com\/catalogo\/producto\/etica-del-reconocimiento-emocional-en-psicoterapia\/#primaryimage"},"image":{"@id":"https:\/\/letrame.com\/catalogo\/producto\/etica-del-reconocimiento-emocional-en-psicoterapia\/#primaryimage"},"thumbnailUrl":"https:\/\/letrame.com\/catalogo\/wp-content\/uploads\/2025\/05\/etica-del-reconocimiento.jpg","datePublished":"2025-05-06T07:58:01+00:00","dateModified":"2025-05-06T08:04:02+00:00","breadcrumb":{"@id":"https:\/\/letrame.com\/catalogo\/producto\/etica-del-reconocimiento-emocional-en-psicoterapia\/#breadcrumb"},"inLanguage":"es","potentialAction":[{"@type":"ReadAction","target":["https:\/\/letrame.com\/catalogo\/producto\/etica-del-reconocimiento-emocional-en-psicoterapia\/"]}]},{"@type":"ImageObject","inLanguage":"es","@id":"https:\/\/letrame.com\/catalogo\/producto\/etica-del-reconocimiento-emocional-en-psicoterapia\/#primaryimage","url":"https:\/\/letrame.com\/catalogo\/wp-content\/uploads\/2025\/05\/etica-del-reconocimiento.jpg","contentUrl":"https:\/\/letrame.com\/catalogo\/wp-content\/uploads\/2025\/05\/etica-del-reconocimiento.jpg","width":384,"height":563},{"@type":"BreadcrumbList","@id":"https:\/\/letrame.com\/catalogo\/producto\/etica-del-reconocimiento-emocional-en-psicoterapia\/#breadcrumb","itemListElement":[{"@type":"ListItem","position":1,"name":"Portada","item":"https:\/\/letrame.com\/catalogo\/"},{"@type":"ListItem","position":2,"name":"Cat\u00e1logo","item":"https:\/\/letrame.com\/catalogo\/"},{"@type":"ListItem","position":3,"name":"\u00c9tica del reconocimiento emocional en psicoterapia."}]},{"@type":"WebSite","@id":"https:\/\/letrame.com\/catalogo\/#website","url":"https:\/\/letrame.com\/catalogo\/","name":"Catalogo | Letrame Grupo Editorial","description":"","publisher":{"@id":"https:\/\/letrame.com\/catalogo\/#organization"},"potentialAction":[{"@type":"SearchAction","target":{"@type":"EntryPoint","urlTemplate":"https:\/\/letrame.com\/catalogo\/?s={search_term_string}"},"query-input":{"@type":"PropertyValueSpecification","valueRequired":true,"valueName":"search_term_string"}}],"inLanguage":"es"},{"@type":"Organization","@id":"https:\/\/letrame.com\/catalogo\/#organization","name":"Catalogo | Letrame Grupo Editorial","url":"https:\/\/letrame.com\/catalogo\/","logo":{"@type":"ImageObject","inLanguage":"es","@id":"https:\/\/letrame.com\/catalogo\/#\/schema\/logo\/image\/","url":"https:\/\/letrame.com\/catalogo\/wp-content\/uploads\/2024\/03\/logo2.webp","contentUrl":"https:\/\/letrame.com\/catalogo\/wp-content\/uploads\/2024\/03\/logo2.webp","width":394,"height":128,"caption":"Catalogo | Letrame Grupo Editorial"},"image":{"@id":"https:\/\/letrame.com\/catalogo\/#\/schema\/logo\/image\/"}}]}},"_links":{"self":[{"href":"https:\/\/letrame.com\/catalogo\/wp-json\/wp\/v2\/product\/108491","targetHints":{"allow":["GET"]}}],"collection":[{"href":"https:\/\/letrame.com\/catalogo\/wp-json\/wp\/v2\/product"}],"about":[{"href":"https:\/\/letrame.com\/catalogo\/wp-json\/wp\/v2\/types\/product"}],"replies":[{"embeddable":true,"href":"https:\/\/letrame.com\/catalogo\/wp-json\/wp\/v2\/comments?post=108491"}],"acf:post":[{"embeddable":true,"href":"https:\/\/letrame.com\/catalogo\/wp-json\/wp\/v2\/author_book\/72855"}],"wp:featuredmedia":[{"embeddable":true,"href":"https:\/\/letrame.com\/catalogo\/wp-json\/wp\/v2\/media\/108492"}],"wp:attachment":[{"href":"https:\/\/letrame.com\/catalogo\/wp-json\/wp\/v2\/media?parent=108491"}],"wp:term":[{"taxonomy":"libro","embeddable":true,"href":"https:\/\/letrame.com\/catalogo\/wp-json\/wp\/v2\/libro?post=108491"},{"taxonomy":"product_brand","embeddable":true,"href":"https:\/\/letrame.com\/catalogo\/wp-json\/wp\/v2\/product_brand?post=108491"},{"taxonomy":"product_cat","embeddable":true,"href":"https:\/\/letrame.com\/catalogo\/wp-json\/wp\/v2\/product_cat?post=108491"},{"taxonomy":"product_tag","embeddable":true,"href":"https:\/\/letrame.com\/catalogo\/wp-json\/wp\/v2\/product_tag?post=108491"}],"curies":[{"name":"wp","href":"https:\/\/api.w.org\/{rel}","templated":true}]}}