{"id":108477,"date":"2025-04-30T15:12:24","date_gmt":"2025-04-30T13:12:24","guid":{"rendered":"https:\/\/letrame.com\/catalogo\/?post_type=product&#038;p=108477"},"modified":"2025-04-30T15:15:19","modified_gmt":"2025-04-30T13:15:19","slug":"tablas","status":"publish","type":"product","link":"https:\/\/letrame.com\/catalogo\/producto\/tablas\/","title":{"rendered":"Tablas"},"content":{"rendered":"<p class=\"p1\"><b>ISBN: <\/b>978-84-1089-886-8<\/p>\n<p class=\"p1\"><b>T\u00edtulo: <\/b>Tablas<b><\/b><\/p>\n<p><strong>Fecha<\/strong>: 2025<b><\/b><\/p>\n<p><strong>P\u00e1ginas<\/strong>: 312<b><\/b><\/p>\n<p class=\"p1\"><b>SINOPSIS<\/b><\/p>\n<p class=\"p1\">Madrid, a\u00f1os 90. En un barrio asfixiado por la hero\u00edna y las tensiones sociales, Liam, un joven marcado por un turbio pasado familiar, lucha por encontrar una salida. Criado por su abuelo, un excomisario cuya historia est\u00e1 te\u00f1ida de secretos inconfesables, Liam siempre ha cre\u00eddo que podr\u00eda superar los desaf\u00edos de la marginalidad. Pero cuando las malas compa\u00f1\u00edas y la amenaza de un narcotraficante implacable lo empujan hacia un oscuro abismo, descubre que no existen elecciones f\u00e1ciles en un mundo donde cada decisi\u00f3n tiene un precio.<\/p>\n<p class=\"p1\">Arrastrado al coraz\u00f3n de una red de tr\u00e1fico de drogas, Liam se convierte en el punto de convergencia entre fuerzas opuestas: un inspector de polic\u00eda decidido a desentra\u00f1ar la verdad y un narcotraficante dispuesto a cualquier cosa para conservar su poder. En este duelo de voluntades y lealtades fr\u00e1giles, Liam se ver\u00e1 obligado a elegir entre la supervivencia y la traici\u00f3n, enfrent\u00e1ndose a dilemas morales que pondr\u00e1n en jaque su humanidad.<\/p>\n<p class=\"p1\">Cada cap\u00edtulo de Tablas refleja la esencia de un movimiento decisivo, una met\u00e1fora silenciosa de c\u00f3mo avanzamos o retrocedemos en nuestras vidas. Con una narrativa elegante, introspectiva y profundamente humana, esta novela explora los dilemas morales, las elecciones inesperadas y el valor de los secretos en un barrio donde nada ni nadie es lo que parece. Una obra que sumerge al lector en una partida infinita denominada \u00abvida\u00bb.<\/p>\n<p class=\"p1\"><b>\u00a0<\/b><\/p>\n","protected":false},"excerpt":{"rendered":"<p class=\"p1\"><b>ISBN: <\/b>978-84-1089-886-8<b><\/b><\/p>\n<p><strong>SINOPSIS<\/strong><\/p>\n<p class=\"p1\">Madrid, a\u00f1os 90. En un barrio asfixiado por la hero\u00edna y las tensiones sociales, Liam, un joven marcado por un turbio pasado familiar, lucha por encontrar una salida. Criado por su abuelo, un excomisario cuya historia est\u00e1 te\u00f1ida de secretos inconfesables, Liam siempre ha cre\u00eddo que podr\u00eda superar los desaf\u00edos de la marginalidad. Pero cuando las malas compa\u00f1\u00edas y la amenaza de un narcotraficante implacable lo empujan hacia un oscuro abismo, descubre que no existen elecciones f\u00e1ciles en un mundo donde cada decisi\u00f3n tiene un precio.<\/p>\n","protected":false},"featured_media":108478,"comment_status":"open","ping_status":"closed","template":"","meta":{"_acf_changed":false},"libro":[],"product_brand":[],"product_cat":[51],"product_tag":[],"class_list":{"0":"post-108477","1":"product","2":"type-product","3":"status-publish","4":"has-post-thumbnail","6":"product_cat-novela-negra","8":"first","9":"instock","10":"shipping-taxable","11":"product-type-simple"},"acf":{"autor":[108479],"enlace_de_compra":""},"yoast_head":"<!-- This site is optimized with the Yoast SEO plugin v27.4 - https:\/\/yoast.com\/product\/yoast-seo-wordpress\/ -->\n<title>Tablas - Catalogo | Letrame Grupo Editorial<\/title>\n<meta name=\"robots\" content=\"index, follow, max-snippet:-1, max-image-preview:large, max-video-preview:-1\" \/>\n<link rel=\"canonical\" href=\"https:\/\/letrame.com\/catalogo\/producto\/tablas\/\" \/>\n<meta property=\"og:locale\" content=\"es_ES\" \/>\n<meta property=\"og:type\" content=\"article\" \/>\n<meta property=\"og:title\" content=\"Tablas - Catalogo | Letrame Grupo Editorial\" \/>\n<meta property=\"og:description\" content=\"ISBN: 978-84-1089-886-8 SINOPSIS Madrid, a\u00f1os 90. En un barrio asfixiado por la hero\u00edna y las tensiones sociales, Liam, un joven marcado por un turbio pasado familiar, lucha por encontrar una salida. Criado por su abuelo, un excomisario cuya historia est\u00e1 te\u00f1ida de secretos inconfesables, Liam siempre ha cre\u00eddo que podr\u00eda superar los desaf\u00edos de la marginalidad. Pero cuando las malas compa\u00f1\u00edas y la amenaza de un narcotraficante implacable lo empujan hacia un oscuro abismo, descubre que no existen elecciones f\u00e1ciles en un mundo donde cada decisi\u00f3n tiene un precio.\" \/>\n<meta property=\"og:url\" content=\"https:\/\/letrame.com\/catalogo\/producto\/tablas\/\" \/>\n<meta property=\"og:site_name\" content=\"Catalogo | Letrame Grupo Editorial\" \/>\n<meta property=\"article:modified_time\" content=\"2025-04-30T13:15:19+00:00\" \/>\n<meta property=\"og:image\" content=\"https:\/\/letrame.com\/catalogo\/wp-content\/uploads\/2025\/04\/Tablas.jpg\" \/>\n\t<meta property=\"og:image:width\" content=\"384\" \/>\n\t<meta property=\"og:image:height\" content=\"537\" \/>\n\t<meta property=\"og:image:type\" content=\"image\/jpeg\" \/>\n<meta name=\"twitter:card\" content=\"summary_large_image\" \/>\n<meta name=\"twitter:label1\" content=\"Tiempo de lectura\" \/>\n\t<meta name=\"twitter:data1\" content=\"2 minutos\" \/>\n<script type=\"application\/ld+json\" class=\"yoast-schema-graph\">{\"@context\":\"https:\\\/\\\/schema.org\",\"@graph\":[{\"@type\":\"WebPage\",\"@id\":\"https:\\\/\\\/letrame.com\\\/catalogo\\\/producto\\\/tablas\\\/\",\"url\":\"https:\\\/\\\/letrame.com\\\/catalogo\\\/producto\\\/tablas\\\/\",\"name\":\"Tablas - Catalogo | Letrame Grupo Editorial\",\"isPartOf\":{\"@id\":\"https:\\\/\\\/letrame.com\\\/catalogo\\\/#website\"},\"primaryImageOfPage\":{\"@id\":\"https:\\\/\\\/letrame.com\\\/catalogo\\\/producto\\\/tablas\\\/#primaryimage\"},\"image\":{\"@id\":\"https:\\\/\\\/letrame.com\\\/catalogo\\\/producto\\\/tablas\\\/#primaryimage\"},\"thumbnailUrl\":\"https:\\\/\\\/letrame.com\\\/catalogo\\\/wp-content\\\/uploads\\\/2025\\\/04\\\/Tablas.jpg\",\"datePublished\":\"2025-04-30T13:12:24+00:00\",\"dateModified\":\"2025-04-30T13:15:19+00:00\",\"breadcrumb\":{\"@id\":\"https:\\\/\\\/letrame.com\\\/catalogo\\\/producto\\\/tablas\\\/#breadcrumb\"},\"inLanguage\":\"es\",\"potentialAction\":[{\"@type\":\"ReadAction\",\"target\":[\"https:\\\/\\\/letrame.com\\\/catalogo\\\/producto\\\/tablas\\\/\"]}]},{\"@type\":\"ImageObject\",\"inLanguage\":\"es\",\"@id\":\"https:\\\/\\\/letrame.com\\\/catalogo\\\/producto\\\/tablas\\\/#primaryimage\",\"url\":\"https:\\\/\\\/letrame.com\\\/catalogo\\\/wp-content\\\/uploads\\\/2025\\\/04\\\/Tablas.jpg\",\"contentUrl\":\"https:\\\/\\\/letrame.com\\\/catalogo\\\/wp-content\\\/uploads\\\/2025\\\/04\\\/Tablas.jpg\",\"width\":384,\"height\":537},{\"@type\":\"BreadcrumbList\",\"@id\":\"https:\\\/\\\/letrame.com\\\/catalogo\\\/producto\\\/tablas\\\/#breadcrumb\",\"itemListElement\":[{\"@type\":\"ListItem\",\"position\":1,\"name\":\"Portada\",\"item\":\"https:\\\/\\\/letrame.com\\\/catalogo\\\/\"},{\"@type\":\"ListItem\",\"position\":2,\"name\":\"Cat\u00e1logo\",\"item\":\"https:\\\/\\\/letrame.com\\\/catalogo\\\/\"},{\"@type\":\"ListItem\",\"position\":3,\"name\":\"Tablas\"}]},{\"@type\":\"WebSite\",\"@id\":\"https:\\\/\\\/letrame.com\\\/catalogo\\\/#website\",\"url\":\"https:\\\/\\\/letrame.com\\\/catalogo\\\/\",\"name\":\"Catalogo | Letrame Grupo Editorial\",\"description\":\"\",\"publisher\":{\"@id\":\"https:\\\/\\\/letrame.com\\\/catalogo\\\/#organization\"},\"potentialAction\":[{\"@type\":\"SearchAction\",\"target\":{\"@type\":\"EntryPoint\",\"urlTemplate\":\"https:\\\/\\\/letrame.com\\\/catalogo\\\/?s={search_term_string}\"},\"query-input\":{\"@type\":\"PropertyValueSpecification\",\"valueRequired\":true,\"valueName\":\"search_term_string\"}}],\"inLanguage\":\"es\"},{\"@type\":\"Organization\",\"@id\":\"https:\\\/\\\/letrame.com\\\/catalogo\\\/#organization\",\"name\":\"Catalogo | Letrame Grupo Editorial\",\"url\":\"https:\\\/\\\/letrame.com\\\/catalogo\\\/\",\"logo\":{\"@type\":\"ImageObject\",\"inLanguage\":\"es\",\"@id\":\"https:\\\/\\\/letrame.com\\\/catalogo\\\/#\\\/schema\\\/logo\\\/image\\\/\",\"url\":\"https:\\\/\\\/letrame.com\\\/catalogo\\\/wp-content\\\/uploads\\\/2024\\\/03\\\/logo2.webp\",\"contentUrl\":\"https:\\\/\\\/letrame.com\\\/catalogo\\\/wp-content\\\/uploads\\\/2024\\\/03\\\/logo2.webp\",\"width\":394,\"height\":128,\"caption\":\"Catalogo | Letrame Grupo Editorial\"},\"image\":{\"@id\":\"https:\\\/\\\/letrame.com\\\/catalogo\\\/#\\\/schema\\\/logo\\\/image\\\/\"}}]}<\/script>\n<!-- \/ Yoast SEO plugin. -->","yoast_head_json":{"title":"Tablas - Catalogo | Letrame Grupo Editorial","robots":{"index":"index","follow":"follow","max-snippet":"max-snippet:-1","max-image-preview":"max-image-preview:large","max-video-preview":"max-video-preview:-1"},"canonical":"https:\/\/letrame.com\/catalogo\/producto\/tablas\/","og_locale":"es_ES","og_type":"article","og_title":"Tablas - Catalogo | Letrame Grupo Editorial","og_description":"ISBN: 978-84-1089-886-8 SINOPSIS Madrid, a\u00f1os 90. En un barrio asfixiado por la hero\u00edna y las tensiones sociales, Liam, un joven marcado por un turbio pasado familiar, lucha por encontrar una salida. Criado por su abuelo, un excomisario cuya historia est\u00e1 te\u00f1ida de secretos inconfesables, Liam siempre ha cre\u00eddo que podr\u00eda superar los desaf\u00edos de la marginalidad. Pero cuando las malas compa\u00f1\u00edas y la amenaza de un narcotraficante implacable lo empujan hacia un oscuro abismo, descubre que no existen elecciones f\u00e1ciles en un mundo donde cada decisi\u00f3n tiene un precio.","og_url":"https:\/\/letrame.com\/catalogo\/producto\/tablas\/","og_site_name":"Catalogo | Letrame Grupo Editorial","article_modified_time":"2025-04-30T13:15:19+00:00","og_image":[{"width":384,"height":537,"url":"https:\/\/letrame.com\/catalogo\/wp-content\/uploads\/2025\/04\/Tablas.jpg","type":"image\/jpeg"}],"twitter_card":"summary_large_image","twitter_misc":{"Tiempo de lectura":"2 minutos"},"schema":{"@context":"https:\/\/schema.org","@graph":[{"@type":"WebPage","@id":"https:\/\/letrame.com\/catalogo\/producto\/tablas\/","url":"https:\/\/letrame.com\/catalogo\/producto\/tablas\/","name":"Tablas - Catalogo | Letrame Grupo Editorial","isPartOf":{"@id":"https:\/\/letrame.com\/catalogo\/#website"},"primaryImageOfPage":{"@id":"https:\/\/letrame.com\/catalogo\/producto\/tablas\/#primaryimage"},"image":{"@id":"https:\/\/letrame.com\/catalogo\/producto\/tablas\/#primaryimage"},"thumbnailUrl":"https:\/\/letrame.com\/catalogo\/wp-content\/uploads\/2025\/04\/Tablas.jpg","datePublished":"2025-04-30T13:12:24+00:00","dateModified":"2025-04-30T13:15:19+00:00","breadcrumb":{"@id":"https:\/\/letrame.com\/catalogo\/producto\/tablas\/#breadcrumb"},"inLanguage":"es","potentialAction":[{"@type":"ReadAction","target":["https:\/\/letrame.com\/catalogo\/producto\/tablas\/"]}]},{"@type":"ImageObject","inLanguage":"es","@id":"https:\/\/letrame.com\/catalogo\/producto\/tablas\/#primaryimage","url":"https:\/\/letrame.com\/catalogo\/wp-content\/uploads\/2025\/04\/Tablas.jpg","contentUrl":"https:\/\/letrame.com\/catalogo\/wp-content\/uploads\/2025\/04\/Tablas.jpg","width":384,"height":537},{"@type":"BreadcrumbList","@id":"https:\/\/letrame.com\/catalogo\/producto\/tablas\/#breadcrumb","itemListElement":[{"@type":"ListItem","position":1,"name":"Portada","item":"https:\/\/letrame.com\/catalogo\/"},{"@type":"ListItem","position":2,"name":"Cat\u00e1logo","item":"https:\/\/letrame.com\/catalogo\/"},{"@type":"ListItem","position":3,"name":"Tablas"}]},{"@type":"WebSite","@id":"https:\/\/letrame.com\/catalogo\/#website","url":"https:\/\/letrame.com\/catalogo\/","name":"Catalogo | Letrame Grupo Editorial","description":"","publisher":{"@id":"https:\/\/letrame.com\/catalogo\/#organization"},"potentialAction":[{"@type":"SearchAction","target":{"@type":"EntryPoint","urlTemplate":"https:\/\/letrame.com\/catalogo\/?s={search_term_string}"},"query-input":{"@type":"PropertyValueSpecification","valueRequired":true,"valueName":"search_term_string"}}],"inLanguage":"es"},{"@type":"Organization","@id":"https:\/\/letrame.com\/catalogo\/#organization","name":"Catalogo | Letrame Grupo Editorial","url":"https:\/\/letrame.com\/catalogo\/","logo":{"@type":"ImageObject","inLanguage":"es","@id":"https:\/\/letrame.com\/catalogo\/#\/schema\/logo\/image\/","url":"https:\/\/letrame.com\/catalogo\/wp-content\/uploads\/2024\/03\/logo2.webp","contentUrl":"https:\/\/letrame.com\/catalogo\/wp-content\/uploads\/2024\/03\/logo2.webp","width":394,"height":128,"caption":"Catalogo | Letrame Grupo Editorial"},"image":{"@id":"https:\/\/letrame.com\/catalogo\/#\/schema\/logo\/image\/"}}]}},"_links":{"self":[{"href":"https:\/\/letrame.com\/catalogo\/wp-json\/wp\/v2\/product\/108477","targetHints":{"allow":["GET"]}}],"collection":[{"href":"https:\/\/letrame.com\/catalogo\/wp-json\/wp\/v2\/product"}],"about":[{"href":"https:\/\/letrame.com\/catalogo\/wp-json\/wp\/v2\/types\/product"}],"replies":[{"embeddable":true,"href":"https:\/\/letrame.com\/catalogo\/wp-json\/wp\/v2\/comments?post=108477"}],"acf:post":[{"embeddable":true,"href":"https:\/\/letrame.com\/catalogo\/wp-json\/wp\/v2\/author_book\/108479"}],"wp:featuredmedia":[{"embeddable":true,"href":"https:\/\/letrame.com\/catalogo\/wp-json\/wp\/v2\/media\/108478"}],"wp:attachment":[{"href":"https:\/\/letrame.com\/catalogo\/wp-json\/wp\/v2\/media?parent=108477"}],"wp:term":[{"taxonomy":"libro","embeddable":true,"href":"https:\/\/letrame.com\/catalogo\/wp-json\/wp\/v2\/libro?post=108477"},{"taxonomy":"product_brand","embeddable":true,"href":"https:\/\/letrame.com\/catalogo\/wp-json\/wp\/v2\/product_brand?post=108477"},{"taxonomy":"product_cat","embeddable":true,"href":"https:\/\/letrame.com\/catalogo\/wp-json\/wp\/v2\/product_cat?post=108477"},{"taxonomy":"product_tag","embeddable":true,"href":"https:\/\/letrame.com\/catalogo\/wp-json\/wp\/v2\/product_tag?post=108477"}],"curies":[{"name":"wp","href":"https:\/\/api.w.org\/{rel}","templated":true}]}}