{"id":108469,"date":"2025-04-30T11:14:01","date_gmt":"2025-04-30T09:14:01","guid":{"rendered":"https:\/\/letrame.com\/catalogo\/?post_type=product&#038;p=108469"},"modified":"2025-04-30T11:14:28","modified_gmt":"2025-04-30T09:14:28","slug":"bajo-el-campo-de-los-martires","status":"publish","type":"product","link":"https:\/\/letrame.com\/catalogo\/producto\/bajo-el-campo-de-los-martires\/","title":{"rendered":"Bajo el campo de los m\u00e1rtires"},"content":{"rendered":"<p class=\"p1\"><b>ISBN: <\/b>978-84-1089-503-4<\/p>\n<p class=\"p1\"><b>T\u00edtulo: <\/b>Bajo el campo de los m\u00e1rtires<b><\/b><\/p>\n<p><strong>Fecha<\/strong>: 2024<b><\/b><\/p>\n<p><strong>P\u00e1ginas<\/strong>: 524<b><\/b><\/p>\n<p class=\"p1\"><b>SINOPSIS<\/b><\/p>\n<p class=\"p1\">Cuando Sara acude al castillo de Calatrava La Nueva, en Aldea del Rey, Ciudad Real, a dar su opini\u00f3n profesional como m\u00e9dico forense por un hallazgo realizado en unas excavaciones, no es consciente de lo que se va a encontrar. Su amigo de la universidad, Javier, un reputado arque\u00f3logo, y su equipo, se han topado con los restos de un hombre recientemente asesinado en un camposanto de la fortaleza. Pronto se da cuenta de que no le est\u00e1n aportando toda la informaci\u00f3n sobre el cad\u00e1ver, y amenaza con irse e incluso con denunciarles. Para que comprenda la importancia del descubrimiento, Javier le explica que el cuerpo lo han descubierto gracias a unos legajos del Siglo XIII encontrados en Toledo, los cuales describ\u00edan el lugar de enterramiento. Ante el estupor de Sara, el arque\u00f3logo le presta la traducci\u00f3n del escrito, donde Alonso, un joven habitante de Calatrava La Vieja, describe los acontecimientos que marcaron su vida, no solo con la Orden de Calatrava, sino con la del Temple.<\/p>\n<p class=\"p1\">Pasajes m\u00e1s all\u00e1 de lo racional se salpican en el relato, pero los hechos y los personajes reales de la \u00e9poca mencionados en el mismo aportan una credibilidad tal a la narraci\u00f3n que Sara no puede sino confiar fielmente en lo que est\u00e1 leyendo, y se une al equipo en su investigaci\u00f3n. Alentados por la magnitud del descubrimiento deciden hacerlo p\u00fablico, lo que provoca una oleada de noticias, cr\u00edticas y opiniones en todo el mundo, ya que el hallazgo va m\u00e1s all\u00e1 de lo meramente arqueol\u00f3gico. Es m\u00e1s, si llegaran a demostrar que sus suposiciones son ciertas, podr\u00edan provocar un terremoto no solo cient\u00edfico, sino teol\u00f3gico, un movimiento que afectar\u00eda a los mism\u00edsimos cimientos de la fe.<\/p>\n<p class=\"p1\">Caballeros Templarios y Calatravos, las Cruzadas de Tierra Santa, la ca\u00edda de Constantinopla, leyendas, animales mitol\u00f3gicos, \u00e9picas batallas y&#8230; suspense, mucho suspense.<\/p>\n<p class=\"p1\">Si buscas una mezcla de intriga, historia y literatura medieval, \u00e9ste es tu libro.<\/p>\n<p class=\"p1\">Te atrapar\u00e1 desde las primeras p\u00e1ginas.<\/p>\n<p class=\"p1\"><b>\u00a0<\/b><\/p>\n","protected":false},"excerpt":{"rendered":"<p class=\"p1\"><b>ISBN: <\/b>978-84-1089-503-4<b><\/b><\/p>\n<p><strong>SINOPSIS<\/strong><\/p>\n<p class=\"p1\">Cuando Sara acude al castillo de Calatrava La Nueva, en Aldea del Rey, Ciudad Real, a dar su opini\u00f3n profesional como m\u00e9dico forense por un hallazgo realizado en unas excavaciones, no es consciente de lo que se va a encontrar. Su amigo de la universidad, Javier, un reputado arque\u00f3logo, y su equipo, se han topado con los restos de un hombre recientemente asesinado en un camposanto de la fortaleza. Pronto se da cuenta de que no le est\u00e1n aportando toda la informaci\u00f3n sobre el cad\u00e1ver, y amenaza con irse e incluso con denunciarles. Para que comprenda la importancia del descubrimiento, Javier le explica que el cuerpo lo han descubierto gracias a unos legajos del Siglo XIII encontrados en Toledo, los cuales describ\u00edan el lugar de enterramiento. Ante el estupor de Sara, el arque\u00f3logo le presta la traducci\u00f3n del escrito, donde Alonso, un joven habitante de Calatrava La Vieja, describe los acontecimientos que marcaron su vida, no solo con la Orden de Calatrava, sino con la del Temple.<\/p>\n","protected":false},"featured_media":108470,"comment_status":"open","ping_status":"closed","template":"","meta":{"_acf_changed":false},"libro":[],"product_brand":[],"product_cat":[57],"product_tag":[],"class_list":{"0":"post-108469","1":"product","2":"type-product","3":"status-publish","4":"has-post-thumbnail","6":"product_cat-suspenso","8":"first","9":"instock","10":"shipping-taxable","11":"product-type-simple"},"acf":{"autor":[76048],"enlace_de_compra":"https:\/\/www.amazon.es\/dp\/841089503X"},"yoast_head":"<!-- This site is optimized with the Yoast SEO plugin v27.4 - https:\/\/yoast.com\/product\/yoast-seo-wordpress\/ -->\n<title>Bajo el campo de los m\u00e1rtires - Catalogo | Letrame Grupo Editorial<\/title>\n<meta name=\"robots\" content=\"index, follow, max-snippet:-1, max-image-preview:large, max-video-preview:-1\" \/>\n<link rel=\"canonical\" href=\"https:\/\/letrame.com\/catalogo\/producto\/bajo-el-campo-de-los-martires\/\" \/>\n<meta property=\"og:locale\" content=\"es_ES\" \/>\n<meta property=\"og:type\" content=\"article\" \/>\n<meta property=\"og:title\" content=\"Bajo el campo de los m\u00e1rtires - Catalogo | Letrame Grupo Editorial\" \/>\n<meta property=\"og:description\" content=\"ISBN: 978-84-1089-503-4 SINOPSIS Cuando Sara acude al castillo de Calatrava La Nueva, en Aldea del Rey, Ciudad Real, a dar su opini\u00f3n profesional como m\u00e9dico forense por un hallazgo realizado en unas excavaciones, no es consciente de lo que se va a encontrar. Su amigo de la universidad, Javier, un reputado arque\u00f3logo, y su equipo, se han topado con los restos de un hombre recientemente asesinado en un camposanto de la fortaleza. Pronto se da cuenta de que no le est\u00e1n aportando toda la informaci\u00f3n sobre el cad\u00e1ver, y amenaza con irse e incluso con denunciarles. Para que comprenda la importancia del descubrimiento, Javier le explica que el cuerpo lo han descubierto gracias a unos legajos del Siglo XIII encontrados en Toledo, los cuales describ\u00edan el lugar de enterramiento. Ante el estupor de Sara, el arque\u00f3logo le presta la traducci\u00f3n del escrito, donde Alonso, un joven habitante de Calatrava La Vieja, describe los acontecimientos que marcaron su vida, no solo con la Orden de Calatrava, sino con la del Temple.\" \/>\n<meta property=\"og:url\" content=\"https:\/\/letrame.com\/catalogo\/producto\/bajo-el-campo-de-los-martires\/\" \/>\n<meta property=\"og:site_name\" content=\"Catalogo | Letrame Grupo Editorial\" \/>\n<meta property=\"article:modified_time\" content=\"2025-04-30T09:14:28+00:00\" \/>\n<meta property=\"og:image\" content=\"https:\/\/letrame.com\/catalogo\/wp-content\/uploads\/2025\/04\/Bajo-el-campo-de-los-martires.jpg\" \/>\n\t<meta property=\"og:image:width\" content=\"402\" \/>\n\t<meta property=\"og:image:height\" content=\"567\" \/>\n\t<meta property=\"og:image:type\" content=\"image\/jpeg\" \/>\n<meta name=\"twitter:card\" content=\"summary_large_image\" \/>\n<meta name=\"twitter:label1\" content=\"Tiempo de lectura\" \/>\n\t<meta name=\"twitter:data1\" content=\"2 minutos\" \/>\n<script type=\"application\/ld+json\" class=\"yoast-schema-graph\">{\"@context\":\"https:\\\/\\\/schema.org\",\"@graph\":[{\"@type\":\"WebPage\",\"@id\":\"https:\\\/\\\/letrame.com\\\/catalogo\\\/producto\\\/bajo-el-campo-de-los-martires\\\/\",\"url\":\"https:\\\/\\\/letrame.com\\\/catalogo\\\/producto\\\/bajo-el-campo-de-los-martires\\\/\",\"name\":\"Bajo el campo de los m\u00e1rtires - Catalogo | Letrame Grupo Editorial\",\"isPartOf\":{\"@id\":\"https:\\\/\\\/letrame.com\\\/catalogo\\\/#website\"},\"primaryImageOfPage\":{\"@id\":\"https:\\\/\\\/letrame.com\\\/catalogo\\\/producto\\\/bajo-el-campo-de-los-martires\\\/#primaryimage\"},\"image\":{\"@id\":\"https:\\\/\\\/letrame.com\\\/catalogo\\\/producto\\\/bajo-el-campo-de-los-martires\\\/#primaryimage\"},\"thumbnailUrl\":\"https:\\\/\\\/letrame.com\\\/catalogo\\\/wp-content\\\/uploads\\\/2025\\\/04\\\/Bajo-el-campo-de-los-martires.jpg\",\"datePublished\":\"2025-04-30T09:14:01+00:00\",\"dateModified\":\"2025-04-30T09:14:28+00:00\",\"breadcrumb\":{\"@id\":\"https:\\\/\\\/letrame.com\\\/catalogo\\\/producto\\\/bajo-el-campo-de-los-martires\\\/#breadcrumb\"},\"inLanguage\":\"es\",\"potentialAction\":[{\"@type\":\"ReadAction\",\"target\":[\"https:\\\/\\\/letrame.com\\\/catalogo\\\/producto\\\/bajo-el-campo-de-los-martires\\\/\"]}]},{\"@type\":\"ImageObject\",\"inLanguage\":\"es\",\"@id\":\"https:\\\/\\\/letrame.com\\\/catalogo\\\/producto\\\/bajo-el-campo-de-los-martires\\\/#primaryimage\",\"url\":\"https:\\\/\\\/letrame.com\\\/catalogo\\\/wp-content\\\/uploads\\\/2025\\\/04\\\/Bajo-el-campo-de-los-martires.jpg\",\"contentUrl\":\"https:\\\/\\\/letrame.com\\\/catalogo\\\/wp-content\\\/uploads\\\/2025\\\/04\\\/Bajo-el-campo-de-los-martires.jpg\",\"width\":402,\"height\":567},{\"@type\":\"BreadcrumbList\",\"@id\":\"https:\\\/\\\/letrame.com\\\/catalogo\\\/producto\\\/bajo-el-campo-de-los-martires\\\/#breadcrumb\",\"itemListElement\":[{\"@type\":\"ListItem\",\"position\":1,\"name\":\"Portada\",\"item\":\"https:\\\/\\\/letrame.com\\\/catalogo\\\/\"},{\"@type\":\"ListItem\",\"position\":2,\"name\":\"Cat\u00e1logo\",\"item\":\"https:\\\/\\\/letrame.com\\\/catalogo\\\/\"},{\"@type\":\"ListItem\",\"position\":3,\"name\":\"Bajo el campo de los m\u00e1rtires\"}]},{\"@type\":\"WebSite\",\"@id\":\"https:\\\/\\\/letrame.com\\\/catalogo\\\/#website\",\"url\":\"https:\\\/\\\/letrame.com\\\/catalogo\\\/\",\"name\":\"Catalogo | Letrame Grupo Editorial\",\"description\":\"\",\"publisher\":{\"@id\":\"https:\\\/\\\/letrame.com\\\/catalogo\\\/#organization\"},\"potentialAction\":[{\"@type\":\"SearchAction\",\"target\":{\"@type\":\"EntryPoint\",\"urlTemplate\":\"https:\\\/\\\/letrame.com\\\/catalogo\\\/?s={search_term_string}\"},\"query-input\":{\"@type\":\"PropertyValueSpecification\",\"valueRequired\":true,\"valueName\":\"search_term_string\"}}],\"inLanguage\":\"es\"},{\"@type\":\"Organization\",\"@id\":\"https:\\\/\\\/letrame.com\\\/catalogo\\\/#organization\",\"name\":\"Catalogo | Letrame Grupo Editorial\",\"url\":\"https:\\\/\\\/letrame.com\\\/catalogo\\\/\",\"logo\":{\"@type\":\"ImageObject\",\"inLanguage\":\"es\",\"@id\":\"https:\\\/\\\/letrame.com\\\/catalogo\\\/#\\\/schema\\\/logo\\\/image\\\/\",\"url\":\"https:\\\/\\\/letrame.com\\\/catalogo\\\/wp-content\\\/uploads\\\/2024\\\/03\\\/logo2.webp\",\"contentUrl\":\"https:\\\/\\\/letrame.com\\\/catalogo\\\/wp-content\\\/uploads\\\/2024\\\/03\\\/logo2.webp\",\"width\":394,\"height\":128,\"caption\":\"Catalogo | Letrame Grupo Editorial\"},\"image\":{\"@id\":\"https:\\\/\\\/letrame.com\\\/catalogo\\\/#\\\/schema\\\/logo\\\/image\\\/\"}}]}<\/script>\n<!-- \/ Yoast SEO plugin. -->","yoast_head_json":{"title":"Bajo el campo de los m\u00e1rtires - Catalogo | Letrame Grupo Editorial","robots":{"index":"index","follow":"follow","max-snippet":"max-snippet:-1","max-image-preview":"max-image-preview:large","max-video-preview":"max-video-preview:-1"},"canonical":"https:\/\/letrame.com\/catalogo\/producto\/bajo-el-campo-de-los-martires\/","og_locale":"es_ES","og_type":"article","og_title":"Bajo el campo de los m\u00e1rtires - Catalogo | Letrame Grupo Editorial","og_description":"ISBN: 978-84-1089-503-4 SINOPSIS Cuando Sara acude al castillo de Calatrava La Nueva, en Aldea del Rey, Ciudad Real, a dar su opini\u00f3n profesional como m\u00e9dico forense por un hallazgo realizado en unas excavaciones, no es consciente de lo que se va a encontrar. Su amigo de la universidad, Javier, un reputado arque\u00f3logo, y su equipo, se han topado con los restos de un hombre recientemente asesinado en un camposanto de la fortaleza. Pronto se da cuenta de que no le est\u00e1n aportando toda la informaci\u00f3n sobre el cad\u00e1ver, y amenaza con irse e incluso con denunciarles. Para que comprenda la importancia del descubrimiento, Javier le explica que el cuerpo lo han descubierto gracias a unos legajos del Siglo XIII encontrados en Toledo, los cuales describ\u00edan el lugar de enterramiento. Ante el estupor de Sara, el arque\u00f3logo le presta la traducci\u00f3n del escrito, donde Alonso, un joven habitante de Calatrava La Vieja, describe los acontecimientos que marcaron su vida, no solo con la Orden de Calatrava, sino con la del Temple.","og_url":"https:\/\/letrame.com\/catalogo\/producto\/bajo-el-campo-de-los-martires\/","og_site_name":"Catalogo | Letrame Grupo Editorial","article_modified_time":"2025-04-30T09:14:28+00:00","og_image":[{"width":402,"height":567,"url":"https:\/\/letrame.com\/catalogo\/wp-content\/uploads\/2025\/04\/Bajo-el-campo-de-los-martires.jpg","type":"image\/jpeg"}],"twitter_card":"summary_large_image","twitter_misc":{"Tiempo de lectura":"2 minutos"},"schema":{"@context":"https:\/\/schema.org","@graph":[{"@type":"WebPage","@id":"https:\/\/letrame.com\/catalogo\/producto\/bajo-el-campo-de-los-martires\/","url":"https:\/\/letrame.com\/catalogo\/producto\/bajo-el-campo-de-los-martires\/","name":"Bajo el campo de los m\u00e1rtires - Catalogo | Letrame Grupo Editorial","isPartOf":{"@id":"https:\/\/letrame.com\/catalogo\/#website"},"primaryImageOfPage":{"@id":"https:\/\/letrame.com\/catalogo\/producto\/bajo-el-campo-de-los-martires\/#primaryimage"},"image":{"@id":"https:\/\/letrame.com\/catalogo\/producto\/bajo-el-campo-de-los-martires\/#primaryimage"},"thumbnailUrl":"https:\/\/letrame.com\/catalogo\/wp-content\/uploads\/2025\/04\/Bajo-el-campo-de-los-martires.jpg","datePublished":"2025-04-30T09:14:01+00:00","dateModified":"2025-04-30T09:14:28+00:00","breadcrumb":{"@id":"https:\/\/letrame.com\/catalogo\/producto\/bajo-el-campo-de-los-martires\/#breadcrumb"},"inLanguage":"es","potentialAction":[{"@type":"ReadAction","target":["https:\/\/letrame.com\/catalogo\/producto\/bajo-el-campo-de-los-martires\/"]}]},{"@type":"ImageObject","inLanguage":"es","@id":"https:\/\/letrame.com\/catalogo\/producto\/bajo-el-campo-de-los-martires\/#primaryimage","url":"https:\/\/letrame.com\/catalogo\/wp-content\/uploads\/2025\/04\/Bajo-el-campo-de-los-martires.jpg","contentUrl":"https:\/\/letrame.com\/catalogo\/wp-content\/uploads\/2025\/04\/Bajo-el-campo-de-los-martires.jpg","width":402,"height":567},{"@type":"BreadcrumbList","@id":"https:\/\/letrame.com\/catalogo\/producto\/bajo-el-campo-de-los-martires\/#breadcrumb","itemListElement":[{"@type":"ListItem","position":1,"name":"Portada","item":"https:\/\/letrame.com\/catalogo\/"},{"@type":"ListItem","position":2,"name":"Cat\u00e1logo","item":"https:\/\/letrame.com\/catalogo\/"},{"@type":"ListItem","position":3,"name":"Bajo el campo de los m\u00e1rtires"}]},{"@type":"WebSite","@id":"https:\/\/letrame.com\/catalogo\/#website","url":"https:\/\/letrame.com\/catalogo\/","name":"Catalogo | Letrame Grupo Editorial","description":"","publisher":{"@id":"https:\/\/letrame.com\/catalogo\/#organization"},"potentialAction":[{"@type":"SearchAction","target":{"@type":"EntryPoint","urlTemplate":"https:\/\/letrame.com\/catalogo\/?s={search_term_string}"},"query-input":{"@type":"PropertyValueSpecification","valueRequired":true,"valueName":"search_term_string"}}],"inLanguage":"es"},{"@type":"Organization","@id":"https:\/\/letrame.com\/catalogo\/#organization","name":"Catalogo | Letrame Grupo Editorial","url":"https:\/\/letrame.com\/catalogo\/","logo":{"@type":"ImageObject","inLanguage":"es","@id":"https:\/\/letrame.com\/catalogo\/#\/schema\/logo\/image\/","url":"https:\/\/letrame.com\/catalogo\/wp-content\/uploads\/2024\/03\/logo2.webp","contentUrl":"https:\/\/letrame.com\/catalogo\/wp-content\/uploads\/2024\/03\/logo2.webp","width":394,"height":128,"caption":"Catalogo | Letrame Grupo Editorial"},"image":{"@id":"https:\/\/letrame.com\/catalogo\/#\/schema\/logo\/image\/"}}]}},"_links":{"self":[{"href":"https:\/\/letrame.com\/catalogo\/wp-json\/wp\/v2\/product\/108469","targetHints":{"allow":["GET"]}}],"collection":[{"href":"https:\/\/letrame.com\/catalogo\/wp-json\/wp\/v2\/product"}],"about":[{"href":"https:\/\/letrame.com\/catalogo\/wp-json\/wp\/v2\/types\/product"}],"replies":[{"embeddable":true,"href":"https:\/\/letrame.com\/catalogo\/wp-json\/wp\/v2\/comments?post=108469"}],"acf:post":[{"embeddable":true,"href":"https:\/\/letrame.com\/catalogo\/wp-json\/wp\/v2\/author_book\/76048"}],"wp:featuredmedia":[{"embeddable":true,"href":"https:\/\/letrame.com\/catalogo\/wp-json\/wp\/v2\/media\/108470"}],"wp:attachment":[{"href":"https:\/\/letrame.com\/catalogo\/wp-json\/wp\/v2\/media?parent=108469"}],"wp:term":[{"taxonomy":"libro","embeddable":true,"href":"https:\/\/letrame.com\/catalogo\/wp-json\/wp\/v2\/libro?post=108469"},{"taxonomy":"product_brand","embeddable":true,"href":"https:\/\/letrame.com\/catalogo\/wp-json\/wp\/v2\/product_brand?post=108469"},{"taxonomy":"product_cat","embeddable":true,"href":"https:\/\/letrame.com\/catalogo\/wp-json\/wp\/v2\/product_cat?post=108469"},{"taxonomy":"product_tag","embeddable":true,"href":"https:\/\/letrame.com\/catalogo\/wp-json\/wp\/v2\/product_tag?post=108469"}],"curies":[{"name":"wp","href":"https:\/\/api.w.org\/{rel}","templated":true}]}}