{"id":108460,"date":"2025-04-14T09:30:39","date_gmt":"2025-04-14T07:30:39","guid":{"rendered":"https:\/\/letrame.com\/catalogo\/?post_type=product&#038;p=108460"},"modified":"2025-04-14T09:35:40","modified_gmt":"2025-04-14T07:35:40","slug":"108460","status":"publish","type":"product","link":"https:\/\/letrame.com\/catalogo\/producto\/108460\/","title":{"rendered":"Portal del coraz\u00f3n"},"content":{"rendered":"<p class=\"p2\"><b>ISBN: <\/b>9788410899896<\/p>\n<p class=\"p2\"><b>T\u00edtulo: <\/b>Portal del coraz\u00f3n: Tambi\u00e9n se puede trascender en prisi\u00f3n<b><\/b><\/p>\n<p><strong>Fecha<\/strong>: 2025<b><\/b><\/p>\n<p><strong>P\u00e1ginas<\/strong>: 386<b><\/b><\/p>\n<p class=\"p2\"><b>SINOPSIS<br \/>\n<\/b><br \/>\n\u00bfTe imaginas estar en el lugar y en el momento equivocado y que todo cambie en un instante? Qu\u00e9 tu mundo, tu rutina, tus certezas&#8230; simplemente dejan de existir. Para la protagonista de esta historia, un viaje con amigas que promet\u00eda ser inolvidable se convirti\u00f3 en una prueba de vida: un arresto inesperado en un pa\u00eds que no era el suyo, un proceso judicial surreal y una libertad puesta en pausa. Atrapadas en un entorno que desaf\u00eda todas sus certezas, las chicas se enfrentan a sus sombras, descubren su fortaleza interior y encuentran destellos de esperanza en medio del caos. Y aunque todo parec\u00eda perdido, esta historia nos muestra c\u00f3mo hasta en las peores circunstancias puedes reencontrarte contigo mismo.<br \/>\nEste es un viaje hacia lo m\u00e1s profundo del ser, donde cada desaf\u00edo se convierte en un maestro y cada ca\u00edda, en una transformaci\u00f3n. La vida ense\u00f1a a golpes, pero tambi\u00e9n con magia. Porque incluso desde el rinc\u00f3n m\u00e1s gris, el universo sigue conspirando para que encuentres la luz. Portal del coraz\u00f3n es una invitaci\u00f3n a vivir, incluso cuando todo parece perdido. A re\u00edr, llorar y, sobre todo, a creer que incluso en los momentos m\u00e1s oscuros, pase lo que pase, siempre se llega al coraz\u00f3n.<b><br \/>\n<\/b><\/p>\n","protected":false},"excerpt":{"rendered":"<p><b>ISBN: <\/b>9788410899896<b><\/b><\/p>\n<p><strong>SINOPSIS<\/strong><\/p>\n<p>\u00bfTe imaginas estar en el lugar y en el momento equivocado y que todo cambie en un instante? Qu\u00e9 tu mundo, tu rutina, tus certezas&#8230; simplemente dejan de existir. Para la protagonista de esta historia, un viaje con amigas que promet\u00eda ser inolvidable se convirti\u00f3 en una prueba de vida: un arresto inesperado en un pa\u00eds que no era el suyo, un proceso judicial surreal y una libertad puesta en pausa. Atrapadas en un entorno que desaf\u00eda todas sus certezas, las chicas se enfrentan a sus sombras, descubren su fortaleza interior y encuentran destellos de esperanza en medio del caos. Y aunque todo parec\u00eda perdido, esta historia nos muestra c\u00f3mo hasta en las peores circunstancias puedes reencontrarte contigo mismo.<br \/>\nEste es un viaje hacia lo m\u00e1s profundo del ser, donde cada desaf\u00edo se convierte en un maestro y cada ca\u00edda, en una transformaci\u00f3n. La vida ense\u00f1a a golpes, pero tambi\u00e9n con magia. Porque incluso desde el rinc\u00f3n m\u00e1s gris, el universo sigue conspirando para que encuentres la luz. Portal del coraz\u00f3n es una invitaci\u00f3n a vivir, incluso cuando todo parece perdido. A re\u00edr, llorar y, sobre todo, a creer que incluso en los momentos m\u00e1s oscuros, pase lo que pase, siempre se llega al coraz\u00f3n.<\/p>\n","protected":false},"featured_media":108461,"comment_status":"open","ping_status":"closed","template":"","meta":{"_acf_changed":false},"libro":[],"product_brand":[],"product_cat":[133],"product_tag":[],"class_list":{"0":"post-108460","1":"product","2":"type-product","3":"status-publish","4":"has-post-thumbnail","6":"product_cat-no-ficcion","8":"first","9":"instock","10":"shipping-taxable","11":"product-type-simple"},"acf":{"autor":[108464],"enlace_de_compra":""},"yoast_head":"<!-- This site is optimized with the Yoast SEO plugin v26.6 - https:\/\/yoast.com\/wordpress\/plugins\/seo\/ -->\n<title>Portal del coraz\u00f3n - Catalogo | Letrame Grupo Editorial<\/title>\n<meta name=\"robots\" content=\"index, follow, max-snippet:-1, max-image-preview:large, max-video-preview:-1\" \/>\n<link rel=\"canonical\" href=\"https:\/\/letrame.com\/catalogo\/producto\/108460\/\" \/>\n<meta property=\"og:locale\" content=\"es_ES\" \/>\n<meta property=\"og:type\" content=\"article\" \/>\n<meta property=\"og:title\" content=\"Portal del coraz\u00f3n - Catalogo | Letrame Grupo Editorial\" \/>\n<meta property=\"og:description\" content=\"ISBN: 9788410899896  SINOPSIS  \u00bfTe imaginas estar en el lugar y en el momento equivocado y que todo cambie en un instante? Qu\u00e9 tu mundo, tu rutina, tus certezas... simplemente dejan de existir. Para la protagonista de esta historia, un viaje con amigas que promet\u00eda ser inolvidable se convirti\u00f3 en una prueba de vida: un arresto inesperado en un pa\u00eds que no era el suyo, un proceso judicial surreal y una libertad puesta en pausa. Atrapadas en un entorno que desaf\u00eda todas sus certezas, las chicas se enfrentan a sus sombras, descubren su fortaleza interior y encuentran destellos de esperanza en medio del caos. Y aunque todo parec\u00eda perdido, esta historia nos muestra c\u00f3mo hasta en las peores circunstancias puedes reencontrarte contigo mismo. Este es un viaje hacia lo m\u00e1s profundo del ser, donde cada desaf\u00edo se convierte en un maestro y cada ca\u00edda, en una transformaci\u00f3n. La vida ense\u00f1a a golpes, pero tambi\u00e9n con magia. Porque incluso desde el rinc\u00f3n m\u00e1s gris, el universo sigue conspirando para que encuentres la luz. Portal del coraz\u00f3n es una invitaci\u00f3n a vivir, incluso cuando todo parece perdido. A re\u00edr, llorar y, sobre todo, a creer que incluso en los momentos m\u00e1s oscuros, pase lo que pase, siempre se llega al coraz\u00f3n.\" \/>\n<meta property=\"og:url\" content=\"https:\/\/letrame.com\/catalogo\/producto\/108460\/\" \/>\n<meta property=\"og:site_name\" content=\"Catalogo | Letrame Grupo Editorial\" \/>\n<meta property=\"article:modified_time\" content=\"2025-04-14T07:35:40+00:00\" \/>\n<meta property=\"og:image\" content=\"https:\/\/letrame.com\/catalogo\/wp-content\/uploads\/2025\/04\/Portal-del-corazon.jpg\" \/>\n\t<meta property=\"og:image:width\" content=\"372\" \/>\n\t<meta property=\"og:image:height\" content=\"546\" \/>\n\t<meta property=\"og:image:type\" content=\"image\/jpeg\" \/>\n<meta name=\"twitter:card\" content=\"summary_large_image\" \/>\n<meta name=\"twitter:label1\" content=\"Tiempo de lectura\" \/>\n\t<meta name=\"twitter:data1\" content=\"2 minutos\" \/>\n<script type=\"application\/ld+json\" class=\"yoast-schema-graph\">{\"@context\":\"https:\/\/schema.org\",\"@graph\":[{\"@type\":\"WebPage\",\"@id\":\"https:\/\/letrame.com\/catalogo\/producto\/108460\/\",\"url\":\"https:\/\/letrame.com\/catalogo\/producto\/108460\/\",\"name\":\"Portal del coraz\u00f3n - Catalogo | Letrame Grupo Editorial\",\"isPartOf\":{\"@id\":\"https:\/\/letrame.com\/catalogo\/#website\"},\"primaryImageOfPage\":{\"@id\":\"https:\/\/letrame.com\/catalogo\/producto\/108460\/#primaryimage\"},\"image\":{\"@id\":\"https:\/\/letrame.com\/catalogo\/producto\/108460\/#primaryimage\"},\"thumbnailUrl\":\"https:\/\/letrame.com\/catalogo\/wp-content\/uploads\/2025\/04\/Portal-del-corazon.jpg\",\"datePublished\":\"2025-04-14T07:30:39+00:00\",\"dateModified\":\"2025-04-14T07:35:40+00:00\",\"breadcrumb\":{\"@id\":\"https:\/\/letrame.com\/catalogo\/producto\/108460\/#breadcrumb\"},\"inLanguage\":\"es\",\"potentialAction\":[{\"@type\":\"ReadAction\",\"target\":[\"https:\/\/letrame.com\/catalogo\/producto\/108460\/\"]}]},{\"@type\":\"ImageObject\",\"inLanguage\":\"es\",\"@id\":\"https:\/\/letrame.com\/catalogo\/producto\/108460\/#primaryimage\",\"url\":\"https:\/\/letrame.com\/catalogo\/wp-content\/uploads\/2025\/04\/Portal-del-corazon.jpg\",\"contentUrl\":\"https:\/\/letrame.com\/catalogo\/wp-content\/uploads\/2025\/04\/Portal-del-corazon.jpg\",\"width\":372,\"height\":546},{\"@type\":\"BreadcrumbList\",\"@id\":\"https:\/\/letrame.com\/catalogo\/producto\/108460\/#breadcrumb\",\"itemListElement\":[{\"@type\":\"ListItem\",\"position\":1,\"name\":\"Portada\",\"item\":\"https:\/\/letrame.com\/catalogo\/\"},{\"@type\":\"ListItem\",\"position\":2,\"name\":\"Cat\u00e1logo\",\"item\":\"https:\/\/letrame.com\/catalogo\/\"},{\"@type\":\"ListItem\",\"position\":3,\"name\":\"Portal del coraz\u00f3n\"}]},{\"@type\":\"WebSite\",\"@id\":\"https:\/\/letrame.com\/catalogo\/#website\",\"url\":\"https:\/\/letrame.com\/catalogo\/\",\"name\":\"Catalogo | Letrame Grupo Editorial\",\"description\":\"\",\"publisher\":{\"@id\":\"https:\/\/letrame.com\/catalogo\/#organization\"},\"potentialAction\":[{\"@type\":\"SearchAction\",\"target\":{\"@type\":\"EntryPoint\",\"urlTemplate\":\"https:\/\/letrame.com\/catalogo\/?s={search_term_string}\"},\"query-input\":{\"@type\":\"PropertyValueSpecification\",\"valueRequired\":true,\"valueName\":\"search_term_string\"}}],\"inLanguage\":\"es\"},{\"@type\":\"Organization\",\"@id\":\"https:\/\/letrame.com\/catalogo\/#organization\",\"name\":\"Catalogo | Letrame Grupo Editorial\",\"url\":\"https:\/\/letrame.com\/catalogo\/\",\"logo\":{\"@type\":\"ImageObject\",\"inLanguage\":\"es\",\"@id\":\"https:\/\/letrame.com\/catalogo\/#\/schema\/logo\/image\/\",\"url\":\"https:\/\/letrame.com\/catalogo\/wp-content\/uploads\/2024\/03\/logo2.webp\",\"contentUrl\":\"https:\/\/letrame.com\/catalogo\/wp-content\/uploads\/2024\/03\/logo2.webp\",\"width\":394,\"height\":128,\"caption\":\"Catalogo | Letrame Grupo Editorial\"},\"image\":{\"@id\":\"https:\/\/letrame.com\/catalogo\/#\/schema\/logo\/image\/\"}}]}<\/script>\n<!-- \/ Yoast SEO plugin. -->","yoast_head_json":{"title":"Portal del coraz\u00f3n - Catalogo | Letrame Grupo Editorial","robots":{"index":"index","follow":"follow","max-snippet":"max-snippet:-1","max-image-preview":"max-image-preview:large","max-video-preview":"max-video-preview:-1"},"canonical":"https:\/\/letrame.com\/catalogo\/producto\/108460\/","og_locale":"es_ES","og_type":"article","og_title":"Portal del coraz\u00f3n - Catalogo | Letrame Grupo Editorial","og_description":"ISBN: 9788410899896  SINOPSIS  \u00bfTe imaginas estar en el lugar y en el momento equivocado y que todo cambie en un instante? Qu\u00e9 tu mundo, tu rutina, tus certezas... simplemente dejan de existir. Para la protagonista de esta historia, un viaje con amigas que promet\u00eda ser inolvidable se convirti\u00f3 en una prueba de vida: un arresto inesperado en un pa\u00eds que no era el suyo, un proceso judicial surreal y una libertad puesta en pausa. Atrapadas en un entorno que desaf\u00eda todas sus certezas, las chicas se enfrentan a sus sombras, descubren su fortaleza interior y encuentran destellos de esperanza en medio del caos. Y aunque todo parec\u00eda perdido, esta historia nos muestra c\u00f3mo hasta en las peores circunstancias puedes reencontrarte contigo mismo. Este es un viaje hacia lo m\u00e1s profundo del ser, donde cada desaf\u00edo se convierte en un maestro y cada ca\u00edda, en una transformaci\u00f3n. La vida ense\u00f1a a golpes, pero tambi\u00e9n con magia. Porque incluso desde el rinc\u00f3n m\u00e1s gris, el universo sigue conspirando para que encuentres la luz. Portal del coraz\u00f3n es una invitaci\u00f3n a vivir, incluso cuando todo parece perdido. A re\u00edr, llorar y, sobre todo, a creer que incluso en los momentos m\u00e1s oscuros, pase lo que pase, siempre se llega al coraz\u00f3n.","og_url":"https:\/\/letrame.com\/catalogo\/producto\/108460\/","og_site_name":"Catalogo | Letrame Grupo Editorial","article_modified_time":"2025-04-14T07:35:40+00:00","og_image":[{"width":372,"height":546,"url":"https:\/\/letrame.com\/catalogo\/wp-content\/uploads\/2025\/04\/Portal-del-corazon.jpg","type":"image\/jpeg"}],"twitter_card":"summary_large_image","twitter_misc":{"Tiempo de lectura":"2 minutos"},"schema":{"@context":"https:\/\/schema.org","@graph":[{"@type":"WebPage","@id":"https:\/\/letrame.com\/catalogo\/producto\/108460\/","url":"https:\/\/letrame.com\/catalogo\/producto\/108460\/","name":"Portal del coraz\u00f3n - Catalogo | Letrame Grupo Editorial","isPartOf":{"@id":"https:\/\/letrame.com\/catalogo\/#website"},"primaryImageOfPage":{"@id":"https:\/\/letrame.com\/catalogo\/producto\/108460\/#primaryimage"},"image":{"@id":"https:\/\/letrame.com\/catalogo\/producto\/108460\/#primaryimage"},"thumbnailUrl":"https:\/\/letrame.com\/catalogo\/wp-content\/uploads\/2025\/04\/Portal-del-corazon.jpg","datePublished":"2025-04-14T07:30:39+00:00","dateModified":"2025-04-14T07:35:40+00:00","breadcrumb":{"@id":"https:\/\/letrame.com\/catalogo\/producto\/108460\/#breadcrumb"},"inLanguage":"es","potentialAction":[{"@type":"ReadAction","target":["https:\/\/letrame.com\/catalogo\/producto\/108460\/"]}]},{"@type":"ImageObject","inLanguage":"es","@id":"https:\/\/letrame.com\/catalogo\/producto\/108460\/#primaryimage","url":"https:\/\/letrame.com\/catalogo\/wp-content\/uploads\/2025\/04\/Portal-del-corazon.jpg","contentUrl":"https:\/\/letrame.com\/catalogo\/wp-content\/uploads\/2025\/04\/Portal-del-corazon.jpg","width":372,"height":546},{"@type":"BreadcrumbList","@id":"https:\/\/letrame.com\/catalogo\/producto\/108460\/#breadcrumb","itemListElement":[{"@type":"ListItem","position":1,"name":"Portada","item":"https:\/\/letrame.com\/catalogo\/"},{"@type":"ListItem","position":2,"name":"Cat\u00e1logo","item":"https:\/\/letrame.com\/catalogo\/"},{"@type":"ListItem","position":3,"name":"Portal del coraz\u00f3n"}]},{"@type":"WebSite","@id":"https:\/\/letrame.com\/catalogo\/#website","url":"https:\/\/letrame.com\/catalogo\/","name":"Catalogo | Letrame Grupo Editorial","description":"","publisher":{"@id":"https:\/\/letrame.com\/catalogo\/#organization"},"potentialAction":[{"@type":"SearchAction","target":{"@type":"EntryPoint","urlTemplate":"https:\/\/letrame.com\/catalogo\/?s={search_term_string}"},"query-input":{"@type":"PropertyValueSpecification","valueRequired":true,"valueName":"search_term_string"}}],"inLanguage":"es"},{"@type":"Organization","@id":"https:\/\/letrame.com\/catalogo\/#organization","name":"Catalogo | Letrame Grupo Editorial","url":"https:\/\/letrame.com\/catalogo\/","logo":{"@type":"ImageObject","inLanguage":"es","@id":"https:\/\/letrame.com\/catalogo\/#\/schema\/logo\/image\/","url":"https:\/\/letrame.com\/catalogo\/wp-content\/uploads\/2024\/03\/logo2.webp","contentUrl":"https:\/\/letrame.com\/catalogo\/wp-content\/uploads\/2024\/03\/logo2.webp","width":394,"height":128,"caption":"Catalogo | Letrame Grupo Editorial"},"image":{"@id":"https:\/\/letrame.com\/catalogo\/#\/schema\/logo\/image\/"}}]}},"_links":{"self":[{"href":"https:\/\/letrame.com\/catalogo\/wp-json\/wp\/v2\/product\/108460","targetHints":{"allow":["GET"]}}],"collection":[{"href":"https:\/\/letrame.com\/catalogo\/wp-json\/wp\/v2\/product"}],"about":[{"href":"https:\/\/letrame.com\/catalogo\/wp-json\/wp\/v2\/types\/product"}],"replies":[{"embeddable":true,"href":"https:\/\/letrame.com\/catalogo\/wp-json\/wp\/v2\/comments?post=108460"}],"acf:post":[{"embeddable":true,"href":"https:\/\/letrame.com\/catalogo\/wp-json\/wp\/v2\/author_book\/108464"}],"wp:featuredmedia":[{"embeddable":true,"href":"https:\/\/letrame.com\/catalogo\/wp-json\/wp\/v2\/media\/108461"}],"wp:attachment":[{"href":"https:\/\/letrame.com\/catalogo\/wp-json\/wp\/v2\/media?parent=108460"}],"wp:term":[{"taxonomy":"libro","embeddable":true,"href":"https:\/\/letrame.com\/catalogo\/wp-json\/wp\/v2\/libro?post=108460"},{"taxonomy":"product_brand","embeddable":true,"href":"https:\/\/letrame.com\/catalogo\/wp-json\/wp\/v2\/product_brand?post=108460"},{"taxonomy":"product_cat","embeddable":true,"href":"https:\/\/letrame.com\/catalogo\/wp-json\/wp\/v2\/product_cat?post=108460"},{"taxonomy":"product_tag","embeddable":true,"href":"https:\/\/letrame.com\/catalogo\/wp-json\/wp\/v2\/product_tag?post=108460"}],"curies":[{"name":"wp","href":"https:\/\/api.w.org\/{rel}","templated":true}]}}