{"id":108405,"date":"2025-03-31T16:21:55","date_gmt":"2025-03-31T14:21:55","guid":{"rendered":"https:\/\/letrame.com\/catalogo\/?post_type=product&#038;p=108405"},"modified":"2025-04-01T08:47:31","modified_gmt":"2025-04-01T06:47:31","slug":"todas-las-guerras-civiles","status":"publish","type":"product","link":"https:\/\/letrame.com\/catalogo\/producto\/todas-las-guerras-civiles\/","title":{"rendered":"Todas las guerras civiles"},"content":{"rendered":"<p class=\"p1\"><b>ISBN: <\/b>978-84-1089-748-9<\/p>\n<p class=\"p1\"><b>T\u00edtulo: <\/b>Todas las guerras civiles<b><\/b><\/p>\n<p><strong>Fecha<\/strong>: 2025<b><\/b><\/p>\n<p><strong>P\u00e1ginas<\/strong>: 688<b><\/b><\/p>\n<p class=\"p1\"><b>SINOPSIS<\/b><\/p>\n<p class=\"p1\">El a\u00f1o en el que todos perdimos\u00bb. As\u00ed es como se refiere en varias ocasiones Gamaliel, uno de los protagonistas de Todas las guerras civiles, al a\u00f1o en el que empieza la historia. Son los \u00faltimos a\u00f1os de la d\u00e9cada de los setenta en una escuela secundaria de la Ciudad de M\u00e9xico, donde Gamaliel se siente constantemente amenazado por alumnos y profesores, incapaz de olvidar que pertenecen a mundos diferentes, sinti\u00e9ndose obligado a interpretar constantemente el papel de macho violento, el \u00fanico en el que piensa que puede mantenerse a salvo. Por otra parte la obsesi\u00f3n de su compa\u00f1ero Andr\u00e9s es otra. Le turba la pregunta constante del \u00ab\u00bfqu\u00e9 hubiera pasado si &#8230;?\u00bb, propia de quien tiene ante s\u00ed m\u00e1s de una opci\u00f3n, el privilegio de elegir. Y sin embargo tampoco \u00e9l puede escapar al modelo de masculinidad que se exige a los hombres de su entorno, que poco a poco va moldeando las personalidades de ambos j\u00f3venes, a pesar de su resistencia.<\/p>\n<p class=\"p1\">A trav\u00e9s de la mirada primero adolescente y m\u00e1s tarde adulta de Gamaliel y de Andr\u00e9s, el autor de la novela perfila un intricado retrato del M\u00e9xico de los setenta y los noventa. De todo lo que cambia en esos a\u00f1os, y todo de lo que sigue siendo igual. Movi\u00e9ndonos entre la compasi\u00f3n y la repulsa, el autor nos presenta a dos personajes que aunque desde su subjetividad creen estar en las ant\u00edpodas uno de otro, en realidad son muy parecidos su moral, en su moral, su actitud hacia las mujeres, su miedo visceral a proyectar la imagen err\u00f3nea frente a sus cong\u00e9neres.<\/p>\n<p class=\"p1\">Las guerras civiles a las que se refiere el t\u00edtulo de la novela no son aquellas que quedan registradas en los libros de Historia, sino las que se libran entre cong\u00e9neres, las peque\u00f1as traiciones al pr\u00f3jimo a las que con frecuencia el mundo inh\u00f3spito en el que vivimos empuja a quienes lo habitan, para garantizar su supervivencia. No se recompensa a quienes se muestran heroicos; las recompensas, como comprueban Gamaliel y Andr\u00e9s, ya estaban asignadas desde el inicio. Y a pesar del lugar com\u00fan que asegura que en las guerras todos pierden, siempre hay algunos que pierden m\u00e1s que otros.<\/p>\n<p class=\"p1\"><b>\u00a0<\/b><\/p>\n","protected":false},"excerpt":{"rendered":"<p class=\"p1\"><b>ISBN: <\/b>978-84-1089-748-9<b><\/b><\/p>\n<p><strong>SINOPSIS<\/strong><\/p>\n<p class=\"p1\">El a\u00f1o en el que todos perdimos\u00bb. As\u00ed es como se refiere en varias ocasiones Gamaliel, uno de los protagonistas de Todas las guerras civiles, al a\u00f1o en el que empieza la historia. Son los \u00faltimos a\u00f1os de la d\u00e9cada de los setenta en una escuela secundaria de la Ciudad de M\u00e9xico, donde Gamaliel se siente constantemente amenazado por alumnos y profesores, incapaz de olvidar que pertenecen a mundos diferentes, sinti\u00e9ndose obligado a interpretar constantemente el papel de macho violento, el \u00fanico en el que piensa que puede mantenerse a salvo. Por otra parte la obsesi\u00f3n de su compa\u00f1ero Andr\u00e9s es otra. Le turba la pregunta constante del \u00ab\u00bfqu\u00e9 hubiera pasado si &#8230;?\u00bb, propia de quien tiene ante s\u00ed m\u00e1s de una opci\u00f3n, el privilegio de elegir. Y sin embargo tampoco \u00e9l puede escapar al modelo de masculinidad que se exige a los hombres de su entorno, que poco a poco va moldeando las personalidades de ambos j\u00f3venes, a pesar de su resistencia.<\/p>\n","protected":false},"featured_media":108408,"comment_status":"open","ping_status":"closed","template":"","meta":{"_acf_changed":false},"libro":[],"product_brand":[],"product_cat":[47],"product_tag":[],"class_list":{"0":"post-108405","1":"product","2":"type-product","3":"status-publish","4":"has-post-thumbnail","6":"product_cat-ciencia-ficcion-misterio","8":"first","9":"instock","10":"shipping-taxable","11":"product-type-simple"},"acf":{"autor":[76072],"enlace_de_compra":""},"yoast_head":"<!-- This site is optimized with the Yoast SEO plugin v26.6 - https:\/\/yoast.com\/wordpress\/plugins\/seo\/ -->\n<title>Todas las guerras civiles - Catalogo | Letrame Grupo Editorial<\/title>\n<meta name=\"robots\" content=\"index, follow, max-snippet:-1, max-image-preview:large, max-video-preview:-1\" \/>\n<link rel=\"canonical\" href=\"https:\/\/letrame.com\/catalogo\/producto\/todas-las-guerras-civiles\/\" \/>\n<meta property=\"og:locale\" content=\"es_ES\" \/>\n<meta property=\"og:type\" content=\"article\" \/>\n<meta property=\"og:title\" content=\"Todas las guerras civiles - Catalogo | Letrame Grupo Editorial\" \/>\n<meta property=\"og:description\" content=\"ISBN: 978-84-1089-748-9 SINOPSIS El a\u00f1o en el que todos perdimos\u00bb. As\u00ed es como se refiere en varias ocasiones Gamaliel, uno de los protagonistas de Todas las guerras civiles, al a\u00f1o en el que empieza la historia. Son los \u00faltimos a\u00f1os de la d\u00e9cada de los setenta en una escuela secundaria de la Ciudad de M\u00e9xico, donde Gamaliel se siente constantemente amenazado por alumnos y profesores, incapaz de olvidar que pertenecen a mundos diferentes, sinti\u00e9ndose obligado a interpretar constantemente el papel de macho violento, el \u00fanico en el que piensa que puede mantenerse a salvo. Por otra parte la obsesi\u00f3n de su compa\u00f1ero Andr\u00e9s es otra. Le turba la pregunta constante del \u00ab\u00bfqu\u00e9 hubiera pasado si ...?\u00bb, propia de quien tiene ante s\u00ed m\u00e1s de una opci\u00f3n, el privilegio de elegir. Y sin embargo tampoco \u00e9l puede escapar al modelo de masculinidad que se exige a los hombres de su entorno, que poco a poco va moldeando las personalidades de ambos j\u00f3venes, a pesar de su resistencia.\" \/>\n<meta property=\"og:url\" content=\"https:\/\/letrame.com\/catalogo\/producto\/todas-las-guerras-civiles\/\" \/>\n<meta property=\"og:site_name\" content=\"Catalogo | Letrame Grupo Editorial\" \/>\n<meta property=\"article:modified_time\" content=\"2025-04-01T06:47:31+00:00\" \/>\n<meta property=\"og:image\" content=\"https:\/\/letrame.com\/catalogo\/wp-content\/uploads\/2025\/03\/2edi_todaslasguerras_4274mm.jpg\" \/>\n\t<meta property=\"og:image:width\" content=\"402\" \/>\n\t<meta property=\"og:image:height\" content=\"567\" \/>\n\t<meta property=\"og:image:type\" content=\"image\/jpeg\" \/>\n<meta name=\"twitter:card\" content=\"summary_large_image\" \/>\n<meta name=\"twitter:label1\" content=\"Tiempo de lectura\" \/>\n\t<meta name=\"twitter:data1\" content=\"2 minutos\" \/>\n<script type=\"application\/ld+json\" class=\"yoast-schema-graph\">{\"@context\":\"https:\/\/schema.org\",\"@graph\":[{\"@type\":\"WebPage\",\"@id\":\"https:\/\/letrame.com\/catalogo\/producto\/todas-las-guerras-civiles\/\",\"url\":\"https:\/\/letrame.com\/catalogo\/producto\/todas-las-guerras-civiles\/\",\"name\":\"Todas las guerras civiles - Catalogo | Letrame Grupo Editorial\",\"isPartOf\":{\"@id\":\"https:\/\/letrame.com\/catalogo\/#website\"},\"primaryImageOfPage\":{\"@id\":\"https:\/\/letrame.com\/catalogo\/producto\/todas-las-guerras-civiles\/#primaryimage\"},\"image\":{\"@id\":\"https:\/\/letrame.com\/catalogo\/producto\/todas-las-guerras-civiles\/#primaryimage\"},\"thumbnailUrl\":\"https:\/\/letrame.com\/catalogo\/wp-content\/uploads\/2025\/03\/2edi_todaslasguerras_4274mm.jpg\",\"datePublished\":\"2025-03-31T14:21:55+00:00\",\"dateModified\":\"2025-04-01T06:47:31+00:00\",\"breadcrumb\":{\"@id\":\"https:\/\/letrame.com\/catalogo\/producto\/todas-las-guerras-civiles\/#breadcrumb\"},\"inLanguage\":\"es\",\"potentialAction\":[{\"@type\":\"ReadAction\",\"target\":[\"https:\/\/letrame.com\/catalogo\/producto\/todas-las-guerras-civiles\/\"]}]},{\"@type\":\"ImageObject\",\"inLanguage\":\"es\",\"@id\":\"https:\/\/letrame.com\/catalogo\/producto\/todas-las-guerras-civiles\/#primaryimage\",\"url\":\"https:\/\/letrame.com\/catalogo\/wp-content\/uploads\/2025\/03\/2edi_todaslasguerras_4274mm.jpg\",\"contentUrl\":\"https:\/\/letrame.com\/catalogo\/wp-content\/uploads\/2025\/03\/2edi_todaslasguerras_4274mm.jpg\",\"width\":402,\"height\":567,\"caption\":\"Todas las guerras civiles\"},{\"@type\":\"BreadcrumbList\",\"@id\":\"https:\/\/letrame.com\/catalogo\/producto\/todas-las-guerras-civiles\/#breadcrumb\",\"itemListElement\":[{\"@type\":\"ListItem\",\"position\":1,\"name\":\"Portada\",\"item\":\"https:\/\/letrame.com\/catalogo\/\"},{\"@type\":\"ListItem\",\"position\":2,\"name\":\"Cat\u00e1logo\",\"item\":\"https:\/\/letrame.com\/catalogo\/\"},{\"@type\":\"ListItem\",\"position\":3,\"name\":\"Todas las guerras civiles\"}]},{\"@type\":\"WebSite\",\"@id\":\"https:\/\/letrame.com\/catalogo\/#website\",\"url\":\"https:\/\/letrame.com\/catalogo\/\",\"name\":\"Catalogo | Letrame Grupo Editorial\",\"description\":\"\",\"publisher\":{\"@id\":\"https:\/\/letrame.com\/catalogo\/#organization\"},\"potentialAction\":[{\"@type\":\"SearchAction\",\"target\":{\"@type\":\"EntryPoint\",\"urlTemplate\":\"https:\/\/letrame.com\/catalogo\/?s={search_term_string}\"},\"query-input\":{\"@type\":\"PropertyValueSpecification\",\"valueRequired\":true,\"valueName\":\"search_term_string\"}}],\"inLanguage\":\"es\"},{\"@type\":\"Organization\",\"@id\":\"https:\/\/letrame.com\/catalogo\/#organization\",\"name\":\"Catalogo | Letrame Grupo Editorial\",\"url\":\"https:\/\/letrame.com\/catalogo\/\",\"logo\":{\"@type\":\"ImageObject\",\"inLanguage\":\"es\",\"@id\":\"https:\/\/letrame.com\/catalogo\/#\/schema\/logo\/image\/\",\"url\":\"https:\/\/letrame.com\/catalogo\/wp-content\/uploads\/2024\/03\/logo2.webp\",\"contentUrl\":\"https:\/\/letrame.com\/catalogo\/wp-content\/uploads\/2024\/03\/logo2.webp\",\"width\":394,\"height\":128,\"caption\":\"Catalogo | Letrame Grupo Editorial\"},\"image\":{\"@id\":\"https:\/\/letrame.com\/catalogo\/#\/schema\/logo\/image\/\"}}]}<\/script>\n<!-- \/ Yoast SEO plugin. -->","yoast_head_json":{"title":"Todas las guerras civiles - Catalogo | Letrame Grupo Editorial","robots":{"index":"index","follow":"follow","max-snippet":"max-snippet:-1","max-image-preview":"max-image-preview:large","max-video-preview":"max-video-preview:-1"},"canonical":"https:\/\/letrame.com\/catalogo\/producto\/todas-las-guerras-civiles\/","og_locale":"es_ES","og_type":"article","og_title":"Todas las guerras civiles - Catalogo | Letrame Grupo Editorial","og_description":"ISBN: 978-84-1089-748-9 SINOPSIS El a\u00f1o en el que todos perdimos\u00bb. As\u00ed es como se refiere en varias ocasiones Gamaliel, uno de los protagonistas de Todas las guerras civiles, al a\u00f1o en el que empieza la historia. Son los \u00faltimos a\u00f1os de la d\u00e9cada de los setenta en una escuela secundaria de la Ciudad de M\u00e9xico, donde Gamaliel se siente constantemente amenazado por alumnos y profesores, incapaz de olvidar que pertenecen a mundos diferentes, sinti\u00e9ndose obligado a interpretar constantemente el papel de macho violento, el \u00fanico en el que piensa que puede mantenerse a salvo. Por otra parte la obsesi\u00f3n de su compa\u00f1ero Andr\u00e9s es otra. Le turba la pregunta constante del \u00ab\u00bfqu\u00e9 hubiera pasado si ...?\u00bb, propia de quien tiene ante s\u00ed m\u00e1s de una opci\u00f3n, el privilegio de elegir. Y sin embargo tampoco \u00e9l puede escapar al modelo de masculinidad que se exige a los hombres de su entorno, que poco a poco va moldeando las personalidades de ambos j\u00f3venes, a pesar de su resistencia.","og_url":"https:\/\/letrame.com\/catalogo\/producto\/todas-las-guerras-civiles\/","og_site_name":"Catalogo | Letrame Grupo Editorial","article_modified_time":"2025-04-01T06:47:31+00:00","og_image":[{"width":402,"height":567,"url":"https:\/\/letrame.com\/catalogo\/wp-content\/uploads\/2025\/03\/2edi_todaslasguerras_4274mm.jpg","type":"image\/jpeg"}],"twitter_card":"summary_large_image","twitter_misc":{"Tiempo de lectura":"2 minutos"},"schema":{"@context":"https:\/\/schema.org","@graph":[{"@type":"WebPage","@id":"https:\/\/letrame.com\/catalogo\/producto\/todas-las-guerras-civiles\/","url":"https:\/\/letrame.com\/catalogo\/producto\/todas-las-guerras-civiles\/","name":"Todas las guerras civiles - Catalogo | Letrame Grupo Editorial","isPartOf":{"@id":"https:\/\/letrame.com\/catalogo\/#website"},"primaryImageOfPage":{"@id":"https:\/\/letrame.com\/catalogo\/producto\/todas-las-guerras-civiles\/#primaryimage"},"image":{"@id":"https:\/\/letrame.com\/catalogo\/producto\/todas-las-guerras-civiles\/#primaryimage"},"thumbnailUrl":"https:\/\/letrame.com\/catalogo\/wp-content\/uploads\/2025\/03\/2edi_todaslasguerras_4274mm.jpg","datePublished":"2025-03-31T14:21:55+00:00","dateModified":"2025-04-01T06:47:31+00:00","breadcrumb":{"@id":"https:\/\/letrame.com\/catalogo\/producto\/todas-las-guerras-civiles\/#breadcrumb"},"inLanguage":"es","potentialAction":[{"@type":"ReadAction","target":["https:\/\/letrame.com\/catalogo\/producto\/todas-las-guerras-civiles\/"]}]},{"@type":"ImageObject","inLanguage":"es","@id":"https:\/\/letrame.com\/catalogo\/producto\/todas-las-guerras-civiles\/#primaryimage","url":"https:\/\/letrame.com\/catalogo\/wp-content\/uploads\/2025\/03\/2edi_todaslasguerras_4274mm.jpg","contentUrl":"https:\/\/letrame.com\/catalogo\/wp-content\/uploads\/2025\/03\/2edi_todaslasguerras_4274mm.jpg","width":402,"height":567,"caption":"Todas las guerras civiles"},{"@type":"BreadcrumbList","@id":"https:\/\/letrame.com\/catalogo\/producto\/todas-las-guerras-civiles\/#breadcrumb","itemListElement":[{"@type":"ListItem","position":1,"name":"Portada","item":"https:\/\/letrame.com\/catalogo\/"},{"@type":"ListItem","position":2,"name":"Cat\u00e1logo","item":"https:\/\/letrame.com\/catalogo\/"},{"@type":"ListItem","position":3,"name":"Todas las guerras civiles"}]},{"@type":"WebSite","@id":"https:\/\/letrame.com\/catalogo\/#website","url":"https:\/\/letrame.com\/catalogo\/","name":"Catalogo | Letrame Grupo Editorial","description":"","publisher":{"@id":"https:\/\/letrame.com\/catalogo\/#organization"},"potentialAction":[{"@type":"SearchAction","target":{"@type":"EntryPoint","urlTemplate":"https:\/\/letrame.com\/catalogo\/?s={search_term_string}"},"query-input":{"@type":"PropertyValueSpecification","valueRequired":true,"valueName":"search_term_string"}}],"inLanguage":"es"},{"@type":"Organization","@id":"https:\/\/letrame.com\/catalogo\/#organization","name":"Catalogo | Letrame Grupo Editorial","url":"https:\/\/letrame.com\/catalogo\/","logo":{"@type":"ImageObject","inLanguage":"es","@id":"https:\/\/letrame.com\/catalogo\/#\/schema\/logo\/image\/","url":"https:\/\/letrame.com\/catalogo\/wp-content\/uploads\/2024\/03\/logo2.webp","contentUrl":"https:\/\/letrame.com\/catalogo\/wp-content\/uploads\/2024\/03\/logo2.webp","width":394,"height":128,"caption":"Catalogo | Letrame Grupo Editorial"},"image":{"@id":"https:\/\/letrame.com\/catalogo\/#\/schema\/logo\/image\/"}}]}},"_links":{"self":[{"href":"https:\/\/letrame.com\/catalogo\/wp-json\/wp\/v2\/product\/108405","targetHints":{"allow":["GET"]}}],"collection":[{"href":"https:\/\/letrame.com\/catalogo\/wp-json\/wp\/v2\/product"}],"about":[{"href":"https:\/\/letrame.com\/catalogo\/wp-json\/wp\/v2\/types\/product"}],"replies":[{"embeddable":true,"href":"https:\/\/letrame.com\/catalogo\/wp-json\/wp\/v2\/comments?post=108405"}],"acf:post":[{"embeddable":true,"href":"https:\/\/letrame.com\/catalogo\/wp-json\/wp\/v2\/author_book\/76072"}],"wp:featuredmedia":[{"embeddable":true,"href":"https:\/\/letrame.com\/catalogo\/wp-json\/wp\/v2\/media\/108408"}],"wp:attachment":[{"href":"https:\/\/letrame.com\/catalogo\/wp-json\/wp\/v2\/media?parent=108405"}],"wp:term":[{"taxonomy":"libro","embeddable":true,"href":"https:\/\/letrame.com\/catalogo\/wp-json\/wp\/v2\/libro?post=108405"},{"taxonomy":"product_brand","embeddable":true,"href":"https:\/\/letrame.com\/catalogo\/wp-json\/wp\/v2\/product_brand?post=108405"},{"taxonomy":"product_cat","embeddable":true,"href":"https:\/\/letrame.com\/catalogo\/wp-json\/wp\/v2\/product_cat?post=108405"},{"taxonomy":"product_tag","embeddable":true,"href":"https:\/\/letrame.com\/catalogo\/wp-json\/wp\/v2\/product_tag?post=108405"}],"curies":[{"name":"wp","href":"https:\/\/api.w.org\/{rel}","templated":true}]}}