{"id":108386,"date":"2025-03-27T13:27:54","date_gmt":"2025-03-27T12:27:54","guid":{"rendered":"https:\/\/letrame.com\/catalogo\/?post_type=product&#038;p=108386"},"modified":"2025-03-27T13:29:35","modified_gmt":"2025-03-27T12:29:35","slug":"las-diez-perlas-de-la-empatia","status":"publish","type":"product","link":"https:\/\/letrame.com\/catalogo\/producto\/las-diez-perlas-de-la-empatia\/","title":{"rendered":"Las diez perlas de la empat\u00eda"},"content":{"rendered":"<p class=\"p1\"><b>ISBN: <\/b>978-84-1089-902-5<\/p>\n<p class=\"p1\"><b>T\u00edtulo: <\/b>Las diez perlas de la empat\u00eda<b><\/b><\/p>\n<p><strong>Fecha<\/strong>: 2025<b><\/b><\/p>\n<p><strong>P\u00e1ginas<\/strong>: 148<b><\/b><\/p>\n<p class=\"p1\"><b>SINOPSIS<\/b><\/p>\n<p class=\"p1\">El lado m\u00e1s humano de la medicina<\/p>\n<p class=\"p1\">Estar en un hospital nunca es f\u00e1cil. Para pacientes, familiares y profe-<\/p>\n<p class=\"p1\">sionales de la salud, la experiencia puede ser abrumadora. Pero hay un<\/p>\n<p class=\"p1\">elemento clave que puede transformar el miedo y la incertidumbre en<\/p>\n<p class=\"p1\">alivio y confianza: la empat\u00eda.<\/p>\n<p class=\"p1\">Rodrigo Chaires nos recuerda que la medicina va m\u00e1s all\u00e1 de diagn\u00f3sti-<\/p>\n<p class=\"p1\">cos y tratamientos: se trata de personas. Las diez perlas de la empat\u00eda son<\/p>\n<p class=\"p1\">principios esenciales que todo profesional de la salud deber\u00eda conocer y<\/p>\n<p class=\"p1\">aplicar para mejorar el trato a los pacientes y sus familias. Desde el reco-<\/p>\n<p class=\"p1\">nocimiento de que ning\u00fan paciente est\u00e1 en el hospital por gusto hasta la<\/p>\n<p class=\"p1\">necesidad de escucharlos siempre, estas perlas nos muestran que el simple<\/p>\n<p class=\"p1\">hecho de recordar que cada paciente es alguien m\u00e1s all\u00e1 de su enfermedad<\/p>\n<p class=\"p1\">y que sus necesidades son lo m\u00e1s importante para ellos, puede marcar una<\/p>\n<p class=\"p1\">diferencia enorme en su proceso de recuperaci\u00f3n.<\/p>\n<p class=\"p1\">La conexi\u00f3n humana es el puente que une la ciencia con el bienestar<\/p>\n<p class=\"p1\">emocional. En un entorno donde la inmediatez y los procedimientos<\/p>\n<p class=\"p1\">t\u00e9cnicos dominan, Rodrigo nos invita a detenernos y reflexionar sobre<\/p>\n<p class=\"p1\">la importancia de la honestidad, la comunicaci\u00f3n y la sensibilidad en el<\/p>\n<p class=\"p1\">ejercicio m\u00e9dico. Porque ser emp\u00e1tico es una herramienta poderosa que<\/p>\n<p class=\"p1\">permite mejorar la experiencia del paciente, fortalecer los v\u00ednculos con<\/p>\n<p class=\"p1\">sus familiares y dignificar la labor de quienes cuidan de la salud.<\/p>\n<p class=\"p1\">En un sistema que muchas veces se percibe como fr\u00edo e impersonal, este<\/p>\n<p class=\"p1\">libro es un llamado urgente a humanizar la medicina. Porque peque\u00f1os<\/p>\n<p class=\"p1\">gestos pueden marcar grandes diferencias. Porque detr\u00e1s de cada paciente<\/p>\n<p class=\"p1\">hay una historia. Y porque ser emp\u00e1tico no solo mejora la vida del otro,<\/p>\n<p class=\"p1\">tambi\u00e9n nos transforma a nosotros mismos.<\/p>\n<p class=\"p1\"><b>\u00a0<\/b><\/p>\n","protected":false},"excerpt":{"rendered":"<p class=\"p1\"><b>ISBN: <\/b>978-84-1089-902-5<\/p>\n<p><strong>SINOPSIS<\/strong><\/p>\n<p>El lado m\u00e1s humano de la medicina<\/p>\n<p>Estar en un hospital nunca es f\u00e1cil. Para pacientes, familiares y profe-<\/p>\n<p>sionales de la salud, la experiencia puede ser abrumadora. Pero hay un<\/p>\n<p>elemento clave que puede transformar el miedo y la incertidumbre en<\/p>\n<p>alivio y confianza: la empat\u00eda.<\/p>\n","protected":false},"featured_media":108390,"comment_status":"open","ping_status":"closed","template":"","meta":{"_acf_changed":false},"libro":[],"product_brand":[],"product_cat":[126],"product_tag":[],"class_list":{"0":"post-108386","1":"product","2":"type-product","3":"status-publish","4":"has-post-thumbnail","6":"product_cat-medicina","8":"first","9":"instock","10":"shipping-taxable","11":"product-type-simple"},"acf":{"autor":[108389],"enlace_de_compra":""},"yoast_head":"<!-- This site is optimized with the Yoast SEO plugin v27.4 - https:\/\/yoast.com\/product\/yoast-seo-wordpress\/ -->\n<title>Las diez perlas de la empat\u00eda - Catalogo | Letrame Grupo Editorial<\/title>\n<meta name=\"robots\" content=\"index, follow, max-snippet:-1, max-image-preview:large, max-video-preview:-1\" \/>\n<link rel=\"canonical\" href=\"https:\/\/letrame.com\/catalogo\/producto\/las-diez-perlas-de-la-empatia\/\" \/>\n<meta property=\"og:locale\" content=\"es_ES\" \/>\n<meta property=\"og:type\" content=\"article\" \/>\n<meta property=\"og:title\" content=\"Las diez perlas de la empat\u00eda - Catalogo | Letrame Grupo Editorial\" \/>\n<meta property=\"og:description\" content=\"ISBN: 978-84-1089-902-5 SINOPSIS  El lado m\u00e1s humano de la medicina  Estar en un hospital nunca es f\u00e1cil. Para pacientes, familiares y profe-  sionales de la salud, la experiencia puede ser abrumadora. Pero hay un  elemento clave que puede transformar el miedo y la incertidumbre en  alivio y confianza: la empat\u00eda.\" \/>\n<meta property=\"og:url\" content=\"https:\/\/letrame.com\/catalogo\/producto\/las-diez-perlas-de-la-empatia\/\" \/>\n<meta property=\"og:site_name\" content=\"Catalogo | Letrame Grupo Editorial\" \/>\n<meta property=\"article:modified_time\" content=\"2025-03-27T12:29:35+00:00\" \/>\n<meta property=\"og:image\" content=\"https:\/\/letrame.com\/catalogo\/wp-content\/uploads\/2025\/03\/Las-diez-perlas.jpg\" \/>\n\t<meta property=\"og:image:width\" content=\"384\" \/>\n\t<meta property=\"og:image:height\" content=\"537\" \/>\n\t<meta property=\"og:image:type\" content=\"image\/jpeg\" \/>\n<meta name=\"twitter:card\" content=\"summary_large_image\" \/>\n<meta name=\"twitter:label1\" content=\"Tiempo de lectura\" \/>\n\t<meta name=\"twitter:data1\" content=\"2 minutos\" \/>\n<script type=\"application\/ld+json\" class=\"yoast-schema-graph\">{\"@context\":\"https:\\\/\\\/schema.org\",\"@graph\":[{\"@type\":\"WebPage\",\"@id\":\"https:\\\/\\\/letrame.com\\\/catalogo\\\/producto\\\/las-diez-perlas-de-la-empatia\\\/\",\"url\":\"https:\\\/\\\/letrame.com\\\/catalogo\\\/producto\\\/las-diez-perlas-de-la-empatia\\\/\",\"name\":\"Las diez perlas de la empat\u00eda - Catalogo | Letrame Grupo Editorial\",\"isPartOf\":{\"@id\":\"https:\\\/\\\/letrame.com\\\/catalogo\\\/#website\"},\"primaryImageOfPage\":{\"@id\":\"https:\\\/\\\/letrame.com\\\/catalogo\\\/producto\\\/las-diez-perlas-de-la-empatia\\\/#primaryimage\"},\"image\":{\"@id\":\"https:\\\/\\\/letrame.com\\\/catalogo\\\/producto\\\/las-diez-perlas-de-la-empatia\\\/#primaryimage\"},\"thumbnailUrl\":\"https:\\\/\\\/letrame.com\\\/catalogo\\\/wp-content\\\/uploads\\\/2025\\\/03\\\/Las-diez-perlas.jpg\",\"datePublished\":\"2025-03-27T12:27:54+00:00\",\"dateModified\":\"2025-03-27T12:29:35+00:00\",\"breadcrumb\":{\"@id\":\"https:\\\/\\\/letrame.com\\\/catalogo\\\/producto\\\/las-diez-perlas-de-la-empatia\\\/#breadcrumb\"},\"inLanguage\":\"es\",\"potentialAction\":[{\"@type\":\"ReadAction\",\"target\":[\"https:\\\/\\\/letrame.com\\\/catalogo\\\/producto\\\/las-diez-perlas-de-la-empatia\\\/\"]}]},{\"@type\":\"ImageObject\",\"inLanguage\":\"es\",\"@id\":\"https:\\\/\\\/letrame.com\\\/catalogo\\\/producto\\\/las-diez-perlas-de-la-empatia\\\/#primaryimage\",\"url\":\"https:\\\/\\\/letrame.com\\\/catalogo\\\/wp-content\\\/uploads\\\/2025\\\/03\\\/Las-diez-perlas.jpg\",\"contentUrl\":\"https:\\\/\\\/letrame.com\\\/catalogo\\\/wp-content\\\/uploads\\\/2025\\\/03\\\/Las-diez-perlas.jpg\",\"width\":384,\"height\":537},{\"@type\":\"BreadcrumbList\",\"@id\":\"https:\\\/\\\/letrame.com\\\/catalogo\\\/producto\\\/las-diez-perlas-de-la-empatia\\\/#breadcrumb\",\"itemListElement\":[{\"@type\":\"ListItem\",\"position\":1,\"name\":\"Portada\",\"item\":\"https:\\\/\\\/letrame.com\\\/catalogo\\\/\"},{\"@type\":\"ListItem\",\"position\":2,\"name\":\"Cat\u00e1logo\",\"item\":\"https:\\\/\\\/letrame.com\\\/catalogo\\\/\"},{\"@type\":\"ListItem\",\"position\":3,\"name\":\"Las diez perlas de la empat\u00eda\"}]},{\"@type\":\"WebSite\",\"@id\":\"https:\\\/\\\/letrame.com\\\/catalogo\\\/#website\",\"url\":\"https:\\\/\\\/letrame.com\\\/catalogo\\\/\",\"name\":\"Catalogo | Letrame Grupo Editorial\",\"description\":\"\",\"publisher\":{\"@id\":\"https:\\\/\\\/letrame.com\\\/catalogo\\\/#organization\"},\"potentialAction\":[{\"@type\":\"SearchAction\",\"target\":{\"@type\":\"EntryPoint\",\"urlTemplate\":\"https:\\\/\\\/letrame.com\\\/catalogo\\\/?s={search_term_string}\"},\"query-input\":{\"@type\":\"PropertyValueSpecification\",\"valueRequired\":true,\"valueName\":\"search_term_string\"}}],\"inLanguage\":\"es\"},{\"@type\":\"Organization\",\"@id\":\"https:\\\/\\\/letrame.com\\\/catalogo\\\/#organization\",\"name\":\"Catalogo | Letrame Grupo Editorial\",\"url\":\"https:\\\/\\\/letrame.com\\\/catalogo\\\/\",\"logo\":{\"@type\":\"ImageObject\",\"inLanguage\":\"es\",\"@id\":\"https:\\\/\\\/letrame.com\\\/catalogo\\\/#\\\/schema\\\/logo\\\/image\\\/\",\"url\":\"https:\\\/\\\/letrame.com\\\/catalogo\\\/wp-content\\\/uploads\\\/2024\\\/03\\\/logo2.webp\",\"contentUrl\":\"https:\\\/\\\/letrame.com\\\/catalogo\\\/wp-content\\\/uploads\\\/2024\\\/03\\\/logo2.webp\",\"width\":394,\"height\":128,\"caption\":\"Catalogo | Letrame Grupo Editorial\"},\"image\":{\"@id\":\"https:\\\/\\\/letrame.com\\\/catalogo\\\/#\\\/schema\\\/logo\\\/image\\\/\"}}]}<\/script>\n<!-- \/ Yoast SEO plugin. -->","yoast_head_json":{"title":"Las diez perlas de la empat\u00eda - Catalogo | Letrame Grupo Editorial","robots":{"index":"index","follow":"follow","max-snippet":"max-snippet:-1","max-image-preview":"max-image-preview:large","max-video-preview":"max-video-preview:-1"},"canonical":"https:\/\/letrame.com\/catalogo\/producto\/las-diez-perlas-de-la-empatia\/","og_locale":"es_ES","og_type":"article","og_title":"Las diez perlas de la empat\u00eda - Catalogo | Letrame Grupo Editorial","og_description":"ISBN: 978-84-1089-902-5 SINOPSIS  El lado m\u00e1s humano de la medicina  Estar en un hospital nunca es f\u00e1cil. Para pacientes, familiares y profe-  sionales de la salud, la experiencia puede ser abrumadora. Pero hay un  elemento clave que puede transformar el miedo y la incertidumbre en  alivio y confianza: la empat\u00eda.","og_url":"https:\/\/letrame.com\/catalogo\/producto\/las-diez-perlas-de-la-empatia\/","og_site_name":"Catalogo | Letrame Grupo Editorial","article_modified_time":"2025-03-27T12:29:35+00:00","og_image":[{"width":384,"height":537,"url":"https:\/\/letrame.com\/catalogo\/wp-content\/uploads\/2025\/03\/Las-diez-perlas.jpg","type":"image\/jpeg"}],"twitter_card":"summary_large_image","twitter_misc":{"Tiempo de lectura":"2 minutos"},"schema":{"@context":"https:\/\/schema.org","@graph":[{"@type":"WebPage","@id":"https:\/\/letrame.com\/catalogo\/producto\/las-diez-perlas-de-la-empatia\/","url":"https:\/\/letrame.com\/catalogo\/producto\/las-diez-perlas-de-la-empatia\/","name":"Las diez perlas de la empat\u00eda - Catalogo | Letrame Grupo Editorial","isPartOf":{"@id":"https:\/\/letrame.com\/catalogo\/#website"},"primaryImageOfPage":{"@id":"https:\/\/letrame.com\/catalogo\/producto\/las-diez-perlas-de-la-empatia\/#primaryimage"},"image":{"@id":"https:\/\/letrame.com\/catalogo\/producto\/las-diez-perlas-de-la-empatia\/#primaryimage"},"thumbnailUrl":"https:\/\/letrame.com\/catalogo\/wp-content\/uploads\/2025\/03\/Las-diez-perlas.jpg","datePublished":"2025-03-27T12:27:54+00:00","dateModified":"2025-03-27T12:29:35+00:00","breadcrumb":{"@id":"https:\/\/letrame.com\/catalogo\/producto\/las-diez-perlas-de-la-empatia\/#breadcrumb"},"inLanguage":"es","potentialAction":[{"@type":"ReadAction","target":["https:\/\/letrame.com\/catalogo\/producto\/las-diez-perlas-de-la-empatia\/"]}]},{"@type":"ImageObject","inLanguage":"es","@id":"https:\/\/letrame.com\/catalogo\/producto\/las-diez-perlas-de-la-empatia\/#primaryimage","url":"https:\/\/letrame.com\/catalogo\/wp-content\/uploads\/2025\/03\/Las-diez-perlas.jpg","contentUrl":"https:\/\/letrame.com\/catalogo\/wp-content\/uploads\/2025\/03\/Las-diez-perlas.jpg","width":384,"height":537},{"@type":"BreadcrumbList","@id":"https:\/\/letrame.com\/catalogo\/producto\/las-diez-perlas-de-la-empatia\/#breadcrumb","itemListElement":[{"@type":"ListItem","position":1,"name":"Portada","item":"https:\/\/letrame.com\/catalogo\/"},{"@type":"ListItem","position":2,"name":"Cat\u00e1logo","item":"https:\/\/letrame.com\/catalogo\/"},{"@type":"ListItem","position":3,"name":"Las diez perlas de la empat\u00eda"}]},{"@type":"WebSite","@id":"https:\/\/letrame.com\/catalogo\/#website","url":"https:\/\/letrame.com\/catalogo\/","name":"Catalogo | Letrame Grupo Editorial","description":"","publisher":{"@id":"https:\/\/letrame.com\/catalogo\/#organization"},"potentialAction":[{"@type":"SearchAction","target":{"@type":"EntryPoint","urlTemplate":"https:\/\/letrame.com\/catalogo\/?s={search_term_string}"},"query-input":{"@type":"PropertyValueSpecification","valueRequired":true,"valueName":"search_term_string"}}],"inLanguage":"es"},{"@type":"Organization","@id":"https:\/\/letrame.com\/catalogo\/#organization","name":"Catalogo | Letrame Grupo Editorial","url":"https:\/\/letrame.com\/catalogo\/","logo":{"@type":"ImageObject","inLanguage":"es","@id":"https:\/\/letrame.com\/catalogo\/#\/schema\/logo\/image\/","url":"https:\/\/letrame.com\/catalogo\/wp-content\/uploads\/2024\/03\/logo2.webp","contentUrl":"https:\/\/letrame.com\/catalogo\/wp-content\/uploads\/2024\/03\/logo2.webp","width":394,"height":128,"caption":"Catalogo | Letrame Grupo Editorial"},"image":{"@id":"https:\/\/letrame.com\/catalogo\/#\/schema\/logo\/image\/"}}]}},"_links":{"self":[{"href":"https:\/\/letrame.com\/catalogo\/wp-json\/wp\/v2\/product\/108386","targetHints":{"allow":["GET"]}}],"collection":[{"href":"https:\/\/letrame.com\/catalogo\/wp-json\/wp\/v2\/product"}],"about":[{"href":"https:\/\/letrame.com\/catalogo\/wp-json\/wp\/v2\/types\/product"}],"replies":[{"embeddable":true,"href":"https:\/\/letrame.com\/catalogo\/wp-json\/wp\/v2\/comments?post=108386"}],"acf:post":[{"embeddable":true,"href":"https:\/\/letrame.com\/catalogo\/wp-json\/wp\/v2\/author_book\/108389"}],"wp:featuredmedia":[{"embeddable":true,"href":"https:\/\/letrame.com\/catalogo\/wp-json\/wp\/v2\/media\/108390"}],"wp:attachment":[{"href":"https:\/\/letrame.com\/catalogo\/wp-json\/wp\/v2\/media?parent=108386"}],"wp:term":[{"taxonomy":"libro","embeddable":true,"href":"https:\/\/letrame.com\/catalogo\/wp-json\/wp\/v2\/libro?post=108386"},{"taxonomy":"product_brand","embeddable":true,"href":"https:\/\/letrame.com\/catalogo\/wp-json\/wp\/v2\/product_brand?post=108386"},{"taxonomy":"product_cat","embeddable":true,"href":"https:\/\/letrame.com\/catalogo\/wp-json\/wp\/v2\/product_cat?post=108386"},{"taxonomy":"product_tag","embeddable":true,"href":"https:\/\/letrame.com\/catalogo\/wp-json\/wp\/v2\/product_tag?post=108386"}],"curies":[{"name":"wp","href":"https:\/\/api.w.org\/{rel}","templated":true}]}}