{"id":108372,"date":"2025-03-27T11:34:20","date_gmt":"2025-03-27T10:34:20","guid":{"rendered":"https:\/\/letrame.com\/catalogo\/?post_type=product&#038;p=108372"},"modified":"2025-04-07T08:29:35","modified_gmt":"2025-04-07T06:29:35","slug":"serendipia-2","status":"publish","type":"product","link":"https:\/\/letrame.com\/catalogo\/producto\/serendipia-2\/","title":{"rendered":"Serendipia"},"content":{"rendered":"<p class=\"p1\"><b>ISBN: <\/b>978-84-1089-825-7<\/p>\n<p class=\"p1\"><b>T\u00edtulo: <\/b>Serendipia<b><\/b><\/p>\n<p><strong>Fecha<\/strong>: 2025<b><\/b><\/p>\n<p><strong>P\u00e1ginas<\/strong>: 398<b><\/b><\/p>\n<p class=\"p1\"><b>SINOPSIS<br \/>\n<\/b><\/p>\n<p class=\"p1\">Olivia Bennet, una joven hu\u00e9rfana con muchas ganas de<\/p>\n<p class=\"p1\">vivir, acaba de salir por primera vez al mundo real despu\u00e9s<\/p>\n<p class=\"p1\">de vivir toda su vida en un extra\u00f1o orfanato del cual ha<\/p>\n<p class=\"p1\">conseguido huir. Ahora tendr\u00e1 que enfrentarse a la vida<\/p>\n<p class=\"p1\">como una joven y aprender sobre el amor, la amistad y,<\/p>\n<p class=\"p1\">sobre todo, a poner l\u00edmites y valorarse a s\u00ed misma.<\/p>\n<p class=\"p1\">En esta situaci\u00f3n conocer\u00e1 a Alex, un chico traumatiza-<\/p>\n<p class=\"p1\">do por la muerte de su madre, amante de la m\u00fasica, que<\/p>\n<p class=\"p1\">tendr\u00e1 que acogerla en su casa. Ambos desestructurar\u00e1n la<\/p>\n<p class=\"p1\">vida del otro. Es una historia de descubrimiento, misterio<\/p>\n<p class=\"p1\">y amor que muestra que las casualidades bonitas existen y<\/p>\n<p class=\"p1\">que todo es Serendipia.<\/p>\n<p class=\"p1\"><b>\u00a0<\/b><\/p>\n","protected":false},"excerpt":{"rendered":"<p class=\"p1\"><b>ISBN: <\/b>978-84-1089-825-7<b><\/b><\/p>\n<p><strong>SINOPSIS<\/strong><\/p>\n<p class=\"p1\">Olivia Bennet, una joven hu\u00e9rfana con muchas ganas de<\/p>\n<p class=\"p1\">vivir, acaba de salir por primera vez al mundo real despu\u00e9s<\/p>\n<p class=\"p1\">de vivir toda su vida en un extra\u00f1o orfanato del cual ha<\/p>\n<p class=\"p1\">conseguido huir.<\/p>\n","protected":false},"featured_media":108374,"comment_status":"open","ping_status":"closed","template":"","meta":{"_acf_changed":false},"libro":[],"product_brand":[],"product_cat":[50],"product_tag":[],"class_list":{"0":"post-108372","1":"product","2":"type-product","3":"status-publish","4":"has-post-thumbnail","6":"product_cat-novela-romantica","8":"first","9":"instock","10":"shipping-taxable","11":"product-type-simple"},"acf":{"autor":[108376],"enlace_de_compra":"https:\/\/www.amazon.es\/dp\/841089825X"},"yoast_head":"<!-- This site is optimized with the Yoast SEO plugin v26.6 - https:\/\/yoast.com\/wordpress\/plugins\/seo\/ -->\n<title>Serendipia - Catalogo | Letrame Grupo Editorial<\/title>\n<meta name=\"robots\" content=\"index, follow, max-snippet:-1, max-image-preview:large, max-video-preview:-1\" \/>\n<link rel=\"canonical\" href=\"https:\/\/letrame.com\/catalogo\/producto\/serendipia-2\/\" \/>\n<meta property=\"og:locale\" content=\"es_ES\" \/>\n<meta property=\"og:type\" content=\"article\" \/>\n<meta property=\"og:title\" content=\"Serendipia - Catalogo | Letrame Grupo Editorial\" \/>\n<meta property=\"og:description\" content=\"ISBN: 978-84-1089-825-7 SINOPSIS Olivia Bennet, una joven hu\u00e9rfana con muchas ganas de vivir, acaba de salir por primera vez al mundo real despu\u00e9s de vivir toda su vida en un extra\u00f1o orfanato del cual ha conseguido huir.\" \/>\n<meta property=\"og:url\" content=\"https:\/\/letrame.com\/catalogo\/producto\/serendipia-2\/\" \/>\n<meta property=\"og:site_name\" content=\"Catalogo | Letrame Grupo Editorial\" \/>\n<meta property=\"article:modified_time\" content=\"2025-04-07T06:29:35+00:00\" \/>\n<meta property=\"og:image\" content=\"https:\/\/letrame.com\/catalogo\/wp-content\/uploads\/2025\/03\/Serendipia.jpg\" \/>\n\t<meta property=\"og:image:width\" content=\"384\" \/>\n\t<meta property=\"og:image:height\" content=\"563\" \/>\n\t<meta property=\"og:image:type\" content=\"image\/jpeg\" \/>\n<meta name=\"twitter:card\" content=\"summary_large_image\" \/>\n<meta name=\"twitter:label1\" content=\"Tiempo de lectura\" \/>\n\t<meta name=\"twitter:data1\" content=\"1 minuto\" \/>\n<script type=\"application\/ld+json\" class=\"yoast-schema-graph\">{\"@context\":\"https:\/\/schema.org\",\"@graph\":[{\"@type\":\"WebPage\",\"@id\":\"https:\/\/letrame.com\/catalogo\/producto\/serendipia-2\/\",\"url\":\"https:\/\/letrame.com\/catalogo\/producto\/serendipia-2\/\",\"name\":\"Serendipia - Catalogo | Letrame Grupo Editorial\",\"isPartOf\":{\"@id\":\"https:\/\/letrame.com\/catalogo\/#website\"},\"primaryImageOfPage\":{\"@id\":\"https:\/\/letrame.com\/catalogo\/producto\/serendipia-2\/#primaryimage\"},\"image\":{\"@id\":\"https:\/\/letrame.com\/catalogo\/producto\/serendipia-2\/#primaryimage\"},\"thumbnailUrl\":\"https:\/\/letrame.com\/catalogo\/wp-content\/uploads\/2025\/03\/Serendipia.jpg\",\"datePublished\":\"2025-03-27T10:34:20+00:00\",\"dateModified\":\"2025-04-07T06:29:35+00:00\",\"breadcrumb\":{\"@id\":\"https:\/\/letrame.com\/catalogo\/producto\/serendipia-2\/#breadcrumb\"},\"inLanguage\":\"es\",\"potentialAction\":[{\"@type\":\"ReadAction\",\"target\":[\"https:\/\/letrame.com\/catalogo\/producto\/serendipia-2\/\"]}]},{\"@type\":\"ImageObject\",\"inLanguage\":\"es\",\"@id\":\"https:\/\/letrame.com\/catalogo\/producto\/serendipia-2\/#primaryimage\",\"url\":\"https:\/\/letrame.com\/catalogo\/wp-content\/uploads\/2025\/03\/Serendipia.jpg\",\"contentUrl\":\"https:\/\/letrame.com\/catalogo\/wp-content\/uploads\/2025\/03\/Serendipia.jpg\",\"width\":384,\"height\":563,\"caption\":\"Serendipia\"},{\"@type\":\"BreadcrumbList\",\"@id\":\"https:\/\/letrame.com\/catalogo\/producto\/serendipia-2\/#breadcrumb\",\"itemListElement\":[{\"@type\":\"ListItem\",\"position\":1,\"name\":\"Portada\",\"item\":\"https:\/\/letrame.com\/catalogo\/\"},{\"@type\":\"ListItem\",\"position\":2,\"name\":\"Cat\u00e1logo\",\"item\":\"https:\/\/letrame.com\/catalogo\/\"},{\"@type\":\"ListItem\",\"position\":3,\"name\":\"Serendipia\"}]},{\"@type\":\"WebSite\",\"@id\":\"https:\/\/letrame.com\/catalogo\/#website\",\"url\":\"https:\/\/letrame.com\/catalogo\/\",\"name\":\"Catalogo | Letrame Grupo Editorial\",\"description\":\"\",\"publisher\":{\"@id\":\"https:\/\/letrame.com\/catalogo\/#organization\"},\"potentialAction\":[{\"@type\":\"SearchAction\",\"target\":{\"@type\":\"EntryPoint\",\"urlTemplate\":\"https:\/\/letrame.com\/catalogo\/?s={search_term_string}\"},\"query-input\":{\"@type\":\"PropertyValueSpecification\",\"valueRequired\":true,\"valueName\":\"search_term_string\"}}],\"inLanguage\":\"es\"},{\"@type\":\"Organization\",\"@id\":\"https:\/\/letrame.com\/catalogo\/#organization\",\"name\":\"Catalogo | Letrame Grupo Editorial\",\"url\":\"https:\/\/letrame.com\/catalogo\/\",\"logo\":{\"@type\":\"ImageObject\",\"inLanguage\":\"es\",\"@id\":\"https:\/\/letrame.com\/catalogo\/#\/schema\/logo\/image\/\",\"url\":\"https:\/\/letrame.com\/catalogo\/wp-content\/uploads\/2024\/03\/logo2.webp\",\"contentUrl\":\"https:\/\/letrame.com\/catalogo\/wp-content\/uploads\/2024\/03\/logo2.webp\",\"width\":394,\"height\":128,\"caption\":\"Catalogo | Letrame Grupo Editorial\"},\"image\":{\"@id\":\"https:\/\/letrame.com\/catalogo\/#\/schema\/logo\/image\/\"}}]}<\/script>\n<!-- \/ Yoast SEO plugin. -->","yoast_head_json":{"title":"Serendipia - Catalogo | Letrame Grupo Editorial","robots":{"index":"index","follow":"follow","max-snippet":"max-snippet:-1","max-image-preview":"max-image-preview:large","max-video-preview":"max-video-preview:-1"},"canonical":"https:\/\/letrame.com\/catalogo\/producto\/serendipia-2\/","og_locale":"es_ES","og_type":"article","og_title":"Serendipia - Catalogo | Letrame Grupo Editorial","og_description":"ISBN: 978-84-1089-825-7 SINOPSIS Olivia Bennet, una joven hu\u00e9rfana con muchas ganas de vivir, acaba de salir por primera vez al mundo real despu\u00e9s de vivir toda su vida en un extra\u00f1o orfanato del cual ha conseguido huir.","og_url":"https:\/\/letrame.com\/catalogo\/producto\/serendipia-2\/","og_site_name":"Catalogo | Letrame Grupo Editorial","article_modified_time":"2025-04-07T06:29:35+00:00","og_image":[{"width":384,"height":563,"url":"https:\/\/letrame.com\/catalogo\/wp-content\/uploads\/2025\/03\/Serendipia.jpg","type":"image\/jpeg"}],"twitter_card":"summary_large_image","twitter_misc":{"Tiempo de lectura":"1 minuto"},"schema":{"@context":"https:\/\/schema.org","@graph":[{"@type":"WebPage","@id":"https:\/\/letrame.com\/catalogo\/producto\/serendipia-2\/","url":"https:\/\/letrame.com\/catalogo\/producto\/serendipia-2\/","name":"Serendipia - Catalogo | Letrame Grupo Editorial","isPartOf":{"@id":"https:\/\/letrame.com\/catalogo\/#website"},"primaryImageOfPage":{"@id":"https:\/\/letrame.com\/catalogo\/producto\/serendipia-2\/#primaryimage"},"image":{"@id":"https:\/\/letrame.com\/catalogo\/producto\/serendipia-2\/#primaryimage"},"thumbnailUrl":"https:\/\/letrame.com\/catalogo\/wp-content\/uploads\/2025\/03\/Serendipia.jpg","datePublished":"2025-03-27T10:34:20+00:00","dateModified":"2025-04-07T06:29:35+00:00","breadcrumb":{"@id":"https:\/\/letrame.com\/catalogo\/producto\/serendipia-2\/#breadcrumb"},"inLanguage":"es","potentialAction":[{"@type":"ReadAction","target":["https:\/\/letrame.com\/catalogo\/producto\/serendipia-2\/"]}]},{"@type":"ImageObject","inLanguage":"es","@id":"https:\/\/letrame.com\/catalogo\/producto\/serendipia-2\/#primaryimage","url":"https:\/\/letrame.com\/catalogo\/wp-content\/uploads\/2025\/03\/Serendipia.jpg","contentUrl":"https:\/\/letrame.com\/catalogo\/wp-content\/uploads\/2025\/03\/Serendipia.jpg","width":384,"height":563,"caption":"Serendipia"},{"@type":"BreadcrumbList","@id":"https:\/\/letrame.com\/catalogo\/producto\/serendipia-2\/#breadcrumb","itemListElement":[{"@type":"ListItem","position":1,"name":"Portada","item":"https:\/\/letrame.com\/catalogo\/"},{"@type":"ListItem","position":2,"name":"Cat\u00e1logo","item":"https:\/\/letrame.com\/catalogo\/"},{"@type":"ListItem","position":3,"name":"Serendipia"}]},{"@type":"WebSite","@id":"https:\/\/letrame.com\/catalogo\/#website","url":"https:\/\/letrame.com\/catalogo\/","name":"Catalogo | Letrame Grupo Editorial","description":"","publisher":{"@id":"https:\/\/letrame.com\/catalogo\/#organization"},"potentialAction":[{"@type":"SearchAction","target":{"@type":"EntryPoint","urlTemplate":"https:\/\/letrame.com\/catalogo\/?s={search_term_string}"},"query-input":{"@type":"PropertyValueSpecification","valueRequired":true,"valueName":"search_term_string"}}],"inLanguage":"es"},{"@type":"Organization","@id":"https:\/\/letrame.com\/catalogo\/#organization","name":"Catalogo | Letrame Grupo Editorial","url":"https:\/\/letrame.com\/catalogo\/","logo":{"@type":"ImageObject","inLanguage":"es","@id":"https:\/\/letrame.com\/catalogo\/#\/schema\/logo\/image\/","url":"https:\/\/letrame.com\/catalogo\/wp-content\/uploads\/2024\/03\/logo2.webp","contentUrl":"https:\/\/letrame.com\/catalogo\/wp-content\/uploads\/2024\/03\/logo2.webp","width":394,"height":128,"caption":"Catalogo | Letrame Grupo Editorial"},"image":{"@id":"https:\/\/letrame.com\/catalogo\/#\/schema\/logo\/image\/"}}]}},"_links":{"self":[{"href":"https:\/\/letrame.com\/catalogo\/wp-json\/wp\/v2\/product\/108372","targetHints":{"allow":["GET"]}}],"collection":[{"href":"https:\/\/letrame.com\/catalogo\/wp-json\/wp\/v2\/product"}],"about":[{"href":"https:\/\/letrame.com\/catalogo\/wp-json\/wp\/v2\/types\/product"}],"replies":[{"embeddable":true,"href":"https:\/\/letrame.com\/catalogo\/wp-json\/wp\/v2\/comments?post=108372"}],"acf:post":[{"embeddable":true,"href":"https:\/\/letrame.com\/catalogo\/wp-json\/wp\/v2\/author_book\/108376"}],"wp:featuredmedia":[{"embeddable":true,"href":"https:\/\/letrame.com\/catalogo\/wp-json\/wp\/v2\/media\/108374"}],"wp:attachment":[{"href":"https:\/\/letrame.com\/catalogo\/wp-json\/wp\/v2\/media?parent=108372"}],"wp:term":[{"taxonomy":"libro","embeddable":true,"href":"https:\/\/letrame.com\/catalogo\/wp-json\/wp\/v2\/libro?post=108372"},{"taxonomy":"product_brand","embeddable":true,"href":"https:\/\/letrame.com\/catalogo\/wp-json\/wp\/v2\/product_brand?post=108372"},{"taxonomy":"product_cat","embeddable":true,"href":"https:\/\/letrame.com\/catalogo\/wp-json\/wp\/v2\/product_cat?post=108372"},{"taxonomy":"product_tag","embeddable":true,"href":"https:\/\/letrame.com\/catalogo\/wp-json\/wp\/v2\/product_tag?post=108372"}],"curies":[{"name":"wp","href":"https:\/\/api.w.org\/{rel}","templated":true}]}}