{"id":108356,"date":"2025-03-26T11:31:35","date_gmt":"2025-03-26T10:31:35","guid":{"rendered":"https:\/\/letrame.com\/catalogo\/?post_type=product&#038;p=108356"},"modified":"2025-03-26T11:39:00","modified_gmt":"2025-03-26T10:39:00","slug":"setecientos-ochenta-menos-trescientos-son","status":"publish","type":"product","link":"https:\/\/letrame.com\/catalogo\/producto\/setecientos-ochenta-menos-trescientos-son\/","title":{"rendered":"Setecientos ochenta menos trescientos son&#8230;"},"content":{"rendered":"<p class=\"p2\"><b>ISBN: <\/b>9788410898769<\/p>\n<p class=\"p2\"><b>T\u00edtulo: <\/b>Setecientos ochenta menos trescientos son&#8230;<br \/>\n<b><br \/>\nFecha: <\/b>2025<b><\/b><\/p>\n<p><strong>P\u00e1ginas<\/strong>: 306<b><\/b><\/p>\n<p class=\"p2\"><b>SINOPSIS<\/b><\/p>\n<p>Ana intenta sobrevivir en un mundo donde el dinero parece ser la<br \/>\n\u00fanica respuesta a sus problemas. Envuelta en una compleja red de<br \/>\nmentiras, falsificaciones y traiciones, su vida se convierte en un ca\u00f3ti-<br \/>\nco juego de estrategias en el que cada movimiento la acerca al abismo.<br \/>\nRodeada de personajes igual de rotos que ella \u2014su novia Bety, que<br \/>\nsiempre quiere salvarla; M\u00f3nica, una misteriosa amiga que parece<br \/>\ntener m\u00e1s secretos que respuestas; y su vecina Andrea, atrapada en un<br \/>\ndrama que podr\u00eda acabar con todos\u2014, camina por una cuerda floja<br \/>\nentre la necesidad y el caos.<\/p>\n<p class=\"p2\">Entre fraudes, billetes falsos y encuentros con tipos a los que no con-<br \/>\nviene cabrear, Ana descubre que la vida es una ecuaci\u00f3n que nunca<br \/>\nda exacta: siempre falta algo y siempre hay un precio que pagar. Sus<br \/>\ndecisiones, por desesperadas que sean, empiezan a arrastrarla a luga-<br \/>\nres oscuros donde las segundas oportunidades no existen y el peligro<br \/>\nse esconde tras cada esquina.<\/p>\n<p>Un thriller psicol\u00f3gico que navega entre la adrenalina de la ilegali-<br \/>\ndad y la lucha por preservar la humanidad. Setecientos ochenta menos<br \/>\ntrescientos son&#8230; es un relato desgarrador, lleno de giros inesperados y<br \/>\npersonajes que desaf\u00edan las nociones de bien y mal. Mar\u00eda Bel\u00e9n Or-<br \/>\ntiz nos muestra que, en la guerra contra la necesidad, nadie sale ileso.<b><br \/>\n<\/b><\/p>\n","protected":false},"excerpt":{"rendered":"<p><b>ISBN: <\/b>9788410898769<b><\/b><\/p>\n<p><strong>SINOPSIS<\/strong><\/p>\n<p>Ana intenta sobrevivir en un mundo donde el dinero parece ser la<br \/>\n\u00fanica respuesta a sus problemas. Envuelta en una compleja red de<br \/>\nmentiras, falsificaciones y traiciones, su vida se convierte en un ca\u00f3ti-<br \/>\nco juego de estrategias en el que cada movimiento la acerca al abismo.<br \/>\nRodeada de personajes igual de rotos que ella \u2014su novia Bety, que<br \/>\nsiempre quiere salvarla; M\u00f3nica, una misteriosa amiga que parece<br \/>\ntener m\u00e1s secretos que respuestas; y su vecina Andrea, atrapada en un<br \/>\ndrama que podr\u00eda acabar con todos\u2014, camina por una cuerda fl oja<br \/>\nentre la necesidad y el caos.<\/p>\n","protected":false},"featured_media":108357,"comment_status":"open","ping_status":"closed","template":"","meta":{"_acf_changed":false},"libro":[],"product_brand":[],"product_cat":[47],"product_tag":[],"class_list":{"0":"post-108356","1":"product","2":"type-product","3":"status-publish","4":"has-post-thumbnail","6":"product_cat-ciencia-ficcion-misterio","8":"first","9":"instock","10":"shipping-taxable","11":"product-type-simple"},"acf":{"autor":[108358],"enlace_de_compra":""},"yoast_head":"<!-- This site is optimized with the Yoast SEO plugin v27.4 - https:\/\/yoast.com\/product\/yoast-seo-wordpress\/ -->\n<title>Setecientos ochenta menos trescientos son... - Catalogo | Letrame Grupo Editorial<\/title>\n<meta name=\"robots\" content=\"index, follow, max-snippet:-1, max-image-preview:large, max-video-preview:-1\" \/>\n<link rel=\"canonical\" href=\"https:\/\/letrame.com\/catalogo\/producto\/setecientos-ochenta-menos-trescientos-son\/\" \/>\n<meta property=\"og:locale\" content=\"es_ES\" \/>\n<meta property=\"og:type\" content=\"article\" \/>\n<meta property=\"og:title\" content=\"Setecientos ochenta menos trescientos son... - Catalogo | Letrame Grupo Editorial\" \/>\n<meta property=\"og:description\" content=\"ISBN: 9788410898769  SINOPSIS  Ana intenta sobrevivir en un mundo donde el dinero parece ser la \u00fanica respuesta a sus problemas. Envuelta en una compleja red de mentiras, falsificaciones y traiciones, su vida se convierte en un ca\u00f3ti- co juego de estrategias en el que cada movimiento la acerca al abismo. Rodeada de personajes igual de rotos que ella \u2014su novia Bety, que siempre quiere salvarla; M\u00f3nica, una misteriosa amiga que parece tener m\u00e1s secretos que respuestas; y su vecina Andrea, atrapada en un drama que podr\u00eda acabar con todos\u2014, camina por una cuerda fl oja entre la necesidad y el caos.\" \/>\n<meta property=\"og:url\" content=\"https:\/\/letrame.com\/catalogo\/producto\/setecientos-ochenta-menos-trescientos-son\/\" \/>\n<meta property=\"og:site_name\" content=\"Catalogo | Letrame Grupo Editorial\" \/>\n<meta property=\"article:modified_time\" content=\"2025-03-26T10:39:00+00:00\" \/>\n<meta property=\"og:image\" content=\"https:\/\/letrame.com\/catalogo\/wp-content\/uploads\/2025\/03\/Setecientos-ochenta.jpg\" \/>\n\t<meta property=\"og:image:width\" content=\"384\" \/>\n\t<meta property=\"og:image:height\" content=\"563\" \/>\n\t<meta property=\"og:image:type\" content=\"image\/jpeg\" \/>\n<meta name=\"twitter:card\" content=\"summary_large_image\" \/>\n<meta name=\"twitter:label1\" content=\"Tiempo de lectura\" \/>\n\t<meta name=\"twitter:data1\" content=\"2 minutos\" \/>\n<script type=\"application\/ld+json\" class=\"yoast-schema-graph\">{\"@context\":\"https:\\\/\\\/schema.org\",\"@graph\":[{\"@type\":\"WebPage\",\"@id\":\"https:\\\/\\\/letrame.com\\\/catalogo\\\/producto\\\/setecientos-ochenta-menos-trescientos-son\\\/\",\"url\":\"https:\\\/\\\/letrame.com\\\/catalogo\\\/producto\\\/setecientos-ochenta-menos-trescientos-son\\\/\",\"name\":\"Setecientos ochenta menos trescientos son... - Catalogo | Letrame Grupo Editorial\",\"isPartOf\":{\"@id\":\"https:\\\/\\\/letrame.com\\\/catalogo\\\/#website\"},\"primaryImageOfPage\":{\"@id\":\"https:\\\/\\\/letrame.com\\\/catalogo\\\/producto\\\/setecientos-ochenta-menos-trescientos-son\\\/#primaryimage\"},\"image\":{\"@id\":\"https:\\\/\\\/letrame.com\\\/catalogo\\\/producto\\\/setecientos-ochenta-menos-trescientos-son\\\/#primaryimage\"},\"thumbnailUrl\":\"https:\\\/\\\/letrame.com\\\/catalogo\\\/wp-content\\\/uploads\\\/2025\\\/03\\\/Setecientos-ochenta.jpg\",\"datePublished\":\"2025-03-26T10:31:35+00:00\",\"dateModified\":\"2025-03-26T10:39:00+00:00\",\"breadcrumb\":{\"@id\":\"https:\\\/\\\/letrame.com\\\/catalogo\\\/producto\\\/setecientos-ochenta-menos-trescientos-son\\\/#breadcrumb\"},\"inLanguage\":\"es\",\"potentialAction\":[{\"@type\":\"ReadAction\",\"target\":[\"https:\\\/\\\/letrame.com\\\/catalogo\\\/producto\\\/setecientos-ochenta-menos-trescientos-son\\\/\"]}]},{\"@type\":\"ImageObject\",\"inLanguage\":\"es\",\"@id\":\"https:\\\/\\\/letrame.com\\\/catalogo\\\/producto\\\/setecientos-ochenta-menos-trescientos-son\\\/#primaryimage\",\"url\":\"https:\\\/\\\/letrame.com\\\/catalogo\\\/wp-content\\\/uploads\\\/2025\\\/03\\\/Setecientos-ochenta.jpg\",\"contentUrl\":\"https:\\\/\\\/letrame.com\\\/catalogo\\\/wp-content\\\/uploads\\\/2025\\\/03\\\/Setecientos-ochenta.jpg\",\"width\":384,\"height\":563,\"caption\":\"setecientos ochenta\"},{\"@type\":\"BreadcrumbList\",\"@id\":\"https:\\\/\\\/letrame.com\\\/catalogo\\\/producto\\\/setecientos-ochenta-menos-trescientos-son\\\/#breadcrumb\",\"itemListElement\":[{\"@type\":\"ListItem\",\"position\":1,\"name\":\"Portada\",\"item\":\"https:\\\/\\\/letrame.com\\\/catalogo\\\/\"},{\"@type\":\"ListItem\",\"position\":2,\"name\":\"Cat\u00e1logo\",\"item\":\"https:\\\/\\\/letrame.com\\\/catalogo\\\/\"},{\"@type\":\"ListItem\",\"position\":3,\"name\":\"Setecientos ochenta menos trescientos son&#8230;\"}]},{\"@type\":\"WebSite\",\"@id\":\"https:\\\/\\\/letrame.com\\\/catalogo\\\/#website\",\"url\":\"https:\\\/\\\/letrame.com\\\/catalogo\\\/\",\"name\":\"Catalogo | Letrame Grupo Editorial\",\"description\":\"\",\"publisher\":{\"@id\":\"https:\\\/\\\/letrame.com\\\/catalogo\\\/#organization\"},\"potentialAction\":[{\"@type\":\"SearchAction\",\"target\":{\"@type\":\"EntryPoint\",\"urlTemplate\":\"https:\\\/\\\/letrame.com\\\/catalogo\\\/?s={search_term_string}\"},\"query-input\":{\"@type\":\"PropertyValueSpecification\",\"valueRequired\":true,\"valueName\":\"search_term_string\"}}],\"inLanguage\":\"es\"},{\"@type\":\"Organization\",\"@id\":\"https:\\\/\\\/letrame.com\\\/catalogo\\\/#organization\",\"name\":\"Catalogo | Letrame Grupo Editorial\",\"url\":\"https:\\\/\\\/letrame.com\\\/catalogo\\\/\",\"logo\":{\"@type\":\"ImageObject\",\"inLanguage\":\"es\",\"@id\":\"https:\\\/\\\/letrame.com\\\/catalogo\\\/#\\\/schema\\\/logo\\\/image\\\/\",\"url\":\"https:\\\/\\\/letrame.com\\\/catalogo\\\/wp-content\\\/uploads\\\/2024\\\/03\\\/logo2.webp\",\"contentUrl\":\"https:\\\/\\\/letrame.com\\\/catalogo\\\/wp-content\\\/uploads\\\/2024\\\/03\\\/logo2.webp\",\"width\":394,\"height\":128,\"caption\":\"Catalogo | Letrame Grupo Editorial\"},\"image\":{\"@id\":\"https:\\\/\\\/letrame.com\\\/catalogo\\\/#\\\/schema\\\/logo\\\/image\\\/\"}}]}<\/script>\n<!-- \/ Yoast SEO plugin. -->","yoast_head_json":{"title":"Setecientos ochenta menos trescientos son... - Catalogo | Letrame Grupo Editorial","robots":{"index":"index","follow":"follow","max-snippet":"max-snippet:-1","max-image-preview":"max-image-preview:large","max-video-preview":"max-video-preview:-1"},"canonical":"https:\/\/letrame.com\/catalogo\/producto\/setecientos-ochenta-menos-trescientos-son\/","og_locale":"es_ES","og_type":"article","og_title":"Setecientos ochenta menos trescientos son... - Catalogo | Letrame Grupo Editorial","og_description":"ISBN: 9788410898769  SINOPSIS  Ana intenta sobrevivir en un mundo donde el dinero parece ser la \u00fanica respuesta a sus problemas. Envuelta en una compleja red de mentiras, falsificaciones y traiciones, su vida se convierte en un ca\u00f3ti- co juego de estrategias en el que cada movimiento la acerca al abismo. Rodeada de personajes igual de rotos que ella \u2014su novia Bety, que siempre quiere salvarla; M\u00f3nica, una misteriosa amiga que parece tener m\u00e1s secretos que respuestas; y su vecina Andrea, atrapada en un drama que podr\u00eda acabar con todos\u2014, camina por una cuerda fl oja entre la necesidad y el caos.","og_url":"https:\/\/letrame.com\/catalogo\/producto\/setecientos-ochenta-menos-trescientos-son\/","og_site_name":"Catalogo | Letrame Grupo Editorial","article_modified_time":"2025-03-26T10:39:00+00:00","og_image":[{"width":384,"height":563,"url":"https:\/\/letrame.com\/catalogo\/wp-content\/uploads\/2025\/03\/Setecientos-ochenta.jpg","type":"image\/jpeg"}],"twitter_card":"summary_large_image","twitter_misc":{"Tiempo de lectura":"2 minutos"},"schema":{"@context":"https:\/\/schema.org","@graph":[{"@type":"WebPage","@id":"https:\/\/letrame.com\/catalogo\/producto\/setecientos-ochenta-menos-trescientos-son\/","url":"https:\/\/letrame.com\/catalogo\/producto\/setecientos-ochenta-menos-trescientos-son\/","name":"Setecientos ochenta menos trescientos son... - Catalogo | Letrame Grupo Editorial","isPartOf":{"@id":"https:\/\/letrame.com\/catalogo\/#website"},"primaryImageOfPage":{"@id":"https:\/\/letrame.com\/catalogo\/producto\/setecientos-ochenta-menos-trescientos-son\/#primaryimage"},"image":{"@id":"https:\/\/letrame.com\/catalogo\/producto\/setecientos-ochenta-menos-trescientos-son\/#primaryimage"},"thumbnailUrl":"https:\/\/letrame.com\/catalogo\/wp-content\/uploads\/2025\/03\/Setecientos-ochenta.jpg","datePublished":"2025-03-26T10:31:35+00:00","dateModified":"2025-03-26T10:39:00+00:00","breadcrumb":{"@id":"https:\/\/letrame.com\/catalogo\/producto\/setecientos-ochenta-menos-trescientos-son\/#breadcrumb"},"inLanguage":"es","potentialAction":[{"@type":"ReadAction","target":["https:\/\/letrame.com\/catalogo\/producto\/setecientos-ochenta-menos-trescientos-son\/"]}]},{"@type":"ImageObject","inLanguage":"es","@id":"https:\/\/letrame.com\/catalogo\/producto\/setecientos-ochenta-menos-trescientos-son\/#primaryimage","url":"https:\/\/letrame.com\/catalogo\/wp-content\/uploads\/2025\/03\/Setecientos-ochenta.jpg","contentUrl":"https:\/\/letrame.com\/catalogo\/wp-content\/uploads\/2025\/03\/Setecientos-ochenta.jpg","width":384,"height":563,"caption":"setecientos ochenta"},{"@type":"BreadcrumbList","@id":"https:\/\/letrame.com\/catalogo\/producto\/setecientos-ochenta-menos-trescientos-son\/#breadcrumb","itemListElement":[{"@type":"ListItem","position":1,"name":"Portada","item":"https:\/\/letrame.com\/catalogo\/"},{"@type":"ListItem","position":2,"name":"Cat\u00e1logo","item":"https:\/\/letrame.com\/catalogo\/"},{"@type":"ListItem","position":3,"name":"Setecientos ochenta menos trescientos son&#8230;"}]},{"@type":"WebSite","@id":"https:\/\/letrame.com\/catalogo\/#website","url":"https:\/\/letrame.com\/catalogo\/","name":"Catalogo | Letrame Grupo Editorial","description":"","publisher":{"@id":"https:\/\/letrame.com\/catalogo\/#organization"},"potentialAction":[{"@type":"SearchAction","target":{"@type":"EntryPoint","urlTemplate":"https:\/\/letrame.com\/catalogo\/?s={search_term_string}"},"query-input":{"@type":"PropertyValueSpecification","valueRequired":true,"valueName":"search_term_string"}}],"inLanguage":"es"},{"@type":"Organization","@id":"https:\/\/letrame.com\/catalogo\/#organization","name":"Catalogo | Letrame Grupo Editorial","url":"https:\/\/letrame.com\/catalogo\/","logo":{"@type":"ImageObject","inLanguage":"es","@id":"https:\/\/letrame.com\/catalogo\/#\/schema\/logo\/image\/","url":"https:\/\/letrame.com\/catalogo\/wp-content\/uploads\/2024\/03\/logo2.webp","contentUrl":"https:\/\/letrame.com\/catalogo\/wp-content\/uploads\/2024\/03\/logo2.webp","width":394,"height":128,"caption":"Catalogo | Letrame Grupo Editorial"},"image":{"@id":"https:\/\/letrame.com\/catalogo\/#\/schema\/logo\/image\/"}}]}},"_links":{"self":[{"href":"https:\/\/letrame.com\/catalogo\/wp-json\/wp\/v2\/product\/108356","targetHints":{"allow":["GET"]}}],"collection":[{"href":"https:\/\/letrame.com\/catalogo\/wp-json\/wp\/v2\/product"}],"about":[{"href":"https:\/\/letrame.com\/catalogo\/wp-json\/wp\/v2\/types\/product"}],"replies":[{"embeddable":true,"href":"https:\/\/letrame.com\/catalogo\/wp-json\/wp\/v2\/comments?post=108356"}],"acf:post":[{"embeddable":true,"href":"https:\/\/letrame.com\/catalogo\/wp-json\/wp\/v2\/author_book\/108358"}],"wp:featuredmedia":[{"embeddable":true,"href":"https:\/\/letrame.com\/catalogo\/wp-json\/wp\/v2\/media\/108357"}],"wp:attachment":[{"href":"https:\/\/letrame.com\/catalogo\/wp-json\/wp\/v2\/media?parent=108356"}],"wp:term":[{"taxonomy":"libro","embeddable":true,"href":"https:\/\/letrame.com\/catalogo\/wp-json\/wp\/v2\/libro?post=108356"},{"taxonomy":"product_brand","embeddable":true,"href":"https:\/\/letrame.com\/catalogo\/wp-json\/wp\/v2\/product_brand?post=108356"},{"taxonomy":"product_cat","embeddable":true,"href":"https:\/\/letrame.com\/catalogo\/wp-json\/wp\/v2\/product_cat?post=108356"},{"taxonomy":"product_tag","embeddable":true,"href":"https:\/\/letrame.com\/catalogo\/wp-json\/wp\/v2\/product_tag?post=108356"}],"curies":[{"name":"wp","href":"https:\/\/api.w.org\/{rel}","templated":true}]}}