{"id":108305,"date":"2025-03-24T09:08:39","date_gmt":"2025-03-24T08:08:39","guid":{"rendered":"https:\/\/letrame.com\/catalogo\/?post_type=product&#038;p=108305"},"modified":"2025-06-18T14:38:33","modified_gmt":"2025-06-18T12:38:33","slug":"la-ultima-palabra-de-marta","status":"publish","type":"product","link":"https:\/\/letrame.com\/catalogo\/producto\/la-ultima-palabra-de-marta\/","title":{"rendered":"La \u00faltima palabra de Marta"},"content":{"rendered":"<p class=\"p1\"><b>ISBN: <\/b>978-84-1089-920-9<\/p>\n<p class=\"p1\"><b>T\u00edtulo: <\/b>La \u00faltima palabra de Marta<b><\/b><\/p>\n<p><strong>Fecha<\/strong>: 2025<b><\/b><\/p>\n<p><b>P\u00e1ginas: <\/b>392<b><\/b><\/p>\n<p class=\"p1\"><b>SINOPSIS<br \/>\n<\/b><\/p>\n<p class=\"p1\">La verdad que nunca pudo gritar. La verdad que la justicia ha silenciado.<\/p>\n<p class=\"p1\">Marta del Castillo desapareci\u00f3, pero su rastro sigue aqu\u00ed. No en los titulares manipulados, no en los juicios inconclusos, sino en la ciencia. Porque la evidencia forense ha hablado por ella. Y su \u00faltima palabra est\u00e1 a punto de ser revelada.<\/p>\n<p class=\"p1\">Diecis\u00e9is a\u00f1os despu\u00e9s, su familia sigue esperando respuestas. Pero, \u00bfy si esas respuestas siempre estuvieron ah\u00ed? \u00bfY si la clave del caso fue ignorada deliberadamente? \u00bfY si alguien, en alg\u00fan despacho, supo desde el principio d\u00f3nde buscar&#8230; y decidi\u00f3 no hacerlo? Este libro no es una teor\u00eda. Es una inmersi\u00f3n forense sin precedentes. Cada prueba, cada contradicci\u00f3n, cada mentira que ha permitido que la verdad siga enterrada es analizada con precisi\u00f3n quir\u00fargica. Se acabaron los rumores. Se acabaron las versiones manipuladas. Aqu\u00ed solo hablan los hechos. Y los hechos nos llevan a un punto inquietante: Miguel Carca\u00f1o trabajaba limpiando iglesias, conventos&#8230; y cementerios. Espacios donde la muerte se es-conde, donde los residuos desaparecen sin dejar huella. \u00bfDe verdad alguien cree que esto es una coincidencia? Su m\u00f3vil fue ubicado en la zona del cementerio la noche del crimen. Pero nadie excav\u00f3 all\u00ed. Un informe pericial ha se\u00f1alado un posible paradero de Marta. Pero la justicia no quiso escucharlo. Los implicados han cambiado su versi\u00f3n una y otra vez. Pero la ciencia no miente.<\/p>\n<p class=\"p1\">Entonces, \u00bfqu\u00e9 ocurri\u00f3 realmente aquella noche?<\/p>\n<p class=\"p1\">\u00bfFue un solo golpe certero con un cenicero lo que acab\u00f3 con la vida de Marta?<\/p>\n<p class=\"p1\">La evidencia muestra algo m\u00e1s.<\/p>\n<p class=\"p1\">\u00bfPor qu\u00e9 nunca se analizaron los tel\u00e9fonos de todos los implicados?<\/p>\n<p class=\"p1\">Ni siquiera el de Carca\u00f1o&#8230;<\/p>\n<p class=\"p1\">\u00bfPor qu\u00e9 se permiti\u00f3 que el \u00fanico condenado decidiera d\u00f3nde buscar?<\/p>\n<p class=\"p1\">\u00bfPor qu\u00e9 nadie ha querido seguir el camino que las pruebas indican?<\/p>\n<p class=\"p1\">Este libro no es solo un grito por Marta. Es el fin del silencio.<\/p>\n<p class=\"p1\">T\u00fa tienes la \u00faltima pieza del rompecabezas en tus manos.<\/p>\n<p class=\"p1\">Atr\u00e9vete a descubrir la verdad.<\/p>\n<p class=\"p1\">No es una novela. No es una hip\u00f3tesis.<\/p>\n<p class=\"p1\">Es la \u00faltima palabra de Marta.<\/p>\n<p class=\"p1\">Y, esta vez, nadie podr\u00e1 acallarla.<\/p>\n<p class=\"p1\"><b>\u00a0<\/b><\/p>\n","protected":false},"excerpt":{"rendered":"<p class=\"p1\"><b>ISBN: <\/b>978-84-1089-920-9<\/p>\n<p class=\"p1\"><b>SINOPSIS<br \/>\n<\/b><\/p>\n<p class=\"p1\">La verdad que nunca pudo gritar. La verdad que la justicia ha silenciado.<\/p>\n<p class=\"p1\">Marta del Castillo desapareci\u00f3, pero su rastro sigue aqu\u00ed. No en los titulares manipulados, no en los juicios inconclusos, sino en la ciencia. Porque la evidencia forense ha hablado por ella. Y su \u00faltima palabra est\u00e1 a punto de ser revelada.<\/p>\n","protected":false},"featured_media":108306,"comment_status":"open","ping_status":"closed","template":"","meta":{"_acf_changed":false},"libro":[],"product_brand":[],"product_cat":[133],"product_tag":[],"class_list":{"0":"post-108305","1":"product","2":"type-product","3":"status-publish","4":"has-post-thumbnail","6":"product_cat-no-ficcion","8":"first","9":"instock","10":"shipping-taxable","11":"product-type-simple"},"acf":{"autor":[108308],"enlace_de_compra":"https:\/\/www.casadellibro.com\/libro-la-ultima-palabra-de-marta\/9788410899209\/16917503?srsltid=AfmBOoqGLq9udaZqHy0RQ3BScZgTDCock4bg-nedXK_P3_6TRaPqEKao"},"yoast_head":"<!-- This site is optimized with the Yoast SEO plugin v26.6 - https:\/\/yoast.com\/wordpress\/plugins\/seo\/ -->\n<title>La \u00faltima palabra de Marta - Catalogo | Letrame Grupo Editorial<\/title>\n<meta name=\"robots\" content=\"index, follow, max-snippet:-1, max-image-preview:large, max-video-preview:-1\" \/>\n<link rel=\"canonical\" href=\"https:\/\/letrame.com\/catalogo\/producto\/la-ultima-palabra-de-marta\/\" \/>\n<meta property=\"og:locale\" content=\"es_ES\" \/>\n<meta property=\"og:type\" content=\"article\" \/>\n<meta property=\"og:title\" content=\"La \u00faltima palabra de Marta - Catalogo | Letrame Grupo Editorial\" \/>\n<meta property=\"og:description\" content=\"ISBN: 978-84-1089-920-9 SINOPSIS  La verdad que nunca pudo gritar. La verdad que la justicia ha silenciado. Marta del Castillo desapareci\u00f3, pero su rastro sigue aqu\u00ed. No en los titulares manipulados, no en los juicios inconclusos, sino en la ciencia. Porque la evidencia forense ha hablado por ella. Y su \u00faltima palabra est\u00e1 a punto de ser revelada.\" \/>\n<meta property=\"og:url\" content=\"https:\/\/letrame.com\/catalogo\/producto\/la-ultima-palabra-de-marta\/\" \/>\n<meta property=\"og:site_name\" content=\"Catalogo | Letrame Grupo Editorial\" \/>\n<meta property=\"article:modified_time\" content=\"2025-06-18T12:38:33+00:00\" \/>\n<meta property=\"og:image\" content=\"https:\/\/letrame.com\/catalogo\/wp-content\/uploads\/2025\/03\/La-ultima-palabra.jpg\" \/>\n\t<meta property=\"og:image:width\" content=\"384\" \/>\n\t<meta property=\"og:image:height\" content=\"563\" \/>\n\t<meta property=\"og:image:type\" content=\"image\/jpeg\" \/>\n<meta name=\"twitter:card\" content=\"summary_large_image\" \/>\n<meta name=\"twitter:label1\" content=\"Tiempo de lectura\" \/>\n\t<meta name=\"twitter:data1\" content=\"2 minutos\" \/>\n<script type=\"application\/ld+json\" class=\"yoast-schema-graph\">{\"@context\":\"https:\/\/schema.org\",\"@graph\":[{\"@type\":\"WebPage\",\"@id\":\"https:\/\/letrame.com\/catalogo\/producto\/la-ultima-palabra-de-marta\/\",\"url\":\"https:\/\/letrame.com\/catalogo\/producto\/la-ultima-palabra-de-marta\/\",\"name\":\"La \u00faltima palabra de Marta - Catalogo | Letrame Grupo Editorial\",\"isPartOf\":{\"@id\":\"https:\/\/letrame.com\/catalogo\/#website\"},\"primaryImageOfPage\":{\"@id\":\"https:\/\/letrame.com\/catalogo\/producto\/la-ultima-palabra-de-marta\/#primaryimage\"},\"image\":{\"@id\":\"https:\/\/letrame.com\/catalogo\/producto\/la-ultima-palabra-de-marta\/#primaryimage\"},\"thumbnailUrl\":\"https:\/\/letrame.com\/catalogo\/wp-content\/uploads\/2025\/03\/La-ultima-palabra.jpg\",\"datePublished\":\"2025-03-24T08:08:39+00:00\",\"dateModified\":\"2025-06-18T12:38:33+00:00\",\"breadcrumb\":{\"@id\":\"https:\/\/letrame.com\/catalogo\/producto\/la-ultima-palabra-de-marta\/#breadcrumb\"},\"inLanguage\":\"es\",\"potentialAction\":[{\"@type\":\"ReadAction\",\"target\":[\"https:\/\/letrame.com\/catalogo\/producto\/la-ultima-palabra-de-marta\/\"]}]},{\"@type\":\"ImageObject\",\"inLanguage\":\"es\",\"@id\":\"https:\/\/letrame.com\/catalogo\/producto\/la-ultima-palabra-de-marta\/#primaryimage\",\"url\":\"https:\/\/letrame.com\/catalogo\/wp-content\/uploads\/2025\/03\/La-ultima-palabra.jpg\",\"contentUrl\":\"https:\/\/letrame.com\/catalogo\/wp-content\/uploads\/2025\/03\/La-ultima-palabra.jpg\",\"width\":384,\"height\":563,\"caption\":\"La \u00faltima palabra de Marta\"},{\"@type\":\"BreadcrumbList\",\"@id\":\"https:\/\/letrame.com\/catalogo\/producto\/la-ultima-palabra-de-marta\/#breadcrumb\",\"itemListElement\":[{\"@type\":\"ListItem\",\"position\":1,\"name\":\"Portada\",\"item\":\"https:\/\/letrame.com\/catalogo\/\"},{\"@type\":\"ListItem\",\"position\":2,\"name\":\"Cat\u00e1logo\",\"item\":\"https:\/\/letrame.com\/catalogo\/\"},{\"@type\":\"ListItem\",\"position\":3,\"name\":\"La \u00faltima palabra de Marta\"}]},{\"@type\":\"WebSite\",\"@id\":\"https:\/\/letrame.com\/catalogo\/#website\",\"url\":\"https:\/\/letrame.com\/catalogo\/\",\"name\":\"Catalogo | Letrame Grupo Editorial\",\"description\":\"\",\"publisher\":{\"@id\":\"https:\/\/letrame.com\/catalogo\/#organization\"},\"potentialAction\":[{\"@type\":\"SearchAction\",\"target\":{\"@type\":\"EntryPoint\",\"urlTemplate\":\"https:\/\/letrame.com\/catalogo\/?s={search_term_string}\"},\"query-input\":{\"@type\":\"PropertyValueSpecification\",\"valueRequired\":true,\"valueName\":\"search_term_string\"}}],\"inLanguage\":\"es\"},{\"@type\":\"Organization\",\"@id\":\"https:\/\/letrame.com\/catalogo\/#organization\",\"name\":\"Catalogo | Letrame Grupo Editorial\",\"url\":\"https:\/\/letrame.com\/catalogo\/\",\"logo\":{\"@type\":\"ImageObject\",\"inLanguage\":\"es\",\"@id\":\"https:\/\/letrame.com\/catalogo\/#\/schema\/logo\/image\/\",\"url\":\"https:\/\/letrame.com\/catalogo\/wp-content\/uploads\/2024\/03\/logo2.webp\",\"contentUrl\":\"https:\/\/letrame.com\/catalogo\/wp-content\/uploads\/2024\/03\/logo2.webp\",\"width\":394,\"height\":128,\"caption\":\"Catalogo | Letrame Grupo Editorial\"},\"image\":{\"@id\":\"https:\/\/letrame.com\/catalogo\/#\/schema\/logo\/image\/\"}}]}<\/script>\n<!-- \/ Yoast SEO plugin. -->","yoast_head_json":{"title":"La \u00faltima palabra de Marta - Catalogo | Letrame Grupo Editorial","robots":{"index":"index","follow":"follow","max-snippet":"max-snippet:-1","max-image-preview":"max-image-preview:large","max-video-preview":"max-video-preview:-1"},"canonical":"https:\/\/letrame.com\/catalogo\/producto\/la-ultima-palabra-de-marta\/","og_locale":"es_ES","og_type":"article","og_title":"La \u00faltima palabra de Marta - Catalogo | Letrame Grupo Editorial","og_description":"ISBN: 978-84-1089-920-9 SINOPSIS  La verdad que nunca pudo gritar. La verdad que la justicia ha silenciado. Marta del Castillo desapareci\u00f3, pero su rastro sigue aqu\u00ed. No en los titulares manipulados, no en los juicios inconclusos, sino en la ciencia. Porque la evidencia forense ha hablado por ella. Y su \u00faltima palabra est\u00e1 a punto de ser revelada.","og_url":"https:\/\/letrame.com\/catalogo\/producto\/la-ultima-palabra-de-marta\/","og_site_name":"Catalogo | Letrame Grupo Editorial","article_modified_time":"2025-06-18T12:38:33+00:00","og_image":[{"width":384,"height":563,"url":"https:\/\/letrame.com\/catalogo\/wp-content\/uploads\/2025\/03\/La-ultima-palabra.jpg","type":"image\/jpeg"}],"twitter_card":"summary_large_image","twitter_misc":{"Tiempo de lectura":"2 minutos"},"schema":{"@context":"https:\/\/schema.org","@graph":[{"@type":"WebPage","@id":"https:\/\/letrame.com\/catalogo\/producto\/la-ultima-palabra-de-marta\/","url":"https:\/\/letrame.com\/catalogo\/producto\/la-ultima-palabra-de-marta\/","name":"La \u00faltima palabra de Marta - Catalogo | Letrame Grupo Editorial","isPartOf":{"@id":"https:\/\/letrame.com\/catalogo\/#website"},"primaryImageOfPage":{"@id":"https:\/\/letrame.com\/catalogo\/producto\/la-ultima-palabra-de-marta\/#primaryimage"},"image":{"@id":"https:\/\/letrame.com\/catalogo\/producto\/la-ultima-palabra-de-marta\/#primaryimage"},"thumbnailUrl":"https:\/\/letrame.com\/catalogo\/wp-content\/uploads\/2025\/03\/La-ultima-palabra.jpg","datePublished":"2025-03-24T08:08:39+00:00","dateModified":"2025-06-18T12:38:33+00:00","breadcrumb":{"@id":"https:\/\/letrame.com\/catalogo\/producto\/la-ultima-palabra-de-marta\/#breadcrumb"},"inLanguage":"es","potentialAction":[{"@type":"ReadAction","target":["https:\/\/letrame.com\/catalogo\/producto\/la-ultima-palabra-de-marta\/"]}]},{"@type":"ImageObject","inLanguage":"es","@id":"https:\/\/letrame.com\/catalogo\/producto\/la-ultima-palabra-de-marta\/#primaryimage","url":"https:\/\/letrame.com\/catalogo\/wp-content\/uploads\/2025\/03\/La-ultima-palabra.jpg","contentUrl":"https:\/\/letrame.com\/catalogo\/wp-content\/uploads\/2025\/03\/La-ultima-palabra.jpg","width":384,"height":563,"caption":"La \u00faltima palabra de Marta"},{"@type":"BreadcrumbList","@id":"https:\/\/letrame.com\/catalogo\/producto\/la-ultima-palabra-de-marta\/#breadcrumb","itemListElement":[{"@type":"ListItem","position":1,"name":"Portada","item":"https:\/\/letrame.com\/catalogo\/"},{"@type":"ListItem","position":2,"name":"Cat\u00e1logo","item":"https:\/\/letrame.com\/catalogo\/"},{"@type":"ListItem","position":3,"name":"La \u00faltima palabra de Marta"}]},{"@type":"WebSite","@id":"https:\/\/letrame.com\/catalogo\/#website","url":"https:\/\/letrame.com\/catalogo\/","name":"Catalogo | Letrame Grupo Editorial","description":"","publisher":{"@id":"https:\/\/letrame.com\/catalogo\/#organization"},"potentialAction":[{"@type":"SearchAction","target":{"@type":"EntryPoint","urlTemplate":"https:\/\/letrame.com\/catalogo\/?s={search_term_string}"},"query-input":{"@type":"PropertyValueSpecification","valueRequired":true,"valueName":"search_term_string"}}],"inLanguage":"es"},{"@type":"Organization","@id":"https:\/\/letrame.com\/catalogo\/#organization","name":"Catalogo | Letrame Grupo Editorial","url":"https:\/\/letrame.com\/catalogo\/","logo":{"@type":"ImageObject","inLanguage":"es","@id":"https:\/\/letrame.com\/catalogo\/#\/schema\/logo\/image\/","url":"https:\/\/letrame.com\/catalogo\/wp-content\/uploads\/2024\/03\/logo2.webp","contentUrl":"https:\/\/letrame.com\/catalogo\/wp-content\/uploads\/2024\/03\/logo2.webp","width":394,"height":128,"caption":"Catalogo | Letrame Grupo Editorial"},"image":{"@id":"https:\/\/letrame.com\/catalogo\/#\/schema\/logo\/image\/"}}]}},"_links":{"self":[{"href":"https:\/\/letrame.com\/catalogo\/wp-json\/wp\/v2\/product\/108305","targetHints":{"allow":["GET"]}}],"collection":[{"href":"https:\/\/letrame.com\/catalogo\/wp-json\/wp\/v2\/product"}],"about":[{"href":"https:\/\/letrame.com\/catalogo\/wp-json\/wp\/v2\/types\/product"}],"replies":[{"embeddable":true,"href":"https:\/\/letrame.com\/catalogo\/wp-json\/wp\/v2\/comments?post=108305"}],"acf:post":[{"embeddable":true,"href":"https:\/\/letrame.com\/catalogo\/wp-json\/wp\/v2\/author_book\/108308"}],"wp:featuredmedia":[{"embeddable":true,"href":"https:\/\/letrame.com\/catalogo\/wp-json\/wp\/v2\/media\/108306"}],"wp:attachment":[{"href":"https:\/\/letrame.com\/catalogo\/wp-json\/wp\/v2\/media?parent=108305"}],"wp:term":[{"taxonomy":"libro","embeddable":true,"href":"https:\/\/letrame.com\/catalogo\/wp-json\/wp\/v2\/libro?post=108305"},{"taxonomy":"product_brand","embeddable":true,"href":"https:\/\/letrame.com\/catalogo\/wp-json\/wp\/v2\/product_brand?post=108305"},{"taxonomy":"product_cat","embeddable":true,"href":"https:\/\/letrame.com\/catalogo\/wp-json\/wp\/v2\/product_cat?post=108305"},{"taxonomy":"product_tag","embeddable":true,"href":"https:\/\/letrame.com\/catalogo\/wp-json\/wp\/v2\/product_tag?post=108305"}],"curies":[{"name":"wp","href":"https:\/\/api.w.org\/{rel}","templated":true}]}}