{"id":108286,"date":"2025-03-21T08:53:18","date_gmt":"2025-03-21T07:53:18","guid":{"rendered":"https:\/\/letrame.com\/catalogo\/?post_type=product&#038;p=108286"},"modified":"2025-03-21T08:59:48","modified_gmt":"2025-03-21T07:59:48","slug":"una-historia-de-verano","status":"publish","type":"product","link":"https:\/\/letrame.com\/catalogo\/producto\/una-historia-de-verano\/","title":{"rendered":"Una historia de verano"},"content":{"rendered":"<p class=\"p1\"><b>ISBN: <\/b>9788410898813<\/p>\n<p class=\"p1\"><b>T\u00edtulo: <\/b>Una historia de verano<br \/>\n<b><br \/>\nFecha: <\/b>2025<b><\/b><\/p>\n<p><strong>P\u00e1ginas<\/strong>: 262<b><\/b><\/p>\n<p class=\"p1\"><b>SINOPSIS<br \/>\n<\/b><\/p>\n<p class=\"p1\">Danae solo quer\u00eda disfrutar de un verano tranquilo,<\/p>\n<p class=\"p1\">pero, como pasa a menudo, la vida ten\u00eda otros pla-<\/p>\n<p class=\"p1\">nes. Despu\u00e9s de un viaje que la dej\u00f3 m\u00e1s marcada de<\/p>\n<p class=\"p1\">lo que imaginaba, se encuentra atrapada entre su pa-<\/p>\n<p class=\"p1\">sado, un mont\u00f3n de secretos y un presente mucho m\u00e1s<\/p>\n<p class=\"p1\">complicado de lo que esperaba. Entre embarazos in-<\/p>\n<p class=\"p1\">esperados, infidelidades y un socorrista guapo que<\/p>\n<p class=\"p1\">parece saber m\u00e1s de lo que deber\u00eda, Danae empieza a<\/p>\n<p class=\"p1\">cuestionarse todo: \u00bfrealmente conoce a sus amigos?<\/p>\n<p class=\"p1\">\u00bfQu\u00e9 pasa cuando te das cuenta de que todo lo que<\/p>\n<p class=\"p1\">pensabas que sab\u00edas, no es tan claro?<\/p>\n<p class=\"p1\">Una historia de verano es como esa conversaci\u00f3n que<\/p>\n<p class=\"p1\">tienes con tus amigos a las 3 de la ma\u00f1ana, llena<\/p>\n<p class=\"p1\">de risas, sorpresas y reflexiones sobre lo que est\u00e1<\/p>\n<p class=\"p1\">bien, lo que est\u00e1 mal y lo que realmente importa.<\/p>\n<p class=\"p1\">Skaylar Moon nos trae una historia fresca, real y<\/p>\n<p class=\"p1\">directa, que te har\u00e1 reflexionar sobre las relacio-<\/p>\n<p class=\"p1\">nes, las decisiones y c\u00f3mo todo puede cambiar en un<\/p>\n<p class=\"p1\">abrir y cerrar de ojos.<\/p>\n<p class=\"p1\">Este verano, Danae va a aprender que, aunque no todo<\/p>\n<p class=\"p1\">sea como lo plane\u00f3, siempre hay algo que puedes<\/p>\n<p class=\"p1\">aprender de lo que menos te esperas. Y lo mejor, es<\/p>\n<p class=\"p1\">que lo har\u00e1 a su manera.<\/p>\n<p class=\"p1\"><b>\u00a0<\/b><\/p>\n","protected":false},"excerpt":{"rendered":"<p class=\"p1\"><b>ISBN: <\/b>9788410898813<b><\/b><\/p>\n<p><strong>SINOPSIS<\/strong><\/p>\n<p class=\"p1\">Danae solo quer\u00eda disfrutar de un verano tranquilo,<\/p>\n<p class=\"p1\">pero, como pasa a menudo, la vida ten\u00eda otros pla-<\/p>\n<p class=\"p1\">nes. Despu\u00e9s de un viaje que la dej\u00f3 m\u00e1s marcada de<\/p>\n<p class=\"p1\">lo que imaginaba, se encuentra atrapada entre su pa-<\/p>\n<p class=\"p1\">sado, un mont\u00f3n de secretos y un presente mucho m\u00e1s<\/p>\n<p class=\"p1\">complicado de lo que esperaba.<\/p>\n","protected":false},"featured_media":108287,"comment_status":"open","ping_status":"closed","template":"","meta":{"_acf_changed":false},"libro":[],"product_brand":[],"product_cat":[30],"product_tag":[],"class_list":{"0":"post-108286","1":"product","2":"type-product","3":"status-publish","4":"has-post-thumbnail","6":"product_cat-desarrollo-personal-y-autoconocimiento","8":"first","9":"instock","10":"shipping-taxable","11":"product-type-simple"},"acf":{"autor":[108288],"enlace_de_compra":""},"yoast_head":"<!-- This site is optimized with the Yoast SEO plugin v27.4 - https:\/\/yoast.com\/product\/yoast-seo-wordpress\/ -->\n<title>Una historia de verano - Catalogo | Letrame Grupo Editorial<\/title>\n<meta name=\"robots\" content=\"index, follow, max-snippet:-1, max-image-preview:large, max-video-preview:-1\" \/>\n<link rel=\"canonical\" href=\"https:\/\/letrame.com\/catalogo\/producto\/una-historia-de-verano\/\" \/>\n<meta property=\"og:locale\" content=\"es_ES\" \/>\n<meta property=\"og:type\" content=\"article\" \/>\n<meta property=\"og:title\" content=\"Una historia de verano - Catalogo | Letrame Grupo Editorial\" \/>\n<meta property=\"og:description\" content=\"ISBN: 9788410898813 SINOPSIS Danae solo quer\u00eda disfrutar de un verano tranquilo, pero, como pasa a menudo, la vida ten\u00eda otros pla- nes. Despu\u00e9s de un viaje que la dej\u00f3 m\u00e1s marcada de lo que imaginaba, se encuentra atrapada entre su pa- sado, un mont\u00f3n de secretos y un presente mucho m\u00e1s complicado de lo que esperaba.\" \/>\n<meta property=\"og:url\" content=\"https:\/\/letrame.com\/catalogo\/producto\/una-historia-de-verano\/\" \/>\n<meta property=\"og:site_name\" content=\"Catalogo | Letrame Grupo Editorial\" \/>\n<meta property=\"article:modified_time\" content=\"2025-03-21T07:59:48+00:00\" \/>\n<meta property=\"og:image\" content=\"https:\/\/letrame.com\/catalogo\/wp-content\/uploads\/2025\/03\/Una-historia-de-verano.jpg\" \/>\n\t<meta property=\"og:image:width\" content=\"384\" \/>\n\t<meta property=\"og:image:height\" content=\"563\" \/>\n\t<meta property=\"og:image:type\" content=\"image\/jpeg\" \/>\n<meta name=\"twitter:card\" content=\"summary_large_image\" \/>\n<meta name=\"twitter:label1\" content=\"Tiempo de lectura\" \/>\n\t<meta name=\"twitter:data1\" content=\"2 minutos\" \/>\n<script type=\"application\/ld+json\" class=\"yoast-schema-graph\">{\"@context\":\"https:\\\/\\\/schema.org\",\"@graph\":[{\"@type\":\"WebPage\",\"@id\":\"https:\\\/\\\/letrame.com\\\/catalogo\\\/producto\\\/una-historia-de-verano\\\/\",\"url\":\"https:\\\/\\\/letrame.com\\\/catalogo\\\/producto\\\/una-historia-de-verano\\\/\",\"name\":\"Una historia de verano - Catalogo | Letrame Grupo Editorial\",\"isPartOf\":{\"@id\":\"https:\\\/\\\/letrame.com\\\/catalogo\\\/#website\"},\"primaryImageOfPage\":{\"@id\":\"https:\\\/\\\/letrame.com\\\/catalogo\\\/producto\\\/una-historia-de-verano\\\/#primaryimage\"},\"image\":{\"@id\":\"https:\\\/\\\/letrame.com\\\/catalogo\\\/producto\\\/una-historia-de-verano\\\/#primaryimage\"},\"thumbnailUrl\":\"https:\\\/\\\/letrame.com\\\/catalogo\\\/wp-content\\\/uploads\\\/2025\\\/03\\\/Una-historia-de-verano.jpg\",\"datePublished\":\"2025-03-21T07:53:18+00:00\",\"dateModified\":\"2025-03-21T07:59:48+00:00\",\"breadcrumb\":{\"@id\":\"https:\\\/\\\/letrame.com\\\/catalogo\\\/producto\\\/una-historia-de-verano\\\/#breadcrumb\"},\"inLanguage\":\"es\",\"potentialAction\":[{\"@type\":\"ReadAction\",\"target\":[\"https:\\\/\\\/letrame.com\\\/catalogo\\\/producto\\\/una-historia-de-verano\\\/\"]}]},{\"@type\":\"ImageObject\",\"inLanguage\":\"es\",\"@id\":\"https:\\\/\\\/letrame.com\\\/catalogo\\\/producto\\\/una-historia-de-verano\\\/#primaryimage\",\"url\":\"https:\\\/\\\/letrame.com\\\/catalogo\\\/wp-content\\\/uploads\\\/2025\\\/03\\\/Una-historia-de-verano.jpg\",\"contentUrl\":\"https:\\\/\\\/letrame.com\\\/catalogo\\\/wp-content\\\/uploads\\\/2025\\\/03\\\/Una-historia-de-verano.jpg\",\"width\":384,\"height\":563},{\"@type\":\"BreadcrumbList\",\"@id\":\"https:\\\/\\\/letrame.com\\\/catalogo\\\/producto\\\/una-historia-de-verano\\\/#breadcrumb\",\"itemListElement\":[{\"@type\":\"ListItem\",\"position\":1,\"name\":\"Portada\",\"item\":\"https:\\\/\\\/letrame.com\\\/catalogo\\\/\"},{\"@type\":\"ListItem\",\"position\":2,\"name\":\"Cat\u00e1logo\",\"item\":\"https:\\\/\\\/letrame.com\\\/catalogo\\\/\"},{\"@type\":\"ListItem\",\"position\":3,\"name\":\"Una historia de verano\"}]},{\"@type\":\"WebSite\",\"@id\":\"https:\\\/\\\/letrame.com\\\/catalogo\\\/#website\",\"url\":\"https:\\\/\\\/letrame.com\\\/catalogo\\\/\",\"name\":\"Catalogo | Letrame Grupo Editorial\",\"description\":\"\",\"publisher\":{\"@id\":\"https:\\\/\\\/letrame.com\\\/catalogo\\\/#organization\"},\"potentialAction\":[{\"@type\":\"SearchAction\",\"target\":{\"@type\":\"EntryPoint\",\"urlTemplate\":\"https:\\\/\\\/letrame.com\\\/catalogo\\\/?s={search_term_string}\"},\"query-input\":{\"@type\":\"PropertyValueSpecification\",\"valueRequired\":true,\"valueName\":\"search_term_string\"}}],\"inLanguage\":\"es\"},{\"@type\":\"Organization\",\"@id\":\"https:\\\/\\\/letrame.com\\\/catalogo\\\/#organization\",\"name\":\"Catalogo | Letrame Grupo Editorial\",\"url\":\"https:\\\/\\\/letrame.com\\\/catalogo\\\/\",\"logo\":{\"@type\":\"ImageObject\",\"inLanguage\":\"es\",\"@id\":\"https:\\\/\\\/letrame.com\\\/catalogo\\\/#\\\/schema\\\/logo\\\/image\\\/\",\"url\":\"https:\\\/\\\/letrame.com\\\/catalogo\\\/wp-content\\\/uploads\\\/2024\\\/03\\\/logo2.webp\",\"contentUrl\":\"https:\\\/\\\/letrame.com\\\/catalogo\\\/wp-content\\\/uploads\\\/2024\\\/03\\\/logo2.webp\",\"width\":394,\"height\":128,\"caption\":\"Catalogo | Letrame Grupo Editorial\"},\"image\":{\"@id\":\"https:\\\/\\\/letrame.com\\\/catalogo\\\/#\\\/schema\\\/logo\\\/image\\\/\"}}]}<\/script>\n<!-- \/ Yoast SEO plugin. -->","yoast_head_json":{"title":"Una historia de verano - Catalogo | Letrame Grupo Editorial","robots":{"index":"index","follow":"follow","max-snippet":"max-snippet:-1","max-image-preview":"max-image-preview:large","max-video-preview":"max-video-preview:-1"},"canonical":"https:\/\/letrame.com\/catalogo\/producto\/una-historia-de-verano\/","og_locale":"es_ES","og_type":"article","og_title":"Una historia de verano - Catalogo | Letrame Grupo Editorial","og_description":"ISBN: 9788410898813 SINOPSIS Danae solo quer\u00eda disfrutar de un verano tranquilo, pero, como pasa a menudo, la vida ten\u00eda otros pla- nes. Despu\u00e9s de un viaje que la dej\u00f3 m\u00e1s marcada de lo que imaginaba, se encuentra atrapada entre su pa- sado, un mont\u00f3n de secretos y un presente mucho m\u00e1s complicado de lo que esperaba.","og_url":"https:\/\/letrame.com\/catalogo\/producto\/una-historia-de-verano\/","og_site_name":"Catalogo | Letrame Grupo Editorial","article_modified_time":"2025-03-21T07:59:48+00:00","og_image":[{"width":384,"height":563,"url":"https:\/\/letrame.com\/catalogo\/wp-content\/uploads\/2025\/03\/Una-historia-de-verano.jpg","type":"image\/jpeg"}],"twitter_card":"summary_large_image","twitter_misc":{"Tiempo de lectura":"2 minutos"},"schema":{"@context":"https:\/\/schema.org","@graph":[{"@type":"WebPage","@id":"https:\/\/letrame.com\/catalogo\/producto\/una-historia-de-verano\/","url":"https:\/\/letrame.com\/catalogo\/producto\/una-historia-de-verano\/","name":"Una historia de verano - Catalogo | Letrame Grupo Editorial","isPartOf":{"@id":"https:\/\/letrame.com\/catalogo\/#website"},"primaryImageOfPage":{"@id":"https:\/\/letrame.com\/catalogo\/producto\/una-historia-de-verano\/#primaryimage"},"image":{"@id":"https:\/\/letrame.com\/catalogo\/producto\/una-historia-de-verano\/#primaryimage"},"thumbnailUrl":"https:\/\/letrame.com\/catalogo\/wp-content\/uploads\/2025\/03\/Una-historia-de-verano.jpg","datePublished":"2025-03-21T07:53:18+00:00","dateModified":"2025-03-21T07:59:48+00:00","breadcrumb":{"@id":"https:\/\/letrame.com\/catalogo\/producto\/una-historia-de-verano\/#breadcrumb"},"inLanguage":"es","potentialAction":[{"@type":"ReadAction","target":["https:\/\/letrame.com\/catalogo\/producto\/una-historia-de-verano\/"]}]},{"@type":"ImageObject","inLanguage":"es","@id":"https:\/\/letrame.com\/catalogo\/producto\/una-historia-de-verano\/#primaryimage","url":"https:\/\/letrame.com\/catalogo\/wp-content\/uploads\/2025\/03\/Una-historia-de-verano.jpg","contentUrl":"https:\/\/letrame.com\/catalogo\/wp-content\/uploads\/2025\/03\/Una-historia-de-verano.jpg","width":384,"height":563},{"@type":"BreadcrumbList","@id":"https:\/\/letrame.com\/catalogo\/producto\/una-historia-de-verano\/#breadcrumb","itemListElement":[{"@type":"ListItem","position":1,"name":"Portada","item":"https:\/\/letrame.com\/catalogo\/"},{"@type":"ListItem","position":2,"name":"Cat\u00e1logo","item":"https:\/\/letrame.com\/catalogo\/"},{"@type":"ListItem","position":3,"name":"Una historia de verano"}]},{"@type":"WebSite","@id":"https:\/\/letrame.com\/catalogo\/#website","url":"https:\/\/letrame.com\/catalogo\/","name":"Catalogo | Letrame Grupo Editorial","description":"","publisher":{"@id":"https:\/\/letrame.com\/catalogo\/#organization"},"potentialAction":[{"@type":"SearchAction","target":{"@type":"EntryPoint","urlTemplate":"https:\/\/letrame.com\/catalogo\/?s={search_term_string}"},"query-input":{"@type":"PropertyValueSpecification","valueRequired":true,"valueName":"search_term_string"}}],"inLanguage":"es"},{"@type":"Organization","@id":"https:\/\/letrame.com\/catalogo\/#organization","name":"Catalogo | Letrame Grupo Editorial","url":"https:\/\/letrame.com\/catalogo\/","logo":{"@type":"ImageObject","inLanguage":"es","@id":"https:\/\/letrame.com\/catalogo\/#\/schema\/logo\/image\/","url":"https:\/\/letrame.com\/catalogo\/wp-content\/uploads\/2024\/03\/logo2.webp","contentUrl":"https:\/\/letrame.com\/catalogo\/wp-content\/uploads\/2024\/03\/logo2.webp","width":394,"height":128,"caption":"Catalogo | Letrame Grupo Editorial"},"image":{"@id":"https:\/\/letrame.com\/catalogo\/#\/schema\/logo\/image\/"}}]}},"_links":{"self":[{"href":"https:\/\/letrame.com\/catalogo\/wp-json\/wp\/v2\/product\/108286","targetHints":{"allow":["GET"]}}],"collection":[{"href":"https:\/\/letrame.com\/catalogo\/wp-json\/wp\/v2\/product"}],"about":[{"href":"https:\/\/letrame.com\/catalogo\/wp-json\/wp\/v2\/types\/product"}],"replies":[{"embeddable":true,"href":"https:\/\/letrame.com\/catalogo\/wp-json\/wp\/v2\/comments?post=108286"}],"acf:post":[{"embeddable":true,"href":"https:\/\/letrame.com\/catalogo\/wp-json\/wp\/v2\/author_book\/108288"}],"wp:featuredmedia":[{"embeddable":true,"href":"https:\/\/letrame.com\/catalogo\/wp-json\/wp\/v2\/media\/108287"}],"wp:attachment":[{"href":"https:\/\/letrame.com\/catalogo\/wp-json\/wp\/v2\/media?parent=108286"}],"wp:term":[{"taxonomy":"libro","embeddable":true,"href":"https:\/\/letrame.com\/catalogo\/wp-json\/wp\/v2\/libro?post=108286"},{"taxonomy":"product_brand","embeddable":true,"href":"https:\/\/letrame.com\/catalogo\/wp-json\/wp\/v2\/product_brand?post=108286"},{"taxonomy":"product_cat","embeddable":true,"href":"https:\/\/letrame.com\/catalogo\/wp-json\/wp\/v2\/product_cat?post=108286"},{"taxonomy":"product_tag","embeddable":true,"href":"https:\/\/letrame.com\/catalogo\/wp-json\/wp\/v2\/product_tag?post=108286"}],"curies":[{"name":"wp","href":"https:\/\/api.w.org\/{rel}","templated":true}]}}