{"id":108281,"date":"2025-03-21T08:20:29","date_gmt":"2025-03-21T07:20:29","guid":{"rendered":"https:\/\/letrame.com\/catalogo\/?post_type=product&#038;p=108281"},"modified":"2025-03-21T08:23:14","modified_gmt":"2025-03-21T07:23:14","slug":"buenezas-salvajes","status":"publish","type":"product","link":"https:\/\/letrame.com\/catalogo\/producto\/buenezas-salvajes\/","title":{"rendered":"Buenezas salvajes"},"content":{"rendered":"<p class=\"p1\"><b>ISBN: <\/b>978-84-1089-836-3<\/p>\n<p class=\"p1\"><b>T\u00edtulo: <\/b>Buenezas salvajes.<b><\/b><\/p>\n<p><strong>Fecha<\/strong>: 2025<b><\/b><\/p>\n<p><strong>P\u00e1ginas<\/strong>: 209<\/p>\n<p class=\"p1\"><b>SINOPSIS<br \/>\n<\/b><\/p>\n<p class=\"p1\">Este libro tiene la intenci\u00f3n de recuperar saberes perdidos y de darnos herramientas para avanzar cada vez m\u00e1s hacia la autogesti\u00f3n.<\/p>\n<p class=\"p1\">Hay much\u00edsimos recursos gratuitos a nuestro alrededor que pisamos cada d\u00eda sin darnos cuenta. Espero que cuando termines el libro puedas reconocer los alimentos que tenemos a nuestro alrededor y bajo nuestros pies. Mi intenci\u00f3n es que, sin entrar en t\u00e9rminos demasiado dif\u00edciles y con una bot\u00e1nica de introducci\u00f3n, puedas reconocer las plantas silvestres \u00fatiles, recolectarlos, almacenarlos y usarlos de forma segura.<\/p>\n<p class=\"p1\"><b>\u00a0<\/b><\/p>\n","protected":false},"excerpt":{"rendered":"<p class=\"p1\"><b>ISBN: <\/b>978-84-1089-836-3<b><\/b><\/p>\n<p><strong>SINOPSIS<\/strong><\/p>\n<p class=\"p1\">Este libro tiene la intenci\u00f3n de recuperar saberes perdidos y de darnos herramientas para avanzar cada vez m\u00e1s hacia la autogesti\u00f3n.<\/p>\n<p class=\"p1\">Hay much\u00edsimos recursos gratuitos a nuestro alrededor que pisamos cada d\u00eda sin darnos cuenta. Espero que cuando termines el libro puedas reconocer los alimentos que tenemos a nuestro alrededor y bajo nuestros pies. Mi intenci\u00f3n es que, sin entrar en t\u00e9rminos demasiado dif\u00edciles y con una bot\u00e1nica de introducci\u00f3n, puedas reconocer las plantas silvestres \u00fatiles, recolectarlos, almacenarlos y usarlos de forma segura.<\/p>\n","protected":false},"featured_media":108282,"comment_status":"open","ping_status":"closed","template":"","meta":{"_acf_changed":false},"libro":[],"product_brand":[],"product_cat":[19,15],"product_tag":[],"class_list":{"0":"post-108281","1":"product","2":"type-product","3":"status-publish","4":"has-post-thumbnail","6":"product_cat-cocina","7":"product_cat-sin-categorizar","9":"first","10":"instock","11":"shipping-taxable","12":"product-type-simple"},"acf":{"autor":[108284],"enlace_de_compra":""},"yoast_head":"<!-- This site is optimized with the Yoast SEO plugin v27.4 - https:\/\/yoast.com\/product\/yoast-seo-wordpress\/ -->\n<title>Buenezas salvajes - Catalogo | Letrame Grupo Editorial<\/title>\n<meta name=\"robots\" content=\"index, follow, max-snippet:-1, max-image-preview:large, max-video-preview:-1\" \/>\n<link rel=\"canonical\" href=\"https:\/\/letrame.com\/catalogo\/producto\/buenezas-salvajes\/\" \/>\n<meta property=\"og:locale\" content=\"es_ES\" \/>\n<meta property=\"og:type\" content=\"article\" \/>\n<meta property=\"og:title\" content=\"Buenezas salvajes - Catalogo | Letrame Grupo Editorial\" \/>\n<meta property=\"og:description\" content=\"ISBN: 978-84-1089-836-3 SINOPSIS Este libro tiene la intenci\u00f3n de recuperar saberes perdidos y de darnos herramientas para avanzar cada vez m\u00e1s hacia la autogesti\u00f3n. Hay much\u00edsimos recursos gratuitos a nuestro alrededor que pisamos cada d\u00eda sin darnos cuenta. Espero que cuando termines el libro puedas reconocer los alimentos que tenemos a nuestro alrededor y bajo nuestros pies. Mi intenci\u00f3n es que, sin entrar en t\u00e9rminos demasiado dif\u00edciles y con una bot\u00e1nica de introducci\u00f3n, puedas reconocer las plantas silvestres \u00fatiles, recolectarlos, almacenarlos y usarlos de forma segura.\" \/>\n<meta property=\"og:url\" content=\"https:\/\/letrame.com\/catalogo\/producto\/buenezas-salvajes\/\" \/>\n<meta property=\"og:site_name\" content=\"Catalogo | Letrame Grupo Editorial\" \/>\n<meta property=\"article:modified_time\" content=\"2025-03-21T07:23:14+00:00\" \/>\n<meta property=\"og:image\" content=\"https:\/\/letrame.com\/catalogo\/wp-content\/uploads\/2025\/03\/Buenezas-salvajes.jpg\" \/>\n\t<meta property=\"og:image:width\" content=\"378\" \/>\n\t<meta property=\"og:image:height\" content=\"567\" \/>\n\t<meta property=\"og:image:type\" content=\"image\/jpeg\" \/>\n<meta name=\"twitter:card\" content=\"summary_large_image\" \/>\n<meta name=\"twitter:label1\" content=\"Tiempo de lectura\" \/>\n\t<meta name=\"twitter:data1\" content=\"1 minuto\" \/>\n<script type=\"application\/ld+json\" class=\"yoast-schema-graph\">{\"@context\":\"https:\\\/\\\/schema.org\",\"@graph\":[{\"@type\":\"WebPage\",\"@id\":\"https:\\\/\\\/letrame.com\\\/catalogo\\\/producto\\\/buenezas-salvajes\\\/\",\"url\":\"https:\\\/\\\/letrame.com\\\/catalogo\\\/producto\\\/buenezas-salvajes\\\/\",\"name\":\"Buenezas salvajes - Catalogo | Letrame Grupo Editorial\",\"isPartOf\":{\"@id\":\"https:\\\/\\\/letrame.com\\\/catalogo\\\/#website\"},\"primaryImageOfPage\":{\"@id\":\"https:\\\/\\\/letrame.com\\\/catalogo\\\/producto\\\/buenezas-salvajes\\\/#primaryimage\"},\"image\":{\"@id\":\"https:\\\/\\\/letrame.com\\\/catalogo\\\/producto\\\/buenezas-salvajes\\\/#primaryimage\"},\"thumbnailUrl\":\"https:\\\/\\\/letrame.com\\\/catalogo\\\/wp-content\\\/uploads\\\/2025\\\/03\\\/Buenezas-salvajes.jpg\",\"datePublished\":\"2025-03-21T07:20:29+00:00\",\"dateModified\":\"2025-03-21T07:23:14+00:00\",\"breadcrumb\":{\"@id\":\"https:\\\/\\\/letrame.com\\\/catalogo\\\/producto\\\/buenezas-salvajes\\\/#breadcrumb\"},\"inLanguage\":\"es\",\"potentialAction\":[{\"@type\":\"ReadAction\",\"target\":[\"https:\\\/\\\/letrame.com\\\/catalogo\\\/producto\\\/buenezas-salvajes\\\/\"]}]},{\"@type\":\"ImageObject\",\"inLanguage\":\"es\",\"@id\":\"https:\\\/\\\/letrame.com\\\/catalogo\\\/producto\\\/buenezas-salvajes\\\/#primaryimage\",\"url\":\"https:\\\/\\\/letrame.com\\\/catalogo\\\/wp-content\\\/uploads\\\/2025\\\/03\\\/Buenezas-salvajes.jpg\",\"contentUrl\":\"https:\\\/\\\/letrame.com\\\/catalogo\\\/wp-content\\\/uploads\\\/2025\\\/03\\\/Buenezas-salvajes.jpg\",\"width\":378,\"height\":567,\"caption\":\"Buenezas salvajes\"},{\"@type\":\"BreadcrumbList\",\"@id\":\"https:\\\/\\\/letrame.com\\\/catalogo\\\/producto\\\/buenezas-salvajes\\\/#breadcrumb\",\"itemListElement\":[{\"@type\":\"ListItem\",\"position\":1,\"name\":\"Portada\",\"item\":\"https:\\\/\\\/letrame.com\\\/catalogo\\\/\"},{\"@type\":\"ListItem\",\"position\":2,\"name\":\"Cat\u00e1logo\",\"item\":\"https:\\\/\\\/letrame.com\\\/catalogo\\\/\"},{\"@type\":\"ListItem\",\"position\":3,\"name\":\"Buenezas salvajes\"}]},{\"@type\":\"WebSite\",\"@id\":\"https:\\\/\\\/letrame.com\\\/catalogo\\\/#website\",\"url\":\"https:\\\/\\\/letrame.com\\\/catalogo\\\/\",\"name\":\"Catalogo | Letrame Grupo Editorial\",\"description\":\"\",\"publisher\":{\"@id\":\"https:\\\/\\\/letrame.com\\\/catalogo\\\/#organization\"},\"potentialAction\":[{\"@type\":\"SearchAction\",\"target\":{\"@type\":\"EntryPoint\",\"urlTemplate\":\"https:\\\/\\\/letrame.com\\\/catalogo\\\/?s={search_term_string}\"},\"query-input\":{\"@type\":\"PropertyValueSpecification\",\"valueRequired\":true,\"valueName\":\"search_term_string\"}}],\"inLanguage\":\"es\"},{\"@type\":\"Organization\",\"@id\":\"https:\\\/\\\/letrame.com\\\/catalogo\\\/#organization\",\"name\":\"Catalogo | Letrame Grupo Editorial\",\"url\":\"https:\\\/\\\/letrame.com\\\/catalogo\\\/\",\"logo\":{\"@type\":\"ImageObject\",\"inLanguage\":\"es\",\"@id\":\"https:\\\/\\\/letrame.com\\\/catalogo\\\/#\\\/schema\\\/logo\\\/image\\\/\",\"url\":\"https:\\\/\\\/letrame.com\\\/catalogo\\\/wp-content\\\/uploads\\\/2024\\\/03\\\/logo2.webp\",\"contentUrl\":\"https:\\\/\\\/letrame.com\\\/catalogo\\\/wp-content\\\/uploads\\\/2024\\\/03\\\/logo2.webp\",\"width\":394,\"height\":128,\"caption\":\"Catalogo | Letrame Grupo Editorial\"},\"image\":{\"@id\":\"https:\\\/\\\/letrame.com\\\/catalogo\\\/#\\\/schema\\\/logo\\\/image\\\/\"}}]}<\/script>\n<!-- \/ Yoast SEO plugin. -->","yoast_head_json":{"title":"Buenezas salvajes - Catalogo | Letrame Grupo Editorial","robots":{"index":"index","follow":"follow","max-snippet":"max-snippet:-1","max-image-preview":"max-image-preview:large","max-video-preview":"max-video-preview:-1"},"canonical":"https:\/\/letrame.com\/catalogo\/producto\/buenezas-salvajes\/","og_locale":"es_ES","og_type":"article","og_title":"Buenezas salvajes - Catalogo | Letrame Grupo Editorial","og_description":"ISBN: 978-84-1089-836-3 SINOPSIS Este libro tiene la intenci\u00f3n de recuperar saberes perdidos y de darnos herramientas para avanzar cada vez m\u00e1s hacia la autogesti\u00f3n. Hay much\u00edsimos recursos gratuitos a nuestro alrededor que pisamos cada d\u00eda sin darnos cuenta. Espero que cuando termines el libro puedas reconocer los alimentos que tenemos a nuestro alrededor y bajo nuestros pies. Mi intenci\u00f3n es que, sin entrar en t\u00e9rminos demasiado dif\u00edciles y con una bot\u00e1nica de introducci\u00f3n, puedas reconocer las plantas silvestres \u00fatiles, recolectarlos, almacenarlos y usarlos de forma segura.","og_url":"https:\/\/letrame.com\/catalogo\/producto\/buenezas-salvajes\/","og_site_name":"Catalogo | Letrame Grupo Editorial","article_modified_time":"2025-03-21T07:23:14+00:00","og_image":[{"width":378,"height":567,"url":"https:\/\/letrame.com\/catalogo\/wp-content\/uploads\/2025\/03\/Buenezas-salvajes.jpg","type":"image\/jpeg"}],"twitter_card":"summary_large_image","twitter_misc":{"Tiempo de lectura":"1 minuto"},"schema":{"@context":"https:\/\/schema.org","@graph":[{"@type":"WebPage","@id":"https:\/\/letrame.com\/catalogo\/producto\/buenezas-salvajes\/","url":"https:\/\/letrame.com\/catalogo\/producto\/buenezas-salvajes\/","name":"Buenezas salvajes - Catalogo | Letrame Grupo Editorial","isPartOf":{"@id":"https:\/\/letrame.com\/catalogo\/#website"},"primaryImageOfPage":{"@id":"https:\/\/letrame.com\/catalogo\/producto\/buenezas-salvajes\/#primaryimage"},"image":{"@id":"https:\/\/letrame.com\/catalogo\/producto\/buenezas-salvajes\/#primaryimage"},"thumbnailUrl":"https:\/\/letrame.com\/catalogo\/wp-content\/uploads\/2025\/03\/Buenezas-salvajes.jpg","datePublished":"2025-03-21T07:20:29+00:00","dateModified":"2025-03-21T07:23:14+00:00","breadcrumb":{"@id":"https:\/\/letrame.com\/catalogo\/producto\/buenezas-salvajes\/#breadcrumb"},"inLanguage":"es","potentialAction":[{"@type":"ReadAction","target":["https:\/\/letrame.com\/catalogo\/producto\/buenezas-salvajes\/"]}]},{"@type":"ImageObject","inLanguage":"es","@id":"https:\/\/letrame.com\/catalogo\/producto\/buenezas-salvajes\/#primaryimage","url":"https:\/\/letrame.com\/catalogo\/wp-content\/uploads\/2025\/03\/Buenezas-salvajes.jpg","contentUrl":"https:\/\/letrame.com\/catalogo\/wp-content\/uploads\/2025\/03\/Buenezas-salvajes.jpg","width":378,"height":567,"caption":"Buenezas salvajes"},{"@type":"BreadcrumbList","@id":"https:\/\/letrame.com\/catalogo\/producto\/buenezas-salvajes\/#breadcrumb","itemListElement":[{"@type":"ListItem","position":1,"name":"Portada","item":"https:\/\/letrame.com\/catalogo\/"},{"@type":"ListItem","position":2,"name":"Cat\u00e1logo","item":"https:\/\/letrame.com\/catalogo\/"},{"@type":"ListItem","position":3,"name":"Buenezas salvajes"}]},{"@type":"WebSite","@id":"https:\/\/letrame.com\/catalogo\/#website","url":"https:\/\/letrame.com\/catalogo\/","name":"Catalogo | Letrame Grupo Editorial","description":"","publisher":{"@id":"https:\/\/letrame.com\/catalogo\/#organization"},"potentialAction":[{"@type":"SearchAction","target":{"@type":"EntryPoint","urlTemplate":"https:\/\/letrame.com\/catalogo\/?s={search_term_string}"},"query-input":{"@type":"PropertyValueSpecification","valueRequired":true,"valueName":"search_term_string"}}],"inLanguage":"es"},{"@type":"Organization","@id":"https:\/\/letrame.com\/catalogo\/#organization","name":"Catalogo | Letrame Grupo Editorial","url":"https:\/\/letrame.com\/catalogo\/","logo":{"@type":"ImageObject","inLanguage":"es","@id":"https:\/\/letrame.com\/catalogo\/#\/schema\/logo\/image\/","url":"https:\/\/letrame.com\/catalogo\/wp-content\/uploads\/2024\/03\/logo2.webp","contentUrl":"https:\/\/letrame.com\/catalogo\/wp-content\/uploads\/2024\/03\/logo2.webp","width":394,"height":128,"caption":"Catalogo | Letrame Grupo Editorial"},"image":{"@id":"https:\/\/letrame.com\/catalogo\/#\/schema\/logo\/image\/"}}]}},"_links":{"self":[{"href":"https:\/\/letrame.com\/catalogo\/wp-json\/wp\/v2\/product\/108281","targetHints":{"allow":["GET"]}}],"collection":[{"href":"https:\/\/letrame.com\/catalogo\/wp-json\/wp\/v2\/product"}],"about":[{"href":"https:\/\/letrame.com\/catalogo\/wp-json\/wp\/v2\/types\/product"}],"replies":[{"embeddable":true,"href":"https:\/\/letrame.com\/catalogo\/wp-json\/wp\/v2\/comments?post=108281"}],"acf:post":[{"embeddable":true,"href":"https:\/\/letrame.com\/catalogo\/wp-json\/wp\/v2\/author_book\/108284"}],"wp:featuredmedia":[{"embeddable":true,"href":"https:\/\/letrame.com\/catalogo\/wp-json\/wp\/v2\/media\/108282"}],"wp:attachment":[{"href":"https:\/\/letrame.com\/catalogo\/wp-json\/wp\/v2\/media?parent=108281"}],"wp:term":[{"taxonomy":"libro","embeddable":true,"href":"https:\/\/letrame.com\/catalogo\/wp-json\/wp\/v2\/libro?post=108281"},{"taxonomy":"product_brand","embeddable":true,"href":"https:\/\/letrame.com\/catalogo\/wp-json\/wp\/v2\/product_brand?post=108281"},{"taxonomy":"product_cat","embeddable":true,"href":"https:\/\/letrame.com\/catalogo\/wp-json\/wp\/v2\/product_cat?post=108281"},{"taxonomy":"product_tag","embeddable":true,"href":"https:\/\/letrame.com\/catalogo\/wp-json\/wp\/v2\/product_tag?post=108281"}],"curies":[{"name":"wp","href":"https:\/\/api.w.org\/{rel}","templated":true}]}}