{"id":108271,"date":"2025-03-20T12:29:37","date_gmt":"2025-03-20T11:29:37","guid":{"rendered":"https:\/\/letrame.com\/catalogo\/?post_type=product&#038;p=108271"},"modified":"2025-03-20T12:33:42","modified_gmt":"2025-03-20T11:33:42","slug":"proyecto-erbe","status":"publish","type":"product","link":"https:\/\/letrame.com\/catalogo\/producto\/proyecto-erbe\/","title":{"rendered":"Proyecto Erbe"},"content":{"rendered":"<p class=\"p1\"><b>ISBN: <\/b>978-84-1089-322-1<\/p>\n<p class=\"p1\"><b>T\u00edtulo: <\/b>Proyecto Erbe<b><\/b><\/p>\n<p><strong>Fecha<\/strong>: 2025<b><\/b><\/p>\n<p><strong>P\u00e1ginas<\/strong>: 502<b><\/b><\/p>\n<p class=\"p1\"><b>SINOPSIS<br \/>\n<\/b><\/p>\n<p class=\"p1\">El joven Max visita una extra\u00f1a biblioteca y descubre una serie de v\u00ed-<br \/>\ndeos in\u00e9ditos relacionados con los \u00faltimos d\u00edas del Tercer Reich. Al<br \/>\nmismo tiempo, la misteriosa bibliotecaria le invita a la inauguraci\u00f3n<br \/>\nde un parque tem\u00e1tico donde se develar\u00e1 otra versi\u00f3n de la historia.<br \/>\nPor otro lado, unos desconocidos siguen los pasos de Max de manera<br \/>\nconcienzuda. La situaci\u00f3n se complica cuando oye en las noticias<br \/>\nque dichos esp\u00edas han muerto en un extra\u00f1o accidente. Para huir de<br \/>\nla comprometida situaci\u00f3n, acepta el convite.<\/p>\n<p>Un grupo de j\u00f3venes cuya invitaci\u00f3n al parque tambi\u00e9n se hizo de<br \/>\nmanera enigm\u00e1tica se une a Max. La pandilla se hace el prop\u00f3sito<br \/>\nde descubrir los misterios que encierra el lugar (el m\u00e1s ostentoso del<br \/>\nmundo) y la relaci\u00f3n que podr\u00eda guardar con ellos.<br \/>\nEl protagonista y sus amigos se percatan de que para hacer frente al<br \/>\ntrepidante reto tendr\u00e1n que descubrirse a s\u00ed mismos y enfrentar al<br \/>\nenemigo interior. Un thriller lleno de giros, acci\u00f3n, misterio y aventura que<br \/>\ndejar\u00e1 al lector enganchado hasta el final.<\/p>\n","protected":false},"excerpt":{"rendered":"<p class=\"p1\"><b>ISBN: <\/b>978-84-1089-322-1<b><\/b><\/p>\n<p><strong>SINOPSIS<\/strong><\/p>\n<p class=\"p1\">El joven Max visita una extra\u00f1a biblioteca y descubre una serie de v\u00ed-<br \/>\ndeos in\u00e9ditos relacionados con los \u00faltimos d\u00edas del Tercer Reich. Al<br \/>\nmismo tiempo, la misteriosa bibliotecaria le invita a la inauguraci\u00f3n<br \/>\nde un parque tem\u00e1tico donde se develar\u00e1 otra versi\u00f3n de la historia.<\/p>\n","protected":false},"featured_media":108272,"comment_status":"open","ping_status":"closed","template":"","meta":{"_acf_changed":false},"libro":[],"product_brand":[],"product_cat":[111],"product_tag":[],"class_list":{"0":"post-108271","1":"product","2":"type-product","3":"status-publish","4":"has-post-thumbnail","6":"product_cat-thriller","8":"first","9":"instock","10":"shipping-taxable","11":"product-type-simple"},"acf":{"autor":[108273],"enlace_de_compra":""},"yoast_head":"<!-- This site is optimized with the Yoast SEO plugin v27.4 - https:\/\/yoast.com\/product\/yoast-seo-wordpress\/ -->\n<title>Proyecto Erbe - Catalogo | Letrame Grupo Editorial<\/title>\n<meta name=\"robots\" content=\"index, follow, max-snippet:-1, max-image-preview:large, max-video-preview:-1\" \/>\n<link rel=\"canonical\" href=\"https:\/\/letrame.com\/catalogo\/producto\/proyecto-erbe\/\" \/>\n<meta property=\"og:locale\" content=\"es_ES\" \/>\n<meta property=\"og:type\" content=\"article\" \/>\n<meta property=\"og:title\" content=\"Proyecto Erbe - Catalogo | Letrame Grupo Editorial\" \/>\n<meta property=\"og:description\" content=\"ISBN: 978-84-1089-322-1 SINOPSIS El joven Max visita una extra\u00f1a biblioteca y descubre una serie de v\u00ed- deos in\u00e9ditos relacionados con los \u00faltimos d\u00edas del Tercer Reich. Al mismo tiempo, la misteriosa bibliotecaria le invita a la inauguraci\u00f3n de un parque tem\u00e1tico donde se develar\u00e1 otra versi\u00f3n de la historia.\" \/>\n<meta property=\"og:url\" content=\"https:\/\/letrame.com\/catalogo\/producto\/proyecto-erbe\/\" \/>\n<meta property=\"og:site_name\" content=\"Catalogo | Letrame Grupo Editorial\" \/>\n<meta property=\"article:modified_time\" content=\"2025-03-20T11:33:42+00:00\" \/>\n<meta property=\"og:image\" content=\"https:\/\/letrame.com\/catalogo\/wp-content\/uploads\/2025\/03\/Portada-Proyecto-Erbe.jpg\" \/>\n\t<meta property=\"og:image:width\" content=\"384\" \/>\n\t<meta property=\"og:image:height\" content=\"563\" \/>\n\t<meta property=\"og:image:type\" content=\"image\/jpeg\" \/>\n<meta name=\"twitter:card\" content=\"summary_large_image\" \/>\n<meta name=\"twitter:label1\" content=\"Tiempo de lectura\" \/>\n\t<meta name=\"twitter:data1\" content=\"2 minutos\" \/>\n<script type=\"application\/ld+json\" class=\"yoast-schema-graph\">{\"@context\":\"https:\\\/\\\/schema.org\",\"@graph\":[{\"@type\":\"WebPage\",\"@id\":\"https:\\\/\\\/letrame.com\\\/catalogo\\\/producto\\\/proyecto-erbe\\\/\",\"url\":\"https:\\\/\\\/letrame.com\\\/catalogo\\\/producto\\\/proyecto-erbe\\\/\",\"name\":\"Proyecto Erbe - Catalogo | Letrame Grupo Editorial\",\"isPartOf\":{\"@id\":\"https:\\\/\\\/letrame.com\\\/catalogo\\\/#website\"},\"primaryImageOfPage\":{\"@id\":\"https:\\\/\\\/letrame.com\\\/catalogo\\\/producto\\\/proyecto-erbe\\\/#primaryimage\"},\"image\":{\"@id\":\"https:\\\/\\\/letrame.com\\\/catalogo\\\/producto\\\/proyecto-erbe\\\/#primaryimage\"},\"thumbnailUrl\":\"https:\\\/\\\/letrame.com\\\/catalogo\\\/wp-content\\\/uploads\\\/2025\\\/03\\\/Portada-Proyecto-Erbe.jpg\",\"datePublished\":\"2025-03-20T11:29:37+00:00\",\"dateModified\":\"2025-03-20T11:33:42+00:00\",\"breadcrumb\":{\"@id\":\"https:\\\/\\\/letrame.com\\\/catalogo\\\/producto\\\/proyecto-erbe\\\/#breadcrumb\"},\"inLanguage\":\"es\",\"potentialAction\":[{\"@type\":\"ReadAction\",\"target\":[\"https:\\\/\\\/letrame.com\\\/catalogo\\\/producto\\\/proyecto-erbe\\\/\"]}]},{\"@type\":\"ImageObject\",\"inLanguage\":\"es\",\"@id\":\"https:\\\/\\\/letrame.com\\\/catalogo\\\/producto\\\/proyecto-erbe\\\/#primaryimage\",\"url\":\"https:\\\/\\\/letrame.com\\\/catalogo\\\/wp-content\\\/uploads\\\/2025\\\/03\\\/Portada-Proyecto-Erbe.jpg\",\"contentUrl\":\"https:\\\/\\\/letrame.com\\\/catalogo\\\/wp-content\\\/uploads\\\/2025\\\/03\\\/Portada-Proyecto-Erbe.jpg\",\"width\":384,\"height\":563,\"caption\":\"Portada Proyecto Erbe\"},{\"@type\":\"BreadcrumbList\",\"@id\":\"https:\\\/\\\/letrame.com\\\/catalogo\\\/producto\\\/proyecto-erbe\\\/#breadcrumb\",\"itemListElement\":[{\"@type\":\"ListItem\",\"position\":1,\"name\":\"Portada\",\"item\":\"https:\\\/\\\/letrame.com\\\/catalogo\\\/\"},{\"@type\":\"ListItem\",\"position\":2,\"name\":\"Cat\u00e1logo\",\"item\":\"https:\\\/\\\/letrame.com\\\/catalogo\\\/\"},{\"@type\":\"ListItem\",\"position\":3,\"name\":\"Proyecto Erbe\"}]},{\"@type\":\"WebSite\",\"@id\":\"https:\\\/\\\/letrame.com\\\/catalogo\\\/#website\",\"url\":\"https:\\\/\\\/letrame.com\\\/catalogo\\\/\",\"name\":\"Catalogo | Letrame Grupo Editorial\",\"description\":\"\",\"publisher\":{\"@id\":\"https:\\\/\\\/letrame.com\\\/catalogo\\\/#organization\"},\"potentialAction\":[{\"@type\":\"SearchAction\",\"target\":{\"@type\":\"EntryPoint\",\"urlTemplate\":\"https:\\\/\\\/letrame.com\\\/catalogo\\\/?s={search_term_string}\"},\"query-input\":{\"@type\":\"PropertyValueSpecification\",\"valueRequired\":true,\"valueName\":\"search_term_string\"}}],\"inLanguage\":\"es\"},{\"@type\":\"Organization\",\"@id\":\"https:\\\/\\\/letrame.com\\\/catalogo\\\/#organization\",\"name\":\"Catalogo | Letrame Grupo Editorial\",\"url\":\"https:\\\/\\\/letrame.com\\\/catalogo\\\/\",\"logo\":{\"@type\":\"ImageObject\",\"inLanguage\":\"es\",\"@id\":\"https:\\\/\\\/letrame.com\\\/catalogo\\\/#\\\/schema\\\/logo\\\/image\\\/\",\"url\":\"https:\\\/\\\/letrame.com\\\/catalogo\\\/wp-content\\\/uploads\\\/2024\\\/03\\\/logo2.webp\",\"contentUrl\":\"https:\\\/\\\/letrame.com\\\/catalogo\\\/wp-content\\\/uploads\\\/2024\\\/03\\\/logo2.webp\",\"width\":394,\"height\":128,\"caption\":\"Catalogo | Letrame Grupo Editorial\"},\"image\":{\"@id\":\"https:\\\/\\\/letrame.com\\\/catalogo\\\/#\\\/schema\\\/logo\\\/image\\\/\"}}]}<\/script>\n<!-- \/ Yoast SEO plugin. -->","yoast_head_json":{"title":"Proyecto Erbe - Catalogo | Letrame Grupo Editorial","robots":{"index":"index","follow":"follow","max-snippet":"max-snippet:-1","max-image-preview":"max-image-preview:large","max-video-preview":"max-video-preview:-1"},"canonical":"https:\/\/letrame.com\/catalogo\/producto\/proyecto-erbe\/","og_locale":"es_ES","og_type":"article","og_title":"Proyecto Erbe - Catalogo | Letrame Grupo Editorial","og_description":"ISBN: 978-84-1089-322-1 SINOPSIS El joven Max visita una extra\u00f1a biblioteca y descubre una serie de v\u00ed- deos in\u00e9ditos relacionados con los \u00faltimos d\u00edas del Tercer Reich. Al mismo tiempo, la misteriosa bibliotecaria le invita a la inauguraci\u00f3n de un parque tem\u00e1tico donde se develar\u00e1 otra versi\u00f3n de la historia.","og_url":"https:\/\/letrame.com\/catalogo\/producto\/proyecto-erbe\/","og_site_name":"Catalogo | Letrame Grupo Editorial","article_modified_time":"2025-03-20T11:33:42+00:00","og_image":[{"width":384,"height":563,"url":"https:\/\/letrame.com\/catalogo\/wp-content\/uploads\/2025\/03\/Portada-Proyecto-Erbe.jpg","type":"image\/jpeg"}],"twitter_card":"summary_large_image","twitter_misc":{"Tiempo de lectura":"2 minutos"},"schema":{"@context":"https:\/\/schema.org","@graph":[{"@type":"WebPage","@id":"https:\/\/letrame.com\/catalogo\/producto\/proyecto-erbe\/","url":"https:\/\/letrame.com\/catalogo\/producto\/proyecto-erbe\/","name":"Proyecto Erbe - Catalogo | Letrame Grupo Editorial","isPartOf":{"@id":"https:\/\/letrame.com\/catalogo\/#website"},"primaryImageOfPage":{"@id":"https:\/\/letrame.com\/catalogo\/producto\/proyecto-erbe\/#primaryimage"},"image":{"@id":"https:\/\/letrame.com\/catalogo\/producto\/proyecto-erbe\/#primaryimage"},"thumbnailUrl":"https:\/\/letrame.com\/catalogo\/wp-content\/uploads\/2025\/03\/Portada-Proyecto-Erbe.jpg","datePublished":"2025-03-20T11:29:37+00:00","dateModified":"2025-03-20T11:33:42+00:00","breadcrumb":{"@id":"https:\/\/letrame.com\/catalogo\/producto\/proyecto-erbe\/#breadcrumb"},"inLanguage":"es","potentialAction":[{"@type":"ReadAction","target":["https:\/\/letrame.com\/catalogo\/producto\/proyecto-erbe\/"]}]},{"@type":"ImageObject","inLanguage":"es","@id":"https:\/\/letrame.com\/catalogo\/producto\/proyecto-erbe\/#primaryimage","url":"https:\/\/letrame.com\/catalogo\/wp-content\/uploads\/2025\/03\/Portada-Proyecto-Erbe.jpg","contentUrl":"https:\/\/letrame.com\/catalogo\/wp-content\/uploads\/2025\/03\/Portada-Proyecto-Erbe.jpg","width":384,"height":563,"caption":"Portada Proyecto Erbe"},{"@type":"BreadcrumbList","@id":"https:\/\/letrame.com\/catalogo\/producto\/proyecto-erbe\/#breadcrumb","itemListElement":[{"@type":"ListItem","position":1,"name":"Portada","item":"https:\/\/letrame.com\/catalogo\/"},{"@type":"ListItem","position":2,"name":"Cat\u00e1logo","item":"https:\/\/letrame.com\/catalogo\/"},{"@type":"ListItem","position":3,"name":"Proyecto Erbe"}]},{"@type":"WebSite","@id":"https:\/\/letrame.com\/catalogo\/#website","url":"https:\/\/letrame.com\/catalogo\/","name":"Catalogo | Letrame Grupo Editorial","description":"","publisher":{"@id":"https:\/\/letrame.com\/catalogo\/#organization"},"potentialAction":[{"@type":"SearchAction","target":{"@type":"EntryPoint","urlTemplate":"https:\/\/letrame.com\/catalogo\/?s={search_term_string}"},"query-input":{"@type":"PropertyValueSpecification","valueRequired":true,"valueName":"search_term_string"}}],"inLanguage":"es"},{"@type":"Organization","@id":"https:\/\/letrame.com\/catalogo\/#organization","name":"Catalogo | Letrame Grupo Editorial","url":"https:\/\/letrame.com\/catalogo\/","logo":{"@type":"ImageObject","inLanguage":"es","@id":"https:\/\/letrame.com\/catalogo\/#\/schema\/logo\/image\/","url":"https:\/\/letrame.com\/catalogo\/wp-content\/uploads\/2024\/03\/logo2.webp","contentUrl":"https:\/\/letrame.com\/catalogo\/wp-content\/uploads\/2024\/03\/logo2.webp","width":394,"height":128,"caption":"Catalogo | Letrame Grupo Editorial"},"image":{"@id":"https:\/\/letrame.com\/catalogo\/#\/schema\/logo\/image\/"}}]}},"_links":{"self":[{"href":"https:\/\/letrame.com\/catalogo\/wp-json\/wp\/v2\/product\/108271","targetHints":{"allow":["GET"]}}],"collection":[{"href":"https:\/\/letrame.com\/catalogo\/wp-json\/wp\/v2\/product"}],"about":[{"href":"https:\/\/letrame.com\/catalogo\/wp-json\/wp\/v2\/types\/product"}],"replies":[{"embeddable":true,"href":"https:\/\/letrame.com\/catalogo\/wp-json\/wp\/v2\/comments?post=108271"}],"acf:post":[{"embeddable":true,"href":"https:\/\/letrame.com\/catalogo\/wp-json\/wp\/v2\/author_book\/108273"}],"wp:featuredmedia":[{"embeddable":true,"href":"https:\/\/letrame.com\/catalogo\/wp-json\/wp\/v2\/media\/108272"}],"wp:attachment":[{"href":"https:\/\/letrame.com\/catalogo\/wp-json\/wp\/v2\/media?parent=108271"}],"wp:term":[{"taxonomy":"libro","embeddable":true,"href":"https:\/\/letrame.com\/catalogo\/wp-json\/wp\/v2\/libro?post=108271"},{"taxonomy":"product_brand","embeddable":true,"href":"https:\/\/letrame.com\/catalogo\/wp-json\/wp\/v2\/product_brand?post=108271"},{"taxonomy":"product_cat","embeddable":true,"href":"https:\/\/letrame.com\/catalogo\/wp-json\/wp\/v2\/product_cat?post=108271"},{"taxonomy":"product_tag","embeddable":true,"href":"https:\/\/letrame.com\/catalogo\/wp-json\/wp\/v2\/product_tag?post=108271"}],"curies":[{"name":"wp","href":"https:\/\/api.w.org\/{rel}","templated":true}]}}