{"id":108247,"date":"2025-03-18T13:55:47","date_gmt":"2025-03-18T12:55:47","guid":{"rendered":"https:\/\/letrame.com\/catalogo\/?post_type=product&#038;p=108247"},"modified":"2025-03-18T13:59:09","modified_gmt":"2025-03-18T12:59:09","slug":"el-nudo-de-brujas","status":"publish","type":"product","link":"https:\/\/letrame.com\/catalogo\/producto\/el-nudo-de-brujas\/","title":{"rendered":"El nudo de brujas"},"content":{"rendered":"<p class=\"p1\"><b>ISBN: <\/b>978-84-1089-913-1<\/p>\n<p class=\"p1\"><b>T\u00edtulo: <\/b>El nudo de brujas<br \/>\n<b><br \/>\nFecha: <\/b>2025<b><\/b><\/p>\n<p><strong>P\u00e1ginas<\/strong>: 200<b><\/b><\/p>\n<p class=\"p1\"><b>SINOPSIS<\/b><\/p>\n<p>Julia no sabe si lo que le est\u00e1 pasando es una revelaci\u00f3n o una mal-<\/p>\n<p class=\"p1\">dici\u00f3n. Lo que s\u00ed sabe es que despert\u00f3 en un hospital sin recordar<\/p>\n<p class=\"p1\">c\u00f3mo lleg\u00f3 all\u00ed, con un \u00fanico nombre retumbando en su mente:<\/p>\n<p class=\"p1\">Leviat\u00e1n.<\/p>\n<p class=\"p1\">Regenta una peque\u00f1a tienda esot\u00e9rica en el coraz\u00f3n del Barrio G\u00f3-<\/p>\n<p class=\"p1\">tico de Barcelona, rodeada de inciensos, runas y velas encendidas<\/p>\n<p class=\"p1\">para clientes que buscan respuestas en lo oculto. Pero ahora es ella<\/p>\n<p class=\"p1\">quien necesita esas respuestas. \u00bfPor qu\u00e9 esa sombra la persigue?<\/p>\n<p class=\"p1\">\u00bfPor qu\u00e9 el pasado parece alcanzarla justo ahora? \u00bfPor qu\u00e9 siente<\/p>\n<p class=\"p1\">que su bisabuela Caridad, a quien nunca conoci\u00f3, le susurra a tra-<\/p>\n<p class=\"p1\">v\u00e9s del tiempo?<\/p>\n<p class=\"p1\">Cuando el miedo la aprieta el alma, un colgante que siempre ha<\/p>\n<p class=\"p1\">llevado con ella cobra un significado inesperado: el nudo de bruja.<\/p>\n<p class=\"p1\">Un amuleto de protecci\u00f3n, un s\u00edmbolo antiguo\u2026 \u00bfo una llave para<\/p>\n<p class=\"p1\">abrir puertas que deber\u00edan permanecer cerradas?<\/p>\n<p class=\"p1\">Guiada por su instinto \u2014y por Pablo, su amigo con el que com-<\/p>\n<p class=\"p1\">parte el amor por lo m\u00edstico\u2014, Julia emprende un viaje hacia sus<\/p>\n<p class=\"p1\">ra\u00edces, a un rinc\u00f3n de Galicia donde las meigas nunca dejaron de<\/p>\n<p class=\"p1\">existir y las r\u00edas guardan secretos en su bruma. All\u00ed descubrir\u00e1 que<\/p>\n<p class=\"p1\">su historia ya estaba escrita mucho antes de su nacimiento, que el<\/p>\n<p class=\"p1\">miedo puede ser un eco del pasado y que hay destinos de los que<\/p>\n<p class=\"p1\">no se puede huir\u2026 solo aprender a enfrentarlos.<\/p>\n<p>&nbsp;<\/p>\n","protected":false},"excerpt":{"rendered":"<p class=\"p1\"><b>ISBN: <\/b>978-84-1089-913-1<b><\/b><\/p>\n<p><strong>SINOPSIS<\/strong><\/p>\n<p class=\"p1\">Julia no sabe si lo que le est\u00e1 pasando es una revelaci\u00f3n o una mal-<\/p>\n<p class=\"p1\">dici\u00f3n. Lo que s\u00ed sabe es que despert\u00f3 en un hospital sin recordar<\/p>\n<p class=\"p1\">c\u00f3mo lleg\u00f3 all\u00ed, con un \u00fanico nombre retumbando en su mente:<\/p>\n<p class=\"p1\">Leviat\u00e1n.<\/p>\n","protected":false},"featured_media":108249,"comment_status":"open","ping_status":"closed","template":"","meta":{"_acf_changed":false},"libro":[],"product_brand":[],"product_cat":[47],"product_tag":[],"class_list":{"0":"post-108247","1":"product","2":"type-product","3":"status-publish","4":"has-post-thumbnail","6":"product_cat-ciencia-ficcion-misterio","8":"first","9":"instock","10":"shipping-taxable","11":"product-type-simple"},"acf":{"autor":[108248],"enlace_de_compra":""},"yoast_head":"<!-- This site is optimized with the Yoast SEO plugin v27.4 - https:\/\/yoast.com\/product\/yoast-seo-wordpress\/ -->\n<title>El nudo de brujas - Catalogo | Letrame Grupo Editorial<\/title>\n<meta name=\"robots\" content=\"index, follow, max-snippet:-1, max-image-preview:large, max-video-preview:-1\" \/>\n<link rel=\"canonical\" href=\"https:\/\/letrame.com\/catalogo\/producto\/el-nudo-de-brujas\/\" \/>\n<meta property=\"og:locale\" content=\"es_ES\" \/>\n<meta property=\"og:type\" content=\"article\" \/>\n<meta property=\"og:title\" content=\"El nudo de brujas - Catalogo | Letrame Grupo Editorial\" \/>\n<meta property=\"og:description\" content=\"ISBN: 978-84-1089-913-1 SINOPSIS Julia no sabe si lo que le est\u00e1 pasando es una revelaci\u00f3n o una mal- dici\u00f3n. Lo que s\u00ed sabe es que despert\u00f3 en un hospital sin recordar c\u00f3mo lleg\u00f3 all\u00ed, con un \u00fanico nombre retumbando en su mente: Leviat\u00e1n.\" \/>\n<meta property=\"og:url\" content=\"https:\/\/letrame.com\/catalogo\/producto\/el-nudo-de-brujas\/\" \/>\n<meta property=\"og:site_name\" content=\"Catalogo | Letrame Grupo Editorial\" \/>\n<meta property=\"article:modified_time\" content=\"2025-03-18T12:59:09+00:00\" \/>\n<meta property=\"og:image\" content=\"https:\/\/letrame.com\/catalogo\/wp-content\/uploads\/2025\/03\/El-nudo-de-brujas.jpg\" \/>\n\t<meta property=\"og:image:width\" content=\"379\" \/>\n\t<meta property=\"og:image:height\" content=\"537\" \/>\n\t<meta property=\"og:image:type\" content=\"image\/jpeg\" \/>\n<meta name=\"twitter:card\" content=\"summary_large_image\" \/>\n<meta name=\"twitter:label1\" content=\"Tiempo de lectura\" \/>\n\t<meta name=\"twitter:data1\" content=\"2 minutos\" \/>\n<script type=\"application\/ld+json\" class=\"yoast-schema-graph\">{\"@context\":\"https:\\\/\\\/schema.org\",\"@graph\":[{\"@type\":\"WebPage\",\"@id\":\"https:\\\/\\\/letrame.com\\\/catalogo\\\/producto\\\/el-nudo-de-brujas\\\/\",\"url\":\"https:\\\/\\\/letrame.com\\\/catalogo\\\/producto\\\/el-nudo-de-brujas\\\/\",\"name\":\"El nudo de brujas - Catalogo | Letrame Grupo Editorial\",\"isPartOf\":{\"@id\":\"https:\\\/\\\/letrame.com\\\/catalogo\\\/#website\"},\"primaryImageOfPage\":{\"@id\":\"https:\\\/\\\/letrame.com\\\/catalogo\\\/producto\\\/el-nudo-de-brujas\\\/#primaryimage\"},\"image\":{\"@id\":\"https:\\\/\\\/letrame.com\\\/catalogo\\\/producto\\\/el-nudo-de-brujas\\\/#primaryimage\"},\"thumbnailUrl\":\"https:\\\/\\\/letrame.com\\\/catalogo\\\/wp-content\\\/uploads\\\/2025\\\/03\\\/El-nudo-de-brujas.jpg\",\"datePublished\":\"2025-03-18T12:55:47+00:00\",\"dateModified\":\"2025-03-18T12:59:09+00:00\",\"breadcrumb\":{\"@id\":\"https:\\\/\\\/letrame.com\\\/catalogo\\\/producto\\\/el-nudo-de-brujas\\\/#breadcrumb\"},\"inLanguage\":\"es\",\"potentialAction\":[{\"@type\":\"ReadAction\",\"target\":[\"https:\\\/\\\/letrame.com\\\/catalogo\\\/producto\\\/el-nudo-de-brujas\\\/\"]}]},{\"@type\":\"ImageObject\",\"inLanguage\":\"es\",\"@id\":\"https:\\\/\\\/letrame.com\\\/catalogo\\\/producto\\\/el-nudo-de-brujas\\\/#primaryimage\",\"url\":\"https:\\\/\\\/letrame.com\\\/catalogo\\\/wp-content\\\/uploads\\\/2025\\\/03\\\/El-nudo-de-brujas.jpg\",\"contentUrl\":\"https:\\\/\\\/letrame.com\\\/catalogo\\\/wp-content\\\/uploads\\\/2025\\\/03\\\/El-nudo-de-brujas.jpg\",\"width\":379,\"height\":537,\"caption\":\"Portada El nudo de Brujas\"},{\"@type\":\"BreadcrumbList\",\"@id\":\"https:\\\/\\\/letrame.com\\\/catalogo\\\/producto\\\/el-nudo-de-brujas\\\/#breadcrumb\",\"itemListElement\":[{\"@type\":\"ListItem\",\"position\":1,\"name\":\"Portada\",\"item\":\"https:\\\/\\\/letrame.com\\\/catalogo\\\/\"},{\"@type\":\"ListItem\",\"position\":2,\"name\":\"Cat\u00e1logo\",\"item\":\"https:\\\/\\\/letrame.com\\\/catalogo\\\/\"},{\"@type\":\"ListItem\",\"position\":3,\"name\":\"El nudo de brujas\"}]},{\"@type\":\"WebSite\",\"@id\":\"https:\\\/\\\/letrame.com\\\/catalogo\\\/#website\",\"url\":\"https:\\\/\\\/letrame.com\\\/catalogo\\\/\",\"name\":\"Catalogo | Letrame Grupo Editorial\",\"description\":\"\",\"publisher\":{\"@id\":\"https:\\\/\\\/letrame.com\\\/catalogo\\\/#organization\"},\"potentialAction\":[{\"@type\":\"SearchAction\",\"target\":{\"@type\":\"EntryPoint\",\"urlTemplate\":\"https:\\\/\\\/letrame.com\\\/catalogo\\\/?s={search_term_string}\"},\"query-input\":{\"@type\":\"PropertyValueSpecification\",\"valueRequired\":true,\"valueName\":\"search_term_string\"}}],\"inLanguage\":\"es\"},{\"@type\":\"Organization\",\"@id\":\"https:\\\/\\\/letrame.com\\\/catalogo\\\/#organization\",\"name\":\"Catalogo | Letrame Grupo Editorial\",\"url\":\"https:\\\/\\\/letrame.com\\\/catalogo\\\/\",\"logo\":{\"@type\":\"ImageObject\",\"inLanguage\":\"es\",\"@id\":\"https:\\\/\\\/letrame.com\\\/catalogo\\\/#\\\/schema\\\/logo\\\/image\\\/\",\"url\":\"https:\\\/\\\/letrame.com\\\/catalogo\\\/wp-content\\\/uploads\\\/2024\\\/03\\\/logo2.webp\",\"contentUrl\":\"https:\\\/\\\/letrame.com\\\/catalogo\\\/wp-content\\\/uploads\\\/2024\\\/03\\\/logo2.webp\",\"width\":394,\"height\":128,\"caption\":\"Catalogo | Letrame Grupo Editorial\"},\"image\":{\"@id\":\"https:\\\/\\\/letrame.com\\\/catalogo\\\/#\\\/schema\\\/logo\\\/image\\\/\"}}]}<\/script>\n<!-- \/ Yoast SEO plugin. -->","yoast_head_json":{"title":"El nudo de brujas - Catalogo | Letrame Grupo Editorial","robots":{"index":"index","follow":"follow","max-snippet":"max-snippet:-1","max-image-preview":"max-image-preview:large","max-video-preview":"max-video-preview:-1"},"canonical":"https:\/\/letrame.com\/catalogo\/producto\/el-nudo-de-brujas\/","og_locale":"es_ES","og_type":"article","og_title":"El nudo de brujas - Catalogo | Letrame Grupo Editorial","og_description":"ISBN: 978-84-1089-913-1 SINOPSIS Julia no sabe si lo que le est\u00e1 pasando es una revelaci\u00f3n o una mal- dici\u00f3n. Lo que s\u00ed sabe es que despert\u00f3 en un hospital sin recordar c\u00f3mo lleg\u00f3 all\u00ed, con un \u00fanico nombre retumbando en su mente: Leviat\u00e1n.","og_url":"https:\/\/letrame.com\/catalogo\/producto\/el-nudo-de-brujas\/","og_site_name":"Catalogo | Letrame Grupo Editorial","article_modified_time":"2025-03-18T12:59:09+00:00","og_image":[{"width":379,"height":537,"url":"https:\/\/letrame.com\/catalogo\/wp-content\/uploads\/2025\/03\/El-nudo-de-brujas.jpg","type":"image\/jpeg"}],"twitter_card":"summary_large_image","twitter_misc":{"Tiempo de lectura":"2 minutos"},"schema":{"@context":"https:\/\/schema.org","@graph":[{"@type":"WebPage","@id":"https:\/\/letrame.com\/catalogo\/producto\/el-nudo-de-brujas\/","url":"https:\/\/letrame.com\/catalogo\/producto\/el-nudo-de-brujas\/","name":"El nudo de brujas - Catalogo | Letrame Grupo Editorial","isPartOf":{"@id":"https:\/\/letrame.com\/catalogo\/#website"},"primaryImageOfPage":{"@id":"https:\/\/letrame.com\/catalogo\/producto\/el-nudo-de-brujas\/#primaryimage"},"image":{"@id":"https:\/\/letrame.com\/catalogo\/producto\/el-nudo-de-brujas\/#primaryimage"},"thumbnailUrl":"https:\/\/letrame.com\/catalogo\/wp-content\/uploads\/2025\/03\/El-nudo-de-brujas.jpg","datePublished":"2025-03-18T12:55:47+00:00","dateModified":"2025-03-18T12:59:09+00:00","breadcrumb":{"@id":"https:\/\/letrame.com\/catalogo\/producto\/el-nudo-de-brujas\/#breadcrumb"},"inLanguage":"es","potentialAction":[{"@type":"ReadAction","target":["https:\/\/letrame.com\/catalogo\/producto\/el-nudo-de-brujas\/"]}]},{"@type":"ImageObject","inLanguage":"es","@id":"https:\/\/letrame.com\/catalogo\/producto\/el-nudo-de-brujas\/#primaryimage","url":"https:\/\/letrame.com\/catalogo\/wp-content\/uploads\/2025\/03\/El-nudo-de-brujas.jpg","contentUrl":"https:\/\/letrame.com\/catalogo\/wp-content\/uploads\/2025\/03\/El-nudo-de-brujas.jpg","width":379,"height":537,"caption":"Portada El nudo de Brujas"},{"@type":"BreadcrumbList","@id":"https:\/\/letrame.com\/catalogo\/producto\/el-nudo-de-brujas\/#breadcrumb","itemListElement":[{"@type":"ListItem","position":1,"name":"Portada","item":"https:\/\/letrame.com\/catalogo\/"},{"@type":"ListItem","position":2,"name":"Cat\u00e1logo","item":"https:\/\/letrame.com\/catalogo\/"},{"@type":"ListItem","position":3,"name":"El nudo de brujas"}]},{"@type":"WebSite","@id":"https:\/\/letrame.com\/catalogo\/#website","url":"https:\/\/letrame.com\/catalogo\/","name":"Catalogo | Letrame Grupo Editorial","description":"","publisher":{"@id":"https:\/\/letrame.com\/catalogo\/#organization"},"potentialAction":[{"@type":"SearchAction","target":{"@type":"EntryPoint","urlTemplate":"https:\/\/letrame.com\/catalogo\/?s={search_term_string}"},"query-input":{"@type":"PropertyValueSpecification","valueRequired":true,"valueName":"search_term_string"}}],"inLanguage":"es"},{"@type":"Organization","@id":"https:\/\/letrame.com\/catalogo\/#organization","name":"Catalogo | Letrame Grupo Editorial","url":"https:\/\/letrame.com\/catalogo\/","logo":{"@type":"ImageObject","inLanguage":"es","@id":"https:\/\/letrame.com\/catalogo\/#\/schema\/logo\/image\/","url":"https:\/\/letrame.com\/catalogo\/wp-content\/uploads\/2024\/03\/logo2.webp","contentUrl":"https:\/\/letrame.com\/catalogo\/wp-content\/uploads\/2024\/03\/logo2.webp","width":394,"height":128,"caption":"Catalogo | Letrame Grupo Editorial"},"image":{"@id":"https:\/\/letrame.com\/catalogo\/#\/schema\/logo\/image\/"}}]}},"_links":{"self":[{"href":"https:\/\/letrame.com\/catalogo\/wp-json\/wp\/v2\/product\/108247","targetHints":{"allow":["GET"]}}],"collection":[{"href":"https:\/\/letrame.com\/catalogo\/wp-json\/wp\/v2\/product"}],"about":[{"href":"https:\/\/letrame.com\/catalogo\/wp-json\/wp\/v2\/types\/product"}],"replies":[{"embeddable":true,"href":"https:\/\/letrame.com\/catalogo\/wp-json\/wp\/v2\/comments?post=108247"}],"acf:post":[{"embeddable":true,"href":"https:\/\/letrame.com\/catalogo\/wp-json\/wp\/v2\/author_book\/108248"}],"wp:featuredmedia":[{"embeddable":true,"href":"https:\/\/letrame.com\/catalogo\/wp-json\/wp\/v2\/media\/108249"}],"wp:attachment":[{"href":"https:\/\/letrame.com\/catalogo\/wp-json\/wp\/v2\/media?parent=108247"}],"wp:term":[{"taxonomy":"libro","embeddable":true,"href":"https:\/\/letrame.com\/catalogo\/wp-json\/wp\/v2\/libro?post=108247"},{"taxonomy":"product_brand","embeddable":true,"href":"https:\/\/letrame.com\/catalogo\/wp-json\/wp\/v2\/product_brand?post=108247"},{"taxonomy":"product_cat","embeddable":true,"href":"https:\/\/letrame.com\/catalogo\/wp-json\/wp\/v2\/product_cat?post=108247"},{"taxonomy":"product_tag","embeddable":true,"href":"https:\/\/letrame.com\/catalogo\/wp-json\/wp\/v2\/product_tag?post=108247"}],"curies":[{"name":"wp","href":"https:\/\/api.w.org\/{rel}","templated":true}]}}