{"id":108223,"date":"2025-03-17T14:10:12","date_gmt":"2025-03-17T13:10:12","guid":{"rendered":"https:\/\/letrame.com\/catalogo\/?post_type=product&#038;p=108223"},"modified":"2025-03-17T14:12:25","modified_gmt":"2025-03-17T13:12:25","slug":"el-chico-bueno","status":"publish","type":"product","link":"https:\/\/letrame.com\/catalogo\/producto\/el-chico-bueno\/","title":{"rendered":"El chico bueno"},"content":{"rendered":"<p class=\"p1\"><b>ISBN: <\/b>978-84-1089-874-5<\/p>\n<p class=\"p1\"><b>T\u00edtulo: <\/b>El chico bueno<b><\/b><\/p>\n<p><strong>Fecha<\/strong>: 2025<b><\/b><\/p>\n<p><strong>P\u00e1ginas<\/strong>: 214<b><\/b><\/p>\n<p class=\"p1\"><b>SINOPSIS<\/b><\/p>\n<p class=\"p1\">Todas las historias tienen dos versiones; por ello, el protagonista de<\/p>\n<p class=\"p1\">esta novela ha querido dar a conocer la suya.<\/p>\n<p class=\"p1\">Hace un tiempo, su primer amor escribi\u00f3 una novela, Loca, donde<\/p>\n<p class=\"p1\">contaba todo lo que le hab\u00eda ocurrido en un momento de su vida.<\/p>\n<p class=\"p1\">En esa historia se hablaba de \u00e9l, de c\u00f3mo hab\u00eda sido su relaci\u00f3n, y<\/p>\n<p class=\"p1\">no solo su relaci\u00f3n, sino tambi\u00e9n su ruptura.<\/p>\n<p class=\"p1\">\u00c9l siempre ha sido un chico bueno, correcto, formal, educado\u2026 El<\/p>\n<p class=\"p1\">chico perfecto para el mundo, pero nadie sab\u00eda lo que se ocultaba<\/p>\n<p class=\"p1\">detr\u00e1s de toda esa correcci\u00f3n. Por eso ha querido dar su versi\u00f3n y<\/p>\n<p class=\"p1\">contar c\u00f3mo ocurri\u00f3 la historia desde su lado, y no solo desde la<\/p>\n<p class=\"p1\">visi\u00f3n de su expareja, quien tampoco sab\u00eda, en ese momento, cu\u00e1l<\/p>\n<p class=\"p1\">era la realidad.<\/p>\n<p class=\"p1\">No podemos confiar plenamente en lo que vemos, y mucho menos<\/p>\n<p class=\"p1\">en lo que nos dicen, pues cada uno de nosotros tiene un secre-<\/p>\n<p class=\"p1\">to con el que vive \u2014o lucha\u2014 diariamente. Secretos que pueden<\/p>\n<p class=\"p1\">cambiar nuestra forma de ver a las personas, para bien o para mal.<\/p>\n<p class=\"p1\"><b>\u00a0<\/b><\/p>\n","protected":false},"excerpt":{"rendered":"<p class=\"p1\"><b>ISBN: <\/b>978-84-1089-874-5<br \/>\n<b><br \/>\nSINOPSIS<\/b><\/p>\n<p class=\"p1\">Todas las historias tienen dos versiones; por ello, el protagonista de<\/p>\n<p class=\"p1\">esta novela ha querido dar a conocer la suya.<\/p>\n<p class=\"p1\">Hace un tiempo, su primer amor escribi\u00f3 una novela, Loca, donde<\/p>\n<p class=\"p1\">contaba todo lo que le hab\u00eda ocurrido en un momento de su vida.<\/p>\n<p class=\"p1\">En esa historia se hablaba de \u00e9l, de c\u00f3mo hab\u00eda sido su relaci\u00f3n, y<\/p>\n<p class=\"p1\">no solo su relaci\u00f3n, sino tambi\u00e9n su ruptura.<\/p>\n<p class=\"p1\">\n","protected":false},"featured_media":108231,"comment_status":"open","ping_status":"closed","template":"","meta":{"_acf_changed":false},"libro":[],"product_brand":[],"product_cat":[50,15],"product_tag":[],"class_list":{"0":"post-108223","1":"product","2":"type-product","3":"status-publish","4":"has-post-thumbnail","6":"product_cat-novela-romantica","7":"product_cat-sin-categorizar","9":"first","10":"instock","11":"shipping-taxable","12":"product-type-simple"},"acf":{"autor":[105838],"enlace_de_compra":""},"yoast_head":"<!-- This site is optimized with the Yoast SEO plugin v27.4 - https:\/\/yoast.com\/product\/yoast-seo-wordpress\/ -->\n<title>El chico bueno - Catalogo | Letrame Grupo Editorial<\/title>\n<meta name=\"robots\" content=\"index, follow, max-snippet:-1, max-image-preview:large, max-video-preview:-1\" \/>\n<link rel=\"canonical\" href=\"https:\/\/letrame.com\/catalogo\/producto\/el-chico-bueno\/\" \/>\n<meta property=\"og:locale\" content=\"es_ES\" \/>\n<meta property=\"og:type\" content=\"article\" \/>\n<meta property=\"og:title\" content=\"El chico bueno - Catalogo | Letrame Grupo Editorial\" \/>\n<meta property=\"og:description\" content=\"ISBN: 978-84-1089-874-5  SINOPSIS Todas las historias tienen dos versiones; por ello, el protagonista de esta novela ha querido dar a conocer la suya. Hace un tiempo, su primer amor escribi\u00f3 una novela, Loca, donde contaba todo lo que le hab\u00eda ocurrido en un momento de su vida. En esa historia se hablaba de \u00e9l, de c\u00f3mo hab\u00eda sido su relaci\u00f3n, y no solo su relaci\u00f3n, sino tambi\u00e9n su ruptura.\" \/>\n<meta property=\"og:url\" content=\"https:\/\/letrame.com\/catalogo\/producto\/el-chico-bueno\/\" \/>\n<meta property=\"og:site_name\" content=\"Catalogo | Letrame Grupo Editorial\" \/>\n<meta property=\"article:modified_time\" content=\"2025-03-17T13:12:25+00:00\" \/>\n<meta property=\"og:image\" content=\"https:\/\/letrame.com\/catalogo\/wp-content\/uploads\/2025\/03\/Portada-El-chico-bueno.jpg\" \/>\n\t<meta property=\"og:image:width\" content=\"384\" \/>\n\t<meta property=\"og:image:height\" content=\"563\" \/>\n\t<meta property=\"og:image:type\" content=\"image\/jpeg\" \/>\n<meta name=\"twitter:card\" content=\"summary_large_image\" \/>\n<meta name=\"twitter:label1\" content=\"Tiempo de lectura\" \/>\n\t<meta name=\"twitter:data1\" content=\"2 minutos\" \/>\n<script type=\"application\/ld+json\" class=\"yoast-schema-graph\">{\"@context\":\"https:\\\/\\\/schema.org\",\"@graph\":[{\"@type\":\"WebPage\",\"@id\":\"https:\\\/\\\/letrame.com\\\/catalogo\\\/producto\\\/el-chico-bueno\\\/\",\"url\":\"https:\\\/\\\/letrame.com\\\/catalogo\\\/producto\\\/el-chico-bueno\\\/\",\"name\":\"El chico bueno - Catalogo | Letrame Grupo Editorial\",\"isPartOf\":{\"@id\":\"https:\\\/\\\/letrame.com\\\/catalogo\\\/#website\"},\"primaryImageOfPage\":{\"@id\":\"https:\\\/\\\/letrame.com\\\/catalogo\\\/producto\\\/el-chico-bueno\\\/#primaryimage\"},\"image\":{\"@id\":\"https:\\\/\\\/letrame.com\\\/catalogo\\\/producto\\\/el-chico-bueno\\\/#primaryimage\"},\"thumbnailUrl\":\"https:\\\/\\\/letrame.com\\\/catalogo\\\/wp-content\\\/uploads\\\/2025\\\/03\\\/Portada-El-chico-bueno.jpg\",\"datePublished\":\"2025-03-17T13:10:12+00:00\",\"dateModified\":\"2025-03-17T13:12:25+00:00\",\"breadcrumb\":{\"@id\":\"https:\\\/\\\/letrame.com\\\/catalogo\\\/producto\\\/el-chico-bueno\\\/#breadcrumb\"},\"inLanguage\":\"es\",\"potentialAction\":[{\"@type\":\"ReadAction\",\"target\":[\"https:\\\/\\\/letrame.com\\\/catalogo\\\/producto\\\/el-chico-bueno\\\/\"]}]},{\"@type\":\"ImageObject\",\"inLanguage\":\"es\",\"@id\":\"https:\\\/\\\/letrame.com\\\/catalogo\\\/producto\\\/el-chico-bueno\\\/#primaryimage\",\"url\":\"https:\\\/\\\/letrame.com\\\/catalogo\\\/wp-content\\\/uploads\\\/2025\\\/03\\\/Portada-El-chico-bueno.jpg\",\"contentUrl\":\"https:\\\/\\\/letrame.com\\\/catalogo\\\/wp-content\\\/uploads\\\/2025\\\/03\\\/Portada-El-chico-bueno.jpg\",\"width\":384,\"height\":563,\"caption\":\"Portada El chico bueno\"},{\"@type\":\"BreadcrumbList\",\"@id\":\"https:\\\/\\\/letrame.com\\\/catalogo\\\/producto\\\/el-chico-bueno\\\/#breadcrumb\",\"itemListElement\":[{\"@type\":\"ListItem\",\"position\":1,\"name\":\"Portada\",\"item\":\"https:\\\/\\\/letrame.com\\\/catalogo\\\/\"},{\"@type\":\"ListItem\",\"position\":2,\"name\":\"Cat\u00e1logo\",\"item\":\"https:\\\/\\\/letrame.com\\\/catalogo\\\/\"},{\"@type\":\"ListItem\",\"position\":3,\"name\":\"El chico bueno\"}]},{\"@type\":\"WebSite\",\"@id\":\"https:\\\/\\\/letrame.com\\\/catalogo\\\/#website\",\"url\":\"https:\\\/\\\/letrame.com\\\/catalogo\\\/\",\"name\":\"Catalogo | Letrame Grupo Editorial\",\"description\":\"\",\"publisher\":{\"@id\":\"https:\\\/\\\/letrame.com\\\/catalogo\\\/#organization\"},\"potentialAction\":[{\"@type\":\"SearchAction\",\"target\":{\"@type\":\"EntryPoint\",\"urlTemplate\":\"https:\\\/\\\/letrame.com\\\/catalogo\\\/?s={search_term_string}\"},\"query-input\":{\"@type\":\"PropertyValueSpecification\",\"valueRequired\":true,\"valueName\":\"search_term_string\"}}],\"inLanguage\":\"es\"},{\"@type\":\"Organization\",\"@id\":\"https:\\\/\\\/letrame.com\\\/catalogo\\\/#organization\",\"name\":\"Catalogo | Letrame Grupo Editorial\",\"url\":\"https:\\\/\\\/letrame.com\\\/catalogo\\\/\",\"logo\":{\"@type\":\"ImageObject\",\"inLanguage\":\"es\",\"@id\":\"https:\\\/\\\/letrame.com\\\/catalogo\\\/#\\\/schema\\\/logo\\\/image\\\/\",\"url\":\"https:\\\/\\\/letrame.com\\\/catalogo\\\/wp-content\\\/uploads\\\/2024\\\/03\\\/logo2.webp\",\"contentUrl\":\"https:\\\/\\\/letrame.com\\\/catalogo\\\/wp-content\\\/uploads\\\/2024\\\/03\\\/logo2.webp\",\"width\":394,\"height\":128,\"caption\":\"Catalogo | Letrame Grupo Editorial\"},\"image\":{\"@id\":\"https:\\\/\\\/letrame.com\\\/catalogo\\\/#\\\/schema\\\/logo\\\/image\\\/\"}}]}<\/script>\n<!-- \/ Yoast SEO plugin. -->","yoast_head_json":{"title":"El chico bueno - Catalogo | Letrame Grupo Editorial","robots":{"index":"index","follow":"follow","max-snippet":"max-snippet:-1","max-image-preview":"max-image-preview:large","max-video-preview":"max-video-preview:-1"},"canonical":"https:\/\/letrame.com\/catalogo\/producto\/el-chico-bueno\/","og_locale":"es_ES","og_type":"article","og_title":"El chico bueno - Catalogo | Letrame Grupo Editorial","og_description":"ISBN: 978-84-1089-874-5  SINOPSIS Todas las historias tienen dos versiones; por ello, el protagonista de esta novela ha querido dar a conocer la suya. Hace un tiempo, su primer amor escribi\u00f3 una novela, Loca, donde contaba todo lo que le hab\u00eda ocurrido en un momento de su vida. En esa historia se hablaba de \u00e9l, de c\u00f3mo hab\u00eda sido su relaci\u00f3n, y no solo su relaci\u00f3n, sino tambi\u00e9n su ruptura.","og_url":"https:\/\/letrame.com\/catalogo\/producto\/el-chico-bueno\/","og_site_name":"Catalogo | Letrame Grupo Editorial","article_modified_time":"2025-03-17T13:12:25+00:00","og_image":[{"width":384,"height":563,"url":"https:\/\/letrame.com\/catalogo\/wp-content\/uploads\/2025\/03\/Portada-El-chico-bueno.jpg","type":"image\/jpeg"}],"twitter_card":"summary_large_image","twitter_misc":{"Tiempo de lectura":"2 minutos"},"schema":{"@context":"https:\/\/schema.org","@graph":[{"@type":"WebPage","@id":"https:\/\/letrame.com\/catalogo\/producto\/el-chico-bueno\/","url":"https:\/\/letrame.com\/catalogo\/producto\/el-chico-bueno\/","name":"El chico bueno - Catalogo | Letrame Grupo Editorial","isPartOf":{"@id":"https:\/\/letrame.com\/catalogo\/#website"},"primaryImageOfPage":{"@id":"https:\/\/letrame.com\/catalogo\/producto\/el-chico-bueno\/#primaryimage"},"image":{"@id":"https:\/\/letrame.com\/catalogo\/producto\/el-chico-bueno\/#primaryimage"},"thumbnailUrl":"https:\/\/letrame.com\/catalogo\/wp-content\/uploads\/2025\/03\/Portada-El-chico-bueno.jpg","datePublished":"2025-03-17T13:10:12+00:00","dateModified":"2025-03-17T13:12:25+00:00","breadcrumb":{"@id":"https:\/\/letrame.com\/catalogo\/producto\/el-chico-bueno\/#breadcrumb"},"inLanguage":"es","potentialAction":[{"@type":"ReadAction","target":["https:\/\/letrame.com\/catalogo\/producto\/el-chico-bueno\/"]}]},{"@type":"ImageObject","inLanguage":"es","@id":"https:\/\/letrame.com\/catalogo\/producto\/el-chico-bueno\/#primaryimage","url":"https:\/\/letrame.com\/catalogo\/wp-content\/uploads\/2025\/03\/Portada-El-chico-bueno.jpg","contentUrl":"https:\/\/letrame.com\/catalogo\/wp-content\/uploads\/2025\/03\/Portada-El-chico-bueno.jpg","width":384,"height":563,"caption":"Portada El chico bueno"},{"@type":"BreadcrumbList","@id":"https:\/\/letrame.com\/catalogo\/producto\/el-chico-bueno\/#breadcrumb","itemListElement":[{"@type":"ListItem","position":1,"name":"Portada","item":"https:\/\/letrame.com\/catalogo\/"},{"@type":"ListItem","position":2,"name":"Cat\u00e1logo","item":"https:\/\/letrame.com\/catalogo\/"},{"@type":"ListItem","position":3,"name":"El chico bueno"}]},{"@type":"WebSite","@id":"https:\/\/letrame.com\/catalogo\/#website","url":"https:\/\/letrame.com\/catalogo\/","name":"Catalogo | Letrame Grupo Editorial","description":"","publisher":{"@id":"https:\/\/letrame.com\/catalogo\/#organization"},"potentialAction":[{"@type":"SearchAction","target":{"@type":"EntryPoint","urlTemplate":"https:\/\/letrame.com\/catalogo\/?s={search_term_string}"},"query-input":{"@type":"PropertyValueSpecification","valueRequired":true,"valueName":"search_term_string"}}],"inLanguage":"es"},{"@type":"Organization","@id":"https:\/\/letrame.com\/catalogo\/#organization","name":"Catalogo | Letrame Grupo Editorial","url":"https:\/\/letrame.com\/catalogo\/","logo":{"@type":"ImageObject","inLanguage":"es","@id":"https:\/\/letrame.com\/catalogo\/#\/schema\/logo\/image\/","url":"https:\/\/letrame.com\/catalogo\/wp-content\/uploads\/2024\/03\/logo2.webp","contentUrl":"https:\/\/letrame.com\/catalogo\/wp-content\/uploads\/2024\/03\/logo2.webp","width":394,"height":128,"caption":"Catalogo | Letrame Grupo Editorial"},"image":{"@id":"https:\/\/letrame.com\/catalogo\/#\/schema\/logo\/image\/"}}]}},"_links":{"self":[{"href":"https:\/\/letrame.com\/catalogo\/wp-json\/wp\/v2\/product\/108223","targetHints":{"allow":["GET"]}}],"collection":[{"href":"https:\/\/letrame.com\/catalogo\/wp-json\/wp\/v2\/product"}],"about":[{"href":"https:\/\/letrame.com\/catalogo\/wp-json\/wp\/v2\/types\/product"}],"replies":[{"embeddable":true,"href":"https:\/\/letrame.com\/catalogo\/wp-json\/wp\/v2\/comments?post=108223"}],"acf:post":[{"embeddable":true,"href":"https:\/\/letrame.com\/catalogo\/wp-json\/wp\/v2\/author_book\/105838"}],"wp:featuredmedia":[{"embeddable":true,"href":"https:\/\/letrame.com\/catalogo\/wp-json\/wp\/v2\/media\/108231"}],"wp:attachment":[{"href":"https:\/\/letrame.com\/catalogo\/wp-json\/wp\/v2\/media?parent=108223"}],"wp:term":[{"taxonomy":"libro","embeddable":true,"href":"https:\/\/letrame.com\/catalogo\/wp-json\/wp\/v2\/libro?post=108223"},{"taxonomy":"product_brand","embeddable":true,"href":"https:\/\/letrame.com\/catalogo\/wp-json\/wp\/v2\/product_brand?post=108223"},{"taxonomy":"product_cat","embeddable":true,"href":"https:\/\/letrame.com\/catalogo\/wp-json\/wp\/v2\/product_cat?post=108223"},{"taxonomy":"product_tag","embeddable":true,"href":"https:\/\/letrame.com\/catalogo\/wp-json\/wp\/v2\/product_tag?post=108223"}],"curies":[{"name":"wp","href":"https:\/\/api.w.org\/{rel}","templated":true}]}}