{"id":108136,"date":"2025-03-12T10:21:24","date_gmt":"2025-03-12T09:21:24","guid":{"rendered":"https:\/\/letrame.com\/catalogo\/?post_type=product&#038;p=108136"},"modified":"2025-03-12T10:24:45","modified_gmt":"2025-03-12T09:24:45","slug":"el-tesoro-de-maya-un-amor-inesperado","status":"publish","type":"product","link":"https:\/\/letrame.com\/catalogo\/producto\/el-tesoro-de-maya-un-amor-inesperado\/","title":{"rendered":"El tesoro de Maya. Un amor inesperado"},"content":{"rendered":"<p class=\"p1\"><b>ISBN: <\/b>978-84-1089-494-5<\/p>\n<p class=\"p1\"><b>T\u00edtulo: <\/b>El tesoro de Maya. Un amor inesperado<b><\/b><\/p>\n<p><strong>Fecha<\/strong>: 2025<b><\/b><\/p>\n<p><strong>P\u00e1ginas<\/strong>: 316<b><\/b><\/p>\n<p class=\"p1\"><b>SINOPSIS<\/b><\/p>\n<p class=\"p1\">Es una historia ficcional de aventura, intriga y pasi\u00f3n en el encantador ambiente del sureste mexicano y sus tradiciones mayas, que rebasa ese reducido escenario llevando a los personajes a lugares inesperados en donde no para la aventura. Un hombre en su mayor\u00eda de edad, divorciado y aficionado a la arqueolog\u00eda, es llevado por el destino a vivir a M\u00e9rida, Yucat\u00e1n, y a trabajar en El Gran Museo del Mundo Maya. Poco tiempo despu\u00e9s, visitar\u00e1 la zona arqueol\u00f3gica de Calakmul en la zona del Pet\u00e9n en donde tratando de encontrar nuevos vestigios, se pierde entre la tupida selva maya. En su intento por regresar al punto de partida y luego de varios percances, en medio de una lluvia torrencial, se topa casualmente con una aldea cercana casi al anochecer, en donde se refugia de la lluvia en la primera caba\u00f1a a su paso. Ah\u00ed habita una hermosa mujer mestiza, con la que sin pensarlo, emprender\u00e1 una intrigante aventura inesperada. Hija de un arque\u00f3logo de origen alem\u00e1n, casado con una ind\u00edgena lugare\u00f1a, pues trabaj\u00f3 a\u00f1os en esa zona, ocult\u00f3 siempre el secreto de un peque\u00f1o tesoro tra\u00eddo de Alemania despu\u00e9s de la segunda guerra mundial. Muere con su mujer en un accidente de aviaci\u00f3n cuando la ni\u00f1a es muy peque\u00f1a, pero le ha dejado una libreta con unas pistas codificadas para hallar lo que ser\u00eda su legado.<\/p>\n<p>Los rumores de un tesoro escondido generan una serie de incidentes, secuestros y amenazas por los que varias gentes mueren y ella es acosada por el hijo de un antiguo colaborador de su padre. Despu\u00e9s de varios encuentros y con el pretexto de indagar cada vez m\u00e1s acerca de las tradiciones y la cultura maya, Manuel encantado por la belleza de Maya, logra ganar su confianza para que le cuente su secreto. Comienzan as\u00ed una aventura llena de investigaciones, pasi\u00f3n e intrigas, que al final, los llevar\u00e1n a distintos lugares de M\u00e9xico, Europa, \u00c1frica y la India en medio de un romance que \u00e9l terminar\u00e1 por declinar, debido a la diferencia de edad. Manuel, treinta a\u00f1os mayor, le aconseja que ella debe relacionarse con alguien cercano a su edad con quien pueda formar un hogar normal por mucho m\u00e1s tiempo del que a \u00e9l le queda de vida. Ella lo intenta en una de sus separaciones y en un viaje a Egipto acompa\u00f1ando a un hermano de su padre, arque\u00f3logo tambi\u00e9n, conoce a un joven arque\u00f3logo espa\u00f1ol, Manolo del Monte, asistente de su tio, con quien tiene una relaci\u00f3n. Habiendo alcanzado el objetivo de hallar el tesoro de Maya, y tres a\u00f1os despu\u00e9s de haberla conocido, Manuel decide separarse de ella ll\u00e9ndose lo m\u00e1s lejos posible, hasta encontrar en la India un apacible y alejado retiro en un monasterio Tibetano. Pero, un d\u00eda se llevar\u00e1 una gran sorpresa.<\/p>\n<p class=\"p1\"><b>\u00a0<\/b><\/p>\n","protected":false},"excerpt":{"rendered":"<p><b>ISBN: <\/b>978-84-1089-494-5<\/p>\n<p><b>SINOPSIS<\/b><\/p>\n<p class=\"p1\">Es una historia ficcional de aventura, intriga y pasi\u00f3n en el encantador ambiente del sureste mexicano y sus tradiciones mayas, que rebasa ese reducido escenario llevando a los personajes a lugares inesperados en donde no para la aventura. Un hombre en su mayor\u00eda de edad, divorciado y aficionado a la arqueolog\u00eda, es llevado por el destino a vivir a M\u00e9rida, Yucat\u00e1n, y a trabajar en El Gran Museo del Mundo Maya. Poco tiempo despu\u00e9s, visitar\u00e1 la zona arqueol\u00f3gica de Calakmul en la zona del Pet\u00e9n en donde tratando de encontrar nuevos vestigios, se pierde entre la tupida selva maya. En su intento por regresar al punto de partida y luego de varios percances, en medio de una lluvia torrencial, se topa casualmente con una aldea cercana casi al anochecer, en donde se refugia de la lluvia en la primera caba\u00f1a a su paso. Ah\u00ed habita una hermosa mujer mestiza, con la que sin pensarlo, emprender\u00e1 una intrigante aventura inesperada.<\/p>\n","protected":false},"featured_media":108137,"comment_status":"open","ping_status":"closed","template":"","meta":{"_acf_changed":false},"libro":[],"product_brand":[],"product_cat":[57],"product_tag":[],"class_list":{"0":"post-108136","1":"product","2":"type-product","3":"status-publish","4":"has-post-thumbnail","6":"product_cat-suspenso","8":"first","9":"instock","10":"shipping-taxable","11":"product-type-simple"},"acf":{"autor":[108138],"enlace_de_compra":"https:\/\/www.amazon.es\/dp\/8410894947"},"yoast_head":"<!-- This site is optimized with the Yoast SEO plugin v27.4 - https:\/\/yoast.com\/product\/yoast-seo-wordpress\/ -->\n<title>El tesoro de Maya. Un amor inesperado - Catalogo | Letrame Grupo Editorial<\/title>\n<meta name=\"robots\" content=\"index, follow, max-snippet:-1, max-image-preview:large, max-video-preview:-1\" \/>\n<link rel=\"canonical\" href=\"https:\/\/letrame.com\/catalogo\/producto\/el-tesoro-de-maya-un-amor-inesperado\/\" \/>\n<meta property=\"og:locale\" content=\"es_ES\" \/>\n<meta property=\"og:type\" content=\"article\" \/>\n<meta property=\"og:title\" content=\"El tesoro de Maya. Un amor inesperado - Catalogo | Letrame Grupo Editorial\" \/>\n<meta property=\"og:description\" content=\"ISBN: 978-84-1089-494-5  SINOPSIS Es una historia ficcional de aventura, intriga y pasi\u00f3n en el encantador ambiente del sureste mexicano y sus tradiciones mayas, que rebasa ese reducido escenario llevando a los personajes a lugares inesperados en donde no para la aventura. Un hombre en su mayor\u00eda de edad, divorciado y aficionado a la arqueolog\u00eda, es llevado por el destino a vivir a M\u00e9rida, Yucat\u00e1n, y a trabajar en El Gran Museo del Mundo Maya. Poco tiempo despu\u00e9s, visitar\u00e1 la zona arqueol\u00f3gica de Calakmul en la zona del Pet\u00e9n en donde tratando de encontrar nuevos vestigios, se pierde entre la tupida selva maya. En su intento por regresar al punto de partida y luego de varios percances, en medio de una lluvia torrencial, se topa casualmente con una aldea cercana casi al anochecer, en donde se refugia de la lluvia en la primera caba\u00f1a a su paso. Ah\u00ed habita una hermosa mujer mestiza, con la que sin pensarlo, emprender\u00e1 una intrigante aventura inesperada.\" \/>\n<meta property=\"og:url\" content=\"https:\/\/letrame.com\/catalogo\/producto\/el-tesoro-de-maya-un-amor-inesperado\/\" \/>\n<meta property=\"og:site_name\" content=\"Catalogo | Letrame Grupo Editorial\" \/>\n<meta property=\"article:modified_time\" content=\"2025-03-12T09:24:45+00:00\" \/>\n<meta property=\"og:image\" content=\"https:\/\/letrame.com\/catalogo\/wp-content\/uploads\/2025\/03\/Portada-El-tesoro-de-Maya.jpg\" \/>\n\t<meta property=\"og:image:width\" content=\"384\" \/>\n\t<meta property=\"og:image:height\" content=\"537\" \/>\n\t<meta property=\"og:image:type\" content=\"image\/jpeg\" \/>\n<meta name=\"twitter:card\" content=\"summary_large_image\" \/>\n<meta name=\"twitter:label1\" content=\"Tiempo de lectura\" \/>\n\t<meta name=\"twitter:data1\" content=\"3 minutos\" \/>\n<script type=\"application\/ld+json\" class=\"yoast-schema-graph\">{\"@context\":\"https:\\\/\\\/schema.org\",\"@graph\":[{\"@type\":\"WebPage\",\"@id\":\"https:\\\/\\\/letrame.com\\\/catalogo\\\/producto\\\/el-tesoro-de-maya-un-amor-inesperado\\\/\",\"url\":\"https:\\\/\\\/letrame.com\\\/catalogo\\\/producto\\\/el-tesoro-de-maya-un-amor-inesperado\\\/\",\"name\":\"El tesoro de Maya. Un amor inesperado - Catalogo | Letrame Grupo Editorial\",\"isPartOf\":{\"@id\":\"https:\\\/\\\/letrame.com\\\/catalogo\\\/#website\"},\"primaryImageOfPage\":{\"@id\":\"https:\\\/\\\/letrame.com\\\/catalogo\\\/producto\\\/el-tesoro-de-maya-un-amor-inesperado\\\/#primaryimage\"},\"image\":{\"@id\":\"https:\\\/\\\/letrame.com\\\/catalogo\\\/producto\\\/el-tesoro-de-maya-un-amor-inesperado\\\/#primaryimage\"},\"thumbnailUrl\":\"https:\\\/\\\/letrame.com\\\/catalogo\\\/wp-content\\\/uploads\\\/2025\\\/03\\\/Portada-El-tesoro-de-Maya.jpg\",\"datePublished\":\"2025-03-12T09:21:24+00:00\",\"dateModified\":\"2025-03-12T09:24:45+00:00\",\"breadcrumb\":{\"@id\":\"https:\\\/\\\/letrame.com\\\/catalogo\\\/producto\\\/el-tesoro-de-maya-un-amor-inesperado\\\/#breadcrumb\"},\"inLanguage\":\"es\",\"potentialAction\":[{\"@type\":\"ReadAction\",\"target\":[\"https:\\\/\\\/letrame.com\\\/catalogo\\\/producto\\\/el-tesoro-de-maya-un-amor-inesperado\\\/\"]}]},{\"@type\":\"ImageObject\",\"inLanguage\":\"es\",\"@id\":\"https:\\\/\\\/letrame.com\\\/catalogo\\\/producto\\\/el-tesoro-de-maya-un-amor-inesperado\\\/#primaryimage\",\"url\":\"https:\\\/\\\/letrame.com\\\/catalogo\\\/wp-content\\\/uploads\\\/2025\\\/03\\\/Portada-El-tesoro-de-Maya.jpg\",\"contentUrl\":\"https:\\\/\\\/letrame.com\\\/catalogo\\\/wp-content\\\/uploads\\\/2025\\\/03\\\/Portada-El-tesoro-de-Maya.jpg\",\"width\":384,\"height\":537,\"caption\":\"El tesoro de Maya\"},{\"@type\":\"BreadcrumbList\",\"@id\":\"https:\\\/\\\/letrame.com\\\/catalogo\\\/producto\\\/el-tesoro-de-maya-un-amor-inesperado\\\/#breadcrumb\",\"itemListElement\":[{\"@type\":\"ListItem\",\"position\":1,\"name\":\"Portada\",\"item\":\"https:\\\/\\\/letrame.com\\\/catalogo\\\/\"},{\"@type\":\"ListItem\",\"position\":2,\"name\":\"Cat\u00e1logo\",\"item\":\"https:\\\/\\\/letrame.com\\\/catalogo\\\/\"},{\"@type\":\"ListItem\",\"position\":3,\"name\":\"El tesoro de Maya. Un amor inesperado\"}]},{\"@type\":\"WebSite\",\"@id\":\"https:\\\/\\\/letrame.com\\\/catalogo\\\/#website\",\"url\":\"https:\\\/\\\/letrame.com\\\/catalogo\\\/\",\"name\":\"Catalogo | Letrame Grupo Editorial\",\"description\":\"\",\"publisher\":{\"@id\":\"https:\\\/\\\/letrame.com\\\/catalogo\\\/#organization\"},\"potentialAction\":[{\"@type\":\"SearchAction\",\"target\":{\"@type\":\"EntryPoint\",\"urlTemplate\":\"https:\\\/\\\/letrame.com\\\/catalogo\\\/?s={search_term_string}\"},\"query-input\":{\"@type\":\"PropertyValueSpecification\",\"valueRequired\":true,\"valueName\":\"search_term_string\"}}],\"inLanguage\":\"es\"},{\"@type\":\"Organization\",\"@id\":\"https:\\\/\\\/letrame.com\\\/catalogo\\\/#organization\",\"name\":\"Catalogo | Letrame Grupo Editorial\",\"url\":\"https:\\\/\\\/letrame.com\\\/catalogo\\\/\",\"logo\":{\"@type\":\"ImageObject\",\"inLanguage\":\"es\",\"@id\":\"https:\\\/\\\/letrame.com\\\/catalogo\\\/#\\\/schema\\\/logo\\\/image\\\/\",\"url\":\"https:\\\/\\\/letrame.com\\\/catalogo\\\/wp-content\\\/uploads\\\/2024\\\/03\\\/logo2.webp\",\"contentUrl\":\"https:\\\/\\\/letrame.com\\\/catalogo\\\/wp-content\\\/uploads\\\/2024\\\/03\\\/logo2.webp\",\"width\":394,\"height\":128,\"caption\":\"Catalogo | Letrame Grupo Editorial\"},\"image\":{\"@id\":\"https:\\\/\\\/letrame.com\\\/catalogo\\\/#\\\/schema\\\/logo\\\/image\\\/\"}}]}<\/script>\n<!-- \/ Yoast SEO plugin. -->","yoast_head_json":{"title":"El tesoro de Maya. Un amor inesperado - Catalogo | Letrame Grupo Editorial","robots":{"index":"index","follow":"follow","max-snippet":"max-snippet:-1","max-image-preview":"max-image-preview:large","max-video-preview":"max-video-preview:-1"},"canonical":"https:\/\/letrame.com\/catalogo\/producto\/el-tesoro-de-maya-un-amor-inesperado\/","og_locale":"es_ES","og_type":"article","og_title":"El tesoro de Maya. Un amor inesperado - Catalogo | Letrame Grupo Editorial","og_description":"ISBN: 978-84-1089-494-5  SINOPSIS Es una historia ficcional de aventura, intriga y pasi\u00f3n en el encantador ambiente del sureste mexicano y sus tradiciones mayas, que rebasa ese reducido escenario llevando a los personajes a lugares inesperados en donde no para la aventura. Un hombre en su mayor\u00eda de edad, divorciado y aficionado a la arqueolog\u00eda, es llevado por el destino a vivir a M\u00e9rida, Yucat\u00e1n, y a trabajar en El Gran Museo del Mundo Maya. Poco tiempo despu\u00e9s, visitar\u00e1 la zona arqueol\u00f3gica de Calakmul en la zona del Pet\u00e9n en donde tratando de encontrar nuevos vestigios, se pierde entre la tupida selva maya. En su intento por regresar al punto de partida y luego de varios percances, en medio de una lluvia torrencial, se topa casualmente con una aldea cercana casi al anochecer, en donde se refugia de la lluvia en la primera caba\u00f1a a su paso. Ah\u00ed habita una hermosa mujer mestiza, con la que sin pensarlo, emprender\u00e1 una intrigante aventura inesperada.","og_url":"https:\/\/letrame.com\/catalogo\/producto\/el-tesoro-de-maya-un-amor-inesperado\/","og_site_name":"Catalogo | Letrame Grupo Editorial","article_modified_time":"2025-03-12T09:24:45+00:00","og_image":[{"width":384,"height":537,"url":"https:\/\/letrame.com\/catalogo\/wp-content\/uploads\/2025\/03\/Portada-El-tesoro-de-Maya.jpg","type":"image\/jpeg"}],"twitter_card":"summary_large_image","twitter_misc":{"Tiempo de lectura":"3 minutos"},"schema":{"@context":"https:\/\/schema.org","@graph":[{"@type":"WebPage","@id":"https:\/\/letrame.com\/catalogo\/producto\/el-tesoro-de-maya-un-amor-inesperado\/","url":"https:\/\/letrame.com\/catalogo\/producto\/el-tesoro-de-maya-un-amor-inesperado\/","name":"El tesoro de Maya. Un amor inesperado - Catalogo | Letrame Grupo Editorial","isPartOf":{"@id":"https:\/\/letrame.com\/catalogo\/#website"},"primaryImageOfPage":{"@id":"https:\/\/letrame.com\/catalogo\/producto\/el-tesoro-de-maya-un-amor-inesperado\/#primaryimage"},"image":{"@id":"https:\/\/letrame.com\/catalogo\/producto\/el-tesoro-de-maya-un-amor-inesperado\/#primaryimage"},"thumbnailUrl":"https:\/\/letrame.com\/catalogo\/wp-content\/uploads\/2025\/03\/Portada-El-tesoro-de-Maya.jpg","datePublished":"2025-03-12T09:21:24+00:00","dateModified":"2025-03-12T09:24:45+00:00","breadcrumb":{"@id":"https:\/\/letrame.com\/catalogo\/producto\/el-tesoro-de-maya-un-amor-inesperado\/#breadcrumb"},"inLanguage":"es","potentialAction":[{"@type":"ReadAction","target":["https:\/\/letrame.com\/catalogo\/producto\/el-tesoro-de-maya-un-amor-inesperado\/"]}]},{"@type":"ImageObject","inLanguage":"es","@id":"https:\/\/letrame.com\/catalogo\/producto\/el-tesoro-de-maya-un-amor-inesperado\/#primaryimage","url":"https:\/\/letrame.com\/catalogo\/wp-content\/uploads\/2025\/03\/Portada-El-tesoro-de-Maya.jpg","contentUrl":"https:\/\/letrame.com\/catalogo\/wp-content\/uploads\/2025\/03\/Portada-El-tesoro-de-Maya.jpg","width":384,"height":537,"caption":"El tesoro de Maya"},{"@type":"BreadcrumbList","@id":"https:\/\/letrame.com\/catalogo\/producto\/el-tesoro-de-maya-un-amor-inesperado\/#breadcrumb","itemListElement":[{"@type":"ListItem","position":1,"name":"Portada","item":"https:\/\/letrame.com\/catalogo\/"},{"@type":"ListItem","position":2,"name":"Cat\u00e1logo","item":"https:\/\/letrame.com\/catalogo\/"},{"@type":"ListItem","position":3,"name":"El tesoro de Maya. Un amor inesperado"}]},{"@type":"WebSite","@id":"https:\/\/letrame.com\/catalogo\/#website","url":"https:\/\/letrame.com\/catalogo\/","name":"Catalogo | Letrame Grupo Editorial","description":"","publisher":{"@id":"https:\/\/letrame.com\/catalogo\/#organization"},"potentialAction":[{"@type":"SearchAction","target":{"@type":"EntryPoint","urlTemplate":"https:\/\/letrame.com\/catalogo\/?s={search_term_string}"},"query-input":{"@type":"PropertyValueSpecification","valueRequired":true,"valueName":"search_term_string"}}],"inLanguage":"es"},{"@type":"Organization","@id":"https:\/\/letrame.com\/catalogo\/#organization","name":"Catalogo | Letrame Grupo Editorial","url":"https:\/\/letrame.com\/catalogo\/","logo":{"@type":"ImageObject","inLanguage":"es","@id":"https:\/\/letrame.com\/catalogo\/#\/schema\/logo\/image\/","url":"https:\/\/letrame.com\/catalogo\/wp-content\/uploads\/2024\/03\/logo2.webp","contentUrl":"https:\/\/letrame.com\/catalogo\/wp-content\/uploads\/2024\/03\/logo2.webp","width":394,"height":128,"caption":"Catalogo | Letrame Grupo Editorial"},"image":{"@id":"https:\/\/letrame.com\/catalogo\/#\/schema\/logo\/image\/"}}]}},"_links":{"self":[{"href":"https:\/\/letrame.com\/catalogo\/wp-json\/wp\/v2\/product\/108136","targetHints":{"allow":["GET"]}}],"collection":[{"href":"https:\/\/letrame.com\/catalogo\/wp-json\/wp\/v2\/product"}],"about":[{"href":"https:\/\/letrame.com\/catalogo\/wp-json\/wp\/v2\/types\/product"}],"replies":[{"embeddable":true,"href":"https:\/\/letrame.com\/catalogo\/wp-json\/wp\/v2\/comments?post=108136"}],"acf:post":[{"embeddable":true,"href":"https:\/\/letrame.com\/catalogo\/wp-json\/wp\/v2\/author_book\/108138"}],"wp:featuredmedia":[{"embeddable":true,"href":"https:\/\/letrame.com\/catalogo\/wp-json\/wp\/v2\/media\/108137"}],"wp:attachment":[{"href":"https:\/\/letrame.com\/catalogo\/wp-json\/wp\/v2\/media?parent=108136"}],"wp:term":[{"taxonomy":"libro","embeddable":true,"href":"https:\/\/letrame.com\/catalogo\/wp-json\/wp\/v2\/libro?post=108136"},{"taxonomy":"product_brand","embeddable":true,"href":"https:\/\/letrame.com\/catalogo\/wp-json\/wp\/v2\/product_brand?post=108136"},{"taxonomy":"product_cat","embeddable":true,"href":"https:\/\/letrame.com\/catalogo\/wp-json\/wp\/v2\/product_cat?post=108136"},{"taxonomy":"product_tag","embeddable":true,"href":"https:\/\/letrame.com\/catalogo\/wp-json\/wp\/v2\/product_tag?post=108136"}],"curies":[{"name":"wp","href":"https:\/\/api.w.org\/{rel}","templated":true}]}}