{"id":108127,"date":"2025-03-11T09:52:41","date_gmt":"2025-03-11T08:52:41","guid":{"rendered":"https:\/\/letrame.com\/catalogo\/?post_type=product&#038;p=108127"},"modified":"2025-03-11T09:59:43","modified_gmt":"2025-03-11T08:59:43","slug":"elisa-y-el-diario-secreto","status":"publish","type":"product","link":"https:\/\/letrame.com\/catalogo\/producto\/elisa-y-el-diario-secreto\/","title":{"rendered":"Elisa y el diario secreto"},"content":{"rendered":"<p class=\"p1\"><b>ISBN: <\/b>9788410898721<b><\/b><\/p>\n<p class=\"p1\"><b>T\u00edtulo:\u00a0 <\/b>Elisa y el diario secreto. Una aventura traspasando las barreras de g\u00e9nero<b><\/b><\/p>\n<p><strong>Fecha<\/strong>: 2025<b><\/b><\/p>\n<p><strong>P\u00e1ginas<\/strong>: 128<b><\/b><\/p>\n<p class=\"p1\"><b>SINOPSIS<\/b><\/p>\n<p>Con esta novela emprender\u00e1s un viaje acompa\u00f1ando a Elisa, una<br \/>\njoven antrop\u00f3loga que descubre el diario secreto de su abuelo y<br \/>\ncomienza una aventura inesperada que la llevar\u00e1 a replantearse los<br \/>\nl\u00edmites de g\u00e9nero y hasta su propia identidad.<br \/>\nA trav\u00e9s de su protagonista, descubrir\u00e1s testimonios reales de nu-<br \/>\nmerosas personas que confiaron sus experiencias m\u00e1s \u00edntimas a la<br \/>\nautora. Se trata de un libro cuyas p\u00e1ginas esconden algo m\u00e1s que<br \/>\nuna narraci\u00f3n entretenida, que entrelaza elementos ficticios con<br \/>\nreales, mostrando una verdad que existe, aunque de manera clan-<br \/>\ndestina.<br \/>\nConocer las voces de quienes inspiraron esta historia invita a la<br \/>\nreflexi\u00f3n, con un trasfondo sobre lo que significa ser hombre o mu-<br \/>\njer, lo femenino y lo masculino, los estereotipos y roles de g\u00e9nero\u2026<br \/>\nEsta obra es un tributo a la diversidad humana, desafiando los con-<br \/>\nvencionalismos culturales que nos impiden ser fieles a nuestra pro-<br \/>\npia esencia, m\u00e1s all\u00e1 de las barreras de g\u00e9nero.<b><br \/>\n<\/b><\/p>\n","protected":false},"excerpt":{"rendered":"<p><b>ISBN: <\/b>9788410898721<\/p>\n<p><b>SINOPSIS<\/b><\/p>\n<p>Con esta novela emprender\u00e1s un viaje acompa\u00f1ando a Elisa, una<br \/>\njoven antrop\u00f3loga que descubre el diario secreto de su abuelo y<br \/>\ncomienza una aventura inesperada que la llevar\u00e1 a replantearse los<br \/>\nl\u00edmites de g\u00e9nero y hasta su propia identidad.<\/p>\n","protected":false},"featured_media":108128,"comment_status":"open","ping_status":"closed","template":"","meta":{"_acf_changed":false},"libro":[],"product_brand":[],"product_cat":[47],"product_tag":[],"class_list":{"0":"post-108127","1":"product","2":"type-product","3":"status-publish","4":"has-post-thumbnail","6":"product_cat-ciencia-ficcion-misterio","8":"first","9":"instock","10":"shipping-taxable","11":"product-type-simple"},"acf":{"autor":[108129],"enlace_de_compra":""},"yoast_head":"<!-- This site is optimized with the Yoast SEO plugin v27.4 - https:\/\/yoast.com\/product\/yoast-seo-wordpress\/ -->\n<title>Elisa y el diario secreto - Catalogo | Letrame Grupo Editorial<\/title>\n<meta name=\"robots\" content=\"index, follow, max-snippet:-1, max-image-preview:large, max-video-preview:-1\" \/>\n<link rel=\"canonical\" href=\"https:\/\/letrame.com\/catalogo\/producto\/elisa-y-el-diario-secreto\/\" \/>\n<meta property=\"og:locale\" content=\"es_ES\" \/>\n<meta property=\"og:type\" content=\"article\" \/>\n<meta property=\"og:title\" content=\"Elisa y el diario secreto - Catalogo | Letrame Grupo Editorial\" \/>\n<meta property=\"og:description\" content=\"ISBN: 9788410898721  SINOPSIS  Con esta novela emprender\u00e1s un viaje acompa\u00f1ando a Elisa, una joven antrop\u00f3loga que descubre el diario secreto de su abuelo y comienza una aventura inesperada que la llevar\u00e1 a replantearse los l\u00edmites de g\u00e9nero y hasta su propia identidad.\" \/>\n<meta property=\"og:url\" content=\"https:\/\/letrame.com\/catalogo\/producto\/elisa-y-el-diario-secreto\/\" \/>\n<meta property=\"og:site_name\" content=\"Catalogo | Letrame Grupo Editorial\" \/>\n<meta property=\"article:modified_time\" content=\"2025-03-11T08:59:43+00:00\" \/>\n<meta property=\"og:image\" content=\"https:\/\/letrame.com\/catalogo\/wp-content\/uploads\/2025\/03\/Elisa-y-el-diario-secreto.jpg\" \/>\n\t<meta property=\"og:image:width\" content=\"384\" \/>\n\t<meta property=\"og:image:height\" content=\"563\" \/>\n\t<meta property=\"og:image:type\" content=\"image\/jpeg\" \/>\n<meta name=\"twitter:card\" content=\"summary_large_image\" \/>\n<meta name=\"twitter:label1\" content=\"Tiempo de lectura\" \/>\n\t<meta name=\"twitter:data1\" content=\"2 minutos\" \/>\n<script type=\"application\/ld+json\" class=\"yoast-schema-graph\">{\"@context\":\"https:\\\/\\\/schema.org\",\"@graph\":[{\"@type\":\"WebPage\",\"@id\":\"https:\\\/\\\/letrame.com\\\/catalogo\\\/producto\\\/elisa-y-el-diario-secreto\\\/\",\"url\":\"https:\\\/\\\/letrame.com\\\/catalogo\\\/producto\\\/elisa-y-el-diario-secreto\\\/\",\"name\":\"Elisa y el diario secreto - Catalogo | Letrame Grupo Editorial\",\"isPartOf\":{\"@id\":\"https:\\\/\\\/letrame.com\\\/catalogo\\\/#website\"},\"primaryImageOfPage\":{\"@id\":\"https:\\\/\\\/letrame.com\\\/catalogo\\\/producto\\\/elisa-y-el-diario-secreto\\\/#primaryimage\"},\"image\":{\"@id\":\"https:\\\/\\\/letrame.com\\\/catalogo\\\/producto\\\/elisa-y-el-diario-secreto\\\/#primaryimage\"},\"thumbnailUrl\":\"https:\\\/\\\/letrame.com\\\/catalogo\\\/wp-content\\\/uploads\\\/2025\\\/03\\\/Elisa-y-el-diario-secreto.jpg\",\"datePublished\":\"2025-03-11T08:52:41+00:00\",\"dateModified\":\"2025-03-11T08:59:43+00:00\",\"breadcrumb\":{\"@id\":\"https:\\\/\\\/letrame.com\\\/catalogo\\\/producto\\\/elisa-y-el-diario-secreto\\\/#breadcrumb\"},\"inLanguage\":\"es\",\"potentialAction\":[{\"@type\":\"ReadAction\",\"target\":[\"https:\\\/\\\/letrame.com\\\/catalogo\\\/producto\\\/elisa-y-el-diario-secreto\\\/\"]}]},{\"@type\":\"ImageObject\",\"inLanguage\":\"es\",\"@id\":\"https:\\\/\\\/letrame.com\\\/catalogo\\\/producto\\\/elisa-y-el-diario-secreto\\\/#primaryimage\",\"url\":\"https:\\\/\\\/letrame.com\\\/catalogo\\\/wp-content\\\/uploads\\\/2025\\\/03\\\/Elisa-y-el-diario-secreto.jpg\",\"contentUrl\":\"https:\\\/\\\/letrame.com\\\/catalogo\\\/wp-content\\\/uploads\\\/2025\\\/03\\\/Elisa-y-el-diario-secreto.jpg\",\"width\":384,\"height\":563,\"caption\":\"Elisa y el diario secreto\"},{\"@type\":\"BreadcrumbList\",\"@id\":\"https:\\\/\\\/letrame.com\\\/catalogo\\\/producto\\\/elisa-y-el-diario-secreto\\\/#breadcrumb\",\"itemListElement\":[{\"@type\":\"ListItem\",\"position\":1,\"name\":\"Portada\",\"item\":\"https:\\\/\\\/letrame.com\\\/catalogo\\\/\"},{\"@type\":\"ListItem\",\"position\":2,\"name\":\"Cat\u00e1logo\",\"item\":\"https:\\\/\\\/letrame.com\\\/catalogo\\\/\"},{\"@type\":\"ListItem\",\"position\":3,\"name\":\"Elisa y el diario secreto\"}]},{\"@type\":\"WebSite\",\"@id\":\"https:\\\/\\\/letrame.com\\\/catalogo\\\/#website\",\"url\":\"https:\\\/\\\/letrame.com\\\/catalogo\\\/\",\"name\":\"Catalogo | Letrame Grupo Editorial\",\"description\":\"\",\"publisher\":{\"@id\":\"https:\\\/\\\/letrame.com\\\/catalogo\\\/#organization\"},\"potentialAction\":[{\"@type\":\"SearchAction\",\"target\":{\"@type\":\"EntryPoint\",\"urlTemplate\":\"https:\\\/\\\/letrame.com\\\/catalogo\\\/?s={search_term_string}\"},\"query-input\":{\"@type\":\"PropertyValueSpecification\",\"valueRequired\":true,\"valueName\":\"search_term_string\"}}],\"inLanguage\":\"es\"},{\"@type\":\"Organization\",\"@id\":\"https:\\\/\\\/letrame.com\\\/catalogo\\\/#organization\",\"name\":\"Catalogo | Letrame Grupo Editorial\",\"url\":\"https:\\\/\\\/letrame.com\\\/catalogo\\\/\",\"logo\":{\"@type\":\"ImageObject\",\"inLanguage\":\"es\",\"@id\":\"https:\\\/\\\/letrame.com\\\/catalogo\\\/#\\\/schema\\\/logo\\\/image\\\/\",\"url\":\"https:\\\/\\\/letrame.com\\\/catalogo\\\/wp-content\\\/uploads\\\/2024\\\/03\\\/logo2.webp\",\"contentUrl\":\"https:\\\/\\\/letrame.com\\\/catalogo\\\/wp-content\\\/uploads\\\/2024\\\/03\\\/logo2.webp\",\"width\":394,\"height\":128,\"caption\":\"Catalogo | Letrame Grupo Editorial\"},\"image\":{\"@id\":\"https:\\\/\\\/letrame.com\\\/catalogo\\\/#\\\/schema\\\/logo\\\/image\\\/\"}}]}<\/script>\n<!-- \/ Yoast SEO plugin. -->","yoast_head_json":{"title":"Elisa y el diario secreto - Catalogo | Letrame Grupo Editorial","robots":{"index":"index","follow":"follow","max-snippet":"max-snippet:-1","max-image-preview":"max-image-preview:large","max-video-preview":"max-video-preview:-1"},"canonical":"https:\/\/letrame.com\/catalogo\/producto\/elisa-y-el-diario-secreto\/","og_locale":"es_ES","og_type":"article","og_title":"Elisa y el diario secreto - Catalogo | Letrame Grupo Editorial","og_description":"ISBN: 9788410898721  SINOPSIS  Con esta novela emprender\u00e1s un viaje acompa\u00f1ando a Elisa, una joven antrop\u00f3loga que descubre el diario secreto de su abuelo y comienza una aventura inesperada que la llevar\u00e1 a replantearse los l\u00edmites de g\u00e9nero y hasta su propia identidad.","og_url":"https:\/\/letrame.com\/catalogo\/producto\/elisa-y-el-diario-secreto\/","og_site_name":"Catalogo | Letrame Grupo Editorial","article_modified_time":"2025-03-11T08:59:43+00:00","og_image":[{"width":384,"height":563,"url":"https:\/\/letrame.com\/catalogo\/wp-content\/uploads\/2025\/03\/Elisa-y-el-diario-secreto.jpg","type":"image\/jpeg"}],"twitter_card":"summary_large_image","twitter_misc":{"Tiempo de lectura":"2 minutos"},"schema":{"@context":"https:\/\/schema.org","@graph":[{"@type":"WebPage","@id":"https:\/\/letrame.com\/catalogo\/producto\/elisa-y-el-diario-secreto\/","url":"https:\/\/letrame.com\/catalogo\/producto\/elisa-y-el-diario-secreto\/","name":"Elisa y el diario secreto - Catalogo | Letrame Grupo Editorial","isPartOf":{"@id":"https:\/\/letrame.com\/catalogo\/#website"},"primaryImageOfPage":{"@id":"https:\/\/letrame.com\/catalogo\/producto\/elisa-y-el-diario-secreto\/#primaryimage"},"image":{"@id":"https:\/\/letrame.com\/catalogo\/producto\/elisa-y-el-diario-secreto\/#primaryimage"},"thumbnailUrl":"https:\/\/letrame.com\/catalogo\/wp-content\/uploads\/2025\/03\/Elisa-y-el-diario-secreto.jpg","datePublished":"2025-03-11T08:52:41+00:00","dateModified":"2025-03-11T08:59:43+00:00","breadcrumb":{"@id":"https:\/\/letrame.com\/catalogo\/producto\/elisa-y-el-diario-secreto\/#breadcrumb"},"inLanguage":"es","potentialAction":[{"@type":"ReadAction","target":["https:\/\/letrame.com\/catalogo\/producto\/elisa-y-el-diario-secreto\/"]}]},{"@type":"ImageObject","inLanguage":"es","@id":"https:\/\/letrame.com\/catalogo\/producto\/elisa-y-el-diario-secreto\/#primaryimage","url":"https:\/\/letrame.com\/catalogo\/wp-content\/uploads\/2025\/03\/Elisa-y-el-diario-secreto.jpg","contentUrl":"https:\/\/letrame.com\/catalogo\/wp-content\/uploads\/2025\/03\/Elisa-y-el-diario-secreto.jpg","width":384,"height":563,"caption":"Elisa y el diario secreto"},{"@type":"BreadcrumbList","@id":"https:\/\/letrame.com\/catalogo\/producto\/elisa-y-el-diario-secreto\/#breadcrumb","itemListElement":[{"@type":"ListItem","position":1,"name":"Portada","item":"https:\/\/letrame.com\/catalogo\/"},{"@type":"ListItem","position":2,"name":"Cat\u00e1logo","item":"https:\/\/letrame.com\/catalogo\/"},{"@type":"ListItem","position":3,"name":"Elisa y el diario secreto"}]},{"@type":"WebSite","@id":"https:\/\/letrame.com\/catalogo\/#website","url":"https:\/\/letrame.com\/catalogo\/","name":"Catalogo | Letrame Grupo Editorial","description":"","publisher":{"@id":"https:\/\/letrame.com\/catalogo\/#organization"},"potentialAction":[{"@type":"SearchAction","target":{"@type":"EntryPoint","urlTemplate":"https:\/\/letrame.com\/catalogo\/?s={search_term_string}"},"query-input":{"@type":"PropertyValueSpecification","valueRequired":true,"valueName":"search_term_string"}}],"inLanguage":"es"},{"@type":"Organization","@id":"https:\/\/letrame.com\/catalogo\/#organization","name":"Catalogo | Letrame Grupo Editorial","url":"https:\/\/letrame.com\/catalogo\/","logo":{"@type":"ImageObject","inLanguage":"es","@id":"https:\/\/letrame.com\/catalogo\/#\/schema\/logo\/image\/","url":"https:\/\/letrame.com\/catalogo\/wp-content\/uploads\/2024\/03\/logo2.webp","contentUrl":"https:\/\/letrame.com\/catalogo\/wp-content\/uploads\/2024\/03\/logo2.webp","width":394,"height":128,"caption":"Catalogo | Letrame Grupo Editorial"},"image":{"@id":"https:\/\/letrame.com\/catalogo\/#\/schema\/logo\/image\/"}}]}},"_links":{"self":[{"href":"https:\/\/letrame.com\/catalogo\/wp-json\/wp\/v2\/product\/108127","targetHints":{"allow":["GET"]}}],"collection":[{"href":"https:\/\/letrame.com\/catalogo\/wp-json\/wp\/v2\/product"}],"about":[{"href":"https:\/\/letrame.com\/catalogo\/wp-json\/wp\/v2\/types\/product"}],"replies":[{"embeddable":true,"href":"https:\/\/letrame.com\/catalogo\/wp-json\/wp\/v2\/comments?post=108127"}],"acf:post":[{"embeddable":true,"href":"https:\/\/letrame.com\/catalogo\/wp-json\/wp\/v2\/author_book\/108129"}],"wp:featuredmedia":[{"embeddable":true,"href":"https:\/\/letrame.com\/catalogo\/wp-json\/wp\/v2\/media\/108128"}],"wp:attachment":[{"href":"https:\/\/letrame.com\/catalogo\/wp-json\/wp\/v2\/media?parent=108127"}],"wp:term":[{"taxonomy":"libro","embeddable":true,"href":"https:\/\/letrame.com\/catalogo\/wp-json\/wp\/v2\/libro?post=108127"},{"taxonomy":"product_brand","embeddable":true,"href":"https:\/\/letrame.com\/catalogo\/wp-json\/wp\/v2\/product_brand?post=108127"},{"taxonomy":"product_cat","embeddable":true,"href":"https:\/\/letrame.com\/catalogo\/wp-json\/wp\/v2\/product_cat?post=108127"},{"taxonomy":"product_tag","embeddable":true,"href":"https:\/\/letrame.com\/catalogo\/wp-json\/wp\/v2\/product_tag?post=108127"}],"curies":[{"name":"wp","href":"https:\/\/api.w.org\/{rel}","templated":true}]}}