{"id":108116,"date":"2025-03-10T11:56:11","date_gmt":"2025-03-10T10:56:11","guid":{"rendered":"https:\/\/letrame.com\/catalogo\/?post_type=product&#038;p=108116"},"modified":"2025-03-10T11:58:42","modified_gmt":"2025-03-10T10:58:42","slug":"metanoia","status":"publish","type":"product","link":"https:\/\/letrame.com\/catalogo\/producto\/metanoia\/","title":{"rendered":"Metanoia"},"content":{"rendered":"<p class=\"p1\"><b>ISBN: <\/b>9788410890619<\/p>\n<p class=\"p1\"><b>T\u00edtulo: <\/b>Metanoia<b><\/b><\/p>\n<p><strong>Fecha<\/strong>: 2025<b><\/b><\/p>\n<p><strong>P\u00e1ginas<\/strong>: 94<\/p>\n<p class=\"p1\"><b>SINOPSIS<\/b><\/p>\n<p>Metanoia es un viaje hacia la transformaci\u00f3n personal, donde Su-<br \/>\nnilda Bonet Muntaner nos gu\u00eda a trav\u00e9s de un proceso profundo<br \/>\ny desgarrador de cambio, invit\u00e1ndonos a romper con las cadenas<br \/>\ndel pasado y a enfrentar nuestras sombras m\u00e1s oscuras.<br \/>\nA trav\u00e9s de experiencias personales y reflexiones \u00edntimas, Sunilda<br \/>\nnos muestra c\u00f3mo el dolor puede ser una herramienta poderosa<br \/>\npara la sanaci\u00f3n y la reconstrucci\u00f3n del ser, y c\u00f3mo la vulnerabili-<br \/>\ndad, cuando es bien gestionada, se convierte en la llave hacia una<br \/>\nnueva versi\u00f3n de uno mismo.<\/p>\n<p>Este libro es un canto a la resiliencia, una oda a la fuerza interior<br \/>\nque todos poseemos pero que, a menudo, desconocemos. Sunilda<br \/>\nnos ense\u00f1a que el crecimiento personal no es lineal ni sencillo,<br \/>\nsino un recorrido lleno de retos, ca\u00eddas y renacimientos.<br \/>\nMetanoia es una gu\u00eda hacia la sanaci\u00f3n y una invitaci\u00f3n a abrazar<br \/>\nel caos, a encontrar la luz en la oscuridad y a vivir con una cons-<br \/>\nciencia renovada. Entre estas p\u00e1ginas, la autora nos recuerda que,<br \/>\naunque el camino sea doloroso, siempre vale la pena luchar por<br \/>\nnuestra verdadera esencia, y nos inspira a no rendirnos nunca en<br \/>\nla b\u00fasqueda de nuestra mejor versi\u00f3n.<b><br \/>\n<\/b><\/p>\n","protected":false},"excerpt":{"rendered":"<p><b>ISBN: <\/b>9788410890619<b><\/b><\/p>\n<p><strong>SINOPSIS<\/strong><\/p>\n<p>Metanoia es un viaje hacia la transformaci\u00f3n personal, donde Su-<br \/>\nnilda Bonet Muntaner nos gu\u00eda a trav\u00e9s de un proceso profundo<br \/>\ny desgarrador de cambio, invit\u00e1ndonos a romper con las cadenas<br \/>\ndel pasado y a enfrentar nuestras sombras m\u00e1s oscuras.<br \/>\nA trav\u00e9s de experiencias personales y reflexiones \u00edntimas, Sunilda<br \/>\nnos muestra c\u00f3mo el dolor puede ser una herramienta poderosa<br \/>\npara la sanaci\u00f3n y la reconstrucci\u00f3n del ser, y c\u00f3mo la vulnerabili-<br \/>\ndad, cuando es bien gestionada, se convierte en la llave hacia una<br \/>\nnueva versi\u00f3n de uno mismo.<\/p>\n","protected":false},"featured_media":108118,"comment_status":"open","ping_status":"closed","template":"","meta":{"_acf_changed":false},"libro":[],"product_brand":[],"product_cat":[18],"product_tag":[],"class_list":{"0":"post-108116","1":"product","2":"type-product","3":"status-publish","4":"has-post-thumbnail","6":"product_cat-autoayuda","8":"first","9":"instock","10":"shipping-taxable","11":"product-type-simple"},"acf":{"autor":[108117],"enlace_de_compra":""},"yoast_head":"<!-- This site is optimized with the Yoast SEO plugin v27.4 - https:\/\/yoast.com\/product\/yoast-seo-wordpress\/ -->\n<title>Metanoia - Catalogo | Letrame Grupo Editorial<\/title>\n<meta name=\"robots\" content=\"index, follow, max-snippet:-1, max-image-preview:large, max-video-preview:-1\" \/>\n<link rel=\"canonical\" href=\"https:\/\/letrame.com\/catalogo\/producto\/metanoia\/\" \/>\n<meta property=\"og:locale\" content=\"es_ES\" \/>\n<meta property=\"og:type\" content=\"article\" \/>\n<meta property=\"og:title\" content=\"Metanoia - Catalogo | Letrame Grupo Editorial\" \/>\n<meta property=\"og:description\" content=\"ISBN: 9788410890619  SINOPSIS  Metanoia es un viaje hacia la transformaci\u00f3n personal, donde Su- nilda Bonet Muntaner nos gu\u00eda a trav\u00e9s de un proceso profundo y desgarrador de cambio, invit\u00e1ndonos a romper con las cadenas del pasado y a enfrentar nuestras sombras m\u00e1s oscuras. A trav\u00e9s de experiencias personales y reflexiones \u00edntimas, Sunilda nos muestra c\u00f3mo el dolor puede ser una herramienta poderosa para la sanaci\u00f3n y la reconstrucci\u00f3n del ser, y c\u00f3mo la vulnerabili- dad, cuando es bien gestionada, se convierte en la llave hacia una nueva versi\u00f3n de uno mismo.\" \/>\n<meta property=\"og:url\" content=\"https:\/\/letrame.com\/catalogo\/producto\/metanoia\/\" \/>\n<meta property=\"og:site_name\" content=\"Catalogo | Letrame Grupo Editorial\" \/>\n<meta property=\"article:modified_time\" content=\"2025-03-10T10:58:42+00:00\" \/>\n<meta property=\"og:image\" content=\"https:\/\/letrame.com\/catalogo\/wp-content\/uploads\/2025\/03\/Metanoia.jpg\" \/>\n\t<meta property=\"og:image:width\" content=\"425\" \/>\n\t<meta property=\"og:image:height\" content=\"595\" \/>\n\t<meta property=\"og:image:type\" content=\"image\/jpeg\" \/>\n<meta name=\"twitter:card\" content=\"summary_large_image\" \/>\n<meta name=\"twitter:label1\" content=\"Tiempo de lectura\" \/>\n\t<meta name=\"twitter:data1\" content=\"2 minutos\" \/>\n<script type=\"application\/ld+json\" class=\"yoast-schema-graph\">{\"@context\":\"https:\\\/\\\/schema.org\",\"@graph\":[{\"@type\":\"WebPage\",\"@id\":\"https:\\\/\\\/letrame.com\\\/catalogo\\\/producto\\\/metanoia\\\/\",\"url\":\"https:\\\/\\\/letrame.com\\\/catalogo\\\/producto\\\/metanoia\\\/\",\"name\":\"Metanoia - Catalogo | Letrame Grupo Editorial\",\"isPartOf\":{\"@id\":\"https:\\\/\\\/letrame.com\\\/catalogo\\\/#website\"},\"primaryImageOfPage\":{\"@id\":\"https:\\\/\\\/letrame.com\\\/catalogo\\\/producto\\\/metanoia\\\/#primaryimage\"},\"image\":{\"@id\":\"https:\\\/\\\/letrame.com\\\/catalogo\\\/producto\\\/metanoia\\\/#primaryimage\"},\"thumbnailUrl\":\"https:\\\/\\\/letrame.com\\\/catalogo\\\/wp-content\\\/uploads\\\/2025\\\/03\\\/Metanoia.jpg\",\"datePublished\":\"2025-03-10T10:56:11+00:00\",\"dateModified\":\"2025-03-10T10:58:42+00:00\",\"breadcrumb\":{\"@id\":\"https:\\\/\\\/letrame.com\\\/catalogo\\\/producto\\\/metanoia\\\/#breadcrumb\"},\"inLanguage\":\"es\",\"potentialAction\":[{\"@type\":\"ReadAction\",\"target\":[\"https:\\\/\\\/letrame.com\\\/catalogo\\\/producto\\\/metanoia\\\/\"]}]},{\"@type\":\"ImageObject\",\"inLanguage\":\"es\",\"@id\":\"https:\\\/\\\/letrame.com\\\/catalogo\\\/producto\\\/metanoia\\\/#primaryimage\",\"url\":\"https:\\\/\\\/letrame.com\\\/catalogo\\\/wp-content\\\/uploads\\\/2025\\\/03\\\/Metanoia.jpg\",\"contentUrl\":\"https:\\\/\\\/letrame.com\\\/catalogo\\\/wp-content\\\/uploads\\\/2025\\\/03\\\/Metanoia.jpg\",\"width\":425,\"height\":595,\"caption\":\"Metanoia\"},{\"@type\":\"BreadcrumbList\",\"@id\":\"https:\\\/\\\/letrame.com\\\/catalogo\\\/producto\\\/metanoia\\\/#breadcrumb\",\"itemListElement\":[{\"@type\":\"ListItem\",\"position\":1,\"name\":\"Portada\",\"item\":\"https:\\\/\\\/letrame.com\\\/catalogo\\\/\"},{\"@type\":\"ListItem\",\"position\":2,\"name\":\"Cat\u00e1logo\",\"item\":\"https:\\\/\\\/letrame.com\\\/catalogo\\\/\"},{\"@type\":\"ListItem\",\"position\":3,\"name\":\"Metanoia\"}]},{\"@type\":\"WebSite\",\"@id\":\"https:\\\/\\\/letrame.com\\\/catalogo\\\/#website\",\"url\":\"https:\\\/\\\/letrame.com\\\/catalogo\\\/\",\"name\":\"Catalogo | Letrame Grupo Editorial\",\"description\":\"\",\"publisher\":{\"@id\":\"https:\\\/\\\/letrame.com\\\/catalogo\\\/#organization\"},\"potentialAction\":[{\"@type\":\"SearchAction\",\"target\":{\"@type\":\"EntryPoint\",\"urlTemplate\":\"https:\\\/\\\/letrame.com\\\/catalogo\\\/?s={search_term_string}\"},\"query-input\":{\"@type\":\"PropertyValueSpecification\",\"valueRequired\":true,\"valueName\":\"search_term_string\"}}],\"inLanguage\":\"es\"},{\"@type\":\"Organization\",\"@id\":\"https:\\\/\\\/letrame.com\\\/catalogo\\\/#organization\",\"name\":\"Catalogo | Letrame Grupo Editorial\",\"url\":\"https:\\\/\\\/letrame.com\\\/catalogo\\\/\",\"logo\":{\"@type\":\"ImageObject\",\"inLanguage\":\"es\",\"@id\":\"https:\\\/\\\/letrame.com\\\/catalogo\\\/#\\\/schema\\\/logo\\\/image\\\/\",\"url\":\"https:\\\/\\\/letrame.com\\\/catalogo\\\/wp-content\\\/uploads\\\/2024\\\/03\\\/logo2.webp\",\"contentUrl\":\"https:\\\/\\\/letrame.com\\\/catalogo\\\/wp-content\\\/uploads\\\/2024\\\/03\\\/logo2.webp\",\"width\":394,\"height\":128,\"caption\":\"Catalogo | Letrame Grupo Editorial\"},\"image\":{\"@id\":\"https:\\\/\\\/letrame.com\\\/catalogo\\\/#\\\/schema\\\/logo\\\/image\\\/\"}}]}<\/script>\n<!-- \/ Yoast SEO plugin. -->","yoast_head_json":{"title":"Metanoia - Catalogo | Letrame Grupo Editorial","robots":{"index":"index","follow":"follow","max-snippet":"max-snippet:-1","max-image-preview":"max-image-preview:large","max-video-preview":"max-video-preview:-1"},"canonical":"https:\/\/letrame.com\/catalogo\/producto\/metanoia\/","og_locale":"es_ES","og_type":"article","og_title":"Metanoia - Catalogo | Letrame Grupo Editorial","og_description":"ISBN: 9788410890619  SINOPSIS  Metanoia es un viaje hacia la transformaci\u00f3n personal, donde Su- nilda Bonet Muntaner nos gu\u00eda a trav\u00e9s de un proceso profundo y desgarrador de cambio, invit\u00e1ndonos a romper con las cadenas del pasado y a enfrentar nuestras sombras m\u00e1s oscuras. A trav\u00e9s de experiencias personales y reflexiones \u00edntimas, Sunilda nos muestra c\u00f3mo el dolor puede ser una herramienta poderosa para la sanaci\u00f3n y la reconstrucci\u00f3n del ser, y c\u00f3mo la vulnerabili- dad, cuando es bien gestionada, se convierte en la llave hacia una nueva versi\u00f3n de uno mismo.","og_url":"https:\/\/letrame.com\/catalogo\/producto\/metanoia\/","og_site_name":"Catalogo | Letrame Grupo Editorial","article_modified_time":"2025-03-10T10:58:42+00:00","og_image":[{"width":425,"height":595,"url":"https:\/\/letrame.com\/catalogo\/wp-content\/uploads\/2025\/03\/Metanoia.jpg","type":"image\/jpeg"}],"twitter_card":"summary_large_image","twitter_misc":{"Tiempo de lectura":"2 minutos"},"schema":{"@context":"https:\/\/schema.org","@graph":[{"@type":"WebPage","@id":"https:\/\/letrame.com\/catalogo\/producto\/metanoia\/","url":"https:\/\/letrame.com\/catalogo\/producto\/metanoia\/","name":"Metanoia - Catalogo | Letrame Grupo Editorial","isPartOf":{"@id":"https:\/\/letrame.com\/catalogo\/#website"},"primaryImageOfPage":{"@id":"https:\/\/letrame.com\/catalogo\/producto\/metanoia\/#primaryimage"},"image":{"@id":"https:\/\/letrame.com\/catalogo\/producto\/metanoia\/#primaryimage"},"thumbnailUrl":"https:\/\/letrame.com\/catalogo\/wp-content\/uploads\/2025\/03\/Metanoia.jpg","datePublished":"2025-03-10T10:56:11+00:00","dateModified":"2025-03-10T10:58:42+00:00","breadcrumb":{"@id":"https:\/\/letrame.com\/catalogo\/producto\/metanoia\/#breadcrumb"},"inLanguage":"es","potentialAction":[{"@type":"ReadAction","target":["https:\/\/letrame.com\/catalogo\/producto\/metanoia\/"]}]},{"@type":"ImageObject","inLanguage":"es","@id":"https:\/\/letrame.com\/catalogo\/producto\/metanoia\/#primaryimage","url":"https:\/\/letrame.com\/catalogo\/wp-content\/uploads\/2025\/03\/Metanoia.jpg","contentUrl":"https:\/\/letrame.com\/catalogo\/wp-content\/uploads\/2025\/03\/Metanoia.jpg","width":425,"height":595,"caption":"Metanoia"},{"@type":"BreadcrumbList","@id":"https:\/\/letrame.com\/catalogo\/producto\/metanoia\/#breadcrumb","itemListElement":[{"@type":"ListItem","position":1,"name":"Portada","item":"https:\/\/letrame.com\/catalogo\/"},{"@type":"ListItem","position":2,"name":"Cat\u00e1logo","item":"https:\/\/letrame.com\/catalogo\/"},{"@type":"ListItem","position":3,"name":"Metanoia"}]},{"@type":"WebSite","@id":"https:\/\/letrame.com\/catalogo\/#website","url":"https:\/\/letrame.com\/catalogo\/","name":"Catalogo | Letrame Grupo Editorial","description":"","publisher":{"@id":"https:\/\/letrame.com\/catalogo\/#organization"},"potentialAction":[{"@type":"SearchAction","target":{"@type":"EntryPoint","urlTemplate":"https:\/\/letrame.com\/catalogo\/?s={search_term_string}"},"query-input":{"@type":"PropertyValueSpecification","valueRequired":true,"valueName":"search_term_string"}}],"inLanguage":"es"},{"@type":"Organization","@id":"https:\/\/letrame.com\/catalogo\/#organization","name":"Catalogo | Letrame Grupo Editorial","url":"https:\/\/letrame.com\/catalogo\/","logo":{"@type":"ImageObject","inLanguage":"es","@id":"https:\/\/letrame.com\/catalogo\/#\/schema\/logo\/image\/","url":"https:\/\/letrame.com\/catalogo\/wp-content\/uploads\/2024\/03\/logo2.webp","contentUrl":"https:\/\/letrame.com\/catalogo\/wp-content\/uploads\/2024\/03\/logo2.webp","width":394,"height":128,"caption":"Catalogo | Letrame Grupo Editorial"},"image":{"@id":"https:\/\/letrame.com\/catalogo\/#\/schema\/logo\/image\/"}}]}},"_links":{"self":[{"href":"https:\/\/letrame.com\/catalogo\/wp-json\/wp\/v2\/product\/108116","targetHints":{"allow":["GET"]}}],"collection":[{"href":"https:\/\/letrame.com\/catalogo\/wp-json\/wp\/v2\/product"}],"about":[{"href":"https:\/\/letrame.com\/catalogo\/wp-json\/wp\/v2\/types\/product"}],"replies":[{"embeddable":true,"href":"https:\/\/letrame.com\/catalogo\/wp-json\/wp\/v2\/comments?post=108116"}],"acf:post":[{"embeddable":true,"href":"https:\/\/letrame.com\/catalogo\/wp-json\/wp\/v2\/author_book\/108117"}],"wp:featuredmedia":[{"embeddable":true,"href":"https:\/\/letrame.com\/catalogo\/wp-json\/wp\/v2\/media\/108118"}],"wp:attachment":[{"href":"https:\/\/letrame.com\/catalogo\/wp-json\/wp\/v2\/media?parent=108116"}],"wp:term":[{"taxonomy":"libro","embeddable":true,"href":"https:\/\/letrame.com\/catalogo\/wp-json\/wp\/v2\/libro?post=108116"},{"taxonomy":"product_brand","embeddable":true,"href":"https:\/\/letrame.com\/catalogo\/wp-json\/wp\/v2\/product_brand?post=108116"},{"taxonomy":"product_cat","embeddable":true,"href":"https:\/\/letrame.com\/catalogo\/wp-json\/wp\/v2\/product_cat?post=108116"},{"taxonomy":"product_tag","embeddable":true,"href":"https:\/\/letrame.com\/catalogo\/wp-json\/wp\/v2\/product_tag?post=108116"}],"curies":[{"name":"wp","href":"https:\/\/api.w.org\/{rel}","templated":true}]}}