{"id":108106,"date":"2025-03-06T15:31:42","date_gmt":"2025-03-06T14:31:42","guid":{"rendered":"https:\/\/letrame.com\/catalogo\/?post_type=product&#038;p=108106"},"modified":"2025-04-09T08:49:21","modified_gmt":"2025-04-09T06:49:21","slug":"el-sendero-dorado","status":"publish","type":"product","link":"https:\/\/letrame.com\/catalogo\/producto\/el-sendero-dorado\/","title":{"rendered":"El sendero dorado"},"content":{"rendered":"<p class=\"p1\"><b>ISBN: <\/b>9788410898301<\/p>\n<p class=\"p1\"><b>T\u00edtulo: <\/b>El sendero dorado. Atrayendo la riqueza a tu vida<br \/>\n<b><br \/>\n<\/b><b>Fecha: <\/b>2025<\/p>\n<p><strong>P\u00e1ginas<\/strong>: 252<\/p>\n<p class=\"p1\"><b>SINOPSIS<\/b><\/p>\n<p>El sendero dorado nos lleva a un fascinante viaje donde lo visible y<br \/>\nlo invisible se entrelazan, y el protagonista descubre que los l\u00edmites<br \/>\nde la realidad son m\u00e1s maleables de lo que jam\u00e1s imagin\u00f3. En un<br \/>\nmundo donde la codicia y la desconexi\u00f3n parecen dominar, esta<br \/>\nhistoria nos invita a explorar las capacidades innatas del ser huma-<br \/>\nno para manifestar sus sue\u00f1os y deseos m\u00e1s profundos. A trav\u00e9s de<br \/>\nencuentros multidimensionales y experiencias transformadoras, el<br \/>\nprotagonista desvela habilidades ocultas, como perlas que emergen<br \/>\na lo largo de su camino, cambiando radicalmente su percepci\u00f3n de<br \/>\nla realidad.<\/p>\n<p>Estas habilidades no solo le permiten tomar control de<br \/>\nsu destino, sino que tambi\u00e9n iluminan el potencial latente en cada<br \/>\nser humano: la capacidad de crear, moldear y transformar su vida<br \/>\ndesde un poder interno. La narrativa entrelaza paisajes m\u00e1gicos con<br \/>\nense\u00f1anzas profundas, invitando al lector a emprender un viaje<br \/>\npersonal mientras aprende junto al protagonista a desarrollar esas<br \/>\nmismas capacidades. M\u00e1s all\u00e1 de una simple aventura, El sendero<br \/>\ndorado es una gu\u00eda velada que transforma la experiencia de lectura<br \/>\nen un m\u00e9todo para despertar y desarrollar las habilidades creativas<br \/>\nque yacen dormidas en nosotros.<\/p>\n<p>Perfecta para aquellos que buscan una lectura que combine acci\u00f3n,<br \/>\nreflexi\u00f3n y herramientas pr\u00e1cticas para el crecimiento personal, esta<br \/>\nnovela ofrece no solo entretenimiento, sino una llave hacia una<br \/>\nvida m\u00e1s consciente, rica y plena. Con cada p\u00e1gina, se despliega<br \/>\nun sendero que promete transformar tanto al protagonista como al<br \/>\nlector, revelando el verdadero poder de tomar el control de nues-<br \/>\ntros destinos.<b><br \/>\n<\/b><\/p>\n","protected":false},"excerpt":{"rendered":"<p><b>ISBN: <\/b>9788410898301<br \/>\n<b><br \/>\nSINOPSIS<\/b><\/p>\n<p>El sendero dorado nos lleva a un fascinante viaje donde lo visible y<br \/>\nlo invisible se entrelazan, y el protagonista descubre que los l\u00edmites<br \/>\nde la realidad son m\u00e1s maleables de lo que jam\u00e1s imagin\u00f3. En un<br \/>\nmundo donde la codicia y la desconexi\u00f3n parecen dominar, esta<br \/>\nhistoria nos invita a explorar las capacidades innatas del ser huma-<br \/>\nno para manifestar sus sue\u00f1os y deseos m\u00e1s profundos. A trav\u00e9s de<br \/>\nencuentros multidimensionales y experiencias transformadoras, el<br \/>\nprotagonista desvela habilidades ocultas, como perlas que emergen<br \/>\na lo largo de su camino, cambiando radicalmente su percepci\u00f3n de<br \/>\nla realidad.<\/p>\n","protected":false},"featured_media":108110,"comment_status":"open","ping_status":"closed","template":"","meta":{"_acf_changed":false},"libro":[],"product_brand":[],"product_cat":[18],"product_tag":[],"class_list":{"0":"post-108106","1":"product","2":"type-product","3":"status-publish","4":"has-post-thumbnail","6":"product_cat-autoayuda","8":"first","9":"instock","10":"shipping-taxable","11":"product-type-simple"},"acf":{"autor":[108108],"enlace_de_compra":"https:\/\/www.amazon.es\/dp\/8410898306"},"yoast_head":"<!-- This site is optimized with the Yoast SEO plugin v26.6 - https:\/\/yoast.com\/wordpress\/plugins\/seo\/ -->\n<title>El sendero dorado - Catalogo | Letrame Grupo Editorial<\/title>\n<meta name=\"robots\" content=\"index, follow, max-snippet:-1, max-image-preview:large, max-video-preview:-1\" \/>\n<link rel=\"canonical\" href=\"https:\/\/letrame.com\/catalogo\/producto\/el-sendero-dorado\/\" \/>\n<meta property=\"og:locale\" content=\"es_ES\" \/>\n<meta property=\"og:type\" content=\"article\" \/>\n<meta property=\"og:title\" content=\"El sendero dorado - Catalogo | Letrame Grupo Editorial\" \/>\n<meta property=\"og:description\" content=\"ISBN: 9788410898301  SINOPSIS  El sendero dorado nos lleva a un fascinante viaje donde lo visible y lo invisible se entrelazan, y el protagonista descubre que los l\u00edmites de la realidad son m\u00e1s maleables de lo que jam\u00e1s imagin\u00f3. En un mundo donde la codicia y la desconexi\u00f3n parecen dominar, esta historia nos invita a explorar las capacidades innatas del ser huma- no para manifestar sus sue\u00f1os y deseos m\u00e1s profundos. A trav\u00e9s de encuentros multidimensionales y experiencias transformadoras, el protagonista desvela habilidades ocultas, como perlas que emergen a lo largo de su camino, cambiando radicalmente su percepci\u00f3n de la realidad.\" \/>\n<meta property=\"og:url\" content=\"https:\/\/letrame.com\/catalogo\/producto\/el-sendero-dorado\/\" \/>\n<meta property=\"og:site_name\" content=\"Catalogo | Letrame Grupo Editorial\" \/>\n<meta property=\"article:modified_time\" content=\"2025-04-09T06:49:21+00:00\" \/>\n<meta property=\"og:image\" content=\"https:\/\/letrame.com\/catalogo\/wp-content\/uploads\/2025\/03\/elsenderodorado_1269mm4.jpg\" \/>\n\t<meta property=\"og:image:width\" content=\"402\" \/>\n\t<meta property=\"og:image:height\" content=\"589\" \/>\n\t<meta property=\"og:image:type\" content=\"image\/jpeg\" \/>\n<meta name=\"twitter:card\" content=\"summary_large_image\" \/>\n<meta name=\"twitter:label1\" content=\"Tiempo de lectura\" \/>\n\t<meta name=\"twitter:data1\" content=\"2 minutos\" \/>\n<script type=\"application\/ld+json\" class=\"yoast-schema-graph\">{\"@context\":\"https:\/\/schema.org\",\"@graph\":[{\"@type\":\"WebPage\",\"@id\":\"https:\/\/letrame.com\/catalogo\/producto\/el-sendero-dorado\/\",\"url\":\"https:\/\/letrame.com\/catalogo\/producto\/el-sendero-dorado\/\",\"name\":\"El sendero dorado - Catalogo | Letrame Grupo Editorial\",\"isPartOf\":{\"@id\":\"https:\/\/letrame.com\/catalogo\/#website\"},\"primaryImageOfPage\":{\"@id\":\"https:\/\/letrame.com\/catalogo\/producto\/el-sendero-dorado\/#primaryimage\"},\"image\":{\"@id\":\"https:\/\/letrame.com\/catalogo\/producto\/el-sendero-dorado\/#primaryimage\"},\"thumbnailUrl\":\"https:\/\/letrame.com\/catalogo\/wp-content\/uploads\/2025\/03\/elsenderodorado_1269mm4.jpg\",\"datePublished\":\"2025-03-06T14:31:42+00:00\",\"dateModified\":\"2025-04-09T06:49:21+00:00\",\"breadcrumb\":{\"@id\":\"https:\/\/letrame.com\/catalogo\/producto\/el-sendero-dorado\/#breadcrumb\"},\"inLanguage\":\"es\",\"potentialAction\":[{\"@type\":\"ReadAction\",\"target\":[\"https:\/\/letrame.com\/catalogo\/producto\/el-sendero-dorado\/\"]}]},{\"@type\":\"ImageObject\",\"inLanguage\":\"es\",\"@id\":\"https:\/\/letrame.com\/catalogo\/producto\/el-sendero-dorado\/#primaryimage\",\"url\":\"https:\/\/letrame.com\/catalogo\/wp-content\/uploads\/2025\/03\/elsenderodorado_1269mm4.jpg\",\"contentUrl\":\"https:\/\/letrame.com\/catalogo\/wp-content\/uploads\/2025\/03\/elsenderodorado_1269mm4.jpg\",\"width\":402,\"height\":589,\"caption\":\"El sendero dorado\"},{\"@type\":\"BreadcrumbList\",\"@id\":\"https:\/\/letrame.com\/catalogo\/producto\/el-sendero-dorado\/#breadcrumb\",\"itemListElement\":[{\"@type\":\"ListItem\",\"position\":1,\"name\":\"Portada\",\"item\":\"https:\/\/letrame.com\/catalogo\/\"},{\"@type\":\"ListItem\",\"position\":2,\"name\":\"Cat\u00e1logo\",\"item\":\"https:\/\/letrame.com\/catalogo\/\"},{\"@type\":\"ListItem\",\"position\":3,\"name\":\"El sendero dorado\"}]},{\"@type\":\"WebSite\",\"@id\":\"https:\/\/letrame.com\/catalogo\/#website\",\"url\":\"https:\/\/letrame.com\/catalogo\/\",\"name\":\"Catalogo | Letrame Grupo Editorial\",\"description\":\"\",\"publisher\":{\"@id\":\"https:\/\/letrame.com\/catalogo\/#organization\"},\"potentialAction\":[{\"@type\":\"SearchAction\",\"target\":{\"@type\":\"EntryPoint\",\"urlTemplate\":\"https:\/\/letrame.com\/catalogo\/?s={search_term_string}\"},\"query-input\":{\"@type\":\"PropertyValueSpecification\",\"valueRequired\":true,\"valueName\":\"search_term_string\"}}],\"inLanguage\":\"es\"},{\"@type\":\"Organization\",\"@id\":\"https:\/\/letrame.com\/catalogo\/#organization\",\"name\":\"Catalogo | Letrame Grupo Editorial\",\"url\":\"https:\/\/letrame.com\/catalogo\/\",\"logo\":{\"@type\":\"ImageObject\",\"inLanguage\":\"es\",\"@id\":\"https:\/\/letrame.com\/catalogo\/#\/schema\/logo\/image\/\",\"url\":\"https:\/\/letrame.com\/catalogo\/wp-content\/uploads\/2024\/03\/logo2.webp\",\"contentUrl\":\"https:\/\/letrame.com\/catalogo\/wp-content\/uploads\/2024\/03\/logo2.webp\",\"width\":394,\"height\":128,\"caption\":\"Catalogo | Letrame Grupo Editorial\"},\"image\":{\"@id\":\"https:\/\/letrame.com\/catalogo\/#\/schema\/logo\/image\/\"}}]}<\/script>\n<!-- \/ Yoast SEO plugin. -->","yoast_head_json":{"title":"El sendero dorado - Catalogo | Letrame Grupo Editorial","robots":{"index":"index","follow":"follow","max-snippet":"max-snippet:-1","max-image-preview":"max-image-preview:large","max-video-preview":"max-video-preview:-1"},"canonical":"https:\/\/letrame.com\/catalogo\/producto\/el-sendero-dorado\/","og_locale":"es_ES","og_type":"article","og_title":"El sendero dorado - Catalogo | Letrame Grupo Editorial","og_description":"ISBN: 9788410898301  SINOPSIS  El sendero dorado nos lleva a un fascinante viaje donde lo visible y lo invisible se entrelazan, y el protagonista descubre que los l\u00edmites de la realidad son m\u00e1s maleables de lo que jam\u00e1s imagin\u00f3. En un mundo donde la codicia y la desconexi\u00f3n parecen dominar, esta historia nos invita a explorar las capacidades innatas del ser huma- no para manifestar sus sue\u00f1os y deseos m\u00e1s profundos. A trav\u00e9s de encuentros multidimensionales y experiencias transformadoras, el protagonista desvela habilidades ocultas, como perlas que emergen a lo largo de su camino, cambiando radicalmente su percepci\u00f3n de la realidad.","og_url":"https:\/\/letrame.com\/catalogo\/producto\/el-sendero-dorado\/","og_site_name":"Catalogo | Letrame Grupo Editorial","article_modified_time":"2025-04-09T06:49:21+00:00","og_image":[{"width":402,"height":589,"url":"https:\/\/letrame.com\/catalogo\/wp-content\/uploads\/2025\/03\/elsenderodorado_1269mm4.jpg","type":"image\/jpeg"}],"twitter_card":"summary_large_image","twitter_misc":{"Tiempo de lectura":"2 minutos"},"schema":{"@context":"https:\/\/schema.org","@graph":[{"@type":"WebPage","@id":"https:\/\/letrame.com\/catalogo\/producto\/el-sendero-dorado\/","url":"https:\/\/letrame.com\/catalogo\/producto\/el-sendero-dorado\/","name":"El sendero dorado - Catalogo | Letrame Grupo Editorial","isPartOf":{"@id":"https:\/\/letrame.com\/catalogo\/#website"},"primaryImageOfPage":{"@id":"https:\/\/letrame.com\/catalogo\/producto\/el-sendero-dorado\/#primaryimage"},"image":{"@id":"https:\/\/letrame.com\/catalogo\/producto\/el-sendero-dorado\/#primaryimage"},"thumbnailUrl":"https:\/\/letrame.com\/catalogo\/wp-content\/uploads\/2025\/03\/elsenderodorado_1269mm4.jpg","datePublished":"2025-03-06T14:31:42+00:00","dateModified":"2025-04-09T06:49:21+00:00","breadcrumb":{"@id":"https:\/\/letrame.com\/catalogo\/producto\/el-sendero-dorado\/#breadcrumb"},"inLanguage":"es","potentialAction":[{"@type":"ReadAction","target":["https:\/\/letrame.com\/catalogo\/producto\/el-sendero-dorado\/"]}]},{"@type":"ImageObject","inLanguage":"es","@id":"https:\/\/letrame.com\/catalogo\/producto\/el-sendero-dorado\/#primaryimage","url":"https:\/\/letrame.com\/catalogo\/wp-content\/uploads\/2025\/03\/elsenderodorado_1269mm4.jpg","contentUrl":"https:\/\/letrame.com\/catalogo\/wp-content\/uploads\/2025\/03\/elsenderodorado_1269mm4.jpg","width":402,"height":589,"caption":"El sendero dorado"},{"@type":"BreadcrumbList","@id":"https:\/\/letrame.com\/catalogo\/producto\/el-sendero-dorado\/#breadcrumb","itemListElement":[{"@type":"ListItem","position":1,"name":"Portada","item":"https:\/\/letrame.com\/catalogo\/"},{"@type":"ListItem","position":2,"name":"Cat\u00e1logo","item":"https:\/\/letrame.com\/catalogo\/"},{"@type":"ListItem","position":3,"name":"El sendero dorado"}]},{"@type":"WebSite","@id":"https:\/\/letrame.com\/catalogo\/#website","url":"https:\/\/letrame.com\/catalogo\/","name":"Catalogo | Letrame Grupo Editorial","description":"","publisher":{"@id":"https:\/\/letrame.com\/catalogo\/#organization"},"potentialAction":[{"@type":"SearchAction","target":{"@type":"EntryPoint","urlTemplate":"https:\/\/letrame.com\/catalogo\/?s={search_term_string}"},"query-input":{"@type":"PropertyValueSpecification","valueRequired":true,"valueName":"search_term_string"}}],"inLanguage":"es"},{"@type":"Organization","@id":"https:\/\/letrame.com\/catalogo\/#organization","name":"Catalogo | Letrame Grupo Editorial","url":"https:\/\/letrame.com\/catalogo\/","logo":{"@type":"ImageObject","inLanguage":"es","@id":"https:\/\/letrame.com\/catalogo\/#\/schema\/logo\/image\/","url":"https:\/\/letrame.com\/catalogo\/wp-content\/uploads\/2024\/03\/logo2.webp","contentUrl":"https:\/\/letrame.com\/catalogo\/wp-content\/uploads\/2024\/03\/logo2.webp","width":394,"height":128,"caption":"Catalogo | Letrame Grupo Editorial"},"image":{"@id":"https:\/\/letrame.com\/catalogo\/#\/schema\/logo\/image\/"}}]}},"_links":{"self":[{"href":"https:\/\/letrame.com\/catalogo\/wp-json\/wp\/v2\/product\/108106","targetHints":{"allow":["GET"]}}],"collection":[{"href":"https:\/\/letrame.com\/catalogo\/wp-json\/wp\/v2\/product"}],"about":[{"href":"https:\/\/letrame.com\/catalogo\/wp-json\/wp\/v2\/types\/product"}],"replies":[{"embeddable":true,"href":"https:\/\/letrame.com\/catalogo\/wp-json\/wp\/v2\/comments?post=108106"}],"acf:post":[{"embeddable":true,"href":"https:\/\/letrame.com\/catalogo\/wp-json\/wp\/v2\/author_book\/108108"}],"wp:featuredmedia":[{"embeddable":true,"href":"https:\/\/letrame.com\/catalogo\/wp-json\/wp\/v2\/media\/108110"}],"wp:attachment":[{"href":"https:\/\/letrame.com\/catalogo\/wp-json\/wp\/v2\/media?parent=108106"}],"wp:term":[{"taxonomy":"libro","embeddable":true,"href":"https:\/\/letrame.com\/catalogo\/wp-json\/wp\/v2\/libro?post=108106"},{"taxonomy":"product_brand","embeddable":true,"href":"https:\/\/letrame.com\/catalogo\/wp-json\/wp\/v2\/product_brand?post=108106"},{"taxonomy":"product_cat","embeddable":true,"href":"https:\/\/letrame.com\/catalogo\/wp-json\/wp\/v2\/product_cat?post=108106"},{"taxonomy":"product_tag","embeddable":true,"href":"https:\/\/letrame.com\/catalogo\/wp-json\/wp\/v2\/product_tag?post=108106"}],"curies":[{"name":"wp","href":"https:\/\/api.w.org\/{rel}","templated":true}]}}