{"id":108096,"date":"2025-03-06T14:18:50","date_gmt":"2025-03-06T13:18:50","guid":{"rendered":"https:\/\/letrame.com\/catalogo\/?post_type=product&#038;p=108096"},"modified":"2025-03-06T14:22:38","modified_gmt":"2025-03-06T13:22:38","slug":"dios-vive-en-la-ciudad","status":"publish","type":"product","link":"https:\/\/letrame.com\/catalogo\/producto\/dios-vive-en-la-ciudad\/","title":{"rendered":"Dios vive en la ciudad"},"content":{"rendered":"<p class=\"p1\"><b>ISBN: <\/b>978-84-1089-672-7<\/p>\n<p class=\"p1\"><b>T\u00edtulo: <\/b>Dios vive en la ciudad<b><\/b><\/p>\n<p><strong>Fecha<\/strong>: 2025<b><\/b><\/p>\n<p><strong>P\u00e1ginas<\/strong>: 462<b><\/b><\/p>\n<p class=\"p1\"><b>SINOPSIS<\/b><\/p>\n<p>Hoy asistimos a un resurgir de lo religioso, a una b\u00fasqueda imperiosa del ser humano de todo lo que sea trascendencia, hondura, o misterio. Esto nos exige, a los que sentimos la necesidad de anunciar el Evangelio, el estar muy atentos a esas sensibilidades y tener el coraje de anunciar adecuadamente la fe que hemos recibido para darla. El libro Dios vive en la ciudad de Antonio D\u00edaz Tortajada ofrece una profunda reflexi\u00f3n sobre la presencia de Dios en el entorno urbano, presentando un enfoque que va m\u00e1s all\u00e1 del espacio sagrado tradicional.<\/p>\n<p>Ante lo \u00absagrado\u00bb la postura v\u00e1lida es la \u00abadoraci\u00f3n\u00bb, hecha de asombro, de agradecimiento y de confianza. Dios no se escandaliza por nuestros gritos, los escucha y llora con nosotros. Como Padre-Madre se compadece de nosotros al mismo tiempo que no nos salva sin nosotros. Dios derrama dos l\u00e1grimas cuando muere un hombre. Esas l\u00e1grimas caen en el oc\u00e9ano y producen tal estruendo que se puede o\u00edr de un horizonte a otro. Cuando gritamos y lloramos Dios padece con nosotros, aunque nuestro grito no vaya expl\u00edcitamente dirigido a El. El amor es la clave para transformar el mal en bien. El amor es lo que da sentido al dolor y permite asumirlo. La evangelizaci\u00f3n de estos \u00abgritos\u00bb o \u00abdolencias\u00bb del hombre de hoy, como expresi\u00f3n de una \u00abreligiosidad popular\u00bb, exige una postura l\u00facida; intenta descubrir qu\u00e9 es lo que hay detr\u00e1s de las diversas \u00abexperiencias de lo religioso\u00bb, cu\u00e1les son las alegr\u00edas y las tristezas, las esperanzas y las expectativas, las b\u00fasquedas y las necesidades que existen en las distintas tradiciones, cu\u00e1les son las \u00absemillas del Verbo de Dios\u00bb, y qu\u00e9 acci\u00f3n realiza el Esp\u00edritu en el coraz\u00f3n del ser humano.<b><br \/>\n<\/b><\/p>\n","protected":false},"excerpt":{"rendered":"<p><b>ISBN: <\/b>978-84-1089-672-7<\/p>\n<p><b>SINOPSIS<\/b><\/p>\n<p>Hoy asistimos a un resurgir de lo religioso, a una b\u00fasqueda imperiosa del ser humano de todo lo que sea trascendencia, hondura, o misterio. Esto nos exige, a los que sentimos la necesidad de anunciar el Evangelio, el estar muy atentos a esas sensibilidades y tener el coraje de anunciar adecuadamente la fe que hemos recibido para darla. El libro Dios vive en la ciudad de Antonio D\u00edaz Tortajada ofrece una profunda reflexi\u00f3n sobre la presencia de Dios en el entorno urbano, presentando un enfoque que va m\u00e1s all\u00e1 del espacio sagrado tradicional.<\/p>\n","protected":false},"featured_media":108097,"comment_status":"open","ping_status":"closed","template":"","meta":{"_acf_changed":false},"libro":[],"product_brand":[],"product_cat":[25],"product_tag":[],"class_list":{"0":"post-108096","1":"product","2":"type-product","3":"status-publish","4":"has-post-thumbnail","6":"product_cat-religion-y-espiritualidad","8":"first","9":"instock","10":"shipping-taxable","11":"product-type-simple"},"acf":{"autor":[108098],"enlace_de_compra":""},"yoast_head":"<!-- This site is optimized with the Yoast SEO plugin v27.4 - https:\/\/yoast.com\/product\/yoast-seo-wordpress\/ -->\n<title>Dios vive en la ciudad - Catalogo | Letrame Grupo Editorial<\/title>\n<meta name=\"robots\" content=\"index, follow, max-snippet:-1, max-image-preview:large, max-video-preview:-1\" \/>\n<link rel=\"canonical\" href=\"https:\/\/letrame.com\/catalogo\/producto\/dios-vive-en-la-ciudad\/\" \/>\n<meta property=\"og:locale\" content=\"es_ES\" \/>\n<meta property=\"og:type\" content=\"article\" \/>\n<meta property=\"og:title\" content=\"Dios vive en la ciudad - Catalogo | Letrame Grupo Editorial\" \/>\n<meta property=\"og:description\" content=\"ISBN: 978-84-1089-672-7  SINOPSIS  Hoy asistimos a un resurgir de lo religioso, a una b\u00fasqueda imperiosa del ser humano de todo lo que sea trascendencia, hondura, o misterio. Esto nos exige, a los que sentimos la necesidad de anunciar el Evangelio, el estar muy atentos a esas sensibilidades y tener el coraje de anunciar adecuadamente la fe que hemos recibido para darla. El libro Dios vive en la ciudad de Antonio D\u00edaz Tortajada ofrece una profunda reflexi\u00f3n sobre la presencia de Dios en el entorno urbano, presentando un enfoque que va m\u00e1s all\u00e1 del espacio sagrado tradicional.\" \/>\n<meta property=\"og:url\" content=\"https:\/\/letrame.com\/catalogo\/producto\/dios-vive-en-la-ciudad\/\" \/>\n<meta property=\"og:site_name\" content=\"Catalogo | Letrame Grupo Editorial\" \/>\n<meta property=\"article:modified_time\" content=\"2025-03-06T13:22:38+00:00\" \/>\n<meta property=\"og:image\" content=\"https:\/\/letrame.com\/catalogo\/wp-content\/uploads\/2025\/03\/Dios-vive-en-la-ciudad.jpg\" \/>\n\t<meta property=\"og:image:width\" content=\"366\" \/>\n\t<meta property=\"og:image:height\" content=\"537\" \/>\n\t<meta property=\"og:image:type\" content=\"image\/jpeg\" \/>\n<meta name=\"twitter:card\" content=\"summary_large_image\" \/>\n<meta name=\"twitter:label1\" content=\"Tiempo de lectura\" \/>\n\t<meta name=\"twitter:data1\" content=\"2 minutos\" \/>\n<script type=\"application\/ld+json\" class=\"yoast-schema-graph\">{\"@context\":\"https:\\\/\\\/schema.org\",\"@graph\":[{\"@type\":\"WebPage\",\"@id\":\"https:\\\/\\\/letrame.com\\\/catalogo\\\/producto\\\/dios-vive-en-la-ciudad\\\/\",\"url\":\"https:\\\/\\\/letrame.com\\\/catalogo\\\/producto\\\/dios-vive-en-la-ciudad\\\/\",\"name\":\"Dios vive en la ciudad - Catalogo | Letrame Grupo Editorial\",\"isPartOf\":{\"@id\":\"https:\\\/\\\/letrame.com\\\/catalogo\\\/#website\"},\"primaryImageOfPage\":{\"@id\":\"https:\\\/\\\/letrame.com\\\/catalogo\\\/producto\\\/dios-vive-en-la-ciudad\\\/#primaryimage\"},\"image\":{\"@id\":\"https:\\\/\\\/letrame.com\\\/catalogo\\\/producto\\\/dios-vive-en-la-ciudad\\\/#primaryimage\"},\"thumbnailUrl\":\"https:\\\/\\\/letrame.com\\\/catalogo\\\/wp-content\\\/uploads\\\/2025\\\/03\\\/Dios-vive-en-la-ciudad.jpg\",\"datePublished\":\"2025-03-06T13:18:50+00:00\",\"dateModified\":\"2025-03-06T13:22:38+00:00\",\"breadcrumb\":{\"@id\":\"https:\\\/\\\/letrame.com\\\/catalogo\\\/producto\\\/dios-vive-en-la-ciudad\\\/#breadcrumb\"},\"inLanguage\":\"es\",\"potentialAction\":[{\"@type\":\"ReadAction\",\"target\":[\"https:\\\/\\\/letrame.com\\\/catalogo\\\/producto\\\/dios-vive-en-la-ciudad\\\/\"]}]},{\"@type\":\"ImageObject\",\"inLanguage\":\"es\",\"@id\":\"https:\\\/\\\/letrame.com\\\/catalogo\\\/producto\\\/dios-vive-en-la-ciudad\\\/#primaryimage\",\"url\":\"https:\\\/\\\/letrame.com\\\/catalogo\\\/wp-content\\\/uploads\\\/2025\\\/03\\\/Dios-vive-en-la-ciudad.jpg\",\"contentUrl\":\"https:\\\/\\\/letrame.com\\\/catalogo\\\/wp-content\\\/uploads\\\/2025\\\/03\\\/Dios-vive-en-la-ciudad.jpg\",\"width\":366,\"height\":537,\"caption\":\"Dios vive en la ciudad\"},{\"@type\":\"BreadcrumbList\",\"@id\":\"https:\\\/\\\/letrame.com\\\/catalogo\\\/producto\\\/dios-vive-en-la-ciudad\\\/#breadcrumb\",\"itemListElement\":[{\"@type\":\"ListItem\",\"position\":1,\"name\":\"Portada\",\"item\":\"https:\\\/\\\/letrame.com\\\/catalogo\\\/\"},{\"@type\":\"ListItem\",\"position\":2,\"name\":\"Cat\u00e1logo\",\"item\":\"https:\\\/\\\/letrame.com\\\/catalogo\\\/\"},{\"@type\":\"ListItem\",\"position\":3,\"name\":\"Dios vive en la ciudad\"}]},{\"@type\":\"WebSite\",\"@id\":\"https:\\\/\\\/letrame.com\\\/catalogo\\\/#website\",\"url\":\"https:\\\/\\\/letrame.com\\\/catalogo\\\/\",\"name\":\"Catalogo | Letrame Grupo Editorial\",\"description\":\"\",\"publisher\":{\"@id\":\"https:\\\/\\\/letrame.com\\\/catalogo\\\/#organization\"},\"potentialAction\":[{\"@type\":\"SearchAction\",\"target\":{\"@type\":\"EntryPoint\",\"urlTemplate\":\"https:\\\/\\\/letrame.com\\\/catalogo\\\/?s={search_term_string}\"},\"query-input\":{\"@type\":\"PropertyValueSpecification\",\"valueRequired\":true,\"valueName\":\"search_term_string\"}}],\"inLanguage\":\"es\"},{\"@type\":\"Organization\",\"@id\":\"https:\\\/\\\/letrame.com\\\/catalogo\\\/#organization\",\"name\":\"Catalogo | Letrame Grupo Editorial\",\"url\":\"https:\\\/\\\/letrame.com\\\/catalogo\\\/\",\"logo\":{\"@type\":\"ImageObject\",\"inLanguage\":\"es\",\"@id\":\"https:\\\/\\\/letrame.com\\\/catalogo\\\/#\\\/schema\\\/logo\\\/image\\\/\",\"url\":\"https:\\\/\\\/letrame.com\\\/catalogo\\\/wp-content\\\/uploads\\\/2024\\\/03\\\/logo2.webp\",\"contentUrl\":\"https:\\\/\\\/letrame.com\\\/catalogo\\\/wp-content\\\/uploads\\\/2024\\\/03\\\/logo2.webp\",\"width\":394,\"height\":128,\"caption\":\"Catalogo | Letrame Grupo Editorial\"},\"image\":{\"@id\":\"https:\\\/\\\/letrame.com\\\/catalogo\\\/#\\\/schema\\\/logo\\\/image\\\/\"}}]}<\/script>\n<!-- \/ Yoast SEO plugin. -->","yoast_head_json":{"title":"Dios vive en la ciudad - Catalogo | Letrame Grupo Editorial","robots":{"index":"index","follow":"follow","max-snippet":"max-snippet:-1","max-image-preview":"max-image-preview:large","max-video-preview":"max-video-preview:-1"},"canonical":"https:\/\/letrame.com\/catalogo\/producto\/dios-vive-en-la-ciudad\/","og_locale":"es_ES","og_type":"article","og_title":"Dios vive en la ciudad - Catalogo | Letrame Grupo Editorial","og_description":"ISBN: 978-84-1089-672-7  SINOPSIS  Hoy asistimos a un resurgir de lo religioso, a una b\u00fasqueda imperiosa del ser humano de todo lo que sea trascendencia, hondura, o misterio. Esto nos exige, a los que sentimos la necesidad de anunciar el Evangelio, el estar muy atentos a esas sensibilidades y tener el coraje de anunciar adecuadamente la fe que hemos recibido para darla. El libro Dios vive en la ciudad de Antonio D\u00edaz Tortajada ofrece una profunda reflexi\u00f3n sobre la presencia de Dios en el entorno urbano, presentando un enfoque que va m\u00e1s all\u00e1 del espacio sagrado tradicional.","og_url":"https:\/\/letrame.com\/catalogo\/producto\/dios-vive-en-la-ciudad\/","og_site_name":"Catalogo | Letrame Grupo Editorial","article_modified_time":"2025-03-06T13:22:38+00:00","og_image":[{"width":366,"height":537,"url":"https:\/\/letrame.com\/catalogo\/wp-content\/uploads\/2025\/03\/Dios-vive-en-la-ciudad.jpg","type":"image\/jpeg"}],"twitter_card":"summary_large_image","twitter_misc":{"Tiempo de lectura":"2 minutos"},"schema":{"@context":"https:\/\/schema.org","@graph":[{"@type":"WebPage","@id":"https:\/\/letrame.com\/catalogo\/producto\/dios-vive-en-la-ciudad\/","url":"https:\/\/letrame.com\/catalogo\/producto\/dios-vive-en-la-ciudad\/","name":"Dios vive en la ciudad - Catalogo | Letrame Grupo Editorial","isPartOf":{"@id":"https:\/\/letrame.com\/catalogo\/#website"},"primaryImageOfPage":{"@id":"https:\/\/letrame.com\/catalogo\/producto\/dios-vive-en-la-ciudad\/#primaryimage"},"image":{"@id":"https:\/\/letrame.com\/catalogo\/producto\/dios-vive-en-la-ciudad\/#primaryimage"},"thumbnailUrl":"https:\/\/letrame.com\/catalogo\/wp-content\/uploads\/2025\/03\/Dios-vive-en-la-ciudad.jpg","datePublished":"2025-03-06T13:18:50+00:00","dateModified":"2025-03-06T13:22:38+00:00","breadcrumb":{"@id":"https:\/\/letrame.com\/catalogo\/producto\/dios-vive-en-la-ciudad\/#breadcrumb"},"inLanguage":"es","potentialAction":[{"@type":"ReadAction","target":["https:\/\/letrame.com\/catalogo\/producto\/dios-vive-en-la-ciudad\/"]}]},{"@type":"ImageObject","inLanguage":"es","@id":"https:\/\/letrame.com\/catalogo\/producto\/dios-vive-en-la-ciudad\/#primaryimage","url":"https:\/\/letrame.com\/catalogo\/wp-content\/uploads\/2025\/03\/Dios-vive-en-la-ciudad.jpg","contentUrl":"https:\/\/letrame.com\/catalogo\/wp-content\/uploads\/2025\/03\/Dios-vive-en-la-ciudad.jpg","width":366,"height":537,"caption":"Dios vive en la ciudad"},{"@type":"BreadcrumbList","@id":"https:\/\/letrame.com\/catalogo\/producto\/dios-vive-en-la-ciudad\/#breadcrumb","itemListElement":[{"@type":"ListItem","position":1,"name":"Portada","item":"https:\/\/letrame.com\/catalogo\/"},{"@type":"ListItem","position":2,"name":"Cat\u00e1logo","item":"https:\/\/letrame.com\/catalogo\/"},{"@type":"ListItem","position":3,"name":"Dios vive en la ciudad"}]},{"@type":"WebSite","@id":"https:\/\/letrame.com\/catalogo\/#website","url":"https:\/\/letrame.com\/catalogo\/","name":"Catalogo | Letrame Grupo Editorial","description":"","publisher":{"@id":"https:\/\/letrame.com\/catalogo\/#organization"},"potentialAction":[{"@type":"SearchAction","target":{"@type":"EntryPoint","urlTemplate":"https:\/\/letrame.com\/catalogo\/?s={search_term_string}"},"query-input":{"@type":"PropertyValueSpecification","valueRequired":true,"valueName":"search_term_string"}}],"inLanguage":"es"},{"@type":"Organization","@id":"https:\/\/letrame.com\/catalogo\/#organization","name":"Catalogo | Letrame Grupo Editorial","url":"https:\/\/letrame.com\/catalogo\/","logo":{"@type":"ImageObject","inLanguage":"es","@id":"https:\/\/letrame.com\/catalogo\/#\/schema\/logo\/image\/","url":"https:\/\/letrame.com\/catalogo\/wp-content\/uploads\/2024\/03\/logo2.webp","contentUrl":"https:\/\/letrame.com\/catalogo\/wp-content\/uploads\/2024\/03\/logo2.webp","width":394,"height":128,"caption":"Catalogo | Letrame Grupo Editorial"},"image":{"@id":"https:\/\/letrame.com\/catalogo\/#\/schema\/logo\/image\/"}}]}},"_links":{"self":[{"href":"https:\/\/letrame.com\/catalogo\/wp-json\/wp\/v2\/product\/108096","targetHints":{"allow":["GET"]}}],"collection":[{"href":"https:\/\/letrame.com\/catalogo\/wp-json\/wp\/v2\/product"}],"about":[{"href":"https:\/\/letrame.com\/catalogo\/wp-json\/wp\/v2\/types\/product"}],"replies":[{"embeddable":true,"href":"https:\/\/letrame.com\/catalogo\/wp-json\/wp\/v2\/comments?post=108096"}],"acf:post":[{"embeddable":true,"href":"https:\/\/letrame.com\/catalogo\/wp-json\/wp\/v2\/author_book\/108098"}],"wp:featuredmedia":[{"embeddable":true,"href":"https:\/\/letrame.com\/catalogo\/wp-json\/wp\/v2\/media\/108097"}],"wp:attachment":[{"href":"https:\/\/letrame.com\/catalogo\/wp-json\/wp\/v2\/media?parent=108096"}],"wp:term":[{"taxonomy":"libro","embeddable":true,"href":"https:\/\/letrame.com\/catalogo\/wp-json\/wp\/v2\/libro?post=108096"},{"taxonomy":"product_brand","embeddable":true,"href":"https:\/\/letrame.com\/catalogo\/wp-json\/wp\/v2\/product_brand?post=108096"},{"taxonomy":"product_cat","embeddable":true,"href":"https:\/\/letrame.com\/catalogo\/wp-json\/wp\/v2\/product_cat?post=108096"},{"taxonomy":"product_tag","embeddable":true,"href":"https:\/\/letrame.com\/catalogo\/wp-json\/wp\/v2\/product_tag?post=108096"}],"curies":[{"name":"wp","href":"https:\/\/api.w.org\/{rel}","templated":true}]}}